{"id":9092,"date":"2025-04-25T11:01:34","date_gmt":"2025-04-25T04:01:34","guid":{"rendered":"https:\/\/vuletech.com\/product\/kr-scara-robot\/"},"modified":"2025-04-25T11:01:34","modified_gmt":"2025-04-25T04:01:34","slug":"kr-scara-robot","status":"publish","type":"product","link":"http:\/\/vuletech.com\/en\/product\/kr-scara-robot\/","title":{"rendered":"KR Scara Robot"},"content":{"rendered":"<div class=\"wpb-content-wrapper\"><p>[vc_row][vc_column][vc_custom_heading text=&#8221;KR Scara Robot&#8221; use_theme_fonts=&#8221;yes&#8221;]<div class=\"wt-separator-outer \">\n                                    <div class=\"wt-separator style-square\">\n                                        <span class=\"separator-left bg-primary\"><\/span>\n                                        <span class=\"separator-right bg-primary\"><\/span>\n                                    <\/div>\n                                <\/div>\n[\/vc_column][\/vc_row][vc_row][vc_column width=&#8221;1\/2&#8243;][vc_single_image image=&#8221;1195&#8243; img_size=&#8221;full&#8221; alignment=&#8221;center&#8221;][\/vc_column][vc_column width=&#8221;1\/2&#8243;][vc_column_text]<\/p>\n<table width=\"416\" data-tablesaw-mode=\"swipe\" data-tablesaw-minimap=\"\">\n<tbody>\n<tr>\n<td width=\"188\">D\u00f2ng robot\/ t\u00ednh n\u0103ng<\/td>\n<td width=\"113\">KR 6 R500 Z200<\/td>\n<td width=\"115\">KR 6 R700 Z200<\/td>\n<\/tr>\n<tr>\n<td width=\"188\">T\u1ea3i tr\u1ecdng<\/td>\n<td width=\"113\">6\u00a0kg<\/td>\n<td width=\"115\">6\u00a0kg<\/td>\n<\/tr>\n<tr>\n<td width=\"188\">T\u1ea7m v\u1edbi t\u1ed1i \u0111a<\/td>\n<td width=\"113\">500\u00a0mm<\/td>\n<td width=\"115\">700\u00a0mm<\/td>\n<\/tr>\n<tr>\n<td width=\"188\">Lo\u1ea1i<\/td>\n<td width=\"113\">Ti\u00eau chu\u1ea9n<\/td>\n<td width=\"115\">Ti\u00eau chu\u1ea9n<\/td>\n<\/tr>\n<tr>\n<td width=\"188\">M\u00f4i tr\u01b0\u1eddng<\/td>\n<td width=\"113\">Ti\u00eau chu\u1ea9n<\/td>\n<td width=\"115\">Ti\u00eau chu\u1ea9n<\/td>\n<\/tr>\n<tr>\n<td width=\"188\">V\u1ecb tr\u00ed l\u1eafp \u0111\u1eb7t<\/td>\n<td width=\"113\">S\u00e0n nh\u00e0<\/td>\n<td width=\"115\">S\u00e0n nh\u00e0<\/td>\n<\/tr>\n<tr>\n<td width=\"188\">Ch\u1ec9 s\u1ed1 b\u1ea3o v\u1ec7 IP<\/td>\n<td width=\"113\">IP 20<\/td>\n<td width=\"115\">IP 20<\/td>\n<\/tr>\n<\/tbody>\n<\/table>\n<p>[\/vc_column_text][\/vc_column][\/vc_row][vc_row][vc_column][vc_custom_heading text=&#8221;\u01afu \u0111i\u1ec3m c\u1ee7a Scara Robot&#8221; use_theme_fonts=&#8221;yes&#8221;]<div class=\"wt-separator-outer \">\n                                    <div class=\"wt-separator style-square\">\n                                        <span class=\"separator-left bg-primary\"><\/span>\n                                        <span class=\"separator-right bg-primary\"><\/span>\n                                    <\/div>\n                                <\/div>\n[\/vc_column][\/vc_row][vc_row][vc_column width=&#8221;1\/2&#8243;][vc_column_text]<\/p>\n<ol>\n<li><strong>Hi\u1ec7u su\u1ea5t cao v\u1edbi chi ph\u00ed v\u1eeba ph\u1ea3i<\/strong><\/li>\n<\/ol>\n<p>Kh\u1ea3 n\u0103ng ch\u1ecbu t\u1ea3i 6 kg, \u0111\u1ed9 ch\u00ednh x\u00e1c cao, th\u1eddi gian chu k\u1ef3 ng\u1eafn v\u00e0 tr\u1ecdng l\u01b0\u1ee3ng th\u1ea5p v\u1edbi gi\u00e1 th\u1ea5p.<\/p>\n<ol start=\"2\">\n<li><strong>\u1ee8ng d\u1ee5ng \u0111a d\u1ea1ng<\/strong><\/li>\n<\/ol>\n<p>KR Scara Robot c\u00f3 th\u1ec3 \u0111\u01b0\u1ee3c \u1ee9ng d\u1ee5ng trong c\u00e1c d\u00e2y chuy\u1ec1n gh\u00e9p n\u1ed1i ho\u1eb7c s\u1eafp x\u1ebfp.[\/vc_column_text][\/vc_column][vc_column width=&#8221;1\/2&#8243;][vc_column_text]<strong>3. Ch\u1ec9 s\u1ed1 an to\u00e0n IP:\u00a0<\/strong><\/p>\n<p>C\u00f3 th\u1ec3 l\u00e0m vi\u1ec7c trong m\u00f4i tr\u01b0\u1eddng t\u1eeb 5 \u00b0 \u0111\u1ebfn 40 \u00b0 C, Ch\u1ec9 s\u1ed1 an to\u00e0n b\u1ea3o v\u1ec7 IP 20<\/p>\n<p><strong>4. T\u00edch h\u1ee3p d\u1ec5 d\u00e0ng v\u00e0 nhanh ch\u00f3ng<\/strong><\/p>\n<p>L\u1eafp \u0111\u1eb7t nhanh ch\u00f3ng, h\u1ec7 \u0111i\u1ec1u h\u00e0nh d\u1ec5 s\u1eed d\u1ee5ng<\/p>\n<p><strong>5. Ch\u1ea5t l\u01b0\u1ee3ng \u0111\u01b0\u1ee3c ch\u1ee9ng nh\u1eadn<\/strong><\/p>\n<p>\u0110\u01b0\u1ee3c ch\u1ee9ng nh\u1eadn qu\u1ed1c t\u1ebf theo ti\u00eau chu\u1ea9n EU[\/vc_column_text][\/vc_column][\/vc_row][vc_row][vc_column][vc_tta_tabs][vc_tta_section title=&#8221;T\u00e0i li\u1ec7u&#8221; tab_id=&#8221;1600242713865-8f7c1bca-47cf&#8221;][vc_column_text]<\/p>\n<table width=\"301\" data-tablesaw-mode=\"swipe\" data-tablesaw-minimap=\"\">\n<tbody>\n<tr>\n<td width=\"188\">Scara Robot<\/td>\n<td width=\"113\"><a href=\"http:\/\/vuletech.southteam.vn\/wp-content\/uploads\/2020\/09\/KR_SCARA_2_pager_EN.pdf\">KR_SCARA_2_pager_EN<\/a><\/td>\n<\/tr>\n<\/tbody>\n<\/table>\n<p>[\/vc_column_text][\/vc_tta_section][\/vc_tta_tabs][\/vc_column][\/vc_row]<\/p>\n<\/div>","protected":false},"excerpt":{"rendered":"<p>[vc_row][vc_column][vc_custom_heading text=&#8221;KR Scara Robot&#8221; use_theme_fonts=&#8221;yes&#8221;][\/vc_column][\/vc_row][vc_row][vc_column width=&#8221;1\/2&#8243;][vc_single_image image=&#8221;1195&#8243; img_size=&#8221;full&#8221; alignment=&#8221;center&#8221;][\/vc_column][vc_column width=&#8221;1\/2&#8243;][vc_column_text] D\u00f2ng robot\/ t\u00ednh n\u0103ng KR 6 R500 Z200 KR 6 R700 Z200 T\u1ea3i tr\u1ecdng 6\u00a0kg 6\u00a0kg T\u1ea7m v\u1edbi t\u1ed1i \u0111a 500\u00a0mm 700\u00a0mm Lo\u1ea1i Ti\u00eau chu\u1ea9n Ti\u00eau chu\u1ea9n M\u00f4i tr\u01b0\u1eddng Ti\u00eau chu\u1ea9n Ti\u00eau chu\u1ea9n V\u1ecb tr\u00ed l\u1eafp \u0111\u1eb7t S\u00e0n nh\u00e0 S\u00e0n nh\u00e0 Ch\u1ec9 s\u1ed1 b\u1ea3o v\u1ec7<\/p>\n","protected":false},"featured_media":1195,"comment_status":"closed","ping_status":"open","template":"","meta":[],"product_brand":[],"product_cat":[731],"product_tag":[],"class_list":{"0":"post-9092","1":"product","2":"type-product","3":"status-publish","4":"has-post-thumbnail","6":"product_cat-roboticindustrial-robotroboticscara-robot","8":"first","9":"instock","10":"product-type-simple"},"acf":[],"yoast_head":"<!-- This site is optimized with the Yoast SEO plugin v25.1 - https:\/\/yoast.com\/wordpress\/plugins\/seo\/ -->\n<title>KR Scara Robot - V\u0169 L\u00ea Tech<\/title>\n<meta name=\"robots\" content=\"index, follow, max-snippet:-1, max-image-preview:large, max-video-preview:-1\" \/>\n<link rel=\"canonical\" href=\"http:\/\/vuletech.com\/product\/kr-scara-robot\/\" \/>\n<meta property=\"og:locale\" content=\"en_US\" \/>\n<meta property=\"og:type\" content=\"article\" \/>\n<meta property=\"og:title\" content=\"KR Scara Robot - V\u0169 L\u00ea Tech\" \/>\n<meta property=\"og:description\" content=\"[vc_row][vc_column][vc_custom_heading text=&#8221;KR Scara Robot&#8221; use_theme_fonts=&#8221;yes&#8221;][\/vc_column][\/vc_row][vc_row][vc_column width=&#8221;1\/2&#8243;][vc_single_image image=&#8221;1195&#8243; img_size=&#8221;full&#8221; alignment=&#8221;center&#8221;][\/vc_column][vc_column width=&#8221;1\/2&#8243;][vc_column_text] D\u00f2ng robot\/ t\u00ednh n\u0103ng KR 6 R500 Z200 KR 6 R700 Z200 T\u1ea3i tr\u1ecdng 6\u00a0kg 6\u00a0kg T\u1ea7m v\u1edbi t\u1ed1i \u0111a 500\u00a0mm 700\u00a0mm Lo\u1ea1i Ti\u00eau chu\u1ea9n Ti\u00eau chu\u1ea9n M\u00f4i tr\u01b0\u1eddng Ti\u00eau chu\u1ea9n Ti\u00eau chu\u1ea9n V\u1ecb tr\u00ed l\u1eafp \u0111\u1eb7t S\u00e0n nh\u00e0 S\u00e0n nh\u00e0 Ch\u1ec9 s\u1ed1 b\u1ea3o v\u1ec7\" \/>\n<meta property=\"og:url\" content=\"http:\/\/vuletech.com\/product\/kr-scara-robot\/\" \/>\n<meta property=\"og:site_name\" content=\"V\u0169 L\u00ea Tech\" \/>\n<meta property=\"og:image\" content=\"http:\/\/vuletech.com\/wp-content\/uploads\/2020\/09\/KR_Scara-Image-Profile.jpg\" \/>\n\t<meta property=\"og:image:width\" content=\"767\" \/>\n\t<meta property=\"og:image:height\" content=\"431\" \/>\n\t<meta property=\"og:image:type\" content=\"image\/jpeg\" \/>\n<meta name=\"twitter:card\" content=\"summary_large_image\" \/>\n<meta name=\"twitter:label1\" content=\"Est. reading time\" \/>\n\t<meta name=\"twitter:data1\" content=\"2 minutes\" \/>\n<script type=\"application\/ld+json\" class=\"yoast-schema-graph\">{\"@context\":\"https:\/\/schema.org\",\"@graph\":[{\"@type\":\"WebPage\",\"@id\":\"http:\/\/vuletech.com\/product\/kr-scara-robot\/\",\"url\":\"http:\/\/vuletech.com\/product\/kr-scara-robot\/\",\"name\":\"KR Scara Robot - V\u0169 L\u00ea Tech\",\"isPartOf\":{\"@id\":\"https:\/\/vuletech.com\/#website\"},\"primaryImageOfPage\":{\"@id\":\"http:\/\/vuletech.com\/product\/kr-scara-robot\/#primaryimage\"},\"image\":{\"@id\":\"http:\/\/vuletech.com\/product\/kr-scara-robot\/#primaryimage\"},\"thumbnailUrl\":\"http:\/\/vuletech.com\/wp-content\/uploads\/2020\/09\/KR_Scara-Image-Profile.jpg\",\"datePublished\":\"2025-04-25T04:01:34+00:00\",\"breadcrumb\":{\"@id\":\"http:\/\/vuletech.com\/product\/kr-scara-robot\/#breadcrumb\"},\"inLanguage\":\"en-US\",\"potentialAction\":[{\"@type\":\"ReadAction\",\"target\":[\"http:\/\/vuletech.com\/product\/kr-scara-robot\/\"]}]},{\"@type\":\"ImageObject\",\"inLanguage\":\"en-US\",\"@id\":\"http:\/\/vuletech.com\/product\/kr-scara-robot\/#primaryimage\",\"url\":\"http:\/\/vuletech.com\/wp-content\/uploads\/2020\/09\/KR_Scara-Image-Profile.jpg\",\"contentUrl\":\"http:\/\/vuletech.com\/wp-content\/uploads\/2020\/09\/KR_Scara-Image-Profile.jpg\",\"width\":767,\"height\":431,\"caption\":\"T\u1ea3i tr\u1ecdng: 6kg T\u1ea7m v\u1edbi: 500-700mm\"},{\"@type\":\"BreadcrumbList\",\"@id\":\"http:\/\/vuletech.com\/product\/kr-scara-robot\/#breadcrumb\",\"itemListElement\":[{\"@type\":\"ListItem\",\"position\":1,\"name\":\"Home\",\"item\":\"http:\/\/vuletech.com\/en\/\"},{\"@type\":\"ListItem\",\"position\":2,\"name\":\"Product\",\"item\":\"https:\/\/vuletech.com\/product\/\"},{\"@type\":\"ListItem\",\"position\":3,\"name\":\"KR Scara Robot\"}]},{\"@type\":\"WebSite\",\"@id\":\"https:\/\/vuletech.com\/#website\",\"url\":\"https:\/\/vuletech.com\/\",\"name\":\"V\u0169 L\u00ea Tech\",\"description\":\"Our Solution - Your Value\",\"potentialAction\":[{\"@type\":\"SearchAction\",\"target\":{\"@type\":\"EntryPoint\",\"urlTemplate\":\"https:\/\/vuletech.com\/?s={search_term_string}\"},\"query-input\":{\"@type\":\"PropertyValueSpecification\",\"valueRequired\":true,\"valueName\":\"search_term_string\"}}],\"inLanguage\":\"en-US\"}]}<\/script>\n<!-- \/ Yoast SEO plugin. -->","yoast_head_json":{"title":"KR Scara Robot - V\u0169 L\u00ea Tech","robots":{"index":"index","follow":"follow","max-snippet":"max-snippet:-1","max-image-preview":"max-image-preview:large","max-video-preview":"max-video-preview:-1"},"canonical":"http:\/\/vuletech.com\/product\/kr-scara-robot\/","og_locale":"en_US","og_type":"article","og_title":"KR Scara Robot - V\u0169 L\u00ea Tech","og_description":"[vc_row][vc_column][vc_custom_heading text=&#8221;KR Scara Robot&#8221; use_theme_fonts=&#8221;yes&#8221;][\/vc_column][\/vc_row][vc_row][vc_column width=&#8221;1\/2&#8243;][vc_single_image image=&#8221;1195&#8243; img_size=&#8221;full&#8221; alignment=&#8221;center&#8221;][\/vc_column][vc_column width=&#8221;1\/2&#8243;][vc_column_text] D\u00f2ng robot\/ t\u00ednh n\u0103ng KR 6 R500 Z200 KR 6 R700 Z200 T\u1ea3i tr\u1ecdng 6\u00a0kg 6\u00a0kg T\u1ea7m v\u1edbi t\u1ed1i \u0111a 500\u00a0mm 700\u00a0mm Lo\u1ea1i Ti\u00eau chu\u1ea9n Ti\u00eau chu\u1ea9n M\u00f4i tr\u01b0\u1eddng Ti\u00eau chu\u1ea9n Ti\u00eau chu\u1ea9n V\u1ecb tr\u00ed l\u1eafp \u0111\u1eb7t S\u00e0n nh\u00e0 S\u00e0n nh\u00e0 Ch\u1ec9 s\u1ed1 b\u1ea3o v\u1ec7","og_url":"http:\/\/vuletech.com\/product\/kr-scara-robot\/","og_site_name":"V\u0169 L\u00ea Tech","og_image":[{"width":767,"height":431,"url":"http:\/\/vuletech.com\/wp-content\/uploads\/2020\/09\/KR_Scara-Image-Profile.jpg","type":"image\/jpeg"}],"twitter_card":"summary_large_image","twitter_misc":{"Est. reading time":"2 minutes"},"schema":{"@context":"https:\/\/schema.org","@graph":[{"@type":"WebPage","@id":"http:\/\/vuletech.com\/product\/kr-scara-robot\/","url":"http:\/\/vuletech.com\/product\/kr-scara-robot\/","name":"KR Scara Robot - V\u0169 L\u00ea Tech","isPartOf":{"@id":"https:\/\/vuletech.com\/#website"},"primaryImageOfPage":{"@id":"http:\/\/vuletech.com\/product\/kr-scara-robot\/#primaryimage"},"image":{"@id":"http:\/\/vuletech.com\/product\/kr-scara-robot\/#primaryimage"},"thumbnailUrl":"http:\/\/vuletech.com\/wp-content\/uploads\/2020\/09\/KR_Scara-Image-Profile.jpg","datePublished":"2025-04-25T04:01:34+00:00","breadcrumb":{"@id":"http:\/\/vuletech.com\/product\/kr-scara-robot\/#breadcrumb"},"inLanguage":"en-US","potentialAction":[{"@type":"ReadAction","target":["http:\/\/vuletech.com\/product\/kr-scara-robot\/"]}]},{"@type":"ImageObject","inLanguage":"en-US","@id":"http:\/\/vuletech.com\/product\/kr-scara-robot\/#primaryimage","url":"http:\/\/vuletech.com\/wp-content\/uploads\/2020\/09\/KR_Scara-Image-Profile.jpg","contentUrl":"http:\/\/vuletech.com\/wp-content\/uploads\/2020\/09\/KR_Scara-Image-Profile.jpg","width":767,"height":431,"caption":"T\u1ea3i tr\u1ecdng: 6kg T\u1ea7m v\u1edbi: 500-700mm"},{"@type":"BreadcrumbList","@id":"http:\/\/vuletech.com\/product\/kr-scara-robot\/#breadcrumb","itemListElement":[{"@type":"ListItem","position":1,"name":"Home","item":"http:\/\/vuletech.com\/en\/"},{"@type":"ListItem","position":2,"name":"Product","item":"https:\/\/vuletech.com\/product\/"},{"@type":"ListItem","position":3,"name":"KR Scara Robot"}]},{"@type":"WebSite","@id":"https:\/\/vuletech.com\/#website","url":"https:\/\/vuletech.com\/","name":"V\u0169 L\u00ea Tech","description":"Our Solution - Your Value","potentialAction":[{"@type":"SearchAction","target":{"@type":"EntryPoint","urlTemplate":"https:\/\/vuletech.com\/?s={search_term_string}"},"query-input":{"@type":"PropertyValueSpecification","valueRequired":true,"valueName":"search_term_string"}}],"inLanguage":"en-US"}]}},"_links":{"self":[{"href":"http:\/\/vuletech.com\/en\/wp-json\/wp\/v2\/product\/9092","targetHints":{"allow":["GET"]}}],"collection":[{"href":"http:\/\/vuletech.com\/en\/wp-json\/wp\/v2\/product"}],"about":[{"href":"http:\/\/vuletech.com\/en\/wp-json\/wp\/v2\/types\/product"}],"replies":[{"embeddable":true,"href":"http:\/\/vuletech.com\/en\/wp-json\/wp\/v2\/comments?post=9092"}],"wp:featuredmedia":[{"embeddable":true,"href":"http:\/\/vuletech.com\/en\/wp-json\/wp\/v2\/media\/1195"}],"wp:attachment":[{"href":"http:\/\/vuletech.com\/en\/wp-json\/wp\/v2\/media?parent=9092"}],"wp:term":[{"taxonomy":"product_brand","embeddable":true,"href":"http:\/\/vuletech.com\/en\/wp-json\/wp\/v2\/product_brand?post=9092"},{"taxonomy":"product_cat","embeddable":true,"href":"http:\/\/vuletech.com\/en\/wp-json\/wp\/v2\/product_cat?post=9092"},{"taxonomy":"product_tag","embeddable":true,"href":"http:\/\/vuletech.com\/en\/wp-json\/wp\/v2\/product_tag?post=9092"}],"curies":[{"name":"wp","href":"https:\/\/api.w.org\/{rel}","templated":true}]}}