{"id":9093,"date":"2025-04-25T11:01:34","date_gmt":"2025-04-25T04:01:34","guid":{"rendered":"https:\/\/vuletech.com\/product\/kr-3-agilus\/"},"modified":"2025-04-25T11:01:35","modified_gmt":"2025-04-25T04:01:35","slug":"kr-3-agilus","status":"publish","type":"product","link":"http:\/\/vuletech.com\/en\/product\/kr-3-agilus\/","title":{"rendered":"KR 3 Agilus"},"content":{"rendered":"<div class=\"wpb-content-wrapper\"><p>[vc_row][vc_column][vc_custom_heading text=&#8221;KR 3 Agilus&#8221; use_theme_fonts=&#8221;yes&#8221;]<div class=\"wt-separator-outer \">\n                                    <div class=\"wt-separator style-square\">\n                                        <span class=\"separator-left bg-primary\"><\/span>\n                                        <span class=\"separator-right bg-primary\"><\/span>\n                                    <\/div>\n                                <\/div>\n[\/vc_column][\/vc_row][vc_row][vc_column width=&#8221;1\/2&#8243;][vc_column_text]<\/p>\n<table width=\"366\" data-tablesaw-mode=\"swipe\" data-tablesaw-minimap=\"\">\n<tbody>\n<tr>\n<td width=\"163\">D\u00f2ng Robot \/ T\u00ednh n\u0103ng<\/td>\n<td width=\"203\">KR 3 R540<\/td>\n<\/tr>\n<tr>\n<td width=\"163\">T\u1ea3i tr\u1ecdng<\/td>\n<td width=\"203\">3\u00a0kg<\/td>\n<\/tr>\n<tr>\n<td width=\"163\">T\u1ea7m v\u1edbi t\u1ed1i \u0111a<\/td>\n<td width=\"203\">541\u00a0mm<\/td>\n<\/tr>\n<tr>\n<td width=\"163\">Lo\u1ea1i<\/td>\n<td width=\"203\">Ti\u00eau chu\u1ea9n<\/td>\n<\/tr>\n<tr>\n<td width=\"163\">M\u00f4i tr\u01b0\u1eddng<\/td>\n<td width=\"203\">Ti\u00eau chu\u1ea9n<\/td>\n<\/tr>\n<tr>\n<td rowspan=\"3\" width=\"163\">V\u1ecb tr\u00ed l\u1eafp \u0111\u1eb7t<\/td>\n<td width=\"203\">Tr\u1ea7n nh\u00e0<\/td>\n<\/tr>\n<tr>\n<td width=\"203\">S\u00e0n nh\u00e0<\/td>\n<\/tr>\n<tr>\n<td width=\"203\">T\u01b0\u1eddng<\/td>\n<\/tr>\n<tr>\n<td width=\"163\">Ch\u1ec9 s\u1ed1 b\u1ea3o v\u1ec7 IP<\/td>\n<td width=\"203\">IP 40<\/td>\n<\/tr>\n<\/tbody>\n<\/table>\n<p>[\/vc_column_text][\/vc_column][vc_column width=&#8221;1\/2&#8243;][vc_video link=&#8221;https:\/\/www.youtube.com\/watch?v=z14mhlsndxc&amp;feature=emb_title&#8221;][\/vc_column][\/vc_row][vc_row][vc_column][vc_custom_heading text=&#8221;\u01afu \u0111i\u1ec3m c\u1ee7a KR 3 Agilus&#8221; use_theme_fonts=&#8221;yes&#8221;]<div class=\"wt-separator-outer \">\n                                    <div class=\"wt-separator style-square\">\n                                        <span class=\"separator-left bg-primary\"><\/span>\n                                        <span class=\"separator-right bg-primary\"><\/span>\n                                    <\/div>\n                                <\/div>\n[vc_row_inner][vc_column_inner width=&#8221;1\/2&#8243;][vc_column_text]<strong>1. \u0110\u1ea1t hi\u1ec7u su\u1ea5t cao trong kh\u00f4ng gian nh\u1ecf v\u00e0 h\u1eb9p<\/strong><\/p>\n<p>KR 3 AGILUS c\u00f3 k\u00edch th\u01b0\u1edbc nh\u1ecf g\u1ecdn gi\u00fap\u00a0 ti\u1ebft ki\u1ec7m kh\u00f4ng giant. Th\u00edch h\u1ee3p cho c\u00e1c \u1ee9ng d\u1ee5ng t\u1ef1 \u0111\u1ed9ng h\u00f3a nh\u1ecf.<\/p>\n<p><strong>2. \u0110\u1ed9 linh ho\u1ea1t v\u00e0\u00a0 ch\u00ednh x\u00e1c cao:<\/strong><\/p>\n<p>KR 3 Agilus nh\u1ecf g\u1ecdn c\u00f3 th\u1ec3 l\u1eafp \u0111\u1eb7t t\u1ea1i nhi\u1ec1u v\u1ecb tr\u00ed kh\u00e1c nhau trong nh\u00e0 m\u00e1y, nh\u1edd \u0111\u00f3 gi\u00fap robot ho\u1ea1t \u0111\u1ed9ng ch\u00ednh x\u00e1c h\u01a1n.<\/p>\n<p><strong>3. Robot l\u00e0m vi\u1ec7c hi\u1ec7u su\u1ea5t cao v\u1edbi chi ph\u00ed th\u1ea5p<\/strong><\/p>\n<p>Nh\u1edd thi\u1ebft k\u1ebf th\u00f4ng minh, robot nh\u1ecf \u0111\u01b0\u1ee3c t\u1ed1i \u01b0u h\u00f3a chi ph\u00ed, d\u1ec5 d\u00e0ng b\u1ea3o tr\u00ec t\u1ed1i thi\u1ec3u v\u00e0 c\u00f3 \u0111\u1ed9 tin c\u1eady cao.[\/vc_column_text][\/vc_column_inner][vc_column_inner width=&#8221;1\/2&#8243;][vc_column_text]<strong>4. Robot nhanh nh\u1ea5t trong c\u00f9ng lo\u1ea1i:<\/strong><\/p>\n<p>Nh\u1edd t\u1ed1c \u0111\u1ed9 cao, KR 3 AGILUS cho ph\u00e9p th\u1eddi gian chu k\u1ef3 c\u1ef1c ng\u1eafn, do \u0111\u00f3 t\u0103ng s\u1ea3n l\u01b0\u1ee3ng &#8211; v\u00e0\u00a0 t\u0103ng \u0111i\u1ec1u ki\u1ec7n ho\u00e0n v\u1ed1n (ROI) cho doanh nghi\u1ec7p s\u1edf h\u1eefu.<\/p>\n<p><strong>5. ESD \u0111\u01b0\u1ee3c b\u1ea3o v\u1ec7<\/strong><\/p>\n<p>Robot \u0111\u01b0\u1ee3c b\u1ea3o v\u1ec7 theo ti\u00eau chu\u1ea9n ch\u1ed1ng l\u1ea1i qu\u00e1 tr\u00ecnh s\u1ea1c ho\u1eb7c ph\u00f3ng t\u0129nh \u0111i\u1ec7n kh\u00f4ng ki\u1ec3m so\u00e1t, do \u0111\u00f3 \u0111\u01b0\u1ee3c trang b\u1ecb \u0111\u1ec3 x\u1eed l\u00fd an to\u00e0n c\u00e1c th\u00e0nh ph\u1ea7n \u0111i\u1ec7n t\u1eed nh\u1ea1y c\u1ea3m.[\/vc_column_text][\/vc_column_inner][\/vc_row_inner][\/vc_column][\/vc_row][vc_row][vc_column][vc_tta_tabs][vc_tta_section title=&#8221;T\u00e0i li\u1ec7u&#8221; tab_id=&#8221;1600243967621-82a735ae-4fe5&#8243;][vc_column_text]<\/p>\n<table width=\"301\">\n<tbody>\n<tr>\n<td width=\"188\">KR 3 Agilus<\/td>\n<td width=\"113\"><a href=\"http:\/\/vuletech.southteam.vn\/wp-content\/uploads\/2020\/09\/KUKA_KR_3_AGILUS_Small_Robots_EN.pdf\">KUKA_KR_3_AGILUS_Small_Robots_EN<\/a><\/td>\n<\/tr>\n<\/tbody>\n<\/table>\n<p>[\/vc_column_text][\/vc_tta_section][\/vc_tta_tabs][\/vc_column][\/vc_row]<\/p>\n<\/div>","protected":false},"excerpt":{"rendered":"<p>[vc_row][vc_column][vc_custom_heading text=&#8221;KR 3 Agilus&#8221; use_theme_fonts=&#8221;yes&#8221;][\/vc_column][\/vc_row][vc_row][vc_column width=&#8221;1\/2&#8243;][vc_column_text] D\u00f2ng Robot \/ T\u00ednh n\u0103ng KR 3 R540 T\u1ea3i tr\u1ecdng 3\u00a0kg T\u1ea7m v\u1edbi t\u1ed1i \u0111a 541\u00a0mm Lo\u1ea1i Ti\u00eau chu\u1ea9n M\u00f4i tr\u01b0\u1eddng Ti\u00eau chu\u1ea9n V\u1ecb tr\u00ed l\u1eafp \u0111\u1eb7t Tr\u1ea7n nh\u00e0 S\u00e0n nh\u00e0 T\u01b0\u1eddng Ch\u1ec9 s\u1ed1 b\u1ea3o v\u1ec7 IP IP 40 [\/vc_column_text][\/vc_column][vc_column width=&#8221;1\/2&#8243;][vc_video link=&#8221;https:\/\/www.youtube.com\/watch?v=z14mhlsndxc&amp;feature=emb_title&#8221;][\/vc_column][\/vc_row][vc_row][vc_column][vc_custom_heading text=&#8221;\u01afu \u0111i\u1ec3m c\u1ee7a KR 3 Agilus&#8221; use_theme_fonts=&#8221;yes&#8221;][vc_row_inner][vc_column_inner<\/p>\n","protected":false},"featured_media":1203,"comment_status":"closed","ping_status":"open","template":"","meta":[],"product_brand":[],"product_cat":[732],"product_tag":[],"class_list":{"0":"post-9093","1":"product","2":"type-product","3":"status-publish","4":"has-post-thumbnail","6":"product_cat-roboticindustrial-robot","8":"first","9":"instock","10":"product-type-simple"},"acf":[],"yoast_head":"<!-- This site is optimized with the Yoast SEO plugin v25.1 - https:\/\/yoast.com\/wordpress\/plugins\/seo\/ -->\n<title>KR 3 Agilus - V\u0169 L\u00ea Tech<\/title>\n<meta name=\"robots\" content=\"index, follow, max-snippet:-1, max-image-preview:large, max-video-preview:-1\" \/>\n<link rel=\"canonical\" href=\"http:\/\/vuletech.com\/product\/kr-3-agilus\/\" \/>\n<meta property=\"og:locale\" content=\"en_US\" \/>\n<meta property=\"og:type\" content=\"article\" \/>\n<meta property=\"og:title\" content=\"KR 3 Agilus - V\u0169 L\u00ea Tech\" \/>\n<meta property=\"og:description\" content=\"[vc_row][vc_column][vc_custom_heading text=&#8221;KR 3 Agilus&#8221; use_theme_fonts=&#8221;yes&#8221;][\/vc_column][\/vc_row][vc_row][vc_column width=&#8221;1\/2&#8243;][vc_column_text] D\u00f2ng Robot \/ T\u00ednh n\u0103ng KR 3 R540 T\u1ea3i tr\u1ecdng 3\u00a0kg T\u1ea7m v\u1edbi t\u1ed1i \u0111a 541\u00a0mm Lo\u1ea1i Ti\u00eau chu\u1ea9n M\u00f4i tr\u01b0\u1eddng Ti\u00eau chu\u1ea9n V\u1ecb tr\u00ed l\u1eafp \u0111\u1eb7t Tr\u1ea7n nh\u00e0 S\u00e0n nh\u00e0 T\u01b0\u1eddng Ch\u1ec9 s\u1ed1 b\u1ea3o v\u1ec7 IP IP 40 [\/vc_column_text][\/vc_column][vc_column width=&#8221;1\/2&#8243;][vc_video link=&#8221;https:\/\/www.youtube.com\/watch?v=z14mhlsndxc&amp;feature=emb_title&#8221;][\/vc_column][\/vc_row][vc_row][vc_column][vc_custom_heading text=&#8221;\u01afu \u0111i\u1ec3m c\u1ee7a KR 3 Agilus&#8221; use_theme_fonts=&#8221;yes&#8221;][vc_row_inner][vc_column_inner\" \/>\n<meta property=\"og:url\" content=\"http:\/\/vuletech.com\/product\/kr-3-agilus\/\" \/>\n<meta property=\"og:site_name\" content=\"V\u0169 L\u00ea Tech\" \/>\n<meta property=\"article:modified_time\" content=\"2025-04-25T04:01:35+00:00\" \/>\n<meta property=\"og:image\" content=\"http:\/\/vuletech.com\/wp-content\/uploads\/2020\/09\/KR_3_AGILUS.jpg\" \/>\n\t<meta property=\"og:image:width\" content=\"767\" \/>\n\t<meta property=\"og:image:height\" content=\"431\" \/>\n\t<meta property=\"og:image:type\" content=\"image\/jpeg\" \/>\n<meta name=\"twitter:card\" content=\"summary_large_image\" \/>\n<meta name=\"twitter:label1\" content=\"Est. reading time\" \/>\n\t<meta name=\"twitter:data1\" content=\"2 minutes\" \/>\n<script type=\"application\/ld+json\" class=\"yoast-schema-graph\">{\"@context\":\"https:\/\/schema.org\",\"@graph\":[{\"@type\":\"WebPage\",\"@id\":\"http:\/\/vuletech.com\/product\/kr-3-agilus\/\",\"url\":\"http:\/\/vuletech.com\/product\/kr-3-agilus\/\",\"name\":\"KR 3 Agilus - V\u0169 L\u00ea Tech\",\"isPartOf\":{\"@id\":\"https:\/\/vuletech.com\/#website\"},\"primaryImageOfPage\":{\"@id\":\"http:\/\/vuletech.com\/product\/kr-3-agilus\/#primaryimage\"},\"image\":{\"@id\":\"http:\/\/vuletech.com\/product\/kr-3-agilus\/#primaryimage\"},\"thumbnailUrl\":\"http:\/\/vuletech.com\/wp-content\/uploads\/2020\/09\/KR_3_AGILUS.jpg\",\"datePublished\":\"2025-04-25T04:01:34+00:00\",\"dateModified\":\"2025-04-25T04:01:35+00:00\",\"breadcrumb\":{\"@id\":\"http:\/\/vuletech.com\/product\/kr-3-agilus\/#breadcrumb\"},\"inLanguage\":\"en-US\",\"potentialAction\":[{\"@type\":\"ReadAction\",\"target\":[\"http:\/\/vuletech.com\/product\/kr-3-agilus\/\"]}]},{\"@type\":\"ImageObject\",\"inLanguage\":\"en-US\",\"@id\":\"http:\/\/vuletech.com\/product\/kr-3-agilus\/#primaryimage\",\"url\":\"http:\/\/vuletech.com\/wp-content\/uploads\/2020\/09\/KR_3_AGILUS.jpg\",\"contentUrl\":\"http:\/\/vuletech.com\/wp-content\/uploads\/2020\/09\/KR_3_AGILUS.jpg\",\"width\":767,\"height\":431},{\"@type\":\"BreadcrumbList\",\"@id\":\"http:\/\/vuletech.com\/product\/kr-3-agilus\/#breadcrumb\",\"itemListElement\":[{\"@type\":\"ListItem\",\"position\":1,\"name\":\"Home\",\"item\":\"http:\/\/vuletech.com\/en\/\"},{\"@type\":\"ListItem\",\"position\":2,\"name\":\"Product\",\"item\":\"https:\/\/vuletech.com\/product\/\"},{\"@type\":\"ListItem\",\"position\":3,\"name\":\"KR 3 Agilus\"}]},{\"@type\":\"WebSite\",\"@id\":\"https:\/\/vuletech.com\/#website\",\"url\":\"https:\/\/vuletech.com\/\",\"name\":\"V\u0169 L\u00ea Tech\",\"description\":\"Our Solution - Your Value\",\"potentialAction\":[{\"@type\":\"SearchAction\",\"target\":{\"@type\":\"EntryPoint\",\"urlTemplate\":\"https:\/\/vuletech.com\/?s={search_term_string}\"},\"query-input\":{\"@type\":\"PropertyValueSpecification\",\"valueRequired\":true,\"valueName\":\"search_term_string\"}}],\"inLanguage\":\"en-US\"}]}<\/script>\n<!-- \/ Yoast SEO plugin. -->","yoast_head_json":{"title":"KR 3 Agilus - V\u0169 L\u00ea Tech","robots":{"index":"index","follow":"follow","max-snippet":"max-snippet:-1","max-image-preview":"max-image-preview:large","max-video-preview":"max-video-preview:-1"},"canonical":"http:\/\/vuletech.com\/product\/kr-3-agilus\/","og_locale":"en_US","og_type":"article","og_title":"KR 3 Agilus - V\u0169 L\u00ea Tech","og_description":"[vc_row][vc_column][vc_custom_heading text=&#8221;KR 3 Agilus&#8221; use_theme_fonts=&#8221;yes&#8221;][\/vc_column][\/vc_row][vc_row][vc_column width=&#8221;1\/2&#8243;][vc_column_text] D\u00f2ng Robot \/ T\u00ednh n\u0103ng KR 3 R540 T\u1ea3i tr\u1ecdng 3\u00a0kg T\u1ea7m v\u1edbi t\u1ed1i \u0111a 541\u00a0mm Lo\u1ea1i Ti\u00eau chu\u1ea9n M\u00f4i tr\u01b0\u1eddng Ti\u00eau chu\u1ea9n V\u1ecb tr\u00ed l\u1eafp \u0111\u1eb7t Tr\u1ea7n nh\u00e0 S\u00e0n nh\u00e0 T\u01b0\u1eddng Ch\u1ec9 s\u1ed1 b\u1ea3o v\u1ec7 IP IP 40 [\/vc_column_text][\/vc_column][vc_column width=&#8221;1\/2&#8243;][vc_video link=&#8221;https:\/\/www.youtube.com\/watch?v=z14mhlsndxc&amp;feature=emb_title&#8221;][\/vc_column][\/vc_row][vc_row][vc_column][vc_custom_heading text=&#8221;\u01afu \u0111i\u1ec3m c\u1ee7a KR 3 Agilus&#8221; use_theme_fonts=&#8221;yes&#8221;][vc_row_inner][vc_column_inner","og_url":"http:\/\/vuletech.com\/product\/kr-3-agilus\/","og_site_name":"V\u0169 L\u00ea Tech","article_modified_time":"2025-04-25T04:01:35+00:00","og_image":[{"width":767,"height":431,"url":"http:\/\/vuletech.com\/wp-content\/uploads\/2020\/09\/KR_3_AGILUS.jpg","type":"image\/jpeg"}],"twitter_card":"summary_large_image","twitter_misc":{"Est. reading time":"2 minutes"},"schema":{"@context":"https:\/\/schema.org","@graph":[{"@type":"WebPage","@id":"http:\/\/vuletech.com\/product\/kr-3-agilus\/","url":"http:\/\/vuletech.com\/product\/kr-3-agilus\/","name":"KR 3 Agilus - V\u0169 L\u00ea Tech","isPartOf":{"@id":"https:\/\/vuletech.com\/#website"},"primaryImageOfPage":{"@id":"http:\/\/vuletech.com\/product\/kr-3-agilus\/#primaryimage"},"image":{"@id":"http:\/\/vuletech.com\/product\/kr-3-agilus\/#primaryimage"},"thumbnailUrl":"http:\/\/vuletech.com\/wp-content\/uploads\/2020\/09\/KR_3_AGILUS.jpg","datePublished":"2025-04-25T04:01:34+00:00","dateModified":"2025-04-25T04:01:35+00:00","breadcrumb":{"@id":"http:\/\/vuletech.com\/product\/kr-3-agilus\/#breadcrumb"},"inLanguage":"en-US","potentialAction":[{"@type":"ReadAction","target":["http:\/\/vuletech.com\/product\/kr-3-agilus\/"]}]},{"@type":"ImageObject","inLanguage":"en-US","@id":"http:\/\/vuletech.com\/product\/kr-3-agilus\/#primaryimage","url":"http:\/\/vuletech.com\/wp-content\/uploads\/2020\/09\/KR_3_AGILUS.jpg","contentUrl":"http:\/\/vuletech.com\/wp-content\/uploads\/2020\/09\/KR_3_AGILUS.jpg","width":767,"height":431},{"@type":"BreadcrumbList","@id":"http:\/\/vuletech.com\/product\/kr-3-agilus\/#breadcrumb","itemListElement":[{"@type":"ListItem","position":1,"name":"Home","item":"http:\/\/vuletech.com\/en\/"},{"@type":"ListItem","position":2,"name":"Product","item":"https:\/\/vuletech.com\/product\/"},{"@type":"ListItem","position":3,"name":"KR 3 Agilus"}]},{"@type":"WebSite","@id":"https:\/\/vuletech.com\/#website","url":"https:\/\/vuletech.com\/","name":"V\u0169 L\u00ea Tech","description":"Our Solution - Your Value","potentialAction":[{"@type":"SearchAction","target":{"@type":"EntryPoint","urlTemplate":"https:\/\/vuletech.com\/?s={search_term_string}"},"query-input":{"@type":"PropertyValueSpecification","valueRequired":true,"valueName":"search_term_string"}}],"inLanguage":"en-US"}]}},"_links":{"self":[{"href":"http:\/\/vuletech.com\/en\/wp-json\/wp\/v2\/product\/9093","targetHints":{"allow":["GET"]}}],"collection":[{"href":"http:\/\/vuletech.com\/en\/wp-json\/wp\/v2\/product"}],"about":[{"href":"http:\/\/vuletech.com\/en\/wp-json\/wp\/v2\/types\/product"}],"replies":[{"embeddable":true,"href":"http:\/\/vuletech.com\/en\/wp-json\/wp\/v2\/comments?post=9093"}],"wp:featuredmedia":[{"embeddable":true,"href":"http:\/\/vuletech.com\/en\/wp-json\/wp\/v2\/media\/1203"}],"wp:attachment":[{"href":"http:\/\/vuletech.com\/en\/wp-json\/wp\/v2\/media?parent=9093"}],"wp:term":[{"taxonomy":"product_brand","embeddable":true,"href":"http:\/\/vuletech.com\/en\/wp-json\/wp\/v2\/product_brand?post=9093"},{"taxonomy":"product_cat","embeddable":true,"href":"http:\/\/vuletech.com\/en\/wp-json\/wp\/v2\/product_cat?post=9093"},{"taxonomy":"product_tag","embeddable":true,"href":"http:\/\/vuletech.com\/en\/wp-json\/wp\/v2\/product_tag?post=9093"}],"curies":[{"name":"wp","href":"https:\/\/api.w.org\/{rel}","templated":true}]}}