{"id":9094,"date":"2025-04-25T11:01:34","date_gmt":"2025-04-25T04:01:34","guid":{"rendered":"https:\/\/vuletech.com\/product\/kr-cybertech-nano\/"},"modified":"2025-04-25T11:01:35","modified_gmt":"2025-04-25T04:01:35","slug":"kr-cybertech-nano","status":"publish","type":"product","link":"http:\/\/vuletech.com\/en\/product\/kr-cybertech-nano\/","title":{"rendered":"KR Cybertech nano"},"content":{"rendered":"<div class=\"wpb-content-wrapper\"><p>[vc_row][vc_column][vc_custom_heading text=&#8221;KR Cybertech nano&#8221; use_theme_fonts=&#8221;yes&#8221;]<div class=\"wt-separator-outer \">\n                                    <div class=\"wt-separator style-square\">\n                                        <span class=\"separator-left bg-primary\"><\/span>\n                                        <span class=\"separator-right bg-primary\"><\/span>\n                                    <\/div>\n                                <\/div>\n[\/vc_column][\/vc_row][vc_row][vc_column][vc_column_text]C\u00e1c robot c\u00f4ng nghi\u1ec7p thu\u1ed9c h\u1ecd KR Cybertech nano \u0111\u01b0\u1ee3c t\u1ed1i \u01b0u h\u00f3a \u0111\u1ec3 x\u1eed l\u00fd c\u00e1c \u1ee9ng d\u1ee5ng nh\u1ecf nh\u01b0 x\u1eed l\u00fd v\u1ebft h\u00e0n, ch\u00edch keo ho\u1eb7c x\u1ebfp pallet nh\u1ecf. T\u00f9y thu\u1ed9c v\u00e0o \u1ee9ng d\u1ee5ng v\u00e0 nhu c\u1ea7u ri\u00eang c\u1ee7a doanh nghi\u1ec7p m\u00e0 c\u00f3 th\u1ec3 l\u1ef1a ch\u1ecdn c\u00e1c robot c\u00f3 t\u1ea3i tr\u1ecdng t\u1eeb 6, 8 v\u00e0 10 kg\u00a0 nh\u1eb1m \u0111\u1ea1t hi\u1ec7u qu\u1ea3 t\u1ed1i \u0111a v\u00e0 ti\u1ebft ki\u1ec7m chi ph\u00ed.[\/vc_column_text][vc_single_image image=&#8221;1209&#8243; img_size=&#8221;full&#8221; alignment=&#8221;center&#8221;][\/vc_column][\/vc_row][vc_row][vc_column][vc_custom_heading text=&#8221;\u01afu \u0111i\u1ec3m c\u1ee7a KR Cybertech nano&#8221; use_theme_fonts=&#8221;yes&#8221;]<div class=\"wt-separator-outer \">\n                                    <div class=\"wt-separator style-square\">\n                                        <span class=\"separator-left bg-primary\"><\/span>\n                                        <span class=\"separator-right bg-primary\"><\/span>\n                                    <\/div>\n                                <\/div>\n[\/vc_column][\/vc_row][vc_row][vc_column width=&#8221;1\/2&#8243;][vc_column_text]<strong>1. \u0110\u1ed9 ch\u00ednh x\u00e1c cao<\/strong><\/p>\n<p>C\u00e1c r\u00f4 b\u1ed1t c\u00f4ng nghi\u1ec7p thu\u1ed9c h\u1ecd nano KR CYBERTECH c\u00f3 \u0111\u1ed9 l\u1eb7p l\u1ea1i l\u00e0 0,04 mm. Do \u0111\u00f3, Robot v\u1eabn c\u00f3 th\u1ec3 \u0111\u1ea1t \u0111\u1ed9 ch\u00ednh x\u00e1c l\u1edbn d\u00f9 \u1edf t\u1ed1c \u0111\u1ed9 cao.<\/p>\n<p><strong>2. Thi\u1ebft k\u1ebf nh\u1ecf g\u1ecdn:<\/strong><\/p>\n<p>C\u00e1c robot m\u1edbi c\u1ef1c k\u1ef3 nh\u1ecf g\u1ecdn, nh\u1eb9 n\u00ean d\u1ec5 d\u00e0ng s\u1eafp x\u1ebfp h\u1ee3p l\u00fd trong kh\u00f4ng gian nh\u00e0 m\u00e1y.<\/p>\n<p><strong>3. T\u1ea7m v\u01b0\u01a1n l\u1edbn:<\/strong><\/p>\n<p>C\u00e1c robot c\u00f3 th\u1ec3 v\u01b0\u01a1n t\u1edbi kho\u1ea3ng c\u00e1ch xa, t\u1ea1o ra kh\u00f4ng gian l\u00e0m vi\u1ec7c c\u1ef1c k\u1ef3 l\u1edbn \u1edf ph\u00eda sau v\u00e0 t\u1ea7m v\u1edbi d\u00e0i xu\u1ed1ng ph\u00eda d\u01b0\u1edbi, gi\u00fap robot l\u00e0m vi\u1ec7c hi\u1ec7u qu\u1ea3 h\u01a1n.[\/vc_column_text][\/vc_column][vc_column width=&#8221;1\/2&#8243;][vc_column_text]<strong>4. C\u00f3 th\u1ec3 l\u1eafp \u0111\u1eb7t \u1edf nhi\u1ec1u v\u1ecb tr\u00ed:<\/strong><\/p>\n<p>Doanh nghi\u1ec7p c\u00f3 th\u1ec3 l\u1eafp \u0111\u1eb7t Robot KR Cybertech nano tr\u00ean s\u00e0n, t\u01b0\u1eddng ho\u1eb7c tr\u1ea7n nh\u00e0 ho\u1eb7c \u1edf b\u1ea5t k\u1ef3 n\u01a1i n\u00e0o trong nh\u00e0 m\u00e1y.<\/p>\n<p><strong>5. Tr\u1ee5c n\u1ed1i Gripper d\u00e0i v\u00e0 nh\u1ecf<\/strong><\/p>\n<p>V\u1edbi b\u00e1n k\u00ednh ch\u1ec9 67 mm, Robot KR CYBERTECH nano c\u00f3 tr\u1ee5c n\u1ed1i gripper nh\u1ecf nh\u1ea5t trong c\u00f9ng m\u1ed9t d\u00f2ng &#8211; tr\u00ean to\u00e0n th\u1ebf gi\u1edbi. Gi\u00fap Robot n\u00e0y c\u00f3 th\u1ec3 th\u1ef1c hi\u1ec7n c\u00f4ng vi\u1ec7c \u1edf nh\u1eefng v\u1ecb tr\u00ed m\u00e0 c\u00e1c robot kh\u00e1c kh\u00f4ng th\u1ec3 ti\u1ebfp c\u1eadn.<\/p>\n<p><strong>6. T\u00ednh linh ho\u1ea1t cao:<\/strong><\/p>\n<p>D\u1ec5 d\u00e0ng t\u00edch h\u1ee3p v\u1edbi b\u1ed9 \u0111i\u1ec1u khi\u1ec3n.[\/vc_column_text][\/vc_column][\/vc_row][vc_row][vc_column][vc_video link=&#8221;https:\/\/www.youtube.com\/watch?v=44GC57lhdtc&amp;feature=emb_title&#8221; el_width=&#8221;50&#8243; align=&#8221;center&#8221;][vc_custom_heading text=&#8221;T\u1ed5ng quan v\u1ec1 d\u00f2ng s\u1ea3n ph\u1ea9m KR CYBERTECH nano&#8221; use_theme_fonts=&#8221;yes&#8221;][vc_column_text]<\/p>\n<table style=\"height: 526px;\" width=\"962\">\n<tbody>\n<tr>\n<td width=\"101\"><\/td>\n<td width=\"93\">KR 6 R1840-2<\/td>\n<td width=\"90\">KR 6 R1820<\/td>\n<td width=\"107\">KR 6 R1820 HP<\/td>\n<td width=\"96\">KR 8 R1640-2<\/td>\n<td width=\"92\">KR 8 R1620<\/td>\n<td width=\"102\">KR 8 R1620 HP<\/td>\n<td width=\"107\">KR 10 R1440-2<\/td>\n<td width=\"97\">KR 10 R1420<\/td>\n<td width=\"110\">KR 10 R1420 HP<\/td>\n<\/tr>\n<tr>\n<td width=\"101\">T\u1ea3i tr\u1ecdng<\/td>\n<td width=\"93\">6\u00a0kg<\/td>\n<td width=\"90\">6\u00a0kg<\/td>\n<td width=\"107\">6\u00a0kg<\/td>\n<td width=\"96\">8\u00a0kg<\/td>\n<td width=\"92\">8\u00a0kg<\/td>\n<td width=\"102\">8\u00a0kg<\/td>\n<td width=\"107\">10\u00a0kg<\/td>\n<td width=\"97\">10\u00a0kg<\/td>\n<td width=\"110\">10\u00a0kg<\/td>\n<\/tr>\n<tr>\n<td width=\"101\">T\u1ea7m v\u1edbi<\/td>\n<td width=\"93\">1840\u00a0mm<\/td>\n<td width=\"90\">1820\u00a0mm<\/td>\n<td width=\"107\">1820\u00a0mm<\/td>\n<td width=\"96\">1640\u00a0mm<\/td>\n<td width=\"92\">1620\u00a0mm<\/td>\n<td width=\"102\">1620\u00a0mm<\/td>\n<td width=\"107\">1440\u00a0mm<\/td>\n<td width=\"97\">1420\u00a0mm<\/td>\n<td width=\"110\">1420\u00a0mm<\/td>\n<\/tr>\n<tr>\n<td width=\"101\">Lo\u1ea1i<\/td>\n<td width=\"93\">Ti\u00eau chu\u1ea9n<\/td>\n<td width=\"90\">Ti\u00eau chu\u1ea9n<\/td>\n<td width=\"107\">Ti\u00eau chu\u1ea9n<\/td>\n<td width=\"96\">Ti\u00eau chu\u1ea9n<\/td>\n<td width=\"92\">Ti\u00eau chu\u1ea9n<\/td>\n<td width=\"102\">Ti\u00eau chu\u1ea9n<\/td>\n<td width=\"107\">Ti\u00eau chu\u1ea9n<\/td>\n<td width=\"97\">Ti\u00eau chu\u1ea9n<\/td>\n<td width=\"110\">Ti\u00eau chu\u1ea9n<\/td>\n<\/tr>\n<tr>\n<td width=\"101\">M\u00f4i tr\u01b0\u1eddng<\/td>\n<td width=\"93\">Ti\u00eau chu\u1ea9n<\/td>\n<td width=\"90\">Ti\u00eau chu\u1ea9n<\/td>\n<td width=\"107\">B\u1ea3o v\u1ec7 cao<\/td>\n<td width=\"96\">Ti\u00eau chu\u1ea9n<\/td>\n<td width=\"92\">Ti\u00eau chu\u1ea9n<\/td>\n<td width=\"102\">B\u1ea3o v\u1ec7 cao<\/td>\n<td width=\"107\">Ti\u00eau chu\u1ea9n<\/td>\n<td width=\"97\">Ti\u00eau chu\u1ea9n<\/td>\n<td width=\"110\">B\u1ea3o v\u1ec7 cao<\/td>\n<\/tr>\n<tr>\n<td rowspan=\"4\" width=\"101\">V\u1ecb tr\u00ed l\u1eafp \u0111\u1eb7t<\/td>\n<td width=\"93\">G\u00f3c t\u01b0\u1eddng<\/td>\n<td width=\"90\">G\u00f3c t\u01b0\u1eddng<\/td>\n<td width=\"107\">G\u00f3c t\u01b0\u1eddng<\/td>\n<td width=\"96\">G\u00f3c t\u01b0\u1eddng<\/td>\n<td width=\"92\">G\u00f3c t\u01b0\u1eddng<\/td>\n<td width=\"102\">G\u00f3c t\u01b0\u1eddng<\/td>\n<td width=\"107\">G\u00f3c t\u01b0\u1eddng<\/td>\n<td width=\"97\">G\u00f3c t\u01b0\u1eddng<\/td>\n<td width=\"110\">G\u00f3c t\u01b0\u1eddng<\/td>\n<\/tr>\n<tr>\n<td width=\"93\">Tr\u1ea7n nh\u00e0<\/td>\n<td width=\"90\">Tr\u1ea7n nh\u00e0<\/td>\n<td width=\"107\">Tr\u1ea7n nh\u00e0<\/td>\n<td width=\"96\">Tr\u1ea7n nh\u00e0<\/td>\n<td width=\"92\">Tr\u1ea7n nh\u00e0<\/td>\n<td width=\"102\">Tr\u1ea7n nh\u00e0<\/td>\n<td width=\"107\">Tr\u1ea7n nh\u00e0<\/td>\n<td width=\"97\">Tr\u1ea7n nh\u00e0<\/td>\n<td width=\"110\">Tr\u1ea7n nh\u00e0<\/td>\n<\/tr>\n<tr>\n<td width=\"93\">S\u00e0n nh\u00e0<\/td>\n<td width=\"90\">S\u00e0n nh\u00e0<\/td>\n<td width=\"107\">S\u00e0n nh\u00e0<\/td>\n<td width=\"96\">S\u00e0n nh\u00e0<\/td>\n<td width=\"92\">S\u00e0n nh\u00e0<\/td>\n<td width=\"102\">S\u00e0n nh\u00e0<\/td>\n<td width=\"107\">S\u00e0n nh\u00e0<\/td>\n<td width=\"97\">S\u00e0n nh\u00e0<\/td>\n<td width=\"110\">S\u00e0n nh\u00e0<\/td>\n<\/tr>\n<tr>\n<td width=\"93\">T\u01b0\u1eddng<\/td>\n<td width=\"90\">T\u01b0\u1eddng<\/td>\n<td width=\"107\">T\u01b0\u1eddng<\/td>\n<td width=\"96\">T\u01b0\u1eddng<\/td>\n<td width=\"92\">T\u01b0\u1eddng<\/td>\n<td width=\"102\">T\u01b0\u1eddng<\/td>\n<td width=\"107\">T\u01b0\u1eddng<\/td>\n<td width=\"97\">T\u01b0\u1eddng<\/td>\n<td width=\"110\">T\u01b0\u1eddng<\/td>\n<\/tr>\n<tr>\n<td rowspan=\"2\" width=\"101\">Ch\u1ec9 s\u1ed1 b\u1ea3o v\u1ec7<\/td>\n<td rowspan=\"2\" width=\"93\">IP 65 &#8211; IP 67<\/td>\n<td rowspan=\"2\" width=\"90\">IP 54<\/td>\n<td rowspan=\"2\" width=\"107\">IP 65 &#8211; IP 67<\/td>\n<td rowspan=\"2\" width=\"96\">IP 65 &#8211; IP 67<\/td>\n<td rowspan=\"2\" width=\"92\">IP 54<\/td>\n<td rowspan=\"2\" width=\"102\">IP 65 &#8211; IP 67<\/td>\n<td rowspan=\"2\" width=\"107\">IP 65 &#8211; IP 67<\/td>\n<td rowspan=\"2\" width=\"97\">IP 54<\/td>\n<td rowspan=\"2\" width=\"110\">IP 65 &#8211; IP 67<\/td>\n<\/tr>\n<\/tbody>\n<\/table>\n<p>[\/vc_column_text][\/vc_column][\/vc_row][vc_row][vc_column][vc_tta_tabs][vc_tta_section title=&#8221;T\u00e0i li\u1ec7u&#8221; tab_id=&#8221;1600247385279-17cc8dac-1d57&#8243;][vc_column_text]<\/p>\n<table width=\"265\">\n<tbody>\n<tr>\n<td width=\"172\">KR Cybertech nano<\/td>\n<td width=\"93\"><a href=\"http:\/\/vuletech.southteam.vn\/wp-content\/uploads\/2020\/09\/KR_CYBERTECH_nano_EN.pdf\">KR_CYBERTECH_nano_EN<\/a><a href=\"http:\/\/vuletech.southteam.vn\/wp-content\/uploads\/2020\/09\/KUKA_KRCYBERTECH_nano_Pack_EN.pdf\">KUKA_KRCYBERTECH_nano_Pack_EN<\/a><\/td>\n<\/tr>\n<tr>\n<td><\/td>\n<td><a href=\"http:\/\/vuletech.southteam.vn\/wp-content\/uploads\/2020\/09\/KR_CYBERTECH_nano_EN.pdf\">KR_CYBERTECH_nano_EN<\/a><\/td>\n<\/tr>\n<\/tbody>\n<\/table>\n<p>[\/vc_column_text][\/vc_tta_section][\/vc_tta_tabs][\/vc_column][\/vc_row]<\/p>\n<\/div>","protected":false},"excerpt":{"rendered":"<p>[vc_row][vc_column][vc_custom_heading text=&#8221;KR Cybertech nano&#8221; use_theme_fonts=&#8221;yes&#8221;][\/vc_column][\/vc_row][vc_row][vc_column][vc_column_text]C\u00e1c robot c\u00f4ng nghi\u1ec7p thu\u1ed9c h\u1ecd KR Cybertech nano \u0111\u01b0\u1ee3c t\u1ed1i \u01b0u h\u00f3a \u0111\u1ec3 x\u1eed l\u00fd c\u00e1c \u1ee9ng d\u1ee5ng nh\u1ecf nh\u01b0 x\u1eed l\u00fd v\u1ebft h\u00e0n, ch\u00edch keo ho\u1eb7c x\u1ebfp pallet nh\u1ecf. T\u00f9y thu\u1ed9c v\u00e0o \u1ee9ng d\u1ee5ng v\u00e0 nhu c\u1ea7u ri\u00eang c\u1ee7a doanh nghi\u1ec7p m\u00e0 c\u00f3 th\u1ec3 l\u1ef1a ch\u1ecdn c\u00e1c robot c\u00f3<\/p>\n","protected":false},"featured_media":1209,"comment_status":"closed","ping_status":"open","template":"","meta":[],"product_brand":[],"product_cat":[732],"product_tag":[],"class_list":{"0":"post-9094","1":"product","2":"type-product","3":"status-publish","4":"has-post-thumbnail","6":"product_cat-roboticindustrial-robot","8":"first","9":"instock","10":"product-type-simple"},"acf":[],"yoast_head":"<!-- This site is optimized with the Yoast SEO plugin v25.1 - https:\/\/yoast.com\/wordpress\/plugins\/seo\/ -->\n<title>KR Cybertech nano - V\u0169 L\u00ea Tech<\/title>\n<meta name=\"robots\" content=\"index, follow, max-snippet:-1, max-image-preview:large, max-video-preview:-1\" \/>\n<link rel=\"canonical\" href=\"http:\/\/vuletech.com\/product\/kr-cybertech-nano\/\" \/>\n<meta property=\"og:locale\" content=\"en_US\" \/>\n<meta property=\"og:type\" content=\"article\" \/>\n<meta property=\"og:title\" content=\"KR Cybertech nano - V\u0169 L\u00ea Tech\" \/>\n<meta property=\"og:description\" content=\"[vc_row][vc_column][vc_custom_heading text=&#8221;KR Cybertech nano&#8221; use_theme_fonts=&#8221;yes&#8221;][\/vc_column][\/vc_row][vc_row][vc_column][vc_column_text]C\u00e1c robot c\u00f4ng nghi\u1ec7p thu\u1ed9c h\u1ecd KR Cybertech nano \u0111\u01b0\u1ee3c t\u1ed1i \u01b0u h\u00f3a \u0111\u1ec3 x\u1eed l\u00fd c\u00e1c \u1ee9ng d\u1ee5ng nh\u1ecf nh\u01b0 x\u1eed l\u00fd v\u1ebft h\u00e0n, ch\u00edch keo ho\u1eb7c x\u1ebfp pallet nh\u1ecf. T\u00f9y thu\u1ed9c v\u00e0o \u1ee9ng d\u1ee5ng v\u00e0 nhu c\u1ea7u ri\u00eang c\u1ee7a doanh nghi\u1ec7p m\u00e0 c\u00f3 th\u1ec3 l\u1ef1a ch\u1ecdn c\u00e1c robot c\u00f3\" \/>\n<meta property=\"og:url\" content=\"http:\/\/vuletech.com\/product\/kr-cybertech-nano\/\" \/>\n<meta property=\"og:site_name\" content=\"V\u0169 L\u00ea Tech\" \/>\n<meta property=\"article:modified_time\" content=\"2025-04-25T04:01:35+00:00\" \/>\n<meta property=\"og:image\" content=\"http:\/\/vuletech.com\/wp-content\/uploads\/2020\/09\/KR-CYBERTECH_nano_2.jpg\" \/>\n\t<meta property=\"og:image:width\" content=\"767\" \/>\n\t<meta property=\"og:image:height\" content=\"417\" \/>\n\t<meta property=\"og:image:type\" content=\"image\/jpeg\" \/>\n<meta name=\"twitter:card\" content=\"summary_large_image\" \/>\n<meta name=\"twitter:label1\" content=\"Est. reading time\" \/>\n\t<meta name=\"twitter:data1\" content=\"4 minutes\" \/>\n<script type=\"application\/ld+json\" class=\"yoast-schema-graph\">{\"@context\":\"https:\/\/schema.org\",\"@graph\":[{\"@type\":\"WebPage\",\"@id\":\"http:\/\/vuletech.com\/product\/kr-cybertech-nano\/\",\"url\":\"http:\/\/vuletech.com\/product\/kr-cybertech-nano\/\",\"name\":\"KR Cybertech nano - V\u0169 L\u00ea Tech\",\"isPartOf\":{\"@id\":\"https:\/\/vuletech.com\/#website\"},\"primaryImageOfPage\":{\"@id\":\"http:\/\/vuletech.com\/product\/kr-cybertech-nano\/#primaryimage\"},\"image\":{\"@id\":\"http:\/\/vuletech.com\/product\/kr-cybertech-nano\/#primaryimage\"},\"thumbnailUrl\":\"http:\/\/vuletech.com\/wp-content\/uploads\/2020\/09\/KR-CYBERTECH_nano_2.jpg\",\"datePublished\":\"2025-04-25T04:01:34+00:00\",\"dateModified\":\"2025-04-25T04:01:35+00:00\",\"breadcrumb\":{\"@id\":\"http:\/\/vuletech.com\/product\/kr-cybertech-nano\/#breadcrumb\"},\"inLanguage\":\"en-US\",\"potentialAction\":[{\"@type\":\"ReadAction\",\"target\":[\"http:\/\/vuletech.com\/product\/kr-cybertech-nano\/\"]}]},{\"@type\":\"ImageObject\",\"inLanguage\":\"en-US\",\"@id\":\"http:\/\/vuletech.com\/product\/kr-cybertech-nano\/#primaryimage\",\"url\":\"http:\/\/vuletech.com\/wp-content\/uploads\/2020\/09\/KR-CYBERTECH_nano_2.jpg\",\"contentUrl\":\"http:\/\/vuletech.com\/wp-content\/uploads\/2020\/09\/KR-CYBERTECH_nano_2.jpg\",\"width\":767,\"height\":417,\"caption\":\"KR Cybertech nano\"},{\"@type\":\"BreadcrumbList\",\"@id\":\"http:\/\/vuletech.com\/product\/kr-cybertech-nano\/#breadcrumb\",\"itemListElement\":[{\"@type\":\"ListItem\",\"position\":1,\"name\":\"Home\",\"item\":\"http:\/\/vuletech.com\/en\/\"},{\"@type\":\"ListItem\",\"position\":2,\"name\":\"Product\",\"item\":\"https:\/\/vuletech.com\/product\/\"},{\"@type\":\"ListItem\",\"position\":3,\"name\":\"KR Cybertech nano\"}]},{\"@type\":\"WebSite\",\"@id\":\"https:\/\/vuletech.com\/#website\",\"url\":\"https:\/\/vuletech.com\/\",\"name\":\"V\u0169 L\u00ea Tech\",\"description\":\"Our Solution - Your Value\",\"potentialAction\":[{\"@type\":\"SearchAction\",\"target\":{\"@type\":\"EntryPoint\",\"urlTemplate\":\"https:\/\/vuletech.com\/?s={search_term_string}\"},\"query-input\":{\"@type\":\"PropertyValueSpecification\",\"valueRequired\":true,\"valueName\":\"search_term_string\"}}],\"inLanguage\":\"en-US\"}]}<\/script>\n<!-- \/ Yoast SEO plugin. -->","yoast_head_json":{"title":"KR Cybertech nano - V\u0169 L\u00ea Tech","robots":{"index":"index","follow":"follow","max-snippet":"max-snippet:-1","max-image-preview":"max-image-preview:large","max-video-preview":"max-video-preview:-1"},"canonical":"http:\/\/vuletech.com\/product\/kr-cybertech-nano\/","og_locale":"en_US","og_type":"article","og_title":"KR Cybertech nano - V\u0169 L\u00ea Tech","og_description":"[vc_row][vc_column][vc_custom_heading text=&#8221;KR Cybertech nano&#8221; use_theme_fonts=&#8221;yes&#8221;][\/vc_column][\/vc_row][vc_row][vc_column][vc_column_text]C\u00e1c robot c\u00f4ng nghi\u1ec7p thu\u1ed9c h\u1ecd KR Cybertech nano \u0111\u01b0\u1ee3c t\u1ed1i \u01b0u h\u00f3a \u0111\u1ec3 x\u1eed l\u00fd c\u00e1c \u1ee9ng d\u1ee5ng nh\u1ecf nh\u01b0 x\u1eed l\u00fd v\u1ebft h\u00e0n, ch\u00edch keo ho\u1eb7c x\u1ebfp pallet nh\u1ecf. T\u00f9y thu\u1ed9c v\u00e0o \u1ee9ng d\u1ee5ng v\u00e0 nhu c\u1ea7u ri\u00eang c\u1ee7a doanh nghi\u1ec7p m\u00e0 c\u00f3 th\u1ec3 l\u1ef1a ch\u1ecdn c\u00e1c robot c\u00f3","og_url":"http:\/\/vuletech.com\/product\/kr-cybertech-nano\/","og_site_name":"V\u0169 L\u00ea Tech","article_modified_time":"2025-04-25T04:01:35+00:00","og_image":[{"width":767,"height":417,"url":"http:\/\/vuletech.com\/wp-content\/uploads\/2020\/09\/KR-CYBERTECH_nano_2.jpg","type":"image\/jpeg"}],"twitter_card":"summary_large_image","twitter_misc":{"Est. reading time":"4 minutes"},"schema":{"@context":"https:\/\/schema.org","@graph":[{"@type":"WebPage","@id":"http:\/\/vuletech.com\/product\/kr-cybertech-nano\/","url":"http:\/\/vuletech.com\/product\/kr-cybertech-nano\/","name":"KR Cybertech nano - V\u0169 L\u00ea Tech","isPartOf":{"@id":"https:\/\/vuletech.com\/#website"},"primaryImageOfPage":{"@id":"http:\/\/vuletech.com\/product\/kr-cybertech-nano\/#primaryimage"},"image":{"@id":"http:\/\/vuletech.com\/product\/kr-cybertech-nano\/#primaryimage"},"thumbnailUrl":"http:\/\/vuletech.com\/wp-content\/uploads\/2020\/09\/KR-CYBERTECH_nano_2.jpg","datePublished":"2025-04-25T04:01:34+00:00","dateModified":"2025-04-25T04:01:35+00:00","breadcrumb":{"@id":"http:\/\/vuletech.com\/product\/kr-cybertech-nano\/#breadcrumb"},"inLanguage":"en-US","potentialAction":[{"@type":"ReadAction","target":["http:\/\/vuletech.com\/product\/kr-cybertech-nano\/"]}]},{"@type":"ImageObject","inLanguage":"en-US","@id":"http:\/\/vuletech.com\/product\/kr-cybertech-nano\/#primaryimage","url":"http:\/\/vuletech.com\/wp-content\/uploads\/2020\/09\/KR-CYBERTECH_nano_2.jpg","contentUrl":"http:\/\/vuletech.com\/wp-content\/uploads\/2020\/09\/KR-CYBERTECH_nano_2.jpg","width":767,"height":417,"caption":"KR Cybertech nano"},{"@type":"BreadcrumbList","@id":"http:\/\/vuletech.com\/product\/kr-cybertech-nano\/#breadcrumb","itemListElement":[{"@type":"ListItem","position":1,"name":"Home","item":"http:\/\/vuletech.com\/en\/"},{"@type":"ListItem","position":2,"name":"Product","item":"https:\/\/vuletech.com\/product\/"},{"@type":"ListItem","position":3,"name":"KR Cybertech nano"}]},{"@type":"WebSite","@id":"https:\/\/vuletech.com\/#website","url":"https:\/\/vuletech.com\/","name":"V\u0169 L\u00ea Tech","description":"Our Solution - Your Value","potentialAction":[{"@type":"SearchAction","target":{"@type":"EntryPoint","urlTemplate":"https:\/\/vuletech.com\/?s={search_term_string}"},"query-input":{"@type":"PropertyValueSpecification","valueRequired":true,"valueName":"search_term_string"}}],"inLanguage":"en-US"}]}},"_links":{"self":[{"href":"http:\/\/vuletech.com\/en\/wp-json\/wp\/v2\/product\/9094","targetHints":{"allow":["GET"]}}],"collection":[{"href":"http:\/\/vuletech.com\/en\/wp-json\/wp\/v2\/product"}],"about":[{"href":"http:\/\/vuletech.com\/en\/wp-json\/wp\/v2\/types\/product"}],"replies":[{"embeddable":true,"href":"http:\/\/vuletech.com\/en\/wp-json\/wp\/v2\/comments?post=9094"}],"wp:featuredmedia":[{"embeddable":true,"href":"http:\/\/vuletech.com\/en\/wp-json\/wp\/v2\/media\/1209"}],"wp:attachment":[{"href":"http:\/\/vuletech.com\/en\/wp-json\/wp\/v2\/media?parent=9094"}],"wp:term":[{"taxonomy":"product_brand","embeddable":true,"href":"http:\/\/vuletech.com\/en\/wp-json\/wp\/v2\/product_brand?post=9094"},{"taxonomy":"product_cat","embeddable":true,"href":"http:\/\/vuletech.com\/en\/wp-json\/wp\/v2\/product_cat?post=9094"},{"taxonomy":"product_tag","embeddable":true,"href":"http:\/\/vuletech.com\/en\/wp-json\/wp\/v2\/product_tag?post=9094"}],"curies":[{"name":"wp","href":"https:\/\/api.w.org\/{rel}","templated":true}]}}