{"id":9097,"date":"2025-04-25T11:01:34","date_gmt":"2025-04-25T04:01:34","guid":{"rendered":"https:\/\/vuletech.com\/product\/linear-robot-robot-gian\/"},"modified":"2025-04-25T11:01:36","modified_gmt":"2025-04-25T04:01:36","slug":"linear-robot-robot-gian","status":"publish","type":"product","link":"http:\/\/vuletech.com\/en\/product\/linear-robot-robot-gian\/","title":{"rendered":"Linear Robot &#8211; Robot gi\u00e0n"},"content":{"rendered":"<div class=\"wpb-content-wrapper\"><p>[vc_row][vc_column][vc_custom_heading text=&#8221;Linear Robot &#8211; Robot gi\u00e0n&#8221; use_theme_fonts=&#8221;yes&#8221;]<div class=\"wt-separator-outer \">\n                                    <div class=\"wt-separator style-square\">\n                                        <span class=\"separator-left bg-primary\"><\/span>\n                                        <span class=\"separator-right bg-primary\"><\/span>\n                                    <\/div>\n                                <\/div>\n[vc_row_inner][vc_column_inner width=&#8221;1\/2&#8243;][vc_column_text]Kuka cung c\u1ea5p c\u00e1c Linear Robot v\u1edbi c\u00e1c \u0111\u1ed9 d\u00e0i h\u00e0nh tr\u00ecnh kh\u00e1c nhau v\u00e0 c\u00e1c t\u00f9y ch\u1ecdn kh\u00e1c nhau \u0111\u1ec3 c\u00f3 th\u1ec3 gi\u00fap Robot \u0111\u1ea1t hi\u1ec7u qu\u1ea3 t\u1ed1t nh\u1ea5t khi l\u00e0m vi\u1ec7c gi\u1eefa Robot v\u00e0 h\u1ec7 th\u1ed1ng.<\/p>\n<p>Linear robot &#8211; robot gi\u00e0n th\u00edch h\u1ee3p cho c\u00e1c \u1ee9ng d\u1ee5ng nh\u01b0 t\u1ef1 \u0111\u1ed9ng x\u1ebfp d\u1ee1, v\u1eadn chuy\u1ec3n.[\/vc_column_text][\/vc_column_inner][vc_column_inner width=&#8221;1\/2&#8243;][vc_single_image image=&#8221;1234&#8243; img_size=&#8221;full&#8221;][\/vc_column_inner][\/vc_row_inner][\/vc_column][\/vc_row][vc_row][vc_column][vc_custom_heading text=&#8221;\u01afu \u0111i\u1ec3m c\u1ee7a Linear Robot&#8221; use_theme_fonts=&#8221;yes&#8221;]<div class=\"wt-separator-outer \">\n                                    <div class=\"wt-separator style-square\">\n                                        <span class=\"separator-left bg-primary\"><\/span>\n                                        <span class=\"separator-right bg-primary\"><\/span>\n                                    <\/div>\n                                <\/div>\n[vc_row_inner][vc_column_inner width=&#8221;1\/2&#8243;][vc_column_text]<strong>1. Kh\u00f4ng gian l\u00e0m vi\u1ec7c r\u1ed9ng<\/strong><\/p>\n<p>Nh\u1edd thi\u1ebft k\u1ebf m\u00f4-\u0111un, Linear Robot c\u00f3 th\u1ec3 l\u00e0m vi\u1ec7c \u1edf khu v\u1ef1c r\u1ed9ng l\u1edbn.<\/p>\n<p><strong>2. T\u1eadn d\u1ee5ng t\u1ed1i \u0111a khu v\u1ef1c l\u00e0m vi\u1ec7c<\/strong><\/p>\n<p>Khu v\u1ef1c l\u00e0m vi\u1ec7c b\u00ean d\u01b0\u1edbi c\u1ee7a Robot c\u0169ng c\u00f3 th\u1ec3 \u0111\u01b0\u1ee3c s\u1eed d\u1ee5ng. Gi\u00fap doanh nghi\u1ec7p t\u1eadn d\u1ee5ng t\u1ed1i \u0111a khu v\u1ef1c l\u00e0m vi\u1ec7c<\/p>\n<p>[\/vc_column_text][\/vc_column_inner][vc_column_inner width=&#8221;1\/2&#8243;][vc_column_text]<strong>3. Nhi\u1ec1u s\u1ef1 l\u01b0\u0323a cho\u0323n<\/strong><\/p>\n<p>Ngo\u00e0i linear robot ti\u00eau chu\u1ea9n, Kuka c\u00f2n ph\u00e1t tri\u1ec3n th\u00eam nhi\u1ec1u phi\u00ean b\u1ea3n Linear Robot kh\u00e1c nhau \u0111\u1ec3 s\u1eed d\u1ee5ng trong c\u00e1c \u1ee9ng d\u1ee5ng kh\u00e1c nhau v\u00e0 m\u00f4i tr\u01b0\u1eddng kh\u00e1c nhau.<\/p>\n<p><strong>4. B\u1ed9 \u0111i\u1ec1u khi\u1ec3n KUKA \u0111\u00e3 \u0111\u01b0\u1ee3c ch\u1ee9ng minh<\/strong><\/p>\n<p>Vi\u1ec7c s\u1eed d\u1ee5ng b\u1ed9 \u0111i\u1ec1u khi\u1ec3n KUKA KR C \u0111\u00e3 \u0111\u01b0\u1ee3c ch\u1ee9ng minh \u0111\u1ea3m b\u1ea3o kh\u1ea3 n\u0103ng t\u01b0\u01a1ng t\u00e1c tr\u01a1n tru v\u1edbi c\u00e1c th\u00e0nh ph\u1ea7n kh\u00e1c. V\u00ed d\u1ee5: v\u1edbi c\u00e1c r\u00f4-b\u1ed1t c\u00e1nh tay c\u00f3 kh\u1edbp KUKA.[\/vc_column_text][\/vc_column_inner][\/vc_row_inner][vc_video link=&#8221;https:\/\/www.youtube.com\/watch?v=Rmtn_yGTytk&amp;feature=emb_title&#8221; el_width=&#8221;60&#8243; align=&#8221;center&#8221;][vc_custom_heading text=&#8221;C\u00e1c phi\u00ean b\u1ea3n kh\u00e1c nhau c\u1ee7a Linear Robot&#8221; use_theme_fonts=&#8221;yes&#8221;]<div class=\"wt-separator-outer \">\n                                    <div class=\"wt-separator style-square\">\n                                        <span class=\"separator-left bg-primary\"><\/span>\n                                        <span class=\"separator-right bg-primary\"><\/span>\n                                    <\/div>\n                                <\/div>\n[vc_column_text]<\/p>\n<table width=\"814\">\n<tbody>\n<tr>\n<td width=\"157\">Robot type<\/td>\n<td width=\"104\">KR\u00a016L<\/td>\n<td width=\"116\">KR\u00a050L<\/td>\n<td width=\"107\">KR\u00a080L<\/td>\n<td width=\"115\">KR\u00a0300L<\/td>\n<td width=\"117\">KR\u00a0300LP<\/td>\n<td width=\"98\">KR\u00a0600LP<\/td>\n<\/tr>\n<tr>\n<td width=\"157\">T\u1ea3i tr\u1ecdng<\/td>\n<td width=\"104\">16 kg<\/td>\n<td width=\"116\">50 kg<\/td>\n<td width=\"107\">80 kg<\/td>\n<td width=\"115\">300 kg<\/td>\n<td width=\"117\">300 kg<\/td>\n<td width=\"98\">600 kg<\/td>\n<\/tr>\n<tr>\n<td width=\"157\">S\u1ed1 l\u01b0\u1ee3ng tr\u1ee5c<\/td>\n<td width=\"104\">3<\/td>\n<td width=\"116\">3<\/td>\n<td width=\"107\">3<\/td>\n<td width=\"115\">3<\/td>\n<td width=\"117\">3<\/td>\n<td width=\"98\">3<\/td>\n<\/tr>\n<tr>\n<td width=\"157\">\u0110\u1ed9 l\u1eb7p l\u1ea1i<\/td>\n<td width=\"104\">\u00b1 0,1 mm<\/td>\n<td width=\"116\">\u00b1 0,1 mm<\/td>\n<td width=\"107\">\u00b1 0,1 mm<\/td>\n<td width=\"115\">\u00b1 0,3 mm<\/td>\n<td width=\"117\">\u00b1 0,3 mm<\/td>\n<td width=\"98\">\u00b1 0,3 mm<\/td>\n<\/tr>\n<tr>\n<td width=\"157\">V\u1eadn t\u1ed1c A1<\/td>\n<td width=\"104\">3,0\u00a0m\/s<\/td>\n<td width=\"116\">3,0\u00a0m\/s<\/td>\n<td width=\"107\">2,6\u00a0m\/s<\/td>\n<td width=\"115\">2,0\u00a0m\/s<\/td>\n<td width=\"117\">2,6\u00a0m\/s<\/td>\n<td width=\"98\">2,0\u00a0m\/s<\/td>\n<\/tr>\n<tr>\n<td width=\"157\">V\u1eadn t\u1ed1c A2<\/td>\n<td width=\"104\">3,0 m\/s<\/td>\n<td width=\"116\">2,0 m\/s<\/td>\n<td width=\"107\">2,0 m\/s<\/td>\n<td width=\"115\">1,7 m\/s<\/td>\n<td width=\"117\">2,6 m\/s<\/td>\n<td width=\"98\">2,0 m\/s<\/td>\n<\/tr>\n<tr>\n<td width=\"157\">V\u1eadn t\u1ed1c A3<\/td>\n<td width=\"104\">4,0 m\/s<\/td>\n<td width=\"116\">3,0 m\/s<\/td>\n<td width=\"107\">3,0 m\/s<\/td>\n<td width=\"115\">1,0 m\/s<\/td>\n<td width=\"117\">1,4 m\/s<\/td>\n<td width=\"98\">1,3 m\/s<\/td>\n<\/tr>\n<tr>\n<td width=\"157\">H\u00e0nh tr\u00ecnh c\u01a1 b\u1ea3n A1<\/td>\n<td width=\"104\">1.500 mm<\/td>\n<td width=\"116\">1.500 mm<\/td>\n<td width=\"107\">1.500 mm<\/td>\n<td width=\"115\">1.500 mm<\/td>\n<td width=\"117\">1.500 mm<\/td>\n<td width=\"98\">4.000 mm<\/td>\n<\/tr>\n<tr>\n<td width=\"157\">H\u00e0nh tr\u00ecnh t\u1ed1i \u0111a A1<\/td>\n<td width=\"104\">15.000 mm<\/td>\n<td width=\"116\">45.000 mm<\/td>\n<td width=\"107\">45.000 mm<\/td>\n<td width=\"115\">45.000 mm<\/td>\n<td width=\"117\">45.000 mm<\/td>\n<td width=\"98\">45.000 mm<\/td>\n<\/tr>\n<tr>\n<td width=\"157\">H\u00e0nh tr\u00ecnh c\u01a1 b\u1ea3n A2<\/td>\n<td width=\"104\">500 mm<\/td>\n<td width=\"116\">500 mm<\/td>\n<td width=\"107\">500 mm<\/td>\n<td width=\"115\">500 mm<\/td>\n<td width=\"117\">2.500 mm<\/td>\n<td width=\"98\">4.000 mm<\/td>\n<\/tr>\n<tr>\n<td width=\"157\">H\u00e0nh tr\u00ecnh t\u1ed1i \u0111a A2<\/td>\n<td width=\"104\">1.000 mm<\/td>\n<td width=\"116\">1.500 mm<\/td>\n<td width=\"107\">2.000 mm<\/td>\n<td width=\"115\">2.000 mm<\/td>\n<td width=\"117\">6.000 mm<\/td>\n<td width=\"98\">9.500 mm<\/td>\n<\/tr>\n<tr>\n<td width=\"157\">H\u00e0nh tr\u00ecnh c\u01a1 b\u1ea3n A3<\/td>\n<td width=\"104\">500 mm<\/td>\n<td width=\"116\">1.000 mm<\/td>\n<td width=\"107\">1.000 mm<\/td>\n<td width=\"115\">1.000 mm<\/td>\n<td width=\"117\">1.000 mm<\/td>\n<td width=\"98\">1.000 mm<\/td>\n<\/tr>\n<tr>\n<td width=\"157\">H\u00e0nh tr\u00ecnh t\u1ed1i \u0111a A3<\/td>\n<td width=\"104\">1.500 mm<\/td>\n<td width=\"116\">2.500 mm<\/td>\n<td width=\"107\">2.500 mm<\/td>\n<td width=\"115\">2.500 mm<\/td>\n<td width=\"117\">2.500 mm<\/td>\n<td width=\"98\">2.500 mm<\/td>\n<\/tr>\n<tr>\n<td width=\"157\">Tr\u1ecdng l\u01b0\u1ee3ng v\u1edbi h\u00e0nh tr\u00ecnh c\u01a1 b\u1ea3n c\u1ee7a A1 &#8211; A3 (kh\u00f4ng c\u1ed9t, kh\u00f4ng t\u1ea3i<\/td>\n<td width=\"104\">ca. 310 kg<\/td>\n<td width=\"116\">ca. 580 kg<\/td>\n<td width=\"107\">ca. 1.040 kg<\/td>\n<td width=\"115\">ca. 2.270 kg<\/td>\n<td width=\"117\">ca. 2.300 kg<\/td>\n<td width=\"98\">ca. 4.900 kg<\/td>\n<\/tr>\n<tr>\n<td width=\"157\">T\u00e0i li\u1ec7u<\/td>\n<td width=\"104\"><\/td>\n<td width=\"116\"><\/td>\n<td width=\"107\"><a href=\"https:\/\/www.kuka.com\/-\/media\/kuka-downloads\/imported\/9cb8e311bfd744b4b0eab25ca883f6d3\/kuka_datasheet_linear_robot_kr_80l_en.pdf?rev=74d6d2fc53594544bd4ce607c2cbbac6&amp;hash=457A46D1D92155E1339DD652A09BE0D2\">T\u00e0i li\u1ec7u<\/a><\/td>\n<td width=\"115\"><\/td>\n<td width=\"117\"><a href=\"https:\/\/www.kuka.com\/-\/media\/kuka-downloads\/imported\/9cb8e311bfd744b4b0eab25ca883f6d3\/kuka_datasheet_linear_robot_kr_300lp_en.pdf?rev=be02248f556649938b2e3cbf0dd30a66&amp;hash=2A02085D596DE689900C5E1616BD08C5\">T\u00e0i li\u1ec7u<\/a><\/td>\n<td width=\"98\"><\/td>\n<\/tr>\n<\/tbody>\n<\/table>\n<p>[\/vc_column_text][\/vc_column][\/vc_row]<\/p>\n<\/div>","protected":false},"excerpt":{"rendered":"<p>[vc_row][vc_column][vc_custom_heading text=&#8221;Linear Robot &#8211; Robot gi\u00e0n&#8221; use_theme_fonts=&#8221;yes&#8221;][vc_row_inner][vc_column_inner width=&#8221;1\/2&#8243;][vc_column_text]Kuka cung c\u1ea5p c\u00e1c Linear Robot v\u1edbi c\u00e1c \u0111\u1ed9 d\u00e0i h\u00e0nh tr\u00ecnh kh\u00e1c nhau v\u00e0 c\u00e1c t\u00f9y ch\u1ecdn kh\u00e1c nhau \u0111\u1ec3 c\u00f3 th\u1ec3 gi\u00fap Robot \u0111\u1ea1t hi\u1ec7u qu\u1ea3 t\u1ed1t nh\u1ea5t khi l\u00e0m vi\u1ec7c gi\u1eefa Robot v\u00e0 h\u1ec7 th\u1ed1ng. Linear robot &#8211; robot gi\u00e0n th\u00edch h\u1ee3p cho c\u00e1c \u1ee9ng<\/p>\n","protected":false},"featured_media":1234,"comment_status":"closed","ping_status":"open","template":"","meta":[],"product_brand":[],"product_cat":[734],"product_tag":[],"class_list":{"0":"post-9097","1":"product","2":"type-product","3":"status-publish","4":"has-post-thumbnail","6":"product_cat-roboticindustrial-robotroboticlinear-robot","8":"first","9":"instock","10":"product-type-simple"},"acf":[],"yoast_head":"<!-- This site is optimized with the Yoast SEO plugin v25.1 - https:\/\/yoast.com\/wordpress\/plugins\/seo\/ -->\n<title>Linear Robot - Robot gi\u00e0n - V\u0169 L\u00ea Tech<\/title>\n<meta name=\"robots\" content=\"index, follow, max-snippet:-1, max-image-preview:large, max-video-preview:-1\" \/>\n<link rel=\"canonical\" href=\"http:\/\/vuletech.com\/product\/linear-robot-robot-gian\/\" \/>\n<meta property=\"og:locale\" content=\"en_US\" \/>\n<meta property=\"og:type\" content=\"article\" \/>\n<meta property=\"og:title\" content=\"Linear Robot - Robot gi\u00e0n - V\u0169 L\u00ea Tech\" \/>\n<meta property=\"og:description\" content=\"[vc_row][vc_column][vc_custom_heading text=&#8221;Linear Robot &#8211; Robot gi\u00e0n&#8221; use_theme_fonts=&#8221;yes&#8221;][vc_row_inner][vc_column_inner width=&#8221;1\/2&#8243;][vc_column_text]Kuka cung c\u1ea5p c\u00e1c Linear Robot v\u1edbi c\u00e1c \u0111\u1ed9 d\u00e0i h\u00e0nh tr\u00ecnh kh\u00e1c nhau v\u00e0 c\u00e1c t\u00f9y ch\u1ecdn kh\u00e1c nhau \u0111\u1ec3 c\u00f3 th\u1ec3 gi\u00fap Robot \u0111\u1ea1t hi\u1ec7u qu\u1ea3 t\u1ed1t nh\u1ea5t khi l\u00e0m vi\u1ec7c gi\u1eefa Robot v\u00e0 h\u1ec7 th\u1ed1ng. Linear robot &#8211; robot gi\u00e0n th\u00edch h\u1ee3p cho c\u00e1c \u1ee9ng\" \/>\n<meta property=\"og:url\" content=\"http:\/\/vuletech.com\/product\/linear-robot-robot-gian\/\" \/>\n<meta property=\"og:site_name\" content=\"V\u0169 L\u00ea Tech\" \/>\n<meta property=\"article:modified_time\" content=\"2025-04-25T04:01:36+00:00\" \/>\n<meta property=\"og:image\" content=\"http:\/\/vuletech.com\/wp-content\/uploads\/2020\/09\/Laserschneidportal.jpg\" \/>\n\t<meta property=\"og:image:width\" content=\"767\" \/>\n\t<meta property=\"og:image:height\" content=\"432\" \/>\n\t<meta property=\"og:image:type\" content=\"image\/jpeg\" \/>\n<meta name=\"twitter:card\" content=\"summary_large_image\" \/>\n<meta name=\"twitter:label1\" content=\"Est. reading time\" \/>\n\t<meta name=\"twitter:data1\" content=\"3 minutes\" \/>\n<script type=\"application\/ld+json\" class=\"yoast-schema-graph\">{\"@context\":\"https:\/\/schema.org\",\"@graph\":[{\"@type\":\"WebPage\",\"@id\":\"http:\/\/vuletech.com\/product\/linear-robot-robot-gian\/\",\"url\":\"http:\/\/vuletech.com\/product\/linear-robot-robot-gian\/\",\"name\":\"Linear Robot - Robot gi\u00e0n - V\u0169 L\u00ea Tech\",\"isPartOf\":{\"@id\":\"https:\/\/vuletech.com\/#website\"},\"primaryImageOfPage\":{\"@id\":\"http:\/\/vuletech.com\/product\/linear-robot-robot-gian\/#primaryimage\"},\"image\":{\"@id\":\"http:\/\/vuletech.com\/product\/linear-robot-robot-gian\/#primaryimage\"},\"thumbnailUrl\":\"http:\/\/vuletech.com\/wp-content\/uploads\/2020\/09\/Laserschneidportal.jpg\",\"datePublished\":\"2025-04-25T04:01:34+00:00\",\"dateModified\":\"2025-04-25T04:01:36+00:00\",\"breadcrumb\":{\"@id\":\"http:\/\/vuletech.com\/product\/linear-robot-robot-gian\/#breadcrumb\"},\"inLanguage\":\"en-US\",\"potentialAction\":[{\"@type\":\"ReadAction\",\"target\":[\"http:\/\/vuletech.com\/product\/linear-robot-robot-gian\/\"]}]},{\"@type\":\"ImageObject\",\"inLanguage\":\"en-US\",\"@id\":\"http:\/\/vuletech.com\/product\/linear-robot-robot-gian\/#primaryimage\",\"url\":\"http:\/\/vuletech.com\/wp-content\/uploads\/2020\/09\/Laserschneidportal.jpg\",\"contentUrl\":\"http:\/\/vuletech.com\/wp-content\/uploads\/2020\/09\/Laserschneidportal.jpg\",\"width\":767,\"height\":432},{\"@type\":\"BreadcrumbList\",\"@id\":\"http:\/\/vuletech.com\/product\/linear-robot-robot-gian\/#breadcrumb\",\"itemListElement\":[{\"@type\":\"ListItem\",\"position\":1,\"name\":\"Home\",\"item\":\"http:\/\/vuletech.com\/en\/\"},{\"@type\":\"ListItem\",\"position\":2,\"name\":\"Product\",\"item\":\"https:\/\/vuletech.com\/product\/\"},{\"@type\":\"ListItem\",\"position\":3,\"name\":\"Linear Robot &#8211; Robot gi\u00e0n\"}]},{\"@type\":\"WebSite\",\"@id\":\"https:\/\/vuletech.com\/#website\",\"url\":\"https:\/\/vuletech.com\/\",\"name\":\"V\u0169 L\u00ea Tech\",\"description\":\"Our Solution - Your Value\",\"potentialAction\":[{\"@type\":\"SearchAction\",\"target\":{\"@type\":\"EntryPoint\",\"urlTemplate\":\"https:\/\/vuletech.com\/?s={search_term_string}\"},\"query-input\":{\"@type\":\"PropertyValueSpecification\",\"valueRequired\":true,\"valueName\":\"search_term_string\"}}],\"inLanguage\":\"en-US\"}]}<\/script>\n<!-- \/ Yoast SEO plugin. -->","yoast_head_json":{"title":"Linear Robot - Robot gi\u00e0n - V\u0169 L\u00ea Tech","robots":{"index":"index","follow":"follow","max-snippet":"max-snippet:-1","max-image-preview":"max-image-preview:large","max-video-preview":"max-video-preview:-1"},"canonical":"http:\/\/vuletech.com\/product\/linear-robot-robot-gian\/","og_locale":"en_US","og_type":"article","og_title":"Linear Robot - Robot gi\u00e0n - V\u0169 L\u00ea Tech","og_description":"[vc_row][vc_column][vc_custom_heading text=&#8221;Linear Robot &#8211; Robot gi\u00e0n&#8221; use_theme_fonts=&#8221;yes&#8221;][vc_row_inner][vc_column_inner width=&#8221;1\/2&#8243;][vc_column_text]Kuka cung c\u1ea5p c\u00e1c Linear Robot v\u1edbi c\u00e1c \u0111\u1ed9 d\u00e0i h\u00e0nh tr\u00ecnh kh\u00e1c nhau v\u00e0 c\u00e1c t\u00f9y ch\u1ecdn kh\u00e1c nhau \u0111\u1ec3 c\u00f3 th\u1ec3 gi\u00fap Robot \u0111\u1ea1t hi\u1ec7u qu\u1ea3 t\u1ed1t nh\u1ea5t khi l\u00e0m vi\u1ec7c gi\u1eefa Robot v\u00e0 h\u1ec7 th\u1ed1ng. Linear robot &#8211; robot gi\u00e0n th\u00edch h\u1ee3p cho c\u00e1c \u1ee9ng","og_url":"http:\/\/vuletech.com\/product\/linear-robot-robot-gian\/","og_site_name":"V\u0169 L\u00ea Tech","article_modified_time":"2025-04-25T04:01:36+00:00","og_image":[{"width":767,"height":432,"url":"http:\/\/vuletech.com\/wp-content\/uploads\/2020\/09\/Laserschneidportal.jpg","type":"image\/jpeg"}],"twitter_card":"summary_large_image","twitter_misc":{"Est. reading time":"3 minutes"},"schema":{"@context":"https:\/\/schema.org","@graph":[{"@type":"WebPage","@id":"http:\/\/vuletech.com\/product\/linear-robot-robot-gian\/","url":"http:\/\/vuletech.com\/product\/linear-robot-robot-gian\/","name":"Linear Robot - Robot gi\u00e0n - V\u0169 L\u00ea Tech","isPartOf":{"@id":"https:\/\/vuletech.com\/#website"},"primaryImageOfPage":{"@id":"http:\/\/vuletech.com\/product\/linear-robot-robot-gian\/#primaryimage"},"image":{"@id":"http:\/\/vuletech.com\/product\/linear-robot-robot-gian\/#primaryimage"},"thumbnailUrl":"http:\/\/vuletech.com\/wp-content\/uploads\/2020\/09\/Laserschneidportal.jpg","datePublished":"2025-04-25T04:01:34+00:00","dateModified":"2025-04-25T04:01:36+00:00","breadcrumb":{"@id":"http:\/\/vuletech.com\/product\/linear-robot-robot-gian\/#breadcrumb"},"inLanguage":"en-US","potentialAction":[{"@type":"ReadAction","target":["http:\/\/vuletech.com\/product\/linear-robot-robot-gian\/"]}]},{"@type":"ImageObject","inLanguage":"en-US","@id":"http:\/\/vuletech.com\/product\/linear-robot-robot-gian\/#primaryimage","url":"http:\/\/vuletech.com\/wp-content\/uploads\/2020\/09\/Laserschneidportal.jpg","contentUrl":"http:\/\/vuletech.com\/wp-content\/uploads\/2020\/09\/Laserschneidportal.jpg","width":767,"height":432},{"@type":"BreadcrumbList","@id":"http:\/\/vuletech.com\/product\/linear-robot-robot-gian\/#breadcrumb","itemListElement":[{"@type":"ListItem","position":1,"name":"Home","item":"http:\/\/vuletech.com\/en\/"},{"@type":"ListItem","position":2,"name":"Product","item":"https:\/\/vuletech.com\/product\/"},{"@type":"ListItem","position":3,"name":"Linear Robot &#8211; Robot gi\u00e0n"}]},{"@type":"WebSite","@id":"https:\/\/vuletech.com\/#website","url":"https:\/\/vuletech.com\/","name":"V\u0169 L\u00ea Tech","description":"Our Solution - Your Value","potentialAction":[{"@type":"SearchAction","target":{"@type":"EntryPoint","urlTemplate":"https:\/\/vuletech.com\/?s={search_term_string}"},"query-input":{"@type":"PropertyValueSpecification","valueRequired":true,"valueName":"search_term_string"}}],"inLanguage":"en-US"}]}},"_links":{"self":[{"href":"http:\/\/vuletech.com\/en\/wp-json\/wp\/v2\/product\/9097","targetHints":{"allow":["GET"]}}],"collection":[{"href":"http:\/\/vuletech.com\/en\/wp-json\/wp\/v2\/product"}],"about":[{"href":"http:\/\/vuletech.com\/en\/wp-json\/wp\/v2\/types\/product"}],"replies":[{"embeddable":true,"href":"http:\/\/vuletech.com\/en\/wp-json\/wp\/v2\/comments?post=9097"}],"wp:featuredmedia":[{"embeddable":true,"href":"http:\/\/vuletech.com\/en\/wp-json\/wp\/v2\/media\/1234"}],"wp:attachment":[{"href":"http:\/\/vuletech.com\/en\/wp-json\/wp\/v2\/media?parent=9097"}],"wp:term":[{"taxonomy":"product_brand","embeddable":true,"href":"http:\/\/vuletech.com\/en\/wp-json\/wp\/v2\/product_brand?post=9097"},{"taxonomy":"product_cat","embeddable":true,"href":"http:\/\/vuletech.com\/en\/wp-json\/wp\/v2\/product_cat?post=9097"},{"taxonomy":"product_tag","embeddable":true,"href":"http:\/\/vuletech.com\/en\/wp-json\/wp\/v2\/product_tag?post=9097"}],"curies":[{"name":"wp","href":"https:\/\/api.w.org\/{rel}","templated":true}]}}