{"id":9098,"date":"2025-04-25T11:01:34","date_gmt":"2025-04-25T04:01:34","guid":{"rendered":"https:\/\/vuletech.com\/product\/kr-iontec\/"},"modified":"2025-04-25T11:01:37","modified_gmt":"2025-04-25T04:01:37","slug":"kr-iontec","status":"publish","type":"product","link":"http:\/\/vuletech.com\/en\/product\/kr-iontec\/","title":{"rendered":"KR IONTEC"},"content":{"rendered":"<div class=\"wpb-content-wrapper\"><p>[vc_row][vc_column][vc_custom_heading text=&#8221;KR IONTEC&#8221; use_theme_fonts=&#8221;yes&#8221;]<div class=\"wt-separator-outer \">\n                                    <div class=\"wt-separator style-square\">\n                                        <span class=\"separator-left bg-primary\"><\/span>\n                                        <span class=\"separator-right bg-primary\"><\/span>\n                                    <\/div>\n                                <\/div>\n[vc_row_inner][vc_column_inner][vc_column_text]KR IONTEC l\u00e0 robot c\u00f3 l\u1edbp v\u1ecf t\u1ed1t nh\u1ea5t so v\u1edbi c\u00e1c robot c\u00f9ng lo\u1ea1i v\u00e0 c\u00f3 t\u1ea3i tr\u1ecdng t\u1eeb 30 \u0111\u1ebfn 70 kg. Tay n\u1ed1i gripper \u00a0c\u1ee7a KR IONTEC \u0111\u01b0\u1ee3c ph\u1ee7 l\u1edbp b\u1ea3o v\u1ec7 ch\u1ed1ng th\u1ea5m n\u01b0\u1edbc v\u00e0 ch\u1ed1ng b\u1ee5i. \u00a0Ngo\u00e0i ra, KR IONTEC c\u00f3 th\u1ec3 \u1ee9ng d\u1ee5ng trong ng\u00e0nh \u0111\u00fac v\u1edbi ph\u1ea1m vi nhi\u1ec7t \u0111\u1ed9 m\u00f4i tr\u01b0\u1eddng t\u1eeb 0 \u00b0 \u0111\u1ebfn 55 \u00b0 C.[\/vc_column_text][\/vc_column_inner][\/vc_row_inner][vc_single_image image=&#8221;1240&#8243; img_size=&#8221;full&#8221; alignment=&#8221;center&#8221;][\/vc_column][\/vc_row][vc_row][vc_column][vc_custom_heading text=&#8221;\u01afu \u0111i\u1ec3m c\u1ee7a Robot KR IONTEC&#8221; use_theme_fonts=&#8221;yes&#8221;]<div class=\"wt-separator-outer \">\n                                    <div class=\"wt-separator style-square\">\n                                        <span class=\"separator-left bg-primary\"><\/span>\n                                        <span class=\"separator-right bg-primary\"><\/span>\n                                    <\/div>\n                                <\/div>\n[vc_row_inner][vc_column_inner width=&#8221;1\/2&#8243;][vc_column_text]<strong>1. D\u1ec5 d\u00e0ng set up c\u00e1c c\u00e1c quy tr\u00ecnh<\/strong><\/p>\n<p>Nh\u1edd ch\u1ebf \u0111\u1ed9 set up k\u1ef9 thu\u1eadt s\u1ed1, ng\u01b0\u1eddi d\u00f9ng c\u00f3 th\u1ec3 \u0111i\u1ec1u ch\u1ec9nh hi\u1ec7u su\u1ea5t c\u1ee7a r\u00f4 b\u1ed1t v\u1edbi c\u00e1c quy tr\u00ecnh kh\u00e1c nhau, t\u00f9y thu\u1ed9c v\u00e0o nhu c\u1ea7u c\u1ee7a t\u1eebng \u1ee9ng d\u1ee5ng.<\/p>\n<p><strong>2. Nhu c\u1ea7u y\u00eau c\u1ea7u b\u1ea3o tr\u00ec th\u1ea5p<\/strong><\/p>\n<p>KR IONTEC ch\u1ec9 c\u1ea7n thay nh\u1edbt sau 20.000 gi\u1edd v\u1eadn h\u00e0nh.<\/p>\n<p>Robot c\u0169ng c\u00f3 thi\u1ebft k\u1ebf c\u1ed5 tay n\u1ed1i gripper th\u1eb3ng h\u00e0ng kh\u00f4ng c\u00f3 th\u1eaft l\u01b0ng.<\/p>\n<p><strong>3. Ti\u1ebft ki\u1ec7m di\u1ec7n t\u00edch s\u1eed d\u1ee5ng<\/strong><\/p>\n<p>KR IONTEC v\u1edbi thi\u1ebft k\u1ebf nh\u1ecf g\u1ecdn kh\u00f4ng chi\u1ebfm qu\u00e1 nhi\u1ec1u di\u1ec7n t\u00edch l\u1eafp \u0111\u1eb7t. Gi\u00fap doanh nghi\u1ec7p s\u1eed d\u1ee5ng khu v\u1ef1c l\u00e0m vi\u1ec7c hi\u1ec7u qu\u1ea3.<\/p>\n<p><strong>4. Chi ph\u00ed s\u1eefa ch\u1eefa th\u1ea5p<\/strong><\/p>\n<p>KR IONTEC y\u00eau c\u1ea7u \u00edt ph\u1ee5 t\u00f9ng h\u01a1n 50% so v\u1edbi m\u00f4 h\u00ecnh c\u0169. V\u00e0 c\u00e1c ph\u1ee5 t\u00f9ng kh\u00e1c \u0111\u1ec1u c\u00f3 s\u1eb5n trong 25 n\u0103m, gi\u00fap doanh nghi\u1ec7p c\u00f3 th\u1ec3 l\u1eadp k\u1ebf ho\u1ea1ch d\u00e0i h\u1ea1n.[\/vc_column_text][\/vc_column_inner][vc_column_inner width=&#8221;1\/2&#8243;][vc_column_text]<strong>5. C\u00f3 th\u1ec3 chuy\u1ec3n \u0111\u1ed5i c\u00f4ng su\u1ea5t t\u1ea3i tr\u1ecdng<\/strong><\/p>\n<p>Doanh nghi\u1ec7p c\u00f3 th\u1ec3 thay \u0111\u1ed5i kh\u1ea3 n\u0103ng ch\u1ecbu t\u1ea3i c\u1ee7a KR IONTEC cho ph\u00e9p s\u1eed d\u1ee5ng Robot linh ho\u1ea1t t\u1ed1i \u0111a trong qu\u00e1 tr\u00ecnh s\u1ea3n xu\u1ea5t.<\/p>\n<p><strong>6. V\u1eadn h\u00e0nh \u0111\u01a1n gi\u1ea3n:<\/strong><\/p>\n<p>Kh\u00f4ng c\u1ea7n \u0111\u00e0o t\u1ea1o nhi\u1ec1u v\u1eabn c\u00f3 th\u1ec3 v\u1eadn h\u00e0nh KR IONTEC.<\/p>\n<p><strong>7. H\u1ec7 th\u1ed1ng cung c\u1ea5p n\u0103ng l\u01b0\u1ee3ng t\u1ed1i \u01b0u<\/strong><\/p>\n<p>Tr\u1ee5c r\u1ed7ng A1 c\u00f3 \u0111\u01b0\u1eddng k\u00ednh 119 mm \u0111\u1ea3m b\u1ea3o cung c\u1ea5p n\u0103ng l\u01b0\u1ee3ng v\u1edbi di\u1ec7n t\u00edch t\u1ed1i thi\u1ec3u.<\/p>\n<p><strong>8. B\u1ea3o v\u1ec7 ESD<\/strong><\/p>\n<p>Robot \u0111\u01b0\u1ee3c b\u1ea3o v\u1ec7 theo ti\u00eau chu\u1ea9n ch\u1ed1ng l\u1ea1i qu\u00e1 tr\u00ecnh s\u1ea1c ho\u1eb7c ph\u00f3ng \u0111i\u1ec7n kh\u00f4ng ki\u1ec3m so\u00e1t.[\/vc_column_text][\/vc_column_inner][\/vc_row_inner][vc_video link=&#8221;https:\/\/www.youtube.com\/watch?v=9h8vbl1j6_E&#8221; el_width=&#8221;60&#8243; align=&#8221;center&#8221;][vc_custom_heading text=&#8221;T\u1ed5ng quan v\u1ec1 c\u00e1c lo\u1ea1i KR IONTEC&#8221; use_theme_fonts=&#8221;yes&#8221;]<div class=\"wt-separator-outer \">\n                                    <div class=\"wt-separator style-square\">\n                                        <span class=\"separator-left bg-primary\"><\/span>\n                                        <span class=\"separator-right bg-primary\"><\/span>\n                                    <\/div>\n                                <\/div>\n[vc_column_text]<\/p>\n<table width=\"639\">\n<tbody>\n<tr>\n<td width=\"157\"><\/td>\n<td width=\"144\">KR 20 R3100<\/td>\n<td width=\"116\">KR 30 R2100<\/td>\n<td width=\"107\">KR 50 R2100<\/td>\n<td width=\"115\">KR 50 R2500<\/td>\n<\/tr>\n<tr>\n<td width=\"157\">T\u1ea3i tr\u1ecdng<\/td>\n<td width=\"144\">20\u00a0kg<\/td>\n<td width=\"116\">30\u00a0kg<\/td>\n<td width=\"107\">50\u00a0kg<\/td>\n<td width=\"115\">50\u00a0kg<\/td>\n<\/tr>\n<tr>\n<td width=\"157\">T\u1ea7m v\u1edbi<\/td>\n<td width=\"144\">3100\u00a0mm<\/td>\n<td width=\"116\">2100\u00a0mm<\/td>\n<td width=\"107\">2100\u00a0mm<\/td>\n<td width=\"115\">2500\u00a0mm<\/td>\n<\/tr>\n<tr>\n<td width=\"157\">Lo\u1ea1i c\u1ea5u t\u1ea1o<\/td>\n<td width=\"144\">Ti\u00eau chu\u1ea9n<\/td>\n<td width=\"116\">Ti\u00eau chu\u1ea9n<\/td>\n<td width=\"107\">Ti\u00eau chu\u1ea9n<\/td>\n<td width=\"115\">Ti\u00eau chu\u1ea9n<\/td>\n<\/tr>\n<tr>\n<td width=\"157\">Mo\u00f4i tr\u01b0\u1eddng<\/td>\n<td width=\"144\">Ti\u00eau chu\u1ea9n<\/td>\n<td width=\"116\">Ti\u00eau chu\u1ea9n<\/td>\n<td width=\"107\">Ti\u00eau chu\u1ea9n<\/td>\n<td width=\"115\">Ti\u00eau chu\u1ea9n<\/td>\n<\/tr>\n<tr>\n<td rowspan=\"4\" width=\"157\">V\u1ecb tr\u00ed l\u1eafp \u0111\u1eb7t<\/td>\n<td width=\"144\">G\u00f3c t\u01b0\u1eddng<\/td>\n<td width=\"116\">G\u00f3c t\u01b0\u1eddng<\/td>\n<td width=\"107\">G\u00f3c t\u01b0\u1eddng<\/td>\n<td width=\"115\">G\u00f3c t\u01b0\u1eddng<\/td>\n<\/tr>\n<tr>\n<td width=\"144\">Tr\u1ea7n nh\u00e0<\/td>\n<td width=\"116\">Tr\u1ea7n nh\u00e0<\/td>\n<td width=\"107\">Tr\u1ea7n nh\u00e0<\/td>\n<td width=\"115\">Tr\u1ea7n nh\u00e0<\/td>\n<\/tr>\n<tr>\n<td width=\"144\">S\u00e0n nh\u00e0<\/td>\n<td width=\"116\">S\u00e0n nh\u00e0<\/td>\n<td width=\"107\">S\u00e0n nh\u00e0<\/td>\n<td width=\"115\">S\u00e0n nh\u00e0<\/td>\n<\/tr>\n<tr>\n<td width=\"144\">T\u01b0\u1eddng nh\u00e0<\/td>\n<td width=\"116\">T\u01b0\u1eddng nh\u00e0<\/td>\n<td width=\"107\">T\u01b0\u1eddng nh\u00e0<\/td>\n<td width=\"115\">T\u01b0\u1eddng nh\u00e0<\/td>\n<\/tr>\n<tr>\n<td rowspan=\"2\" width=\"157\">Ch\u1ec9 s\u1ed1 b\u1ea3o v\u1ec7 IP<\/td>\n<td rowspan=\"2\" width=\"144\">IP 65<\/td>\n<td width=\"116\">IP 65<\/td>\n<td width=\"107\">IP 65<\/td>\n<td width=\"115\">IP 65<\/td>\n<\/tr>\n<tr>\n<td width=\"116\">IP 67<\/td>\n<td width=\"107\">IP 67<\/td>\n<td width=\"115\">IP 67<\/td>\n<\/tr>\n<\/tbody>\n<\/table>\n<p>[\/vc_column_text][vc_tta_tabs][vc_tta_section title=&#8221;T\u00e0i li\u1ec7u&#8221; tab_id=&#8221;1600336572371-a7068b34-1972&#8243;][vc_column_text]<\/p>\n<table width=\"301\">\n<tbody>\n<tr>\n<td width=\"157\">KR IONTEC<\/td>\n<td width=\"144\"><a href=\"http:\/\/vuletech.southteam.vn\/wp-content\/uploads\/2020\/09\/KUKA_Flyer_KR_IONTEC_EN.pdf\">KUKA_Flyer_KR_IONTEC_EN<\/a><\/td>\n<\/tr>\n<\/tbody>\n<\/table>\n<p>[\/vc_column_text][\/vc_tta_section][\/vc_tta_tabs][\/vc_column][\/vc_row]<\/p>\n<\/div>","protected":false},"excerpt":{"rendered":"<p>[vc_row][vc_column][vc_custom_heading text=&#8221;KR IONTEC&#8221; use_theme_fonts=&#8221;yes&#8221;][vc_row_inner][vc_column_inner][vc_column_text]KR IONTEC l\u00e0 robot c\u00f3 l\u1edbp v\u1ecf t\u1ed1t nh\u1ea5t so v\u1edbi c\u00e1c robot c\u00f9ng lo\u1ea1i v\u00e0 c\u00f3 t\u1ea3i tr\u1ecdng t\u1eeb 30 \u0111\u1ebfn 70 kg. Tay n\u1ed1i gripper \u00a0c\u1ee7a KR IONTEC \u0111\u01b0\u1ee3c ph\u1ee7 l\u1edbp b\u1ea3o v\u1ec7 ch\u1ed1ng th\u1ea5m n\u01b0\u1edbc v\u00e0 ch\u1ed1ng b\u1ee5i. \u00a0Ngo\u00e0i ra, KR IONTEC c\u00f3 th\u1ec3 \u1ee9ng d\u1ee5ng trong ng\u00e0nh \u0111\u00fac<\/p>\n","protected":false},"featured_media":1240,"comment_status":"closed","ping_status":"open","template":"","meta":[],"product_brand":[],"product_cat":[732],"product_tag":[],"class_list":{"0":"post-9098","1":"product","2":"type-product","3":"status-publish","4":"has-post-thumbnail","6":"product_cat-roboticindustrial-robot","8":"first","9":"instock","10":"product-type-simple"},"acf":[],"yoast_head":"<!-- This site is optimized with the Yoast SEO plugin v25.1 - https:\/\/yoast.com\/wordpress\/plugins\/seo\/ -->\n<title>KR IONTEC - V\u0169 L\u00ea Tech<\/title>\n<meta name=\"robots\" content=\"index, follow, max-snippet:-1, max-image-preview:large, max-video-preview:-1\" \/>\n<link rel=\"canonical\" href=\"http:\/\/vuletech.com\/product\/kr-iontec\/\" \/>\n<meta property=\"og:locale\" content=\"en_US\" \/>\n<meta property=\"og:type\" content=\"article\" \/>\n<meta property=\"og:title\" content=\"KR IONTEC - V\u0169 L\u00ea Tech\" \/>\n<meta property=\"og:description\" content=\"[vc_row][vc_column][vc_custom_heading text=&#8221;KR IONTEC&#8221; use_theme_fonts=&#8221;yes&#8221;][vc_row_inner][vc_column_inner][vc_column_text]KR IONTEC l\u00e0 robot c\u00f3 l\u1edbp v\u1ecf t\u1ed1t nh\u1ea5t so v\u1edbi c\u00e1c robot c\u00f9ng lo\u1ea1i v\u00e0 c\u00f3 t\u1ea3i tr\u1ecdng t\u1eeb 30 \u0111\u1ebfn 70 kg. Tay n\u1ed1i gripper \u00a0c\u1ee7a KR IONTEC \u0111\u01b0\u1ee3c ph\u1ee7 l\u1edbp b\u1ea3o v\u1ec7 ch\u1ed1ng th\u1ea5m n\u01b0\u1edbc v\u00e0 ch\u1ed1ng b\u1ee5i. \u00a0Ngo\u00e0i ra, KR IONTEC c\u00f3 th\u1ec3 \u1ee9ng d\u1ee5ng trong ng\u00e0nh \u0111\u00fac\" \/>\n<meta property=\"og:url\" content=\"http:\/\/vuletech.com\/product\/kr-iontec\/\" \/>\n<meta property=\"og:site_name\" content=\"V\u0169 L\u00ea Tech\" \/>\n<meta property=\"article:modified_time\" content=\"2025-04-25T04:01:37+00:00\" \/>\n<meta property=\"og:image\" content=\"http:\/\/vuletech.com\/wp-content\/uploads\/2020\/09\/KR_IONTEC_Teaser_Picture.jpg\" \/>\n\t<meta property=\"og:image:width\" content=\"767\" \/>\n\t<meta property=\"og:image:height\" content=\"431\" \/>\n\t<meta property=\"og:image:type\" content=\"image\/jpeg\" \/>\n<meta name=\"twitter:card\" content=\"summary_large_image\" \/>\n<meta name=\"twitter:label1\" content=\"Est. reading time\" \/>\n\t<meta name=\"twitter:data1\" content=\"4 minutes\" \/>\n<script type=\"application\/ld+json\" class=\"yoast-schema-graph\">{\"@context\":\"https:\/\/schema.org\",\"@graph\":[{\"@type\":\"WebPage\",\"@id\":\"http:\/\/vuletech.com\/product\/kr-iontec\/\",\"url\":\"http:\/\/vuletech.com\/product\/kr-iontec\/\",\"name\":\"KR IONTEC - V\u0169 L\u00ea Tech\",\"isPartOf\":{\"@id\":\"https:\/\/vuletech.com\/#website\"},\"primaryImageOfPage\":{\"@id\":\"http:\/\/vuletech.com\/product\/kr-iontec\/#primaryimage\"},\"image\":{\"@id\":\"http:\/\/vuletech.com\/product\/kr-iontec\/#primaryimage\"},\"thumbnailUrl\":\"http:\/\/vuletech.com\/wp-content\/uploads\/2020\/09\/KR_IONTEC_Teaser_Picture.jpg\",\"datePublished\":\"2025-04-25T04:01:34+00:00\",\"dateModified\":\"2025-04-25T04:01:37+00:00\",\"breadcrumb\":{\"@id\":\"http:\/\/vuletech.com\/product\/kr-iontec\/#breadcrumb\"},\"inLanguage\":\"en-US\",\"potentialAction\":[{\"@type\":\"ReadAction\",\"target\":[\"http:\/\/vuletech.com\/product\/kr-iontec\/\"]}]},{\"@type\":\"ImageObject\",\"inLanguage\":\"en-US\",\"@id\":\"http:\/\/vuletech.com\/product\/kr-iontec\/#primaryimage\",\"url\":\"http:\/\/vuletech.com\/wp-content\/uploads\/2020\/09\/KR_IONTEC_Teaser_Picture.jpg\",\"contentUrl\":\"http:\/\/vuletech.com\/wp-content\/uploads\/2020\/09\/KR_IONTEC_Teaser_Picture.jpg\",\"width\":767,\"height\":431,\"caption\":\"KR IONTEC\"},{\"@type\":\"BreadcrumbList\",\"@id\":\"http:\/\/vuletech.com\/product\/kr-iontec\/#breadcrumb\",\"itemListElement\":[{\"@type\":\"ListItem\",\"position\":1,\"name\":\"Home\",\"item\":\"http:\/\/vuletech.com\/en\/\"},{\"@type\":\"ListItem\",\"position\":2,\"name\":\"Product\",\"item\":\"https:\/\/vuletech.com\/product\/\"},{\"@type\":\"ListItem\",\"position\":3,\"name\":\"KR IONTEC\"}]},{\"@type\":\"WebSite\",\"@id\":\"https:\/\/vuletech.com\/#website\",\"url\":\"https:\/\/vuletech.com\/\",\"name\":\"V\u0169 L\u00ea Tech\",\"description\":\"Our Solution - Your Value\",\"potentialAction\":[{\"@type\":\"SearchAction\",\"target\":{\"@type\":\"EntryPoint\",\"urlTemplate\":\"https:\/\/vuletech.com\/?s={search_term_string}\"},\"query-input\":{\"@type\":\"PropertyValueSpecification\",\"valueRequired\":true,\"valueName\":\"search_term_string\"}}],\"inLanguage\":\"en-US\"}]}<\/script>\n<!-- \/ Yoast SEO plugin. -->","yoast_head_json":{"title":"KR IONTEC - V\u0169 L\u00ea Tech","robots":{"index":"index","follow":"follow","max-snippet":"max-snippet:-1","max-image-preview":"max-image-preview:large","max-video-preview":"max-video-preview:-1"},"canonical":"http:\/\/vuletech.com\/product\/kr-iontec\/","og_locale":"en_US","og_type":"article","og_title":"KR IONTEC - V\u0169 L\u00ea Tech","og_description":"[vc_row][vc_column][vc_custom_heading text=&#8221;KR IONTEC&#8221; use_theme_fonts=&#8221;yes&#8221;][vc_row_inner][vc_column_inner][vc_column_text]KR IONTEC l\u00e0 robot c\u00f3 l\u1edbp v\u1ecf t\u1ed1t nh\u1ea5t so v\u1edbi c\u00e1c robot c\u00f9ng lo\u1ea1i v\u00e0 c\u00f3 t\u1ea3i tr\u1ecdng t\u1eeb 30 \u0111\u1ebfn 70 kg. Tay n\u1ed1i gripper \u00a0c\u1ee7a KR IONTEC \u0111\u01b0\u1ee3c ph\u1ee7 l\u1edbp b\u1ea3o v\u1ec7 ch\u1ed1ng th\u1ea5m n\u01b0\u1edbc v\u00e0 ch\u1ed1ng b\u1ee5i. \u00a0Ngo\u00e0i ra, KR IONTEC c\u00f3 th\u1ec3 \u1ee9ng d\u1ee5ng trong ng\u00e0nh \u0111\u00fac","og_url":"http:\/\/vuletech.com\/product\/kr-iontec\/","og_site_name":"V\u0169 L\u00ea Tech","article_modified_time":"2025-04-25T04:01:37+00:00","og_image":[{"width":767,"height":431,"url":"http:\/\/vuletech.com\/wp-content\/uploads\/2020\/09\/KR_IONTEC_Teaser_Picture.jpg","type":"image\/jpeg"}],"twitter_card":"summary_large_image","twitter_misc":{"Est. reading time":"4 minutes"},"schema":{"@context":"https:\/\/schema.org","@graph":[{"@type":"WebPage","@id":"http:\/\/vuletech.com\/product\/kr-iontec\/","url":"http:\/\/vuletech.com\/product\/kr-iontec\/","name":"KR IONTEC - V\u0169 L\u00ea Tech","isPartOf":{"@id":"https:\/\/vuletech.com\/#website"},"primaryImageOfPage":{"@id":"http:\/\/vuletech.com\/product\/kr-iontec\/#primaryimage"},"image":{"@id":"http:\/\/vuletech.com\/product\/kr-iontec\/#primaryimage"},"thumbnailUrl":"http:\/\/vuletech.com\/wp-content\/uploads\/2020\/09\/KR_IONTEC_Teaser_Picture.jpg","datePublished":"2025-04-25T04:01:34+00:00","dateModified":"2025-04-25T04:01:37+00:00","breadcrumb":{"@id":"http:\/\/vuletech.com\/product\/kr-iontec\/#breadcrumb"},"inLanguage":"en-US","potentialAction":[{"@type":"ReadAction","target":["http:\/\/vuletech.com\/product\/kr-iontec\/"]}]},{"@type":"ImageObject","inLanguage":"en-US","@id":"http:\/\/vuletech.com\/product\/kr-iontec\/#primaryimage","url":"http:\/\/vuletech.com\/wp-content\/uploads\/2020\/09\/KR_IONTEC_Teaser_Picture.jpg","contentUrl":"http:\/\/vuletech.com\/wp-content\/uploads\/2020\/09\/KR_IONTEC_Teaser_Picture.jpg","width":767,"height":431,"caption":"KR IONTEC"},{"@type":"BreadcrumbList","@id":"http:\/\/vuletech.com\/product\/kr-iontec\/#breadcrumb","itemListElement":[{"@type":"ListItem","position":1,"name":"Home","item":"http:\/\/vuletech.com\/en\/"},{"@type":"ListItem","position":2,"name":"Product","item":"https:\/\/vuletech.com\/product\/"},{"@type":"ListItem","position":3,"name":"KR IONTEC"}]},{"@type":"WebSite","@id":"https:\/\/vuletech.com\/#website","url":"https:\/\/vuletech.com\/","name":"V\u0169 L\u00ea Tech","description":"Our Solution - Your Value","potentialAction":[{"@type":"SearchAction","target":{"@type":"EntryPoint","urlTemplate":"https:\/\/vuletech.com\/?s={search_term_string}"},"query-input":{"@type":"PropertyValueSpecification","valueRequired":true,"valueName":"search_term_string"}}],"inLanguage":"en-US"}]}},"_links":{"self":[{"href":"http:\/\/vuletech.com\/en\/wp-json\/wp\/v2\/product\/9098","targetHints":{"allow":["GET"]}}],"collection":[{"href":"http:\/\/vuletech.com\/en\/wp-json\/wp\/v2\/product"}],"about":[{"href":"http:\/\/vuletech.com\/en\/wp-json\/wp\/v2\/types\/product"}],"replies":[{"embeddable":true,"href":"http:\/\/vuletech.com\/en\/wp-json\/wp\/v2\/comments?post=9098"}],"wp:featuredmedia":[{"embeddable":true,"href":"http:\/\/vuletech.com\/en\/wp-json\/wp\/v2\/media\/1240"}],"wp:attachment":[{"href":"http:\/\/vuletech.com\/en\/wp-json\/wp\/v2\/media?parent=9098"}],"wp:term":[{"taxonomy":"product_brand","embeddable":true,"href":"http:\/\/vuletech.com\/en\/wp-json\/wp\/v2\/product_brand?post=9098"},{"taxonomy":"product_cat","embeddable":true,"href":"http:\/\/vuletech.com\/en\/wp-json\/wp\/v2\/product_cat?post=9098"},{"taxonomy":"product_tag","embeddable":true,"href":"http:\/\/vuletech.com\/en\/wp-json\/wp\/v2\/product_tag?post=9098"}],"curies":[{"name":"wp","href":"https:\/\/api.w.org\/{rel}","templated":true}]}}