{"id":9100,"date":"2025-04-25T11:01:34","date_gmt":"2025-04-25T04:01:34","guid":{"rendered":"https:\/\/vuletech.com\/product\/robot-kr-quantec\/"},"modified":"2025-04-25T11:01:37","modified_gmt":"2025-04-25T04:01:37","slug":"robot-kr-quantec","status":"publish","type":"product","link":"http:\/\/vuletech.com\/en\/product\/robot-kr-quantec\/","title":{"rendered":"Robot KR Quantec"},"content":{"rendered":"<div class=\"wpb-content-wrapper\"><p>[vc_row][vc_column][vc_custom_heading text=&#8221;KR Quantec&#8221; use_theme_fonts=&#8221;yes&#8221;]<div class=\"wt-separator-outer \">\n                                    <div class=\"wt-separator style-square\">\n                                        <span class=\"separator-left bg-primary\"><\/span>\n                                        <span class=\"separator-right bg-primary\"><\/span>\n                                    <\/div>\n                                <\/div>\n[vc_row_inner][vc_column_inner width=&#8221;1\/2&#8243;][vc_column_text]Nh\u1edd \u0111\u01b0\u1ee3c thi\u1ebft k\u1ebf \u0111a n\u0103ng n\u00ean KR Quantec c\u00f3 th\u1ec3 l\u00e0m vi\u1ec7c \u1edf nhi\u1ec1u \u1ee9ng d\u1ee5ng kh\u00e1c t\u1eeb c\u00f4ng nghi\u1ec7p \u00f4 t\u00f4, x\u01b0\u1edfng \u0111\u00fac, y t\u1ebf v.v\u2026<\/p>\n<p>V\u1edbi vi\u1ec7c gi\u1ea3m thi\u1ec3u c\u00e1c \u0111\u01b0\u1eddng d\u1eabn g\u00e2y r\u1ed1i, c\u1ed5 tay g\u1eafp \u0111\u01b0\u1ee3c s\u1eafp x\u1ebfp h\u1ee3p l\u00fd h\u01a1n v\u00e0 \u0111\u1ebf nh\u1ecf h\u01a1n, d\u00f2ng KR QUANTEC gi\u00fap \u0111\u01a1n gi\u1ea3n h\u00f3a k\u1ef9 thu\u1eadt \u00a0\u0111\u1ed1i v\u1edbi c\u00e1c \u1ee9ng d\u1ee5ng ph\u1ee9c t\u1ea1p.<\/p>\n<p>KR QUANTEC \u0111\u01b0\u1ee3c trang b\u1ecb ch\u1ec9 s\u1ed1 b\u1ea3o v\u1ec7 IP67 v\u00e0 IP65 n\u00ean th\u00edch h\u1ee3p \u0111\u1ec3 l\u00e0m vi\u1ec7c trong ng\u00e0nh \u0111\u00fac v\u00e0 r\u00e8n \u1edf nhi\u1ec7t \u0111\u1ed9 l\u00ean \u0111\u1ebfn 55 \u00b0 C v\u00e0 l\u00ean \u0111\u1ebfn 10 gi\u00e2y m\u1ed7i ph\u00fat \u1edf 180 \u00b0 C.[\/vc_column_text][\/vc_column_inner][vc_column_inner width=&#8221;1\/2&#8243;][vc_single_image image=&#8221;1257&#8243; img_size=&#8221;full&#8221; alignment=&#8221;center&#8221;][\/vc_column_inner][\/vc_row_inner][\/vc_column][\/vc_row][vc_row][vc_column][vc_custom_heading text=&#8221;\u01afu \u0111i\u1ec3m c\u1ee7a KR Quantec&#8221; use_theme_fonts=&#8221;yes&#8221;]<div class=\"wt-separator-outer \">\n                                    <div class=\"wt-separator style-square\">\n                                        <span class=\"separator-left bg-primary\"><\/span>\n                                        <span class=\"separator-right bg-primary\"><\/span>\n                                    <\/div>\n                                <\/div>\n[vc_row_inner][vc_column_inner width=&#8221;1\/2&#8243;][vc_column_text]<strong>1. T\u1ed1t nh\u1ea5t so v\u1edbi robot c\u00f9ng ph\u00e2n kh\u00fac<\/strong><\/p>\n<p>KR QUANTEC kh\u00f4ng ch\u1ec9 bao g\u1ed3m nh\u1eefng \u0111\u1ed5i m\u1edbi v\u1ec1 t\u00ednh n\u0103ng c\u00f4ng ngh\u1ec7 m\u00e0 c\u00f2n mang l\u1ea1i nh\u1eefng l\u1ee3i \u00edch l\u00e2u d\u00e0i nh\u01b0 \u0111\u01a1n gi\u1ea3n h\u00f3a v\u1eadn h\u00e0nh, d\u1ec5 b\u1ea3o tr\u00ec v\u00e0 t\u1ed1i \u01b0u h\u00f3a quy tr\u00ecnh c\u1ee7a h\u1ec7 th\u1ed1ng.<\/p>\n<p><strong>2. Ch\u1ebf \u0111\u1ed9 chuy\u1ec3n \u0111\u1ed9ng t\u1ed1i \u01b0u h\u00f3a quy tr\u00ecnh<\/strong><\/p>\n<p>KR QUANTEC l\u00e0 d\u00f2ng robot c\u00f4ng nghi\u1ec7p \u0111\u1ea7u ti\u00ean tr\u00ean th\u1ebf gi\u1edbi c\u00f3 ch\u1ebf \u0111\u1ed9 chuy\u1ec3n \u0111\u1ed9ng k\u1ef9 thu\u1eadt s\u1ed1. \u0110\u00e2y l\u00e0 nh\u1eefng ph\u1ea7n m\u1ec1m b\u1ed5 sung \u0111\u1ea3m b\u1ea3o chuy\u1ec3n \u0111\u1ed9ng t\u1ed1i \u01b0u c\u1ee7a robot cho c\u00e1c \u1ee9ng d\u1ee5ng c\u1ee5 th\u1ec3.[\/vc_column_text][\/vc_column_inner][vc_column_inner width=&#8221;1\/2&#8243;][vc_column_text]<strong>3. T\u00ednh linh ho\u1ea1t t\u1ed1i \u0111a<\/strong><\/p>\n<p>KR Quantec \u0111\u01b0\u1ee3c thi\u1ebft k\u1ebf nh\u1ecf g\u1ecdn \u0111\u1ec3 \u0111\u1ea1t \u0111\u01b0\u1ee3c \u0111\u1ed9 t\u1ed1i \u01b0u h\u00f3a, c\u0169ng nh\u01b0 hi\u1ec7u su\u1ea5t l\u00e0m vi\u1ec7c t\u1ed1i \u0111a.<\/p>\n<p><strong>4. Chi ph\u00ed th\u1ea5p<\/strong><\/p>\n<p>KR QUANTEC kh\u00f4ng ch\u1ec9 mang l\u1ea1i hi\u1ec7u qu\u1ea3 s\u1ea3n xu\u1ea5t v\u01b0\u1ee3t tr\u1ed9i m\u00e0 c\u00f2n gi\u00fap doanh nghi\u1ec7p ti\u1ebft ki\u1ec7m chi ph\u00ed b\u1ea3o tr\u00ec.<\/p>\n<p><strong>5. B\u1ea3o v\u1ec7 ESD<\/strong><\/p>\n<p>Robot \u0111\u01b0\u1ee3c b\u1ea3o v\u1ec7 theo ti\u00eau chu\u1ea9n ch\u1ed1ng l\u1ea1i qu\u00e1 tr\u00ecnh s\u1ea1c ho\u1eb7c ph\u00f3ng t\u0129nh \u0111i\u1ec7n kh\u00f4ng ki\u1ec3m so\u00e1t.[\/vc_column_text][\/vc_column_inner][\/vc_row_inner][\/vc_column][\/vc_row][vc_row][vc_column][vc_custom_heading text=&#8221;Nh\u1eefng ch\u1ebf \u0111\u1ed9 k\u1ef9 thu\u1eadt c\u1ee7a KR Quantec&#8221; font_container=&#8221;tag:h2|text_align:right&#8221; use_theme_fonts=&#8221;yes&#8221;]<div class=\"wt-separator-outer text-right\">\n                                    <div class=\"wt-separator style-square\">\n                                        <span class=\"separator-left bg-primary\"><\/span>\n                                        <span class=\"separator-right bg-primary\"><\/span>\n                                    <\/div>\n                                <\/div>\n[vc_row_inner][vc_column_inner width=&#8221;1\/2&#8243;][vc_video link=&#8221;https:\/\/youtu.be\/kROzVbWpANw&#8221;][\/vc_column_inner][vc_column_inner width=&#8221;1\/2&#8243;][vc_column_text]<\/p>\n<p class=\"ddictsentence\"><span style=\"font-size: 13.0pt;\">V\u1edbi c\u00e1c plug-in ph\u1ea7n m\u1ec1m, d\u00f2ng KR QUANTEC cung c\u1ea5p t\u00f9y ch\u1ecdn \u0111\u1eb7c bi\u1ec7t \u0111\u1ec3 t\u1ed1i \u01b0u h\u00f3a hi\u1ec7u su\u1ea5t c\u1ee7a robot trong c\u00e1c quy tr\u00ecnh ho\u1eb7c c\u00e1c b\u01b0\u1edbc ph\u1ee5 c\u1ee7a quy tr\u00ecnh.<\/span><\/p>\n<p class=\"ddictsentence\" style=\"box-sizing: border-box; font-variant-ligatures: normal; font-variant-caps: normal; font-variant-numeric: inherit; font-variant-east-asian: inherit; font-stretch: inherit; max-width: none !important; max-height: none !important; min-width: 0px !important; min-height: 0px !important; orphans: 2; widows: 2; -webkit-text-stroke-width: 0px; text-decoration-style: initial; text-decoration-color: initial; word-spacing: 0px;\"><span style=\"font-size: 13.0pt;\">&#8211; Ch\u1ebf \u0111\u1ed9 Hi\u1ec7u su\u1ea5t: k\u1ebft h\u1ee3p t\u1ed1c \u0111\u1ed9 v\u00e0 \u0111\u1ed9 ch\u00ednh x\u00e1c v\u00e0 c\u00f3 th\u1ec3 \u0111\u01b0\u1ee3c tri\u1ec3n khai cho m\u1ed9t lo\u1ea1t c\u00e1c \u1ee9ng d\u1ee5ng.<\/span><\/p>\n<p class=\"ddictsentence\" style=\"box-sizing: border-box; font-variant-ligatures: normal; font-variant-caps: normal; font-variant-numeric: inherit; font-variant-east-asian: inherit; font-stretch: inherit; max-width: none !important; max-height: none !important; min-width: 0px !important; min-height: 0px !important; orphans: 2; widows: 2; -webkit-text-stroke-width: 0px; text-decoration-style: initial; text-decoration-color: initial; word-spacing: 0px;\"><span style=\"font-size: 13.0pt;\">&#8211; Ch\u1ebf \u0111\u1ed9 \u0110\u01b0\u1eddng d\u1eabn: t\u0103ng \u0111\u1ed9 ch\u00ednh x\u00e1c c\u1ee7a chuy\u1ec3n \u0111\u1ed9ng li\u00ean t\u1ee5c \u1edf c\u1ea3 v\u1eadn t\u1ed1c \u0111\u01b0\u1eddng \u0111i cao v\u00e0 th\u1ea5p.<\/span><\/p>\n<p class=\"ddictsentence\" style=\"box-sizing: border-box; font-variant-ligatures: normal; font-variant-caps: normal; font-variant-numeric: inherit; font-variant-east-asian: inherit; font-stretch: inherit; max-width: none !important; max-height: none !important; min-width: 0px !important; min-height: 0px !important; orphans: 2; widows: 2; -webkit-text-stroke-width: 0px; text-decoration-style: initial; text-decoration-color: initial; word-spacing: 0px;\"><span style=\"font-size: 13.0pt;\">&#8211; Ch\u1ebf \u0111\u1ed9 \u0110\u1ed9ng: gi\u1ea3m th\u1eddi gian chu k\u1ef3 v\u1eadn h\u00e0nh v\u00e0 t\u0103ng t\u1ed1c \u0111\u1ed9 cho KR QUANTEC. Gi\u1ea3m th\u1eddi gian chu k\u1ef3 v\u1eadn h\u00e0nh kho\u1ea3ng 10%.<\/span><\/p>\n<p>[\/vc_column_text][\/vc_column_inner][\/vc_row_inner][\/vc_column][\/vc_row][vc_row][vc_column][vc_custom_heading text=&#8221;T\u1ed5ng quan v\u1ec1 c\u00e1c phi\u00ean b\u1ea3n c\u1ee7a KR Quantec&#8221; use_theme_fonts=&#8221;yes&#8221;]<div class=\"wt-separator-outer \">\n                                    <div class=\"wt-separator style-square\">\n                                        <span class=\"separator-left bg-primary\"><\/span>\n                                        <span class=\"separator-right bg-primary\"><\/span>\n                                    <\/div>\n                                <\/div>\n[vc_column_text]<\/p>\n<table width=\"940\">\n<tbody>\n<tr>\n<td width=\"106\"><\/td>\n<td width=\"130\">KR 120 R2700-2<\/td>\n<td width=\"129\">KR 120 R3100-2<\/td>\n<td width=\"152\">KR 120 R2700-2 F<\/td>\n<td width=\"155\">KR 120 R3100-2 F<\/td>\n<td width=\"135\">KR 150 R2700-2<\/td>\n<td width=\"133\">KR 150 R3100-2<\/td>\n<\/tr>\n<tr>\n<td width=\"106\">T\u1ea3i tr\u1ecdng<\/td>\n<td width=\"130\">120\u00a0kg<\/td>\n<td width=\"129\">120\u00a0kg<\/td>\n<td width=\"152\">120\u00a0kg<\/td>\n<td width=\"155\">120\u00a0kg<\/td>\n<td width=\"135\">150\u00a0kg<\/td>\n<td width=\"133\">150\u00a0kg<\/td>\n<\/tr>\n<tr>\n<td width=\"106\">T\u1ea7m v\u1edbi<\/td>\n<td width=\"130\">2701\u00a0mm<\/td>\n<td width=\"129\">3100\u00a0mm<\/td>\n<td width=\"152\">2700\u00a0mm<\/td>\n<td width=\"155\">3100\u00a0mm<\/td>\n<td width=\"135\">2701\u00a0mm<\/td>\n<td width=\"133\">3100\u00a0mm<\/td>\n<\/tr>\n<tr>\n<td width=\"106\">Lo\u1ea1i c\u1ea5u tr\u00fac<\/td>\n<td width=\"130\">Ti\u00eau chu\u1ea9n<\/td>\n<td width=\"129\">Ti\u00eau chu\u1ea9n<\/td>\n<td width=\"152\">Ti\u00eau chu\u1ea9n<\/td>\n<td width=\"155\">Ti\u00eau chu\u1ea9n<\/td>\n<td width=\"135\">Ti\u00eau chu\u1ea9n<\/td>\n<td width=\"133\">Ti\u00eau chu\u1ea9n<\/td>\n<\/tr>\n<tr>\n<td width=\"106\">M\u00f4i tr\u01b0\u1eddng<\/td>\n<td width=\"130\">Ti\u00eau chu\u1ea9n<\/td>\n<td width=\"129\">Ti\u00eau chu\u1ea9n<\/td>\n<td width=\"152\">\u0110\u00fac<\/td>\n<td width=\"155\">\u0110\u00fac<\/td>\n<td width=\"135\">Ti\u00eau chu\u1ea9n<\/td>\n<td width=\"133\">Ti\u00eau chu\u1ea9n<\/td>\n<\/tr>\n<tr>\n<td width=\"106\">V\u1ecb tr\u00ed l\u1eafp \u0111\u1eb7t<\/td>\n<td width=\"130\">S\u00e0n nh\u00e0<\/td>\n<td width=\"129\">S\u00e0n nh\u00e0<\/td>\n<td width=\"152\">S\u00e0n nh\u00e0<\/td>\n<td width=\"155\">S\u00e0n nh\u00e0<\/td>\n<td width=\"135\">S\u00e0n nh\u00e0<\/td>\n<td width=\"133\">S\u00e0n nh\u00e0<\/td>\n<\/tr>\n<tr>\n<td rowspan=\"2\" width=\"106\">Ch\u1ec9 s\u1ed1 b\u1ea3o v\u1ec7<\/td>\n<td width=\"130\">IP 65<\/td>\n<td width=\"129\">IP 65<\/td>\n<td width=\"152\">IP 65<\/td>\n<td width=\"155\">IP 65<\/td>\n<td width=\"135\">IP 65<\/td>\n<td width=\"133\">IP 65<\/td>\n<\/tr>\n<tr>\n<td width=\"130\">IP 67<\/td>\n<td width=\"129\">IP 67<\/td>\n<td width=\"152\">IP 67<\/td>\n<td width=\"155\">IP 67<\/td>\n<td width=\"135\">IP 67<\/td>\n<td width=\"133\">IP 67<\/td>\n<\/tr>\n<\/tbody>\n<\/table>\n<p>[\/vc_column_text][\/vc_column][\/vc_row]<\/p>\n<\/div>","protected":false},"excerpt":{"rendered":"<p>[vc_row][vc_column][vc_custom_heading text=&#8221;KR Quantec&#8221; use_theme_fonts=&#8221;yes&#8221;][vc_row_inner][vc_column_inner width=&#8221;1\/2&#8243;][vc_column_text]Nh\u1edd \u0111\u01b0\u1ee3c thi\u1ebft k\u1ebf \u0111a n\u0103ng n\u00ean KR Quantec c\u00f3 th\u1ec3 l\u00e0m vi\u1ec7c \u1edf nhi\u1ec1u \u1ee9ng d\u1ee5ng kh\u00e1c t\u1eeb c\u00f4ng nghi\u1ec7p \u00f4 t\u00f4, x\u01b0\u1edfng \u0111\u00fac, y t\u1ebf v.v\u2026 V\u1edbi vi\u1ec7c gi\u1ea3m thi\u1ec3u c\u00e1c \u0111\u01b0\u1eddng d\u1eabn g\u00e2y r\u1ed1i, c\u1ed5 tay g\u1eafp \u0111\u01b0\u1ee3c s\u1eafp x\u1ebfp h\u1ee3p l\u00fd h\u01a1n v\u00e0 \u0111\u1ebf nh\u1ecf h\u01a1n, d\u00f2ng<\/p>\n","protected":false},"featured_media":1257,"comment_status":"closed","ping_status":"open","template":"","meta":[],"product_brand":[],"product_cat":[732],"product_tag":[],"class_list":{"0":"post-9100","1":"product","2":"type-product","3":"status-publish","4":"has-post-thumbnail","6":"product_cat-roboticindustrial-robot","8":"first","9":"instock","10":"product-type-simple"},"acf":[],"yoast_head":"<!-- This site is optimized with the Yoast SEO plugin v25.1 - https:\/\/yoast.com\/wordpress\/plugins\/seo\/ -->\n<title>Robot KR Quantec - V\u0169 L\u00ea Tech<\/title>\n<meta name=\"robots\" content=\"index, follow, max-snippet:-1, max-image-preview:large, max-video-preview:-1\" \/>\n<link rel=\"canonical\" href=\"http:\/\/vuletech.com\/product\/robot-kr-quantec\/\" \/>\n<meta property=\"og:locale\" content=\"en_US\" \/>\n<meta property=\"og:type\" content=\"article\" \/>\n<meta property=\"og:title\" content=\"Robot KR Quantec - V\u0169 L\u00ea Tech\" \/>\n<meta property=\"og:description\" content=\"[vc_row][vc_column][vc_custom_heading text=&#8221;KR Quantec&#8221; use_theme_fonts=&#8221;yes&#8221;][vc_row_inner][vc_column_inner width=&#8221;1\/2&#8243;][vc_column_text]Nh\u1edd \u0111\u01b0\u1ee3c thi\u1ebft k\u1ebf \u0111a n\u0103ng n\u00ean KR Quantec c\u00f3 th\u1ec3 l\u00e0m vi\u1ec7c \u1edf nhi\u1ec1u \u1ee9ng d\u1ee5ng kh\u00e1c t\u1eeb c\u00f4ng nghi\u1ec7p \u00f4 t\u00f4, x\u01b0\u1edfng \u0111\u00fac, y t\u1ebf v.v\u2026 V\u1edbi vi\u1ec7c gi\u1ea3m thi\u1ec3u c\u00e1c \u0111\u01b0\u1eddng d\u1eabn g\u00e2y r\u1ed1i, c\u1ed5 tay g\u1eafp \u0111\u01b0\u1ee3c s\u1eafp x\u1ebfp h\u1ee3p l\u00fd h\u01a1n v\u00e0 \u0111\u1ebf nh\u1ecf h\u01a1n, d\u00f2ng\" \/>\n<meta property=\"og:url\" content=\"http:\/\/vuletech.com\/product\/robot-kr-quantec\/\" \/>\n<meta property=\"og:site_name\" content=\"V\u0169 L\u00ea Tech\" \/>\n<meta property=\"article:modified_time\" content=\"2025-04-25T04:01:37+00:00\" \/>\n<meta property=\"og:image\" content=\"http:\/\/vuletech.com\/wp-content\/uploads\/2020\/09\/Meiller_Aufzuege2.jpg\" \/>\n\t<meta property=\"og:image:width\" content=\"767\" \/>\n\t<meta property=\"og:image:height\" content=\"431\" \/>\n\t<meta property=\"og:image:type\" content=\"image\/jpeg\" \/>\n<meta name=\"twitter:card\" content=\"summary_large_image\" \/>\n<meta name=\"twitter:label1\" content=\"Est. reading time\" \/>\n\t<meta name=\"twitter:data1\" content=\"5 minutes\" \/>\n<script type=\"application\/ld+json\" class=\"yoast-schema-graph\">{\"@context\":\"https:\/\/schema.org\",\"@graph\":[{\"@type\":\"WebPage\",\"@id\":\"http:\/\/vuletech.com\/product\/robot-kr-quantec\/\",\"url\":\"http:\/\/vuletech.com\/product\/robot-kr-quantec\/\",\"name\":\"Robot KR Quantec - V\u0169 L\u00ea Tech\",\"isPartOf\":{\"@id\":\"https:\/\/vuletech.com\/#website\"},\"primaryImageOfPage\":{\"@id\":\"http:\/\/vuletech.com\/product\/robot-kr-quantec\/#primaryimage\"},\"image\":{\"@id\":\"http:\/\/vuletech.com\/product\/robot-kr-quantec\/#primaryimage\"},\"thumbnailUrl\":\"http:\/\/vuletech.com\/wp-content\/uploads\/2020\/09\/Meiller_Aufzuege2.jpg\",\"datePublished\":\"2025-04-25T04:01:34+00:00\",\"dateModified\":\"2025-04-25T04:01:37+00:00\",\"breadcrumb\":{\"@id\":\"http:\/\/vuletech.com\/product\/robot-kr-quantec\/#breadcrumb\"},\"inLanguage\":\"en-US\",\"potentialAction\":[{\"@type\":\"ReadAction\",\"target\":[\"http:\/\/vuletech.com\/product\/robot-kr-quantec\/\"]}]},{\"@type\":\"ImageObject\",\"inLanguage\":\"en-US\",\"@id\":\"http:\/\/vuletech.com\/product\/robot-kr-quantec\/#primaryimage\",\"url\":\"http:\/\/vuletech.com\/wp-content\/uploads\/2020\/09\/Meiller_Aufzuege2.jpg\",\"contentUrl\":\"http:\/\/vuletech.com\/wp-content\/uploads\/2020\/09\/Meiller_Aufzuege2.jpg\",\"width\":767,\"height\":431},{\"@type\":\"BreadcrumbList\",\"@id\":\"http:\/\/vuletech.com\/product\/robot-kr-quantec\/#breadcrumb\",\"itemListElement\":[{\"@type\":\"ListItem\",\"position\":1,\"name\":\"Home\",\"item\":\"http:\/\/vuletech.com\/en\/\"},{\"@type\":\"ListItem\",\"position\":2,\"name\":\"Product\",\"item\":\"https:\/\/vuletech.com\/product\/\"},{\"@type\":\"ListItem\",\"position\":3,\"name\":\"Robot KR Quantec\"}]},{\"@type\":\"WebSite\",\"@id\":\"https:\/\/vuletech.com\/#website\",\"url\":\"https:\/\/vuletech.com\/\",\"name\":\"V\u0169 L\u00ea Tech\",\"description\":\"Our Solution - Your Value\",\"potentialAction\":[{\"@type\":\"SearchAction\",\"target\":{\"@type\":\"EntryPoint\",\"urlTemplate\":\"https:\/\/vuletech.com\/?s={search_term_string}\"},\"query-input\":{\"@type\":\"PropertyValueSpecification\",\"valueRequired\":true,\"valueName\":\"search_term_string\"}}],\"inLanguage\":\"en-US\"}]}<\/script>\n<!-- \/ Yoast SEO plugin. -->","yoast_head_json":{"title":"Robot KR Quantec - V\u0169 L\u00ea Tech","robots":{"index":"index","follow":"follow","max-snippet":"max-snippet:-1","max-image-preview":"max-image-preview:large","max-video-preview":"max-video-preview:-1"},"canonical":"http:\/\/vuletech.com\/product\/robot-kr-quantec\/","og_locale":"en_US","og_type":"article","og_title":"Robot KR Quantec - V\u0169 L\u00ea Tech","og_description":"[vc_row][vc_column][vc_custom_heading text=&#8221;KR Quantec&#8221; use_theme_fonts=&#8221;yes&#8221;][vc_row_inner][vc_column_inner width=&#8221;1\/2&#8243;][vc_column_text]Nh\u1edd \u0111\u01b0\u1ee3c thi\u1ebft k\u1ebf \u0111a n\u0103ng n\u00ean KR Quantec c\u00f3 th\u1ec3 l\u00e0m vi\u1ec7c \u1edf nhi\u1ec1u \u1ee9ng d\u1ee5ng kh\u00e1c t\u1eeb c\u00f4ng nghi\u1ec7p \u00f4 t\u00f4, x\u01b0\u1edfng \u0111\u00fac, y t\u1ebf v.v\u2026 V\u1edbi vi\u1ec7c gi\u1ea3m thi\u1ec3u c\u00e1c \u0111\u01b0\u1eddng d\u1eabn g\u00e2y r\u1ed1i, c\u1ed5 tay g\u1eafp \u0111\u01b0\u1ee3c s\u1eafp x\u1ebfp h\u1ee3p l\u00fd h\u01a1n v\u00e0 \u0111\u1ebf nh\u1ecf h\u01a1n, d\u00f2ng","og_url":"http:\/\/vuletech.com\/product\/robot-kr-quantec\/","og_site_name":"V\u0169 L\u00ea Tech","article_modified_time":"2025-04-25T04:01:37+00:00","og_image":[{"width":767,"height":431,"url":"http:\/\/vuletech.com\/wp-content\/uploads\/2020\/09\/Meiller_Aufzuege2.jpg","type":"image\/jpeg"}],"twitter_card":"summary_large_image","twitter_misc":{"Est. reading time":"5 minutes"},"schema":{"@context":"https:\/\/schema.org","@graph":[{"@type":"WebPage","@id":"http:\/\/vuletech.com\/product\/robot-kr-quantec\/","url":"http:\/\/vuletech.com\/product\/robot-kr-quantec\/","name":"Robot KR Quantec - V\u0169 L\u00ea Tech","isPartOf":{"@id":"https:\/\/vuletech.com\/#website"},"primaryImageOfPage":{"@id":"http:\/\/vuletech.com\/product\/robot-kr-quantec\/#primaryimage"},"image":{"@id":"http:\/\/vuletech.com\/product\/robot-kr-quantec\/#primaryimage"},"thumbnailUrl":"http:\/\/vuletech.com\/wp-content\/uploads\/2020\/09\/Meiller_Aufzuege2.jpg","datePublished":"2025-04-25T04:01:34+00:00","dateModified":"2025-04-25T04:01:37+00:00","breadcrumb":{"@id":"http:\/\/vuletech.com\/product\/robot-kr-quantec\/#breadcrumb"},"inLanguage":"en-US","potentialAction":[{"@type":"ReadAction","target":["http:\/\/vuletech.com\/product\/robot-kr-quantec\/"]}]},{"@type":"ImageObject","inLanguage":"en-US","@id":"http:\/\/vuletech.com\/product\/robot-kr-quantec\/#primaryimage","url":"http:\/\/vuletech.com\/wp-content\/uploads\/2020\/09\/Meiller_Aufzuege2.jpg","contentUrl":"http:\/\/vuletech.com\/wp-content\/uploads\/2020\/09\/Meiller_Aufzuege2.jpg","width":767,"height":431},{"@type":"BreadcrumbList","@id":"http:\/\/vuletech.com\/product\/robot-kr-quantec\/#breadcrumb","itemListElement":[{"@type":"ListItem","position":1,"name":"Home","item":"http:\/\/vuletech.com\/en\/"},{"@type":"ListItem","position":2,"name":"Product","item":"https:\/\/vuletech.com\/product\/"},{"@type":"ListItem","position":3,"name":"Robot KR Quantec"}]},{"@type":"WebSite","@id":"https:\/\/vuletech.com\/#website","url":"https:\/\/vuletech.com\/","name":"V\u0169 L\u00ea Tech","description":"Our Solution - Your Value","potentialAction":[{"@type":"SearchAction","target":{"@type":"EntryPoint","urlTemplate":"https:\/\/vuletech.com\/?s={search_term_string}"},"query-input":{"@type":"PropertyValueSpecification","valueRequired":true,"valueName":"search_term_string"}}],"inLanguage":"en-US"}]}},"_links":{"self":[{"href":"http:\/\/vuletech.com\/en\/wp-json\/wp\/v2\/product\/9100","targetHints":{"allow":["GET"]}}],"collection":[{"href":"http:\/\/vuletech.com\/en\/wp-json\/wp\/v2\/product"}],"about":[{"href":"http:\/\/vuletech.com\/en\/wp-json\/wp\/v2\/types\/product"}],"replies":[{"embeddable":true,"href":"http:\/\/vuletech.com\/en\/wp-json\/wp\/v2\/comments?post=9100"}],"wp:featuredmedia":[{"embeddable":true,"href":"http:\/\/vuletech.com\/en\/wp-json\/wp\/v2\/media\/1257"}],"wp:attachment":[{"href":"http:\/\/vuletech.com\/en\/wp-json\/wp\/v2\/media?parent=9100"}],"wp:term":[{"taxonomy":"product_brand","embeddable":true,"href":"http:\/\/vuletech.com\/en\/wp-json\/wp\/v2\/product_brand?post=9100"},{"taxonomy":"product_cat","embeddable":true,"href":"http:\/\/vuletech.com\/en\/wp-json\/wp\/v2\/product_cat?post=9100"},{"taxonomy":"product_tag","embeddable":true,"href":"http:\/\/vuletech.com\/en\/wp-json\/wp\/v2\/product_tag?post=9100"}],"curies":[{"name":"wp","href":"https:\/\/api.w.org\/{rel}","templated":true}]}}