{"id":9101,"date":"2025-04-25T11:01:34","date_gmt":"2025-04-25T04:01:34","guid":{"rendered":"https:\/\/vuletech.com\/product\/robot-kr-1000-titan\/"},"modified":"2025-04-25T11:01:38","modified_gmt":"2025-04-25T04:01:38","slug":"robot-kr-1000-titan","status":"publish","type":"product","link":"http:\/\/vuletech.com\/en\/product\/robot-kr-1000-titan\/","title":{"rendered":"Robot KR 1000 titan"},"content":{"rendered":"<div class=\"wpb-content-wrapper\"><p>[vc_row][vc_column][vc_custom_heading text=&#8221;KR 1000 titan&#8221; use_theme_fonts=&#8221;yes&#8221;]<div class=\"wt-separator-outer \">\n                                    <div class=\"wt-separator style-square\">\n                                        <span class=\"separator-left bg-primary\"><\/span>\n                                        <span class=\"separator-right bg-primary\"><\/span>\n                                    <\/div>\n                                <\/div>\n[vc_row_inner][vc_column_inner width=&#8221;1\/2&#8243;][vc_column_text]KR 1000 titan l\u00e0 robot s\u00e1u tr\u1ee5c \u0111\u1ea7u ti\u00ean c\u00f3 h\u1ec7 th\u1ed1ng \u0111\u1ed9ng h\u1ecdc m\u1edf v\u00e0 kh\u1ea3 n\u0103ng ch\u1ecbu t\u1ea3i v\u00f4 song. Robot l\u00e0m ch\u1ee7 vi\u1ec7c x\u1eed l\u00fd c\u00e1c t\u1ea3i n\u1eb7ng trong kho\u1ea3ng c\u00e1ch l\u00ean \u0111\u1ebfn 6,5 m\u00e9t. KR 1000 titan c\u00f3 th\u1ec3 x\u1eed l\u00fd c\u00e1c kh\u1ed1i \u0111\u1ed9ng c\u01a1, \u0111\u00e1, th\u1ee7y tinh, d\u1ea7m th\u00e9p, c\u00e1c b\u1ed9 ph\u1eadn cho t\u00e0u v\u00e0 m\u00e1y bay, kh\u1ed1i \u0111\u00e1 c\u1ea9m th\u1ea1ch, c\u00e1c b\u1ed9 ph\u1eadn b\u00ea t\u00f4ng \u0111\u00fac s\u1eb5nv.v\u2026.<\/p>\n<p>\u0110\u1ed1i v\u1edbi c\u00e1c l\u0129nh v\u1ef1c \u1ee9ng d\u1ee5ng \u0111\u1eb7c bi\u1ec7t, nh\u00e0 s\u1ea3n xu\u1ea5t cung c\u1ea5p phi\u00ean b\u1ea3n Robot \u0111\u00fac (Foundry) \u00a0v\u1edbi t\u1ef7 l\u1ec7 ph\u1ea1m vi ti\u1ebfp c\u1eadn \/ tr\u1ecdng t\u1ea3i t\u1ed1t nh\u1ea5t ho\u1eb7c phi\u00ean b\u1ea3n d\u01b0\u1edbi d\u1ea1ng r\u00f4 b\u1ed1t x\u1ebfp h\u00e0ng (Palletizing Robot) cho t\u1ea3i n\u1eb7ng l\u00ean \u0111\u1ebfn 1,3 t\u1ea5n.[\/vc_column_text][\/vc_column_inner][vc_column_inner width=&#8221;1\/2&#8243;][vc_single_image image=&#8221;1259&#8243; img_size=&#8221;full&#8221; alignment=&#8221;center&#8221;][\/vc_column_inner][\/vc_row_inner][\/vc_column][\/vc_row][vc_row][vc_column][vc_custom_heading text=&#8221;\u01afu \u0111i\u1ec3m c\u1ee7a KR 1000 titan&#8221; font_container=&#8221;tag:h2|text_align:right&#8221; use_theme_fonts=&#8221;yes&#8221;]<div class=\"wt-separator-outer text-right\">\n                                    <div class=\"wt-separator style-square\">\n                                        <span class=\"separator-left bg-primary\"><\/span>\n                                        <span class=\"separator-right bg-primary\"><\/span>\n                                    <\/div>\n                                <\/div>\n[vc_row_inner][vc_column_inner width=&#8221;1\/2&#8243;][vc_video link=&#8221;https:\/\/youtu.be\/I-whL4K8ZZA&#8221;][\/vc_column_inner][vc_column_inner width=&#8221;1\/2&#8243;][vc_column_text]<strong>1. Hi\u1ec7u su\u1ea5t cao<\/strong><\/p>\n<p>Titan KR 1000 x\u1eed l\u00fd c\u00e1c ph\u00f4i v\u00e0 c\u00e1c t\u1ea3i n\u1eb7ng nh\u1ea5t m\u1ed9t c\u00e1ch ch\u00ednh x\u00e1c v\u00e0 c\u1ef1c k\u00ec an to\u00e0n. V\u1edbi t\u1ed1c \u0111\u1ed9 cao v\u00e0 gia t\u1ed1c n\u0103ng \u0111\u1ed9ng, Robot \u0111\u1ea3m b\u1ea3o th\u1eddi gian chu k\u1ef3 t\u1ed1i \u01b0u.<\/p>\n<p><strong>2. N\u0103ng su\u1ea5t cao<\/strong><\/p>\n<p>Nh\u1edd \u0111\u1ed9 ch\u00ednh x\u00e1c c\u1ee7a robot titan KR 1000, doanh nghi\u1ec7p c\u00f3 th\u1ec3 c\u1ea3i thi\u1ec7n ch\u1ea5t l\u01b0\u1ee3ng s\u1ea3n xu\u1ea5t c\u1ee7a m\u00ecnh v\u00e0 gi\u1ea3m chi ph\u00ed.<\/p>\n<p><strong>3. Linh ho\u1ea1t<\/strong><\/p>\n<p>Titan KR 1000 cung c\u1ea5p c\u00e1c t\u00f9y ch\u1ecdn \u1ee9ng d\u1ee5ng linh ho\u1ea1t: nh\u01b0 x\u1ebfp h\u00e0ng (Palletizing) ho\u1eb7c k\u1ebft h\u1ee3p v\u1edbi c\u00e1c tr\u1ee5c tuy\u1ebfn t\u00ednh (Linear Robot). N\u00f3 c\u00f3 th\u1ec3 \u0111\u01b0\u1ee3c t\u00edch h\u1ee3p v\u00e0o c\u00e1c h\u1ec7 th\u1ed1ng hi\u1ec7n c\u00f3 m\u1ed9t c\u00e1ch d\u1ec5 d\u00e0ng v\u00e0 kh\u00f4ng c\u1ea7n ph\u1ea3i \u0111i\u1ec1u ch\u1ec9nh g\u00ec th\u00eam.[\/vc_column_text][\/vc_column_inner][\/vc_row_inner][\/vc_column][\/vc_row][vc_row][vc_column][vc_custom_heading text=&#8221;T\u1ed5ng quan v\u1ec1 c\u00e1c phi\u00ean b\u1ea3n c\u1ee7a KR 1000 titan&#8221; use_theme_fonts=&#8221;yes&#8221;]<div class=\"wt-separator-outer \">\n                                    <div class=\"wt-separator style-square\">\n                                        <span class=\"separator-left bg-primary\"><\/span>\n                                        <span class=\"separator-right bg-primary\"><\/span>\n                                    <\/div>\n                                <\/div>\n[vc_column_text]<\/p>\n<table width=\"749\">\n<tbody>\n<tr>\n<td width=\"106\"><\/td>\n<td width=\"130\">KR 1000 L750 titan<\/td>\n<td width=\"129\">KR 1000 L750 titan F<\/td>\n<td width=\"126\">KR 1000 L950 titan PA<\/td>\n<td width=\"127\">KR 1000 titan<\/td>\n<td width=\"131\">KR 1000 titan F<\/td>\n<\/tr>\n<tr>\n<td width=\"106\">T\u1ea3i tr\u1ecdng<\/td>\n<td width=\"130\">750\u00a0kg<\/td>\n<td width=\"129\">750\u00a0kg<\/td>\n<td width=\"126\">950\u00a0kg<\/td>\n<td width=\"127\">1000\u00a0kg<\/td>\n<td width=\"131\">1000\u00a0kg<\/td>\n<\/tr>\n<tr>\n<td width=\"106\">T\u1ea7m v\u1edbi<\/td>\n<td width=\"130\">3601\u00a0mm<\/td>\n<td width=\"129\">3601\u00a0mm<\/td>\n<td width=\"126\">3601\u00a0mm<\/td>\n<td width=\"127\">3202\u00a0mm<\/td>\n<td width=\"131\">3202\u00a0mm<\/td>\n<\/tr>\n<tr>\n<td width=\"106\">Lo\u1ea1i c\u1ea5u tr\u00fac<\/td>\n<td width=\"130\">Ti\u00eau chu\u1ea9n<\/td>\n<td width=\"129\">Ti\u00eau chu\u1ea9n<\/td>\n<td width=\"126\">Palletizing Robots<\/td>\n<td width=\"127\">Ti\u00eau chu\u1ea9n<\/td>\n<td width=\"131\">Ti\u00eau chu\u1ea9n<\/td>\n<\/tr>\n<tr>\n<td width=\"106\">M\u00f4i tr\u01b0\u1eddng<\/td>\n<td width=\"130\">Ti\u00eau chu\u1ea9n<\/td>\n<td width=\"129\">Ti\u00eau chu\u1ea9n<\/td>\n<td width=\"126\">Ti\u00eau chu\u1ea9n<\/td>\n<td width=\"127\">Ti\u00eau chu\u1ea9n<\/td>\n<td width=\"131\">Robot \u0110\u00fac<\/td>\n<\/tr>\n<tr>\n<td width=\"106\">V\u1ecb tr\u00ed l\u1eafp \u0111\u1eb7t<\/td>\n<td width=\"130\">S\u00e0n nh\u00e0<\/td>\n<td width=\"129\">S\u00e0n nh\u00e0<\/td>\n<td width=\"126\">S\u00e0n nh\u00e0<\/td>\n<td width=\"127\">S\u00e0n nh\u00e0<\/td>\n<td width=\"131\">S\u00e0n nh\u00e0<\/td>\n<\/tr>\n<tr>\n<td rowspan=\"2\" width=\"106\">Ch\u1ec9 s\u1ed1 b\u1ea3o v\u1ec7<\/td>\n<td rowspan=\"2\" width=\"130\">IP 65<\/td>\n<td rowspan=\"2\" width=\"129\">IP 65<\/td>\n<td rowspan=\"2\" width=\"126\">IP 65<\/td>\n<td rowspan=\"2\" width=\"127\">IP 65<\/td>\n<td width=\"131\">IP 65<\/td>\n<\/tr>\n<tr>\n<td width=\"131\">IP 67<\/td>\n<\/tr>\n<\/tbody>\n<\/table>\n<p>[\/vc_column_text][\/vc_column][\/vc_row]<\/p>\n<\/div>","protected":false},"excerpt":{"rendered":"<p>[vc_row][vc_column][vc_custom_heading text=&#8221;KR 1000 titan&#8221; use_theme_fonts=&#8221;yes&#8221;][vc_row_inner][vc_column_inner width=&#8221;1\/2&#8243;][vc_column_text]KR 1000 titan l\u00e0 robot s\u00e1u tr\u1ee5c \u0111\u1ea7u ti\u00ean c\u00f3 h\u1ec7 th\u1ed1ng \u0111\u1ed9ng h\u1ecdc m\u1edf v\u00e0 kh\u1ea3 n\u0103ng ch\u1ecbu t\u1ea3i v\u00f4 song. Robot l\u00e0m ch\u1ee7 vi\u1ec7c x\u1eed l\u00fd c\u00e1c t\u1ea3i n\u1eb7ng trong kho\u1ea3ng c\u00e1ch l\u00ean \u0111\u1ebfn 6,5 m\u00e9t. KR 1000 titan c\u00f3 th\u1ec3 x\u1eed l\u00fd c\u00e1c kh\u1ed1i \u0111\u1ed9ng c\u01a1, \u0111\u00e1,<\/p>\n","protected":false},"featured_media":1259,"comment_status":"closed","ping_status":"open","template":"","meta":[],"product_brand":[],"product_cat":[732],"product_tag":[],"class_list":{"0":"post-9101","1":"product","2":"type-product","3":"status-publish","4":"has-post-thumbnail","6":"product_cat-roboticindustrial-robot","8":"first","9":"instock","10":"product-type-simple"},"acf":[],"yoast_head":"<!-- This site is optimized with the Yoast SEO plugin v25.1 - https:\/\/yoast.com\/wordpress\/plugins\/seo\/ -->\n<title>Robot KR 1000 titan - V\u0169 L\u00ea Tech<\/title>\n<meta name=\"robots\" content=\"index, follow, max-snippet:-1, max-image-preview:large, max-video-preview:-1\" \/>\n<link rel=\"canonical\" href=\"http:\/\/vuletech.com\/product\/robot-kr-1000-titan\/\" \/>\n<meta property=\"og:locale\" content=\"en_US\" \/>\n<meta property=\"og:type\" content=\"article\" \/>\n<meta property=\"og:title\" content=\"Robot KR 1000 titan - V\u0169 L\u00ea Tech\" \/>\n<meta property=\"og:description\" content=\"[vc_row][vc_column][vc_custom_heading text=&#8221;KR 1000 titan&#8221; use_theme_fonts=&#8221;yes&#8221;][vc_row_inner][vc_column_inner width=&#8221;1\/2&#8243;][vc_column_text]KR 1000 titan l\u00e0 robot s\u00e1u tr\u1ee5c \u0111\u1ea7u ti\u00ean c\u00f3 h\u1ec7 th\u1ed1ng \u0111\u1ed9ng h\u1ecdc m\u1edf v\u00e0 kh\u1ea3 n\u0103ng ch\u1ecbu t\u1ea3i v\u00f4 song. Robot l\u00e0m ch\u1ee7 vi\u1ec7c x\u1eed l\u00fd c\u00e1c t\u1ea3i n\u1eb7ng trong kho\u1ea3ng c\u00e1ch l\u00ean \u0111\u1ebfn 6,5 m\u00e9t. KR 1000 titan c\u00f3 th\u1ec3 x\u1eed l\u00fd c\u00e1c kh\u1ed1i \u0111\u1ed9ng c\u01a1, \u0111\u00e1,\" \/>\n<meta property=\"og:url\" content=\"http:\/\/vuletech.com\/product\/robot-kr-1000-titan\/\" \/>\n<meta property=\"og:site_name\" content=\"V\u0169 L\u00ea Tech\" \/>\n<meta property=\"article:modified_time\" content=\"2025-04-25T04:01:38+00:00\" \/>\n<meta property=\"og:image\" content=\"http:\/\/vuletech.com\/wp-content\/uploads\/2020\/09\/KR-1000-Titan_Header.jpg\" \/>\n\t<meta property=\"og:image:width\" content=\"767\" \/>\n\t<meta property=\"og:image:height\" content=\"431\" \/>\n\t<meta property=\"og:image:type\" content=\"image\/jpeg\" \/>\n<meta name=\"twitter:card\" content=\"summary_large_image\" \/>\n<meta name=\"twitter:label1\" content=\"Est. reading time\" \/>\n\t<meta name=\"twitter:data1\" content=\"3 minutes\" \/>\n<script type=\"application\/ld+json\" class=\"yoast-schema-graph\">{\"@context\":\"https:\/\/schema.org\",\"@graph\":[{\"@type\":\"WebPage\",\"@id\":\"http:\/\/vuletech.com\/product\/robot-kr-1000-titan\/\",\"url\":\"http:\/\/vuletech.com\/product\/robot-kr-1000-titan\/\",\"name\":\"Robot KR 1000 titan - V\u0169 L\u00ea Tech\",\"isPartOf\":{\"@id\":\"https:\/\/vuletech.com\/#website\"},\"primaryImageOfPage\":{\"@id\":\"http:\/\/vuletech.com\/product\/robot-kr-1000-titan\/#primaryimage\"},\"image\":{\"@id\":\"http:\/\/vuletech.com\/product\/robot-kr-1000-titan\/#primaryimage\"},\"thumbnailUrl\":\"http:\/\/vuletech.com\/wp-content\/uploads\/2020\/09\/KR-1000-Titan_Header.jpg\",\"datePublished\":\"2025-04-25T04:01:34+00:00\",\"dateModified\":\"2025-04-25T04:01:38+00:00\",\"breadcrumb\":{\"@id\":\"http:\/\/vuletech.com\/product\/robot-kr-1000-titan\/#breadcrumb\"},\"inLanguage\":\"en-US\",\"potentialAction\":[{\"@type\":\"ReadAction\",\"target\":[\"http:\/\/vuletech.com\/product\/robot-kr-1000-titan\/\"]}]},{\"@type\":\"ImageObject\",\"inLanguage\":\"en-US\",\"@id\":\"http:\/\/vuletech.com\/product\/robot-kr-1000-titan\/#primaryimage\",\"url\":\"http:\/\/vuletech.com\/wp-content\/uploads\/2020\/09\/KR-1000-Titan_Header.jpg\",\"contentUrl\":\"http:\/\/vuletech.com\/wp-content\/uploads\/2020\/09\/KR-1000-Titan_Header.jpg\",\"width\":767,\"height\":431,\"caption\":\"KR 1000 titan\"},{\"@type\":\"BreadcrumbList\",\"@id\":\"http:\/\/vuletech.com\/product\/robot-kr-1000-titan\/#breadcrumb\",\"itemListElement\":[{\"@type\":\"ListItem\",\"position\":1,\"name\":\"Home\",\"item\":\"http:\/\/vuletech.com\/en\/\"},{\"@type\":\"ListItem\",\"position\":2,\"name\":\"Product\",\"item\":\"https:\/\/vuletech.com\/product\/\"},{\"@type\":\"ListItem\",\"position\":3,\"name\":\"Robot KR 1000 titan\"}]},{\"@type\":\"WebSite\",\"@id\":\"https:\/\/vuletech.com\/#website\",\"url\":\"https:\/\/vuletech.com\/\",\"name\":\"V\u0169 L\u00ea Tech\",\"description\":\"Our Solution - Your Value\",\"potentialAction\":[{\"@type\":\"SearchAction\",\"target\":{\"@type\":\"EntryPoint\",\"urlTemplate\":\"https:\/\/vuletech.com\/?s={search_term_string}\"},\"query-input\":{\"@type\":\"PropertyValueSpecification\",\"valueRequired\":true,\"valueName\":\"search_term_string\"}}],\"inLanguage\":\"en-US\"}]}<\/script>\n<!-- \/ Yoast SEO plugin. -->","yoast_head_json":{"title":"Robot KR 1000 titan - V\u0169 L\u00ea Tech","robots":{"index":"index","follow":"follow","max-snippet":"max-snippet:-1","max-image-preview":"max-image-preview:large","max-video-preview":"max-video-preview:-1"},"canonical":"http:\/\/vuletech.com\/product\/robot-kr-1000-titan\/","og_locale":"en_US","og_type":"article","og_title":"Robot KR 1000 titan - V\u0169 L\u00ea Tech","og_description":"[vc_row][vc_column][vc_custom_heading text=&#8221;KR 1000 titan&#8221; use_theme_fonts=&#8221;yes&#8221;][vc_row_inner][vc_column_inner width=&#8221;1\/2&#8243;][vc_column_text]KR 1000 titan l\u00e0 robot s\u00e1u tr\u1ee5c \u0111\u1ea7u ti\u00ean c\u00f3 h\u1ec7 th\u1ed1ng \u0111\u1ed9ng h\u1ecdc m\u1edf v\u00e0 kh\u1ea3 n\u0103ng ch\u1ecbu t\u1ea3i v\u00f4 song. Robot l\u00e0m ch\u1ee7 vi\u1ec7c x\u1eed l\u00fd c\u00e1c t\u1ea3i n\u1eb7ng trong kho\u1ea3ng c\u00e1ch l\u00ean \u0111\u1ebfn 6,5 m\u00e9t. KR 1000 titan c\u00f3 th\u1ec3 x\u1eed l\u00fd c\u00e1c kh\u1ed1i \u0111\u1ed9ng c\u01a1, \u0111\u00e1,","og_url":"http:\/\/vuletech.com\/product\/robot-kr-1000-titan\/","og_site_name":"V\u0169 L\u00ea Tech","article_modified_time":"2025-04-25T04:01:38+00:00","og_image":[{"width":767,"height":431,"url":"http:\/\/vuletech.com\/wp-content\/uploads\/2020\/09\/KR-1000-Titan_Header.jpg","type":"image\/jpeg"}],"twitter_card":"summary_large_image","twitter_misc":{"Est. reading time":"3 minutes"},"schema":{"@context":"https:\/\/schema.org","@graph":[{"@type":"WebPage","@id":"http:\/\/vuletech.com\/product\/robot-kr-1000-titan\/","url":"http:\/\/vuletech.com\/product\/robot-kr-1000-titan\/","name":"Robot KR 1000 titan - V\u0169 L\u00ea Tech","isPartOf":{"@id":"https:\/\/vuletech.com\/#website"},"primaryImageOfPage":{"@id":"http:\/\/vuletech.com\/product\/robot-kr-1000-titan\/#primaryimage"},"image":{"@id":"http:\/\/vuletech.com\/product\/robot-kr-1000-titan\/#primaryimage"},"thumbnailUrl":"http:\/\/vuletech.com\/wp-content\/uploads\/2020\/09\/KR-1000-Titan_Header.jpg","datePublished":"2025-04-25T04:01:34+00:00","dateModified":"2025-04-25T04:01:38+00:00","breadcrumb":{"@id":"http:\/\/vuletech.com\/product\/robot-kr-1000-titan\/#breadcrumb"},"inLanguage":"en-US","potentialAction":[{"@type":"ReadAction","target":["http:\/\/vuletech.com\/product\/robot-kr-1000-titan\/"]}]},{"@type":"ImageObject","inLanguage":"en-US","@id":"http:\/\/vuletech.com\/product\/robot-kr-1000-titan\/#primaryimage","url":"http:\/\/vuletech.com\/wp-content\/uploads\/2020\/09\/KR-1000-Titan_Header.jpg","contentUrl":"http:\/\/vuletech.com\/wp-content\/uploads\/2020\/09\/KR-1000-Titan_Header.jpg","width":767,"height":431,"caption":"KR 1000 titan"},{"@type":"BreadcrumbList","@id":"http:\/\/vuletech.com\/product\/robot-kr-1000-titan\/#breadcrumb","itemListElement":[{"@type":"ListItem","position":1,"name":"Home","item":"http:\/\/vuletech.com\/en\/"},{"@type":"ListItem","position":2,"name":"Product","item":"https:\/\/vuletech.com\/product\/"},{"@type":"ListItem","position":3,"name":"Robot KR 1000 titan"}]},{"@type":"WebSite","@id":"https:\/\/vuletech.com\/#website","url":"https:\/\/vuletech.com\/","name":"V\u0169 L\u00ea Tech","description":"Our Solution - Your Value","potentialAction":[{"@type":"SearchAction","target":{"@type":"EntryPoint","urlTemplate":"https:\/\/vuletech.com\/?s={search_term_string}"},"query-input":{"@type":"PropertyValueSpecification","valueRequired":true,"valueName":"search_term_string"}}],"inLanguage":"en-US"}]}},"_links":{"self":[{"href":"http:\/\/vuletech.com\/en\/wp-json\/wp\/v2\/product\/9101","targetHints":{"allow":["GET"]}}],"collection":[{"href":"http:\/\/vuletech.com\/en\/wp-json\/wp\/v2\/product"}],"about":[{"href":"http:\/\/vuletech.com\/en\/wp-json\/wp\/v2\/types\/product"}],"replies":[{"embeddable":true,"href":"http:\/\/vuletech.com\/en\/wp-json\/wp\/v2\/comments?post=9101"}],"wp:featuredmedia":[{"embeddable":true,"href":"http:\/\/vuletech.com\/en\/wp-json\/wp\/v2\/media\/1259"}],"wp:attachment":[{"href":"http:\/\/vuletech.com\/en\/wp-json\/wp\/v2\/media?parent=9101"}],"wp:term":[{"taxonomy":"product_brand","embeddable":true,"href":"http:\/\/vuletech.com\/en\/wp-json\/wp\/v2\/product_brand?post=9101"},{"taxonomy":"product_cat","embeddable":true,"href":"http:\/\/vuletech.com\/en\/wp-json\/wp\/v2\/product_cat?post=9101"},{"taxonomy":"product_tag","embeddable":true,"href":"http:\/\/vuletech.com\/en\/wp-json\/wp\/v2\/product_tag?post=9101"}],"curies":[{"name":"wp","href":"https:\/\/api.w.org\/{rel}","templated":true}]}}