{"id":9102,"date":"2025-04-25T11:01:34","date_gmt":"2025-04-25T04:01:34","guid":{"rendered":"https:\/\/vuletech.com\/product\/kr-delta-hygienic-robot\/"},"modified":"2025-04-25T11:01:38","modified_gmt":"2025-04-25T04:01:38","slug":"kr-delta-hygienic-robot","status":"publish","type":"product","link":"http:\/\/vuletech.com\/en\/product\/kr-delta-hygienic-robot\/","title":{"rendered":"KR DELTA Hygienic robot"},"content":{"rendered":"<div class=\"wpb-content-wrapper\"><p>[vc_row][vc_column][vc_column_text]Robot t\u1ed1c \u0111\u1ed9 cao v\u1edbi thi\u1ebft k\u1ebf m\u00e1y c\u00f3 \u0111i\u1ec1u ki\u1ec7n v\u1ec7 sinh cao \u0111\u1ec3 x\u1eed l\u00fd v\u00e0 nh\u1eb7t c\u00e1c s\u1ea3n ph\u1ea9m nh\u1ecf trong m\u1ed9t s\u1ed1 ng\u00e0nh c\u00f4ng nghi\u1ec7p nh\u01b0 th\u1ef1c ph\u1ea9m, d\u01b0\u1ee3c ph\u1ea9m v\u00e0 \u0111i\u1ec7n t\u1eed.[\/vc_column_text][vc_single_image image=&#8221;4037&#8243; img_size=&#8221;full&#8221; alignment=&#8221;center&#8221;][vc_custom_heading text=&#8221;Robot KUKA Delta \u0111\u01b0\u1ee3c thi\u1ebft k\u1ebf \u0111\u1ec3 s\u1eed d\u1ee5ng trong c\u00e1c \u0111i\u1ec1u ki\u1ec7n c\u1ef1c k\u1ef3 h\u1ea1n ch\u1ebf&#8221; use_theme_fonts=&#8221;yes&#8221;]<div class=\"wt-separator-outer \">\n                                    <div class=\"wt-separator style-square\">\n                                        <span class=\"separator-left bg-primary\"><\/span>\n                                        <span class=\"separator-right bg-primary\"><\/span>\n                                    <\/div>\n                                <\/div>\n[vc_column_text]Nh\u1edd th\u00e2n m\u00e1y b\u1eb1ng th\u00e9p kh\u00f4ng g\u1ec9, KR DELTA \u0111\u01b0\u1ee3c trang b\u1ecb l\u00fd t\u01b0\u1edfng cho c\u00e1c v\u00f9ng kh\u1eaft khe v\u1ec1 v\u1ea5n \u0111\u1ec1 v\u1ec7 sinh, v\u00ed d\u1ee5 nh\u01b0 ti\u1ebfp x\u00fac tr\u1ef1c ti\u1ebfp v\u1edbi th\u1ef1c ph\u1ea9m, thu\u1ed1c ho\u1eb7c c\u00e1c th\u00e0nh ph\u1ea7n \u0111i\u1ec7n t\u1eed.<\/p>\n<p>V\u1ecf th\u00e9p kh\u00f4ng g\u1ec9 ch\u1ed1ng \u0103n m\u00f2n c\u1ee7a robot \u0111\u01b0\u1ee3c thi\u1ebft k\u1ebf ph\u00f9 h\u1ee3p v\u1edbi ti\u00eau chu\u1ea9n th\u1ef1c ph\u1ea9m LFGB c\u1ee7a \u0110\u1ee9c v\u00e0 FDA Hoa K\u1ef3, \u0111\u1ed3ng th\u1eddi \u0111\u00e1p \u1ee9ng ch\u1ee9ng nh\u1eadn CE c\u1ee7a Ch\u00e2u \u00c2u, ch\u1ee9ng nh\u1eadn UL c\u1ee7a M\u1ef9 v\u00e0 ch\u1ee9ng nh\u1eadn ch\u1ee9c n\u0103ng an to\u00e0n T\u00dcV c\u1ee7a \u0110\u1ee9c. Robot \u0111\u01b0\u1ee3c b\u1ea3o v\u1ec7 kh\u1ecfi b\u1ee5i v\u00e0 \u0111\u1ed9 \u1ea9m theo c\u1ea5p b\u1ea3o v\u1ec7 IP 67 v\u00e0 do \u0111\u00f3 c\u0169ng c\u00f3 th\u1ec3 \u0111\u01b0\u1ee3c l\u00e0m s\u1ea1ch d\u01b0\u1edbi \u00e1p su\u1ea5t cao v\u00e0 b\u1eb1ng c\u00e1c ch\u1ea5t t\u1ea9y r\u1eeda c\u00f3 t\u00ednh ki\u1ec1m ho\u1eb7c axit.[\/vc_column_text][\/vc_column][\/vc_row][vc_row][vc_column][vc_custom_heading text=&#8221;Robot KUKA delta ho\u00e0n h\u1ea3o cho c\u00e1c nhi\u1ec7m v\u1ee5 ch\u1ecdn v\u00e0 \u0111\u1eb7t trong v\u00f9ng t\u1ed1c \u0111\u1ed9 cao, bao g\u1ed3m c\u1ea3 trong l\u0129nh v\u1ef1c th\u1ef1c ph\u1ea9m&#8221; use_theme_fonts=&#8221;yes&#8221;]<div class=\"wt-separator-outer \">\n                                    <div class=\"wt-separator style-square\">\n                                        <span class=\"separator-left bg-primary\"><\/span>\n                                        <span class=\"separator-right bg-primary\"><\/span>\n                                    <\/div>\n                                <\/div>\n[vc_video link=&#8221;https:\/\/youtu.be\/RqNPC9dMij0&#8243; el_width=&#8221;70&#8243; align=&#8221;center&#8221;][vc_custom_heading text=&#8221;Robot Delta Kuka \u0111\u1ea3m b\u1ea3o t\u1ef1 \u0111\u1ed9ng h\u00f3a an to\u00e0n v\u00e0 t\u00ednh kinh t\u1ebf b\u1ec1n v\u1eefng&#8221; use_theme_fonts=&#8221;yes&#8221;]<div class=\"wt-separator-outer \">\n                                    <div class=\"wt-separator style-square\">\n                                        <span class=\"separator-left bg-primary\"><\/span>\n                                        <span class=\"separator-right bg-primary\"><\/span>\n                                    <\/div>\n                                <\/div>\n[vc_column_text]R\u00f4-b\u1ed1t \u0111\u01b0\u1ee3c \u0111i\u1ec1u khi\u1ec3n b\u1eb1ng b\u1ed9 \u0111i\u1ec1u khi\u1ec3n Robot KR C5 micro gi\u00fap ti\u1ebft ki\u1ec7m n\u0103ng l\u01b0\u1ee3ng g\u1ea7n<b> 35% so v\u1edbi th\u1ebf h\u1ec7 tr\u01b0\u1edbc\u00a0<\/b>v\u00e0 \u0111\u1ed3ng th\u1eddi\u00a0<b>y\u00eau c\u1ea7u \u00edt kh\u00f4ng gian h\u01a1n\u00a0<\/b>v\u00e0<b>\u00a0an to\u00e0n h\u01a1n<\/b>. \u0110i\u1ec1u n\u00e0y c\u0169ng \u1ea3nh h\u01b0\u1edfng \u0111\u1ebfn hi\u1ec7u su\u1ea5t; v\u1edbi th\u1eddi gian chu k\u1ef3 l\u00ean \u0111\u1ebfn 0,5 gi\u00e2y, s\u1ef1 k\u1ebft h\u1ee3p c\u1ee7a KR C5 micro v\u00e0 KR DELTA ho\u00e0n to\u00e0n ph\u00f9 h\u1ee3p \u0111\u1ec3 x\u1eed l\u00fd c\u00e1c nhi\u1ec7m v\u1ee5, v\u00ed d\u1ee5 nh\u01b0 trong ng\u00e0nh th\u1ef1c ph\u1ea9m. V\u1edbi c\u00e1c b\u00e1nh r\u0103ng v\u00e0 kh\u1edbp c\u1ea7u \u0111\u01b0\u1ee3c bao b\u1ecdc b\u1eb1ng v\u1eadt li\u1ec7u t\u1ef1 b\u00f4i tr\u01a1n, KR DELTA r\u1ea5t \u00edt ph\u1ea3i b\u1ea3o d\u01b0\u1ee1ng.<\/p>\n<p><strong>\u0110i\u1ec1u ki\u1ec7n v\u1ec7 sinh cao<\/strong><\/p>\n<ul>\n<li>\u0110\u01b0\u1ee3c ch\u1ebf t\u1ea1o ho\u00e0n to\u00e0n b\u1eb1ng th\u00e9p kh\u00f4ng g\u1ec9<\/li>\n<li>D\u1ec5 d\u00e0ng l\u00e0m s\u1ea1ch v\u00e0 kh\u1eed tr\u00f9ng<\/li>\n<li>M\u1ee9c \u0111\u1ed9 ch\u1ec9 s\u1ed1 IP cao v\u1edbi IP67 cho to\u00e0n b\u1ed9 Robot v\u00e0 IP 69K cho tr\u1ee5c 4<\/li>\n<li>Ch\u1ecbu nhi\u1ec7t \u0111\u1ed9 v\u00e0 kh\u1ea3 n\u0103ng ch\u1ed1ng \u0103n m\u00f2n<\/li>\n<\/ul>\n<p><strong>An to\u00e0n \u0111\u01b0\u1ee3c ch\u1ee9ng nh\u1eadn<\/strong><\/p>\n<ul>\n<li>T\u00ednh v\u00f4 h\u1ea1i c\u1ee7a nguy\u00ean li\u1ec7u cho l\u0129nh v\u1ef1c th\u1ef1c ph\u1ea9m \u0111\u01b0\u1ee3c ch\u1ee9ng nh\u1eadn theo ch\u1ec9 th\u1ecb qu\u1ed1c t\u1ebf<\/li>\n<li>GER LFGB<\/li>\n<li>US FDA<\/li>\n<\/ul>\n<p><strong>\u0110\u1ed9 ch\u00ednh x\u00e1c cao<\/strong><\/p>\n<ul>\n<li>\u0110\u1ed9 ch\u00ednh x\u00e1c khi c\u1ea7m v\u00e0 \u0111\u1eb7t c\u00e1c v\u1eadt th\u1ec3 nh\u01b0 m\u1ed9t Robot Pick&amp;Place.<\/li>\n<\/ul>\n<p><strong>Chi ph\u00ed v\u1eadn h\u00e0nh r\u1ebb<\/strong><\/p>\n<ul>\n<li>M\u1ee9c ti\u00eau th\u1ee5 n\u0103ng l\u01b0\u1ee3ng th\u1ea5p<\/li>\n<li>\u00cdt c\u1ea7n b\u1ea3o tr\u00ec<\/li>\n<\/ul>\n<p>[\/vc_column_text][vc_single_image image=&#8221;4038&#8243; img_size=&#8221;full&#8221; alignment=&#8221;center&#8221;][\/vc_column][\/vc_row][vc_row][vc_column width=&#8221;1\/2&#8243;][vc_column_text]<\/p>\n<h3 class=\"h4 h-margin-bottom-10\">\u0110\u1ed9 linh h\u1ecdat cao<\/h3>\n<p class=\"copy h-margin-bottom-40\">KR DELTA ph\u00f9 h\u1ee3p v\u1edbi nhi\u1ec1u l\u0129nh v\u1ef1c \u1ee9ng d\u1ee5ng kh\u00e1c nhau, t\u1eeb d\u01b0\u1ee3c ph\u1ea9m, \u0111i\u1ec7n t\u1eed \u0111\u1ebfn c\u00f4ng nghi\u1ec7p th\u1ef1c ph\u1ea9m.<\/p>\n<p>[\/vc_column_text][vc_column_text]<\/p>\n<h3 class=\"h4 h-margin-bottom-10\">M\u1eb7t c\u1ea1nh linh ho\u1ea1t<\/h3>\n<p class=\"copy h-margin-bottom-40\">M\u1eb7t c\u1ea1nh c\u1ee7a KR DELTA th\u00edch h\u1ee3p \u0111\u1ec3 l\u1eafp r\u00e1p d\u1ec5 d\u00e0ng nhi\u1ec1u lo\u1ea1i d\u1ee5ng c\u1ee5.<\/p>\n<p>[\/vc_column_text][vc_column_text]<\/p>\n<h3 class=\"h4 h-margin-bottom-10\">\u0110\u1ebf nh\u1ecf<\/h3>\n<p class=\"copy h-margin-bottom-40\">Robot g\u1eafn tr\u1ea7n c\u00f3 di\u1ec7n t\u00edch l\u1eafp \u0111\u1eb7t v\u1edbi \u0111\u01b0\u1eddng k\u00ednh 350 mm.<\/p>\n<p>[\/vc_column_text][\/vc_column][vc_column width=&#8221;1\/2&#8243;][vc_column_text]<\/p>\n<h3 class=\"h4 h-margin-bottom-10\">Kh\u00f4ng gian l\u00e0m vi\u1ec7c l\u1edbn<\/h3>\n<p class=\"copy h-margin-bottom-40\">Robot c\u00f4ng nghi\u1ec7p l\u00e0m vi\u1ec7c \u0111\u00e1ng tin c\u00e2y trong m\u00f4i tr\u01b0\u1eddng l\u00e0m vi\u1ec7c h\u00ecnh tr\u1ee5 c\u00f3 chi\u1ec1u cao 250 mm v\u00e0 \u0111\u01b0\u1eddng k\u00ednh 1.200 mm.<\/p>\n<p>[\/vc_column_text][vc_column_text]<\/p>\n<h3 class=\"h4 h-margin-bottom-10\">T\u1ed1c \u0111\u1ed9 cao<\/h3>\n<p class=\"copy h-margin-bottom-40\">KR DELTA cho ph\u00e9p th\u1eddi gian chu k\u1ef3 c\u1ef1c ng\u1eafn l\u00ean \u0111\u1ebfn 0,5 gi\u00e2y.<\/p>\n<p>[\/vc_column_text][vc_column_text]<\/p>\n<h3 class=\"h4 h-margin-bottom-10\">C\u1ef1c d\u1ec5 b\u1ea3o tr\u00ec<\/h3>\n<p class=\"copy h-margin-bottom-40\">V\u1edbi c\u00e1c b\u00e1nh r\u0103ng v\u00e0 kh\u1edbp c\u1ea7u \u0111\u01b0\u1ee3c bao b\u1ecdc b\u1eb1ng v\u1eadt li\u1ec7u t\u1ef1 b\u00f4i tr\u01a1n, KR DELTA r\u1ea5t \u00edt ph\u1ea3i b\u1ea3o d\u01b0\u1ee1ng.<\/p>\n<p>[\/vc_column_text][\/vc_column][\/vc_row][vc_row][vc_column][vc_custom_heading text=&#8221;T\u1ed5ng quan v\u1ec1 Robot KR DELTA Hygienic&#8221; use_theme_fonts=&#8221;yes&#8221;]<div class=\"wt-separator-outer \">\n                                    <div class=\"wt-separator style-square\">\n                                        <span class=\"separator-left bg-primary\"><\/span>\n                                        <span class=\"separator-right bg-primary\"><\/span>\n                                    <\/div>\n                                <\/div>\n[vc_column_text]<\/p>\n<table id=\"table-2254\" class=\"table tablesaw h-margin-bottom-10 tablesaw-swipe\" style=\"height: 255px;\" width=\"878\" data-tablesaw-mode=\"swipe\" data-tablesaw-minimap=\"\">\n<thead class=\"mod-table__thead\">\n<tr class=\"mod-table__tr\">\n<th class=\"mod-table__th text-right tablesaw-cell-persist\" scope=\"col\" data-tablesaw-sortable-col=\"\" data-tablesaw-priority=\"persist\"><\/th>\n<th class=\"mod-table__th text-right\" scope=\"col\" data-tablesaw-sortable-col=\"\" data-tablesaw-priority=\"6\"><strong>KR 3 D1200 HM<\/strong><\/th>\n<\/tr>\n<\/thead>\n<tbody>\n<tr class=\"mod-table__section-row mod-table__tr js-section-row\">\n<td class=\"mod-table__td mod-table__td text-right tablesaw-cell-persist\">\n<div>T\u1ea3i tr\u1ecdng<\/div>\n<\/td>\n<td class=\"mod-table__td mod-table__td text-right\">\n<div>3\u00a0kg<\/div>\n<\/td>\n<\/tr>\n<tr class=\"mod-table__section-row mod-table__tr js-section-row\">\n<td class=\"mod-table__td mod-table__td text-right tablesaw-cell-persist\">\n<div>Ph\u1ea1m vi t\u1ed1i \u0111a<\/div>\n<\/td>\n<td class=\"mod-table__td mod-table__td text-right\">\n<div>1200\u00a0mm<\/div>\n<\/td>\n<\/tr>\n<tr class=\"mod-table__section-row mod-table__tr js-section-row\">\n<td class=\"mod-table__td mod-table__td text-right tablesaw-cell-persist\">\n<div>Lo\u1ea1i thi\u1ebft k\u1ebf<\/div>\n<\/td>\n<td class=\"mod-table__td mod-table__td text-right\">\n<div>Ti\u00eau chu\u1ea9n<\/div>\n<\/td>\n<\/tr>\n<tr class=\"mod-table__section-row mod-table__tr js-section-row\">\n<td class=\"mod-table__td mod-table__td text-right tablesaw-cell-persist\">\n<div>M\u00f4i tr\u01b0\u1eddng th\u1ef1c thi<\/div>\n<\/td>\n<td class=\"mod-table__td mod-table__td text-right\">\n<div>M\u00e1y ph\u00f9 h\u1ee3p v\u1edbi \u0111i\u1ec1u ki\u1ec7n v\u1ec7 sinh cao<\/div>\n<\/td>\n<\/tr>\n<tr class=\"mod-table__section-row mod-table__tr js-section-row\">\n<td class=\"mod-table__td mod-table__td text-right tablesaw-cell-persist\">\n<div>(C\u00e1c) v\u1ecb tr\u00ed g\u1eafn<\/div>\n<\/td>\n<td class=\"mod-table__td mod-table__td text-right\">\n<div>Tr\u1ea7n<\/div>\n<\/td>\n<\/tr>\n<tr class=\"mod-table__section-row mod-table__tr js-section-row\">\n<td class=\"mod-table__td mod-table__td text-right tablesaw-cell-persist\">\n<div>Lo\u1ea1i b\u1ea3o v\u1ec7<\/div>\n<\/td>\n<td class=\"mod-table__td mod-table__td text-right\">\n<div>A4 IP 69K<br \/>\nIP 67<\/div>\n<\/td>\n<\/tr>\n<tr class=\"mod-table__section-row mod-table__tr js-section-row\">\n<td class=\"mod-table__td mod-table__td text-right tablesaw-cell-persist\">\n<div>B\u1ea3ng th\u00f4ng s\u1ed1 k\u1ef9 thu\u1eadt<\/div>\n<\/td>\n<td class=\"mod-table__td mod-table__td text-right\">\n<div><a href=\"http:\/\/KR 3 D1200 HM T\u1ea3i tr\u1ecdng 3 kg Ph\u1ea1m vi t\u1ed1i \u0111a 1200 mm Lo\u1ea1i thi\u1ebft k\u1ebf Ti\u00eau chu\u1ea9n M\u00f4i tr\u01b0\u1eddng th\u1ef1c thi M\u00e1y ph\u00f9 h\u1ee3p v\u1ec7 sinh (C\u00e1c) v\u1ecb tr\u00ed g\u1eafn Tr\u1ea7n Lo\u1ea1i b\u1ea3o v\u1ec7 A4 IP 69K IP 67 B\u1ea3ng th\u00f4ng s\u1ed1 k\u1ef9 thu\u1eadt PDF for KR 3 D1200 HM\">PDF for KR 3 D1200 HM<\/a><\/div>\n<\/td>\n<\/tr>\n<\/tbody>\n<\/table>\n<p>[\/vc_column_text][\/vc_column][\/vc_row][vc_row][vc_column][vc_custom_heading text=&#8221;\u1ee8ng d\u1ee5ng Robot KUKA DELTA \u0111\u1ec3 ch\u1ecdn, \u0111\u00f3ng g\u00f3i, x\u1ebfp d\u1ee1 \u0111\u1eb7c bi\u1ec7t cho ng\u00e0nh c\u00f4ng nghi\u1ec7p th\u1ef1c ph\u1ea9m&#8221; use_theme_fonts=&#8221;yes&#8221;]<div class=\"wt-separator-outer \">\n                                    <div class=\"wt-separator style-square\">\n                                        <span class=\"separator-left bg-primary\"><\/span>\n                                        <span class=\"separator-right bg-primary\"><\/span>\n                                    <\/div>\n                                <\/div>\n[vc_row_inner][vc_column_inner width=&#8221;1\/2&#8243;][vc_video link=&#8221;https:\/\/youtu.be\/bQ3QuHpNt1g&#8221; align=&#8221;center&#8221;][\/vc_column_inner][vc_column_inner width=&#8221;1\/2&#8243;][vc_column_text]<\/p>\n<h3>Th\u00edch h\u1ee3p cho c\u00e1c \u1ee9ng d\u1ee5ng<\/h3>\n<ul class=\"m-link-list m-link-list--spreaded m-link-list--spreaded-by-4\">\n<li class=\"m-link-list__item\"><a href=\"https:\/\/vuletech.com\/giai-phap\/chon-va-dat\/\">Pick &amp; Place<\/a><\/li>\n<li class=\"m-link-list__item\"><a href=\"https:\/\/vuletech.com\/giai-phap\/robot-boc-do-hang\/\">Palletizing\/ Packaging<\/a><\/li>\n<li class=\"m-link-list__item\">Assembly<\/li>\n<li class=\"m-link-list__item\">Handling<\/li>\n<li class=\"m-link-list__item\">Cleanroom for other areas<\/li>\n<\/ul>\n<p>[\/vc_column_text][\/vc_column_inner][\/vc_row_inner][\/vc_column][\/vc_row]<\/p>\n<\/div>","protected":false},"excerpt":{"rendered":"<p>[vc_row][vc_column][vc_column_text]Robot t\u1ed1c \u0111\u1ed9 cao v\u1edbi thi\u1ebft k\u1ebf m\u00e1y c\u00f3 \u0111i\u1ec1u ki\u1ec7n v\u1ec7 sinh cao \u0111\u1ec3 x\u1eed l\u00fd v\u00e0 nh\u1eb7t c\u00e1c s\u1ea3n ph\u1ea9m nh\u1ecf trong m\u1ed9t s\u1ed1 ng\u00e0nh c\u00f4ng nghi\u1ec7p nh\u01b0 th\u1ef1c ph\u1ea9m, d\u01b0\u1ee3c ph\u1ea9m v\u00e0 \u0111i\u1ec7n t\u1eed.[\/vc_column_text][vc_single_image image=&#8221;4037&#8243; img_size=&#8221;full&#8221; alignment=&#8221;center&#8221;][vc_custom_heading text=&#8221;Robot KUKA Delta \u0111\u01b0\u1ee3c thi\u1ebft k\u1ebf \u0111\u1ec3 s\u1eed d\u1ee5ng trong c\u00e1c \u0111i\u1ec1u ki\u1ec7n c\u1ef1c k\u1ef3<\/p>\n","protected":false},"featured_media":4038,"comment_status":"closed","ping_status":"open","template":"","meta":[],"product_brand":[],"product_cat":[732],"product_tag":[],"class_list":{"0":"post-9102","1":"product","2":"type-product","3":"status-publish","4":"has-post-thumbnail","6":"product_cat-roboticindustrial-robot","8":"first","9":"instock","10":"product-type-simple"},"acf":[],"yoast_head":"<!-- This site is optimized with the Yoast SEO plugin v25.1 - https:\/\/yoast.com\/wordpress\/plugins\/seo\/ -->\n<title>KR DELTA Hygienic robot - V\u0169 L\u00ea Tech<\/title>\n<meta name=\"robots\" content=\"index, follow, max-snippet:-1, max-image-preview:large, max-video-preview:-1\" \/>\n<link rel=\"canonical\" href=\"https:\/\/vuletech.com\/en\/product\/kr-delta-hygienic-robot\/\" \/>\n<meta property=\"og:locale\" content=\"en_US\" \/>\n<meta property=\"og:type\" content=\"article\" \/>\n<meta property=\"og:title\" content=\"KR DELTA Hygienic robot - V\u0169 L\u00ea Tech\" \/>\n<meta property=\"og:description\" content=\"[vc_row][vc_column][vc_column_text]Robot t\u1ed1c \u0111\u1ed9 cao v\u1edbi thi\u1ebft k\u1ebf m\u00e1y c\u00f3 \u0111i\u1ec1u ki\u1ec7n v\u1ec7 sinh cao \u0111\u1ec3 x\u1eed l\u00fd v\u00e0 nh\u1eb7t c\u00e1c s\u1ea3n ph\u1ea9m nh\u1ecf trong m\u1ed9t s\u1ed1 ng\u00e0nh c\u00f4ng nghi\u1ec7p nh\u01b0 th\u1ef1c ph\u1ea9m, d\u01b0\u1ee3c ph\u1ea9m v\u00e0 \u0111i\u1ec7n t\u1eed.[\/vc_column_text][vc_single_image image=&#8221;4037&#8243; img_size=&#8221;full&#8221; alignment=&#8221;center&#8221;][vc_custom_heading text=&#8221;Robot KUKA Delta \u0111\u01b0\u1ee3c thi\u1ebft k\u1ebf \u0111\u1ec3 s\u1eed d\u1ee5ng trong c\u00e1c \u0111i\u1ec1u ki\u1ec7n c\u1ef1c k\u1ef3\" \/>\n<meta property=\"og:url\" content=\"https:\/\/vuletech.com\/en\/product\/kr-delta-hygienic-robot\/\" \/>\n<meta property=\"og:site_name\" content=\"V\u0169 L\u00ea Tech\" \/>\n<meta property=\"article:modified_time\" content=\"2025-04-25T04:01:38+00:00\" \/>\n<meta property=\"og:image\" content=\"https:\/\/vuletech.com\/wp-content\/uploads\/2021\/07\/20180816_10_Anl_Mieszko.jpg\" \/>\n\t<meta property=\"og:image:width\" content=\"768\" \/>\n\t<meta property=\"og:image:height\" content=\"550\" \/>\n\t<meta property=\"og:image:type\" content=\"image\/jpeg\" \/>\n<meta name=\"twitter:card\" content=\"summary_large_image\" \/>\n<meta name=\"twitter:label1\" content=\"Est. reading time\" \/>\n\t<meta name=\"twitter:data1\" content=\"6 minutes\" \/>\n<script type=\"application\/ld+json\" class=\"yoast-schema-graph\">{\"@context\":\"https:\/\/schema.org\",\"@graph\":[{\"@type\":\"WebPage\",\"@id\":\"https:\/\/vuletech.com\/en\/product\/kr-delta-hygienic-robot\/\",\"url\":\"https:\/\/vuletech.com\/en\/product\/kr-delta-hygienic-robot\/\",\"name\":\"KR DELTA Hygienic robot - V\u0169 L\u00ea Tech\",\"isPartOf\":{\"@id\":\"https:\/\/vuletech.com\/#website\"},\"primaryImageOfPage\":{\"@id\":\"https:\/\/vuletech.com\/en\/product\/kr-delta-hygienic-robot\/#primaryimage\"},\"image\":{\"@id\":\"https:\/\/vuletech.com\/en\/product\/kr-delta-hygienic-robot\/#primaryimage\"},\"thumbnailUrl\":\"http:\/\/vuletech.com\/wp-content\/uploads\/2021\/07\/20180816_10_Anl_Mieszko.jpg\",\"datePublished\":\"2025-04-25T04:01:34+00:00\",\"dateModified\":\"2025-04-25T04:01:38+00:00\",\"breadcrumb\":{\"@id\":\"https:\/\/vuletech.com\/en\/product\/kr-delta-hygienic-robot\/#breadcrumb\"},\"inLanguage\":\"en-US\",\"potentialAction\":[{\"@type\":\"ReadAction\",\"target\":[\"https:\/\/vuletech.com\/en\/product\/kr-delta-hygienic-robot\/\"]}]},{\"@type\":\"ImageObject\",\"inLanguage\":\"en-US\",\"@id\":\"https:\/\/vuletech.com\/en\/product\/kr-delta-hygienic-robot\/#primaryimage\",\"url\":\"http:\/\/vuletech.com\/wp-content\/uploads\/2021\/07\/20180816_10_Anl_Mieszko.jpg\",\"contentUrl\":\"http:\/\/vuletech.com\/wp-content\/uploads\/2021\/07\/20180816_10_Anl_Mieszko.jpg\",\"width\":768,\"height\":550,\"caption\":\"kuka delta robot\"},{\"@type\":\"BreadcrumbList\",\"@id\":\"https:\/\/vuletech.com\/en\/product\/kr-delta-hygienic-robot\/#breadcrumb\",\"itemListElement\":[{\"@type\":\"ListItem\",\"position\":1,\"name\":\"Home\",\"item\":\"http:\/\/vuletech.com\/en\/\"},{\"@type\":\"ListItem\",\"position\":2,\"name\":\"Product\",\"item\":\"https:\/\/vuletech.com\/product\/\"},{\"@type\":\"ListItem\",\"position\":3,\"name\":\"KR DELTA Hygienic robot\"}]},{\"@type\":\"WebSite\",\"@id\":\"https:\/\/vuletech.com\/#website\",\"url\":\"https:\/\/vuletech.com\/\",\"name\":\"V\u0169 L\u00ea Tech\",\"description\":\"Our Solution - Your Value\",\"potentialAction\":[{\"@type\":\"SearchAction\",\"target\":{\"@type\":\"EntryPoint\",\"urlTemplate\":\"https:\/\/vuletech.com\/?s={search_term_string}\"},\"query-input\":{\"@type\":\"PropertyValueSpecification\",\"valueRequired\":true,\"valueName\":\"search_term_string\"}}],\"inLanguage\":\"en-US\"}]}<\/script>\n<!-- \/ Yoast SEO plugin. -->","yoast_head_json":{"title":"KR DELTA Hygienic robot - V\u0169 L\u00ea Tech","robots":{"index":"index","follow":"follow","max-snippet":"max-snippet:-1","max-image-preview":"max-image-preview:large","max-video-preview":"max-video-preview:-1"},"canonical":"https:\/\/vuletech.com\/en\/product\/kr-delta-hygienic-robot\/","og_locale":"en_US","og_type":"article","og_title":"KR DELTA Hygienic robot - V\u0169 L\u00ea Tech","og_description":"[vc_row][vc_column][vc_column_text]Robot t\u1ed1c \u0111\u1ed9 cao v\u1edbi thi\u1ebft k\u1ebf m\u00e1y c\u00f3 \u0111i\u1ec1u ki\u1ec7n v\u1ec7 sinh cao \u0111\u1ec3 x\u1eed l\u00fd v\u00e0 nh\u1eb7t c\u00e1c s\u1ea3n ph\u1ea9m nh\u1ecf trong m\u1ed9t s\u1ed1 ng\u00e0nh c\u00f4ng nghi\u1ec7p nh\u01b0 th\u1ef1c ph\u1ea9m, d\u01b0\u1ee3c ph\u1ea9m v\u00e0 \u0111i\u1ec7n t\u1eed.[\/vc_column_text][vc_single_image image=&#8221;4037&#8243; img_size=&#8221;full&#8221; alignment=&#8221;center&#8221;][vc_custom_heading text=&#8221;Robot KUKA Delta \u0111\u01b0\u1ee3c thi\u1ebft k\u1ebf \u0111\u1ec3 s\u1eed d\u1ee5ng trong c\u00e1c \u0111i\u1ec1u ki\u1ec7n c\u1ef1c k\u1ef3","og_url":"https:\/\/vuletech.com\/en\/product\/kr-delta-hygienic-robot\/","og_site_name":"V\u0169 L\u00ea Tech","article_modified_time":"2025-04-25T04:01:38+00:00","og_image":[{"width":768,"height":550,"url":"https:\/\/vuletech.com\/wp-content\/uploads\/2021\/07\/20180816_10_Anl_Mieszko.jpg","type":"image\/jpeg"}],"twitter_card":"summary_large_image","twitter_misc":{"Est. reading time":"6 minutes"},"schema":{"@context":"https:\/\/schema.org","@graph":[{"@type":"WebPage","@id":"https:\/\/vuletech.com\/en\/product\/kr-delta-hygienic-robot\/","url":"https:\/\/vuletech.com\/en\/product\/kr-delta-hygienic-robot\/","name":"KR DELTA Hygienic robot - V\u0169 L\u00ea Tech","isPartOf":{"@id":"https:\/\/vuletech.com\/#website"},"primaryImageOfPage":{"@id":"https:\/\/vuletech.com\/en\/product\/kr-delta-hygienic-robot\/#primaryimage"},"image":{"@id":"https:\/\/vuletech.com\/en\/product\/kr-delta-hygienic-robot\/#primaryimage"},"thumbnailUrl":"http:\/\/vuletech.com\/wp-content\/uploads\/2021\/07\/20180816_10_Anl_Mieszko.jpg","datePublished":"2025-04-25T04:01:34+00:00","dateModified":"2025-04-25T04:01:38+00:00","breadcrumb":{"@id":"https:\/\/vuletech.com\/en\/product\/kr-delta-hygienic-robot\/#breadcrumb"},"inLanguage":"en-US","potentialAction":[{"@type":"ReadAction","target":["https:\/\/vuletech.com\/en\/product\/kr-delta-hygienic-robot\/"]}]},{"@type":"ImageObject","inLanguage":"en-US","@id":"https:\/\/vuletech.com\/en\/product\/kr-delta-hygienic-robot\/#primaryimage","url":"http:\/\/vuletech.com\/wp-content\/uploads\/2021\/07\/20180816_10_Anl_Mieszko.jpg","contentUrl":"http:\/\/vuletech.com\/wp-content\/uploads\/2021\/07\/20180816_10_Anl_Mieszko.jpg","width":768,"height":550,"caption":"kuka delta robot"},{"@type":"BreadcrumbList","@id":"https:\/\/vuletech.com\/en\/product\/kr-delta-hygienic-robot\/#breadcrumb","itemListElement":[{"@type":"ListItem","position":1,"name":"Home","item":"http:\/\/vuletech.com\/en\/"},{"@type":"ListItem","position":2,"name":"Product","item":"https:\/\/vuletech.com\/product\/"},{"@type":"ListItem","position":3,"name":"KR DELTA Hygienic robot"}]},{"@type":"WebSite","@id":"https:\/\/vuletech.com\/#website","url":"https:\/\/vuletech.com\/","name":"V\u0169 L\u00ea Tech","description":"Our Solution - Your Value","potentialAction":[{"@type":"SearchAction","target":{"@type":"EntryPoint","urlTemplate":"https:\/\/vuletech.com\/?s={search_term_string}"},"query-input":{"@type":"PropertyValueSpecification","valueRequired":true,"valueName":"search_term_string"}}],"inLanguage":"en-US"}]}},"_links":{"self":[{"href":"http:\/\/vuletech.com\/en\/wp-json\/wp\/v2\/product\/9102","targetHints":{"allow":["GET"]}}],"collection":[{"href":"http:\/\/vuletech.com\/en\/wp-json\/wp\/v2\/product"}],"about":[{"href":"http:\/\/vuletech.com\/en\/wp-json\/wp\/v2\/types\/product"}],"replies":[{"embeddable":true,"href":"http:\/\/vuletech.com\/en\/wp-json\/wp\/v2\/comments?post=9102"}],"wp:featuredmedia":[{"embeddable":true,"href":"http:\/\/vuletech.com\/en\/wp-json\/wp\/v2\/media\/4038"}],"wp:attachment":[{"href":"http:\/\/vuletech.com\/en\/wp-json\/wp\/v2\/media?parent=9102"}],"wp:term":[{"taxonomy":"product_brand","embeddable":true,"href":"http:\/\/vuletech.com\/en\/wp-json\/wp\/v2\/product_brand?post=9102"},{"taxonomy":"product_cat","embeddable":true,"href":"http:\/\/vuletech.com\/en\/wp-json\/wp\/v2\/product_cat?post=9102"},{"taxonomy":"product_tag","embeddable":true,"href":"http:\/\/vuletech.com\/en\/wp-json\/wp\/v2\/product_tag?post=9102"}],"curies":[{"name":"wp","href":"https:\/\/api.w.org\/{rel}","templated":true}]}}