{"id":9104,"date":"2025-04-25T11:01:34","date_gmt":"2025-04-25T04:01:34","guid":{"rendered":"https:\/\/vuletech.com\/product\/robot-tu-hanh-kuka-agv-kmp-600\/"},"modified":"2025-04-25T11:01:39","modified_gmt":"2025-04-25T04:01:39","slug":"robot-tu-hanh-kuka-agv-kmp-600","status":"publish","type":"product","link":"http:\/\/vuletech.com\/en\/product\/robot-tu-hanh-kuka-agv-kmp-600\/","title":{"rendered":"Robot t\u1ef1 h\u00e0nh Kuka AGV KMP 600"},"content":{"rendered":"<div class=\"wpb-content-wrapper\"><p>[vc_row][vc_column][vc_column_text]V\u1edbi t\u1ed1c \u0111\u1ed9 l\u00ean \u0111\u1ebfn hai m\u00e9t \/ gi\u00e2y, n\u1ec1n t\u1ea3ng di \u0111\u1ed9ng KMP 600-S diffDrive c\u1ee7a KUKA kh\u00f4ng ch\u1ec9 nhanh m\u00e0 c\u00f2n \u0111\u00e1p \u1ee9ng c\u00e1c y\u00eau c\u1ea7u an to\u00e0n cao nh\u1ea5t nh\u1edd m\u00e1y qu\u00e9t laser v\u00e0 ph\u00e1t hi\u1ec7n \u0111\u1ed1i t\u01b0\u1ee3ng 3D. Do \u0111\u00f3, h\u1ec7 th\u1ed1ng ph\u01b0\u01a1ng ti\u1ec7n \u0111\u01b0\u1ee3c d\u1eabn \u0111\u01b0\u1eddng t\u1ef1 \u0111\u1ed9ng \u0111\u01b0a h\u1ec7 th\u1ed1ng n\u1ed9i b\u1ed9 c\u00f4ng nghi\u1ec7p l\u00ean m\u1ed9t t\u1ea7m cao m\u1edbi.[\/vc_column_text][vc_single_image image=&#8221;4495&#8243; img_size=&#8221;large&#8221; alignment=&#8221;center&#8221;][vc_custom_heading text=&#8221;AGVs t\u1ef1 do di chuy\u1ec3n: x\u1eed l\u00fd v\u1eadt li\u1ec7u trong m\u00f4i tr\u01b0\u1eddng n\u0103ng \u0111\u1ed9ng&#8221; use_theme_fonts=&#8221;yes&#8221;]<div class=\"wt-separator-outer \">\n                                    <div class=\"wt-separator style-square\">\n                                        <span class=\"separator-left bg-primary\"><\/span>\n                                        <span class=\"separator-right bg-primary\"><\/span>\n                                    <\/div>\n                                <\/div>\n[vc_column_text]N\u1ec1n t\u1ea3ng di \u0111\u1ed9ng KUKA KMP 600-S diffDrive m\u1edf ra con \u0111\u01b0\u1eddng m\u1edbi v\u00e0 t\u00ednh linh ho\u1ea1t h\u01a1n cho s\u1ea3n xu\u1ea5t n\u1ed9i b\u1ed9. KMP 600-S diffDrive h\u1ed7 tr\u1ee3 nh\u01b0 m\u1ed9t ph\u01b0\u01a1ng ti\u1ec7n d\u1eabn \u0111\u01b0\u1eddng t\u1ef1 \u0111\u1ed9ng (AGV) v\u1edbi tr\u1ecdng t\u1ea3i l\u00ean \u0111\u1ebfn 600 kg. KUKA KMP 600-S diffDrive c\u0169ng cho ph\u00e9p nh\u00e2n vi\u00ean t\u1ef1 do \u0111i l\u1ea1i t\u1ed1i \u0111a v\u00ec s\u1ea3n ph\u1ea9m kh\u00f4ng y\u00eau c\u1ea7u h\u00e0ng r\u00e0o an to\u00e0n. AGV \u0111\u01b0\u1ee3c trang b\u1ecb m\u1ed9t m\u00e1y qu\u00e9t laser theo h\u01b0\u1edbng chuy\u1ec3n \u0111\u1ed9ng ch\u00ednh s\u1ebd gi\u00e1m s\u00e1t khu v\u1ef1c ph\u00eda tr\u01b0\u1edbc v\u00e0 m\u1ed9t m\u00e1y qu\u00e9t th\u1ee9 hai \u1edf ph\u00eda sau \u0111\u1ec3 c\u00f3 t\u1ed1c \u0111\u1ed9 cao trong qu\u00e1 tr\u00ecnh chuy\u1ec3n \u0111\u1ed9ng l\u00f9i khi th\u1eddi gian chu k\u1ef3 y\u00eau c\u1ea7u.[\/vc_column_text][vc_custom_heading text=&#8221;Xe c\u00f3 kh\u1ea3 n\u0103ng HRC c\u00f3 th\u1ec3 \u0111\u01b0\u1ee3c s\u1eed d\u1ee5ng linh ho\u1ea1t v\u00e0 an to\u00e0n trong m\u00f4i tr\u01b0\u1eddng l\u00e0m vi\u1ec7c c\u1ee7a con ng\u01b0\u1eddi.&#8221; use_theme_fonts=&#8221;yes&#8221;]<div class=\"wt-separator-outer \">\n                                    <div class=\"wt-separator style-square\">\n                                        <span class=\"separator-left bg-primary\"><\/span>\n                                        <span class=\"separator-right bg-primary\"><\/span>\n                                    <\/div>\n                                <\/div>\n[vc_video link=&#8221;https:\/\/youtu.be\/QcNT_raFZ-I&#8221; el_width=&#8221;70&#8243; align=&#8221;center&#8221;][vc_custom_heading text=&#8221;Nh\u1eefng l\u1ee3i th\u1ebf n\u00e0o m\u00e0 c\u00e1c AGV mang l\u1ea1i cho d\u1ecbch v\u1ee5 logistics n\u1ed9i b\u1ed9?&#8221; use_theme_fonts=&#8221;yes&#8221;]<div class=\"wt-separator-outer \">\n                                    <div class=\"wt-separator style-square\">\n                                        <span class=\"separator-left bg-primary\"><\/span>\n                                        <span class=\"separator-right bg-primary\"><\/span>\n                                    <\/div>\n                                <\/div>\n[vc_column_text]AGVs \u0111\u01b0a h\u00e0ng h\u00f3a v\u00e0 nguy\u00ean v\u1eadt li\u1ec7u c\u1ea7n thi\u1ebft ho\u00e0n to\u00e0n t\u1ef1 \u0111\u1ed9ng \u0111\u1ebfn \u0111\u00fang n\u01a1i v\u00e0o \u0111\u00fang th\u1eddi \u0111i\u1ec3m. Ch\u00fang \u0111\u1ea3m nh\u1eadn c\u00e1c nhi\u1ec7m v\u1ee5 v\u1eadn chuy\u1ec3n \u0111\u00f2i h\u1ecfi kh\u1eaft khe v\u1ec1 th\u1ec3 ch\u1ea5t v\u00e0 c\u00f3 th\u1ec3 chia s\u1ebb l\u1ed1i \u0111i v\u1edbi ng\u01b0\u1eddi \u0111i\u1ec1u khi\u1ec3n v\u00e0 xe t\u1ea3i c\u00f4ng nghi\u1ec7p th\u00f4ng th\u01b0\u1eddng nh\u1edd c\u00f4ng ngh\u1ec7 an to\u00e0n to\u00e0n di\u1ec7n c\u1ee7a ch\u00fang. Th\u00f4ng qua vi\u1ec7c s\u1eed d\u1ee5ng t\u00ednh n\u0103ng ph\u00e1t hi\u1ec7n \u0111\u1ed1i t\u01b0\u1ee3ng 3D d\u1ef1a tr\u00ean m\u00e1y \u1ea3nh, ch\u00fang t\u00edch h\u1ee3p ho\u00e0n to\u00e0n v\u00e0o c\u00e1c m\u00f4i tr\u01b0\u1eddng s\u1ea3n xu\u1ea5t hi\u1ec7n c\u00f3. KMP 600-S diffDrive c\u0169ng c\u00f3 th\u1ec3 \u0111\u01b0\u1ee3c m\u1edf r\u1ed9ng v\u1edbi t\u00ednh n\u0103ng ph\u00e1t hi\u1ec7n \u0111\u1ed1i t\u01b0\u1ee3ng 3D. \u0110i\u1ec1u n\u00e0y cho ph\u00e9p AGV t\u1ef1 \u0111\u1ed9ng ph\u00e1t hi\u1ec7n c\u00e1c ch\u01b0\u1edbng ng\u1ea1i v\u1eadt c\u00e1ch m\u1eb7t \u0111\u1ea5t t\u1eeb 30 mm \u0111\u1ebfn 4 m\u00e9t. \u0110\u1ed3ng th\u1eddi, KMP 600-S diffDrive \u0111\u01b0\u1ee3c trang b\u1ecb l\u00fd t\u01b0\u1edfng cho m\u00f4i tr\u01b0\u1eddng s\u1ea3n xu\u1ea5t c\u00f4ng nghi\u1ec7p kh\u1eafc nghi\u1ec7t h\u00e0ng ng\u00e0y: thi\u1ebft k\u1ebf IP 54 b\u1ea3o v\u1ec7 n\u00f3 kh\u1ecfi nh\u1eefng th\u1ee9 nh\u01b0 phun n\u01b0\u1edbc v\u00e0 b\u1ee5i.[\/vc_column_text][\/vc_column][\/vc_row][vc_row][vc_column width=&#8221;1\/4&#8243;][vc_column_text]<strong>Ti\u00eau chu\u1ea9n an to\u00e0n cao<\/strong><\/p>\n<ul>\n<li>M\u00e1y qu\u00e9t laser theo h\u01b0\u1edbng chuy\u1ec3n \u0111\u1ed9ng ch\u00ednh<\/li>\n<li>M\u1ed9t m\u00e1y qu\u00e9t laser th\u1ee9 hai c\u00f3 th\u1ec3 \u0111\u01b0\u1ee3c th\u00eam v\u00e0o \u1edf ph\u00eda sau<\/li>\n<li>B\u1ed1n \u0111i\u1ec3m d\u1eebng kh\u1ea9n c\u1ea5p<\/li>\n<li>T\u00e1m v\u00f9ng an to\u00e0n \u1edf c\u1ea3 ph\u00eda tr\u01b0\u1edbc v\u00e0 ph\u00eda sau xe<\/li>\n<\/ul>\n<p>[\/vc_column_text][\/vc_column][vc_column width=&#8221;1\/4&#8243;][vc_column_text]<strong>C\u1ef1c k\u1ef3 nhanh<\/strong><\/p>\n<ul>\n<li>AGV di chuy\u1ec3n l\u00ean \u0111\u1ebfn 2 m\u00e9t m\u1ed7i gi\u00e2y<\/li>\n<li>Chuy\u1ec3n \u0111\u1ed9ng l\u00f9i nhanh nh\u1edd m\u00e1y qu\u00e9t laser t\u00f9y ch\u1ecdn<\/li>\n<li>Thi\u1ebft b\u1ecb n\u00e2ng t\u00edch h\u1ee3p \u0111\u1ec3 n\u00e2ng l\u00ean \u0111\u1ebfn 60 mm trong v\u00f2ng ch\u01b0a \u0111\u1ea7y 3 gi\u00e2y<\/li>\n<\/ul>\n<p>[\/vc_column_text][\/vc_column][vc_column width=&#8221;1\/4&#8243;][vc_column_text]<strong>Ch\u1ec9 s\u1ed1 b\u1ea3o v\u1ec7 IP 54<\/strong><\/p>\n<ul>\n<li>\u0110\u01b0\u1ee3c trang b\u1ecb t\u1ed1i \u01b0u cho c\u00f4ng vi\u1ec7c h\u00e0ng ng\u00e0y c\u1ee7a s\u1ea3n xu\u1ea5t c\u00f4ng nghi\u1ec7p<\/li>\n<li>B\u1ea3o v\u1ec7 ch\u1ed1ng l\u1ea1i c\u00e1c v\u1eadt ch\u1ea5t l\u1ea1 nh\u01b0 b\u1ee5i (kim lo\u1ea1i)<\/li>\n<li>\u0110\u01b0\u1ee3c b\u1ea3o v\u1ec7 kh\u1ecfi tia n\u01b0\u1edbc t\u1eeb m\u1ecdi h\u01b0\u1edbng<\/li>\n<\/ul>\n<p>[\/vc_column_text][\/vc_column][vc_column width=&#8221;1\/4&#8243;][vc_column_text]<strong>\u0110i\u1ec1u h\u01b0\u1edbng th\u00f4ng minh<\/strong><\/p>\n<ul>\n<li>M\u1ed9t ph\u1ea7n m\u1ec1m qu\u1ea3n l\u00fd \u0111\u1ed9i xe cho to\u00e0n b\u1ed9 danh m\u1ee5c KUKA AGV<\/li>\n<li>\u0110i\u1ec1u h\u01b0\u1edbng th\u00f4ng qua m\u00e1y qu\u00e9t laser v\u00e0 b\u1ea3n \u0111\u1ed3 m\u00f4i tr\u01b0\u1eddng xung quanh \u0111\u01b0\u1ee3c t\u1ea1o tr\u01b0\u1edbc<\/li>\n<li>X\u00e1c \u0111\u1ecbnh tuy\u1ebfn \u0111\u01b0\u1eddng nhanh nh\u1ea5t &#8211; ngay c\u1ea3 trong m\u00f4i tr\u01b0\u1eddng ph\u1ee9c t\u1ea1p<\/li>\n<\/ul>\n<p>[\/vc_column_text][\/vc_column][\/vc_row][vc_row][vc_column][vc_custom_heading text=&#8221;Xe h\u01b0\u1edbng d\u1eabn t\u1ef1 \u0111\u1ed9ng t\u1eeb KUKA: Kh\u1edfi \u0111\u1ed9ng nhanh, b\u1ea3o d\u01b0\u1ee1ng \u0111\u01a1n gi\u1ea3n&#8221; use_theme_fonts=&#8221;yes&#8221;]<div class=\"wt-separator-outer \">\n                                    <div class=\"wt-separator style-square\">\n                                        <span class=\"separator-left bg-primary\"><\/span>\n                                        <span class=\"separator-right bg-primary\"><\/span>\n                                    <\/div>\n                                <\/div>\n[vc_column_text]C\u00e1c \u1ee9ng d\u1ee5ng c\u00f3 th\u1ec3 \u0111\u01b0\u1ee3c l\u1eadp tr\u00ecnh b\u1eb1ng JAVA. \u0110\u1ec3 c\u00e1c ph\u01b0\u01a1ng ti\u1ec7n th\u00f4ng minh, t\u1ef1 h\u00e0nh c\u1ee7a KUKA h\u1ed7 tr\u1ee3 t\u1ed1i \u01b0u c\u00e1c d\u00f2ng nguy\u00ean li\u1ec7u n\u1ed9i b\u1ed9, ch\u00fang ph\u1ea3i \u0111\u01b0\u1ee3c d\u1ea1y ban \u0111\u1ea7u. KMP 600-S diffDrive \u0111\u01b0\u1ee3c v\u1eadn h\u00e0nh nhanh ch\u00f3ng v\u00e0 d\u1ec5 d\u00e0ng th\u00f4ng qua b\u1ed9 \u0111i\u1ec1u khi\u1ec3n kh\u00f4ng d\u00e2y. B\u1ea3o tr\u00ec d\u1ec5 d\u00e0ng nh\u01b0 kh\u1edfi \u0111\u1ed9ng: C\u00f3 th\u1ec3 truy c\u1eadp v\u00e0o c\u00e1c th\u00e0nh ph\u1ea7n AGV, ch\u1eb3ng h\u1ea1n nh\u01b0 con l\u0103n, m\u00e1y qu\u00e9t laser v\u00e0 giao di\u1ec7n d\u1ecbch v\u1ee5 m\u00e0 kh\u00f4ng c\u1ea7n c\u00f4ng c\u1ee5 &#8211; \u0111\u1ec3 ki\u1ec3m tra, c\u1eadp nh\u1eadt ch\u01b0\u01a1ng tr\u00ecnh c\u01a1 s\u1edf, hi\u1ec7u ch\u1ec9nh v\u00e0 s\u1eeda ch\u1eefa.[\/vc_column_text][\/vc_column][\/vc_row][vc_row][vc_column width=&#8221;1\/2&#8243;][vc_custom_heading text=&#8221;KUKA AGV KMP 600-S diffDrive: gi\u1ea3i ph\u00e1p linh ho\u1ea1t cho h\u1ec7 th\u1ed1ng xe d\u1eabn \u0111\u01b0\u1eddng t\u1ef1 \u0111\u1ed9ng c\u1ee7a b\u1ea1n&#8221; use_theme_fonts=&#8221;yes&#8221;][vc_column_text]KMP 600-S diffDrive \u0111i k\u00e8m v\u1edbi m\u1ed9t \u0111\u1ed1i t\u00e1c l\u00fd t\u01b0\u1edfng, ph\u00e1t huy h\u1ebft s\u1ee9c m\u1ea1nh c\u1ee7a n\u00f3 m\u1ed9t c\u00e1ch ho\u00e0n h\u1ea3o trong c\u00e1c ph\u01b0\u01a1ng ti\u1ec7n \u0111i\u1ec1u h\u01b0\u1edbng t\u1ef1 \u0111\u1ed9ng: KUKA.NavigationSolution. Gi\u1ea3i ph\u00e1p ph\u1ea7n m\u1ec1m v\u1edbi thu\u1eadt to\u00e1n SLAM th\u00f4ng minh (B\u1ea3n \u0111\u1ed3 h\u00f3a v\u00e0 B\u1ea3n \u0111\u1ed3 h\u00f3a \u0111\u1ed3ng th\u1eddi) t\u1ea1o ra m\u1ed9t b\u1ea3n \u0111\u1ed3 c\u1ee7a m\u00f4i tr\u01b0\u1eddng xung quanh. Do \u0111\u00f3, n\u00f3 c\u00f3 th\u1ec3 \u0111\u1ea3m nh\u1eadn vi\u1ec7c b\u1ea3n \u0111\u1ecba h\u00f3a trong kh\u00f4ng gian (tr\u00ean ch\u00ednh ph\u01b0\u01a1ng ti\u1ec7n) c\u0169ng nh\u01b0 \u0111i\u1ec1u ph\u1ed1i t\u1ea5t c\u1ea3 c\u00e1c ph\u01b0\u01a1ng ti\u1ec7n \u0111\u01b0\u1ee3c d\u1eabn \u0111\u01b0\u1eddng t\u1ef1 \u0111\u1ed9ng (tr\u00ean m\u1ed9t m\u00e1y t\u00ednh trung t\u00e2m). S\u1eed d\u1ee5ng th\u00f4ng tin nh\u01b0 kho\u1ea3ng c\u00e1ch v\u00e0 t\u1ed1c \u0111\u1ed9, ng\u01b0\u1eddi qu\u1ea3n l\u00fd \u0111\u1ed9i xe x\u00e1c \u0111\u1ecbnh tuy\u1ebfn \u0111\u01b0\u1eddng t\u1ed1t nh\u1ea5t tr\u00ean m\u1ea1ng l\u01b0\u1edbi \u0111\u01b0\u1eddng \u0111i. Ph\u1ea7n m\u1ec1m bao g\u1ed3m t\u1ea5t c\u1ea3 c\u00e1c y\u00eau c\u1ea7u trong l\u0129nh v\u1ef1c di \u0111\u1ed9ng.[\/vc_column_text][\/vc_column][vc_column width=&#8221;1\/2&#8243;][vc_single_image image=&#8221;4496&#8243; img_size=&#8221;full&#8221; alignment=&#8221;center&#8221;][\/vc_column][\/vc_row]<\/p>\n<\/div>","protected":false},"excerpt":{"rendered":"<p>[vc_row][vc_column][vc_column_text]V\u1edbi t\u1ed1c \u0111\u1ed9 l\u00ean \u0111\u1ebfn hai m\u00e9t \/ gi\u00e2y, n\u1ec1n t\u1ea3ng di \u0111\u1ed9ng KMP 600-S diffDrive c\u1ee7a KUKA kh\u00f4ng ch\u1ec9 nhanh m\u00e0 c\u00f2n \u0111\u00e1p \u1ee9ng c\u00e1c y\u00eau c\u1ea7u an to\u00e0n cao nh\u1ea5t nh\u1edd m\u00e1y qu\u00e9t laser v\u00e0 ph\u00e1t hi\u1ec7n \u0111\u1ed1i t\u01b0\u1ee3ng 3D. Do \u0111\u00f3, h\u1ec7 th\u1ed1ng ph\u01b0\u01a1ng ti\u1ec7n \u0111\u01b0\u1ee3c d\u1eabn \u0111\u01b0\u1eddng t\u1ef1 \u0111\u1ed9ng \u0111\u01b0a h\u1ec7<\/p>\n","protected":false},"featured_media":4495,"comment_status":"closed","ping_status":"open","template":"","meta":[],"product_brand":[],"product_cat":[732],"product_tag":[],"class_list":{"0":"post-9104","1":"product","2":"type-product","3":"status-publish","4":"has-post-thumbnail","6":"product_cat-roboticindustrial-robot","8":"first","9":"instock","10":"product-type-simple"},"acf":[],"yoast_head":"<!-- This site is optimized with the Yoast SEO plugin v25.1 - https:\/\/yoast.com\/wordpress\/plugins\/seo\/ -->\n<title>Robot t\u1ef1 h\u00e0nh Kuka AGV KMP 600 - V\u0169 L\u00ea Tech<\/title>\n<meta name=\"robots\" content=\"index, follow, max-snippet:-1, max-image-preview:large, max-video-preview:-1\" \/>\n<link rel=\"canonical\" href=\"https:\/\/vuletech.com\/product\/robot-tu-hanh-kuka-agv-kmp-600\/\" \/>\n<meta property=\"og:locale\" content=\"en_US\" \/>\n<meta property=\"og:type\" content=\"article\" \/>\n<meta property=\"og:title\" content=\"Robot t\u1ef1 h\u00e0nh Kuka AGV KMP 600 - V\u0169 L\u00ea Tech\" \/>\n<meta property=\"og:description\" content=\"[vc_row][vc_column][vc_column_text]V\u1edbi t\u1ed1c \u0111\u1ed9 l\u00ean \u0111\u1ebfn hai m\u00e9t \/ gi\u00e2y, n\u1ec1n t\u1ea3ng di \u0111\u1ed9ng KMP 600-S diffDrive c\u1ee7a KUKA kh\u00f4ng ch\u1ec9 nhanh m\u00e0 c\u00f2n \u0111\u00e1p \u1ee9ng c\u00e1c y\u00eau c\u1ea7u an to\u00e0n cao nh\u1ea5t nh\u1edd m\u00e1y qu\u00e9t laser v\u00e0 ph\u00e1t hi\u1ec7n \u0111\u1ed1i t\u01b0\u1ee3ng 3D. Do \u0111\u00f3, h\u1ec7 th\u1ed1ng ph\u01b0\u01a1ng ti\u1ec7n \u0111\u01b0\u1ee3c d\u1eabn \u0111\u01b0\u1eddng t\u1ef1 \u0111\u1ed9ng \u0111\u01b0a h\u1ec7\" \/>\n<meta property=\"og:url\" content=\"https:\/\/vuletech.com\/product\/robot-tu-hanh-kuka-agv-kmp-600\/\" \/>\n<meta property=\"og:site_name\" content=\"V\u0169 L\u00ea Tech\" \/>\n<meta property=\"article:modified_time\" content=\"2025-04-25T04:01:39+00:00\" \/>\n<meta property=\"og:image\" content=\"https:\/\/vuletech.com\/wp-content\/uploads\/2021\/10\/warehouse-agv-kmp-600_optimized.jpg\" \/>\n\t<meta property=\"og:image:width\" content=\"1000\" \/>\n\t<meta property=\"og:image:height\" content=\"625\" \/>\n\t<meta property=\"og:image:type\" content=\"image\/jpeg\" \/>\n<meta name=\"twitter:card\" content=\"summary_large_image\" \/>\n<meta name=\"twitter:label1\" content=\"Est. reading time\" \/>\n\t<meta name=\"twitter:data1\" content=\"7 minutes\" \/>\n<script type=\"application\/ld+json\" class=\"yoast-schema-graph\">{\"@context\":\"https:\/\/schema.org\",\"@graph\":[{\"@type\":\"WebPage\",\"@id\":\"https:\/\/vuletech.com\/product\/robot-tu-hanh-kuka-agv-kmp-600\/\",\"url\":\"https:\/\/vuletech.com\/product\/robot-tu-hanh-kuka-agv-kmp-600\/\",\"name\":\"Robot t\u1ef1 h\u00e0nh Kuka AGV KMP 600 - V\u0169 L\u00ea Tech\",\"isPartOf\":{\"@id\":\"https:\/\/vuletech.com\/#website\"},\"primaryImageOfPage\":{\"@id\":\"https:\/\/vuletech.com\/product\/robot-tu-hanh-kuka-agv-kmp-600\/#primaryimage\"},\"image\":{\"@id\":\"https:\/\/vuletech.com\/product\/robot-tu-hanh-kuka-agv-kmp-600\/#primaryimage\"},\"thumbnailUrl\":\"http:\/\/vuletech.com\/wp-content\/uploads\/2021\/10\/warehouse-agv-kmp-600_optimized.jpg\",\"datePublished\":\"2025-04-25T04:01:34+00:00\",\"dateModified\":\"2025-04-25T04:01:39+00:00\",\"breadcrumb\":{\"@id\":\"https:\/\/vuletech.com\/product\/robot-tu-hanh-kuka-agv-kmp-600\/#breadcrumb\"},\"inLanguage\":\"en-US\",\"potentialAction\":[{\"@type\":\"ReadAction\",\"target\":[\"https:\/\/vuletech.com\/product\/robot-tu-hanh-kuka-agv-kmp-600\/\"]}]},{\"@type\":\"ImageObject\",\"inLanguage\":\"en-US\",\"@id\":\"https:\/\/vuletech.com\/product\/robot-tu-hanh-kuka-agv-kmp-600\/#primaryimage\",\"url\":\"http:\/\/vuletech.com\/wp-content\/uploads\/2021\/10\/warehouse-agv-kmp-600_optimized.jpg\",\"contentUrl\":\"http:\/\/vuletech.com\/wp-content\/uploads\/2021\/10\/warehouse-agv-kmp-600_optimized.jpg\",\"width\":1000,\"height\":625,\"caption\":\"warehouse-agv-kmp-600\"},{\"@type\":\"BreadcrumbList\",\"@id\":\"https:\/\/vuletech.com\/product\/robot-tu-hanh-kuka-agv-kmp-600\/#breadcrumb\",\"itemListElement\":[{\"@type\":\"ListItem\",\"position\":1,\"name\":\"Home\",\"item\":\"http:\/\/vuletech.com\/en\/\"},{\"@type\":\"ListItem\",\"position\":2,\"name\":\"Product\",\"item\":\"https:\/\/vuletech.com\/product\/\"},{\"@type\":\"ListItem\",\"position\":3,\"name\":\"Robot t\u1ef1 h\u00e0nh Kuka AGV KMP 600\"}]},{\"@type\":\"WebSite\",\"@id\":\"https:\/\/vuletech.com\/#website\",\"url\":\"https:\/\/vuletech.com\/\",\"name\":\"V\u0169 L\u00ea Tech\",\"description\":\"Our Solution - Your Value\",\"potentialAction\":[{\"@type\":\"SearchAction\",\"target\":{\"@type\":\"EntryPoint\",\"urlTemplate\":\"https:\/\/vuletech.com\/?s={search_term_string}\"},\"query-input\":{\"@type\":\"PropertyValueSpecification\",\"valueRequired\":true,\"valueName\":\"search_term_string\"}}],\"inLanguage\":\"en-US\"}]}<\/script>\n<!-- \/ Yoast SEO plugin. -->","yoast_head_json":{"title":"Robot t\u1ef1 h\u00e0nh Kuka AGV KMP 600 - V\u0169 L\u00ea Tech","robots":{"index":"index","follow":"follow","max-snippet":"max-snippet:-1","max-image-preview":"max-image-preview:large","max-video-preview":"max-video-preview:-1"},"canonical":"https:\/\/vuletech.com\/product\/robot-tu-hanh-kuka-agv-kmp-600\/","og_locale":"en_US","og_type":"article","og_title":"Robot t\u1ef1 h\u00e0nh Kuka AGV KMP 600 - V\u0169 L\u00ea Tech","og_description":"[vc_row][vc_column][vc_column_text]V\u1edbi t\u1ed1c \u0111\u1ed9 l\u00ean \u0111\u1ebfn hai m\u00e9t \/ gi\u00e2y, n\u1ec1n t\u1ea3ng di \u0111\u1ed9ng KMP 600-S diffDrive c\u1ee7a KUKA kh\u00f4ng ch\u1ec9 nhanh m\u00e0 c\u00f2n \u0111\u00e1p \u1ee9ng c\u00e1c y\u00eau c\u1ea7u an to\u00e0n cao nh\u1ea5t nh\u1edd m\u00e1y qu\u00e9t laser v\u00e0 ph\u00e1t hi\u1ec7n \u0111\u1ed1i t\u01b0\u1ee3ng 3D. Do \u0111\u00f3, h\u1ec7 th\u1ed1ng ph\u01b0\u01a1ng ti\u1ec7n \u0111\u01b0\u1ee3c d\u1eabn \u0111\u01b0\u1eddng t\u1ef1 \u0111\u1ed9ng \u0111\u01b0a h\u1ec7","og_url":"https:\/\/vuletech.com\/product\/robot-tu-hanh-kuka-agv-kmp-600\/","og_site_name":"V\u0169 L\u00ea Tech","article_modified_time":"2025-04-25T04:01:39+00:00","og_image":[{"width":1000,"height":625,"url":"https:\/\/vuletech.com\/wp-content\/uploads\/2021\/10\/warehouse-agv-kmp-600_optimized.jpg","type":"image\/jpeg"}],"twitter_card":"summary_large_image","twitter_misc":{"Est. reading time":"7 minutes"},"schema":{"@context":"https:\/\/schema.org","@graph":[{"@type":"WebPage","@id":"https:\/\/vuletech.com\/product\/robot-tu-hanh-kuka-agv-kmp-600\/","url":"https:\/\/vuletech.com\/product\/robot-tu-hanh-kuka-agv-kmp-600\/","name":"Robot t\u1ef1 h\u00e0nh Kuka AGV KMP 600 - V\u0169 L\u00ea Tech","isPartOf":{"@id":"https:\/\/vuletech.com\/#website"},"primaryImageOfPage":{"@id":"https:\/\/vuletech.com\/product\/robot-tu-hanh-kuka-agv-kmp-600\/#primaryimage"},"image":{"@id":"https:\/\/vuletech.com\/product\/robot-tu-hanh-kuka-agv-kmp-600\/#primaryimage"},"thumbnailUrl":"http:\/\/vuletech.com\/wp-content\/uploads\/2021\/10\/warehouse-agv-kmp-600_optimized.jpg","datePublished":"2025-04-25T04:01:34+00:00","dateModified":"2025-04-25T04:01:39+00:00","breadcrumb":{"@id":"https:\/\/vuletech.com\/product\/robot-tu-hanh-kuka-agv-kmp-600\/#breadcrumb"},"inLanguage":"en-US","potentialAction":[{"@type":"ReadAction","target":["https:\/\/vuletech.com\/product\/robot-tu-hanh-kuka-agv-kmp-600\/"]}]},{"@type":"ImageObject","inLanguage":"en-US","@id":"https:\/\/vuletech.com\/product\/robot-tu-hanh-kuka-agv-kmp-600\/#primaryimage","url":"http:\/\/vuletech.com\/wp-content\/uploads\/2021\/10\/warehouse-agv-kmp-600_optimized.jpg","contentUrl":"http:\/\/vuletech.com\/wp-content\/uploads\/2021\/10\/warehouse-agv-kmp-600_optimized.jpg","width":1000,"height":625,"caption":"warehouse-agv-kmp-600"},{"@type":"BreadcrumbList","@id":"https:\/\/vuletech.com\/product\/robot-tu-hanh-kuka-agv-kmp-600\/#breadcrumb","itemListElement":[{"@type":"ListItem","position":1,"name":"Home","item":"http:\/\/vuletech.com\/en\/"},{"@type":"ListItem","position":2,"name":"Product","item":"https:\/\/vuletech.com\/product\/"},{"@type":"ListItem","position":3,"name":"Robot t\u1ef1 h\u00e0nh Kuka AGV KMP 600"}]},{"@type":"WebSite","@id":"https:\/\/vuletech.com\/#website","url":"https:\/\/vuletech.com\/","name":"V\u0169 L\u00ea Tech","description":"Our Solution - Your Value","potentialAction":[{"@type":"SearchAction","target":{"@type":"EntryPoint","urlTemplate":"https:\/\/vuletech.com\/?s={search_term_string}"},"query-input":{"@type":"PropertyValueSpecification","valueRequired":true,"valueName":"search_term_string"}}],"inLanguage":"en-US"}]}},"_links":{"self":[{"href":"http:\/\/vuletech.com\/en\/wp-json\/wp\/v2\/product\/9104","targetHints":{"allow":["GET"]}}],"collection":[{"href":"http:\/\/vuletech.com\/en\/wp-json\/wp\/v2\/product"}],"about":[{"href":"http:\/\/vuletech.com\/en\/wp-json\/wp\/v2\/types\/product"}],"replies":[{"embeddable":true,"href":"http:\/\/vuletech.com\/en\/wp-json\/wp\/v2\/comments?post=9104"}],"wp:featuredmedia":[{"embeddable":true,"href":"http:\/\/vuletech.com\/en\/wp-json\/wp\/v2\/media\/4495"}],"wp:attachment":[{"href":"http:\/\/vuletech.com\/en\/wp-json\/wp\/v2\/media?parent=9104"}],"wp:term":[{"taxonomy":"product_brand","embeddable":true,"href":"http:\/\/vuletech.com\/en\/wp-json\/wp\/v2\/product_brand?post=9104"},{"taxonomy":"product_cat","embeddable":true,"href":"http:\/\/vuletech.com\/en\/wp-json\/wp\/v2\/product_cat?post=9104"},{"taxonomy":"product_tag","embeddable":true,"href":"http:\/\/vuletech.com\/en\/wp-json\/wp\/v2\/product_tag?post=9104"}],"curies":[{"name":"wp","href":"https:\/\/api.w.org\/{rel}","templated":true}]}}