{"id":9163,"date":"2025-04-25T11:27:20","date_gmt":"2025-04-25T04:27:20","guid":{"rendered":"https:\/\/vuletech.com\/product\/cam-bien-quang-sick-g6\/"},"modified":"2025-04-25T11:27:20","modified_gmt":"2025-04-25T04:27:20","slug":"cam-bien-quang-sick-g6","status":"publish","type":"product","link":"http:\/\/vuletech.com\/en\/product\/cam-bien-quang-sick-g6\/","title":{"rendered":"C\u1ea3m bi\u1ebfn quang SICK G6"},"content":{"rendered":"<div class=\"wpb-content-wrapper\"><p>[vc_row][vc_column width=&#8221;1\/2&#8243;][vc_single_image image=&#8221;7328&#8243; img_size=&#8221;full&#8221; alignment=&#8221;center&#8221;][\/vc_column][vc_column width=&#8221;1\/2&#8243;][vc_custom_heading text=&#8221;C\u1ea3m bi\u1ebfn quang G6&#8243; use_theme_fonts=&#8221;yes&#8221;][vc_column_text]<\/p>\n<ul>\n<li>C\u1ea3m bi\u1ebfn quang \u0111i\u1ec7n d\u00f2ng G6 s\u1eed d\u1ee5ng c\u1ea3 \u0111\u00e8n LED PinPoint ho\u1eb7c c\u00f4ng ngh\u1ec7 laser.<\/li>\n<li>Thi\u1ebft k\u1ebf nh\u1ecf g\u1ecdn v\u1edbi l\u1ed7 ren c\u1ed1 \u0111\u1ecbnh M3 gi\u00fap l\u1eafp \u0111\u1eb7t nhanh ch\u00f3ng.<\/li>\n<li>D\u00f2ng s\u1ea3n ph\u1ea9m G6 cung c\u1ea5p nhi\u1ec1u m\u1eabu m\u00e3 mang \u0111\u1ebfn s\u1ef1 linh ho\u1ea1t t\u1ed1i \u0111a ph\u00f9 h\u1ee3p v\u1edbi nhi\u1ec1u \u1ee9ng d\u1ee5ng \u0111a d\u1ea1ng theo y\u00eau c\u1ea7u.<\/li>\n<li>Ngo\u00e0i hi\u1ec7u su\u1ea5t t\u1ed1i \u01b0u, c\u1ea3m bi\u1ebfn ti\u1ec7m c\u1eadn quang \u0111i\u1ec7n G6 c\u00f2n c\u00f3 v\u1ecf 1 inch ti\u1ebft ki\u1ec7m kh\u00f4ng gian.<\/li>\n<li>\u0110i\u1ec1u n\u00e0y cho ph\u00e9p m\u1ee9c \u0111\u1ed9 linh ho\u1ea1t cao trong thi\u1ebft k\u1ebf m\u00e1y. Kh\u1ea3 n\u0103ng ph\u00e1t hi\u1ec7n laser ch\u00ednh x\u00e1c c\u0169ng \u0111\u1ea3m b\u1ea3o hi\u1ec7u su\u1ea5t c\u1ea3m bi\u1ebfn tuy\u1ec7t v\u1eddi, ngay c\u1ea3 trong nh\u1eefng \u0111i\u1ec1u ki\u1ec7n kh\u00f3 kh\u0103n. Do \u0111\u00f3, laser G6 ho\u00e0n to\u00e0n ph\u00f9 h\u1ee3p \u0111\u1ec3 ph\u00e1t hi\u1ec7n c\u00e1c b\u1ed9 ph\u1eadn nh\u1ecf trong s\u1ea3n xu\u1ea5t \u0111i\u1ec7n t\u1eed.<\/li>\n<li>V\u1edbi c\u1ea3m bi\u1ebfn G6 Inox, do v\u1ecf b\u1eb1ng th\u00e9p kh\u00f4ng g\u1ec9 kh\u00f4ng g\u1ec9 n\u00ean c\u00e1c c\u1ea3m bi\u1ebfn c\u00f3 \u0111\u1ed9 b\u1ec1n cao, kh\u1ea3 n\u0103ng ch\u1ed1ng \u0103n m\u00f2n. Nh\u1edd v\u1eady, c\u1ea3m bi\u1ebfn Inox G6 r\u1ea5t l\u00fd t\u01b0\u1edfng \u0111\u1ec3 s\u1eed d\u1ee5ng trong ng\u00e0nh th\u1ef1c ph\u1ea9m v\u00e0 \u0111\u1ed3 u\u1ed1ng. Trong l\u0129nh v\u1ef1c n\u00e0y, v\u1ea5n \u0111\u1ec1 v\u1ec7 sinh \u0111\u01b0\u1ee3c \u0111\u1eb7t l\u00ean h\u00e0ng \u0111\u1ea7u v\u00e0 \u0111\u01b0\u1ee3c \u0111\u1ea3m b\u1ea3o b\u1eb1ng c\u00e1c quy tr\u00ecnh l\u00e0m s\u1ea1ch v\u00e0 kh\u1eed tr\u00f9ng chuy\u00ean s\u00e2u.<\/li>\n<\/ul>\n<p>[\/vc_column_text][\/vc_column][\/vc_row][vc_row][vc_column][vc_custom_heading text=&#8221;T\u1ed5ng quan c\u1ea3m bi\u1ebfn quang G6&#8243; font_container=&#8221;tag:h2|text_align:center&#8221; use_theme_fonts=&#8221;yes&#8221;][\/vc_column][\/vc_row][vc_row][vc_column width=&#8221;1\/2&#8243;][vc_column_text]<strong>L\u1ee3i \u00edch:<\/strong><\/p>\n<ul>\n<li>\u0110\u00e8n LED PinPoint (c\u00f3 \u00e1nh s\u00e1ng \u0111\u1ecf v\u00e0 \u00e1nh s\u00e1ng h\u1ed3ng ngo\u1ea1i nh\u00ecn th\u1ea5y \u0111\u01b0\u1ee3c) ho\u1eb7c c\u00e1c bi\u1ebfn th\u1ec3 c\u00f3 \u0111i\u1ec3m s\u00e1ng laze cho ph\u00e9p ph\u00e1t hi\u1ec7n v\u1eadt th\u1ec3 m\u1ed9t c\u00e1ch \u0111\u00e1ng tin c\u1eady v\u00e0 do \u0111\u00f3 ph\u00f9 h\u1ee3p v\u1edbi nhi\u1ec1u \u1ee9ng d\u1ee5ng<\/li>\n<li>Hi\u1ec7u su\u1ea5t quang h\u1ecdc v\u01b0\u1ee3t tr\u1ed9i v\u00e0 \u0111\u1ed9 b\u1ec1n cao nh\u1edd ASIC c\u1ee7a SICK<\/li>\n<li>L\u1eafp \u0111\u1eb7t nhanh ch\u00f3ng, d\u1ec5 d\u00e0ng v\u00e0 c\u00f3 \u0111\u1ed9 b\u1ec1n cao nh\u1edd l\u1edbp l\u00f3t kim lo\u1ea1i c\u00f3 ren M3<\/li>\n<li>D\u1ec5 d\u00e0ng c\u00e0i \u0111\u1eb7t v\u00e0 \u0111i\u1ec1u ch\u1ec9nh v\u1edbi chi\u1ebft \u00e1p th\u00e2n thi\u1ec7n v\u1edbi ng\u01b0\u1eddi d\u00f9ng v\u00e0 \u0111\u00e8n LED ch\u1ec9 b\u00e1o d\u1ec5 nh\u00ecn<\/li>\n<li>C\u00e1c bi\u1ebfn th\u1ec3 c\u00f3 v\u1ecf b\u1eb1ng th\u00e9p kh\u00f4ng g\u1ec9 v\u00e0 x\u1ebfp h\u1ea1ng v\u1ecf IP69K \u0111\u1ea3m b\u1ea3o tu\u1ed5i th\u1ecd s\u1eed d\u1ee5ng c\u1ea3m bi\u1ebfn l\u00e2u d\u00e0i trong c\u00e1c \u1ee9ng d\u1ee5ng t\u1ea9y r\u1eeda \u0111\u00f2i h\u1ecfi kh\u1eaft khe<\/li>\n<\/ul>\n<p>[\/vc_column_text][\/vc_column][vc_column width=&#8221;1\/2&#8243;][vc_column_text]<strong>T\u00ednh n\u0103ng:<\/strong><\/p>\n<ul>\n<li>C\u00e1c bi\u1ebfn th\u1ec3 PinPoint LED v\u00e0 laser lo\u1ea1i 1 SICK ASIC<\/li>\n<li>C\u1ea3m bi\u1ebfn ti\u1ec7m c\u1eadn quang \u0111i\u1ec7n c\u00f3 ch\u1ee9c n\u0103ng tri\u1ec7t ti\u00eau n\u1ec1n, c\u1ea3m bi\u1ebfn ti\u1ec7m c\u1eadn quang \u0111i\u1ec7n mang n\u0103ng l\u01b0\u1ee3ng v\u00e0 c\u1ea3m bi\u1ebfn quang \u0111i\u1ec7n xuy\u00ean ch\u00f9m tia<\/li>\n<li>V\u1ecf nh\u1ef1a ABS v\u00e0 v\u1ecf th\u00e9p kh\u00f4ng g\u1ec9 V4A 1.4404 (316L)<\/li>\n<li>X\u1ebfp h\u1ea1ng b\u1ea3o v\u1ec7 IP67 v\u00e0 IP69K<\/li>\n<\/ul>\n<p>[\/vc_column_text][\/vc_column][\/vc_row][vc_row][vc_column][vc_custom_heading text=&#8221;\u01afu \u0111i\u1ec3m&#8221; font_container=&#8221;tag:h2|text_align:center&#8221; use_theme_fonts=&#8221;yes&#8221;][vc_single_image image=&#8221;7329&#8243; img_size=&#8221;full&#8221; alignment=&#8221;center&#8221;][vc_column_text]C\u1ea3m bi\u1ebfn quang \u0111i\u1ec7n c\u1ee7a d\u00f2ng s\u1ea3n ph\u1ea9m G6 s\u1eed d\u1ee5ng c\u1ea3 \u0111\u00e8n LED PinPoint v\u00e0 c\u00f4ng ngh\u1ec7 laser. Ch\u00fang c\u00f3 d\u1ea1ng v\u1ecf 1 inch \u0111\u01b0\u1ee3c g\u1eafn b\u1eb1ng c\u00e1c mi\u1ebfng kim lo\u1ea1i c\u00f3 l\u1ed7 ren M3. Danh m\u1ee5c s\u1ea3n ph\u1ea9m G6 c\u0169ng mang \u0111\u1ebfn s\u1ef1 linh ho\u1ea1t t\u1ed1i \u0111a \u0111\u1ec3 gi\u1ea3i quy\u1ebft c\u00e1c y\u00eau c\u1ea7u \u1ee9ng d\u1ee5ng c\u1ee7a b\u1ea1n.[\/vc_column_text][\/vc_column][\/vc_row][vc_row][vc_column width=&#8221;1\/3&#8243;][vc_single_image image=&#8221;7332&#8243; img_size=&#8221;full&#8221;][vc_column_text]C\u0103n ch\u1ec9nh \u0111\u01a1n gi\u1ea3n b\u1eb1ng \u0111\u00e8n LED PinPoint ch\u00ednh x\u00e1c, \u0111i\u1ec3m s\u00e1ng d\u1ec5 nh\u00ecn th\u1ea5y gi\u00fap c\u0103n ch\u1ec9nh c\u1ea3m bi\u1ebfn d\u1ec5 d\u00e0ng, ngay c\u1ea3 trong nh\u1eefng \u0111i\u1ec1u ki\u1ec7n \u1ee9ng d\u1ee5ng kh\u00f3 kh\u0103n[\/vc_column_text][\/vc_column][vc_column width=&#8221;1\/3&#8243;][vc_single_image image=&#8221;7331&#8243; img_size=&#8221;full&#8221; alignment=&#8221;center&#8221;][vc_column_text]D\u1ec5 d\u00e0ng l\u1eafp \u0111\u1eb7t nh\u1edd c\u00e1c mi\u1ebfng \u0111\u1ec7m kim lo\u1ea1i c\u00f3 ren M3 \u0110\u1ec3 l\u1eafp \u0111\u1eb7t nhanh ch\u00f3ng v\u00e0 d\u1ec5 d\u00e0ng[\/vc_column_text][\/vc_column][vc_column width=&#8221;1\/3&#8243;][vc_single_image image=&#8221;7330&#8243; img_size=&#8221;full&#8221; alignment=&#8221;center&#8221;][vc_column_text]\u0110i\u1ec1u ch\u1ec9nh d\u1ec5 d\u00e0ng nh\u1edd chi\u1ebft \u00e1p th\u00e2n thi\u1ec7n v\u1edbi ng\u01b0\u1eddi d\u00f9ng C\u00e0i \u0111\u1eb7t v\u00e0 v\u1eadn h\u00e0nh nhanh ch\u00f3ng[\/vc_column_text][\/vc_column][\/vc_row][vc_row][vc_column][vc_custom_heading text=&#8221;D\u00f2ng s\u1ea3n ph\u1ea9m G6 cung c\u1ea5p m\u1ed9t danh m\u1ee5c c\u1ea3m bi\u1ebfn quang \u0111i\u1ec7n phong ph\u00fa \u0111\u1ec3 ph\u00e1t hi\u1ec7n \u0111\u1ed1i t\u01b0\u1ee3ng, ph\u00f9 h\u1ee3p v\u1edbi nhi\u1ec1u \u1ee9ng d\u1ee5ng.&#8221; use_theme_fonts=&#8221;yes&#8221;][\/vc_column][\/vc_row][vc_row][vc_column][vc_single_image image=&#8221;7333&#8243; img_size=&#8221;full&#8221; alignment=&#8221;center&#8221;][vc_column_text]<strong>L\u1eafp \u0111\u1eb7t nhanh ch\u00f3ng v\u00e0 s\u1eb5n s\u00e0ng ho\u1ea1t \u0111\u1ed9ng ngay<\/strong><br \/>\nNh\u1edd c\u00e1c mi\u1ebfng kim lo\u1ea1i gia c\u1ed1 c\u00f3 l\u1ed7 ren M3, c\u1ea3m bi\u1ebfn quang \u0111i\u1ec7n G6 n\u1eb1m trong v\u1ecf thu nh\u1ecf c\u00f3 th\u1ec3 \u0111\u01b0\u1ee3c l\u1eafp \u0111\u1eb7t nhanh ch\u00f3ng v\u00e0 an to\u00e0n. \u0110i\u1ec1u n\u00e0y c\u00f3 ngh\u0129a l\u00e0 c\u1ea3m bi\u1ebfn quang \u0111i\u1ec7n s\u1eb5n s\u00e0ng s\u1eed d\u1ee5ng ngay \u0111\u1ec3 ch\u1ee9ng minh hi\u1ec7u su\u1ea5t cao trong quy tr\u00ecnh s\u1ea3n xu\u1ea5t c\u1ee7a b\u1ea1n.[\/vc_column_text][\/vc_column][\/vc_row][vc_row][vc_column width=&#8221;1\/2&#8243;][vc_single_image image=&#8221;7334&#8243; img_size=&#8221;full&#8221; alignment=&#8221;center&#8221;][vc_column_text]Do c\u00f3 thi\u1ebft k\u1ebf nh\u1ecf g\u1ecdn n\u00ean G6 c\u0169ng kh\u00f4ng c\u1ea7n nhi\u1ec1u di\u1ec7n t\u00edch. \u0110i\u1ec1u n\u00e0y c\u00f3 ngh\u0129a l\u00e0 m\u1ed9t s\u1ed1 c\u1ea3m bi\u1ebfn c\u00f3 th\u1ec3 \u0111\u01b0\u1ee3c s\u1eed d\u1ee5ng cho \u1ee9ng d\u1ee5ng n\u00e0y n\u1ebfu c\u1ea7n.[\/vc_column_text][\/vc_column][vc_column width=&#8221;1\/2&#8243;][vc_single_image image=&#8221;7336&#8243; img_size=&#8221;full&#8221; alignment=&#8221;center&#8221;][vc_column_text]G6 c\u00f3 th\u1ec3 \u0111\u01b0\u1ee3c \u0111i\u1ec1u ch\u1ec9nh nhanh ch\u00f3ng, \u0111\u1ea3m b\u1ea3o qu\u00e1 tr\u00ecnh v\u1eadn chuy\u1ec3n tr\u01a1n tru t\u1ea1i c\u00e1c \u0111i\u1ec3m trung chuy\u1ec3n h\u00e0nh l\u00fd.[\/vc_column_text][\/vc_column][\/vc_row][vc_row][vc_column][vc_column_text]V\u1edbi \u0111\u00e8n LED PinPoint v\u00e0 gi\u00e1 treo an to\u00e0n, d\u00f2ng s\u1ea3n ph\u1ea9m G6 l\u00e0 gi\u1ea3i ph\u00e1p gi\u00e1 r\u1ebb v\u00e0 th\u00e2n thi\u1ec7n v\u1edbi ng\u01b0\u1eddi d\u00f9ng cho v\u00f4 s\u1ed1 \u1ee9ng d\u1ee5ng[\/vc_column_text][vc_single_image image=&#8221;7337&#8243; img_size=&#8221;full&#8221; alignment=&#8221;center&#8221;][vc_custom_heading text=&#8221;Ph\u00e1t hi\u1ec7n c\u00e1c v\u1eadt th\u1ec3 m\u1ecfng manh&#8221; use_theme_fonts=&#8221;yes&#8221;][vc_column_text]Ngo\u00e0i hi\u1ec7u su\u1ea5t t\u1ed1i \u01b0u, c\u1ea3m bi\u1ebfn ti\u1ec7m c\u1eadn quang \u0111i\u1ec7n G6 c\u00f2n c\u00f3 v\u1ecf 1 inch ti\u1ebft ki\u1ec7m kh\u00f4ng gian. \u0110i\u1ec1u n\u00e0y cho ph\u00e9p m\u1ee9c \u0111\u1ed9 linh ho\u1ea1t cao trong thi\u1ebft k\u1ebf m\u00e1y. Kh\u1ea3 n\u0103ng ph\u00e1t hi\u1ec7n tia laser ch\u00ednh x\u00e1c c\u0169ng \u0111\u1ea3m b\u1ea3o hi\u1ec7u su\u1ea5t c\u1ea3m bi\u1ebfn tuy\u1ec7t v\u1eddi, ngay c\u1ea3 trong nh\u1eefng \u0111i\u1ec1u ki\u1ec7n kh\u00f3 kh\u0103n. Do \u0111\u00f3, laser G6 ho\u00e0n to\u00e0n ph\u00f9 h\u1ee3p \u0111\u1ec3 ph\u00e1t hi\u1ec7n c\u00e1c b\u1ed9 ph\u1eadn nh\u1ecf trong s\u1ea3n xu\u1ea5t \u0111i\u1ec7n t\u1eed.[\/vc_column_text][vc_row_inner][vc_column_inner width=&#8221;1\/2&#8243;][vc_single_image image=&#8221;7338&#8243; img_size=&#8221;full&#8221; alignment=&#8221;center&#8221;][vc_column_text]Danh m\u1ee5c laser G6 c\u00f3 c\u00e1c c\u1ea3m bi\u1ebfn ti\u1ec7m c\u1eadn quang \u0111i\u1ec7n c\u00f3 kh\u1ea3 n\u0103ng tri\u1ec7t ti\u00eau n\u1ec1n v\u00e0 c\u00e1c c\u1ea3m bi\u1ebfn ti\u1ec7m c\u1eadn quang \u0111i\u1ec7n gi\u00e0u n\u0103ng l\u01b0\u1ee3ng v\u1edbi ph\u1ea1m vi c\u1ea3m bi\u1ebfn 400 mm v\u00e0 \u0111\u01b0\u1eddng k\u00ednh ch\u00f9m s\u00e1ng 0,4 mm. \u0110\u00f3 l\u00e0 l\u00fd do t\u1ea1i sao laser G6 l\u1ea1i ho\u00e0n h\u1ea3o \u0111\u1ec3 t\u00edch h\u1ee3p v\u00e0o c\u00e1nh tay robot v\u00e0 s\u1eed d\u1ee5ng trong k\u1ef9 thu\u1eadt t\u1ef1 \u0111\u1ed9ng h\u00f3a.[\/vc_column_text][\/vc_column_inner][vc_column_inner width=&#8221;1\/2&#8243;][vc_single_image image=&#8221;7339&#8243; img_size=&#8221;full&#8221; alignment=&#8221;center&#8221;][vc_column_text]Nh\u1edd \u0111\u01b0\u1eddng k\u00ednh ch\u00f9m \u00e1nh s\u00e1ng nh\u1ecf, laser G6 ho\u00e0n h\u1ea3o \u0111\u1ec3 ph\u00e1t hi\u1ec7n c\u00e1c \u0111\u0129a wafer trong c\u00e1c quy tr\u00ecnh x\u1eed l\u00fd trong ng\u00e0nh b\u00e1n d\u1eabn.[\/vc_column_text][\/vc_column_inner][\/vc_row_inner][\/vc_column][\/vc_row]<\/p>\n<\/div>","protected":false},"excerpt":{"rendered":"<p>[vc_row][vc_column width=&#8221;1\/2&#8243;][vc_single_image image=&#8221;7328&#8243; img_size=&#8221;full&#8221; alignment=&#8221;center&#8221;][\/vc_column][vc_column width=&#8221;1\/2&#8243;][vc_custom_heading text=&#8221;C\u1ea3m bi\u1ebfn quang G6&#8243; use_theme_fonts=&#8221;yes&#8221;][vc_column_text] C\u1ea3m bi\u1ebfn quang \u0111i\u1ec7n d\u00f2ng G6 s\u1eed d\u1ee5ng c\u1ea3 \u0111\u00e8n LED PinPoint ho\u1eb7c c\u00f4ng ngh\u1ec7 laser. Thi\u1ebft k\u1ebf nh\u1ecf g\u1ecdn v\u1edbi l\u1ed7 ren c\u1ed1 \u0111\u1ecbnh M3 gi\u00fap l\u1eafp \u0111\u1eb7t nhanh ch\u00f3ng. D\u00f2ng s\u1ea3n ph\u1ea9m G6 cung c\u1ea5p nhi\u1ec1u m\u1eabu m\u00e3 mang \u0111\u1ebfn s\u1ef1 linh<\/p>\n","protected":false},"featured_media":7339,"comment_status":"closed","ping_status":"open","template":"","meta":[],"product_brand":[],"product_cat":[736],"product_tag":[],"class_list":{"0":"post-9163","1":"product","2":"type-product","3":"status-publish","4":"has-post-thumbnail","6":"product_cat-san-pham-sick-viet-namcam-bien-quang-sick","8":"first","9":"instock","10":"product-type-simple"},"acf":[],"yoast_head":"<!-- This site is optimized with the Yoast SEO plugin v25.1 - https:\/\/yoast.com\/wordpress\/plugins\/seo\/ -->\n<title>C\u1ea3m bi\u1ebfn quang SICK G6 - V\u0169 L\u00ea Tech<\/title>\n<meta name=\"robots\" content=\"index, follow, max-snippet:-1, max-image-preview:large, max-video-preview:-1\" \/>\n<link rel=\"canonical\" href=\"http:\/\/vuletech.com\/product\/cam-bien-quang-sick-g6\/\" \/>\n<meta property=\"og:locale\" content=\"en_US\" \/>\n<meta property=\"og:type\" content=\"article\" \/>\n<meta property=\"og:title\" content=\"C\u1ea3m bi\u1ebfn quang SICK G6 - V\u0169 L\u00ea Tech\" \/>\n<meta property=\"og:description\" content=\"[vc_row][vc_column width=&#8221;1\/2&#8243;][vc_single_image image=&#8221;7328&#8243; img_size=&#8221;full&#8221; alignment=&#8221;center&#8221;][\/vc_column][vc_column width=&#8221;1\/2&#8243;][vc_custom_heading text=&#8221;C\u1ea3m bi\u1ebfn quang G6&#8243; use_theme_fonts=&#8221;yes&#8221;][vc_column_text] C\u1ea3m bi\u1ebfn quang \u0111i\u1ec7n d\u00f2ng G6 s\u1eed d\u1ee5ng c\u1ea3 \u0111\u00e8n LED PinPoint ho\u1eb7c c\u00f4ng ngh\u1ec7 laser. Thi\u1ebft k\u1ebf nh\u1ecf g\u1ecdn v\u1edbi l\u1ed7 ren c\u1ed1 \u0111\u1ecbnh M3 gi\u00fap l\u1eafp \u0111\u1eb7t nhanh ch\u00f3ng. D\u00f2ng s\u1ea3n ph\u1ea9m G6 cung c\u1ea5p nhi\u1ec1u m\u1eabu m\u00e3 mang \u0111\u1ebfn s\u1ef1 linh\" \/>\n<meta property=\"og:url\" content=\"http:\/\/vuletech.com\/product\/cam-bien-quang-sick-g6\/\" \/>\n<meta property=\"og:site_name\" content=\"V\u0169 L\u00ea Tech\" \/>\n<meta property=\"og:image\" content=\"http:\/\/vuletech.com\/wp-content\/uploads\/2024\/04\/z5316709164576_86331d0f18455345d1eadf68588e81c0.jpg\" \/>\n\t<meta property=\"og:image:width\" content=\"720\" \/>\n\t<meta property=\"og:image:height\" content=\"405\" \/>\n\t<meta property=\"og:image:type\" content=\"image\/jpeg\" \/>\n<meta name=\"twitter:card\" content=\"summary_large_image\" \/>\n<meta name=\"twitter:label1\" content=\"Est. reading time\" \/>\n\t<meta name=\"twitter:data1\" content=\"9 minutes\" \/>\n<script type=\"application\/ld+json\" class=\"yoast-schema-graph\">{\"@context\":\"https:\/\/schema.org\",\"@graph\":[{\"@type\":\"WebPage\",\"@id\":\"http:\/\/vuletech.com\/product\/cam-bien-quang-sick-g6\/\",\"url\":\"http:\/\/vuletech.com\/product\/cam-bien-quang-sick-g6\/\",\"name\":\"C\u1ea3m bi\u1ebfn quang SICK G6 - V\u0169 L\u00ea Tech\",\"isPartOf\":{\"@id\":\"https:\/\/vuletech.com\/#website\"},\"primaryImageOfPage\":{\"@id\":\"http:\/\/vuletech.com\/product\/cam-bien-quang-sick-g6\/#primaryimage\"},\"image\":{\"@id\":\"http:\/\/vuletech.com\/product\/cam-bien-quang-sick-g6\/#primaryimage\"},\"thumbnailUrl\":\"http:\/\/vuletech.com\/wp-content\/uploads\/2024\/04\/z5316709164576_86331d0f18455345d1eadf68588e81c0.jpg\",\"datePublished\":\"2025-04-25T04:27:20+00:00\",\"breadcrumb\":{\"@id\":\"http:\/\/vuletech.com\/product\/cam-bien-quang-sick-g6\/#breadcrumb\"},\"inLanguage\":\"en-US\",\"potentialAction\":[{\"@type\":\"ReadAction\",\"target\":[\"http:\/\/vuletech.com\/product\/cam-bien-quang-sick-g6\/\"]}]},{\"@type\":\"ImageObject\",\"inLanguage\":\"en-US\",\"@id\":\"http:\/\/vuletech.com\/product\/cam-bien-quang-sick-g6\/#primaryimage\",\"url\":\"http:\/\/vuletech.com\/wp-content\/uploads\/2024\/04\/z5316709164576_86331d0f18455345d1eadf68588e81c0.jpg\",\"contentUrl\":\"http:\/\/vuletech.com\/wp-content\/uploads\/2024\/04\/z5316709164576_86331d0f18455345d1eadf68588e81c0.jpg\",\"width\":720,\"height\":405},{\"@type\":\"BreadcrumbList\",\"@id\":\"http:\/\/vuletech.com\/product\/cam-bien-quang-sick-g6\/#breadcrumb\",\"itemListElement\":[{\"@type\":\"ListItem\",\"position\":1,\"name\":\"Home\",\"item\":\"http:\/\/vuletech.com\/en\/\"},{\"@type\":\"ListItem\",\"position\":2,\"name\":\"Product\",\"item\":\"https:\/\/vuletech.com\/product\/\"},{\"@type\":\"ListItem\",\"position\":3,\"name\":\"C\u1ea3m bi\u1ebfn quang SICK G6\"}]},{\"@type\":\"WebSite\",\"@id\":\"https:\/\/vuletech.com\/#website\",\"url\":\"https:\/\/vuletech.com\/\",\"name\":\"V\u0169 L\u00ea Tech\",\"description\":\"Our Solution - Your Value\",\"potentialAction\":[{\"@type\":\"SearchAction\",\"target\":{\"@type\":\"EntryPoint\",\"urlTemplate\":\"https:\/\/vuletech.com\/?s={search_term_string}\"},\"query-input\":{\"@type\":\"PropertyValueSpecification\",\"valueRequired\":true,\"valueName\":\"search_term_string\"}}],\"inLanguage\":\"en-US\"}]}<\/script>\n<!-- \/ Yoast SEO plugin. -->","yoast_head_json":{"title":"C\u1ea3m bi\u1ebfn quang SICK G6 - V\u0169 L\u00ea Tech","robots":{"index":"index","follow":"follow","max-snippet":"max-snippet:-1","max-image-preview":"max-image-preview:large","max-video-preview":"max-video-preview:-1"},"canonical":"http:\/\/vuletech.com\/product\/cam-bien-quang-sick-g6\/","og_locale":"en_US","og_type":"article","og_title":"C\u1ea3m bi\u1ebfn quang SICK G6 - V\u0169 L\u00ea Tech","og_description":"[vc_row][vc_column width=&#8221;1\/2&#8243;][vc_single_image image=&#8221;7328&#8243; img_size=&#8221;full&#8221; alignment=&#8221;center&#8221;][\/vc_column][vc_column width=&#8221;1\/2&#8243;][vc_custom_heading text=&#8221;C\u1ea3m bi\u1ebfn quang G6&#8243; use_theme_fonts=&#8221;yes&#8221;][vc_column_text] C\u1ea3m bi\u1ebfn quang \u0111i\u1ec7n d\u00f2ng G6 s\u1eed d\u1ee5ng c\u1ea3 \u0111\u00e8n LED PinPoint ho\u1eb7c c\u00f4ng ngh\u1ec7 laser. Thi\u1ebft k\u1ebf nh\u1ecf g\u1ecdn v\u1edbi l\u1ed7 ren c\u1ed1 \u0111\u1ecbnh M3 gi\u00fap l\u1eafp \u0111\u1eb7t nhanh ch\u00f3ng. D\u00f2ng s\u1ea3n ph\u1ea9m G6 cung c\u1ea5p nhi\u1ec1u m\u1eabu m\u00e3 mang \u0111\u1ebfn s\u1ef1 linh","og_url":"http:\/\/vuletech.com\/product\/cam-bien-quang-sick-g6\/","og_site_name":"V\u0169 L\u00ea Tech","og_image":[{"width":720,"height":405,"url":"http:\/\/vuletech.com\/wp-content\/uploads\/2024\/04\/z5316709164576_86331d0f18455345d1eadf68588e81c0.jpg","type":"image\/jpeg"}],"twitter_card":"summary_large_image","twitter_misc":{"Est. reading time":"9 minutes"},"schema":{"@context":"https:\/\/schema.org","@graph":[{"@type":"WebPage","@id":"http:\/\/vuletech.com\/product\/cam-bien-quang-sick-g6\/","url":"http:\/\/vuletech.com\/product\/cam-bien-quang-sick-g6\/","name":"C\u1ea3m bi\u1ebfn quang SICK G6 - V\u0169 L\u00ea Tech","isPartOf":{"@id":"https:\/\/vuletech.com\/#website"},"primaryImageOfPage":{"@id":"http:\/\/vuletech.com\/product\/cam-bien-quang-sick-g6\/#primaryimage"},"image":{"@id":"http:\/\/vuletech.com\/product\/cam-bien-quang-sick-g6\/#primaryimage"},"thumbnailUrl":"http:\/\/vuletech.com\/wp-content\/uploads\/2024\/04\/z5316709164576_86331d0f18455345d1eadf68588e81c0.jpg","datePublished":"2025-04-25T04:27:20+00:00","breadcrumb":{"@id":"http:\/\/vuletech.com\/product\/cam-bien-quang-sick-g6\/#breadcrumb"},"inLanguage":"en-US","potentialAction":[{"@type":"ReadAction","target":["http:\/\/vuletech.com\/product\/cam-bien-quang-sick-g6\/"]}]},{"@type":"ImageObject","inLanguage":"en-US","@id":"http:\/\/vuletech.com\/product\/cam-bien-quang-sick-g6\/#primaryimage","url":"http:\/\/vuletech.com\/wp-content\/uploads\/2024\/04\/z5316709164576_86331d0f18455345d1eadf68588e81c0.jpg","contentUrl":"http:\/\/vuletech.com\/wp-content\/uploads\/2024\/04\/z5316709164576_86331d0f18455345d1eadf68588e81c0.jpg","width":720,"height":405},{"@type":"BreadcrumbList","@id":"http:\/\/vuletech.com\/product\/cam-bien-quang-sick-g6\/#breadcrumb","itemListElement":[{"@type":"ListItem","position":1,"name":"Home","item":"http:\/\/vuletech.com\/en\/"},{"@type":"ListItem","position":2,"name":"Product","item":"https:\/\/vuletech.com\/product\/"},{"@type":"ListItem","position":3,"name":"C\u1ea3m bi\u1ebfn quang SICK G6"}]},{"@type":"WebSite","@id":"https:\/\/vuletech.com\/#website","url":"https:\/\/vuletech.com\/","name":"V\u0169 L\u00ea Tech","description":"Our Solution - Your Value","potentialAction":[{"@type":"SearchAction","target":{"@type":"EntryPoint","urlTemplate":"https:\/\/vuletech.com\/?s={search_term_string}"},"query-input":{"@type":"PropertyValueSpecification","valueRequired":true,"valueName":"search_term_string"}}],"inLanguage":"en-US"}]}},"_links":{"self":[{"href":"http:\/\/vuletech.com\/en\/wp-json\/wp\/v2\/product\/9163","targetHints":{"allow":["GET"]}}],"collection":[{"href":"http:\/\/vuletech.com\/en\/wp-json\/wp\/v2\/product"}],"about":[{"href":"http:\/\/vuletech.com\/en\/wp-json\/wp\/v2\/types\/product"}],"replies":[{"embeddable":true,"href":"http:\/\/vuletech.com\/en\/wp-json\/wp\/v2\/comments?post=9163"}],"wp:featuredmedia":[{"embeddable":true,"href":"http:\/\/vuletech.com\/en\/wp-json\/wp\/v2\/media\/7339"}],"wp:attachment":[{"href":"http:\/\/vuletech.com\/en\/wp-json\/wp\/v2\/media?parent=9163"}],"wp:term":[{"taxonomy":"product_brand","embeddable":true,"href":"http:\/\/vuletech.com\/en\/wp-json\/wp\/v2\/product_brand?post=9163"},{"taxonomy":"product_cat","embeddable":true,"href":"http:\/\/vuletech.com\/en\/wp-json\/wp\/v2\/product_cat?post=9163"},{"taxonomy":"product_tag","embeddable":true,"href":"http:\/\/vuletech.com\/en\/wp-json\/wp\/v2\/product_tag?post=9163"}],"curies":[{"name":"wp","href":"https:\/\/api.w.org\/{rel}","templated":true}]}}