{"id":9164,"date":"2025-04-25T11:27:20","date_gmt":"2025-04-25T04:27:20","guid":{"rendered":"https:\/\/vuletech.com\/product\/cam-bien-quang-sick-w10\/"},"modified":"2025-04-25T11:27:20","modified_gmt":"2025-04-25T04:27:20","slug":"cam-bien-quang-sick-w10","status":"publish","type":"product","link":"http:\/\/vuletech.com\/en\/product\/cam-bien-quang-sick-w10\/","title":{"rendered":"C\u1ea3m bi\u1ebfn quang SICK W10"},"content":{"rendered":"<div class=\"wpb-content-wrapper\"><p>[vc_row][vc_column width=&#8221;1\/2&#8243;][vc_single_image image=&#8221;7341&#8243; img_size=&#8221;full&#8221; alignment=&#8221;center&#8221;][\/vc_column][vc_column width=&#8221;1\/2&#8243;][vc_custom_heading text=&#8221;Thi\u1ebft b\u1ecb c\u1ea3m bi\u1ebfn quang SICK W10&#8243; use_theme_fonts=&#8221;yes&#8221;][vc_column_text]Th\u00f4ng tin k\u1ef9 thu\u1eadt W10<\/p>\n<ul>\n<li>K\u00edch th\u01b0\u1edbc (WxHxD): 18x57x42.2 (mm).<\/li>\n<li>Ngu\u1ed3n s\u00e1ng: Laser.<\/li>\n<li>Ki\u1ec3u \u00e1nh s\u00e1ng: \u00c1nh \u00e1ng \u0111\u1ecf.<\/li>\n<li>Kh\u00e1ng b\u1ee5i, n\u01b0\u1edbc: IP67, IP69K.<\/li>\n<li>V\u1ecf: Kim lo\u1ea1i.<\/li>\n<\/ul>\n<p>[\/vc_column_text][\/vc_column][\/vc_row][vc_row][vc_column][vc_custom_heading text=&#8221;T\u1ed5ng quan c\u1ea3m bi\u1ebfn quang W10&#8243; font_container=&#8221;tag:h2|text_align:center&#8221; use_theme_fonts=&#8221;yes&#8221;][\/vc_column][\/vc_row][vc_row][vc_column width=&#8221;1\/2&#8243;][vc_column_text]<strong>T\u00ednh n\u0103ng c\u1ee7a thi\u1ebft b\u1ecb c\u1ea3m bi\u1ebfn quang W10<\/strong><\/p>\n<ul>\n<li>C\u1ea3m bi\u1ebfn quang \u0111i\u1ec7n \u0111\u1ea7u ti\u00ean tr\u00ean th\u1ebf gi\u1edbi c\u00f3 c\u1ea3m bi\u1ebfn h\u1ed7 tr\u1ee3 m\u00e0n h\u00ecnh c\u1ea3m \u1ee9ng v\u1edbi giao di\u1ec7n ng\u01b0\u1eddi d\u00f9ng tinh t\u1ebf cho ph\u00e9p thao t\u00e1c \u0111\u01a1n gi\u1ea3n<\/li>\n<li>Hi\u1ec7u su\u1ea5t cao nh\u1edd h\u1ec7 th\u1ed1ng tam gi\u00e1c laser ch\u00ednh x\u00e1c v\u1edbi ch\u1ee9c n\u0103ng qu\u00e9t \u0111\u01b0\u1eddng<\/li>\n<li>Thi\u1ebft k\u1ebf ch\u1eafc ch\u1eafn v\u1edbi v\u1ecf b\u1eb1ng th\u00e9p kh\u00f4ng g\u1ec9 316L v\u00e0 m\u1ee9c b\u1ea3o v\u1ec7 IP69kC\u00e1c ch\u1ee9c n\u0103ng MultiMode nh\u01b0 ch\u1ebf \u0111\u1ed9 t\u1ed1c \u0111\u1ed9, ti\u00eau chu\u1ea9n v\u00e0 \u0111\u1ed9 ch\u00ednh x\u00e1c, lo\u1ea1i b\u1ecf n\u1ec1n tr\u01b0\u1edbc v\u00e0 n\u1ec1n sau c\u0169ng nh\u01b0 c\u00e1c t\u00f9y ch\u1ecdn h\u01b0\u1edbng d\u1eabn<\/li>\n<li>L\u1eafp \u0111\u1eb7t ti\u00eau chu\u1ea9n h\u00f3a, c\u00e0i \u0111\u1eb7t \u0111\u01b0\u1ee3c c\u1ea5u h\u00ecnh s\u1eb5n v\u00e0 nhi\u1ec1u t\u00f9y ch\u1ecdn h\u01b0\u1edbng d\u1eabn \u0111\u1ec3 t\u00edch h\u1ee3p c\u1ea3m bi\u1ebfn \u0111\u01a1n gi\u1ea3n<\/li>\n<\/ul>\n<p>[\/vc_column_text][\/vc_column][vc_column width=&#8221;1\/2&#8243;][vc_column_text]<strong>\u01afu \u0111i\u1ec3m<\/strong><\/p>\n<ul>\n<li>\u0110\u1ea3m b\u1ea3o s\u1ef1 t\u1ef1 tin v\u1edbi tr\u1ea3i nghi\u1ec7m c\u1ea3m bi\u1ebfn to\u00e0n di\u1ec7n, d\u1ec5 s\u1eed d\u1ee5ng<\/li>\n<li>Kh\u1ea3 n\u0103ng ph\u00e1t hi\u1ec7n \u0111\u00e1ng tin c\u1eady, c\u00f3 th\u1ec3 l\u1eb7p l\u1ea1i gi\u00fap n\u00e2ng cao hi\u1ec7u qu\u1ea3 trong nhi\u1ec1u \u1ee9ng d\u1ee5ng<\/li>\n<li>L\u1ef1a ch\u1ecdn s\u1ea3n ph\u1ea9m thu\u1eadn ti\u1ec7n b\u1eb1ng c\u00e1ch th\u00fac \u0111\u1ea9y vi\u1ec7c lo\u1ea1i b\u1ecf l\u1ef1a ch\u1ecdn<\/li>\n<li>Ph\u00f9 h\u1ee3p l\u00fd t\u01b0\u1edfng ngay c\u1ea3 v\u1edbi m\u00f4i tr\u01b0\u1eddng \u1ee9ng d\u1ee5ng kh\u1eafc nghi\u1ec7t v\u00e0 \u0111\u1ea7y th\u1eed th\u00e1ch<\/li>\n<li>\u00c1p d\u1ee5ng to\u00e0n c\u1ea7u<\/li>\n<li>C\u00e0i \u0111\u1eb7t v\u00e0 v\u1eadn h\u00e0nh nhanh ch\u00f3ng<\/li>\n<li>B\u1ea3o m\u1eadt t\u00f9y ch\u1ecdn &#8211; tr\u00e1nh th\u1eddi gian ng\u1eebng ho\u1ea1t \u0111\u1ed9ng v\u00e0 c\u1ea5u h\u00ecnh l\u1ea1i t\u1ed1n k\u00e9m<\/li>\n<\/ul>\n<p>[\/vc_column_text][\/vc_column][\/vc_row][vc_row][vc_column][vc_single_image image=&#8221;7342&#8243; img_size=&#8221;full&#8221; alignment=&#8221;center&#8221;][vc_column_text]<strong>D\u1ec5 d\u00e0ng \u0111\u1ec3 c\u00e0i \u0111\u1eb7t. D\u1ec5 d\u00e0ng ho\u1ea1t \u0111\u1ed9ng<\/strong>.<br \/>\nC\u1ea3m bi\u1ebfn ti\u1ec7m c\u1eadn quang \u0111i\u1ec7n W10 l\u00e0 gi\u1ea3i ph\u00e1p c\u1ea3m bi\u1ebfn \u0111\u01a1n gi\u1ea3n v\u00e0 tr\u1ef1c quan mang l\u1ea1i tr\u1ea3i nghi\u1ec7m t\u1ed1i \u01b0u cho ng\u01b0\u1eddi d\u00f9ng. M\u00e0n h\u00ecnh c\u1ea3m \u1ee9ng \u0111\u1ea7u ti\u00ean trong ng\u00e0nh trong danh m\u1ee5c s\u1ea3n ph\u1ea9m n\u00e0y gi\u00fap \u0111\u01a1n gi\u1ea3n h\u00f3a vi\u1ec7c c\u00e0i \u0111\u1eb7t, c\u1ea5u h\u00ecnh v\u00e0 b\u1ea3o tr\u00ec. Vi\u1ec7c \u0111i\u1ec1u h\u01b0\u1edbng d\u1ec5 d\u00e0ng gi\u00fap gi\u1ea3m \u0111\u00e1ng k\u1ec3 th\u1eddi gian kh\u1edfi \u0111\u1ed9ng v\u00e0 ch\u1ea1y thi\u1ebft b\u1ecb.[\/vc_column_text][vc_row_inner][vc_column_inner width=&#8221;1\/3&#8243;][vc_single_image image=&#8221;7345&#8243; img_size=&#8221;full&#8221; alignment=&#8221;center&#8221;][vc_column_text]Lo\u1ea1i b\u1ecf th\u1eddi gian ng\u1eebng ho\u1ea1t \u0111\u1ed9ng ngo\u00e0i d\u1ef1 ki\u1ebfn: X\u00e1c \u0111\u1ecbnh c\u00e1c h\u1ea1n ch\u1ebf truy c\u1eadp \u0111\u1ec3 c\u1ea3i thi\u1ec7n b\u1ea3o m\u1eadt v\u00e0 ng\u0103n ch\u1eb7n nh\u1eefng thay \u0111\u1ed5i kh\u00f4ng mong mu\u1ed1n trong qu\u00e1 tr\u00ecnh ho\u1ea1t \u0111\u1ed9ng.[\/vc_column_text][\/vc_column_inner][vc_column_inner width=&#8221;1\/3&#8243;][vc_single_image image=&#8221;7344&#8243; img_size=&#8221;full&#8221; alignment=&#8221;center&#8221;][vc_column_text]B\u1eaft \u0111\u1ea7u s\u1eed d\u1ee5ng W10 ngay l\u1eadp t\u1ee9c cho nhi\u1ec1u \u1ee9ng d\u1ee5ng th\u00f4ng th\u01b0\u1eddng b\u1eb1ng c\u00e1ch s\u1eed d\u1ee5ng c\u00e0i \u0111\u1eb7t g\u1ed1c c\u1ee7a n\u00f3.[\/vc_column_text][\/vc_column_inner][vc_column_inner width=&#8221;1\/3&#8243;][vc_single_image image=&#8221;7343&#8243; img_size=&#8221;full&#8221; alignment=&#8221;center&#8221;][vc_column_text]Hai \u0111\u00e8n LED ch\u1ec9 b\u00e1o m\u00e0u cung c\u1ea5p ph\u1ea3n h\u1ed3i tr\u1ef1c quan ngay l\u1eadp t\u1ee9c v\u1ec1 tr\u1ea1ng th\u00e1i ph\u00e1t hi\u1ec7n.[\/vc_column_text][\/vc_column_inner][\/vc_row_inner][\/vc_column][\/vc_row][vc_row][vc_column][vc_custom_heading text=&#8221;C\u1ea3m bi\u1ebfn ti\u1ec7m c\u1eadn quang \u0111i\u1ec7n W10 k\u1ebft h\u1ee3p s\u1ef1 \u0111\u01a1n gi\u1ea3n v\u1edbi hi\u1ec7u su\u1ea5t linh ho\u1ea1t gi\u00fap d\u1ec5 v\u1eadn h\u00e0nh v\u00e0 c\u00f3 th\u1ec3 \u0111\u01b0\u1ee3c \u0111i\u1ec1u ch\u1ec9nh cho ph\u00f9 h\u1ee3p v\u1edbi c\u00e1c nhi\u1ec7m v\u1ee5 ph\u00e1t hi\u1ec7n c\u1ee5 th\u1ec3 m\u1ed9t c\u00e1ch nhanh ch\u00f3ng.&#8221; use_theme_fonts=&#8221;yes&#8221;][vc_single_image image=&#8221;7346&#8243; img_size=&#8221;full&#8221; alignment=&#8221;center&#8221;][\/vc_column][\/vc_row]<\/p>\n<\/div>","protected":false},"excerpt":{"rendered":"<p>[vc_row][vc_column width=&#8221;1\/2&#8243;][vc_single_image image=&#8221;7341&#8243; img_size=&#8221;full&#8221; alignment=&#8221;center&#8221;][\/vc_column][vc_column width=&#8221;1\/2&#8243;][vc_custom_heading text=&#8221;Thi\u1ebft b\u1ecb c\u1ea3m bi\u1ebfn quang SICK W10&#8243; use_theme_fonts=&#8221;yes&#8221;][vc_column_text]Th\u00f4ng tin k\u1ef9 thu\u1eadt W10 K\u00edch th\u01b0\u1edbc (WxHxD): 18x57x42.2 (mm). Ngu\u1ed3n s\u00e1ng: Laser. Ki\u1ec3u \u00e1nh s\u00e1ng: \u00c1nh \u00e1ng \u0111\u1ecf. Kh\u00e1ng b\u1ee5i, n\u01b0\u1edbc: IP67, IP69K. V\u1ecf: Kim lo\u1ea1i. [\/vc_column_text][\/vc_column][\/vc_row][vc_row][vc_column][vc_custom_heading text=&#8221;T\u1ed5ng quan c\u1ea3m bi\u1ebfn quang W10&#8243; font_container=&#8221;tag:h2|text_align:center&#8221; use_theme_fonts=&#8221;yes&#8221;][\/vc_column][\/vc_row][vc_row][vc_column width=&#8221;1\/2&#8243;][vc_column_text]T\u00ednh n\u0103ng c\u1ee7a thi\u1ebft b\u1ecb c\u1ea3m<\/p>\n","protected":false},"featured_media":7346,"comment_status":"closed","ping_status":"open","template":"","meta":[],"product_brand":[],"product_cat":[736],"product_tag":[],"class_list":{"0":"post-9164","1":"product","2":"type-product","3":"status-publish","4":"has-post-thumbnail","6":"product_cat-san-pham-sick-viet-namcam-bien-quang-sick","8":"first","9":"instock","10":"product-type-simple"},"acf":[],"yoast_head":"<!-- This site is optimized with the Yoast SEO plugin v25.1 - https:\/\/yoast.com\/wordpress\/plugins\/seo\/ -->\n<title>C\u1ea3m bi\u1ebfn quang SICK W10 - V\u0169 L\u00ea Tech<\/title>\n<meta name=\"robots\" content=\"index, follow, max-snippet:-1, max-image-preview:large, max-video-preview:-1\" \/>\n<link rel=\"canonical\" href=\"https:\/\/vuletech.com\/product\/cam-bien-quang-sick-w10\/\" \/>\n<meta property=\"og:locale\" content=\"en_US\" \/>\n<meta property=\"og:type\" content=\"article\" \/>\n<meta property=\"og:title\" content=\"C\u1ea3m bi\u1ebfn quang SICK W10 - V\u0169 L\u00ea Tech\" \/>\n<meta property=\"og:description\" content=\"[vc_row][vc_column width=&#8221;1\/2&#8243;][vc_single_image image=&#8221;7341&#8243; img_size=&#8221;full&#8221; alignment=&#8221;center&#8221;][\/vc_column][vc_column width=&#8221;1\/2&#8243;][vc_custom_heading text=&#8221;Thi\u1ebft b\u1ecb c\u1ea3m bi\u1ebfn quang SICK W10&#8243; use_theme_fonts=&#8221;yes&#8221;][vc_column_text]Th\u00f4ng tin k\u1ef9 thu\u1eadt W10 K\u00edch th\u01b0\u1edbc (WxHxD): 18x57x42.2 (mm). Ngu\u1ed3n s\u00e1ng: Laser. Ki\u1ec3u \u00e1nh s\u00e1ng: \u00c1nh \u00e1ng \u0111\u1ecf. Kh\u00e1ng b\u1ee5i, n\u01b0\u1edbc: IP67, IP69K. V\u1ecf: Kim lo\u1ea1i. [\/vc_column_text][\/vc_column][\/vc_row][vc_row][vc_column][vc_custom_heading text=&#8221;T\u1ed5ng quan c\u1ea3m bi\u1ebfn quang W10&#8243; font_container=&#8221;tag:h2|text_align:center&#8221; use_theme_fonts=&#8221;yes&#8221;][\/vc_column][\/vc_row][vc_row][vc_column width=&#8221;1\/2&#8243;][vc_column_text]T\u00ednh n\u0103ng c\u1ee7a thi\u1ebft b\u1ecb c\u1ea3m\" \/>\n<meta property=\"og:url\" content=\"https:\/\/vuletech.com\/product\/cam-bien-quang-sick-w10\/\" \/>\n<meta property=\"og:site_name\" content=\"V\u0169 L\u00ea Tech\" \/>\n<meta property=\"og:image\" content=\"https:\/\/vuletech.com\/wp-content\/uploads\/2024\/04\/z5318215236710_976a39fcce81897f5ea080ba83ce550a.jpg\" \/>\n\t<meta property=\"og:image:width\" content=\"1680\" \/>\n\t<meta property=\"og:image:height\" content=\"420\" \/>\n\t<meta property=\"og:image:type\" content=\"image\/jpeg\" \/>\n<meta name=\"twitter:card\" content=\"summary_large_image\" \/>\n<meta name=\"twitter:label1\" content=\"Est. reading time\" \/>\n\t<meta name=\"twitter:data1\" content=\"5 minutes\" \/>\n<script type=\"application\/ld+json\" class=\"yoast-schema-graph\">{\"@context\":\"https:\/\/schema.org\",\"@graph\":[{\"@type\":\"WebPage\",\"@id\":\"https:\/\/vuletech.com\/product\/cam-bien-quang-sick-w10\/\",\"url\":\"https:\/\/vuletech.com\/product\/cam-bien-quang-sick-w10\/\",\"name\":\"C\u1ea3m bi\u1ebfn quang SICK W10 - V\u0169 L\u00ea Tech\",\"isPartOf\":{\"@id\":\"https:\/\/vuletech.com\/#website\"},\"primaryImageOfPage\":{\"@id\":\"https:\/\/vuletech.com\/product\/cam-bien-quang-sick-w10\/#primaryimage\"},\"image\":{\"@id\":\"https:\/\/vuletech.com\/product\/cam-bien-quang-sick-w10\/#primaryimage\"},\"thumbnailUrl\":\"http:\/\/vuletech.com\/wp-content\/uploads\/2024\/04\/z5318215236710_976a39fcce81897f5ea080ba83ce550a.jpg\",\"datePublished\":\"2025-04-25T04:27:20+00:00\",\"breadcrumb\":{\"@id\":\"https:\/\/vuletech.com\/product\/cam-bien-quang-sick-w10\/#breadcrumb\"},\"inLanguage\":\"en-US\",\"potentialAction\":[{\"@type\":\"ReadAction\",\"target\":[\"https:\/\/vuletech.com\/product\/cam-bien-quang-sick-w10\/\"]}]},{\"@type\":\"ImageObject\",\"inLanguage\":\"en-US\",\"@id\":\"https:\/\/vuletech.com\/product\/cam-bien-quang-sick-w10\/#primaryimage\",\"url\":\"http:\/\/vuletech.com\/wp-content\/uploads\/2024\/04\/z5318215236710_976a39fcce81897f5ea080ba83ce550a.jpg\",\"contentUrl\":\"http:\/\/vuletech.com\/wp-content\/uploads\/2024\/04\/z5318215236710_976a39fcce81897f5ea080ba83ce550a.jpg\",\"width\":1680,\"height\":420},{\"@type\":\"BreadcrumbList\",\"@id\":\"https:\/\/vuletech.com\/product\/cam-bien-quang-sick-w10\/#breadcrumb\",\"itemListElement\":[{\"@type\":\"ListItem\",\"position\":1,\"name\":\"Home\",\"item\":\"http:\/\/vuletech.com\/en\/\"},{\"@type\":\"ListItem\",\"position\":2,\"name\":\"Product\",\"item\":\"https:\/\/vuletech.com\/product\/\"},{\"@type\":\"ListItem\",\"position\":3,\"name\":\"C\u1ea3m bi\u1ebfn quang SICK W10\"}]},{\"@type\":\"WebSite\",\"@id\":\"https:\/\/vuletech.com\/#website\",\"url\":\"https:\/\/vuletech.com\/\",\"name\":\"V\u0169 L\u00ea Tech\",\"description\":\"Our Solution - Your Value\",\"potentialAction\":[{\"@type\":\"SearchAction\",\"target\":{\"@type\":\"EntryPoint\",\"urlTemplate\":\"https:\/\/vuletech.com\/?s={search_term_string}\"},\"query-input\":{\"@type\":\"PropertyValueSpecification\",\"valueRequired\":true,\"valueName\":\"search_term_string\"}}],\"inLanguage\":\"en-US\"}]}<\/script>\n<!-- \/ Yoast SEO plugin. -->","yoast_head_json":{"title":"C\u1ea3m bi\u1ebfn quang SICK W10 - V\u0169 L\u00ea Tech","robots":{"index":"index","follow":"follow","max-snippet":"max-snippet:-1","max-image-preview":"max-image-preview:large","max-video-preview":"max-video-preview:-1"},"canonical":"https:\/\/vuletech.com\/product\/cam-bien-quang-sick-w10\/","og_locale":"en_US","og_type":"article","og_title":"C\u1ea3m bi\u1ebfn quang SICK W10 - V\u0169 L\u00ea Tech","og_description":"[vc_row][vc_column width=&#8221;1\/2&#8243;][vc_single_image image=&#8221;7341&#8243; img_size=&#8221;full&#8221; alignment=&#8221;center&#8221;][\/vc_column][vc_column width=&#8221;1\/2&#8243;][vc_custom_heading text=&#8221;Thi\u1ebft b\u1ecb c\u1ea3m bi\u1ebfn quang SICK W10&#8243; use_theme_fonts=&#8221;yes&#8221;][vc_column_text]Th\u00f4ng tin k\u1ef9 thu\u1eadt W10 K\u00edch th\u01b0\u1edbc (WxHxD): 18x57x42.2 (mm). Ngu\u1ed3n s\u00e1ng: Laser. Ki\u1ec3u \u00e1nh s\u00e1ng: \u00c1nh \u00e1ng \u0111\u1ecf. Kh\u00e1ng b\u1ee5i, n\u01b0\u1edbc: IP67, IP69K. V\u1ecf: Kim lo\u1ea1i. [\/vc_column_text][\/vc_column][\/vc_row][vc_row][vc_column][vc_custom_heading text=&#8221;T\u1ed5ng quan c\u1ea3m bi\u1ebfn quang W10&#8243; font_container=&#8221;tag:h2|text_align:center&#8221; use_theme_fonts=&#8221;yes&#8221;][\/vc_column][\/vc_row][vc_row][vc_column width=&#8221;1\/2&#8243;][vc_column_text]T\u00ednh n\u0103ng c\u1ee7a thi\u1ebft b\u1ecb c\u1ea3m","og_url":"https:\/\/vuletech.com\/product\/cam-bien-quang-sick-w10\/","og_site_name":"V\u0169 L\u00ea Tech","og_image":[{"width":1680,"height":420,"url":"https:\/\/vuletech.com\/wp-content\/uploads\/2024\/04\/z5318215236710_976a39fcce81897f5ea080ba83ce550a.jpg","type":"image\/jpeg"}],"twitter_card":"summary_large_image","twitter_misc":{"Est. reading time":"5 minutes"},"schema":{"@context":"https:\/\/schema.org","@graph":[{"@type":"WebPage","@id":"https:\/\/vuletech.com\/product\/cam-bien-quang-sick-w10\/","url":"https:\/\/vuletech.com\/product\/cam-bien-quang-sick-w10\/","name":"C\u1ea3m bi\u1ebfn quang SICK W10 - V\u0169 L\u00ea Tech","isPartOf":{"@id":"https:\/\/vuletech.com\/#website"},"primaryImageOfPage":{"@id":"https:\/\/vuletech.com\/product\/cam-bien-quang-sick-w10\/#primaryimage"},"image":{"@id":"https:\/\/vuletech.com\/product\/cam-bien-quang-sick-w10\/#primaryimage"},"thumbnailUrl":"http:\/\/vuletech.com\/wp-content\/uploads\/2024\/04\/z5318215236710_976a39fcce81897f5ea080ba83ce550a.jpg","datePublished":"2025-04-25T04:27:20+00:00","breadcrumb":{"@id":"https:\/\/vuletech.com\/product\/cam-bien-quang-sick-w10\/#breadcrumb"},"inLanguage":"en-US","potentialAction":[{"@type":"ReadAction","target":["https:\/\/vuletech.com\/product\/cam-bien-quang-sick-w10\/"]}]},{"@type":"ImageObject","inLanguage":"en-US","@id":"https:\/\/vuletech.com\/product\/cam-bien-quang-sick-w10\/#primaryimage","url":"http:\/\/vuletech.com\/wp-content\/uploads\/2024\/04\/z5318215236710_976a39fcce81897f5ea080ba83ce550a.jpg","contentUrl":"http:\/\/vuletech.com\/wp-content\/uploads\/2024\/04\/z5318215236710_976a39fcce81897f5ea080ba83ce550a.jpg","width":1680,"height":420},{"@type":"BreadcrumbList","@id":"https:\/\/vuletech.com\/product\/cam-bien-quang-sick-w10\/#breadcrumb","itemListElement":[{"@type":"ListItem","position":1,"name":"Home","item":"http:\/\/vuletech.com\/en\/"},{"@type":"ListItem","position":2,"name":"Product","item":"https:\/\/vuletech.com\/product\/"},{"@type":"ListItem","position":3,"name":"C\u1ea3m bi\u1ebfn quang SICK W10"}]},{"@type":"WebSite","@id":"https:\/\/vuletech.com\/#website","url":"https:\/\/vuletech.com\/","name":"V\u0169 L\u00ea Tech","description":"Our Solution - Your Value","potentialAction":[{"@type":"SearchAction","target":{"@type":"EntryPoint","urlTemplate":"https:\/\/vuletech.com\/?s={search_term_string}"},"query-input":{"@type":"PropertyValueSpecification","valueRequired":true,"valueName":"search_term_string"}}],"inLanguage":"en-US"}]}},"_links":{"self":[{"href":"http:\/\/vuletech.com\/en\/wp-json\/wp\/v2\/product\/9164","targetHints":{"allow":["GET"]}}],"collection":[{"href":"http:\/\/vuletech.com\/en\/wp-json\/wp\/v2\/product"}],"about":[{"href":"http:\/\/vuletech.com\/en\/wp-json\/wp\/v2\/types\/product"}],"replies":[{"embeddable":true,"href":"http:\/\/vuletech.com\/en\/wp-json\/wp\/v2\/comments?post=9164"}],"wp:featuredmedia":[{"embeddable":true,"href":"http:\/\/vuletech.com\/en\/wp-json\/wp\/v2\/media\/7346"}],"wp:attachment":[{"href":"http:\/\/vuletech.com\/en\/wp-json\/wp\/v2\/media?parent=9164"}],"wp:term":[{"taxonomy":"product_brand","embeddable":true,"href":"http:\/\/vuletech.com\/en\/wp-json\/wp\/v2\/product_brand?post=9164"},{"taxonomy":"product_cat","embeddable":true,"href":"http:\/\/vuletech.com\/en\/wp-json\/wp\/v2\/product_cat?post=9164"},{"taxonomy":"product_tag","embeddable":true,"href":"http:\/\/vuletech.com\/en\/wp-json\/wp\/v2\/product_tag?post=9164"}],"curies":[{"name":"wp","href":"https:\/\/api.w.org\/{rel}","templated":true}]}}