{"id":9165,"date":"2025-04-25T11:27:20","date_gmt":"2025-04-25T04:27:20","guid":{"rendered":"https:\/\/vuletech.com\/product\/cam-bien-quang-sick-w4\/"},"modified":"2025-04-25T11:27:21","modified_gmt":"2025-04-25T04:27:21","slug":"cam-bien-quang-sick-w4","status":"publish","type":"product","link":"http:\/\/vuletech.com\/en\/product\/cam-bien-quang-sick-w4\/","title":{"rendered":"C\u1ea3m bi\u1ebfn quang SICK W4"},"content":{"rendered":"<div class=\"wpb-content-wrapper\"><p>[vc_row][vc_column width=&#8221;1\/2&#8243;][vc_single_image image=&#8221;7349&#8243; img_size=&#8221;full&#8221; alignment=&#8221;center&#8221;][\/vc_column][vc_column width=&#8221;1\/2&#8243;][vc_custom_heading text=&#8221;C\u1ea3m bi\u1ebfn quang SICK W4&#8243; use_theme_fonts=&#8221;yes&#8221;][vc_column_text]<strong>Th\u00f4ng s\u1ed1 k\u1ef9 thu\u1eadt<\/strong><\/p>\n<ul>\n<li>K\u00edch th\u01b0\u1edbc (WxHxD): 16&#215;40.1&#215;12.1 (mm), 12.1&#215;41.9&#215;18.6 (mm), \u2026 v.v<\/li>\n<li>Ngu\u1ed3n s\u00e1ng: PinPoint LED, LED ho\u1eb7c Laser (t\u00f9y lo\u1ea1i).<\/li>\n<li>Ki\u1ec3u \u00e1nh s\u00e1ng: \u00c1nh \u00e1ng \u0111\u1ecf\/H\u1ed3ng ngo\u1ea1i (t\u00f9y lo\u1ea1i).<\/li>\n<li>Kh\u00e1ng b\u1ee5i, n\u01b0\u1edbc: IP66, IP67, IP768, IP69K (t\u00f9y lo\u1ea1i).<\/li>\n<li>V\u1ecf: Nh\u1ef1a, l\u1edbp ph\u1ee7 PTFE ho\u1eb7c th\u00e9p kh\u00f4ng g\u1ec9 (t\u00f9y lo\u1ea1i).<\/li>\n<\/ul>\n<p>[\/vc_column_text][\/vc_column][\/vc_row][vc_row][vc_column][vc_custom_heading text=&#8221;T\u1ed5ng quan v\u1ec1 c\u1ea3m bi\u1ebfn SICK W4&#8243; font_container=&#8221;tag:h2|text_align:center&#8221; use_theme_fonts=&#8221;yes&#8221;][vc_row_inner][vc_column_inner width=&#8221;1\/2&#8243;][vc_column_text]<\/p>\n<ul>\n<li><strong>L\u1ee3i \u00edch<\/strong><br \/>\nV\u1eadn h\u00e0nh h\u1ec7 th\u1ed1ng kh\u00f4ng c\u00f3 l\u1ed7i nh\u1edd kh\u1ea3 n\u0103ng ph\u00e1t hi\u1ec7n \u0111\u1ed1i t\u01b0\u1ee3ng ch\u1eafc ch\u1eafn v\u00e0 \u0111\u00e1ng tin c\u1eady<\/li>\n<li>T\u00f9y ch\u1ecdn l\u1eafp r\u00e1p ti\u1ebft ki\u1ec7m kh\u00f4ng gian v\u00e0 t\u00ednh linh ho\u1ea1t cao trong thi\u1ebft k\u1ebf m\u00e1y nh\u1edd c\u00e1c k\u00edch c\u1ee1 kh\u00e1c nhau<\/li>\n<li>Kh\u1ea3 n\u0103ng \u1ee9ng d\u1ee5ng r\u1ed9ng r\u00e3i do c\u00f3 nhi\u1ec1u v\u1eadt li\u1ec7u v\u1ecf kh\u00e1c nhau<\/li>\n<li>Gi\u1ea3i ph\u00e1p cho c\u00e1c nhi\u1ec7m v\u1ee5 ph\u00e1t hi\u1ec7n \u0111\u1ea7y th\u00e1ch th\u1ee9c nh\u1edd c\u00e1c ngu\u1ed3n \u00e1nh s\u00e1ng kh\u00e1c nhau<\/li>\n<li>Ki\u1ec3m so\u00e1t quy tr\u00ecnh m\u1ea1nh m\u1ebd v\u00e0 t\u0103ng n\u0103ng su\u1ea5t m\u00e1y<\/li>\n<li>T\u00ednh th\u00e2n thi\u1ec7n cao v\u1edbi ng\u01b0\u1eddi d\u00f9ng nh\u1edd v\u1eadn h\u00e0nh v\u00e0 v\u1eadn h\u00e0nh nhanh ch\u00f3ng, thu\u1eadn ti\u1ec7n<\/li>\n<\/ul>\n<p>[\/vc_column_text][\/vc_column_inner][vc_column_inner width=&#8221;1\/2&#8243;][vc_column_text]<\/p>\n<ul>\n<li><strong>\u0110\u1eb7c t\u00ednh<\/strong><br \/>\nHi\u1ec7u su\u1ea5t c\u1ea3m bi\u1ebfn th\u00f4ng minh cho h\u1ea7u h\u1ebft m\u1ecdi \u1ee9ng d\u1ee5ng<\/li>\n<li>V\u1ecf c\u00f3 s\u1eb5n v\u1edbi thi\u1ebft k\u1ebf \u201cm\u1ecfng\u201d ho\u1eb7c \u201cph\u1eb3ng\u201d<\/li>\n<li>T\u00f9y ch\u1ecdn v\u1edbi v\u1ecf VITAL ho\u1eb7c th\u00e9p kh\u00f4ng g\u1ec9<\/li>\n<li>Ngu\u1ed3n s\u00e1ng: \u0110\u00e8n laser \u0111\u1ecf, h\u1ed3ng ngo\u1ea1i ho\u1eb7c PinPoint LED<\/li>\n<li>C\u1ea3m bi\u1ebfn th\u00f4ng minh v\u1edbi ch\u1ee9c n\u0103ng gi\u00e1m s\u00e1t v\u00e0 ch\u1ea9n \u0111o\u00e1n ti\u00ean ti\u1ebfn<\/li>\n<li>V\u1eadn h\u00e0nh tr\u1ef1c quan<\/li>\n<\/ul>\n<p>[\/vc_column_text][\/vc_column_inner][\/vc_row_inner][\/vc_column][\/vc_row][vc_row][vc_column][vc_single_image image=&#8221;7350&#8243; img_size=&#8221;full&#8221; alignment=&#8221;center&#8221;][vc_column_text]<strong>Kh\u1ea3 n\u0103ng \u1ee9ng d\u1ee5ng \u0111a d\u1ea1ng nh\u1edd c\u00e1c bi\u1ebfn th\u1ec3 s\u1ea3n ph\u1ea9m kh\u00e1c nhau<\/strong><br \/>\nC\u1ea3m bi\u1ebfn quang \u0111i\u1ec7n W4 \u0111\u01b0\u1ee3c \u0111\u1eb7c tr\u01b0ng b\u1edfi nhi\u1ec1u bi\u1ebfn th\u1ec3 ri\u00eang l\u1ebb c\u00f3 s\u1eb5n. V\u1edbi kh\u1ea3 n\u0103ng l\u1ef1a ch\u1ecdn t\u1eeb nhi\u1ec1u thi\u1ebft k\u1ebf kh\u00e1c nhau, b\u1ea1n c\u00f3 th\u1ec3 c\u00f3 \u0111\u01b0\u1ee3c c\u1ea3m bi\u1ebfn ph\u00f9 h\u1ee3p nh\u1ea5t cho t\u00ecnh hu\u1ed1ng l\u1eafp \u0111\u1eb7t c\u1ee5 th\u1ec3 c\u1ee7a m\u00ecnh. Nh\u1edd v\u1ecf c\u1ea3m bi\u1ebfn nh\u1ecf g\u1ecdn, c\u00e1c thi\u1ebft k\u1ebf kh\u00e1c nhau c\u00f3 th\u1ec3 \u0111\u01b0\u1ee3c t\u00edch h\u1ee3p d\u1ec5 d\u00e0ng v\u00e0 ti\u1ebft ki\u1ec7m kh\u00f4ng gian ngay c\u1ea3 trong kh\u00f4ng gian l\u1eafp \u0111\u1eb7t r\u1ea5t ch\u1eadt h\u1eb9p. S\u1ef1 s\u1eb5n c\u00f3 c\u1ee7a nhi\u1ec1u lo\u1ea1i v\u1eadt li\u1ec7u nh\u00e0 \u1edf c\u0169ng m\u1edf ra nhi\u1ec1u \u1ee9ng d\u1ee5ng. B\u1ea1n c\u0169ng c\u00f3 quy\u1ec1n t\u1ef1 do l\u1ef1a ch\u1ecdn ngu\u1ed3n s\u00e1ng. B\u1ea5t k\u1ec3 \u1ee9ng d\u1ee5ng c\u1ee5 th\u1ec3 c\u1ee7a b\u1ea1n l\u00e0 g\u00ec, SICK \u0111\u1ec1u cung c\u1ea5p gi\u1ea3i ph\u00e1p \u0111\u00e1ng tin c\u1eady \u0111\u1ec3 ph\u00f9 h\u1ee3p ch\u00ednh x\u00e1c v\u1edbi y\u00eau c\u1ea7u c\u1ee5 th\u1ec3 c\u1ee7a b\u1ea1n.[\/vc_column_text][vc_row_inner][vc_column_inner width=&#8221;1\/3&#8243;][vc_single_image image=&#8221;7352&#8243; img_size=&#8221;full&#8221; alignment=&#8221;center&#8221;][vc_column_text]C\u1ea3m bi\u1ebfn W4 c\u00f3 s\u1eb5n \u1edf d\u1ea1ng thi\u1ebft k\u1ebf M\u1ecfng ho\u1eb7c ph\u1eb3ng. Vi\u1ec7c l\u1eafp \u0111\u1eb7t \u0111\u01b0\u1ee3c ti\u00eau chu\u1ea9n h\u00f3a \u0111\u1ea3m b\u1ea3o vi\u1ec7c l\u1eafp \u0111\u1eb7t kh\u00f4ng ph\u1ee9c t\u1ea1p b\u1ea5t k\u1ec3 thi\u1ebft k\u1ebf \u0111\u00e3 ch\u1ecdn.[\/vc_column_text][\/vc_column_inner][vc_column_inner width=&#8221;1\/3&#8243;][vc_single_image image=&#8221;7353&#8243; img_size=&#8221;full&#8221; alignment=&#8221;center&#8221;][vc_column_text]C\u00e1c c\u1ea3m bi\u1ebfn \u0111i k\u00e8m v\u1edbi v\u1ecf \u0111\u01b0\u1ee3c l\u00e0m t\u1eeb VITAL ho\u1eb7c th\u00e9p kh\u00f4ng g\u1ec9. Phi\u00ean b\u1ea3n th\u00e9p kh\u00f4ng g\u1ec9 h\u1ee3p v\u1ec7 sinh c\u00f3 s\u1eb5n cho c\u00e1c \u1ee9ng d\u1ee5ng trong m\u00f4i tr\u01b0\u1eddng v\u00f4 tr\u00f9ng.[\/vc_column_text][\/vc_column_inner][vc_column_inner width=&#8221;1\/3&#8243;][vc_single_image image=&#8221;7351&#8243; img_size=&#8221;full&#8221; alignment=&#8221;center&#8221;][vc_column_text]\u00c1nh s\u00e1ng laser \u0111\u1ecf cung c\u1ea5p c\u01a1 s\u1edf l\u00fd t\u01b0\u1edfng \u0111\u1ec3 ph\u00e1t hi\u1ec7n ngay c\u1ea3 nh\u1eefng v\u1eadt th\u1ec3 r\u1ea5t nh\u1ecf. C\u00e1c ngu\u1ed3n s\u00e1ng kh\u00e1c hi\u1ec7n c\u00f3 l\u00e0 \u0111\u00e8n LED PinPoint c\u00f3 kh\u1ea3 n\u0103ng hi\u1ec3n th\u1ecb cao ho\u1eb7c \u0111\u00e8n LED h\u1ed3ng ngo\u1ea1i.[\/vc_column_text][\/vc_column_inner][\/vc_row_inner][vc_custom_heading text=&#8221;Nhi\u1ec1u thi\u1ebft k\u1ebf, v\u1eadt li\u1ec7u v\u1ecf v\u00e0 ngu\u1ed3n s\u00e1ng kh\u00e1c nhau mang l\u1ea1i s\u1ef1 linh ho\u1ea1t cao khi l\u1ef1a ch\u1ecdn c\u1ea3m bi\u1ebfn ph\u00f9 h\u1ee3p nh\u1ea5t cho nhu c\u1ea7u c\u1ee7a b\u1ea1n&#8221; use_theme_fonts=&#8221;yes&#8221;][vc_single_image image=&#8221;7366&#8243; img_size=&#8221;full&#8221; alignment=&#8221;center&#8221;][\/vc_column][\/vc_row]<\/p>\n<\/div>","protected":false},"excerpt":{"rendered":"<p>[vc_row][vc_column width=&#8221;1\/2&#8243;][vc_single_image image=&#8221;7349&#8243; img_size=&#8221;full&#8221; alignment=&#8221;center&#8221;][\/vc_column][vc_column width=&#8221;1\/2&#8243;][vc_custom_heading text=&#8221;C\u1ea3m bi\u1ebfn quang SICK W4&#8243; use_theme_fonts=&#8221;yes&#8221;][vc_column_text]Th\u00f4ng s\u1ed1 k\u1ef9 thu\u1eadt K\u00edch th\u01b0\u1edbc (WxHxD): 16&#215;40.1&#215;12.1 (mm), 12.1&#215;41.9&#215;18.6 (mm), \u2026 v.v Ngu\u1ed3n s\u00e1ng: PinPoint LED, LED ho\u1eb7c Laser (t\u00f9y lo\u1ea1i). Ki\u1ec3u \u00e1nh s\u00e1ng: \u00c1nh \u00e1ng \u0111\u1ecf\/H\u1ed3ng ngo\u1ea1i (t\u00f9y lo\u1ea1i). Kh\u00e1ng b\u1ee5i, n\u01b0\u1edbc: IP66, IP67, IP768, IP69K (t\u00f9y lo\u1ea1i). V\u1ecf: Nh\u1ef1a, l\u1edbp ph\u1ee7<\/p>\n","protected":false},"featured_media":7366,"comment_status":"closed","ping_status":"open","template":"","meta":[],"product_brand":[],"product_cat":[736],"product_tag":[],"class_list":{"0":"post-9165","1":"product","2":"type-product","3":"status-publish","4":"has-post-thumbnail","6":"product_cat-san-pham-sick-viet-namcam-bien-quang-sick","8":"first","9":"instock","10":"product-type-simple"},"acf":[],"yoast_head":"<!-- This site is optimized with the Yoast SEO plugin v25.1 - https:\/\/yoast.com\/wordpress\/plugins\/seo\/ -->\n<title>C\u1ea3m bi\u1ebfn quang SICK W4 - V\u0169 L\u00ea Tech<\/title>\n<meta name=\"robots\" content=\"index, follow, max-snippet:-1, max-image-preview:large, max-video-preview:-1\" \/>\n<link rel=\"canonical\" href=\"http:\/\/vuletech.com\/product\/cam-bien-quang-sick-w4\/\" \/>\n<meta property=\"og:locale\" content=\"en_US\" \/>\n<meta property=\"og:type\" content=\"article\" \/>\n<meta property=\"og:title\" content=\"C\u1ea3m bi\u1ebfn quang SICK W4 - V\u0169 L\u00ea Tech\" \/>\n<meta property=\"og:description\" content=\"[vc_row][vc_column width=&#8221;1\/2&#8243;][vc_single_image image=&#8221;7349&#8243; img_size=&#8221;full&#8221; alignment=&#8221;center&#8221;][\/vc_column][vc_column width=&#8221;1\/2&#8243;][vc_custom_heading text=&#8221;C\u1ea3m bi\u1ebfn quang SICK W4&#8243; use_theme_fonts=&#8221;yes&#8221;][vc_column_text]Th\u00f4ng s\u1ed1 k\u1ef9 thu\u1eadt K\u00edch th\u01b0\u1edbc (WxHxD): 16&#215;40.1&#215;12.1 (mm), 12.1&#215;41.9&#215;18.6 (mm), \u2026 v.v Ngu\u1ed3n s\u00e1ng: PinPoint LED, LED ho\u1eb7c Laser (t\u00f9y lo\u1ea1i). Ki\u1ec3u \u00e1nh s\u00e1ng: \u00c1nh \u00e1ng \u0111\u1ecf\/H\u1ed3ng ngo\u1ea1i (t\u00f9y lo\u1ea1i). Kh\u00e1ng b\u1ee5i, n\u01b0\u1edbc: IP66, IP67, IP768, IP69K (t\u00f9y lo\u1ea1i). V\u1ecf: Nh\u1ef1a, l\u1edbp ph\u1ee7\" \/>\n<meta property=\"og:url\" content=\"http:\/\/vuletech.com\/product\/cam-bien-quang-sick-w4\/\" \/>\n<meta property=\"og:site_name\" content=\"V\u0169 L\u00ea Tech\" \/>\n<meta property=\"article:modified_time\" content=\"2025-04-25T04:27:21+00:00\" \/>\n<meta property=\"og:image\" content=\"http:\/\/vuletech.com\/wp-content\/uploads\/2024\/04\/z5321495248648_5ee11bbe6dac544944ccc2f1f42e281c.jpg\" \/>\n\t<meta property=\"og:image:width\" content=\"1680\" \/>\n\t<meta property=\"og:image:height\" content=\"420\" \/>\n\t<meta property=\"og:image:type\" content=\"image\/jpeg\" \/>\n<meta name=\"twitter:card\" content=\"summary_large_image\" \/>\n<meta name=\"twitter:label1\" content=\"Est. reading time\" \/>\n\t<meta name=\"twitter:data1\" content=\"5 minutes\" \/>\n<script type=\"application\/ld+json\" class=\"yoast-schema-graph\">{\"@context\":\"https:\/\/schema.org\",\"@graph\":[{\"@type\":\"WebPage\",\"@id\":\"http:\/\/vuletech.com\/product\/cam-bien-quang-sick-w4\/\",\"url\":\"http:\/\/vuletech.com\/product\/cam-bien-quang-sick-w4\/\",\"name\":\"C\u1ea3m bi\u1ebfn quang SICK W4 - V\u0169 L\u00ea Tech\",\"isPartOf\":{\"@id\":\"https:\/\/vuletech.com\/#website\"},\"primaryImageOfPage\":{\"@id\":\"http:\/\/vuletech.com\/product\/cam-bien-quang-sick-w4\/#primaryimage\"},\"image\":{\"@id\":\"http:\/\/vuletech.com\/product\/cam-bien-quang-sick-w4\/#primaryimage\"},\"thumbnailUrl\":\"http:\/\/vuletech.com\/wp-content\/uploads\/2024\/04\/z5321495248648_5ee11bbe6dac544944ccc2f1f42e281c.jpg\",\"datePublished\":\"2025-04-25T04:27:20+00:00\",\"dateModified\":\"2025-04-25T04:27:21+00:00\",\"breadcrumb\":{\"@id\":\"http:\/\/vuletech.com\/product\/cam-bien-quang-sick-w4\/#breadcrumb\"},\"inLanguage\":\"en-US\",\"potentialAction\":[{\"@type\":\"ReadAction\",\"target\":[\"http:\/\/vuletech.com\/product\/cam-bien-quang-sick-w4\/\"]}]},{\"@type\":\"ImageObject\",\"inLanguage\":\"en-US\",\"@id\":\"http:\/\/vuletech.com\/product\/cam-bien-quang-sick-w4\/#primaryimage\",\"url\":\"http:\/\/vuletech.com\/wp-content\/uploads\/2024\/04\/z5321495248648_5ee11bbe6dac544944ccc2f1f42e281c.jpg\",\"contentUrl\":\"http:\/\/vuletech.com\/wp-content\/uploads\/2024\/04\/z5321495248648_5ee11bbe6dac544944ccc2f1f42e281c.jpg\",\"width\":1680,\"height\":420},{\"@type\":\"BreadcrumbList\",\"@id\":\"http:\/\/vuletech.com\/product\/cam-bien-quang-sick-w4\/#breadcrumb\",\"itemListElement\":[{\"@type\":\"ListItem\",\"position\":1,\"name\":\"Home\",\"item\":\"http:\/\/vuletech.com\/en\/\"},{\"@type\":\"ListItem\",\"position\":2,\"name\":\"Product\",\"item\":\"https:\/\/vuletech.com\/product\/\"},{\"@type\":\"ListItem\",\"position\":3,\"name\":\"C\u1ea3m bi\u1ebfn quang SICK W4\"}]},{\"@type\":\"WebSite\",\"@id\":\"https:\/\/vuletech.com\/#website\",\"url\":\"https:\/\/vuletech.com\/\",\"name\":\"V\u0169 L\u00ea Tech\",\"description\":\"Our Solution - Your Value\",\"potentialAction\":[{\"@type\":\"SearchAction\",\"target\":{\"@type\":\"EntryPoint\",\"urlTemplate\":\"https:\/\/vuletech.com\/?s={search_term_string}\"},\"query-input\":{\"@type\":\"PropertyValueSpecification\",\"valueRequired\":true,\"valueName\":\"search_term_string\"}}],\"inLanguage\":\"en-US\"}]}<\/script>\n<!-- \/ Yoast SEO plugin. -->","yoast_head_json":{"title":"C\u1ea3m bi\u1ebfn quang SICK W4 - V\u0169 L\u00ea Tech","robots":{"index":"index","follow":"follow","max-snippet":"max-snippet:-1","max-image-preview":"max-image-preview:large","max-video-preview":"max-video-preview:-1"},"canonical":"http:\/\/vuletech.com\/product\/cam-bien-quang-sick-w4\/","og_locale":"en_US","og_type":"article","og_title":"C\u1ea3m bi\u1ebfn quang SICK W4 - V\u0169 L\u00ea Tech","og_description":"[vc_row][vc_column width=&#8221;1\/2&#8243;][vc_single_image image=&#8221;7349&#8243; img_size=&#8221;full&#8221; alignment=&#8221;center&#8221;][\/vc_column][vc_column width=&#8221;1\/2&#8243;][vc_custom_heading text=&#8221;C\u1ea3m bi\u1ebfn quang SICK W4&#8243; use_theme_fonts=&#8221;yes&#8221;][vc_column_text]Th\u00f4ng s\u1ed1 k\u1ef9 thu\u1eadt K\u00edch th\u01b0\u1edbc (WxHxD): 16&#215;40.1&#215;12.1 (mm), 12.1&#215;41.9&#215;18.6 (mm), \u2026 v.v Ngu\u1ed3n s\u00e1ng: PinPoint LED, LED ho\u1eb7c Laser (t\u00f9y lo\u1ea1i). Ki\u1ec3u \u00e1nh s\u00e1ng: \u00c1nh \u00e1ng \u0111\u1ecf\/H\u1ed3ng ngo\u1ea1i (t\u00f9y lo\u1ea1i). Kh\u00e1ng b\u1ee5i, n\u01b0\u1edbc: IP66, IP67, IP768, IP69K (t\u00f9y lo\u1ea1i). V\u1ecf: Nh\u1ef1a, l\u1edbp ph\u1ee7","og_url":"http:\/\/vuletech.com\/product\/cam-bien-quang-sick-w4\/","og_site_name":"V\u0169 L\u00ea Tech","article_modified_time":"2025-04-25T04:27:21+00:00","og_image":[{"width":1680,"height":420,"url":"http:\/\/vuletech.com\/wp-content\/uploads\/2024\/04\/z5321495248648_5ee11bbe6dac544944ccc2f1f42e281c.jpg","type":"image\/jpeg"}],"twitter_card":"summary_large_image","twitter_misc":{"Est. reading time":"5 minutes"},"schema":{"@context":"https:\/\/schema.org","@graph":[{"@type":"WebPage","@id":"http:\/\/vuletech.com\/product\/cam-bien-quang-sick-w4\/","url":"http:\/\/vuletech.com\/product\/cam-bien-quang-sick-w4\/","name":"C\u1ea3m bi\u1ebfn quang SICK W4 - V\u0169 L\u00ea Tech","isPartOf":{"@id":"https:\/\/vuletech.com\/#website"},"primaryImageOfPage":{"@id":"http:\/\/vuletech.com\/product\/cam-bien-quang-sick-w4\/#primaryimage"},"image":{"@id":"http:\/\/vuletech.com\/product\/cam-bien-quang-sick-w4\/#primaryimage"},"thumbnailUrl":"http:\/\/vuletech.com\/wp-content\/uploads\/2024\/04\/z5321495248648_5ee11bbe6dac544944ccc2f1f42e281c.jpg","datePublished":"2025-04-25T04:27:20+00:00","dateModified":"2025-04-25T04:27:21+00:00","breadcrumb":{"@id":"http:\/\/vuletech.com\/product\/cam-bien-quang-sick-w4\/#breadcrumb"},"inLanguage":"en-US","potentialAction":[{"@type":"ReadAction","target":["http:\/\/vuletech.com\/product\/cam-bien-quang-sick-w4\/"]}]},{"@type":"ImageObject","inLanguage":"en-US","@id":"http:\/\/vuletech.com\/product\/cam-bien-quang-sick-w4\/#primaryimage","url":"http:\/\/vuletech.com\/wp-content\/uploads\/2024\/04\/z5321495248648_5ee11bbe6dac544944ccc2f1f42e281c.jpg","contentUrl":"http:\/\/vuletech.com\/wp-content\/uploads\/2024\/04\/z5321495248648_5ee11bbe6dac544944ccc2f1f42e281c.jpg","width":1680,"height":420},{"@type":"BreadcrumbList","@id":"http:\/\/vuletech.com\/product\/cam-bien-quang-sick-w4\/#breadcrumb","itemListElement":[{"@type":"ListItem","position":1,"name":"Home","item":"http:\/\/vuletech.com\/en\/"},{"@type":"ListItem","position":2,"name":"Product","item":"https:\/\/vuletech.com\/product\/"},{"@type":"ListItem","position":3,"name":"C\u1ea3m bi\u1ebfn quang SICK W4"}]},{"@type":"WebSite","@id":"https:\/\/vuletech.com\/#website","url":"https:\/\/vuletech.com\/","name":"V\u0169 L\u00ea Tech","description":"Our Solution - Your Value","potentialAction":[{"@type":"SearchAction","target":{"@type":"EntryPoint","urlTemplate":"https:\/\/vuletech.com\/?s={search_term_string}"},"query-input":{"@type":"PropertyValueSpecification","valueRequired":true,"valueName":"search_term_string"}}],"inLanguage":"en-US"}]}},"_links":{"self":[{"href":"http:\/\/vuletech.com\/en\/wp-json\/wp\/v2\/product\/9165","targetHints":{"allow":["GET"]}}],"collection":[{"href":"http:\/\/vuletech.com\/en\/wp-json\/wp\/v2\/product"}],"about":[{"href":"http:\/\/vuletech.com\/en\/wp-json\/wp\/v2\/types\/product"}],"replies":[{"embeddable":true,"href":"http:\/\/vuletech.com\/en\/wp-json\/wp\/v2\/comments?post=9165"}],"wp:featuredmedia":[{"embeddable":true,"href":"http:\/\/vuletech.com\/en\/wp-json\/wp\/v2\/media\/7366"}],"wp:attachment":[{"href":"http:\/\/vuletech.com\/en\/wp-json\/wp\/v2\/media?parent=9165"}],"wp:term":[{"taxonomy":"product_brand","embeddable":true,"href":"http:\/\/vuletech.com\/en\/wp-json\/wp\/v2\/product_brand?post=9165"},{"taxonomy":"product_cat","embeddable":true,"href":"http:\/\/vuletech.com\/en\/wp-json\/wp\/v2\/product_cat?post=9165"},{"taxonomy":"product_tag","embeddable":true,"href":"http:\/\/vuletech.com\/en\/wp-json\/wp\/v2\/product_tag?post=9165"}],"curies":[{"name":"wp","href":"https:\/\/api.w.org\/{rel}","templated":true}]}}