{"id":9166,"date":"2025-04-25T11:27:20","date_gmt":"2025-04-25T04:27:20","guid":{"rendered":"https:\/\/vuletech.com\/product\/cam-bien-quang-sick-w12\/"},"modified":"2025-04-25T11:27:21","modified_gmt":"2025-04-25T04:27:21","slug":"cam-bien-quang-sick-w12","status":"publish","type":"product","link":"http:\/\/vuletech.com\/en\/product\/cam-bien-quang-sick-w12\/","title":{"rendered":"C\u1ea3m bi\u1ebfn quang SICK W12"},"content":{"rendered":"<div class=\"wpb-content-wrapper\"><p>[vc_row][vc_column width=&#8221;1\/2&#8243;][vc_single_image image=&#8221;7368&#8243; img_size=&#8221;full&#8221; alignment=&#8221;center&#8221;][\/vc_column][vc_column width=&#8221;1\/2&#8243;][vc_custom_heading text=&#8221;C\u1ea3m bi\u1ebfn quang SICK W12&#8243; use_theme_fonts=&#8221;yes&#8221;][vc_column_text]<strong>Th\u00f4ng tin k\u1ef9 thu\u1eadt chung:<\/strong><\/p>\n<ul>\n<li>K\u00edch th\u01b0\u1edbc (WxHxD): 15.6&#215;49.5&#215;43.1 (mm), 15x49x41.5 (mm), \u2026 v.v<\/li>\n<li>Ngu\u1ed3n s\u00e1ng: PinPoint LED, LED ho\u1eb7c Laser (t\u00f9y lo\u1ea1i).<\/li>\n<li>Ki\u1ec3u \u00e1nh s\u00e1ng: \u00c1nh \u00e1ng \u0111\u1ecf\/H\u1ed3ng ngo\u1ea1i (t\u00f9y lo\u1ea1i).<\/li>\n<li>Kh\u00e1ng b\u1ee5i, n\u01b0\u1edbc: IP66, IP67, IP768, IP69K (t\u00f9y lo\u1ea1i).<\/li>\n<li>V\u1ecf: L\u1edbp ph\u1ee7 PTFE ho\u1eb7c kim lo\u1ea1i (t\u00f9y lo\u1ea1i).<\/li>\n<\/ul>\n<p>[\/vc_column_text][\/vc_column][\/vc_row][vc_row][vc_column width=&#8221;1\/2&#8243;][vc_column_text]<strong>L\u1ee3i \u00edch<\/strong><\/p>\n<ul>\n<li>Kh\u1ea3 n\u0103ng \u1ee9ng d\u1ee5ng ph\u1ed5 qu\u00e1t nh\u1edd ch\u1ee9c n\u0103ng MultiMode<\/li>\n<li>Ph\u00e1t hi\u1ec7n ch\u00ednh x\u00e1c c\u00e1c v\u1eadt th\u1ec3 nh\u1ecf nh\u1edd \u0111i\u1ec3m s\u00e1ng ch\u00ednh x\u00e1c c\u1ee7a c\u00e1c bi\u1ebfn th\u1ec3 laser<\/li>\n<li>Ph\u00e1t hi\u1ec7n \u0111\u00e1ng tin c\u1eady c\u00e1c v\u1eadt th\u1ec3 kh\u00f3 kh\u0103n nh\u01b0 v\u1eadt th\u1ec3 r\u1ea5t t\u1ed1i ho\u1eb7c d\u1ed1c nh\u1edd ch\u1ebf \u0111\u1ed9 ApplicationSelect<\/li>\n<li>\u0110\u1ed9 tin c\u1eady cao ngay c\u1ea3 trong \u0111i\u1ec1u ki\u1ec7n m\u00f4i tr\u01b0\u1eddng kh\u1eafc nghi\u1ec7t nh\u1edd v\u1ecf kim lo\u1ea1i c\u1ee9ng<\/li>\n<li>Tham s\u1ed1 h\u00f3a \u0111\u01a1n gi\u1ea3n v\u1edbi BluePilot tr\u00ean thi\u1ebft b\u1ecb ho\u1eb7c th\u00f4ng qua giao di\u1ec7n ng\u01b0\u1eddi d\u00f9ng IO-Link th\u00e2n thi\u1ec7n v\u1edbi kh\u00e1ch h\u00e0ng<\/li>\n<li>M\u1ee9c \u0111\u1ed9 s\u1eb5n s\u00e0ng cao nh\u1edd b\u1ea3o tr\u00ec d\u1ef1 \u0111o\u00e1n<\/li>\n<li>Ph\u00e1t hi\u1ec7n \u0111\u00e1ng tin c\u1eady c\u00e1c v\u1eadt th\u1ec3 trong su\u1ed1t \u2013 t\u1eeb chai PET \u0111\u1ebfn gi\u1ea5y b\u1ea1c trong su\u1ed1t \u2013 nh\u1edd c\u00f4ng ngh\u1ec7 chip v\u01b0\u1ee3t tr\u1ed9i<\/li>\n<\/ul>\n<p>[\/vc_column_text][\/vc_column][vc_column width=&#8221;1\/2&#8243;][vc_column_text]<strong>\u0110\u1eb7c \u0111i\u1ec3m<\/strong><\/p>\n<ul>\n<li>Quang h\u1ecdc t\u1ef1 \u0111\u1ed9ng chu\u1ea9n tr\u1ef1c ch\u00ednh x\u00e1c<\/li>\n<li>Ngu\u1ed3n s\u00e1ng: laser, PinPoint LED, \u0111\u00e8n h\u1ed3ng ngo\u1ea1i<\/li>\n<li>Ch\u1ee9c n\u0103ng \u0111a ch\u1ebf \u0111\u1ed9<\/li>\n<li>\u0110i\u1ec3m s\u00e1ng d\u1ea1ng \u0111\u01b0\u1eddng \u0111\u1ec3 ph\u00e1t hi\u1ec7n v\u1eadt th\u1ec3 \u0111\u1ee5c l\u1ed7<\/li>\n<li>\u1ee8ng d\u1ee5ngCh\u1ecdn ch\u1ebf \u0111\u1ed9 c\u00f3 s\u1eb5n<\/li>\n<li>IO-Link v\u00e0 BluePilot \u0111\u1ec3 tham s\u1ed1 h\u00f3a<\/li>\n<li>Ch\u1ee9c n\u0103ng ch\u1ea9n \u0111o\u00e1n th\u00f4ng qua IO-Link<\/li>\n<li>V\u1ecf kim lo\u1ea1i \u0111\u00fac k\u1ebdm ch\u1eafc ch\u1eafn<\/li>\n<\/ul>\n<p>[\/vc_column_text][\/vc_column][\/vc_row][vc_row][vc_column][vc_single_image image=&#8221;7369&#8243; img_size=&#8221;full&#8221; alignment=&#8221;center&#8221;][vc_custom_heading text=&#8221;Th\u00edch h\u1ee3p cho m\u1ecdi \u1ee9ng d\u1ee5ng \u2013 c\u1ea3m bi\u1ebfn quang \u0111i\u1ec7n trong v\u1ecf kim lo\u1ea1i&#8221; use_theme_fonts=&#8221;yes&#8221;][vc_column_text]C\u00e1c thi\u1ebft b\u1ecb W12 l\u00e0 nh\u1eefng thi\u1ebft b\u1ecb to\u00e0n di\u1ec7n ch\u00ednh h\u00e3ng. Danh m\u1ee5c s\u1ea3n ph\u1ea9m bao g\u1ed3m c\u1ea3m bi\u1ebfn ti\u1ec7m c\u1eadn quang \u0111i\u1ec7n, c\u1ea3m bi\u1ebfn ph\u1ea3n x\u1ea1 quang \u0111i\u1ec7n v\u00e0 c\u1ea3m bi\u1ebfn quang \u0111i\u1ec7n xuy\u00ean ch\u00f9m tia v\u1edbi c\u00f4ng ngh\u1ec7 laser, \u0111\u00e8n LED PinPoint ho\u1eb7c \u0111\u00e8n h\u1ed3ng ngo\u1ea1i. Ph\u1ea1m vi c\u1ea3m bi\u1ebfn, t\u1ea7n s\u1ed1 chuy\u1ec3n \u0111\u1ed5i v\u00e0 t\u00f9y ch\u1ecdn k\u1ebft n\u1ed1i kh\u00e1c nhau \u0111\u1ea3m b\u1ea3o kh\u1ea3 n\u0103ng l\u1ef1a ch\u1ecdn v\u00e0 k\u1ebft h\u1ee3p g\u1ea7n nh\u01b0 v\u00f4 h\u1ea1n. V\u00ed d\u1ee5, c\u1ea3m bi\u1ebfn W12 c\u00f3 th\u1ec3 \u0111\u01b0\u1ee3c \u0111i\u1ec1u ch\u1ec9nh ho\u00e0n h\u1ea3o cho h\u1ec7 th\u1ed1ng thi\u1ebft b\u1ecb v\u00e0 y\u00eau c\u1ea7u c\u1ee7a \u1ee9ng d\u1ee5ng c\u1ee5 th\u1ec3 \u2013 b\u1ea5t k\u1ec3 \u0111\u00f3 l\u00e0 \u1ee9ng d\u1ee5ng c\u00f4ng ngh\u1ec7 \u0111\u00f3ng g\u00f3i, \u00f4 t\u00f4, h\u1eadu c\u1ea7n, d\u01b0\u1ee3c ph\u1ea9m hay \u0111\u1ed3 u\u1ed1ng.[\/vc_column_text][\/vc_column][\/vc_row][vc_row][vc_column width=&#8221;1\/3&#8243;][vc_single_image image=&#8221;7372&#8243; img_size=&#8221;full&#8221; alignment=&#8221;center&#8221;][vc_column_text]T\u00f9y theo y\u00eau c\u1ea7u t\u1ea1i ch\u1ed7: Nh\u1edd c\u00f3 nhi\u1ec1u bi\u1ebfn th\u1ec3 s\u1ea3n ph\u1ea9m c\u00f3 s\u1eb5n, b\u1ea1n c\u00f3 th\u1ec3 ch\u1ecdn W12 l\u00fd t\u01b0\u1edfng cho nhu c\u1ea7u c\u1ee7a m\u00ecnh[\/vc_column_text][\/vc_column][vc_column width=&#8221;1\/3&#8243;][vc_single_image image=&#8221;7371&#8243; img_size=&#8221;full&#8221; alignment=&#8221;center&#8221;][vc_column_text]T\u1eeb chai th\u1ee7y tinh \u0111\u1ebfn m\u00e0ng b\u00e1m: C\u00e1c v\u1eadt th\u1ec3 trong su\u1ed1t c\u00f3 th\u1ec3 \u0111\u01b0\u1ee3c ph\u00e1t hi\u1ec7n ch\u00ednh x\u00e1c v\u00e0 \u0111\u00e1ng tin c\u1eady b\u1eb1ng c\u00e1ch s\u1eed d\u1ee5ng c\u1ea3m bi\u1ebfn ph\u1ea3n x\u1ea1 quang \u0111i\u1ec7n WL12G[\/vc_column_text][\/vc_column][vc_column width=&#8221;1\/3&#8243;][vc_single_image image=&#8221;7370&#8243; img_size=&#8221;full&#8221; alignment=&#8221;center&#8221;][vc_column_text]Kh\u00f4ng c\u00f3 v\u1ea5n \u0111\u1ec1 g\u00ec v\u1edbi kho\u1ea3ng c\u00e1ch l\u1edbn: C\u00e1c bi\u1ebfn th\u1ec3 laser gi\u00fap ph\u00e1t hi\u1ec7n ch\u00ednh x\u00e1c c\u00e1c v\u1eadt th\u1ec3 r\u1ea5t nh\u1ecf trong kho\u1ea3ng c\u00e1ch l\u00ean t\u1edbi 1.200 mm[\/vc_column_text][\/vc_column][\/vc_row][vc_row][vc_column][vc_custom_heading text=&#8221;Thi\u1ebft b\u1ecb duy nh\u1ea5t cho m\u1ecdi th\u1ee9: D\u00f2ng s\u1ea3n ph\u1ea9m W12 l\u00e0 gi\u1ea3i ph\u00e1p ph\u00e1t hi\u1ec7n ph\u1ed5 qu\u00e1t cho nhi\u1ec1u \u1ee9ng d\u1ee5ng v\u00e0 ng\u00e0nh c\u00f4ng nghi\u1ec7p&#8221; use_theme_fonts=&#8221;yes&#8221;][vc_single_image image=&#8221;7374&#8243; img_size=&#8221;full&#8221; alignment=&#8221;center&#8221;][vc_column_text]<\/p>\n<h3>C\u1ef1c k\u1ef3 d\u1ec5 d\u00e0ng \u2013 c\u00e0i \u0111\u1eb7t v\u00e0 v\u1eadn h\u00e0nh b\u1eb1ng BluePilot<\/h3>\n<p>Thi\u1ebft l\u1eadp v\u00e0 c\u0103n ch\u1ec9nh trong v\u00e0i gi\u00e2y: S\u1eed d\u1ee5ng kh\u00e1i ni\u1ec7m v\u1eadn h\u00e0nh BluePilot. \u0110\u00e8n LED m\u00e0u xanh cung c\u1ea5p ph\u1ea3n h\u1ed3i ngay l\u1eadp t\u1ee9c v\u1ec1 vi\u1ec7c c\u1ea3m bi\u1ebfn c\u00f3 \u0111\u01b0\u1ee3c c\u0103n ch\u1ec9nh ch\u00ednh x\u00e1c hay kh\u00f4ng. C\u00e1c thi\u1ebft b\u1ecb W12L v\u1edbi c\u00f4ng ngh\u1ec7 laser c\u00f3 th\u1ec3 \u0111\u01b0\u1ee3c tham s\u1ed1 h\u00f3a nhanh ch\u00f3ng v\u00e0 ch\u00ednh x\u00e1c b\u1eb1ng c\u00e1ch s\u1eed d\u1ee5ng t\u00ednh n\u0103ng \u0111i\u1ec1u ch\u1ec9nh Teach-Turn. Trong khi l\u00e0m nh\u01b0 v\u1eady, m\u00e0n h\u00ecnh LED \u0111\u00f3ng vai tr\u00f2 h\u1ed7 tr\u1ee3 \u0111\u1ecbnh h\u01b0\u1edbng cho ph\u1ea1m vi c\u1ea3m bi\u1ebfn mong mu\u1ed1n ho\u1eb7c \u0111\u1ec3 h\u1ed7 tr\u1ee3, do \u0111\u00f3 \u0111\u1ea3m b\u1ea3o \u0111\u1ed9 an to\u00e0n v\u1eadn h\u00e0nh r\u1ea5t cao. Thi\u1ebft b\u1ecb \u0111\u1eb7c bi\u1ec7t d\u1ec5 l\u1eafp v\u00ec c\u00e1c l\u1ed7 l\u1eafp cung c\u1ea5p c\u00e1c t\u00f9y ch\u1ecdn bu\u1ed9c kh\u00e1c nhau.[\/vc_column_text][\/vc_column][\/vc_row][vc_row][vc_column width=&#8221;1\/3&#8243;][vc_single_image image=&#8221;7377&#8243; img_size=&#8221;full&#8221; alignment=&#8221;center&#8221;][vc_column_text]M\u00e0n h\u00ecnh LED cung c\u1ea5p kh\u1ea3 n\u0103ng ki\u1ec3m tra ch\u1ea5t l\u01b0\u1ee3ng h\u00ecnh \u1ea3nh ngay l\u1eadp t\u1ee9c khi c\u0103n ch\u1ec9nh c\u1ea3m bi\u1ebfn v\u00e0 trong qu\u00e1 tr\u00ecnh l\u1eafp \u0111\u1eb7t[\/vc_column_text][\/vc_column][vc_column width=&#8221;1\/3&#8243;][vc_single_image image=&#8221;7376&#8243; img_size=&#8221;full&#8221; alignment=&#8221;center&#8221;][vc_column_text]H\u01b0\u1edbng d\u1eabn nhanh b\u1eb1ng BluePilot[\/vc_column_text][\/vc_column][vc_column width=&#8221;1\/3&#8243;][vc_single_image image=&#8221;7375&#8243; img_size=&#8221;full&#8221; alignment=&#8221;center&#8221;][vc_column_text]Nhi\u1ec1u t\u00f9y ch\u1ecdn bu\u1ed9c ch\u1eb7t kh\u00e1c nhau v\u1edbi c\u00e1c l\u1ed7 xuy\u00ean v\u00e0 l\u1ed7 m\u00f9 c\u0169ng nh\u01b0 c\u00e1c l\u1ed7 k\u00e9o d\u00e0i v\u00e0 l\u1ed7 kh\u1edbp n\u1ed1i[\/vc_column_text][\/vc_column][\/vc_row]<\/p>\n<\/div>","protected":false},"excerpt":{"rendered":"<p>[vc_row][vc_column width=&#8221;1\/2&#8243;][vc_single_image image=&#8221;7368&#8243; img_size=&#8221;full&#8221; alignment=&#8221;center&#8221;][\/vc_column][vc_column width=&#8221;1\/2&#8243;][vc_custom_heading text=&#8221;C\u1ea3m bi\u1ebfn quang SICK W12&#8243; use_theme_fonts=&#8221;yes&#8221;][vc_column_text]Th\u00f4ng tin k\u1ef9 thu\u1eadt chung: K\u00edch th\u01b0\u1edbc (WxHxD): 15.6&#215;49.5&#215;43.1 (mm), 15x49x41.5 (mm), \u2026 v.v Ngu\u1ed3n s\u00e1ng: PinPoint LED, LED ho\u1eb7c Laser (t\u00f9y lo\u1ea1i). Ki\u1ec3u \u00e1nh s\u00e1ng: \u00c1nh \u00e1ng \u0111\u1ecf\/H\u1ed3ng ngo\u1ea1i (t\u00f9y lo\u1ea1i). Kh\u00e1ng b\u1ee5i, n\u01b0\u1edbc: IP66, IP67, IP768, IP69K (t\u00f9y lo\u1ea1i). V\u1ecf: L\u1edbp ph\u1ee7<\/p>\n","protected":false},"featured_media":7377,"comment_status":"closed","ping_status":"open","template":"","meta":[],"product_brand":[],"product_cat":[736],"product_tag":[],"class_list":{"0":"post-9166","1":"product","2":"type-product","3":"status-publish","4":"has-post-thumbnail","6":"product_cat-san-pham-sick-viet-namcam-bien-quang-sick","8":"first","9":"instock","10":"product-type-simple"},"acf":[],"yoast_head":"<!-- This site is optimized with the Yoast SEO plugin v25.1 - https:\/\/yoast.com\/wordpress\/plugins\/seo\/ -->\n<title>C\u1ea3m bi\u1ebfn quang SICK W12 - V\u0169 L\u00ea Tech<\/title>\n<meta name=\"robots\" content=\"index, follow, max-snippet:-1, max-image-preview:large, max-video-preview:-1\" \/>\n<link rel=\"canonical\" href=\"http:\/\/vuletech.com\/product\/cam-bien-quang-sick-w12\/\" \/>\n<meta property=\"og:locale\" content=\"en_US\" \/>\n<meta property=\"og:type\" content=\"article\" \/>\n<meta property=\"og:title\" content=\"C\u1ea3m bi\u1ebfn quang SICK W12 - V\u0169 L\u00ea Tech\" \/>\n<meta property=\"og:description\" content=\"[vc_row][vc_column width=&#8221;1\/2&#8243;][vc_single_image image=&#8221;7368&#8243; img_size=&#8221;full&#8221; alignment=&#8221;center&#8221;][\/vc_column][vc_column width=&#8221;1\/2&#8243;][vc_custom_heading text=&#8221;C\u1ea3m bi\u1ebfn quang SICK W12&#8243; use_theme_fonts=&#8221;yes&#8221;][vc_column_text]Th\u00f4ng tin k\u1ef9 thu\u1eadt chung: K\u00edch th\u01b0\u1edbc (WxHxD): 15.6&#215;49.5&#215;43.1 (mm), 15x49x41.5 (mm), \u2026 v.v Ngu\u1ed3n s\u00e1ng: PinPoint LED, LED ho\u1eb7c Laser (t\u00f9y lo\u1ea1i). Ki\u1ec3u \u00e1nh s\u00e1ng: \u00c1nh \u00e1ng \u0111\u1ecf\/H\u1ed3ng ngo\u1ea1i (t\u00f9y lo\u1ea1i). Kh\u00e1ng b\u1ee5i, n\u01b0\u1edbc: IP66, IP67, IP768, IP69K (t\u00f9y lo\u1ea1i). V\u1ecf: L\u1edbp ph\u1ee7\" \/>\n<meta property=\"og:url\" content=\"http:\/\/vuletech.com\/product\/cam-bien-quang-sick-w12\/\" \/>\n<meta property=\"og:site_name\" content=\"V\u0169 L\u00ea Tech\" \/>\n<meta property=\"article:modified_time\" content=\"2025-04-25T04:27:21+00:00\" \/>\n<meta property=\"og:image\" content=\"http:\/\/vuletech.com\/wp-content\/uploads\/2024\/04\/z5322903681923_ecfb39501f7b29491b57b6084d7014db.jpg\" \/>\n\t<meta property=\"og:image:width\" content=\"480\" \/>\n\t<meta property=\"og:image:height\" content=\"270\" \/>\n\t<meta property=\"og:image:type\" content=\"image\/jpeg\" \/>\n<meta name=\"twitter:card\" content=\"summary_large_image\" \/>\n<meta name=\"twitter:label1\" content=\"Est. reading time\" \/>\n\t<meta name=\"twitter:data1\" content=\"7 minutes\" \/>\n<script type=\"application\/ld+json\" class=\"yoast-schema-graph\">{\"@context\":\"https:\/\/schema.org\",\"@graph\":[{\"@type\":\"WebPage\",\"@id\":\"http:\/\/vuletech.com\/product\/cam-bien-quang-sick-w12\/\",\"url\":\"http:\/\/vuletech.com\/product\/cam-bien-quang-sick-w12\/\",\"name\":\"C\u1ea3m bi\u1ebfn quang SICK W12 - V\u0169 L\u00ea Tech\",\"isPartOf\":{\"@id\":\"https:\/\/vuletech.com\/#website\"},\"primaryImageOfPage\":{\"@id\":\"http:\/\/vuletech.com\/product\/cam-bien-quang-sick-w12\/#primaryimage\"},\"image\":{\"@id\":\"http:\/\/vuletech.com\/product\/cam-bien-quang-sick-w12\/#primaryimage\"},\"thumbnailUrl\":\"http:\/\/vuletech.com\/wp-content\/uploads\/2024\/04\/z5322903681923_ecfb39501f7b29491b57b6084d7014db.jpg\",\"datePublished\":\"2025-04-25T04:27:20+00:00\",\"dateModified\":\"2025-04-25T04:27:21+00:00\",\"breadcrumb\":{\"@id\":\"http:\/\/vuletech.com\/product\/cam-bien-quang-sick-w12\/#breadcrumb\"},\"inLanguage\":\"en-US\",\"potentialAction\":[{\"@type\":\"ReadAction\",\"target\":[\"http:\/\/vuletech.com\/product\/cam-bien-quang-sick-w12\/\"]}]},{\"@type\":\"ImageObject\",\"inLanguage\":\"en-US\",\"@id\":\"http:\/\/vuletech.com\/product\/cam-bien-quang-sick-w12\/#primaryimage\",\"url\":\"http:\/\/vuletech.com\/wp-content\/uploads\/2024\/04\/z5322903681923_ecfb39501f7b29491b57b6084d7014db.jpg\",\"contentUrl\":\"http:\/\/vuletech.com\/wp-content\/uploads\/2024\/04\/z5322903681923_ecfb39501f7b29491b57b6084d7014db.jpg\",\"width\":480,\"height\":270},{\"@type\":\"BreadcrumbList\",\"@id\":\"http:\/\/vuletech.com\/product\/cam-bien-quang-sick-w12\/#breadcrumb\",\"itemListElement\":[{\"@type\":\"ListItem\",\"position\":1,\"name\":\"Home\",\"item\":\"http:\/\/vuletech.com\/en\/\"},{\"@type\":\"ListItem\",\"position\":2,\"name\":\"Product\",\"item\":\"https:\/\/vuletech.com\/product\/\"},{\"@type\":\"ListItem\",\"position\":3,\"name\":\"C\u1ea3m bi\u1ebfn quang SICK W12\"}]},{\"@type\":\"WebSite\",\"@id\":\"https:\/\/vuletech.com\/#website\",\"url\":\"https:\/\/vuletech.com\/\",\"name\":\"V\u0169 L\u00ea Tech\",\"description\":\"Our Solution - Your Value\",\"potentialAction\":[{\"@type\":\"SearchAction\",\"target\":{\"@type\":\"EntryPoint\",\"urlTemplate\":\"https:\/\/vuletech.com\/?s={search_term_string}\"},\"query-input\":{\"@type\":\"PropertyValueSpecification\",\"valueRequired\":true,\"valueName\":\"search_term_string\"}}],\"inLanguage\":\"en-US\"}]}<\/script>\n<!-- \/ Yoast SEO plugin. -->","yoast_head_json":{"title":"C\u1ea3m bi\u1ebfn quang SICK W12 - V\u0169 L\u00ea Tech","robots":{"index":"index","follow":"follow","max-snippet":"max-snippet:-1","max-image-preview":"max-image-preview:large","max-video-preview":"max-video-preview:-1"},"canonical":"http:\/\/vuletech.com\/product\/cam-bien-quang-sick-w12\/","og_locale":"en_US","og_type":"article","og_title":"C\u1ea3m bi\u1ebfn quang SICK W12 - V\u0169 L\u00ea Tech","og_description":"[vc_row][vc_column width=&#8221;1\/2&#8243;][vc_single_image image=&#8221;7368&#8243; img_size=&#8221;full&#8221; alignment=&#8221;center&#8221;][\/vc_column][vc_column width=&#8221;1\/2&#8243;][vc_custom_heading text=&#8221;C\u1ea3m bi\u1ebfn quang SICK W12&#8243; use_theme_fonts=&#8221;yes&#8221;][vc_column_text]Th\u00f4ng tin k\u1ef9 thu\u1eadt chung: K\u00edch th\u01b0\u1edbc (WxHxD): 15.6&#215;49.5&#215;43.1 (mm), 15x49x41.5 (mm), \u2026 v.v Ngu\u1ed3n s\u00e1ng: PinPoint LED, LED ho\u1eb7c Laser (t\u00f9y lo\u1ea1i). Ki\u1ec3u \u00e1nh s\u00e1ng: \u00c1nh \u00e1ng \u0111\u1ecf\/H\u1ed3ng ngo\u1ea1i (t\u00f9y lo\u1ea1i). Kh\u00e1ng b\u1ee5i, n\u01b0\u1edbc: IP66, IP67, IP768, IP69K (t\u00f9y lo\u1ea1i). V\u1ecf: L\u1edbp ph\u1ee7","og_url":"http:\/\/vuletech.com\/product\/cam-bien-quang-sick-w12\/","og_site_name":"V\u0169 L\u00ea Tech","article_modified_time":"2025-04-25T04:27:21+00:00","og_image":[{"width":480,"height":270,"url":"http:\/\/vuletech.com\/wp-content\/uploads\/2024\/04\/z5322903681923_ecfb39501f7b29491b57b6084d7014db.jpg","type":"image\/jpeg"}],"twitter_card":"summary_large_image","twitter_misc":{"Est. reading time":"7 minutes"},"schema":{"@context":"https:\/\/schema.org","@graph":[{"@type":"WebPage","@id":"http:\/\/vuletech.com\/product\/cam-bien-quang-sick-w12\/","url":"http:\/\/vuletech.com\/product\/cam-bien-quang-sick-w12\/","name":"C\u1ea3m bi\u1ebfn quang SICK W12 - V\u0169 L\u00ea Tech","isPartOf":{"@id":"https:\/\/vuletech.com\/#website"},"primaryImageOfPage":{"@id":"http:\/\/vuletech.com\/product\/cam-bien-quang-sick-w12\/#primaryimage"},"image":{"@id":"http:\/\/vuletech.com\/product\/cam-bien-quang-sick-w12\/#primaryimage"},"thumbnailUrl":"http:\/\/vuletech.com\/wp-content\/uploads\/2024\/04\/z5322903681923_ecfb39501f7b29491b57b6084d7014db.jpg","datePublished":"2025-04-25T04:27:20+00:00","dateModified":"2025-04-25T04:27:21+00:00","breadcrumb":{"@id":"http:\/\/vuletech.com\/product\/cam-bien-quang-sick-w12\/#breadcrumb"},"inLanguage":"en-US","potentialAction":[{"@type":"ReadAction","target":["http:\/\/vuletech.com\/product\/cam-bien-quang-sick-w12\/"]}]},{"@type":"ImageObject","inLanguage":"en-US","@id":"http:\/\/vuletech.com\/product\/cam-bien-quang-sick-w12\/#primaryimage","url":"http:\/\/vuletech.com\/wp-content\/uploads\/2024\/04\/z5322903681923_ecfb39501f7b29491b57b6084d7014db.jpg","contentUrl":"http:\/\/vuletech.com\/wp-content\/uploads\/2024\/04\/z5322903681923_ecfb39501f7b29491b57b6084d7014db.jpg","width":480,"height":270},{"@type":"BreadcrumbList","@id":"http:\/\/vuletech.com\/product\/cam-bien-quang-sick-w12\/#breadcrumb","itemListElement":[{"@type":"ListItem","position":1,"name":"Home","item":"http:\/\/vuletech.com\/en\/"},{"@type":"ListItem","position":2,"name":"Product","item":"https:\/\/vuletech.com\/product\/"},{"@type":"ListItem","position":3,"name":"C\u1ea3m bi\u1ebfn quang SICK W12"}]},{"@type":"WebSite","@id":"https:\/\/vuletech.com\/#website","url":"https:\/\/vuletech.com\/","name":"V\u0169 L\u00ea Tech","description":"Our Solution - Your Value","potentialAction":[{"@type":"SearchAction","target":{"@type":"EntryPoint","urlTemplate":"https:\/\/vuletech.com\/?s={search_term_string}"},"query-input":{"@type":"PropertyValueSpecification","valueRequired":true,"valueName":"search_term_string"}}],"inLanguage":"en-US"}]}},"_links":{"self":[{"href":"http:\/\/vuletech.com\/en\/wp-json\/wp\/v2\/product\/9166","targetHints":{"allow":["GET"]}}],"collection":[{"href":"http:\/\/vuletech.com\/en\/wp-json\/wp\/v2\/product"}],"about":[{"href":"http:\/\/vuletech.com\/en\/wp-json\/wp\/v2\/types\/product"}],"replies":[{"embeddable":true,"href":"http:\/\/vuletech.com\/en\/wp-json\/wp\/v2\/comments?post=9166"}],"wp:featuredmedia":[{"embeddable":true,"href":"http:\/\/vuletech.com\/en\/wp-json\/wp\/v2\/media\/7377"}],"wp:attachment":[{"href":"http:\/\/vuletech.com\/en\/wp-json\/wp\/v2\/media?parent=9166"}],"wp:term":[{"taxonomy":"product_brand","embeddable":true,"href":"http:\/\/vuletech.com\/en\/wp-json\/wp\/v2\/product_brand?post=9166"},{"taxonomy":"product_cat","embeddable":true,"href":"http:\/\/vuletech.com\/en\/wp-json\/wp\/v2\/product_cat?post=9166"},{"taxonomy":"product_tag","embeddable":true,"href":"http:\/\/vuletech.com\/en\/wp-json\/wp\/v2\/product_tag?post=9166"}],"curies":[{"name":"wp","href":"https:\/\/api.w.org\/{rel}","templated":true}]}}