{"id":9167,"date":"2025-04-25T11:27:20","date_gmt":"2025-04-25T04:27:20","guid":{"rendered":"https:\/\/vuletech.com\/product\/cam-bien-quang-sick-gr18\/"},"modified":"2025-04-25T11:27:22","modified_gmt":"2025-04-25T04:27:22","slug":"cam-bien-quang-sick-gr18","status":"publish","type":"product","link":"http:\/\/vuletech.com\/en\/product\/cam-bien-quang-sick-gr18\/","title":{"rendered":"C\u1ea3m bi\u1ebfn quang SICK GR18"},"content":{"rendered":"<div class=\"wpb-content-wrapper\"><p>[vc_row][vc_column width=&#8221;1\/2&#8243;][vc_single_image image=&#8221;7379&#8243; img_size=&#8221;full&#8221; alignment=&#8221;center&#8221;][\/vc_column][vc_column width=&#8221;1\/2&#8243;][vc_custom_heading text=&#8221;C\u1ea3m bi\u1ebfn quang SICK GR18&#8243; use_theme_fonts=&#8221;yes&#8221;][vc_column_text]<strong>Th\u00f4ng tin k\u1ef9 thu\u1eadt chung:<\/strong><\/p>\n<ul>\n<li>K\u00edch th\u01b0\u1edbc (WxHxD): 18x18x73.5 (mm), 18x18x38.1 (mm), \u2026 v.v<\/li>\n<li>Ngu\u1ed3n s\u00e1ng: PinPoint LED, LED (t\u00f9y lo\u1ea1i).<\/li>\n<li>Ki\u1ec3u \u00e1nh s\u00e1ng: \u00c1nh \u00e1ng \u0111\u1ecf\/\u00c1nh s\u00e1ng xanh\/H\u1ed3ng ngo\u1ea1i (t\u00f9y lo\u1ea1i).<\/li>\n<li>Kh\u00e1ng b\u1ee5i, n\u01b0\u1edbc: IP66, IP67, IP768, IP69K (t\u00f9y lo\u1ea1i).<\/li>\n<li>V\u1ecf: Nh\u1ef1a, Kim lo\u1ea1i ho\u1eb7c th\u00e9p kh\u00f4ng g\u1ec9 (t\u00f9y lo\u1ea1i).<\/li>\n<\/ul>\n<p>[\/vc_column_text][\/vc_column][\/vc_row][vc_row][vc_column width=&#8221;1\/2&#8243;][vc_column_text]<strong>Nh\u1eefng l\u1ee3i \u00edch<\/strong><\/p>\n<ul>\n<li>M\u1ee9c \u0111\u1ed9 linh ho\u1ea1t cao nh\u1edd c\u00e1c t\u00f9y ch\u1ecdn l\u1eafp \u0111\u1eb7t v\u00e0 \u1ee9ng d\u1ee5ng \u0111a d\u1ea1ng<\/li>\n<li>R\u1ea5t d\u1ec5 s\u1eed d\u1ee5ng nh\u1edd l\u1eafp r\u00e1p, v\u1eadn h\u00e0nh, v\u1eadn h\u00e0nh v\u00e0 b\u1ea3o tr\u00ec \u0111\u01a1n gi\u1ea3n<\/li>\n<li>\u0110\u1ed9 tin c\u1eady ph\u00e1t hi\u1ec7n cao nh\u1edd quang h\u1ecdc v\u00e0 \u0111i\u1ec7n t\u1eed ch\u1eafc ch\u1eafn<\/li>\n<li>R\u1ea5t b\u1ec1n, c\u00f3 ngh\u0129a l\u00e0 ch\u00fang ph\u00f9 h\u1ee3p cho c\u00e1c \u1ee9ng d\u1ee5ng b\u0103ng t\u1ea3i<\/li>\n<\/ul>\n<p>[\/vc_column_text][\/vc_column][vc_column width=&#8221;1\/2&#8243;][vc_column_text]<strong>\u0110\u1eb7c \u0111i\u1ec3m<\/strong><\/p>\n<ul>\n<li>H\u00ecnh d\u1ea1ng v\u1ecf kh\u00e1c nhau d\u1ef1a tr\u00ean thi\u1ebft k\u1ebf M18 ti\u00eau chu\u1ea9n<\/li>\n<li>V\u1ecf l\u00e0m b\u1eb1ng nh\u1ef1a ho\u1eb7c kim lo\u1ea1i<\/li>\n<li>\u0110\u00e8n LED tr\u1ea1ng th\u00e1i s\u00e1ng, nhi\u1ec1u m\u00e0u<\/li>\n<li>PinPoint LED v\u00e0 kh\u1ea3 n\u0103ng \u0111\u00e1nh gi\u00e1 t\u00edn hi\u1ec7u th\u00f4ng minh, ch\u1ed1ng nhi\u1ec5u<\/li>\n<li>M\u00f4-men xo\u1eafn si\u1ebft ch\u1eb7t cao c\u1ee7a bi\u1ebfn th\u1ec3 x\u1ea3 ho\u00e0n to\u00e0n<\/li>\n<\/ul>\n<p>[\/vc_column_text][\/vc_column][\/vc_row][vc_row][vc_column][vc_single_image image=&#8221;7380&#8243; img_size=&#8221;full&#8221; alignment=&#8221;center&#8221;][vc_column_text]<strong>Ph\u00e1t hi\u1ec7n \u0111\u1ed1i t\u01b0\u1ee3ng \u0111\u00e1ng tin c\u1eady v\u00e0 v\u1eadn h\u00e0nh d\u1ec5 d\u00e0ng<\/strong><br \/>\nC\u1ea3m bi\u1ebfn quang \u0111i\u1ec7n h\u00ecnh tr\u1ee5 thu\u1ed9c d\u00f2ng s\u1ea3n ph\u1ea9m GR18 mang l\u1ea1i \u0111\u1ed9 tin c\u1eady quang h\u1ecdc v\u00e0 \u0111i\u1ec7n t\u1eed \u0111\u1eb7c bi\u1ec7t. Nh\u1edd \u0111\u00e1nh gi\u00e1 t\u00edn hi\u1ec7u th\u00f4ng minh, ch\u00fang kh\u00f4ng ph\u1ea3n \u1ee9ng v\u1edbi \u00e1nh s\u00e1ng xung quanh, b\u1ee5i b\u1ea9n, \u0111\u1ed9 \u1ea9m ho\u1eb7c tr\u01b0\u1eddng \u0111i\u1ec7n t\u1eeb. C\u00e1c c\u1ea3m bi\u1ebfn ho\u1ea1t \u0111\u1ed9ng \u0111\u00e1ng tin c\u1eady ngay c\u1ea3 trong \u0111i\u1ec1u ki\u1ec7n kh\u1eafc nghi\u1ec7t. M\u00e0n h\u00ecnh hi\u1ec3n th\u1ecb tr\u1ea1ng th\u00e1i s\u00e1ng v\u00e0 kho\u1ea3ng c\u00e1ch ph\u00e1t hi\u1ec7n c\u00f3 th\u1ec3 \u0111i\u1ec1u ch\u1ec9nh nhanh ch\u00f3ng c\u0169ng cho ph\u00e9p v\u1eadn h\u00e0nh d\u1ec5 d\u00e0ng.[\/vc_column_text][\/vc_column][\/vc_row][vc_row][vc_column width=&#8221;1\/3&#8243;][vc_single_image image=&#8221;7383&#8243; img_size=&#8221;full&#8221; alignment=&#8221;center&#8221;][vc_column_text]Do thi\u1ebft k\u1ebf c\u00f3 \u0111\u1ed9 tin c\u1eady cao, c\u00e1c c\u1ea3m bi\u1ebfn kh\u00f4ng g\u1eb7p s\u1ef1 c\u1ed1 v\u00e0 kh\u00f4ng nh\u1ea1y c\u1ea3m v\u1edbi c\u00e1c t\u00e1c \u0111\u1ed9ng g\u00e2y nhi\u1ec5u[\/vc_column_text][\/vc_column][vc_column width=&#8221;1\/3&#8243;][vc_single_image image=&#8221;7382&#8243; img_size=&#8221;full&#8221; alignment=&#8221;center&#8221;][vc_column_text]Nh\u1edd \u0111\u00e8n LED ch\u1ec9 b\u00e1o tr\u1ea1ng th\u00e1i s\u00e1ng, tr\u1ea1ng th\u00e1i ho\u1ea1t \u0111\u1ed9ng c\u0169ng c\u00f3 th\u1ec3 \u0111\u01b0\u1ee3c nh\u00ecn th\u1ea5y t\u1eeb kho\u1ea3ng c\u00e1ch xa[\/vc_column_text][\/vc_column][vc_column width=&#8221;1\/3&#8243;][vc_single_image image=&#8221;7381&#8243; img_size=&#8221;full&#8221; alignment=&#8221;center&#8221;][vc_column_text]\u0110i\u1ec1u ch\u1ec9nh kho\u1ea3ng c\u00e1ch c\u1ea3m bi\u1ebfn nhanh ch\u00f3ng v\u00e0 d\u1ec5 d\u00e0ng v\u1edbi tu\u1ed1c n\u01a1 v\u00edt \u0111\u1ea7u Phillips ti\u00eau chu\u1ea9n[\/vc_column_text][\/vc_column][\/vc_row][vc_row][vc_column][vc_single_image image=&#8221;7387&#8243; img_size=&#8221;full&#8221; alignment=&#8221;center&#8221;][vc_column_text]<strong>S\u1eed d\u1ee5ng trong m\u00f4i tr\u01b0\u1eddng kh\u1eafc nghi\u1ec7t ho\u1eb7c h\u1ee3p\u00a0 v\u1ec7 sinh<\/strong><br \/>\nC\u1ea3m bi\u1ebfn quang \u0111i\u1ec7n h\u00ecnh tr\u1ee5 c\u00f3 s\u1eb5n t\u00f9y ch\u1ecdn trong bi\u1ebfn th\u1ec3 Inox. V\u1ecf b\u1eb1ng th\u00e9p kh\u00f4ng g\u1ec9 v\u00e0 kh\u1ea3 n\u0103ng kh\u00e1ng v\u1eadt li\u1ec7u h\u00f3a h\u1ecdc cao gi\u00fap c\u00e1c bi\u1ebfn th\u1ec3 n\u00e0y tr\u1edf th\u00e0nh m\u1ed9t l\u1ef1a ch\u1ecdn \u0111\u00e1ng tin c\u1eady khi ph\u1ea3i \u0111\u1ed1i m\u1eb7t v\u1edbi c\u00e1c ch\u1ea5t t\u1ea9y r\u1eeda c\u00f3 ch\u1ee9a c\u1ed3n v\u00e0 ki\u1ec1m c\u0169ng nh\u01b0 c\u00e1c lo\u1ea1i d\u1ea7u v\u00e0 ch\u1ea5t b\u00f4i tr\u01a1n ti\u00eau chu\u1ea9n \u0111\u01b0\u1ee3c s\u1eed d\u1ee5ng trong c\u00f4ng nghi\u1ec7p. Bi\u1ebfn th\u1ec3 n\u00e0y c\u0169ng tu\u00e2n th\u1ee7 c\u00e1c quy \u0111\u1ecbnh v\u1ec7 sinh nghi\u00eam ng\u1eb7t m\u00e0 kh\u00f4ng g\u1eb7p v\u1ea5n \u0111\u1ec1 g\u00ec.[\/vc_column_text][\/vc_column][\/vc_row][vc_row][vc_column width=&#8221;1\/3&#8243;][vc_single_image image=&#8221;7386&#8243; img_size=&#8221;full&#8221; alignment=&#8221;center&#8221;][vc_column_text]V\u1ecf b\u1eb1ng th\u00e9p kh\u00f4ng g\u1ec9 v\u1edbi l\u1edbp ph\u1ee7 \u0111\u1eb7c bi\u1ec7t \u0111\u1ea3m b\u1ea3o \u0111\u1ed9 ch\u1eafc ch\u1eafn v\u00e0 kh\u1ea3 n\u0103ng ch\u1ed1ng ch\u1ecbu c\u01a1 h\u1ecdc cao[\/vc_column_text][\/vc_column][vc_column width=&#8221;1\/3&#8243;][vc_single_image image=&#8221;7384&#8243; img_size=&#8221;full&#8221; alignment=&#8221;center&#8221;][vc_column_text]Vi\u1ec7c s\u1eed d\u1ee5ng c\u00e1c con d\u1ea5u ch\u1ecbu h\u00f3a ch\u1ea5t v\u00e0 ch\u1ea5t k\u1ebft d\u00ednh hi\u1ec7u su\u1ea5t cao \u0111\u1eb7c bi\u1ec7t \u0111\u1ea3m b\u1ea3o \u0111\u1ed9 k\u00edn \u0111\u00e1ng tin c\u1eady[\/vc_column_text][\/vc_column][vc_column width=&#8221;1\/3&#8243;][vc_single_image image=&#8221;7385&#8243; img_size=&#8221;full&#8221; alignment=&#8221;center&#8221;][vc_column_text]Nh\u1edd \u0111\u1eb7c t\u00ednh c\u1ee7a ch\u00fang, c\u1ea3m bi\u1ebfn b\u1eb1ng th\u00e9p kh\u00f4ng g\u1ec9 c\u0169ng th\u00edch h\u1ee3p \u0111\u1ec3 s\u1eed d\u1ee5ng trong c\u00e1c ng\u00e0nh c\u00f3 quy \u0111\u1ecbnh nghi\u00eam ng\u1eb7t v\u1ec1 v\u1ec7 sinh[\/vc_column_text][\/vc_column][\/vc_row][vc_row][vc_column][vc_single_image image=&#8221;7391&#8243; img_size=&#8221;full&#8221; alignment=&#8221;center&#8221;][\/vc_column][\/vc_row][vc_row][vc_column width=&#8221;1\/3&#8243;][vc_single_image image=&#8221;7390&#8243; img_size=&#8221;full&#8221; alignment=&#8221;center&#8221;][vc_column_text]\u0110\u1ed1i v\u1edbi v\u1ecf c\u00f3 thi\u1ebft k\u1ebf h\u01b0\u1edbng t\u00e2m g\u00f3c c\u1ea1nh, kh\u00f4ng gian l\u1eafp \u0111\u1eb7t s\u1ebd gi\u1ea3m, m\u1edf ra c\u00e1c t\u00f9y ch\u1ecdn l\u1eafp b\u1ed5 sung[\/vc_column_text][\/vc_column][vc_column width=&#8221;1\/3&#8243;][vc_single_image image=&#8221;7389&#8243; img_size=&#8221;full&#8221; alignment=&#8221;center&#8221;][vc_column_text]V\u1ecf c\u00f3 s\u1eb5n b\u1eb1ng nh\u1ef1a ho\u1eb7c kim lo\u1ea1i v\u00e0 r\u1ea5t linh ho\u1ea1t khi s\u1eed d\u1ee5ng[\/vc_column_text][\/vc_column][vc_column width=&#8221;1\/3&#8243;][vc_single_image image=&#8221;7388&#8243; img_size=&#8221;full&#8221; alignment=&#8221;center&#8221;][vc_column_text]C\u00e1c c\u1ea3m bi\u1ebfn c\u00f3 s\u1eb5n v\u1edbi h\u1ec7 th\u1ed1ng l\u1eafp ph\u1eb3ng t\u00f9y ch\u1ecdn v\u00e0 cho ph\u00e9p ph\u00e1t hi\u1ec7n c\u00e1c v\u1eadt th\u1ec3 \u0111i qua m\u00e0 kh\u00f4ng b\u1ecb c\u1ea3n tr\u1edf[\/vc_column_text][\/vc_column][\/vc_row]<\/p>\n<\/div>","protected":false},"excerpt":{"rendered":"<p>[vc_row][vc_column width=&#8221;1\/2&#8243;][vc_single_image image=&#8221;7379&#8243; img_size=&#8221;full&#8221; alignment=&#8221;center&#8221;][\/vc_column][vc_column width=&#8221;1\/2&#8243;][vc_custom_heading text=&#8221;C\u1ea3m bi\u1ebfn quang SICK GR18&#8243; use_theme_fonts=&#8221;yes&#8221;][vc_column_text]Th\u00f4ng tin k\u1ef9 thu\u1eadt chung: K\u00edch th\u01b0\u1edbc (WxHxD): 18x18x73.5 (mm), 18x18x38.1 (mm), \u2026 v.v Ngu\u1ed3n s\u00e1ng: PinPoint LED, LED (t\u00f9y lo\u1ea1i). Ki\u1ec3u \u00e1nh s\u00e1ng: \u00c1nh \u00e1ng \u0111\u1ecf\/\u00c1nh s\u00e1ng xanh\/H\u1ed3ng ngo\u1ea1i (t\u00f9y lo\u1ea1i). Kh\u00e1ng b\u1ee5i, n\u01b0\u1edbc: IP66, IP67, IP768, IP69K (t\u00f9y lo\u1ea1i). V\u1ecf: Nh\u1ef1a, Kim<\/p>\n","protected":false},"featured_media":7391,"comment_status":"closed","ping_status":"open","template":"","meta":[],"product_brand":[],"product_cat":[736],"product_tag":[],"class_list":{"0":"post-9167","1":"product","2":"type-product","3":"status-publish","4":"has-post-thumbnail","6":"product_cat-san-pham-sick-viet-namcam-bien-quang-sick","8":"first","9":"instock","10":"product-type-simple"},"acf":[],"yoast_head":"<!-- This site is optimized with the Yoast SEO plugin v25.1 - https:\/\/yoast.com\/wordpress\/plugins\/seo\/ -->\n<title>C\u1ea3m bi\u1ebfn quang SICK GR18 - V\u0169 L\u00ea Tech<\/title>\n<meta name=\"robots\" content=\"index, follow, max-snippet:-1, max-image-preview:large, max-video-preview:-1\" \/>\n<link rel=\"canonical\" href=\"http:\/\/vuletech.com\/product\/cam-bien-quang-sick-gr18\/\" \/>\n<meta property=\"og:locale\" content=\"en_US\" \/>\n<meta property=\"og:type\" content=\"article\" \/>\n<meta property=\"og:title\" content=\"C\u1ea3m bi\u1ebfn quang SICK GR18 - V\u0169 L\u00ea Tech\" \/>\n<meta property=\"og:description\" content=\"[vc_row][vc_column width=&#8221;1\/2&#8243;][vc_single_image image=&#8221;7379&#8243; img_size=&#8221;full&#8221; alignment=&#8221;center&#8221;][\/vc_column][vc_column width=&#8221;1\/2&#8243;][vc_custom_heading text=&#8221;C\u1ea3m bi\u1ebfn quang SICK GR18&#8243; use_theme_fonts=&#8221;yes&#8221;][vc_column_text]Th\u00f4ng tin k\u1ef9 thu\u1eadt chung: K\u00edch th\u01b0\u1edbc (WxHxD): 18x18x73.5 (mm), 18x18x38.1 (mm), \u2026 v.v Ngu\u1ed3n s\u00e1ng: PinPoint LED, LED (t\u00f9y lo\u1ea1i). Ki\u1ec3u \u00e1nh s\u00e1ng: \u00c1nh \u00e1ng \u0111\u1ecf\/\u00c1nh s\u00e1ng xanh\/H\u1ed3ng ngo\u1ea1i (t\u00f9y lo\u1ea1i). Kh\u00e1ng b\u1ee5i, n\u01b0\u1edbc: IP66, IP67, IP768, IP69K (t\u00f9y lo\u1ea1i). V\u1ecf: Nh\u1ef1a, Kim\" \/>\n<meta property=\"og:url\" content=\"http:\/\/vuletech.com\/product\/cam-bien-quang-sick-gr18\/\" \/>\n<meta property=\"og:site_name\" content=\"V\u0169 L\u00ea Tech\" \/>\n<meta property=\"article:modified_time\" content=\"2025-04-25T04:27:22+00:00\" \/>\n<meta property=\"og:image\" content=\"http:\/\/vuletech.com\/wp-content\/uploads\/2024\/04\/z5329190194655_fab91e8099473b4a35b9f49950768acd.jpg\" \/>\n\t<meta property=\"og:image:width\" content=\"1680\" \/>\n\t<meta property=\"og:image:height\" content=\"420\" \/>\n\t<meta property=\"og:image:type\" content=\"image\/jpeg\" \/>\n<meta name=\"twitter:card\" content=\"summary_large_image\" \/>\n<meta name=\"twitter:label1\" content=\"Est. reading time\" \/>\n\t<meta name=\"twitter:data1\" content=\"6 minutes\" \/>\n<script type=\"application\/ld+json\" class=\"yoast-schema-graph\">{\"@context\":\"https:\/\/schema.org\",\"@graph\":[{\"@type\":\"WebPage\",\"@id\":\"http:\/\/vuletech.com\/product\/cam-bien-quang-sick-gr18\/\",\"url\":\"http:\/\/vuletech.com\/product\/cam-bien-quang-sick-gr18\/\",\"name\":\"C\u1ea3m bi\u1ebfn quang SICK GR18 - V\u0169 L\u00ea Tech\",\"isPartOf\":{\"@id\":\"https:\/\/vuletech.com\/#website\"},\"primaryImageOfPage\":{\"@id\":\"http:\/\/vuletech.com\/product\/cam-bien-quang-sick-gr18\/#primaryimage\"},\"image\":{\"@id\":\"http:\/\/vuletech.com\/product\/cam-bien-quang-sick-gr18\/#primaryimage\"},\"thumbnailUrl\":\"http:\/\/vuletech.com\/wp-content\/uploads\/2024\/04\/z5329190194655_fab91e8099473b4a35b9f49950768acd.jpg\",\"datePublished\":\"2025-04-25T04:27:20+00:00\",\"dateModified\":\"2025-04-25T04:27:22+00:00\",\"breadcrumb\":{\"@id\":\"http:\/\/vuletech.com\/product\/cam-bien-quang-sick-gr18\/#breadcrumb\"},\"inLanguage\":\"en-US\",\"potentialAction\":[{\"@type\":\"ReadAction\",\"target\":[\"http:\/\/vuletech.com\/product\/cam-bien-quang-sick-gr18\/\"]}]},{\"@type\":\"ImageObject\",\"inLanguage\":\"en-US\",\"@id\":\"http:\/\/vuletech.com\/product\/cam-bien-quang-sick-gr18\/#primaryimage\",\"url\":\"http:\/\/vuletech.com\/wp-content\/uploads\/2024\/04\/z5329190194655_fab91e8099473b4a35b9f49950768acd.jpg\",\"contentUrl\":\"http:\/\/vuletech.com\/wp-content\/uploads\/2024\/04\/z5329190194655_fab91e8099473b4a35b9f49950768acd.jpg\",\"width\":1680,\"height\":420},{\"@type\":\"BreadcrumbList\",\"@id\":\"http:\/\/vuletech.com\/product\/cam-bien-quang-sick-gr18\/#breadcrumb\",\"itemListElement\":[{\"@type\":\"ListItem\",\"position\":1,\"name\":\"Home\",\"item\":\"http:\/\/vuletech.com\/en\/\"},{\"@type\":\"ListItem\",\"position\":2,\"name\":\"Product\",\"item\":\"https:\/\/vuletech.com\/product\/\"},{\"@type\":\"ListItem\",\"position\":3,\"name\":\"C\u1ea3m bi\u1ebfn quang SICK GR18\"}]},{\"@type\":\"WebSite\",\"@id\":\"https:\/\/vuletech.com\/#website\",\"url\":\"https:\/\/vuletech.com\/\",\"name\":\"V\u0169 L\u00ea Tech\",\"description\":\"Our Solution - Your Value\",\"potentialAction\":[{\"@type\":\"SearchAction\",\"target\":{\"@type\":\"EntryPoint\",\"urlTemplate\":\"https:\/\/vuletech.com\/?s={search_term_string}\"},\"query-input\":{\"@type\":\"PropertyValueSpecification\",\"valueRequired\":true,\"valueName\":\"search_term_string\"}}],\"inLanguage\":\"en-US\"}]}<\/script>\n<!-- \/ Yoast SEO plugin. -->","yoast_head_json":{"title":"C\u1ea3m bi\u1ebfn quang SICK GR18 - V\u0169 L\u00ea Tech","robots":{"index":"index","follow":"follow","max-snippet":"max-snippet:-1","max-image-preview":"max-image-preview:large","max-video-preview":"max-video-preview:-1"},"canonical":"http:\/\/vuletech.com\/product\/cam-bien-quang-sick-gr18\/","og_locale":"en_US","og_type":"article","og_title":"C\u1ea3m bi\u1ebfn quang SICK GR18 - V\u0169 L\u00ea Tech","og_description":"[vc_row][vc_column width=&#8221;1\/2&#8243;][vc_single_image image=&#8221;7379&#8243; img_size=&#8221;full&#8221; alignment=&#8221;center&#8221;][\/vc_column][vc_column width=&#8221;1\/2&#8243;][vc_custom_heading text=&#8221;C\u1ea3m bi\u1ebfn quang SICK GR18&#8243; use_theme_fonts=&#8221;yes&#8221;][vc_column_text]Th\u00f4ng tin k\u1ef9 thu\u1eadt chung: K\u00edch th\u01b0\u1edbc (WxHxD): 18x18x73.5 (mm), 18x18x38.1 (mm), \u2026 v.v Ngu\u1ed3n s\u00e1ng: PinPoint LED, LED (t\u00f9y lo\u1ea1i). Ki\u1ec3u \u00e1nh s\u00e1ng: \u00c1nh \u00e1ng \u0111\u1ecf\/\u00c1nh s\u00e1ng xanh\/H\u1ed3ng ngo\u1ea1i (t\u00f9y lo\u1ea1i). Kh\u00e1ng b\u1ee5i, n\u01b0\u1edbc: IP66, IP67, IP768, IP69K (t\u00f9y lo\u1ea1i). V\u1ecf: Nh\u1ef1a, Kim","og_url":"http:\/\/vuletech.com\/product\/cam-bien-quang-sick-gr18\/","og_site_name":"V\u0169 L\u00ea Tech","article_modified_time":"2025-04-25T04:27:22+00:00","og_image":[{"width":1680,"height":420,"url":"http:\/\/vuletech.com\/wp-content\/uploads\/2024\/04\/z5329190194655_fab91e8099473b4a35b9f49950768acd.jpg","type":"image\/jpeg"}],"twitter_card":"summary_large_image","twitter_misc":{"Est. reading time":"6 minutes"},"schema":{"@context":"https:\/\/schema.org","@graph":[{"@type":"WebPage","@id":"http:\/\/vuletech.com\/product\/cam-bien-quang-sick-gr18\/","url":"http:\/\/vuletech.com\/product\/cam-bien-quang-sick-gr18\/","name":"C\u1ea3m bi\u1ebfn quang SICK GR18 - V\u0169 L\u00ea Tech","isPartOf":{"@id":"https:\/\/vuletech.com\/#website"},"primaryImageOfPage":{"@id":"http:\/\/vuletech.com\/product\/cam-bien-quang-sick-gr18\/#primaryimage"},"image":{"@id":"http:\/\/vuletech.com\/product\/cam-bien-quang-sick-gr18\/#primaryimage"},"thumbnailUrl":"http:\/\/vuletech.com\/wp-content\/uploads\/2024\/04\/z5329190194655_fab91e8099473b4a35b9f49950768acd.jpg","datePublished":"2025-04-25T04:27:20+00:00","dateModified":"2025-04-25T04:27:22+00:00","breadcrumb":{"@id":"http:\/\/vuletech.com\/product\/cam-bien-quang-sick-gr18\/#breadcrumb"},"inLanguage":"en-US","potentialAction":[{"@type":"ReadAction","target":["http:\/\/vuletech.com\/product\/cam-bien-quang-sick-gr18\/"]}]},{"@type":"ImageObject","inLanguage":"en-US","@id":"http:\/\/vuletech.com\/product\/cam-bien-quang-sick-gr18\/#primaryimage","url":"http:\/\/vuletech.com\/wp-content\/uploads\/2024\/04\/z5329190194655_fab91e8099473b4a35b9f49950768acd.jpg","contentUrl":"http:\/\/vuletech.com\/wp-content\/uploads\/2024\/04\/z5329190194655_fab91e8099473b4a35b9f49950768acd.jpg","width":1680,"height":420},{"@type":"BreadcrumbList","@id":"http:\/\/vuletech.com\/product\/cam-bien-quang-sick-gr18\/#breadcrumb","itemListElement":[{"@type":"ListItem","position":1,"name":"Home","item":"http:\/\/vuletech.com\/en\/"},{"@type":"ListItem","position":2,"name":"Product","item":"https:\/\/vuletech.com\/product\/"},{"@type":"ListItem","position":3,"name":"C\u1ea3m bi\u1ebfn quang SICK GR18"}]},{"@type":"WebSite","@id":"https:\/\/vuletech.com\/#website","url":"https:\/\/vuletech.com\/","name":"V\u0169 L\u00ea Tech","description":"Our Solution - Your Value","potentialAction":[{"@type":"SearchAction","target":{"@type":"EntryPoint","urlTemplate":"https:\/\/vuletech.com\/?s={search_term_string}"},"query-input":{"@type":"PropertyValueSpecification","valueRequired":true,"valueName":"search_term_string"}}],"inLanguage":"en-US"}]}},"_links":{"self":[{"href":"http:\/\/vuletech.com\/en\/wp-json\/wp\/v2\/product\/9167","targetHints":{"allow":["GET"]}}],"collection":[{"href":"http:\/\/vuletech.com\/en\/wp-json\/wp\/v2\/product"}],"about":[{"href":"http:\/\/vuletech.com\/en\/wp-json\/wp\/v2\/types\/product"}],"replies":[{"embeddable":true,"href":"http:\/\/vuletech.com\/en\/wp-json\/wp\/v2\/comments?post=9167"}],"wp:featuredmedia":[{"embeddable":true,"href":"http:\/\/vuletech.com\/en\/wp-json\/wp\/v2\/media\/7391"}],"wp:attachment":[{"href":"http:\/\/vuletech.com\/en\/wp-json\/wp\/v2\/media?parent=9167"}],"wp:term":[{"taxonomy":"product_brand","embeddable":true,"href":"http:\/\/vuletech.com\/en\/wp-json\/wp\/v2\/product_brand?post=9167"},{"taxonomy":"product_cat","embeddable":true,"href":"http:\/\/vuletech.com\/en\/wp-json\/wp\/v2\/product_cat?post=9167"},{"taxonomy":"product_tag","embeddable":true,"href":"http:\/\/vuletech.com\/en\/wp-json\/wp\/v2\/product_tag?post=9167"}],"curies":[{"name":"wp","href":"https:\/\/api.w.org\/{rel}","templated":true}]}}