{"id":9168,"date":"2025-04-25T11:27:20","date_gmt":"2025-04-25T04:27:20","guid":{"rendered":"https:\/\/vuletech.com\/product\/cam-bien-quang-sick-v12\/"},"modified":"2025-04-25T11:27:22","modified_gmt":"2025-04-25T04:27:22","slug":"cam-bien-quang-sick-v12","status":"publish","type":"product","link":"http:\/\/vuletech.com\/en\/product\/cam-bien-quang-sick-v12\/","title":{"rendered":"C\u1ea3m bi\u1ebfn quang SICK V12"},"content":{"rendered":"<div class=\"wpb-content-wrapper\"><p>[vc_row][vc_column width=&#8221;1\/2&#8243;][vc_single_image image=&#8221;7393&#8243; img_size=&#8221;full&#8221; alignment=&#8221;center&#8221;][\/vc_column][vc_column width=&#8221;1\/2&#8243;][vc_custom_heading text=&#8221;C\u1ea3m bi\u1ebfn quang \u0111i\u1ec7n V12&#8243; use_theme_fonts=&#8221;yes&#8221;][vc_column_text]C\u1ea3m bi\u1ebfn quang \u0111i\u1ec7n V12 c\u00f3 v\u1ecf 12 mm v\u1eeba v\u1eb7n v\u1edbi kh\u00f4ng gian h\u1ea1n ch\u1ebf n\u01a1i kh\u00f4ng gian l\u1eafp \u0111\u1eb7t \u1edf m\u1ee9c cao, ch\u1eb3ng h\u1ea1n nh\u01b0 trong ph\u00e1t hi\u1ec7n d\u1ee5ng c\u1ee5 v\u00e0 khu\u00f4n. Hai ch\u1ebf \u0111\u1ed9 h\u01b0\u1edbng d\u1eabn cho ph\u00e9p c\u1ea3m bi\u1ebfn gi\u1ea3i quy\u1ebft c\u00e1c gi\u1ea3i ph\u00e1p \u1ee9ng d\u1ee5ng kh\u00e1c nhau \u2014 m\u1ed9t ch\u1ebf \u0111\u1ed9 h\u01b0\u1edbng d\u1eabn cho c\u00e1c \u1ee9ng d\u1ee5ng ti\u00eau chu\u1ea9n v\u00e0 m\u1ed9t ch\u1ebf \u0111\u1ed9 ch\u00ednh x\u00e1c cho c\u00e1c chuy\u1ec3n \u0111\u1ed9ng nh\u1ecf. C\u1ea3m bi\u1ebfn V12 nh\u1ecf g\u1ecdn l\u00fd t\u01b0\u1edfng \u0111\u1ec3 ph\u00e1t hi\u1ec7n c\u00e1c b\u1ed9 ph\u1eadn trong ng\u00e0nh c\u00f4ng nghi\u1ec7p ch\u1ebf t\u1ea1o kim lo\u1ea1i v\u00e0 robot. C\u00e1c c\u1ea3m bi\u1ebfn n\u00e0y c\u00f3 nhi\u1ec1u t\u00f9y ch\u1ecdn linh ho\u1ea1t, bao g\u1ed3m h\u1ec7 th\u1ed1ng k\u1ebft n\u1ed1i thay th\u1ebf (\u0111\u1ea7u n\u1ed1i M12 ho\u1eb7c c\u00e1p k\u1ebft n\u1ed1i), l\u1ef1a ch\u1ecdn giao di\u1ec7n (\u0111\u1ea7u ra 10 &#8211; 30 V DC, PNP ho\u1eb7c NPN, \u0111\u1ea7u ra chuy\u1ec3n m\u1ea1ch s\u00e1ng ho\u1eb7c t\u1ed1i) v\u00e0 t\u1ea7n s\u1ed1 chuy\u1ec3n m\u1ea1ch cao. Nhi\u1ec1u bi\u1ebfn th\u1ec3 cung c\u1ea5p ch\u1ec9 b\u00e1o d\u1ef1 tr\u1eef v\u1eadn h\u00e0nh \u0111\u1ec3 h\u1ed7 tr\u1ee3 trong qu\u00e1 tr\u00ecnh v\u1eadn h\u00e0nh v\u00e0 b\u1ea3o tr\u00ec. Ngo\u00e0i ra, v\u1ecf kim lo\u1ea1i ch\u1eafc ch\u1eafn v\u00e0 nhi\u1ec7t \u0111\u1ed9 ho\u1ea1t \u0111\u1ed9ng l\u1edbn t\u1eeb \u201325 \u00b0C \u0111\u1ebfn +70 \u00b0C gi\u00fap ch\u00fang c\u00f3 th\u1ec3 ch\u1ecbu \u0111\u01b0\u1ee3c m\u00f4i tr\u01b0\u1eddng kh\u1eafc nghi\u1ec7t.[\/vc_column_text][\/vc_column][\/vc_row][vc_row][vc_column width=&#8221;1\/2&#8243;][vc_column_text]<strong>L\u1ee3i \u00edch<\/strong><\/p>\n<ul>\n<li>V\u1ecf thu nh\u1ecf ti\u00eau chu\u1ea9n M12 gi\u00fap ti\u1ebft ki\u1ec7m kh\u00f4ng gian l\u1eafp \u0111\u1eb7t tr\u00ean m\u00e1y<\/li>\n<li>Thi\u1ebft k\u1ebf \u0111\u01a1n gi\u1ea3n v\u00e0 l\u1eafp \u0111\u1eb7t ti\u1ebft ki\u1ec7m th\u1eddi gian nh\u1edd v\u1ecf M12 ti\u00eau chu\u1ea9n<\/li>\n<li>M\u00e0n h\u00ecnh d\u1ef1 tr\u1eef v\u1eadn h\u00e0nh \u0111\u01a1n gi\u1ea3n h\u00f3a vi\u1ec7c v\u1eadn h\u00e0nh v\u00e0 ti\u1ebft ki\u1ec7m th\u1eddi gian b\u1ea3o tr\u00ec<\/li>\n<li>C\u00f4ng ngh\u1ec7 k\u1ebft n\u1ed1i chu\u1ea9n h\u00f3a v\u00e0 s\u1eed d\u1ee5ng \u1ee9ng d\u1ee5ng r\u1ed9ng r\u00e3i<\/li>\n<li>Th\u1eddi gian ph\u1ea3n h\u1ed3i nhanh \u0111\u1ea3m b\u1ea3o kh\u1ea3 n\u0103ng ph\u00e1t hi\u1ec7n v\u1eadt th\u1ec3 m\u1ed9t c\u00e1ch \u0111\u00e1ng tin c\u1eady \u1edf t\u1ed1c \u0111\u1ed9 cao, t\u0103ng c\u00f4ng su\u1ea5t m\u00e1y<\/li>\n<li>V\u1ecf kim lo\u1ea1i c\u1ee9ng mang l\u1ea1i tu\u1ed5i th\u1ecd l\u00e2u d\u00e0i, gi\u1ea3m th\u1eddi gian v\u00e0 chi ph\u00ed b\u1ea3o tr\u00ec<\/li>\n<\/ul>\n<p>[\/vc_column_text][\/vc_column][vc_column width=&#8221;1\/2&#8243;][vc_column_text]<strong>\u0110\u1eb7c \u0111i\u1ec3m<\/strong><\/p>\n<ul>\n<li>V\u1ecf kim lo\u1ea1i M12 c\u00f3 x\u1ebfp h\u1ea1ng v\u1ecf IP 67<\/li>\n<li>Kho\u1ea3ng c\u00e1ch ph\u00e1t hi\u1ec7n d\u00e0i, th\u1eddi gian ph\u1ea3n h\u1ed3i ng\u1eafn<\/li>\n<li>2 ch\u1ebf \u0111\u1ed9 h\u01b0\u1edbng d\u1eabn: Ch\u1ebf \u0111\u1ed9 h\u01b0\u1edbng d\u1eabn ti\u00eau chu\u1ea9n cho c\u00e1c \u1ee9ng d\u1ee5ng c\u01a1 b\u1ea3n v\u00e0 ch\u1ebf \u0111\u1ed9 h\u01b0\u1edbng d\u1eabn ch\u00ednh x\u00e1c v\u1edbi \u0111\u1ed9 tr\u1ec5 nh\u1ecf cho c\u00e1c \u1ee9ng d\u1ee5ng \u0111\u1eb7c bi\u1ec7t<\/li>\n<li>C\u00f3 th\u1ec3 \u0111i\u1ec1u ch\u1ec9nh chuy\u1ec3n \u0111\u1ed5i s\u00e1ng ho\u1eb7c t\u1ed1i l\u00e0m \u0111\u1ea7u ra b\u1ed5 sung<\/li>\n<li>C\u00f3 s\u1eb5n \u0111\u1ea7u ra PNP ho\u1eb7c NPN<\/li>\n<li>B\u1ed5 sung danh m\u1ee5c c\u1ea3m bi\u1ebfn c\u1ea3m \u1ee9ng v\u1edbi v\u1ecf M12<br \/>\n\u0110\u1ea7u n\u1ed1i M12 4 ch\u00e2n ho\u1eb7c c\u00e1p 2 m<\/li>\n<\/ul>\n<p>[\/vc_column_text][\/vc_column][\/vc_row]<\/p>\n<\/div>","protected":false},"excerpt":{"rendered":"<p>[vc_row][vc_column width=&#8221;1\/2&#8243;][vc_single_image image=&#8221;7393&#8243; img_size=&#8221;full&#8221; alignment=&#8221;center&#8221;][\/vc_column][vc_column width=&#8221;1\/2&#8243;][vc_custom_heading text=&#8221;C\u1ea3m bi\u1ebfn quang \u0111i\u1ec7n V12&#8243; use_theme_fonts=&#8221;yes&#8221;][vc_column_text]C\u1ea3m bi\u1ebfn quang \u0111i\u1ec7n V12 c\u00f3 v\u1ecf 12 mm v\u1eeba v\u1eb7n v\u1edbi kh\u00f4ng gian h\u1ea1n ch\u1ebf n\u01a1i kh\u00f4ng gian l\u1eafp \u0111\u1eb7t \u1edf m\u1ee9c cao, ch\u1eb3ng h\u1ea1n nh\u01b0 trong ph\u00e1t hi\u1ec7n d\u1ee5ng c\u1ee5 v\u00e0 khu\u00f4n. Hai ch\u1ebf \u0111\u1ed9 h\u01b0\u1edbng d\u1eabn cho ph\u00e9p c\u1ea3m bi\u1ebfn gi\u1ea3i<\/p>\n","protected":false},"featured_media":7393,"comment_status":"closed","ping_status":"open","template":"","meta":[],"product_brand":[],"product_cat":[736],"product_tag":[],"class_list":{"0":"post-9168","1":"product","2":"type-product","3":"status-publish","4":"has-post-thumbnail","6":"product_cat-san-pham-sick-viet-namcam-bien-quang-sick","8":"first","9":"instock","10":"product-type-simple"},"acf":[],"yoast_head":"<!-- This site is optimized with the Yoast SEO plugin v25.1 - https:\/\/yoast.com\/wordpress\/plugins\/seo\/ -->\n<title>C\u1ea3m bi\u1ebfn quang SICK V12 - V\u0169 L\u00ea Tech<\/title>\n<meta name=\"robots\" content=\"index, follow, max-snippet:-1, max-image-preview:large, max-video-preview:-1\" \/>\n<link rel=\"canonical\" href=\"http:\/\/vuletech.com\/product\/cam-bien-quang-sick-v12\/\" \/>\n<meta property=\"og:locale\" content=\"en_US\" \/>\n<meta property=\"og:type\" content=\"article\" \/>\n<meta property=\"og:title\" content=\"C\u1ea3m bi\u1ebfn quang SICK V12 - V\u0169 L\u00ea Tech\" \/>\n<meta property=\"og:description\" content=\"[vc_row][vc_column width=&#8221;1\/2&#8243;][vc_single_image image=&#8221;7393&#8243; img_size=&#8221;full&#8221; alignment=&#8221;center&#8221;][\/vc_column][vc_column width=&#8221;1\/2&#8243;][vc_custom_heading text=&#8221;C\u1ea3m bi\u1ebfn quang \u0111i\u1ec7n V12&#8243; use_theme_fonts=&#8221;yes&#8221;][vc_column_text]C\u1ea3m bi\u1ebfn quang \u0111i\u1ec7n V12 c\u00f3 v\u1ecf 12 mm v\u1eeba v\u1eb7n v\u1edbi kh\u00f4ng gian h\u1ea1n ch\u1ebf n\u01a1i kh\u00f4ng gian l\u1eafp \u0111\u1eb7t \u1edf m\u1ee9c cao, ch\u1eb3ng h\u1ea1n nh\u01b0 trong ph\u00e1t hi\u1ec7n d\u1ee5ng c\u1ee5 v\u00e0 khu\u00f4n. Hai ch\u1ebf \u0111\u1ed9 h\u01b0\u1edbng d\u1eabn cho ph\u00e9p c\u1ea3m bi\u1ebfn gi\u1ea3i\" \/>\n<meta property=\"og:url\" content=\"http:\/\/vuletech.com\/product\/cam-bien-quang-sick-v12\/\" \/>\n<meta property=\"og:site_name\" content=\"V\u0169 L\u00ea Tech\" \/>\n<meta property=\"article:modified_time\" content=\"2025-04-25T04:27:22+00:00\" \/>\n<meta property=\"og:image\" content=\"http:\/\/vuletech.com\/wp-content\/uploads\/2024\/04\/z5329227633468_f9018701df732fd7b904001b712bc32c.jpg\" \/>\n\t<meta property=\"og:image:width\" content=\"1020\" \/>\n\t<meta property=\"og:image:height\" content=\"938\" \/>\n\t<meta property=\"og:image:type\" content=\"image\/jpeg\" \/>\n<meta name=\"twitter:card\" content=\"summary_large_image\" \/>\n<meta name=\"twitter:label1\" content=\"Est. reading time\" \/>\n\t<meta name=\"twitter:data1\" content=\"3 minutes\" \/>\n<script type=\"application\/ld+json\" class=\"yoast-schema-graph\">{\"@context\":\"https:\/\/schema.org\",\"@graph\":[{\"@type\":\"WebPage\",\"@id\":\"http:\/\/vuletech.com\/product\/cam-bien-quang-sick-v12\/\",\"url\":\"http:\/\/vuletech.com\/product\/cam-bien-quang-sick-v12\/\",\"name\":\"C\u1ea3m bi\u1ebfn quang SICK V12 - V\u0169 L\u00ea Tech\",\"isPartOf\":{\"@id\":\"https:\/\/vuletech.com\/#website\"},\"primaryImageOfPage\":{\"@id\":\"http:\/\/vuletech.com\/product\/cam-bien-quang-sick-v12\/#primaryimage\"},\"image\":{\"@id\":\"http:\/\/vuletech.com\/product\/cam-bien-quang-sick-v12\/#primaryimage\"},\"thumbnailUrl\":\"http:\/\/vuletech.com\/wp-content\/uploads\/2024\/04\/z5329227633468_f9018701df732fd7b904001b712bc32c.jpg\",\"datePublished\":\"2025-04-25T04:27:20+00:00\",\"dateModified\":\"2025-04-25T04:27:22+00:00\",\"breadcrumb\":{\"@id\":\"http:\/\/vuletech.com\/product\/cam-bien-quang-sick-v12\/#breadcrumb\"},\"inLanguage\":\"en-US\",\"potentialAction\":[{\"@type\":\"ReadAction\",\"target\":[\"http:\/\/vuletech.com\/product\/cam-bien-quang-sick-v12\/\"]}]},{\"@type\":\"ImageObject\",\"inLanguage\":\"en-US\",\"@id\":\"http:\/\/vuletech.com\/product\/cam-bien-quang-sick-v12\/#primaryimage\",\"url\":\"http:\/\/vuletech.com\/wp-content\/uploads\/2024\/04\/z5329227633468_f9018701df732fd7b904001b712bc32c.jpg\",\"contentUrl\":\"http:\/\/vuletech.com\/wp-content\/uploads\/2024\/04\/z5329227633468_f9018701df732fd7b904001b712bc32c.jpg\",\"width\":1020,\"height\":938,\"caption\":\"V12\"},{\"@type\":\"BreadcrumbList\",\"@id\":\"http:\/\/vuletech.com\/product\/cam-bien-quang-sick-v12\/#breadcrumb\",\"itemListElement\":[{\"@type\":\"ListItem\",\"position\":1,\"name\":\"Home\",\"item\":\"http:\/\/vuletech.com\/en\/\"},{\"@type\":\"ListItem\",\"position\":2,\"name\":\"Product\",\"item\":\"https:\/\/vuletech.com\/product\/\"},{\"@type\":\"ListItem\",\"position\":3,\"name\":\"C\u1ea3m bi\u1ebfn quang SICK V12\"}]},{\"@type\":\"WebSite\",\"@id\":\"https:\/\/vuletech.com\/#website\",\"url\":\"https:\/\/vuletech.com\/\",\"name\":\"V\u0169 L\u00ea Tech\",\"description\":\"Our Solution - Your Value\",\"potentialAction\":[{\"@type\":\"SearchAction\",\"target\":{\"@type\":\"EntryPoint\",\"urlTemplate\":\"https:\/\/vuletech.com\/?s={search_term_string}\"},\"query-input\":{\"@type\":\"PropertyValueSpecification\",\"valueRequired\":true,\"valueName\":\"search_term_string\"}}],\"inLanguage\":\"en-US\"}]}<\/script>\n<!-- \/ Yoast SEO plugin. -->","yoast_head_json":{"title":"C\u1ea3m bi\u1ebfn quang SICK V12 - V\u0169 L\u00ea Tech","robots":{"index":"index","follow":"follow","max-snippet":"max-snippet:-1","max-image-preview":"max-image-preview:large","max-video-preview":"max-video-preview:-1"},"canonical":"http:\/\/vuletech.com\/product\/cam-bien-quang-sick-v12\/","og_locale":"en_US","og_type":"article","og_title":"C\u1ea3m bi\u1ebfn quang SICK V12 - V\u0169 L\u00ea Tech","og_description":"[vc_row][vc_column width=&#8221;1\/2&#8243;][vc_single_image image=&#8221;7393&#8243; img_size=&#8221;full&#8221; alignment=&#8221;center&#8221;][\/vc_column][vc_column width=&#8221;1\/2&#8243;][vc_custom_heading text=&#8221;C\u1ea3m bi\u1ebfn quang \u0111i\u1ec7n V12&#8243; use_theme_fonts=&#8221;yes&#8221;][vc_column_text]C\u1ea3m bi\u1ebfn quang \u0111i\u1ec7n V12 c\u00f3 v\u1ecf 12 mm v\u1eeba v\u1eb7n v\u1edbi kh\u00f4ng gian h\u1ea1n ch\u1ebf n\u01a1i kh\u00f4ng gian l\u1eafp \u0111\u1eb7t \u1edf m\u1ee9c cao, ch\u1eb3ng h\u1ea1n nh\u01b0 trong ph\u00e1t hi\u1ec7n d\u1ee5ng c\u1ee5 v\u00e0 khu\u00f4n. Hai ch\u1ebf \u0111\u1ed9 h\u01b0\u1edbng d\u1eabn cho ph\u00e9p c\u1ea3m bi\u1ebfn gi\u1ea3i","og_url":"http:\/\/vuletech.com\/product\/cam-bien-quang-sick-v12\/","og_site_name":"V\u0169 L\u00ea Tech","article_modified_time":"2025-04-25T04:27:22+00:00","og_image":[{"width":1020,"height":938,"url":"http:\/\/vuletech.com\/wp-content\/uploads\/2024\/04\/z5329227633468_f9018701df732fd7b904001b712bc32c.jpg","type":"image\/jpeg"}],"twitter_card":"summary_large_image","twitter_misc":{"Est. reading time":"3 minutes"},"schema":{"@context":"https:\/\/schema.org","@graph":[{"@type":"WebPage","@id":"http:\/\/vuletech.com\/product\/cam-bien-quang-sick-v12\/","url":"http:\/\/vuletech.com\/product\/cam-bien-quang-sick-v12\/","name":"C\u1ea3m bi\u1ebfn quang SICK V12 - V\u0169 L\u00ea Tech","isPartOf":{"@id":"https:\/\/vuletech.com\/#website"},"primaryImageOfPage":{"@id":"http:\/\/vuletech.com\/product\/cam-bien-quang-sick-v12\/#primaryimage"},"image":{"@id":"http:\/\/vuletech.com\/product\/cam-bien-quang-sick-v12\/#primaryimage"},"thumbnailUrl":"http:\/\/vuletech.com\/wp-content\/uploads\/2024\/04\/z5329227633468_f9018701df732fd7b904001b712bc32c.jpg","datePublished":"2025-04-25T04:27:20+00:00","dateModified":"2025-04-25T04:27:22+00:00","breadcrumb":{"@id":"http:\/\/vuletech.com\/product\/cam-bien-quang-sick-v12\/#breadcrumb"},"inLanguage":"en-US","potentialAction":[{"@type":"ReadAction","target":["http:\/\/vuletech.com\/product\/cam-bien-quang-sick-v12\/"]}]},{"@type":"ImageObject","inLanguage":"en-US","@id":"http:\/\/vuletech.com\/product\/cam-bien-quang-sick-v12\/#primaryimage","url":"http:\/\/vuletech.com\/wp-content\/uploads\/2024\/04\/z5329227633468_f9018701df732fd7b904001b712bc32c.jpg","contentUrl":"http:\/\/vuletech.com\/wp-content\/uploads\/2024\/04\/z5329227633468_f9018701df732fd7b904001b712bc32c.jpg","width":1020,"height":938,"caption":"V12"},{"@type":"BreadcrumbList","@id":"http:\/\/vuletech.com\/product\/cam-bien-quang-sick-v12\/#breadcrumb","itemListElement":[{"@type":"ListItem","position":1,"name":"Home","item":"http:\/\/vuletech.com\/en\/"},{"@type":"ListItem","position":2,"name":"Product","item":"https:\/\/vuletech.com\/product\/"},{"@type":"ListItem","position":3,"name":"C\u1ea3m bi\u1ebfn quang SICK V12"}]},{"@type":"WebSite","@id":"https:\/\/vuletech.com\/#website","url":"https:\/\/vuletech.com\/","name":"V\u0169 L\u00ea Tech","description":"Our Solution - Your Value","potentialAction":[{"@type":"SearchAction","target":{"@type":"EntryPoint","urlTemplate":"https:\/\/vuletech.com\/?s={search_term_string}"},"query-input":{"@type":"PropertyValueSpecification","valueRequired":true,"valueName":"search_term_string"}}],"inLanguage":"en-US"}]}},"_links":{"self":[{"href":"http:\/\/vuletech.com\/en\/wp-json\/wp\/v2\/product\/9168","targetHints":{"allow":["GET"]}}],"collection":[{"href":"http:\/\/vuletech.com\/en\/wp-json\/wp\/v2\/product"}],"about":[{"href":"http:\/\/vuletech.com\/en\/wp-json\/wp\/v2\/types\/product"}],"replies":[{"embeddable":true,"href":"http:\/\/vuletech.com\/en\/wp-json\/wp\/v2\/comments?post=9168"}],"wp:featuredmedia":[{"embeddable":true,"href":"http:\/\/vuletech.com\/en\/wp-json\/wp\/v2\/media\/7393"}],"wp:attachment":[{"href":"http:\/\/vuletech.com\/en\/wp-json\/wp\/v2\/media?parent=9168"}],"wp:term":[{"taxonomy":"product_brand","embeddable":true,"href":"http:\/\/vuletech.com\/en\/wp-json\/wp\/v2\/product_brand?post=9168"},{"taxonomy":"product_cat","embeddable":true,"href":"http:\/\/vuletech.com\/en\/wp-json\/wp\/v2\/product_cat?post=9168"},{"taxonomy":"product_tag","embeddable":true,"href":"http:\/\/vuletech.com\/en\/wp-json\/wp\/v2\/product_tag?post=9168"}],"curies":[{"name":"wp","href":"https:\/\/api.w.org\/{rel}","templated":true}]}}