{"id":9169,"date":"2025-04-25T11:27:20","date_gmt":"2025-04-25T04:27:20","guid":{"rendered":"https:\/\/vuletech.com\/product\/cam-bien-quang-sick-v180-2\/"},"modified":"2025-04-25T11:27:22","modified_gmt":"2025-04-25T04:27:22","slug":"cam-bien-quang-sick-v180-2","status":"publish","type":"product","link":"http:\/\/vuletech.com\/en\/product\/cam-bien-quang-sick-v180-2\/","title":{"rendered":"C\u1ea3m bi\u1ebfn quang SICK V180-2"},"content":{"rendered":"<div class=\"wpb-content-wrapper\"><p>[vc_row][vc_column width=&#8221;1\/2&#8243;][vc_single_image image=&#8221;7395&#8243; img_size=&#8221;full&#8221; alignment=&#8221;center&#8221;][\/vc_column][vc_column width=&#8221;1\/2&#8243;][vc_custom_heading text=&#8221;C\u1ea3m bi\u1ebfn quang SICK V180-2&#8243; use_theme_fonts=&#8221;yes&#8221;][vc_column_text]C\u1ea3m bi\u1ebfn quang \u0111i\u1ec7n h\u00ecnh tr\u1ee5 c\u00f3 chi ph\u00ed th\u1ea5p nh\u1ea5t tr\u00ean th\u1ecb tr\u01b0\u1eddng!<br \/>\nC\u1ea3m bi\u1ebfn V180-2 \u0111\u01b0\u1ee3c thi\u1ebft k\u1ebf \u0111\u1ec3 cung c\u1ea5p ph\u1ea1m vi c\u1ea3m bi\u1ebfn d\u00e0i nh\u1ea5t cho c\u1ea3m bi\u1ebfn ti\u1ec7m c\u1eadn. Nh\u1eefng c\u1ea3m bi\u1ebfn h\u00ecnh tr\u1ee5 gi\u00e1 r\u1ebb n\u00e0y d\u1ec5 s\u1eed d\u1ee5ng, d\u1ec5 l\u1eafp \u0111\u1eb7t v\u00e0 b\u1ea3o tr\u00ec, ti\u1ebft ki\u1ec7m th\u1eddi gian l\u1eafp \u0111\u1eb7t v\u00e0 chi ph\u00ed b\u1ea3o tr\u00ec. V180-2 c\u00f3 s\u1eb5n \u1edf d\u1ea1ng v\u1ecf b\u1eb1ng nh\u1ef1a ho\u1eb7c kim lo\u1ea1i. \u0110\u00e8n LED m\u00e0u \u0111\u1ecf t\u01b0\u01a1i gi\u00fap c\u00e1c c\u1ea3m bi\u1ebfn n\u00e0y d\u1ec5 d\u00e0ng c\u0103n ch\u1ec9nh v\u00e0 thi\u1ebft l\u1eadp, gi\u00fap ti\u1ebft ki\u1ec7m th\u1eddi gian l\u1eafp \u0111\u1eb7t. Ngo\u00e0i ra, \u0111\u00e8n LED ch\u1ec9 b\u00e1o cung c\u1ea5p th\u00f4ng tin c\u01b0\u1eddng \u0111\u1ed9 t\u00edn hi\u1ec7u li\u00ean t\u1ee5c \u0111\u1ec3 kh\u1eafc ph\u1ee5c s\u1ef1 c\u1ed1 nhanh ch\u00f3ng v\u00e0 \u0111\u01a1n gi\u1ea3n.<\/p>\n<p>V180-2 cung c\u1ea5p gi\u1ea3i ph\u00e1p kinh t\u1ebf cho c\u00e1c \u1ee9ng d\u1ee5ng ph\u1ed5 qu\u00e1t, ch\u1eb3ng h\u1ea1n nh\u01b0 ph\u00e1t hi\u1ec7n s\u1ea3n ph\u1ea9m v\u00e0 \u0111\u1ecbnh v\u1ecb m\u00e1y trong bao b\u00ec, t\u1ef1 \u0111\u1ed9ng h\u00f3a s\u1ea3n xu\u1ea5t n\u00f3i chung, x\u1eed l\u00fd v\u1eadt li\u1ec7u v\u00e0 h\u1ec7 th\u1ed1ng kho b\u00e3i.[\/vc_column_text][\/vc_column][\/vc_row][vc_row][vc_column width=&#8221;1\/2&#8243;][vc_column_text]<strong>L\u1ee3i \u00edch<\/strong><\/p>\n<ul>\n<li>C\u1ea3m bi\u1ebfn M18 h\u00ecnh tr\u1ee5 ti\u1ebft ki\u1ec7m chi ph\u00ed gi\u00fap gi\u1ea3m chi ph\u00ed l\u1eafp \u0111\u1eb7t<\/li>\n<li>\u0110\u00e8n LED ph\u00e1t s\u00e1ng m\u00e0u \u0111\u1ecf r\u1ef1c r\u1ee1 gi\u00fap \u0111\u01a1n gi\u1ea3n h\u00f3a vi\u1ec7c c\u0103n ch\u1ec9nh v\u00e0 ti\u1ebft ki\u1ec7m th\u1eddi gian l\u1eafp \u0111\u1eb7t<\/li>\n<li>Hi\u1ec3n th\u1ecb tr\u1ea1ng th\u00e1i s\u00e1ng v\u1edbi kh\u1ea3 n\u0103ng hi\u1ec3n th\u1ecb 360\u00b0 cho ph\u00e9p kh\u1eafc ph\u1ee5c s\u1ef1 c\u1ed1 nhanh ch\u00f3ng v\u00e0 d\u1ec5 d\u00e0ng, do \u0111\u00f3 gi\u1ea3m chi ph\u00ed v\u00e0 th\u1eddi gian b\u1ea3o tr\u00ec<\/li>\n<li>M\u00e0n h\u00ecnh ph\u00eda tr\u01b0\u1edbc ph\u1eb3ng, m\u1ecbn gi\u00fap gi\u1ea3m s\u1ef1 t\u00edch t\u1ee5 b\u1ee5i b\u1ea9n. \u0110i\u1ec1u n\u00e0y \u0111\u1ea3m b\u1ea3o ho\u1ea1t \u0111\u1ed9ng \u0111\u00e1ng tin c\u1eady v\u00e0 gi\u1ea3m c\u1ea3 b\u1ea3o tr\u00ec v\u00e0 chi ph\u00ed<\/li>\n<\/ul>\n<p>[\/vc_column_text][\/vc_column][vc_column width=&#8221;1\/2&#8243;][vc_column_text]<strong>\u0110\u1eb7c \u0111i\u1ec3m<\/strong><\/p>\n<ul>\n<li>C\u1ea3m bi\u1ebfn housing M18 gi\u00e1 r\u1ebb tr\u00ean th\u1ecb tr\u01b0\u1eddng<\/li>\n<li>Kho\u1ea3ng c\u00e1ch ph\u00e1t hi\u1ec7n d\u00e0i: 100 mm, 400 mm, 800 mm (c\u1ea3m bi\u1ebfn ti\u1ec7m c\u1eadn), 300 mm (c\u1ea3m bi\u1ebfn ti\u1ec7m c\u1eadn c\u00f3 BGS), 6 m (c\u1ea3m bi\u1ebfn ph\u1ea3n x\u1ea1 retro) v\u00e0 20 m (c\u1ea3m bi\u1ebfn xuy\u00ean tia)<\/li>\n<li>\u0110\u00e8n LED t\u00edn hi\u1ec7u v\u00e0 ngu\u1ed3n s\u00e1ng v\u1edbi kh\u1ea3 n\u0103ng hi\u1ec3n th\u1ecb 360\u00b0<\/li>\n<li>Danh m\u1ee5c s\u1ea3n ph\u1ea9m \u0111a d\u1ea1ng gi\u1ea3i quy\u1ebft \u0111\u01b0\u1ee3c nhi\u1ec1u \u1ee9ng d\u1ee5ng<\/li>\n<li>T\u1ea7n s\u1ed1 chuy\u1ec3n m\u1ea1ch cao l\u00ean t\u1edbi 1000 Hz<\/li>\n<li>C\u00f3 s\u1eb5n v\u1ecf kim lo\u1ea1i cho c\u00e1c \u1ee9ng d\u1ee5ng trong m\u00f4i tr\u01b0\u1eddng kh\u1eafc nghi\u1ec7t<\/li>\n<li>Tr\u1ee5c quang c\u00f3 ch\u1ecdn l\u1ecdc h\u01b0\u1edbng tr\u1ee5c ho\u1eb7c h\u01b0\u1edbng t\u00e2m (90\u00b0)<\/li>\n<\/ul>\n<p>[\/vc_column_text][\/vc_column][\/vc_row]<\/p>\n<\/div>","protected":false},"excerpt":{"rendered":"<p>[vc_row][vc_column width=&#8221;1\/2&#8243;][vc_single_image image=&#8221;7395&#8243; img_size=&#8221;full&#8221; alignment=&#8221;center&#8221;][\/vc_column][vc_column width=&#8221;1\/2&#8243;][vc_custom_heading text=&#8221;C\u1ea3m bi\u1ebfn quang SICK V180-2&#8243; use_theme_fonts=&#8221;yes&#8221;][vc_column_text]C\u1ea3m bi\u1ebfn quang \u0111i\u1ec7n h\u00ecnh tr\u1ee5 c\u00f3 chi ph\u00ed th\u1ea5p nh\u1ea5t tr\u00ean th\u1ecb tr\u01b0\u1eddng! C\u1ea3m bi\u1ebfn V180-2 \u0111\u01b0\u1ee3c thi\u1ebft k\u1ebf \u0111\u1ec3 cung c\u1ea5p ph\u1ea1m vi c\u1ea3m bi\u1ebfn d\u00e0i nh\u1ea5t cho c\u1ea3m bi\u1ebfn ti\u1ec7m c\u1eadn. Nh\u1eefng c\u1ea3m bi\u1ebfn h\u00ecnh tr\u1ee5 gi\u00e1 r\u1ebb n\u00e0y d\u1ec5 s\u1eed<\/p>\n","protected":false},"featured_media":7395,"comment_status":"closed","ping_status":"open","template":"","meta":[],"product_brand":[],"product_cat":[736],"product_tag":[],"class_list":{"0":"post-9169","1":"product","2":"type-product","3":"status-publish","4":"has-post-thumbnail","6":"product_cat-san-pham-sick-viet-namcam-bien-quang-sick","8":"first","9":"instock","10":"product-type-simple"},"acf":[],"yoast_head":"<!-- This site is optimized with the Yoast SEO plugin v25.1 - https:\/\/yoast.com\/wordpress\/plugins\/seo\/ -->\n<title>C\u1ea3m bi\u1ebfn quang SICK V180-2 - V\u0169 L\u00ea Tech<\/title>\n<meta name=\"robots\" content=\"index, follow, max-snippet:-1, max-image-preview:large, max-video-preview:-1\" \/>\n<link rel=\"canonical\" href=\"http:\/\/vuletech.com\/product\/cam-bien-quang-sick-v180-2\/\" \/>\n<meta property=\"og:locale\" content=\"en_US\" \/>\n<meta property=\"og:type\" content=\"article\" \/>\n<meta property=\"og:title\" content=\"C\u1ea3m bi\u1ebfn quang SICK V180-2 - V\u0169 L\u00ea Tech\" \/>\n<meta property=\"og:description\" content=\"[vc_row][vc_column width=&#8221;1\/2&#8243;][vc_single_image image=&#8221;7395&#8243; img_size=&#8221;full&#8221; alignment=&#8221;center&#8221;][\/vc_column][vc_column width=&#8221;1\/2&#8243;][vc_custom_heading text=&#8221;C\u1ea3m bi\u1ebfn quang SICK V180-2&#8243; use_theme_fonts=&#8221;yes&#8221;][vc_column_text]C\u1ea3m bi\u1ebfn quang \u0111i\u1ec7n h\u00ecnh tr\u1ee5 c\u00f3 chi ph\u00ed th\u1ea5p nh\u1ea5t tr\u00ean th\u1ecb tr\u01b0\u1eddng! C\u1ea3m bi\u1ebfn V180-2 \u0111\u01b0\u1ee3c thi\u1ebft k\u1ebf \u0111\u1ec3 cung c\u1ea5p ph\u1ea1m vi c\u1ea3m bi\u1ebfn d\u00e0i nh\u1ea5t cho c\u1ea3m bi\u1ebfn ti\u1ec7m c\u1eadn. Nh\u1eefng c\u1ea3m bi\u1ebfn h\u00ecnh tr\u1ee5 gi\u00e1 r\u1ebb n\u00e0y d\u1ec5 s\u1eed\" \/>\n<meta property=\"og:url\" content=\"http:\/\/vuletech.com\/product\/cam-bien-quang-sick-v180-2\/\" \/>\n<meta property=\"og:site_name\" content=\"V\u0169 L\u00ea Tech\" \/>\n<meta property=\"article:modified_time\" content=\"2025-04-25T04:27:22+00:00\" \/>\n<meta property=\"og:image\" content=\"http:\/\/vuletech.com\/wp-content\/uploads\/2024\/04\/z5329244982311_2b400a3d955c8437ef14f236a630fc33.jpg\" \/>\n\t<meta property=\"og:image:width\" content=\"1020\" \/>\n\t<meta property=\"og:image:height\" content=\"687\" \/>\n\t<meta property=\"og:image:type\" content=\"image\/jpeg\" \/>\n<meta name=\"twitter:card\" content=\"summary_large_image\" \/>\n<meta name=\"twitter:label1\" content=\"Est. reading time\" \/>\n\t<meta name=\"twitter:data1\" content=\"3 minutes\" \/>\n<script type=\"application\/ld+json\" class=\"yoast-schema-graph\">{\"@context\":\"https:\/\/schema.org\",\"@graph\":[{\"@type\":\"WebPage\",\"@id\":\"http:\/\/vuletech.com\/product\/cam-bien-quang-sick-v180-2\/\",\"url\":\"http:\/\/vuletech.com\/product\/cam-bien-quang-sick-v180-2\/\",\"name\":\"C\u1ea3m bi\u1ebfn quang SICK V180-2 - V\u0169 L\u00ea Tech\",\"isPartOf\":{\"@id\":\"https:\/\/vuletech.com\/#website\"},\"primaryImageOfPage\":{\"@id\":\"http:\/\/vuletech.com\/product\/cam-bien-quang-sick-v180-2\/#primaryimage\"},\"image\":{\"@id\":\"http:\/\/vuletech.com\/product\/cam-bien-quang-sick-v180-2\/#primaryimage\"},\"thumbnailUrl\":\"http:\/\/vuletech.com\/wp-content\/uploads\/2024\/04\/z5329244982311_2b400a3d955c8437ef14f236a630fc33.jpg\",\"datePublished\":\"2025-04-25T04:27:20+00:00\",\"dateModified\":\"2025-04-25T04:27:22+00:00\",\"breadcrumb\":{\"@id\":\"http:\/\/vuletech.com\/product\/cam-bien-quang-sick-v180-2\/#breadcrumb\"},\"inLanguage\":\"en-US\",\"potentialAction\":[{\"@type\":\"ReadAction\",\"target\":[\"http:\/\/vuletech.com\/product\/cam-bien-quang-sick-v180-2\/\"]}]},{\"@type\":\"ImageObject\",\"inLanguage\":\"en-US\",\"@id\":\"http:\/\/vuletech.com\/product\/cam-bien-quang-sick-v180-2\/#primaryimage\",\"url\":\"http:\/\/vuletech.com\/wp-content\/uploads\/2024\/04\/z5329244982311_2b400a3d955c8437ef14f236a630fc33.jpg\",\"contentUrl\":\"http:\/\/vuletech.com\/wp-content\/uploads\/2024\/04\/z5329244982311_2b400a3d955c8437ef14f236a630fc33.jpg\",\"width\":1020,\"height\":687,\"caption\":\"V180-2\"},{\"@type\":\"BreadcrumbList\",\"@id\":\"http:\/\/vuletech.com\/product\/cam-bien-quang-sick-v180-2\/#breadcrumb\",\"itemListElement\":[{\"@type\":\"ListItem\",\"position\":1,\"name\":\"Home\",\"item\":\"http:\/\/vuletech.com\/en\/\"},{\"@type\":\"ListItem\",\"position\":2,\"name\":\"Product\",\"item\":\"https:\/\/vuletech.com\/product\/\"},{\"@type\":\"ListItem\",\"position\":3,\"name\":\"C\u1ea3m bi\u1ebfn quang SICK V180-2\"}]},{\"@type\":\"WebSite\",\"@id\":\"https:\/\/vuletech.com\/#website\",\"url\":\"https:\/\/vuletech.com\/\",\"name\":\"V\u0169 L\u00ea Tech\",\"description\":\"Our Solution - Your Value\",\"potentialAction\":[{\"@type\":\"SearchAction\",\"target\":{\"@type\":\"EntryPoint\",\"urlTemplate\":\"https:\/\/vuletech.com\/?s={search_term_string}\"},\"query-input\":{\"@type\":\"PropertyValueSpecification\",\"valueRequired\":true,\"valueName\":\"search_term_string\"}}],\"inLanguage\":\"en-US\"}]}<\/script>\n<!-- \/ Yoast SEO plugin. -->","yoast_head_json":{"title":"C\u1ea3m bi\u1ebfn quang SICK V180-2 - V\u0169 L\u00ea Tech","robots":{"index":"index","follow":"follow","max-snippet":"max-snippet:-1","max-image-preview":"max-image-preview:large","max-video-preview":"max-video-preview:-1"},"canonical":"http:\/\/vuletech.com\/product\/cam-bien-quang-sick-v180-2\/","og_locale":"en_US","og_type":"article","og_title":"C\u1ea3m bi\u1ebfn quang SICK V180-2 - V\u0169 L\u00ea Tech","og_description":"[vc_row][vc_column width=&#8221;1\/2&#8243;][vc_single_image image=&#8221;7395&#8243; img_size=&#8221;full&#8221; alignment=&#8221;center&#8221;][\/vc_column][vc_column width=&#8221;1\/2&#8243;][vc_custom_heading text=&#8221;C\u1ea3m bi\u1ebfn quang SICK V180-2&#8243; use_theme_fonts=&#8221;yes&#8221;][vc_column_text]C\u1ea3m bi\u1ebfn quang \u0111i\u1ec7n h\u00ecnh tr\u1ee5 c\u00f3 chi ph\u00ed th\u1ea5p nh\u1ea5t tr\u00ean th\u1ecb tr\u01b0\u1eddng! C\u1ea3m bi\u1ebfn V180-2 \u0111\u01b0\u1ee3c thi\u1ebft k\u1ebf \u0111\u1ec3 cung c\u1ea5p ph\u1ea1m vi c\u1ea3m bi\u1ebfn d\u00e0i nh\u1ea5t cho c\u1ea3m bi\u1ebfn ti\u1ec7m c\u1eadn. Nh\u1eefng c\u1ea3m bi\u1ebfn h\u00ecnh tr\u1ee5 gi\u00e1 r\u1ebb n\u00e0y d\u1ec5 s\u1eed","og_url":"http:\/\/vuletech.com\/product\/cam-bien-quang-sick-v180-2\/","og_site_name":"V\u0169 L\u00ea Tech","article_modified_time":"2025-04-25T04:27:22+00:00","og_image":[{"width":1020,"height":687,"url":"http:\/\/vuletech.com\/wp-content\/uploads\/2024\/04\/z5329244982311_2b400a3d955c8437ef14f236a630fc33.jpg","type":"image\/jpeg"}],"twitter_card":"summary_large_image","twitter_misc":{"Est. reading time":"3 minutes"},"schema":{"@context":"https:\/\/schema.org","@graph":[{"@type":"WebPage","@id":"http:\/\/vuletech.com\/product\/cam-bien-quang-sick-v180-2\/","url":"http:\/\/vuletech.com\/product\/cam-bien-quang-sick-v180-2\/","name":"C\u1ea3m bi\u1ebfn quang SICK V180-2 - V\u0169 L\u00ea Tech","isPartOf":{"@id":"https:\/\/vuletech.com\/#website"},"primaryImageOfPage":{"@id":"http:\/\/vuletech.com\/product\/cam-bien-quang-sick-v180-2\/#primaryimage"},"image":{"@id":"http:\/\/vuletech.com\/product\/cam-bien-quang-sick-v180-2\/#primaryimage"},"thumbnailUrl":"http:\/\/vuletech.com\/wp-content\/uploads\/2024\/04\/z5329244982311_2b400a3d955c8437ef14f236a630fc33.jpg","datePublished":"2025-04-25T04:27:20+00:00","dateModified":"2025-04-25T04:27:22+00:00","breadcrumb":{"@id":"http:\/\/vuletech.com\/product\/cam-bien-quang-sick-v180-2\/#breadcrumb"},"inLanguage":"en-US","potentialAction":[{"@type":"ReadAction","target":["http:\/\/vuletech.com\/product\/cam-bien-quang-sick-v180-2\/"]}]},{"@type":"ImageObject","inLanguage":"en-US","@id":"http:\/\/vuletech.com\/product\/cam-bien-quang-sick-v180-2\/#primaryimage","url":"http:\/\/vuletech.com\/wp-content\/uploads\/2024\/04\/z5329244982311_2b400a3d955c8437ef14f236a630fc33.jpg","contentUrl":"http:\/\/vuletech.com\/wp-content\/uploads\/2024\/04\/z5329244982311_2b400a3d955c8437ef14f236a630fc33.jpg","width":1020,"height":687,"caption":"V180-2"},{"@type":"BreadcrumbList","@id":"http:\/\/vuletech.com\/product\/cam-bien-quang-sick-v180-2\/#breadcrumb","itemListElement":[{"@type":"ListItem","position":1,"name":"Home","item":"http:\/\/vuletech.com\/en\/"},{"@type":"ListItem","position":2,"name":"Product","item":"https:\/\/vuletech.com\/product\/"},{"@type":"ListItem","position":3,"name":"C\u1ea3m bi\u1ebfn quang SICK V180-2"}]},{"@type":"WebSite","@id":"https:\/\/vuletech.com\/#website","url":"https:\/\/vuletech.com\/","name":"V\u0169 L\u00ea Tech","description":"Our Solution - Your Value","potentialAction":[{"@type":"SearchAction","target":{"@type":"EntryPoint","urlTemplate":"https:\/\/vuletech.com\/?s={search_term_string}"},"query-input":{"@type":"PropertyValueSpecification","valueRequired":true,"valueName":"search_term_string"}}],"inLanguage":"en-US"}]}},"_links":{"self":[{"href":"http:\/\/vuletech.com\/en\/wp-json\/wp\/v2\/product\/9169","targetHints":{"allow":["GET"]}}],"collection":[{"href":"http:\/\/vuletech.com\/en\/wp-json\/wp\/v2\/product"}],"about":[{"href":"http:\/\/vuletech.com\/en\/wp-json\/wp\/v2\/types\/product"}],"replies":[{"embeddable":true,"href":"http:\/\/vuletech.com\/en\/wp-json\/wp\/v2\/comments?post=9169"}],"wp:featuredmedia":[{"embeddable":true,"href":"http:\/\/vuletech.com\/en\/wp-json\/wp\/v2\/media\/7395"}],"wp:attachment":[{"href":"http:\/\/vuletech.com\/en\/wp-json\/wp\/v2\/media?parent=9169"}],"wp:term":[{"taxonomy":"product_brand","embeddable":true,"href":"http:\/\/vuletech.com\/en\/wp-json\/wp\/v2\/product_brand?post=9169"},{"taxonomy":"product_cat","embeddable":true,"href":"http:\/\/vuletech.com\/en\/wp-json\/wp\/v2\/product_cat?post=9169"},{"taxonomy":"product_tag","embeddable":true,"href":"http:\/\/vuletech.com\/en\/wp-json\/wp\/v2\/product_tag?post=9169"}],"curies":[{"name":"wp","href":"https:\/\/api.w.org\/{rel}","templated":true}]}}