{"id":9170,"date":"2025-04-25T11:27:20","date_gmt":"2025-04-25T04:27:20","guid":{"rendered":"https:\/\/vuletech.com\/product\/cam-bien-quang-sick-g20\/"},"modified":"2025-04-25T11:27:23","modified_gmt":"2025-04-25T04:27:23","slug":"cam-bien-quang-sick-g20","status":"publish","type":"product","link":"http:\/\/vuletech.com\/en\/product\/cam-bien-quang-sick-g20\/","title":{"rendered":"C\u1ea3m bi\u1ebfn quang SICK G20"},"content":{"rendered":"<div class=\"wpb-content-wrapper\"><p>[vc_row][vc_column width=&#8221;1\/2&#8243;][vc_single_image image=&#8221;7397&#8243; img_size=&#8221;full&#8221; alignment=&#8221;center&#8221;][\/vc_column][vc_column width=&#8221;1\/2&#8243;][vc_custom_heading text=&#8221;C\u1ea3m bi\u1ebfn quang SICK G20&#8243; use_theme_fonts=&#8221;yes&#8221;][vc_column_text]<strong>C\u1ea3m bi\u1ebfn \u0111\u00e1ng tin c\u1eady trong m\u00f4i tr\u01b0\u1eddng b\u1ee5i b\u1eb7m v\u00e0 d\u00e0nh cho c\u00e1c \u1ee9ng d\u1ee5ng c\u00f3 ph\u1ea1m vi c\u1ea3m bi\u1ebfn d\u00e0i<\/strong><br \/>\nC\u1ea3m bi\u1ebfn G20 cho ph\u00e9p ph\u00e1t hi\u1ec7n v\u1eadt th\u1ec3 \u0111\u00e1ng tin c\u1eady \u1edf kho\u1ea3ng c\u00e1ch xa h\u01a1n v\u00e0 \u0111\u1eb7c bi\u1ec7t ph\u00f9 h\u1ee3p \u0111\u1ec3 s\u1eed d\u1ee5ng trong m\u00f4i tr\u01b0\u1eddng b\u1ee5i b\u1eb7m nh\u1edd kh\u1ea3 n\u0103ng d\u1ef1 tr\u1eef ho\u1ea1t \u0111\u1ed9ng cao. Ch\u00fang nh\u1ecf g\u1ecdn, ti\u1ebft ki\u1ec7m v\u00e0 mang l\u1ea1i t\u1ef7 l\u1ec7 hi\u1ec7u su\u1ea5t gi\u00e1 tuy\u1ec7t v\u1eddi. \u0110\u00e8n LED ph\u00eda tr\u01b0\u1edbc b\u1ed5 sung v\u00e0 c\u00e1c c\u00f4ng t\u1eafc xoay t\u1ea1o \u0111i\u1ec1u ki\u1ec7n thu\u1eadn l\u1ee3i cho vi\u1ec7c v\u1eadn h\u00e0nh v\u00e0 ki\u1ec3m tra v\u1eadn h\u00e0nh. Kh\u1ea3 n\u0103ng chuy\u1ec3n \u0111\u1ed5i s\u00e1ng\/t\u1ed1i, \u0111\u1ed9 nh\u1ea1y c\u00f3 th\u1ec3 \u0111i\u1ec1u ch\u1ec9nh v\u00e0 \u0111\u1ed9 tr\u1ec5 t\u00edn hi\u1ec7u c\u00f3 th\u1ec3 \u0111\u1ecbnh c\u1ea5u h\u00ecnh gi\u00fap c\u1ea3m bi\u1ebfn quang \u0111i\u1ec7n tr\u1edf n\u00ean linh ho\u1ea1t \u0111\u1ec3 s\u1eed d\u1ee5ng trong nhi\u1ec1u \u1ee9ng d\u1ee5ng. Ch\u00fang c\u0169ng ho\u00e0n to\u00e0n t\u01b0\u01a1ng th\u00edch v\u1edbi nhau v\u1ec1 m\u1eb7t l\u1eafp \u0111\u1eb7t, v\u00ec c\u00e1c thi\u1ebft b\u1ecb DC v\u00e0 AC\/DC c\u00f3 c\u00f9ng thi\u1ebft k\u1ebf v\u00e0 c\u00f3 c\u00e1c t\u00f9y ch\u1ecdn l\u1eafp \u0111\u1eb7t c\u01a1 h\u1ecdc kh\u00e1c nhau.[\/vc_column_text][\/vc_column][\/vc_row][vc_row][vc_column width=&#8221;1\/2&#8243;][vc_column_text]<strong>L\u1ee3i \u00cdch<\/strong><\/p>\n<ul>\n<li>Gi\u1ea3m th\u1eddi gian ng\u1eebng ho\u1ea1t \u0111\u1ed9ng nh\u1edd \u0111\u1ed9 tin c\u1eady cao v\u00e0 d\u1ef1 tr\u1eef v\u1eadn h\u00e0nh, \u0111\u1eb7c bi\u1ec7t l\u00e0 trong m\u00f4i tr\u01b0\u1eddng b\u1ea9n<\/li>\n<li>Ph\u00e1t hi\u1ec7n \u0111\u1ed1i t\u01b0\u1ee3ng \u0111\u00e1ng tin c\u1eady \u1edf kho\u1ea3ng c\u00e1ch xa h\u01a1n<\/li>\n<li>T\u1ef7 l\u1ec7 gi\u00e1\/hi\u1ec7u su\u1ea5t tuy\u1ec7t v\u1eddi nh\u1edd c\u00f4ng ngh\u1ec7 \u0111\u00e3 \u0111\u01b0\u1ee3c ch\u1ee9ng minh<\/li>\n<li>V\u1eadn h\u00e0nh tr\u1ef1c quan v\u00e0 nhanh ch\u00f3ng nh\u1edd chuy\u1ec3n \u0111\u1ed5i s\u00e1ng\/t\u1ed1i, \u0111\u00e8n LED ph\u00eda tr\u01b0\u1edbc b\u1ed5 sung v\u00e0 \u0111\u1ed9 tr\u1ec5 t\u00edn hi\u1ec7u c\u00f3 th\u1ec3 \u0111i\u1ec1u ch\u1ec9nh<\/li>\n<li>Thi\u1ebft k\u1ebf nh\u1ecf g\u1ecdn v\u00e0 t\u00ednh s\u1eb5n c\u00f3 cho DC v\u00e0 AC\/DC \u0111\u1ea3m b\u1ea3o kh\u1ea3 n\u0103ng t\u01b0\u01a1ng th\u00edch khi l\u1eafp \u0111\u1eb7t<\/li>\n<\/ul>\n<p>[\/vc_column_text][\/vc_column][vc_column width=&#8221;1\/2&#8243;][vc_column_text]<strong>\u0110\u1eb7c \u0111i\u1ec3m<\/strong><\/p>\n<ul>\n<li>\u0110\u00e8n LED ph\u00eda tr\u01b0\u1edbc b\u1ed5 sung cung c\u1ea5p th\u00f4ng tin v\u1ec1 tr\u1ea1ng th\u00e1i ti\u1ebfp nh\u1eadn \u00e1nh s\u00e1ng<\/li>\n<li>Ph\u1ea1m vi c\u1ea3m bi\u1ebfn l\u1edbn v\u1edbi m\u1ee9c d\u1ef1 tr\u1eef ho\u1ea1t \u0111\u1ed9ng cao<\/li>\n<li>\u0110\u1ea7u n\u1ed1i nam M12, c\u00e1p v\u00e0 bu\u1ed3ng k\u1ebft n\u1ed1i<\/li>\n<li>Ngu\u1ed3n \u0111i\u1ec7n \u00e1p DC v\u00e0 AC\/DC<\/li>\n<li>Ph\u1ea1m vi nhi\u1ec7t \u0111\u1ed9 ho\u1ea1t \u0111\u1ed9ng t\u1eeb \u201330 \u00b0C \u0111\u1ebfn +60 \u00b0C<\/li>\n<li>T\u00f9y ch\u1ecdn v\u1edbi th\u1eddi gian tr\u1ec5<\/li>\n<\/ul>\n<p>[\/vc_column_text][\/vc_column][\/vc_row][vc_row][vc_column][vc_single_image image=&#8221;7399&#8243; img_size=&#8221;full&#8221; alignment=&#8221;center&#8221;][vc_column_text]<strong>Ph\u1ea1m vi m\u1edf r\u1ed9ng trong v\u1ecf nh\u1ecf g\u1ecdn cho c\u00e1c \u1ee9ng d\u1ee5ng DC v\u00e0 AC\/DC<\/strong><br \/>\nD\u00f2ng c\u1ea3m bi\u1ebfn quang \u0111i\u1ec7n G20 cung c\u1ea5p kh\u1ea3 n\u0103ng ph\u00e1t hi\u1ec7n v\u1eadt th\u1ec3 \u0111\u00e1ng tin c\u1eady \u1edf kho\u1ea3ng c\u00e1ch xa. C\u1ea3m bi\u1ebfn G20 nh\u1ecf g\u1ecdn, ti\u1ebft ki\u1ec7m v\u00e0 mang l\u1ea1i t\u1ef7 l\u1ec7 gi\u00e1\/hi\u1ec7u su\u1ea5t v\u01b0\u1ee3t tr\u1ed9i. Ph\u1ea1m vi c\u1ea3m bi\u1ebfn c\u00f3 th\u1ec3 \u0111\u01b0\u1ee3c \u0111i\u1ec1u ch\u1ec9nh d\u1ec5 d\u00e0ng th\u00f4ng qua n\u00fam \u0111i\u1ec1u ch\u1ec9nh \u0111\u1ed9 nh\u1ea1y. Ngo\u00e0i ra, ch\u00fang ho\u00e0n to\u00e0n t\u01b0\u01a1ng th\u00edch v\u1edbi vi\u1ec7c l\u1eafp \u0111\u1eb7t v\u00ec c\u00e1c thi\u1ebft b\u1ecb DC v\u00e0 AC\/DC c\u00f3 c\u00f9ng thi\u1ebft k\u1ebf v\u00e0 c\u00f3 nhi\u1ec1u k\u1ebft n\u1ed1i c\u01a1 h\u1ecdc kh\u00e1c nhau.[\/vc_column_text][\/vc_column][\/vc_row][vc_row][vc_column width=&#8221;1\/2&#8243;][vc_single_image image=&#8221;7397&#8243; img_size=&#8221;full&#8221; alignment=&#8221;center&#8221;][vc_column_text]Ph\u1ea1m vi m\u1edf r\u1ed9ng: nh\u1ecf g\u1ecdn nh\u01b0ng c\u00f3 ph\u1ea1m vi c\u1ea3m bi\u1ebfn d\u00e0i nh\u1ea5t. C\u1ea3m bi\u1ebfn quang \u0111i\u1ec7n G20 \u0111\u01b0\u1ee3c s\u1eed d\u1ee5ng c\u00f9ng nhi\u1ec1u m\u1ee5c \u0111\u00edch kh\u00e1c trong c\u00e1c nhi\u1ec7m v\u1ee5 ki\u1ec3m so\u00e1t ch\u1ed1ng va ch\u1ea1m c\u1ee7a c\u1ea7n tr\u1ee5c khi c\u1ea7n c\u00f3 ph\u1ea1m vi c\u1ea3m bi\u1ebfn d\u00e0i.[\/vc_column_text][\/vc_column][vc_column width=&#8221;1\/2&#8243;][vc_single_image image=&#8221;7398&#8243; img_size=&#8221;full&#8221; alignment=&#8221;center&#8221;][vc_column_text]T\u00ednh linh ho\u1ea1t: C\u1ea3m bi\u1ebfn G20 c\u00f3 s\u1eb5n v\u1edbi b\u1ed1n nguy\u00ean t\u1eafc ph\u00e1t hi\u1ec7n kh\u00e1c nhau, ba lo\u1ea1i k\u1ebft n\u1ed1i c\u01a1 h\u1ecdc c\u0169ng nh\u01b0 ba t\u00f9y ch\u1ecdn \u0111i\u1ec7n cho DC ho\u1eb7c AC\/DC v\u00e0 \u0111\u1ed9 tr\u1ec5 t\u00edn hi\u1ec7u c\u00f3 th\u1ec3 \u0111i\u1ec1u ch\u1ec9nh t\u00f9y ch\u1ecdn. D\u00f2ng s\u1ea3n ph\u1ea9m to\u00e0n di\u1ec7n mang \u0111\u1ebfn s\u1ef1 linh ho\u1ea1t t\u1ed1i \u0111a v\u1edbi kh\u1ea3 n\u0103ng chuy\u1ec3n \u0111\u1ed5i s\u00e1ng\/t\u1ed1i, \u0111i\u1ec1u ch\u1ec9nh \u0111\u1ed9 nh\u1ea1y v\u00e0 nhi\u1ec1u t\u00f9y ch\u1ecdn l\u1eafp \u0111\u1eb7t c\u01a1 h\u1ecdc kh\u00e1c nhau. T\u1ea5t c\u1ea3 c\u00e1c bi\u1ebfn th\u1ec3 c\u1ee7a G20 \u0111\u1ec1u t\u01b0\u01a1ng th\u00edch l\u1eabn nhau v\u1ec1 m\u1eb7t l\u1eafp \u0111\u1eb7t. Ch\u1ec9 c\u1ea7n m\u1ed9t gi\u00e1 \u0111\u1ee1.[\/vc_column_text][\/vc_column][\/vc_row][vc_row][vc_column][vc_custom_heading text=&#8221;N\u1ed7 l\u1ef1c t\u1ed1i thi\u1ec3u v\u1edbi kh\u1ea3 n\u0103ng ph\u00e1t hi\u1ec7n \u0111\u1ed1i t\u01b0\u1ee3ng \u0111\u00e1ng tin c\u1eady. D\u00f2ng c\u00f4ng t\u1eafc quang \u0111i\u1ec7n G20 \u0111\u01b0\u1ee3c \u0111\u1eb7c tr\u01b0ng b\u1edfi hi\u1ec7u qu\u1ea3 chi ph\u00ed cao. \u0110i\u1ec1u n\u00e0y l\u00e0 do t\u1ef7 l\u1ec7 gi\u00e1\/hi\u1ec7u su\u1ea5t h\u1ea5p d\u1eabn, m\u1ee9c \u0111\u1ed9 linh ho\u1ea1t cao v\u00e0 v\u1eadn h\u00e0nh nhanh.&#8221; use_theme_fonts=&#8221;yes&#8221;][vc_single_image image=&#8221;7400&#8243; img_size=&#8221;full&#8221; alignment=&#8221;center&#8221;][vc_column_text]<strong>D\u00e0nh cho m\u00f4i tr\u01b0\u1eddng b\u1ee5i b\u1eb7m<\/strong><br \/>\nNh\u1edd kh\u1ea3 n\u0103ng d\u1ef1 tr\u1eef ch\u1ee9c n\u0103ng cao, c\u1ea3m bi\u1ebfn quang \u0111i\u1ec7n G20 mang l\u1ea1i kh\u1ea3 n\u0103ng ho\u1ea1t \u0111\u1ed9ng \u0111\u00e1ng tin c\u1eady, \u0111\u1eb7c bi\u1ec7t l\u00e0 trong m\u00f4i tr\u01b0\u1eddng b\u1ee5i b\u1eb7m. \u0110i\u1ec1u n\u00e0y l\u00e0m gi\u1ea3m th\u1eddi gian ng\u1eebng ho\u1ea1t \u0111\u1ed9ng c\u1ee7a nh\u00e0 m\u00e1y trong ng\u00e0nh c\u00f4ng nghi\u1ec7p g\u1ed7 v\u00e0 th\u00e9p ch\u1eb3ng h\u1ea1n. \u0110\u00e8n LED ph\u00eda tr\u01b0\u1edbc b\u1ed5 sung v\u00e0 c\u00f4ng t\u1eafc xoay gi\u00fap v\u1eadn h\u00e0nh h\u1ec7 th\u1ed1ng v\u00e0 ki\u1ec3m tra c\u00e1c ch\u1ee9c n\u0103ng d\u1ec5 d\u00e0ng h\u01a1n. Nh\u1eefng c\u1ea3m bi\u1ebfn \u0111\u1ed9c l\u1eadp n\u00e0y c\u00f3 th\u1ec3 \u0111\u01b0\u1ee3c s\u1eed d\u1ee5ng trong nhi\u1ec1u \u1ee9ng d\u1ee5ng nh\u1edd v\u00e0o c\u00f4ng t\u1eafc chuy\u1ec3n \u0111\u1ed5i s\u00e1ng\/t\u1ed1i, \u0111\u1ed9 nh\u1ea1y c\u00f3 th\u1ec3 \u0111i\u1ec1u ch\u1ec9nh v\u00e0 \u0111\u1ed9 tr\u1ec5 t\u00edn hi\u1ec7u c\u00f3 th\u1ec3 l\u1ef1a ch\u1ecdn d\u01b0\u1edbi d\u1ea1ng t\u00f9y ch\u1ecdn. C\u00f9ng v\u1edbi t\u1ef7 l\u1ec7 gi\u00e1\/hi\u1ec7u su\u1ea5t v\u01b0\u1ee3t tr\u1ed9i, \u0111i\u1ec1u n\u00e0y mang l\u1ea1i hi\u1ec7u qu\u1ea3 chi ph\u00ed cao.[\/vc_column_text][\/vc_column][\/vc_row][vc_row][vc_column width=&#8221;1\/2&#8243;][vc_single_image image=&#8221;7402&#8243; img_size=&#8221;full&#8221; alignment=&#8221;center&#8221;][vc_column_text]D\u1ef1 tr\u1eef ch\u1ee9c n\u0103ng cao: m\u00f4i tr\u01b0\u1eddng b\u1ee5i b\u1eb7m v\u00e0 b\u1ea9n th\u1ec9u? Kh\u00f4ng c\u00f3 v\u1ea5n \u0111\u1ec1 g\u00ec, nh\u1edd d\u1ef1 tr\u1eef ch\u1ee9c n\u0103ng kh\u1ed5ng l\u1ed3, c\u1ea3m bi\u1ebfn G20 ti\u1ebfp t\u1ee5c ph\u00e1t hi\u1ec7n m\u1ed9t c\u00e1ch \u0111\u00e1ng tin c\u1eady v\u00e0 do \u0111\u00f3 gi\u1ea3m th\u1eddi gian ng\u1eebng ho\u1ea1t \u0111\u1ed9ng c\u1ee7a nh\u00e0 m\u00e1y[\/vc_column_text][\/vc_column][vc_column width=&#8221;1\/2&#8243;][vc_single_image image=&#8221;7401&#8243; img_size=&#8221;full&#8221; alignment=&#8221;center&#8221;][vc_column_text]\u0110\u00e8n LED ph\u00eda tr\u01b0\u1edbc: M\u1ed9t \u0111\u00e8n LED ph\u00eda tr\u01b0\u1edbc b\u1ed5 sung cung c\u1ea5p th\u00f4ng tin v\u1ec1 tr\u1ea1ng th\u00e1i ti\u1ebfp nh\u1eadn \u00e1nh s\u00e1ng, ngay c\u1ea3 khi n\u00f3 \u0111\u01b0\u1ee3c l\u1eafp \u0111\u1eb7t \u1edf kho\u1ea3ng c\u00e1ch xa. Nh\u1edd c\u00f3 \u0111\u00e8n LED BrightLight, \u0111\u00e8n \u0111\u1ecf d\u1ec5 nh\u00ecn th\u1ea5y c\u0169ng gi\u00fap vi\u1ec7c v\u1eadn h\u00e0nh c\u1ea3m bi\u1ebfn d\u1ec5 d\u00e0ng h\u01a1n.[\/vc_column_text][\/vc_column][\/vc_row][vc_row][vc_column][vc_custom_heading text=&#8221;V\u1eadn h\u00e0nh \u0111\u01a1n gi\u1ea3n v\u00e0 c\u00f4ng ngh\u1ec7 c\u1ea3m bi\u1ebfn \u0111\u00e1ng tin c\u1eady, ngay c\u1ea3 trong nh\u1eefng \u0111i\u1ec1u ki\u1ec7n kh\u00f3 kh\u0103n. D\u00f2ng c\u1ea3m bi\u1ebfn quang \u0111i\u1ec7n G20 gi\u1ea3m thi\u1ec3u c\u00f4ng s\u1ee9c l\u1eafp \u0111\u1eb7t v\u00e0 th\u1eddi gian ng\u1eebng ho\u1ea1t \u0111\u1ed9ng c\u1ee7a nh\u00e0 m\u00e1y. \u0110\u1eb7c bi\u1ec7t l\u00e0 khi m\u00f4i tr\u01b0\u1eddng b\u1ee5i b\u1eb7m, b\u1ea9n khi\u1ebfn vi\u1ec7c ph\u00e1t hi\u1ec7n tr\u1edf n\u00ean kh\u00f3 kh\u0103n.&#8221; use_theme_fonts=&#8221;yes&#8221;][\/vc_column][\/vc_row]<\/p>\n<\/div>","protected":false},"excerpt":{"rendered":"<p>[vc_row][vc_column width=&#8221;1\/2&#8243;][vc_single_image image=&#8221;7397&#8243; img_size=&#8221;full&#8221; alignment=&#8221;center&#8221;][\/vc_column][vc_column width=&#8221;1\/2&#8243;][vc_custom_heading text=&#8221;C\u1ea3m bi\u1ebfn quang SICK G20&#8243; use_theme_fonts=&#8221;yes&#8221;][vc_column_text]C\u1ea3m bi\u1ebfn \u0111\u00e1ng tin c\u1eady trong m\u00f4i tr\u01b0\u1eddng b\u1ee5i b\u1eb7m v\u00e0 d\u00e0nh cho c\u00e1c \u1ee9ng d\u1ee5ng c\u00f3 ph\u1ea1m vi c\u1ea3m bi\u1ebfn d\u00e0i C\u1ea3m bi\u1ebfn G20 cho ph\u00e9p ph\u00e1t hi\u1ec7n v\u1eadt th\u1ec3 \u0111\u00e1ng tin c\u1eady \u1edf kho\u1ea3ng c\u00e1ch xa h\u01a1n v\u00e0 \u0111\u1eb7c bi\u1ec7t ph\u00f9 h\u1ee3p<\/p>\n","protected":false},"featured_media":7403,"comment_status":"closed","ping_status":"open","template":"","meta":[],"product_brand":[],"product_cat":[736],"product_tag":[],"class_list":{"0":"post-9170","1":"product","2":"type-product","3":"status-publish","4":"has-post-thumbnail","6":"product_cat-san-pham-sick-viet-namcam-bien-quang-sick","8":"first","9":"instock","10":"product-type-simple"},"acf":[],"yoast_head":"<!-- This site is optimized with the Yoast SEO plugin v25.1 - https:\/\/yoast.com\/wordpress\/plugins\/seo\/ -->\n<title>C\u1ea3m bi\u1ebfn quang SICK G20 - V\u0169 L\u00ea Tech<\/title>\n<meta name=\"robots\" content=\"index, follow, max-snippet:-1, max-image-preview:large, max-video-preview:-1\" \/>\n<link rel=\"canonical\" href=\"http:\/\/vuletech.com\/product\/cam-bien-quang-sick-g20\/\" \/>\n<meta property=\"og:locale\" content=\"en_US\" \/>\n<meta property=\"og:type\" content=\"article\" \/>\n<meta property=\"og:title\" content=\"C\u1ea3m bi\u1ebfn quang SICK G20 - V\u0169 L\u00ea Tech\" \/>\n<meta property=\"og:description\" content=\"[vc_row][vc_column width=&#8221;1\/2&#8243;][vc_single_image image=&#8221;7397&#8243; img_size=&#8221;full&#8221; alignment=&#8221;center&#8221;][\/vc_column][vc_column width=&#8221;1\/2&#8243;][vc_custom_heading text=&#8221;C\u1ea3m bi\u1ebfn quang SICK G20&#8243; use_theme_fonts=&#8221;yes&#8221;][vc_column_text]C\u1ea3m bi\u1ebfn \u0111\u00e1ng tin c\u1eady trong m\u00f4i tr\u01b0\u1eddng b\u1ee5i b\u1eb7m v\u00e0 d\u00e0nh cho c\u00e1c \u1ee9ng d\u1ee5ng c\u00f3 ph\u1ea1m vi c\u1ea3m bi\u1ebfn d\u00e0i C\u1ea3m bi\u1ebfn G20 cho ph\u00e9p ph\u00e1t hi\u1ec7n v\u1eadt th\u1ec3 \u0111\u00e1ng tin c\u1eady \u1edf kho\u1ea3ng c\u00e1ch xa h\u01a1n v\u00e0 \u0111\u1eb7c bi\u1ec7t ph\u00f9 h\u1ee3p\" \/>\n<meta property=\"og:url\" content=\"http:\/\/vuletech.com\/product\/cam-bien-quang-sick-g20\/\" \/>\n<meta property=\"og:site_name\" content=\"V\u0169 L\u00ea Tech\" \/>\n<meta property=\"article:modified_time\" content=\"2025-04-25T04:27:23+00:00\" \/>\n<meta property=\"og:image\" content=\"http:\/\/vuletech.com\/wp-content\/uploads\/2024\/04\/z5332493615010_8b6ddeffe8b74f6f00eea6dc74d0cca5.jpg\" \/>\n\t<meta property=\"og:image:width\" content=\"640\" \/>\n\t<meta property=\"og:image:height\" content=\"1272\" \/>\n\t<meta property=\"og:image:type\" content=\"image\/jpeg\" \/>\n<meta name=\"twitter:card\" content=\"summary_large_image\" \/>\n<meta name=\"twitter:label1\" content=\"Est. reading time\" \/>\n\t<meta name=\"twitter:data1\" content=\"8 minutes\" \/>\n<script type=\"application\/ld+json\" class=\"yoast-schema-graph\">{\"@context\":\"https:\/\/schema.org\",\"@graph\":[{\"@type\":\"WebPage\",\"@id\":\"http:\/\/vuletech.com\/product\/cam-bien-quang-sick-g20\/\",\"url\":\"http:\/\/vuletech.com\/product\/cam-bien-quang-sick-g20\/\",\"name\":\"C\u1ea3m bi\u1ebfn quang SICK G20 - V\u0169 L\u00ea Tech\",\"isPartOf\":{\"@id\":\"https:\/\/vuletech.com\/#website\"},\"primaryImageOfPage\":{\"@id\":\"http:\/\/vuletech.com\/product\/cam-bien-quang-sick-g20\/#primaryimage\"},\"image\":{\"@id\":\"http:\/\/vuletech.com\/product\/cam-bien-quang-sick-g20\/#primaryimage\"},\"thumbnailUrl\":\"http:\/\/vuletech.com\/wp-content\/uploads\/2024\/04\/z5332493615010_8b6ddeffe8b74f6f00eea6dc74d0cca5.jpg\",\"datePublished\":\"2025-04-25T04:27:20+00:00\",\"dateModified\":\"2025-04-25T04:27:23+00:00\",\"breadcrumb\":{\"@id\":\"http:\/\/vuletech.com\/product\/cam-bien-quang-sick-g20\/#breadcrumb\"},\"inLanguage\":\"en-US\",\"potentialAction\":[{\"@type\":\"ReadAction\",\"target\":[\"http:\/\/vuletech.com\/product\/cam-bien-quang-sick-g20\/\"]}]},{\"@type\":\"ImageObject\",\"inLanguage\":\"en-US\",\"@id\":\"http:\/\/vuletech.com\/product\/cam-bien-quang-sick-g20\/#primaryimage\",\"url\":\"http:\/\/vuletech.com\/wp-content\/uploads\/2024\/04\/z5332493615010_8b6ddeffe8b74f6f00eea6dc74d0cca5.jpg\",\"contentUrl\":\"http:\/\/vuletech.com\/wp-content\/uploads\/2024\/04\/z5332493615010_8b6ddeffe8b74f6f00eea6dc74d0cca5.jpg\",\"width\":640,\"height\":1272},{\"@type\":\"BreadcrumbList\",\"@id\":\"http:\/\/vuletech.com\/product\/cam-bien-quang-sick-g20\/#breadcrumb\",\"itemListElement\":[{\"@type\":\"ListItem\",\"position\":1,\"name\":\"Home\",\"item\":\"http:\/\/vuletech.com\/en\/\"},{\"@type\":\"ListItem\",\"position\":2,\"name\":\"Product\",\"item\":\"https:\/\/vuletech.com\/product\/\"},{\"@type\":\"ListItem\",\"position\":3,\"name\":\"C\u1ea3m bi\u1ebfn quang SICK G20\"}]},{\"@type\":\"WebSite\",\"@id\":\"https:\/\/vuletech.com\/#website\",\"url\":\"https:\/\/vuletech.com\/\",\"name\":\"V\u0169 L\u00ea Tech\",\"description\":\"Our Solution - Your Value\",\"potentialAction\":[{\"@type\":\"SearchAction\",\"target\":{\"@type\":\"EntryPoint\",\"urlTemplate\":\"https:\/\/vuletech.com\/?s={search_term_string}\"},\"query-input\":{\"@type\":\"PropertyValueSpecification\",\"valueRequired\":true,\"valueName\":\"search_term_string\"}}],\"inLanguage\":\"en-US\"}]}<\/script>\n<!-- \/ Yoast SEO plugin. -->","yoast_head_json":{"title":"C\u1ea3m bi\u1ebfn quang SICK G20 - V\u0169 L\u00ea Tech","robots":{"index":"index","follow":"follow","max-snippet":"max-snippet:-1","max-image-preview":"max-image-preview:large","max-video-preview":"max-video-preview:-1"},"canonical":"http:\/\/vuletech.com\/product\/cam-bien-quang-sick-g20\/","og_locale":"en_US","og_type":"article","og_title":"C\u1ea3m bi\u1ebfn quang SICK G20 - V\u0169 L\u00ea Tech","og_description":"[vc_row][vc_column width=&#8221;1\/2&#8243;][vc_single_image image=&#8221;7397&#8243; img_size=&#8221;full&#8221; alignment=&#8221;center&#8221;][\/vc_column][vc_column width=&#8221;1\/2&#8243;][vc_custom_heading text=&#8221;C\u1ea3m bi\u1ebfn quang SICK G20&#8243; use_theme_fonts=&#8221;yes&#8221;][vc_column_text]C\u1ea3m bi\u1ebfn \u0111\u00e1ng tin c\u1eady trong m\u00f4i tr\u01b0\u1eddng b\u1ee5i b\u1eb7m v\u00e0 d\u00e0nh cho c\u00e1c \u1ee9ng d\u1ee5ng c\u00f3 ph\u1ea1m vi c\u1ea3m bi\u1ebfn d\u00e0i C\u1ea3m bi\u1ebfn G20 cho ph\u00e9p ph\u00e1t hi\u1ec7n v\u1eadt th\u1ec3 \u0111\u00e1ng tin c\u1eady \u1edf kho\u1ea3ng c\u00e1ch xa h\u01a1n v\u00e0 \u0111\u1eb7c bi\u1ec7t ph\u00f9 h\u1ee3p","og_url":"http:\/\/vuletech.com\/product\/cam-bien-quang-sick-g20\/","og_site_name":"V\u0169 L\u00ea Tech","article_modified_time":"2025-04-25T04:27:23+00:00","og_image":[{"width":640,"height":1272,"url":"http:\/\/vuletech.com\/wp-content\/uploads\/2024\/04\/z5332493615010_8b6ddeffe8b74f6f00eea6dc74d0cca5.jpg","type":"image\/jpeg"}],"twitter_card":"summary_large_image","twitter_misc":{"Est. reading time":"8 minutes"},"schema":{"@context":"https:\/\/schema.org","@graph":[{"@type":"WebPage","@id":"http:\/\/vuletech.com\/product\/cam-bien-quang-sick-g20\/","url":"http:\/\/vuletech.com\/product\/cam-bien-quang-sick-g20\/","name":"C\u1ea3m bi\u1ebfn quang SICK G20 - V\u0169 L\u00ea Tech","isPartOf":{"@id":"https:\/\/vuletech.com\/#website"},"primaryImageOfPage":{"@id":"http:\/\/vuletech.com\/product\/cam-bien-quang-sick-g20\/#primaryimage"},"image":{"@id":"http:\/\/vuletech.com\/product\/cam-bien-quang-sick-g20\/#primaryimage"},"thumbnailUrl":"http:\/\/vuletech.com\/wp-content\/uploads\/2024\/04\/z5332493615010_8b6ddeffe8b74f6f00eea6dc74d0cca5.jpg","datePublished":"2025-04-25T04:27:20+00:00","dateModified":"2025-04-25T04:27:23+00:00","breadcrumb":{"@id":"http:\/\/vuletech.com\/product\/cam-bien-quang-sick-g20\/#breadcrumb"},"inLanguage":"en-US","potentialAction":[{"@type":"ReadAction","target":["http:\/\/vuletech.com\/product\/cam-bien-quang-sick-g20\/"]}]},{"@type":"ImageObject","inLanguage":"en-US","@id":"http:\/\/vuletech.com\/product\/cam-bien-quang-sick-g20\/#primaryimage","url":"http:\/\/vuletech.com\/wp-content\/uploads\/2024\/04\/z5332493615010_8b6ddeffe8b74f6f00eea6dc74d0cca5.jpg","contentUrl":"http:\/\/vuletech.com\/wp-content\/uploads\/2024\/04\/z5332493615010_8b6ddeffe8b74f6f00eea6dc74d0cca5.jpg","width":640,"height":1272},{"@type":"BreadcrumbList","@id":"http:\/\/vuletech.com\/product\/cam-bien-quang-sick-g20\/#breadcrumb","itemListElement":[{"@type":"ListItem","position":1,"name":"Home","item":"http:\/\/vuletech.com\/en\/"},{"@type":"ListItem","position":2,"name":"Product","item":"https:\/\/vuletech.com\/product\/"},{"@type":"ListItem","position":3,"name":"C\u1ea3m bi\u1ebfn quang SICK G20"}]},{"@type":"WebSite","@id":"https:\/\/vuletech.com\/#website","url":"https:\/\/vuletech.com\/","name":"V\u0169 L\u00ea Tech","description":"Our Solution - Your Value","potentialAction":[{"@type":"SearchAction","target":{"@type":"EntryPoint","urlTemplate":"https:\/\/vuletech.com\/?s={search_term_string}"},"query-input":{"@type":"PropertyValueSpecification","valueRequired":true,"valueName":"search_term_string"}}],"inLanguage":"en-US"}]}},"_links":{"self":[{"href":"http:\/\/vuletech.com\/en\/wp-json\/wp\/v2\/product\/9170","targetHints":{"allow":["GET"]}}],"collection":[{"href":"http:\/\/vuletech.com\/en\/wp-json\/wp\/v2\/product"}],"about":[{"href":"http:\/\/vuletech.com\/en\/wp-json\/wp\/v2\/types\/product"}],"replies":[{"embeddable":true,"href":"http:\/\/vuletech.com\/en\/wp-json\/wp\/v2\/comments?post=9170"}],"wp:featuredmedia":[{"embeddable":true,"href":"http:\/\/vuletech.com\/en\/wp-json\/wp\/v2\/media\/7403"}],"wp:attachment":[{"href":"http:\/\/vuletech.com\/en\/wp-json\/wp\/v2\/media?parent=9170"}],"wp:term":[{"taxonomy":"product_brand","embeddable":true,"href":"http:\/\/vuletech.com\/en\/wp-json\/wp\/v2\/product_brand?post=9170"},{"taxonomy":"product_cat","embeddable":true,"href":"http:\/\/vuletech.com\/en\/wp-json\/wp\/v2\/product_cat?post=9170"},{"taxonomy":"product_tag","embeddable":true,"href":"http:\/\/vuletech.com\/en\/wp-json\/wp\/v2\/product_tag?post=9170"}],"curies":[{"name":"wp","href":"https:\/\/api.w.org\/{rel}","templated":true}]}}