{"id":9171,"date":"2025-04-25T11:27:20","date_gmt":"2025-04-25T04:27:20","guid":{"rendered":"https:\/\/vuletech.com\/product\/cam-bien-quang-sick-g2\/"},"modified":"2025-04-25T11:27:23","modified_gmt":"2025-04-25T04:27:23","slug":"cam-bien-quang-sick-g2","status":"publish","type":"product","link":"http:\/\/vuletech.com\/en\/product\/cam-bien-quang-sick-g2\/","title":{"rendered":"C\u1ea3m bi\u1ebfn quang SICK G2"},"content":{"rendered":"<div class=\"wpb-content-wrapper\"><p>[vc_row][vc_column width=&#8221;1\/2&#8243;][vc_single_image image=&#8221;7487&#8243; img_size=&#8221;full&#8221; alignment=&#8221;center&#8221;][\/vc_column][vc_column width=&#8221;1\/2&#8243;][vc_custom_heading text=&#8221;C\u1ea3m bi\u1ebfn quang SICK G2&#8243; use_theme_fonts=&#8221;yes&#8221;][vc_column_text]<strong>C\u1ea3m bi\u1ebfn quang \u0111i\u1ec7n thu nh\u1ecf ti\u1ebft ki\u1ec7m chi ph\u00ed \u0111\u1ec3 s\u1eed d\u1ee5ng trong kh\u00f4ng gian l\u1eafp \u0111\u1eb7t ch\u1eadt h\u1eb9p<\/strong><br \/>\nC\u1ea3m bi\u1ebfn quang \u0111i\u1ec7n thu nh\u1ecf thu\u1ed9c d\u00f2ng s\u1ea3n ph\u1ea9m G2 g\u00e2y \u1ea5n t\u01b0\u1ee3ng v\u1edbi hi\u1ec7u qu\u1ea3 chi ph\u00ed, k\u00edch th\u01b0\u1edbc nh\u1ecf v\u00e0 v\u1ecf c\u1ea3m bi\u1ebfn ch\u1eafc ch\u1eafn. G2 c\u00f3 s\u1eb5n \u1edf phi\u00ean b\u1ea3n v\u1ecf m\u1ecfng ho\u1eb7c ph\u1eb3ng v\u00e0 c\u00f3 th\u1ec3 d\u1ec5 d\u00e0ng t\u00edch h\u1ee3p v\u00e0o c\u00e1c m\u00e1y nh\u1ecf v\u00e0 kh\u00f4ng gian l\u1eafp \u0111\u1eb7t r\u1ea5t ch\u1eadt h\u1eb9p. \u0110i\u1ec1u n\u00e0y c\u00f3 ngh\u0129a l\u00e0 n\u00f3 cung c\u1ea5p nhi\u1ec1u kh\u1ea3 n\u0103ng \u1ee9ng d\u1ee5ng. Nh\u1edd kh\u1ea3 n\u0103ng tri\u1ec7t ti\u00eau n\u1ec1n m\u1ea1nh m\u1ebd, c\u00e1c c\u1ea3m bi\u1ebfn c\u00f2n cung c\u1ea5p kh\u1ea3 n\u0103ng ph\u00e1t hi\u1ec7n \u0111\u1ed1i t\u01b0\u1ee3ng \u0111\u00e1ng tin c\u1eady. C\u1ea3m bi\u1ebfn quang \u0111i\u1ec7n G2 c\u00f3 th\u1ec3 \u0111\u01b0\u1ee3c l\u1eafp \u0111\u1eb7t nhanh ch\u00f3ng v\u00e0 d\u1ec5 d\u00e0ng, ngh\u0129a l\u00e0 ch\u00fang r\u1ea5t th\u00e2n thi\u1ec7n v\u1edbi ng\u01b0\u1eddi d\u00f9ng.[\/vc_column_text][\/vc_column][\/vc_row][vc_row][vc_column width=&#8221;1\/2&#8243;][vc_column_text]<strong>L\u1ee3i \u00cdch<\/strong><\/p>\n<ul>\n<li>T\u00edch h\u1ee3p ti\u1ebft ki\u1ec7m kh\u00f4ng gian trong c\u00e1c m\u00e1y nh\u1ecf g\u1ecdn v\u00e0 kh\u00f4ng gian l\u1eafp \u0111\u1eb7t r\u1ea5t ch\u1eadt h\u1eb9p<\/li>\n<li>Tr\u1ea1ng th\u00e1i ph\u00e1t hi\u1ec7n \u0111\u00e1ng tin c\u1eady<\/li>\n<li>Kh\u1ea3 n\u0103ng \u1ee9ng d\u1ee5ng \u0111a n\u0103ng<\/li>\n<li>L\u1eafp \u0111\u1eb7t, v\u1eadn h\u00e0nh v\u00e0 b\u1ea3o tr\u00ec nhanh ch\u00f3ng v\u00e0 d\u1ec5 d\u00e0ng<\/li>\n<li>Gi\u1ea3i ph\u00e1p ti\u1ebft ki\u1ec7m chi ph\u00ed<\/li>\n<\/ul>\n<p>[\/vc_column_text][\/vc_column][vc_column width=&#8221;1\/2&#8243;][vc_column_text]<strong>\u0110\u1eb7c \u0111i\u1ec3m<\/strong><\/p>\n<ul>\n<li>V\u1ecf thu nh\u1ecf: c\u00f3 s\u1eb5n d\u01b0\u1edbi d\u1ea1ng G2 Slim ho\u1eb7c G2 Flat<\/li>\n<li>V\u1ecf c\u1ea3m bi\u1ebfn ch\u1eafc ch\u1eafn<\/li>\n<\/ul>\n<p>[\/vc_column_text][\/vc_column][\/vc_row][vc_row][vc_column][vc_single_image image=&#8221;7488&#8243; img_size=&#8221;full&#8221; alignment=&#8221;center&#8221;][vc_column_text]<strong>Gi\u1ea3i ph\u00e1p kinh t\u1ebf \u0111\u1ec3 s\u1eed d\u1ee5ng trong kh\u00f4ng gian l\u1eafp \u0111\u1eb7t ch\u1eadt h\u1eb9p<\/strong><br \/>\nM\u00e1y m\u00f3c, h\u1ec7 th\u1ed1ng ng\u00e0y c\u00e0ng tr\u1edf n\u00ean nh\u1ecf g\u1ecdn h\u01a1n. Kh\u00f4ng gian d\u00e0nh cho c\u00f4ng ngh\u1ec7 c\u1ea3m bi\u1ebfn c\u0169ng gi\u1ea3m \u0111i t\u01b0\u01a1ng \u1ee9ng. C\u1ea3m bi\u1ebfn quang \u0111i\u1ec7n thu nh\u1ecf thu\u1ed9c d\u00f2ng s\u1ea3n ph\u1ea9m G2 c\u00f3 s\u1eb5n \u1edf d\u1ea1ng v\u1ecf m\u1ecfng ho\u1eb7c v\u1ecf ph\u1eb3ng, khi\u1ebfn ch\u00fang \u0111\u1eb7c bi\u1ec7t linh ho\u1ea1t khi l\u1eafp \u0111\u1eb7t \u2013 m\u00e0 kh\u00f4ng \u1ea3nh h\u01b0\u1edfng \u0111\u1ebfn kh\u1ea3 n\u0103ng ph\u00e1t hi\u1ec7n v\u1eadt th\u1ec3 ho\u1eb7c thi\u1ebft k\u1ebf ch\u1eafc ch\u1eafn c\u1ee7a v\u1ecf.[\/vc_column_text][\/vc_column][\/vc_row][vc_row][vc_column width=&#8221;1\/3&#8243;][vc_single_image image=&#8221;7486&#8243; img_size=&#8221;full&#8221; alignment=&#8221;center&#8221;][vc_column_text]V\u1ecf c\u1ea3m bi\u1ebfn nh\u1ecf g\u1ecdn c\u00f3 th\u1ec3 \u0111\u01b0\u1ee3c t\u00edch h\u1ee3p d\u1ec5 d\u00e0ng, ngay c\u1ea3 \u1edf nh\u1eefng n\u01a1i r\u1ea5t ch\u1eadt h\u1eb9p[\/vc_column_text][\/vc_column][vc_column width=&#8221;1\/3&#8243;][vc_single_image image=&#8221;7485&#8243; img_size=&#8221;full&#8221; alignment=&#8221;center&#8221;][vc_column_text]Kh\u1ea3 n\u0103ng ng\u0103n ch\u1eb7n n\u1ec1n m\u1ea1nh m\u1ebd cho ph\u00e9p ph\u00e1t hi\u1ec7n \u0111\u1ed1i t\u01b0\u1ee3ng \u0111\u00e1ng tin c\u1eady[\/vc_column_text][\/vc_column][vc_column width=&#8221;1\/3&#8243;][vc_single_image image=&#8221;7484&#8243; img_size=&#8221;full&#8221; alignment=&#8221;center&#8221;][vc_column_text]C\u1ea3m bi\u1ebfn r\u1ea5t linh ho\u1ea1t, \u00edt ph\u1ea3i b\u1ea3o tr\u00ec v\u00e0 b\u1ec1n nh\u1edd thi\u1ebft k\u1ebf ch\u1eafc ch\u1eafn[\/vc_column_text][\/vc_column][\/vc_row]<\/p>\n<\/div>","protected":false},"excerpt":{"rendered":"<p>[vc_row][vc_column width=&#8221;1\/2&#8243;][vc_single_image image=&#8221;7487&#8243; img_size=&#8221;full&#8221; alignment=&#8221;center&#8221;][\/vc_column][vc_column width=&#8221;1\/2&#8243;][vc_custom_heading text=&#8221;C\u1ea3m bi\u1ebfn quang SICK G2&#8243; use_theme_fonts=&#8221;yes&#8221;][vc_column_text]C\u1ea3m bi\u1ebfn quang \u0111i\u1ec7n thu nh\u1ecf ti\u1ebft ki\u1ec7m chi ph\u00ed \u0111\u1ec3 s\u1eed d\u1ee5ng trong kh\u00f4ng gian l\u1eafp \u0111\u1eb7t ch\u1eadt h\u1eb9p C\u1ea3m bi\u1ebfn quang \u0111i\u1ec7n thu nh\u1ecf thu\u1ed9c d\u00f2ng s\u1ea3n ph\u1ea9m G2 g\u00e2y \u1ea5n t\u01b0\u1ee3ng v\u1edbi hi\u1ec7u qu\u1ea3 chi ph\u00ed, k\u00edch th\u01b0\u1edbc nh\u1ecf v\u00e0 v\u1ecf<\/p>\n","protected":false},"featured_media":7488,"comment_status":"closed","ping_status":"open","template":"","meta":[],"product_brand":[],"product_cat":[736],"product_tag":[],"class_list":{"0":"post-9171","1":"product","2":"type-product","3":"status-publish","4":"has-post-thumbnail","6":"product_cat-san-pham-sick-viet-namcam-bien-quang-sick","8":"first","9":"instock","10":"product-type-simple"},"acf":[],"yoast_head":"<!-- This site is optimized with the Yoast SEO plugin v25.1 - https:\/\/yoast.com\/wordpress\/plugins\/seo\/ -->\n<title>C\u1ea3m bi\u1ebfn quang SICK G2 - V\u0169 L\u00ea Tech<\/title>\n<meta name=\"robots\" content=\"index, follow, max-snippet:-1, max-image-preview:large, max-video-preview:-1\" \/>\n<link rel=\"canonical\" href=\"http:\/\/vuletech.com\/product\/cam-bien-quang-sick-g2\/\" \/>\n<meta property=\"og:locale\" content=\"en_US\" \/>\n<meta property=\"og:type\" content=\"article\" \/>\n<meta property=\"og:title\" content=\"C\u1ea3m bi\u1ebfn quang SICK G2 - V\u0169 L\u00ea Tech\" \/>\n<meta property=\"og:description\" content=\"[vc_row][vc_column width=&#8221;1\/2&#8243;][vc_single_image image=&#8221;7487&#8243; img_size=&#8221;full&#8221; alignment=&#8221;center&#8221;][\/vc_column][vc_column width=&#8221;1\/2&#8243;][vc_custom_heading text=&#8221;C\u1ea3m bi\u1ebfn quang SICK G2&#8243; use_theme_fonts=&#8221;yes&#8221;][vc_column_text]C\u1ea3m bi\u1ebfn quang \u0111i\u1ec7n thu nh\u1ecf ti\u1ebft ki\u1ec7m chi ph\u00ed \u0111\u1ec3 s\u1eed d\u1ee5ng trong kh\u00f4ng gian l\u1eafp \u0111\u1eb7t ch\u1eadt h\u1eb9p C\u1ea3m bi\u1ebfn quang \u0111i\u1ec7n thu nh\u1ecf thu\u1ed9c d\u00f2ng s\u1ea3n ph\u1ea9m G2 g\u00e2y \u1ea5n t\u01b0\u1ee3ng v\u1edbi hi\u1ec7u qu\u1ea3 chi ph\u00ed, k\u00edch th\u01b0\u1edbc nh\u1ecf v\u00e0 v\u1ecf\" \/>\n<meta property=\"og:url\" content=\"http:\/\/vuletech.com\/product\/cam-bien-quang-sick-g2\/\" \/>\n<meta property=\"og:site_name\" content=\"V\u0169 L\u00ea Tech\" \/>\n<meta property=\"article:modified_time\" content=\"2025-04-25T04:27:23+00:00\" \/>\n<meta property=\"og:image\" content=\"http:\/\/vuletech.com\/wp-content\/uploads\/2024\/04\/z5368736107435_e2e9938dd9c1c9a89a147457cd92ec45.jpg\" \/>\n\t<meta property=\"og:image:width\" content=\"1680\" \/>\n\t<meta property=\"og:image:height\" content=\"420\" \/>\n\t<meta property=\"og:image:type\" content=\"image\/jpeg\" \/>\n<meta name=\"twitter:card\" content=\"summary_large_image\" \/>\n<meta name=\"twitter:label1\" content=\"Est. reading time\" \/>\n\t<meta name=\"twitter:data1\" content=\"4 minutes\" \/>\n<script type=\"application\/ld+json\" class=\"yoast-schema-graph\">{\"@context\":\"https:\/\/schema.org\",\"@graph\":[{\"@type\":\"WebPage\",\"@id\":\"http:\/\/vuletech.com\/product\/cam-bien-quang-sick-g2\/\",\"url\":\"http:\/\/vuletech.com\/product\/cam-bien-quang-sick-g2\/\",\"name\":\"C\u1ea3m bi\u1ebfn quang SICK G2 - V\u0169 L\u00ea Tech\",\"isPartOf\":{\"@id\":\"https:\/\/vuletech.com\/#website\"},\"primaryImageOfPage\":{\"@id\":\"http:\/\/vuletech.com\/product\/cam-bien-quang-sick-g2\/#primaryimage\"},\"image\":{\"@id\":\"http:\/\/vuletech.com\/product\/cam-bien-quang-sick-g2\/#primaryimage\"},\"thumbnailUrl\":\"http:\/\/vuletech.com\/wp-content\/uploads\/2024\/04\/z5368736107435_e2e9938dd9c1c9a89a147457cd92ec45.jpg\",\"datePublished\":\"2025-04-25T04:27:20+00:00\",\"dateModified\":\"2025-04-25T04:27:23+00:00\",\"breadcrumb\":{\"@id\":\"http:\/\/vuletech.com\/product\/cam-bien-quang-sick-g2\/#breadcrumb\"},\"inLanguage\":\"en-US\",\"potentialAction\":[{\"@type\":\"ReadAction\",\"target\":[\"http:\/\/vuletech.com\/product\/cam-bien-quang-sick-g2\/\"]}]},{\"@type\":\"ImageObject\",\"inLanguage\":\"en-US\",\"@id\":\"http:\/\/vuletech.com\/product\/cam-bien-quang-sick-g2\/#primaryimage\",\"url\":\"http:\/\/vuletech.com\/wp-content\/uploads\/2024\/04\/z5368736107435_e2e9938dd9c1c9a89a147457cd92ec45.jpg\",\"contentUrl\":\"http:\/\/vuletech.com\/wp-content\/uploads\/2024\/04\/z5368736107435_e2e9938dd9c1c9a89a147457cd92ec45.jpg\",\"width\":1680,\"height\":420},{\"@type\":\"BreadcrumbList\",\"@id\":\"http:\/\/vuletech.com\/product\/cam-bien-quang-sick-g2\/#breadcrumb\",\"itemListElement\":[{\"@type\":\"ListItem\",\"position\":1,\"name\":\"Home\",\"item\":\"http:\/\/vuletech.com\/en\/\"},{\"@type\":\"ListItem\",\"position\":2,\"name\":\"Product\",\"item\":\"https:\/\/vuletech.com\/product\/\"},{\"@type\":\"ListItem\",\"position\":3,\"name\":\"C\u1ea3m bi\u1ebfn quang SICK G2\"}]},{\"@type\":\"WebSite\",\"@id\":\"https:\/\/vuletech.com\/#website\",\"url\":\"https:\/\/vuletech.com\/\",\"name\":\"V\u0169 L\u00ea Tech\",\"description\":\"Our Solution - Your Value\",\"potentialAction\":[{\"@type\":\"SearchAction\",\"target\":{\"@type\":\"EntryPoint\",\"urlTemplate\":\"https:\/\/vuletech.com\/?s={search_term_string}\"},\"query-input\":{\"@type\":\"PropertyValueSpecification\",\"valueRequired\":true,\"valueName\":\"search_term_string\"}}],\"inLanguage\":\"en-US\"}]}<\/script>\n<!-- \/ Yoast SEO plugin. -->","yoast_head_json":{"title":"C\u1ea3m bi\u1ebfn quang SICK G2 - V\u0169 L\u00ea Tech","robots":{"index":"index","follow":"follow","max-snippet":"max-snippet:-1","max-image-preview":"max-image-preview:large","max-video-preview":"max-video-preview:-1"},"canonical":"http:\/\/vuletech.com\/product\/cam-bien-quang-sick-g2\/","og_locale":"en_US","og_type":"article","og_title":"C\u1ea3m bi\u1ebfn quang SICK G2 - V\u0169 L\u00ea Tech","og_description":"[vc_row][vc_column width=&#8221;1\/2&#8243;][vc_single_image image=&#8221;7487&#8243; img_size=&#8221;full&#8221; alignment=&#8221;center&#8221;][\/vc_column][vc_column width=&#8221;1\/2&#8243;][vc_custom_heading text=&#8221;C\u1ea3m bi\u1ebfn quang SICK G2&#8243; use_theme_fonts=&#8221;yes&#8221;][vc_column_text]C\u1ea3m bi\u1ebfn quang \u0111i\u1ec7n thu nh\u1ecf ti\u1ebft ki\u1ec7m chi ph\u00ed \u0111\u1ec3 s\u1eed d\u1ee5ng trong kh\u00f4ng gian l\u1eafp \u0111\u1eb7t ch\u1eadt h\u1eb9p C\u1ea3m bi\u1ebfn quang \u0111i\u1ec7n thu nh\u1ecf thu\u1ed9c d\u00f2ng s\u1ea3n ph\u1ea9m G2 g\u00e2y \u1ea5n t\u01b0\u1ee3ng v\u1edbi hi\u1ec7u qu\u1ea3 chi ph\u00ed, k\u00edch th\u01b0\u1edbc nh\u1ecf v\u00e0 v\u1ecf","og_url":"http:\/\/vuletech.com\/product\/cam-bien-quang-sick-g2\/","og_site_name":"V\u0169 L\u00ea Tech","article_modified_time":"2025-04-25T04:27:23+00:00","og_image":[{"width":1680,"height":420,"url":"http:\/\/vuletech.com\/wp-content\/uploads\/2024\/04\/z5368736107435_e2e9938dd9c1c9a89a147457cd92ec45.jpg","type":"image\/jpeg"}],"twitter_card":"summary_large_image","twitter_misc":{"Est. reading time":"4 minutes"},"schema":{"@context":"https:\/\/schema.org","@graph":[{"@type":"WebPage","@id":"http:\/\/vuletech.com\/product\/cam-bien-quang-sick-g2\/","url":"http:\/\/vuletech.com\/product\/cam-bien-quang-sick-g2\/","name":"C\u1ea3m bi\u1ebfn quang SICK G2 - V\u0169 L\u00ea Tech","isPartOf":{"@id":"https:\/\/vuletech.com\/#website"},"primaryImageOfPage":{"@id":"http:\/\/vuletech.com\/product\/cam-bien-quang-sick-g2\/#primaryimage"},"image":{"@id":"http:\/\/vuletech.com\/product\/cam-bien-quang-sick-g2\/#primaryimage"},"thumbnailUrl":"http:\/\/vuletech.com\/wp-content\/uploads\/2024\/04\/z5368736107435_e2e9938dd9c1c9a89a147457cd92ec45.jpg","datePublished":"2025-04-25T04:27:20+00:00","dateModified":"2025-04-25T04:27:23+00:00","breadcrumb":{"@id":"http:\/\/vuletech.com\/product\/cam-bien-quang-sick-g2\/#breadcrumb"},"inLanguage":"en-US","potentialAction":[{"@type":"ReadAction","target":["http:\/\/vuletech.com\/product\/cam-bien-quang-sick-g2\/"]}]},{"@type":"ImageObject","inLanguage":"en-US","@id":"http:\/\/vuletech.com\/product\/cam-bien-quang-sick-g2\/#primaryimage","url":"http:\/\/vuletech.com\/wp-content\/uploads\/2024\/04\/z5368736107435_e2e9938dd9c1c9a89a147457cd92ec45.jpg","contentUrl":"http:\/\/vuletech.com\/wp-content\/uploads\/2024\/04\/z5368736107435_e2e9938dd9c1c9a89a147457cd92ec45.jpg","width":1680,"height":420},{"@type":"BreadcrumbList","@id":"http:\/\/vuletech.com\/product\/cam-bien-quang-sick-g2\/#breadcrumb","itemListElement":[{"@type":"ListItem","position":1,"name":"Home","item":"http:\/\/vuletech.com\/en\/"},{"@type":"ListItem","position":2,"name":"Product","item":"https:\/\/vuletech.com\/product\/"},{"@type":"ListItem","position":3,"name":"C\u1ea3m bi\u1ebfn quang SICK G2"}]},{"@type":"WebSite","@id":"https:\/\/vuletech.com\/#website","url":"https:\/\/vuletech.com\/","name":"V\u0169 L\u00ea Tech","description":"Our Solution - Your Value","potentialAction":[{"@type":"SearchAction","target":{"@type":"EntryPoint","urlTemplate":"https:\/\/vuletech.com\/?s={search_term_string}"},"query-input":{"@type":"PropertyValueSpecification","valueRequired":true,"valueName":"search_term_string"}}],"inLanguage":"en-US"}]}},"_links":{"self":[{"href":"http:\/\/vuletech.com\/en\/wp-json\/wp\/v2\/product\/9171","targetHints":{"allow":["GET"]}}],"collection":[{"href":"http:\/\/vuletech.com\/en\/wp-json\/wp\/v2\/product"}],"about":[{"href":"http:\/\/vuletech.com\/en\/wp-json\/wp\/v2\/types\/product"}],"replies":[{"embeddable":true,"href":"http:\/\/vuletech.com\/en\/wp-json\/wp\/v2\/comments?post=9171"}],"wp:featuredmedia":[{"embeddable":true,"href":"http:\/\/vuletech.com\/en\/wp-json\/wp\/v2\/media\/7488"}],"wp:attachment":[{"href":"http:\/\/vuletech.com\/en\/wp-json\/wp\/v2\/media?parent=9171"}],"wp:term":[{"taxonomy":"product_brand","embeddable":true,"href":"http:\/\/vuletech.com\/en\/wp-json\/wp\/v2\/product_brand?post=9171"},{"taxonomy":"product_cat","embeddable":true,"href":"http:\/\/vuletech.com\/en\/wp-json\/wp\/v2\/product_cat?post=9171"},{"taxonomy":"product_tag","embeddable":true,"href":"http:\/\/vuletech.com\/en\/wp-json\/wp\/v2\/product_tag?post=9171"}],"curies":[{"name":"wp","href":"https:\/\/api.w.org\/{rel}","templated":true}]}}