{"id":9172,"date":"2025-04-25T11:27:20","date_gmt":"2025-04-25T04:27:20","guid":{"rendered":"https:\/\/vuletech.com\/product\/cam-bien-quang-sick-powerprox\/"},"modified":"2025-04-25T11:27:23","modified_gmt":"2025-04-25T04:27:23","slug":"cam-bien-quang-sick-powerprox","status":"publish","type":"product","link":"http:\/\/vuletech.com\/en\/product\/cam-bien-quang-sick-powerprox\/","title":{"rendered":"C\u1ea3m bi\u1ebfn quang SICK PowerProx"},"content":{"rendered":"<div class=\"wpb-content-wrapper\"><p>[vc_row][vc_column width=&#8221;1\/2&#8243;][vc_single_image image=&#8221;7498&#8243; img_size=&#8221;full&#8221; alignment=&#8221;center&#8221;][\/vc_column][vc_column width=&#8221;1\/2&#8243;][vc_custom_heading text=&#8221;C\u1ea3m bi\u1ebfn quang SICK PowerProx&#8221; use_theme_fonts=&#8221;yes&#8221;][vc_column_text]C\u1ea3m bi\u1ebfn quang \u0111i\u1ec7n PowerProx MultiTask k\u1ebft h\u1ee3p c\u00f4ng ngh\u1ec7 th\u1eddi gian bay m\u1ea1nh m\u1ebd v\u1edbi v\u1ecf c\u1ea3m bi\u1ebfn nh\u1ecf g\u1ecdn, mang l\u1ea1i cho c\u00e1c nh\u00e0 thi\u1ebft k\u1ebf m\u00e1y t\u00ednh linh ho\u1ea1t t\u1ed1i \u0111a. Ch\u00fang ph\u00e1t hi\u1ec7n m\u1ed9t c\u00e1ch \u0111\u00e1ng tin c\u1eady c\u00e1c v\u1eadt th\u1ec3 \u0111ang di chuy\u1ec3n v\u1edbi t\u1ed1c \u0111\u1ed9 cao, c\u00e1c v\u1eadt th\u1ec3 nh\u1ecf v\u00e0 ph\u1eb3ng c\u0169ng nh\u01b0 c\u00e1c v\u1eadt th\u1ec3 \u0111en tuy\u1ec1n ho\u1eb7c s\u00e1ng b\u00f3ng \u1edf ph\u1ea1m vi c\u1ea3m bi\u1ebfn t\u1eeb 5 cm \u0111\u1ebfn 4 m, k\u1ec3 c\u1ea3 \u1edf c\u00e1c g\u00f3c ph\u00e1t hi\u1ec7n l\u1edbn. C\u00e1c bi\u1ebfn th\u1ec3 WTT2SL, WTT4SL, WTT12L, WTT12-S, WTT190L v\u00e0 WTT280L c\u1ee7a c\u1ea3m bi\u1ebfn quang \u0111i\u1ec7n \u0111\u01b0\u1ee3c thi\u1ebft k\u1ebf \u0111\u1ec3 \u0111\u00e1p \u1ee9ng c\u00e1c y\u00eau c\u1ea7u kh\u00e1c nhau v\u00e0 cung c\u1ea5p gi\u1ea3i ph\u00e1p l\u00fd t\u01b0\u1edfng \u0111\u1ec3 v\u01b0\u1ee3t qua m\u1ecdi th\u00e1ch th\u1ee9c.[\/vc_column_text][\/vc_column][\/vc_row][vc_row][vc_column width=&#8221;1\/2&#8243;][vc_column_text]<strong>L\u1ee3i \u00cdch<\/strong><\/p>\n<ul>\n<li>Ph\u00e1t hi\u1ec7n \u0111\u1ed1i t\u01b0\u1ee3ng \u0111\u00e1ng tin c\u1eady tr\u00ean ph\u1ea1m vi c\u1ea3m bi\u1ebfn d\u00e0i v\u00e0 \u1edf g\u00f3c ph\u00e1t hi\u1ec7n l\u1edbn<\/li>\n<li>\u0110i\u1ec1u ch\u1ec9nh ch\u00ednh x\u00e1c, \u0111\u01a1n gi\u1ea3n b\u1eb1ng chi\u1ebft \u00e1p, n\u00fat h\u01b0\u1edbng d\u1eabn ho\u1eb7c m\u00e0n h\u00ecnh<\/li>\n<li>Ch\u1ee9c n\u0103ng tuy\u1ec7t v\u1eddi v\u1edbi IO-Link<\/li>\n<li>V\u1ecf c\u1ea3m bi\u1ebfn VITAL\u00ae ch\u1eafc ch\u1eafn \u0111\u1ea3m b\u1ea3o t\u00ednh kh\u1ea3 d\u1ee5ng cao v\u00e0 tu\u1ed5i th\u1ecd d\u00e0i<\/li>\n<li>Th\u00edch h\u1ee3p cho nhi\u1ec1u \u1ee9ng d\u1ee5ng: c\u00e1c bi\u1ebfn th\u1ec3 c\u1ee7a c\u1ea3m bi\u1ebfn quang \u0111i\u1ec7n \u0111\u01b0\u1ee3c thi\u1ebft k\u1ebf \u0111\u1ec3 \u0111\u00e1p \u1ee9ng nhi\u1ec1u y\u00eau c\u1ea7u ph\u00e1t hi\u1ec7n kh\u00e1c nhau<\/li>\n<li>C\u1ea3m bi\u1ebfn nh\u1ecf g\u1ecdn cho ph\u00e9p s\u1ef1 linh ho\u1ea1t \u0111\u00e1ng k\u1ec3 trong thi\u1ebft k\u1ebf m\u00e1y<\/li>\n<\/ul>\n<p>[\/vc_column_text][\/vc_column][vc_column width=&#8221;1\/2&#8243;][vc_column_text]<strong>\u0110\u1eb7c \u0111i\u1ec3m<\/strong><\/p>\n<ul>\n<li>C\u00f4ng ngh\u1ec7 th\u1eddi gian bay<\/li>\n<li>Laser lo\u1ea1i 1, \u00e1nh s\u00e1ng \u0111\u1ecf v\u00e0 h\u1ed3ng ngo\u1ea1i<\/li>\n<li>Ph\u1ea1m vi c\u1ea3m bi\u1ebfn: 5 cm \u0111\u1ebfn 4 m<\/li>\n<li>Ph\u1ea1m vi n\u1ec1n r\u1ea5t nh\u1ecf: 6 mm<\/li>\n<li>Chuy\u1ec3n \u0111\u1ed5i t\u1ea7n s\u1ed1 l\u00ean t\u1edbi 1.000 Hz<\/li>\n<li>T\u00f9y ch\u1ecdn t\u1ed1i \u0111a ba \u0111\u1ea7u ra k\u1ef9 thu\u1eadt s\u1ed1 c\u00f3 th\u1ec3 \u0111i\u1ec1u ch\u1ec9nh ho\u1eb7c m\u1ed9t \u0111\u1ea7u ra t\u01b0\u01a1ng t\u1ef1 IO-Link: cho t\u1ed1i \u0111a t\u00e1m \u0111i\u1ec3m chuy\u1ec3n \u0111\u1ed5i, gi\u00e1 tr\u1ecb kho\u1ea3ng c\u00e1ch v\u00e0 ch\u1ee9c n\u0103ng c\u1ea3m bi\u1ebfn th\u00f4ng minh<\/li>\n<\/ul>\n<p>[\/vc_column_text][\/vc_column][\/vc_row][vc_row][vc_column][vc_single_image image=&#8221;7499&#8243; img_size=&#8221;full&#8221; alignment=&#8221;center&#8221;][vc_column_text]<strong>Ph\u1ea1m vi c\u1ea3m bi\u1ebfn l\u1edbn trong m\u1ed9t v\u1ecf nh\u1ecf<\/strong><br \/>\nPowerProx ph\u00e1t hi\u1ec7n c\u00e1c khu v\u1ef1c r\u1ed9ng l\u1edbn \u1edf kho\u1ea3ng c\u00e1ch t\u1ed1i \u0111a l\u00ean t\u1edbi 4 m. C\u00e1c c\u1ea3m bi\u1ebfn c\u00f3 kh\u1ea3 n\u0103ng ch\u1ed1ng ph\u1ea3n x\u1ea1 n\u1ec1n v\u00e0 do \u0111\u00f3 mang l\u1ea1i \u0111\u1ed9 tin c\u1eady t\u1ed1i \u0111a. Ngo\u00e0i ra, v\u1ecf nh\u1ecf g\u1ecdn gi\u00fap PowerProx tr\u1edf th\u00e0nh gi\u1ea3i ph\u00e1p ph\u00e1t hi\u1ec7n ti\u1ebft ki\u1ec7m kh\u00f4ng gian cho kho\u1ea3ng c\u00e1ch l\u1edbn.[\/vc_column_text][\/vc_column][\/vc_row][vc_row][vc_column width=&#8221;1\/3&#8243;][vc_single_image image=&#8221;7497&#8243; img_size=&#8221;full&#8221; alignment=&#8221;center&#8221;][vc_column_text]Gi\u1ea3i ph\u00e1p l\u00fd t\u01b0\u1edfng \u0111\u1ec3 ti\u1ebft ki\u1ec7m kh\u00f4ng gian trong d\u1ee5ng c\u1ee5 k\u1eb9p v\u00e0 c\u00e1c b\u1ed9 ph\u1eadn robot[\/vc_column_text][\/vc_column][vc_column width=&#8221;1\/3&#8243;][vc_single_image image=&#8221;7496&#8243; img_size=&#8221;full&#8221; alignment=&#8221;center&#8221;][vc_column_text]Hi\u1ec7u su\u1ea5t cao nh\u1ea5t \u0111\u1ec3 ph\u00e1t hi\u1ec7n kho\u1ea3ng kh\u00f4ng gian b\u1ecb chi\u1ebfm d\u1ee5ng v\u00e0 kho\u1ea3ng tr\u1ed1ng nh\u1edd IO-Link v\u00e0 t\u1ed1i \u0111a t\u00e1m \u0111i\u1ec3m chuy\u1ec3n m\u1ea1ch[\/vc_column_text][\/vc_column][vc_column width=&#8221;1\/3&#8243;][vc_single_image image=&#8221;7494&#8243; img_size=&#8221;full&#8221; alignment=&#8221;center&#8221;][vc_column_text]Hi\u1ec7u su\u1ea5t cao ngay c\u1ea3 trong kh\u00f4ng gian ch\u1eadt h\u1eb9p: Ho\u00e0n h\u1ea3o cho c\u00e1c \u1ee9ng d\u1ee5ng AGV nh\u1ecf g\u1ecdn[\/vc_column_text][\/vc_column][\/vc_row][vc_row][vc_column][vc_custom_heading text=&#8221;Ph\u00e1t hi\u1ec7n \u1ea5n t\u01b0\u1ee3ng: Ngay c\u1ea3 \u1edf kho\u1ea3ng c\u00e1ch xa v\u00e0 ti\u1ebfp x\u00fac v\u1edbi \u00e1nh s\u00e1ng xung quanh, PowerProx v\u1eabn ph\u00e1t hi\u1ec7n v\u1eadt th\u1ec3 m\u1ed9t c\u00e1ch \u0111\u00e1ng tin c\u1eady.&#8221; use_theme_fonts=&#8221;yes&#8221;][vc_single_image image=&#8221;7495&#8243; img_size=&#8221;full&#8221; alignment=&#8221;center&#8221;][vc_column_text]<strong>K\u1ebft qu\u1ea3 ph\u00e1t hi\u1ec7n ch\u00ednh x\u00e1c \u1edf m\u1ecdi v\u1ecb tr\u00ed<\/strong><br \/>\nKh\u00f4ng th\u1ec3 t\u0103ng th\u00eam c\u00f4ng su\u1ea5t: PowerProx \u0111\u1ea1t \u0111\u01b0\u1ee3c k\u1ebft qu\u1ea3 ph\u00e1t hi\u1ec7n v\u01b0\u1ee3t tr\u1ed9i nh\u1edd h\u1ec7 th\u1ed1ng quang h\u1ecdc v\u00e0 \u0111\u01b0\u1eddng truy\u1ec1n tia tuy\u1ec7t v\u1eddi. C\u00e1c g\u00f3c c\u1ef1c l\u1edbn v\u00e0 b\u1ec1 m\u1eb7t v\u1eadt th\u1ec3 thay \u0111\u1ed5i c\u0169ng kh\u00f4ng c\u00f3 v\u1ea5n \u0111\u1ec1 g\u00ec. C\u00e1c b\u1ed9 ph\u1eadn thu c\u1ee7a c\u1ea3m bi\u1ebfn quang \u0111i\u1ec7n c\u00f3 kh\u1ea3 n\u0103ng ch\u1ed1ng ph\u1ea3n x\u1ea1 n\u1ec1n v\u00e0 \u00e1nh s\u00e1ng xung quanh.[\/vc_column_text][\/vc_column][\/vc_row][vc_row][vc_column width=&#8221;1\/2&#8243;][vc_single_image image=&#8221;7493&#8243; img_size=&#8221;full&#8221; alignment=&#8221;center&#8221;][vc_column_text]L\u00fd t\u01b0\u1edfng \u0111\u1ec3 s\u1eed d\u1ee5ng trong c\u00f4ng ngh\u1ec7 l\u1eafp \u0111\u1eb7t nh\u1edd kh\u1ea3 n\u0103ng ph\u00e1t hi\u1ec7n v\u00e0 \u0111o kho\u1ea3ng c\u00e1ch ch\u00ednh x\u00e1c[\/vc_column_text][\/vc_column][vc_column width=&#8221;1\/2&#8243;][vc_single_image image=&#8221;7492&#8243;][vc_column_text]Ki\u1ec3m so\u00e1t ch\u1ea5t l\u01b0\u1ee3ng \u0111\u00e1ng tin c\u1eady nh\u1edd \u0111\u1ed9 l\u1eb7p l\u1ea1i cao &#8211; ngay c\u1ea3 khi ch\u1ea5t l\u01b0\u1ee3ng b\u1ec1 m\u1eb7t thay \u0111\u1ed5i[\/vc_column_text][\/vc_column][\/vc_row][vc_row][vc_column][vc_custom_heading text=&#8221;\u0110\u1ed9 ch\u00ednh x\u00e1c r\u1ea5t cao: PowerProx mang l\u1ea1i k\u1ebft qu\u1ea3 ph\u00e1t hi\u1ec7n \u0111\u00e1ng tin c\u1eady ngay c\u1ea3 v\u1edbi b\u1ec1 m\u1eb7t v\u1eadt th\u1ec3 \u0111en tuy\u1ec1n, b\u00f3ng ho\u1eb7c thay \u0111\u1ed5i c\u0169ng nh\u01b0 c\u00e1c v\u1eadt th\u1ec3 r\u1ea5t nh\u1ecf v\u00e0 ph\u1eb3ng&#8221; use_theme_fonts=&#8221;yes&#8221;][vc_single_image image=&#8221;7490&#8243; img_size=&#8221;full&#8221; alignment=&#8221;center&#8221;][vc_column_text]<strong>Ph\u00e1t hi\u1ec7n \u0111\u00e1ng tin c\u1eady \u1edf t\u1ed1c \u0111\u1ed9 cao<\/strong><br \/>\nC\u00e1c quy tr\u00ecnh ng\u00e0y c\u00e0ng nhanh h\u01a1n trong v\u00f4 s\u1ed1 ng\u00e0nh c\u00f4ng nghi\u1ec7p. T\u1ea7n s\u1ed1 chuy\u1ec3n \u0111\u1ed5i cao v\u00e0 x\u1eed l\u00fd t\u00edn hi\u1ec7u nhanh c\u1ee7a PowerProx cho ph\u00e9p ph\u00e1t hi\u1ec7n m\u1ea1nh m\u1ebd ngay c\u1ea3 \u1edf nh\u1ecbp \u0111\u1ed9 cao. Khi l\u00e0m nh\u01b0 v\u1eady, ch\u00f9m tia laze c\u1ee7a c\u1ea3m bi\u1ebfn quang \u0111i\u1ec7n s\u1ebd ph\u00e1t hi\u1ec7n ngay c\u1ea3 nh\u1eefng v\u1eadt th\u1ec3 c\u00f3 \u0111\u1ed9 b\u00f3ng cao ho\u1eb7c \u0111en tuy\u1ec1n \u1edf g\u00f3c ph\u00e1t hi\u1ec7n l\u1edbn.[\/vc_column_text][vc_single_image image=&#8221;7491&#8243; img_size=&#8221;full&#8221; alignment=&#8221;center&#8221;][vc_column_text]Ph\u00e1t hi\u1ec7n c\u1ea1nh trong c\u00e1c \u1ee9ng d\u1ee5ng t\u1ed1c \u0111\u1ed9 cao nh\u1edd chuy\u1ec3n \u0111\u1ed5i t\u1ea7n s\u1ed1 l\u00ean t\u1edbi 1.000 Hz v\u00e0 ch\u00f9m tia laser c\u00f3 \u0111\u1ed9 ch\u00ednh x\u00e1c cao[\/vc_column_text][\/vc_column][\/vc_row]<\/p>\n<\/div>","protected":false},"excerpt":{"rendered":"<p>[vc_row][vc_column width=&#8221;1\/2&#8243;][vc_single_image image=&#8221;7498&#8243; img_size=&#8221;full&#8221; alignment=&#8221;center&#8221;][\/vc_column][vc_column width=&#8221;1\/2&#8243;][vc_custom_heading text=&#8221;C\u1ea3m bi\u1ebfn quang SICK PowerProx&#8221; use_theme_fonts=&#8221;yes&#8221;][vc_column_text]C\u1ea3m bi\u1ebfn quang \u0111i\u1ec7n PowerProx MultiTask k\u1ebft h\u1ee3p c\u00f4ng ngh\u1ec7 th\u1eddi gian bay m\u1ea1nh m\u1ebd v\u1edbi v\u1ecf c\u1ea3m bi\u1ebfn nh\u1ecf g\u1ecdn, mang l\u1ea1i cho c\u00e1c nh\u00e0 thi\u1ebft k\u1ebf m\u00e1y t\u00ednh linh ho\u1ea1t t\u1ed1i \u0111a. Ch\u00fang ph\u00e1t hi\u1ec7n m\u1ed9t c\u00e1ch \u0111\u00e1ng tin c\u1eady c\u00e1c v\u1eadt<\/p>\n","protected":false},"featured_media":7499,"comment_status":"closed","ping_status":"open","template":"","meta":[],"product_brand":[],"product_cat":[736],"product_tag":[],"class_list":{"0":"post-9172","1":"product","2":"type-product","3":"status-publish","4":"has-post-thumbnail","6":"product_cat-san-pham-sick-viet-namcam-bien-quang-sick","8":"first","9":"instock","10":"product-type-simple"},"acf":[],"yoast_head":"<!-- This site is optimized with the Yoast SEO plugin v25.1 - https:\/\/yoast.com\/wordpress\/plugins\/seo\/ -->\n<title>C\u1ea3m bi\u1ebfn quang SICK PowerProx - V\u0169 L\u00ea Tech<\/title>\n<meta name=\"robots\" content=\"index, follow, max-snippet:-1, max-image-preview:large, max-video-preview:-1\" \/>\n<link rel=\"canonical\" href=\"https:\/\/vuletech.com\/en\/product\/cam-bien-quang-sick-powerprox\/\" \/>\n<meta property=\"og:locale\" content=\"en_US\" \/>\n<meta property=\"og:type\" content=\"article\" \/>\n<meta property=\"og:title\" content=\"C\u1ea3m bi\u1ebfn quang SICK PowerProx - V\u0169 L\u00ea Tech\" \/>\n<meta property=\"og:description\" content=\"[vc_row][vc_column width=&#8221;1\/2&#8243;][vc_single_image image=&#8221;7498&#8243; img_size=&#8221;full&#8221; alignment=&#8221;center&#8221;][\/vc_column][vc_column width=&#8221;1\/2&#8243;][vc_custom_heading text=&#8221;C\u1ea3m bi\u1ebfn quang SICK PowerProx&#8221; use_theme_fonts=&#8221;yes&#8221;][vc_column_text]C\u1ea3m bi\u1ebfn quang \u0111i\u1ec7n PowerProx MultiTask k\u1ebft h\u1ee3p c\u00f4ng ngh\u1ec7 th\u1eddi gian bay m\u1ea1nh m\u1ebd v\u1edbi v\u1ecf c\u1ea3m bi\u1ebfn nh\u1ecf g\u1ecdn, mang l\u1ea1i cho c\u00e1c nh\u00e0 thi\u1ebft k\u1ebf m\u00e1y t\u00ednh linh ho\u1ea1t t\u1ed1i \u0111a. Ch\u00fang ph\u00e1t hi\u1ec7n m\u1ed9t c\u00e1ch \u0111\u00e1ng tin c\u1eady c\u00e1c v\u1eadt\" \/>\n<meta property=\"og:url\" content=\"https:\/\/vuletech.com\/en\/product\/cam-bien-quang-sick-powerprox\/\" \/>\n<meta property=\"og:site_name\" content=\"V\u0169 L\u00ea Tech\" \/>\n<meta property=\"article:modified_time\" content=\"2025-04-25T04:27:23+00:00\" \/>\n<meta property=\"og:image\" content=\"https:\/\/vuletech.com\/wp-content\/uploads\/2024\/04\/z5368795060804_298f7a6b55332dedc73f72091727487a.jpg\" \/>\n\t<meta property=\"og:image:width\" content=\"1680\" \/>\n\t<meta property=\"og:image:height\" content=\"420\" \/>\n\t<meta property=\"og:image:type\" content=\"image\/jpeg\" \/>\n<meta name=\"twitter:card\" content=\"summary_large_image\" \/>\n<meta name=\"twitter:label1\" content=\"Est. reading time\" \/>\n\t<meta name=\"twitter:data1\" content=\"7 minutes\" \/>\n<script type=\"application\/ld+json\" class=\"yoast-schema-graph\">{\"@context\":\"https:\/\/schema.org\",\"@graph\":[{\"@type\":\"WebPage\",\"@id\":\"https:\/\/vuletech.com\/en\/product\/cam-bien-quang-sick-powerprox\/\",\"url\":\"https:\/\/vuletech.com\/en\/product\/cam-bien-quang-sick-powerprox\/\",\"name\":\"C\u1ea3m bi\u1ebfn quang SICK PowerProx - V\u0169 L\u00ea Tech\",\"isPartOf\":{\"@id\":\"https:\/\/vuletech.com\/#website\"},\"primaryImageOfPage\":{\"@id\":\"https:\/\/vuletech.com\/en\/product\/cam-bien-quang-sick-powerprox\/#primaryimage\"},\"image\":{\"@id\":\"https:\/\/vuletech.com\/en\/product\/cam-bien-quang-sick-powerprox\/#primaryimage\"},\"thumbnailUrl\":\"http:\/\/vuletech.com\/wp-content\/uploads\/2024\/04\/z5368795060804_298f7a6b55332dedc73f72091727487a.jpg\",\"datePublished\":\"2025-04-25T04:27:20+00:00\",\"dateModified\":\"2025-04-25T04:27:23+00:00\",\"breadcrumb\":{\"@id\":\"https:\/\/vuletech.com\/en\/product\/cam-bien-quang-sick-powerprox\/#breadcrumb\"},\"inLanguage\":\"en-US\",\"potentialAction\":[{\"@type\":\"ReadAction\",\"target\":[\"https:\/\/vuletech.com\/en\/product\/cam-bien-quang-sick-powerprox\/\"]}]},{\"@type\":\"ImageObject\",\"inLanguage\":\"en-US\",\"@id\":\"https:\/\/vuletech.com\/en\/product\/cam-bien-quang-sick-powerprox\/#primaryimage\",\"url\":\"http:\/\/vuletech.com\/wp-content\/uploads\/2024\/04\/z5368795060804_298f7a6b55332dedc73f72091727487a.jpg\",\"contentUrl\":\"http:\/\/vuletech.com\/wp-content\/uploads\/2024\/04\/z5368795060804_298f7a6b55332dedc73f72091727487a.jpg\",\"width\":1680,\"height\":420},{\"@type\":\"BreadcrumbList\",\"@id\":\"https:\/\/vuletech.com\/en\/product\/cam-bien-quang-sick-powerprox\/#breadcrumb\",\"itemListElement\":[{\"@type\":\"ListItem\",\"position\":1,\"name\":\"Home\",\"item\":\"http:\/\/vuletech.com\/en\/\"},{\"@type\":\"ListItem\",\"position\":2,\"name\":\"Product\",\"item\":\"https:\/\/vuletech.com\/product\/\"},{\"@type\":\"ListItem\",\"position\":3,\"name\":\"C\u1ea3m bi\u1ebfn quang SICK PowerProx\"}]},{\"@type\":\"WebSite\",\"@id\":\"https:\/\/vuletech.com\/#website\",\"url\":\"https:\/\/vuletech.com\/\",\"name\":\"V\u0169 L\u00ea Tech\",\"description\":\"Our Solution - Your Value\",\"potentialAction\":[{\"@type\":\"SearchAction\",\"target\":{\"@type\":\"EntryPoint\",\"urlTemplate\":\"https:\/\/vuletech.com\/?s={search_term_string}\"},\"query-input\":{\"@type\":\"PropertyValueSpecification\",\"valueRequired\":true,\"valueName\":\"search_term_string\"}}],\"inLanguage\":\"en-US\"}]}<\/script>\n<!-- \/ Yoast SEO plugin. -->","yoast_head_json":{"title":"C\u1ea3m bi\u1ebfn quang SICK PowerProx - V\u0169 L\u00ea Tech","robots":{"index":"index","follow":"follow","max-snippet":"max-snippet:-1","max-image-preview":"max-image-preview:large","max-video-preview":"max-video-preview:-1"},"canonical":"https:\/\/vuletech.com\/en\/product\/cam-bien-quang-sick-powerprox\/","og_locale":"en_US","og_type":"article","og_title":"C\u1ea3m bi\u1ebfn quang SICK PowerProx - V\u0169 L\u00ea Tech","og_description":"[vc_row][vc_column width=&#8221;1\/2&#8243;][vc_single_image image=&#8221;7498&#8243; img_size=&#8221;full&#8221; alignment=&#8221;center&#8221;][\/vc_column][vc_column width=&#8221;1\/2&#8243;][vc_custom_heading text=&#8221;C\u1ea3m bi\u1ebfn quang SICK PowerProx&#8221; use_theme_fonts=&#8221;yes&#8221;][vc_column_text]C\u1ea3m bi\u1ebfn quang \u0111i\u1ec7n PowerProx MultiTask k\u1ebft h\u1ee3p c\u00f4ng ngh\u1ec7 th\u1eddi gian bay m\u1ea1nh m\u1ebd v\u1edbi v\u1ecf c\u1ea3m bi\u1ebfn nh\u1ecf g\u1ecdn, mang l\u1ea1i cho c\u00e1c nh\u00e0 thi\u1ebft k\u1ebf m\u00e1y t\u00ednh linh ho\u1ea1t t\u1ed1i \u0111a. Ch\u00fang ph\u00e1t hi\u1ec7n m\u1ed9t c\u00e1ch \u0111\u00e1ng tin c\u1eady c\u00e1c v\u1eadt","og_url":"https:\/\/vuletech.com\/en\/product\/cam-bien-quang-sick-powerprox\/","og_site_name":"V\u0169 L\u00ea Tech","article_modified_time":"2025-04-25T04:27:23+00:00","og_image":[{"width":1680,"height":420,"url":"https:\/\/vuletech.com\/wp-content\/uploads\/2024\/04\/z5368795060804_298f7a6b55332dedc73f72091727487a.jpg","type":"image\/jpeg"}],"twitter_card":"summary_large_image","twitter_misc":{"Est. reading time":"7 minutes"},"schema":{"@context":"https:\/\/schema.org","@graph":[{"@type":"WebPage","@id":"https:\/\/vuletech.com\/en\/product\/cam-bien-quang-sick-powerprox\/","url":"https:\/\/vuletech.com\/en\/product\/cam-bien-quang-sick-powerprox\/","name":"C\u1ea3m bi\u1ebfn quang SICK PowerProx - V\u0169 L\u00ea Tech","isPartOf":{"@id":"https:\/\/vuletech.com\/#website"},"primaryImageOfPage":{"@id":"https:\/\/vuletech.com\/en\/product\/cam-bien-quang-sick-powerprox\/#primaryimage"},"image":{"@id":"https:\/\/vuletech.com\/en\/product\/cam-bien-quang-sick-powerprox\/#primaryimage"},"thumbnailUrl":"http:\/\/vuletech.com\/wp-content\/uploads\/2024\/04\/z5368795060804_298f7a6b55332dedc73f72091727487a.jpg","datePublished":"2025-04-25T04:27:20+00:00","dateModified":"2025-04-25T04:27:23+00:00","breadcrumb":{"@id":"https:\/\/vuletech.com\/en\/product\/cam-bien-quang-sick-powerprox\/#breadcrumb"},"inLanguage":"en-US","potentialAction":[{"@type":"ReadAction","target":["https:\/\/vuletech.com\/en\/product\/cam-bien-quang-sick-powerprox\/"]}]},{"@type":"ImageObject","inLanguage":"en-US","@id":"https:\/\/vuletech.com\/en\/product\/cam-bien-quang-sick-powerprox\/#primaryimage","url":"http:\/\/vuletech.com\/wp-content\/uploads\/2024\/04\/z5368795060804_298f7a6b55332dedc73f72091727487a.jpg","contentUrl":"http:\/\/vuletech.com\/wp-content\/uploads\/2024\/04\/z5368795060804_298f7a6b55332dedc73f72091727487a.jpg","width":1680,"height":420},{"@type":"BreadcrumbList","@id":"https:\/\/vuletech.com\/en\/product\/cam-bien-quang-sick-powerprox\/#breadcrumb","itemListElement":[{"@type":"ListItem","position":1,"name":"Home","item":"http:\/\/vuletech.com\/en\/"},{"@type":"ListItem","position":2,"name":"Product","item":"https:\/\/vuletech.com\/product\/"},{"@type":"ListItem","position":3,"name":"C\u1ea3m bi\u1ebfn quang SICK PowerProx"}]},{"@type":"WebSite","@id":"https:\/\/vuletech.com\/#website","url":"https:\/\/vuletech.com\/","name":"V\u0169 L\u00ea Tech","description":"Our Solution - Your Value","potentialAction":[{"@type":"SearchAction","target":{"@type":"EntryPoint","urlTemplate":"https:\/\/vuletech.com\/?s={search_term_string}"},"query-input":{"@type":"PropertyValueSpecification","valueRequired":true,"valueName":"search_term_string"}}],"inLanguage":"en-US"}]}},"_links":{"self":[{"href":"http:\/\/vuletech.com\/en\/wp-json\/wp\/v2\/product\/9172","targetHints":{"allow":["GET"]}}],"collection":[{"href":"http:\/\/vuletech.com\/en\/wp-json\/wp\/v2\/product"}],"about":[{"href":"http:\/\/vuletech.com\/en\/wp-json\/wp\/v2\/types\/product"}],"replies":[{"embeddable":true,"href":"http:\/\/vuletech.com\/en\/wp-json\/wp\/v2\/comments?post=9172"}],"wp:featuredmedia":[{"embeddable":true,"href":"http:\/\/vuletech.com\/en\/wp-json\/wp\/v2\/media\/7499"}],"wp:attachment":[{"href":"http:\/\/vuletech.com\/en\/wp-json\/wp\/v2\/media?parent=9172"}],"wp:term":[{"taxonomy":"product_brand","embeddable":true,"href":"http:\/\/vuletech.com\/en\/wp-json\/wp\/v2\/product_brand?post=9172"},{"taxonomy":"product_cat","embeddable":true,"href":"http:\/\/vuletech.com\/en\/wp-json\/wp\/v2\/product_cat?post=9172"},{"taxonomy":"product_tag","embeddable":true,"href":"http:\/\/vuletech.com\/en\/wp-json\/wp\/v2\/product_tag?post=9172"}],"curies":[{"name":"wp","href":"https:\/\/api.w.org\/{rel}","templated":true}]}}