{"id":9173,"date":"2025-04-25T11:27:20","date_gmt":"2025-04-25T04:27:20","guid":{"rendered":"https:\/\/vuletech.com\/product\/cam-bien-quang-sick-g10\/"},"modified":"2025-04-25T11:27:24","modified_gmt":"2025-04-25T04:27:24","slug":"cam-bien-quang-sick-g10","status":"publish","type":"product","link":"http:\/\/vuletech.com\/en\/product\/cam-bien-quang-sick-g10\/","title":{"rendered":"C\u1ea3m bi\u1ebfn quang SICK G10"},"content":{"rendered":"<div class=\"wpb-content-wrapper\"><p>[vc_row][vc_column width=&#8221;1\/2&#8243;][vc_single_image image=&#8221;7502&#8243; img_size=&#8221;full&#8221; alignment=&#8221;center&#8221;][\/vc_column][vc_column width=&#8221;1\/2&#8243;][vc_custom_heading text=&#8221;C\u1ea3m bi\u1ebfn quang SICK G10&#8243; use_theme_fonts=&#8221;yes&#8221;][vc_column_text]<strong>Ph\u00e1t hi\u1ec7n m\u1ea1nh m\u1ebd, c\u00e0i \u0111\u1eb7t th\u00f4ng minh &#8211; \u0111\u1ebfn t\u1eebng chi ti\u1ebft cu\u1ed1i c\u00f9ng<\/strong><br \/>\nD\u00f2ng s\u1ea3n ph\u1ea9m G10 \u0111\u01b0\u1ee3c \u0111\u1eb7c tr\u01b0ng b\u1edfi hi\u1ec7u su\u1ea5t ph\u00e1t hi\u1ec7n t\u1ed1i \u01b0u \u1edf b\u1ea5t c\u1ee9 n\u01a1i n\u00e0o c\u00f3 kh\u00f4ng gian h\u1ea1n ch\u1ebf. N\u00f3 h\u1ed7 tr\u1ee3 nhi\u1ec1u t\u00f9y ch\u1ecdn kh\u00e1c nhau v\u1ec1 quang h\u1ecdc, \u0111i\u1ec7n t\u1eed, nguy\u00ean l\u00fd ho\u1ea1t \u0111\u1ed9ng, ngu\u1ed3n \u0111i\u1ec7n v\u00e0 \u0111\u1ea7u ra chuy\u1ec3n \u0111\u1ed5i. K\u1ebft h\u1ee3p v\u1edbi nhi\u1ec1u lo\u1ea1i ph\u1ee5 ki\u1ec7n, nh\u1eefng c\u1ea3m bi\u1ebfn n\u00e0y c\u00f3 th\u1ec3 h\u1ed7 tr\u1ee3 nhi\u1ec1u \u1ee9ng d\u1ee5ng kh\u00e1c nhau. H\u1ec7 th\u1ed1ng l\u1eafp r\u00e1p Q-Lock \u0111\u01b0\u1ee3c c\u1ea5p b\u1eb1ng s\u00e1ng ch\u1ebf d\u00e0nh cho G10 gi\u00fap gi\u1ea3m th\u1eddi gian c\u1ea7n thi\u1ebft \u0111\u1ec3 l\u1eafp \u0111\u1eb7t v\u00e0 c\u0103n ch\u1ec9nh c\u1ea3m bi\u1ebfn v\u1edbi thanh l\u1eafp r\u00e1p xu\u1ed1ng ch\u1ec9 c\u00f2n v\u00e0i gi\u00e2y, khi\u1ebfn \u0111\u00e2y tr\u1edf th\u00e0nh s\u1ea3n ph\u1ea9m l\u00fd t\u01b0\u1edfng cho c\u00e1c \u1ee9ng d\u1ee5ng h\u1eadu c\u1ea7n. T\u00f3m t\u1eaft: D\u00f2ng s\u1ea3n ph\u1ea9m G10 cung c\u1ea5p kh\u1ea3 n\u0103ng l\u1eafp \u0111\u1eb7t c\u1ea3m bi\u1ebfn nhanh ch\u00f3ng v\u00e0 linh ho\u1ea1t, \u0111\u1ea3m b\u1ea3o ho\u1ea1t \u0111\u1ed9ng kh\u00f4ng c\u00f3 l\u1ed7i v\u00e0 ki\u1ec3m so\u00e1t chi ph\u00ed.[\/vc_column_text][\/vc_column][\/vc_row][vc_row][vc_column width=&#8221;1\/2&#8243;][vc_column_text]<strong>L\u1ee3i \u00cdch<\/strong><\/p>\n<ul>\n<li>Ph\u1ea1m vi c\u1ea3m bi\u1ebfn d\u00e0i \u0111\u1ec3 d\u1ef1 tr\u1eef ho\u1ea1t \u0111\u1ed9ng t\u1ed1i \u0111a<\/li>\n<li>C\u00e0i \u0111\u1eb7t hi\u1ec7u qu\u1ea3: H\u1ec7 th\u1ed1ng l\u1eafp r\u00e1p G10 v\u00e0 Q-Lock ti\u1ebft ki\u1ec7m th\u1eddi gian qu\u00fd gi\u00e1 khi l\u1eafp v\u00e0 v\u1eadn h\u00e0nh nhi\u1ec1u c\u1ea3m bi\u1ebfn<\/li>\n<li>M\u1ed9t d\u00f2ng c\u1ea3m bi\u1ebfn duy nh\u1ea5t cho t\u1ea5t c\u1ea3 c\u00e1c l\u0129nh v\u1ef1c \u1ee9ng d\u1ee5ng c\u00f4ng nghi\u1ec7p v\u00e0 th\u01b0\u01a1ng m\u1ea1i<\/li>\n<li>B\u1ed9 ngu\u1ed3n DC ho\u1eb7c AC\/DC ph\u1ed5 d\u1ee5ng mang l\u1ea1i t\u00ednh linh ho\u1ea1t \u1ee9ng d\u1ee5ng cao h\u01a1n n\u1eefa<\/li>\n<li>\u0110\u1ed9 tin c\u1eady v\u00e0 \u0111\u1ed9 b\u1ec1n cao b\u1ea5t ch\u1ea5p nhi\u1ec5u quang h\u1ecdc ho\u1eb7c t\u1ea3i tr\u1ecdng c\u01a1 h\u1ecdc<\/li>\n<li>Nhi\u1ec1u lo\u1ea1i ph\u1ee5 ki\u1ec7n gi\u00fap \u0111\u01a1n gi\u1ea3n h\u00f3a vi\u1ec7c t\u00edch h\u1ee3p c\u1ea3m bi\u1ebfn: h\u1ed7 tr\u1ee3 l\u1eafp r\u00e1p, k\u1ebft n\u1ed1i c\u00e1p v\u00e0 g\u01b0\u01a1ng ph\u1ea3n x\u1ea1<\/li>\n<\/ul>\n<p>[\/vc_column_text][\/vc_column][vc_column width=&#8221;1\/2&#8243;][vc_column_text]<strong>\u0110\u1eb7c \u0111i\u1ec3m<\/strong><\/p>\n<ul>\n<li>Ph\u1ea1m vi c\u1ea3m bi\u1ebfn d\u00e0i: 1.200 mm c\u00f3 tri\u1ec7t ti\u00eau n\u1ec1n; 15 m tr\u00ean ch\u00f3a ph\u1ea3n quang PL80A<\/li>\n<li>PinPoint LED v\u1edbi \u0111i\u1ec3m s\u00e1ng s\u00e1ng v\u00e0 ch\u00ednh x\u00e1c<\/li>\n<li>Thi\u1ebft k\u1ebf v\u1ecf nh\u1ecf<\/li>\n<li>Ngu\u1ed3n \u0111i\u1ec7n 10 \u2026 30 VDC ho\u1eb7c 24 \u2026 240 VAC\/VDC v\u1edbi \u0111\u1ea7u ra PNP\/NPN ho\u1eb7c r\u01a1le<\/li>\n<li>V\u1ecf c\u1ea3m bi\u1ebfn ch\u1eafc ch\u1eafn v\u1edbi c\u00e1c l\u1ed7 \u0111\u01b0\u1ee3c gia c\u1ed1 b\u1eb1ng kim lo\u1ea1i \u0111\u1ec3 l\u1eafp r\u00e1p<\/li>\n<li>H\u1ec7 th\u1ed1ng l\u1eafp r\u00e1p Q-Lock \u0111\u1ec3 g\u1eafn c\u1ea3m bi\u1ebfn trong v\u00f2ng v\u00e0i gi\u00e2y<\/li>\n<\/ul>\n<p>[\/vc_column_text][\/vc_column][\/vc_row]<\/p>\n<\/div>","protected":false},"excerpt":{"rendered":"<p>[vc_row][vc_column width=&#8221;1\/2&#8243;][vc_single_image image=&#8221;7502&#8243; img_size=&#8221;full&#8221; alignment=&#8221;center&#8221;][\/vc_column][vc_column width=&#8221;1\/2&#8243;][vc_custom_heading text=&#8221;C\u1ea3m bi\u1ebfn quang SICK G10&#8243; use_theme_fonts=&#8221;yes&#8221;][vc_column_text]Ph\u00e1t hi\u1ec7n m\u1ea1nh m\u1ebd, c\u00e0i \u0111\u1eb7t th\u00f4ng minh &#8211; \u0111\u1ebfn t\u1eebng chi ti\u1ebft cu\u1ed1i c\u00f9ng D\u00f2ng s\u1ea3n ph\u1ea9m G10 \u0111\u01b0\u1ee3c \u0111\u1eb7c tr\u01b0ng b\u1edfi hi\u1ec7u su\u1ea5t ph\u00e1t hi\u1ec7n t\u1ed1i \u01b0u \u1edf b\u1ea5t c\u1ee9 n\u01a1i n\u00e0o c\u00f3 kh\u00f4ng gian h\u1ea1n ch\u1ebf. N\u00f3 h\u1ed7 tr\u1ee3 nhi\u1ec1u t\u00f9y<\/p>\n","protected":false},"featured_media":7502,"comment_status":"closed","ping_status":"open","template":"","meta":[],"product_brand":[],"product_cat":[736],"product_tag":[],"class_list":{"0":"post-9173","1":"product","2":"type-product","3":"status-publish","4":"has-post-thumbnail","6":"product_cat-san-pham-sick-viet-namcam-bien-quang-sick","8":"first","9":"instock","10":"product-type-simple"},"acf":[],"yoast_head":"<!-- This site is optimized with the Yoast SEO plugin v25.1 - https:\/\/yoast.com\/wordpress\/plugins\/seo\/ -->\n<title>C\u1ea3m bi\u1ebfn quang SICK G10 - V\u0169 L\u00ea Tech<\/title>\n<meta name=\"robots\" content=\"index, follow, max-snippet:-1, max-image-preview:large, max-video-preview:-1\" \/>\n<link rel=\"canonical\" href=\"https:\/\/vuletech.com\/product\/cam-bien-quang-sick-g10\/\" \/>\n<meta property=\"og:locale\" content=\"en_US\" \/>\n<meta property=\"og:type\" content=\"article\" \/>\n<meta property=\"og:title\" content=\"C\u1ea3m bi\u1ebfn quang SICK G10 - V\u0169 L\u00ea Tech\" \/>\n<meta property=\"og:description\" content=\"[vc_row][vc_column width=&#8221;1\/2&#8243;][vc_single_image image=&#8221;7502&#8243; img_size=&#8221;full&#8221; alignment=&#8221;center&#8221;][\/vc_column][vc_column width=&#8221;1\/2&#8243;][vc_custom_heading text=&#8221;C\u1ea3m bi\u1ebfn quang SICK G10&#8243; use_theme_fonts=&#8221;yes&#8221;][vc_column_text]Ph\u00e1t hi\u1ec7n m\u1ea1nh m\u1ebd, c\u00e0i \u0111\u1eb7t th\u00f4ng minh &#8211; \u0111\u1ebfn t\u1eebng chi ti\u1ebft cu\u1ed1i c\u00f9ng D\u00f2ng s\u1ea3n ph\u1ea9m G10 \u0111\u01b0\u1ee3c \u0111\u1eb7c tr\u01b0ng b\u1edfi hi\u1ec7u su\u1ea5t ph\u00e1t hi\u1ec7n t\u1ed1i \u01b0u \u1edf b\u1ea5t c\u1ee9 n\u01a1i n\u00e0o c\u00f3 kh\u00f4ng gian h\u1ea1n ch\u1ebf. N\u00f3 h\u1ed7 tr\u1ee3 nhi\u1ec1u t\u00f9y\" \/>\n<meta property=\"og:url\" content=\"https:\/\/vuletech.com\/product\/cam-bien-quang-sick-g10\/\" \/>\n<meta property=\"og:site_name\" content=\"V\u0169 L\u00ea Tech\" \/>\n<meta property=\"article:modified_time\" content=\"2025-04-25T04:27:24+00:00\" \/>\n<meta property=\"og:image\" content=\"https:\/\/vuletech.com\/wp-content\/uploads\/2024\/04\/z5368992723019_5a2565335dbf5968cfa0bf825cab9476.jpg\" \/>\n\t<meta property=\"og:image:width\" content=\"1020\" \/>\n\t<meta property=\"og:image:height\" content=\"816\" \/>\n\t<meta property=\"og:image:type\" content=\"image\/jpeg\" \/>\n<meta name=\"twitter:card\" content=\"summary_large_image\" \/>\n<meta name=\"twitter:label1\" content=\"Est. reading time\" \/>\n\t<meta name=\"twitter:data1\" content=\"3 minutes\" \/>\n<script type=\"application\/ld+json\" class=\"yoast-schema-graph\">{\"@context\":\"https:\/\/schema.org\",\"@graph\":[{\"@type\":\"WebPage\",\"@id\":\"https:\/\/vuletech.com\/product\/cam-bien-quang-sick-g10\/\",\"url\":\"https:\/\/vuletech.com\/product\/cam-bien-quang-sick-g10\/\",\"name\":\"C\u1ea3m bi\u1ebfn quang SICK G10 - V\u0169 L\u00ea Tech\",\"isPartOf\":{\"@id\":\"https:\/\/vuletech.com\/#website\"},\"primaryImageOfPage\":{\"@id\":\"https:\/\/vuletech.com\/product\/cam-bien-quang-sick-g10\/#primaryimage\"},\"image\":{\"@id\":\"https:\/\/vuletech.com\/product\/cam-bien-quang-sick-g10\/#primaryimage\"},\"thumbnailUrl\":\"http:\/\/vuletech.com\/wp-content\/uploads\/2024\/04\/z5368992723019_5a2565335dbf5968cfa0bf825cab9476.jpg\",\"datePublished\":\"2025-04-25T04:27:20+00:00\",\"dateModified\":\"2025-04-25T04:27:24+00:00\",\"breadcrumb\":{\"@id\":\"https:\/\/vuletech.com\/product\/cam-bien-quang-sick-g10\/#breadcrumb\"},\"inLanguage\":\"en-US\",\"potentialAction\":[{\"@type\":\"ReadAction\",\"target\":[\"https:\/\/vuletech.com\/product\/cam-bien-quang-sick-g10\/\"]}]},{\"@type\":\"ImageObject\",\"inLanguage\":\"en-US\",\"@id\":\"https:\/\/vuletech.com\/product\/cam-bien-quang-sick-g10\/#primaryimage\",\"url\":\"http:\/\/vuletech.com\/wp-content\/uploads\/2024\/04\/z5368992723019_5a2565335dbf5968cfa0bf825cab9476.jpg\",\"contentUrl\":\"http:\/\/vuletech.com\/wp-content\/uploads\/2024\/04\/z5368992723019_5a2565335dbf5968cfa0bf825cab9476.jpg\",\"width\":1020,\"height\":816},{\"@type\":\"BreadcrumbList\",\"@id\":\"https:\/\/vuletech.com\/product\/cam-bien-quang-sick-g10\/#breadcrumb\",\"itemListElement\":[{\"@type\":\"ListItem\",\"position\":1,\"name\":\"Home\",\"item\":\"http:\/\/vuletech.com\/en\/\"},{\"@type\":\"ListItem\",\"position\":2,\"name\":\"Product\",\"item\":\"https:\/\/vuletech.com\/product\/\"},{\"@type\":\"ListItem\",\"position\":3,\"name\":\"C\u1ea3m bi\u1ebfn quang SICK G10\"}]},{\"@type\":\"WebSite\",\"@id\":\"https:\/\/vuletech.com\/#website\",\"url\":\"https:\/\/vuletech.com\/\",\"name\":\"V\u0169 L\u00ea Tech\",\"description\":\"Our Solution - Your Value\",\"potentialAction\":[{\"@type\":\"SearchAction\",\"target\":{\"@type\":\"EntryPoint\",\"urlTemplate\":\"https:\/\/vuletech.com\/?s={search_term_string}\"},\"query-input\":{\"@type\":\"PropertyValueSpecification\",\"valueRequired\":true,\"valueName\":\"search_term_string\"}}],\"inLanguage\":\"en-US\"}]}<\/script>\n<!-- \/ Yoast SEO plugin. -->","yoast_head_json":{"title":"C\u1ea3m bi\u1ebfn quang SICK G10 - V\u0169 L\u00ea Tech","robots":{"index":"index","follow":"follow","max-snippet":"max-snippet:-1","max-image-preview":"max-image-preview:large","max-video-preview":"max-video-preview:-1"},"canonical":"https:\/\/vuletech.com\/product\/cam-bien-quang-sick-g10\/","og_locale":"en_US","og_type":"article","og_title":"C\u1ea3m bi\u1ebfn quang SICK G10 - V\u0169 L\u00ea Tech","og_description":"[vc_row][vc_column width=&#8221;1\/2&#8243;][vc_single_image image=&#8221;7502&#8243; img_size=&#8221;full&#8221; alignment=&#8221;center&#8221;][\/vc_column][vc_column width=&#8221;1\/2&#8243;][vc_custom_heading text=&#8221;C\u1ea3m bi\u1ebfn quang SICK G10&#8243; use_theme_fonts=&#8221;yes&#8221;][vc_column_text]Ph\u00e1t hi\u1ec7n m\u1ea1nh m\u1ebd, c\u00e0i \u0111\u1eb7t th\u00f4ng minh &#8211; \u0111\u1ebfn t\u1eebng chi ti\u1ebft cu\u1ed1i c\u00f9ng D\u00f2ng s\u1ea3n ph\u1ea9m G10 \u0111\u01b0\u1ee3c \u0111\u1eb7c tr\u01b0ng b\u1edfi hi\u1ec7u su\u1ea5t ph\u00e1t hi\u1ec7n t\u1ed1i \u01b0u \u1edf b\u1ea5t c\u1ee9 n\u01a1i n\u00e0o c\u00f3 kh\u00f4ng gian h\u1ea1n ch\u1ebf. N\u00f3 h\u1ed7 tr\u1ee3 nhi\u1ec1u t\u00f9y","og_url":"https:\/\/vuletech.com\/product\/cam-bien-quang-sick-g10\/","og_site_name":"V\u0169 L\u00ea Tech","article_modified_time":"2025-04-25T04:27:24+00:00","og_image":[{"width":1020,"height":816,"url":"https:\/\/vuletech.com\/wp-content\/uploads\/2024\/04\/z5368992723019_5a2565335dbf5968cfa0bf825cab9476.jpg","type":"image\/jpeg"}],"twitter_card":"summary_large_image","twitter_misc":{"Est. reading time":"3 minutes"},"schema":{"@context":"https:\/\/schema.org","@graph":[{"@type":"WebPage","@id":"https:\/\/vuletech.com\/product\/cam-bien-quang-sick-g10\/","url":"https:\/\/vuletech.com\/product\/cam-bien-quang-sick-g10\/","name":"C\u1ea3m bi\u1ebfn quang SICK G10 - V\u0169 L\u00ea Tech","isPartOf":{"@id":"https:\/\/vuletech.com\/#website"},"primaryImageOfPage":{"@id":"https:\/\/vuletech.com\/product\/cam-bien-quang-sick-g10\/#primaryimage"},"image":{"@id":"https:\/\/vuletech.com\/product\/cam-bien-quang-sick-g10\/#primaryimage"},"thumbnailUrl":"http:\/\/vuletech.com\/wp-content\/uploads\/2024\/04\/z5368992723019_5a2565335dbf5968cfa0bf825cab9476.jpg","datePublished":"2025-04-25T04:27:20+00:00","dateModified":"2025-04-25T04:27:24+00:00","breadcrumb":{"@id":"https:\/\/vuletech.com\/product\/cam-bien-quang-sick-g10\/#breadcrumb"},"inLanguage":"en-US","potentialAction":[{"@type":"ReadAction","target":["https:\/\/vuletech.com\/product\/cam-bien-quang-sick-g10\/"]}]},{"@type":"ImageObject","inLanguage":"en-US","@id":"https:\/\/vuletech.com\/product\/cam-bien-quang-sick-g10\/#primaryimage","url":"http:\/\/vuletech.com\/wp-content\/uploads\/2024\/04\/z5368992723019_5a2565335dbf5968cfa0bf825cab9476.jpg","contentUrl":"http:\/\/vuletech.com\/wp-content\/uploads\/2024\/04\/z5368992723019_5a2565335dbf5968cfa0bf825cab9476.jpg","width":1020,"height":816},{"@type":"BreadcrumbList","@id":"https:\/\/vuletech.com\/product\/cam-bien-quang-sick-g10\/#breadcrumb","itemListElement":[{"@type":"ListItem","position":1,"name":"Home","item":"http:\/\/vuletech.com\/en\/"},{"@type":"ListItem","position":2,"name":"Product","item":"https:\/\/vuletech.com\/product\/"},{"@type":"ListItem","position":3,"name":"C\u1ea3m bi\u1ebfn quang SICK G10"}]},{"@type":"WebSite","@id":"https:\/\/vuletech.com\/#website","url":"https:\/\/vuletech.com\/","name":"V\u0169 L\u00ea Tech","description":"Our Solution - Your Value","potentialAction":[{"@type":"SearchAction","target":{"@type":"EntryPoint","urlTemplate":"https:\/\/vuletech.com\/?s={search_term_string}"},"query-input":{"@type":"PropertyValueSpecification","valueRequired":true,"valueName":"search_term_string"}}],"inLanguage":"en-US"}]}},"_links":{"self":[{"href":"http:\/\/vuletech.com\/en\/wp-json\/wp\/v2\/product\/9173","targetHints":{"allow":["GET"]}}],"collection":[{"href":"http:\/\/vuletech.com\/en\/wp-json\/wp\/v2\/product"}],"about":[{"href":"http:\/\/vuletech.com\/en\/wp-json\/wp\/v2\/types\/product"}],"replies":[{"embeddable":true,"href":"http:\/\/vuletech.com\/en\/wp-json\/wp\/v2\/comments?post=9173"}],"wp:featuredmedia":[{"embeddable":true,"href":"http:\/\/vuletech.com\/en\/wp-json\/wp\/v2\/media\/7502"}],"wp:attachment":[{"href":"http:\/\/vuletech.com\/en\/wp-json\/wp\/v2\/media?parent=9173"}],"wp:term":[{"taxonomy":"product_brand","embeddable":true,"href":"http:\/\/vuletech.com\/en\/wp-json\/wp\/v2\/product_brand?post=9173"},{"taxonomy":"product_cat","embeddable":true,"href":"http:\/\/vuletech.com\/en\/wp-json\/wp\/v2\/product_cat?post=9173"},{"taxonomy":"product_tag","embeddable":true,"href":"http:\/\/vuletech.com\/en\/wp-json\/wp\/v2\/product_tag?post=9173"}],"curies":[{"name":"wp","href":"https:\/\/api.w.org\/{rel}","templated":true}]}}