{"id":9174,"date":"2025-04-25T11:27:20","date_gmt":"2025-04-25T04:27:20","guid":{"rendered":"https:\/\/vuletech.com\/product\/cam-bien-quang-sick-w2\/"},"modified":"2025-04-25T11:27:24","modified_gmt":"2025-04-25T04:27:24","slug":"cam-bien-quang-sick-w2","status":"publish","type":"product","link":"http:\/\/vuletech.com\/en\/product\/cam-bien-quang-sick-w2\/","title":{"rendered":"C\u1ea3m bi\u1ebfn quang SICK W2"},"content":{"rendered":"<div class=\"wpb-content-wrapper\"><p>[vc_row][vc_column width=&#8221;1\/2&#8243;][vc_single_image image=&#8221;7512&#8243; img_size=&#8221;full&#8221; alignment=&#8221;center&#8221;][\/vc_column][vc_column width=&#8221;1\/2&#8243;][vc_custom_heading text=&#8221;C\u1ea3m bi\u1ebfn quang SICK W2&#8243; use_theme_fonts=&#8221;yes&#8221;][vc_column_text]<strong>C\u1ea3m bi\u1ebfn quang \u0111i\u1ec7n thu nh\u1ecf ch\u00ednh x\u00e1c \u0111\u1ec3 s\u1eed d\u1ee5ng trong kh\u00f4ng gian l\u1eafp \u0111\u1eb7t ch\u1eadt h\u1eb9p<\/strong><br \/>\nC\u1ea3m bi\u1ebfn quang \u0111i\u1ec7n thu nh\u1ecf thu\u1ed9c d\u00f2ng s\u1ea3n ph\u1ea9m W2 k\u1ebft h\u1ee3p kh\u1ea3 n\u0103ng ph\u00e1t hi\u1ec7n \u0111\u1ed1i t\u01b0\u1ee3ng ch\u00ednh x\u00e1c v\u1edbi \u0111\u1ed9 an to\u00e0n v\u1eadn h\u00e0nh cao. H\u1ec7 th\u1ed1ng quang h\u1ecdc m\u1ea1nh m\u1ebd c\u1ee7a W2 c\u00f3 t\u1ef7 l\u1ec7 ph\u1ea1m vi k\u00edch th\u01b0\u1edbc tr\u00ean c\u1ea3m bi\u1ebfn v\u01b0\u1ee3t tr\u1ed9i. \u0110i\u1ec1u n\u00e0y c\u00f3 ngh\u0129a l\u00e0 n\u00f3 th\u1eadm ch\u00ed c\u00f3 th\u1ec3 ph\u00e1t hi\u1ec7n ch\u00ednh x\u00e1c c\u00e1c v\u1eadt th\u1ec3 \u0111en tuy\u1ec1n. C\u1ea3m bi\u1ebfn quang \u0111i\u1ec7n thu nh\u1ecf c\u00f3 s\u1eb5n \u1edf d\u1ea1ng v\u1ecf m\u1ecfng ho\u1eb7c v\u1ecf ph\u1eb3ng v\u00e0 nh\u1edd thi\u1ebft k\u1ebf r\u1ea5t nh\u1ecf n\u00ean c\u00f3 th\u1ec3 \u0111\u01b0\u1ee3c t\u00edch h\u1ee3p d\u1ec5 d\u00e0ng v\u00e0 g\u1ecdn nh\u1eb9 ngay c\u1ea3 trong c\u00e1c h\u1ec7 th\u1ed1ng kh\u00f3 ti\u1ebfp c\u1eadn.[\/vc_column_text][\/vc_column][\/vc_row][vc_row][vc_column width=&#8221;1\/2&#8243;][vc_column_text]<strong>L\u1ee3i \u00cdch<\/strong><\/p>\n<ul>\n<li>\u0110\u1ed9 ch\u00ednh x\u00e1c cao trong qu\u00e1 tr\u00ecnh ph\u00e1t hi\u1ec7n \u0111\u1ed1i t\u01b0\u1ee3ng ngay c\u1ea3 v\u1edbi c\u00e1c v\u1eadt th\u1ec3 \u0111en tuy\u1ec1n<\/li>\n<li>T\u00edch h\u1ee3p ti\u1ebft ki\u1ec7m kh\u00f4ng gian trong c\u00e1c h\u1ec7 th\u1ed1ng thu nh\u1ecf v\u00e0 kh\u00f4ng gian l\u1eafp \u0111\u1eb7t r\u1ea5t ch\u1eadt h\u1eb9p<\/li>\n<li>C\u0103n ch\u1ec9nh, v\u1eadn h\u00e0nh v\u00e0 gi\u00e1m s\u00e1t nhanh ch\u00f3ng v\u00e0 d\u1ec5 d\u00e0ng<\/li>\n<li>M\u1ee9c \u0111\u1ed9 linh ho\u1ea1t cao nh\u1edd c\u00e1c t\u00f9y ch\u1ecdn l\u1eafp \u0111\u1eb7t v\u00e0 \u1ee9ng d\u1ee5ng \u0111a d\u1ea1ng<\/li>\n<\/ul>\n<p>[\/vc_column_text][\/vc_column][vc_column width=&#8221;1\/2&#8243;][vc_column_text]<strong>\u0110\u1eb7c \u0111i\u1ec3m<\/strong><\/p>\n<ul>\n<li>\u0110\u1ed9 ch\u00ednh x\u00e1c \u0111i\u1ec3m chuy\u1ec3n m\u1ea1ch cao v\u00e0 t\u1ef7 l\u1ec7 ph\u1ea1m vi c\u1ea3m bi\u1ebfn k\u00edch th\u01b0\u1edbc tuy\u1ec7t v\u1eddi<\/li>\n<li>V\u1ecf c\u1ea3m bi\u1ebfn r\u1ea5t nh\u1ecf: c\u00f3 s\u1eb5n d\u01b0\u1edbi d\u1ea1ng W2 Slim ho\u1eb7c W2 Flat<\/li>\n<li>\u0110i\u1ec3m s\u00e1ng \u0111\u1ed3ng \u0111\u1ec1u, r\u1ea5t r\u00f5 r\u00e0ng nh\u1edd PinPoint LED<\/li>\n<li>T\u00f9y ch\u1ecdn c\u1ea5u h\u00ecnh th\u00f4ng qua c\u00f4ng ngh\u1ec7 IO-Link<\/li>\n<\/ul>\n<p>[\/vc_column_text][\/vc_column][\/vc_row][vc_row][vc_column][vc_single_image image=&#8221;7511&#8243; img_size=&#8221;full&#8221; alignment=&#8221;center&#8221;][vc_column_text]<strong>Ph\u00e1t hi\u1ec7n \u0111\u1ed1i t\u01b0\u1ee3ng ch\u00ednh x\u00e1c \u2013 ngay c\u1ea3 v\u1edbi c\u00e1c \u0111\u1ed1i t\u01b0\u1ee3ng c\u00f3 m\u00e0u \u0111en \u0111\u1eadm<\/strong><br \/>\nC\u1ea3m bi\u1ebfn quang \u0111i\u1ec7n thu nh\u1ecf thu\u1ed9c d\u00f2ng s\u1ea3n ph\u1ea9m W2 \u0111\u01b0\u1ee3c \u0111\u1eb7c tr\u01b0ng b\u1edfi kh\u1ea3 n\u0103ng ph\u00e1t hi\u1ec7n \u0111\u1ed1i t\u01b0\u1ee3ng ch\u00ednh x\u00e1c v\u00e0 \u0111\u1ed9 tin c\u1eady quang h\u1ecdc cao. C\u00e1c c\u1ea3m bi\u1ebfn c\u0169ng c\u00f3 th\u1ec3 x\u00e1c \u0111\u1ecbnh c\u00e1c v\u1eadt th\u1ec3 c\u00f3 m\u00e0u \u0111en s\u00e2u ho\u1eb7c ph\u1ea3n chi\u1ebfu m\u1ed9t c\u00e1ch \u0111\u00e1ng tin c\u1eady.[\/vc_column_text][\/vc_column][\/vc_row][vc_row][vc_column width=&#8221;1\/3&#8243;][vc_single_image image=&#8221;7510&#8243; img_size=&#8221;full&#8221; alignment=&#8221;center&#8221;][vc_column_text]H\u00e0nh vi chuy\u1ec3n \u0111\u1ed5i ch\u00ednh x\u00e1c v\u00e0 ch\u1ea5t l\u01b0\u1ee3ng ph\u00e1t hi\u1ec7n cao cho ph\u00e9p ph\u00e1t hi\u1ec7n \u0111\u1ed1i t\u01b0\u1ee3ng ph\u1ed5 qu\u00e1t[\/vc_column_text][\/vc_column][vc_column width=&#8221;1\/3&#8243;][vc_single_image image=&#8221;7509&#8243; img_size=&#8221;full&#8221; alignment=&#8221;center&#8221;][vc_column_text]\u0110\u00e8n LED PinPoint \u0111\u1ea3m b\u1ea3o ph\u00e1t hi\u1ec7n ch\u00ednh x\u00e1c v\u00e0 l\u1eb7p l\u1ea1i c\u00e1c v\u1eadt th\u1ec3[\/vc_column_text][\/vc_column][vc_column width=&#8221;1\/3&#8243;][vc_single_image image=&#8221;7508&#8243; img_size=&#8221;full&#8221; alignment=&#8221;center&#8221;][vc_column_text]H\u1ec7 th\u1ed1ng quang h\u1ecdc m\u1ea1nh m\u1ebd gi\u00fap ph\u00e1t hi\u1ec7n c\u1ea3 nh\u1eefng v\u1eadt th\u1ec3 c\u00f3 m\u00e0u \u0111en s\u00e2u v\u1edbi h\u1ec7 s\u1ed1 ph\u1ea3n x\u1ea1 l\u00e0 1%[\/vc_column_text][\/vc_column][\/vc_row][vc_row][vc_column][vc_single_image image=&#8221;7507&#8243; img_size=&#8221;full&#8221; alignment=&#8221;center&#8221;][vc_column_text]<strong>T\u00edch h\u1ee3p ti\u1ebft ki\u1ec7m kh\u00f4ng gian v\u00e0 v\u1eadn h\u00e0nh d\u1ec5 d\u00e0ng<\/strong><br \/>\nM\u00e1y m\u00f3c, h\u1ec7 th\u1ed1ng ng\u00e0y c\u00e0ng tr\u1edf n\u00ean nh\u1ecf g\u1ecdn h\u01a1n. C\u1ea3m bi\u1ebfn quang \u0111i\u1ec7n thu nh\u1ecf thu\u1ed9c d\u00f2ng s\u1ea3n ph\u1ea9m W2 c\u00f3 th\u1ec3 \u0111\u01b0\u1ee3c t\u00edch h\u1ee3p \u1edf nh\u1eefng n\u01a1i c\u00f3 kh\u00f4ng gian l\u1eafp \u0111\u1eb7t ch\u1eadt h\u1eb9p. C\u1ea3m bi\u1ebfn quang \u0111i\u1ec7n thu nh\u1ecf c\u00f3 s\u1eb5n \u1edf d\u1ea1ng v\u1ecf m\u1ecfng ho\u1eb7c v\u1ecf ph\u1eb3ng, khi\u1ebfn ch\u00fang tr\u1edf n\u00ean \u0111\u1eb7c bi\u1ec7t linh ho\u1ea1t khi l\u1eafp \u0111\u1eb7t. Ngo\u00e0i ra, \u0111\u00e8n LED PinPoint t\u00edch h\u1ee3p gi\u00fap vi\u1ec7c c\u0103n ch\u1ec9nh v\u00e0 v\u1eadn h\u00e0nh c\u1ea3m bi\u1ebfn tr\u1edf n\u00ean d\u1ec5 d\u00e0ng.[\/vc_column_text][\/vc_column][\/vc_row][vc_row][vc_column width=&#8221;1\/3&#8243;][vc_single_image image=&#8221;7506&#8243; img_size=&#8221;full&#8221; alignment=&#8221;center&#8221;][vc_column_text]V\u1ecf c\u1ea3m bi\u1ebfn nh\u1ecf g\u1ecdn c\u00f3 th\u1ec3 d\u1ec5 d\u00e0ng l\u1eafp \u0111\u1eb7t v\u00e0o nh\u1eefng v\u1ecb tr\u00ed r\u1ea5t ch\u1eadt h\u1eb9p \u0111\u1ec3 ti\u1ebft ki\u1ec7m kh\u00f4ng gian[\/vc_column_text][\/vc_column][vc_column width=&#8221;1\/3&#8243;][vc_single_image image=&#8221;7504&#8243;][vc_column_text]\u0110i\u1ec3m s\u00e1ng \u0111\u1ed3ng \u0111\u1ec1u, d\u1ec5 nh\u00ecn th\u1ea5y t\u1ea1o \u0111i\u1ec1u ki\u1ec7n thu\u1eadn l\u1ee3i cho vi\u1ec7c c\u0103n ch\u1ec9nh v\u00e0 v\u1eadn h\u00e0nh c\u1ea3m bi\u1ebfn[\/vc_column_text][\/vc_column][vc_column width=&#8221;1\/3&#8243;][vc_single_image image=&#8221;7503&#8243; img_size=&#8221;full&#8221; alignment=&#8221;center&#8221;][vc_column_text]C\u1ea3m bi\u1ebfn c\u00f3 th\u1ec3 \u0111\u01b0\u1ee3c g\u1eafn tr\u1ef1c ti\u1ebfp v\u00e0o c\u00e1c b\u1ed9 ph\u1eadn c\u1ee7a m\u00e1y m\u1ed9t c\u00e1ch nhanh ch\u00f3ng v\u00e0 d\u1ec5 d\u00e0ng[\/vc_column_text][\/vc_column][\/vc_row][vc_row][vc_column][vc_single_image image=&#8221;7505&#8243; img_size=&#8221;full&#8221; alignment=&#8221;center&#8221;][vc_column_text]<strong>M\u1ecdi th\u1ee9 \u0111\u1ec1u \u0111\u01b0\u1ee3c ki\u1ec3m so\u00e1t nh\u1edd IO-Link<\/strong><br \/>\nC\u1ea3m bi\u1ebfn quang \u0111i\u1ec7n thu nh\u1ecf thu\u1ed9c d\u00f2ng s\u1ea3n ph\u1ea9m W2 c\u00f3 ch\u1ee9c n\u0103ng ch\u1ea9n \u0111o\u00e1n v\u00e0 c\u00e0i \u0111\u1eb7t t\u1eeb xa m\u1edf r\u1ed9ng, ch\u1eb3ng h\u1ea1n nh\u01b0 c\u00f3 th\u1ec3 \u0111\u01b0\u1ee3c s\u1eed d\u1ee5ng \u0111\u1ec3 l\u1eadp tr\u00ecnh ph\u1ea1m vi c\u1ea3m bi\u1ebfn v\u1edbi \u0111\u1ed9 ch\u00ednh x\u00e1c \u0111\u1ebfn t\u1eebng milimet v\u00e0 ki\u1ec3m tra ch\u1ea5t l\u01b0\u1ee3ng c\u00e0i \u0111\u1eb7t b\u1ea5t k\u1ef3 l\u00fac n\u00e0o. Nh\u1edd IO-Link, c\u00e1c c\u1ea3m bi\u1ebfn kh\u00f4ng c\u00f2n ph\u1ea3i truy c\u1eadp \u0111\u01b0\u1ee3c \u0111\u1ec3 tham s\u1ed1 h\u00f3a v\u00e0 gi\u00e1m s\u00e1t, \u0111i\u1ec1u n\u00e0y \u0111\u1eb7c bi\u1ec7t c\u00f3 l\u1ee3i cho c\u00e1c c\u1ea3m bi\u1ebfn \u0111\u01b0\u1ee3c l\u1eafp \u0111\u1eb7t g\u1ea7n nhau. C\u00e1c bi\u1ebfn th\u1ec3 c\u1ea3m bi\u1ebfn ri\u00eang l\u1ebb c\u0169ng \u0111\u01b0\u1ee3c trang b\u1ecb c\u00e1c ch\u1ee9c n\u0103ng t\u1ef1 \u0111\u1ed9ng h\u00f3a nh\u01b0 ch\u1ee9c n\u0103ng \u0111\u1ebfm, ph\u1ea3n x\u1ea1 v\u00e0 \u0111\u00f3ng d\u1ea5u th\u1eddi gian.[\/vc_column_text][\/vc_column][\/vc_row]<\/p>\n<\/div>","protected":false},"excerpt":{"rendered":"<p>[vc_row][vc_column width=&#8221;1\/2&#8243;][vc_single_image image=&#8221;7512&#8243; img_size=&#8221;full&#8221; alignment=&#8221;center&#8221;][\/vc_column][vc_column width=&#8221;1\/2&#8243;][vc_custom_heading text=&#8221;C\u1ea3m bi\u1ebfn quang SICK W2&#8243; use_theme_fonts=&#8221;yes&#8221;][vc_column_text]C\u1ea3m bi\u1ebfn quang \u0111i\u1ec7n thu nh\u1ecf ch\u00ednh x\u00e1c \u0111\u1ec3 s\u1eed d\u1ee5ng trong kh\u00f4ng gian l\u1eafp \u0111\u1eb7t ch\u1eadt h\u1eb9p C\u1ea3m bi\u1ebfn quang \u0111i\u1ec7n thu nh\u1ecf thu\u1ed9c d\u00f2ng s\u1ea3n ph\u1ea9m W2 k\u1ebft h\u1ee3p kh\u1ea3 n\u0103ng ph\u00e1t hi\u1ec7n \u0111\u1ed1i t\u01b0\u1ee3ng ch\u00ednh x\u00e1c v\u1edbi \u0111\u1ed9 an to\u00e0n v\u1eadn<\/p>\n","protected":false},"featured_media":7511,"comment_status":"closed","ping_status":"open","template":"","meta":[],"product_brand":[],"product_cat":[736],"product_tag":[],"class_list":{"0":"post-9174","1":"product","2":"type-product","3":"status-publish","4":"has-post-thumbnail","6":"product_cat-san-pham-sick-viet-namcam-bien-quang-sick","8":"first","9":"instock","10":"product-type-simple"},"acf":[],"yoast_head":"<!-- This site is optimized with the Yoast SEO plugin v25.1 - https:\/\/yoast.com\/wordpress\/plugins\/seo\/ -->\n<title>C\u1ea3m bi\u1ebfn quang SICK W2 - V\u0169 L\u00ea Tech<\/title>\n<meta name=\"robots\" content=\"index, follow, max-snippet:-1, max-image-preview:large, max-video-preview:-1\" \/>\n<link rel=\"canonical\" href=\"https:\/\/vuletech.com\/product\/cam-bien-quang-sick-w2\/\" \/>\n<meta property=\"og:locale\" content=\"en_US\" \/>\n<meta property=\"og:type\" content=\"article\" \/>\n<meta property=\"og:title\" content=\"C\u1ea3m bi\u1ebfn quang SICK W2 - V\u0169 L\u00ea Tech\" \/>\n<meta property=\"og:description\" content=\"[vc_row][vc_column width=&#8221;1\/2&#8243;][vc_single_image image=&#8221;7512&#8243; img_size=&#8221;full&#8221; alignment=&#8221;center&#8221;][\/vc_column][vc_column width=&#8221;1\/2&#8243;][vc_custom_heading text=&#8221;C\u1ea3m bi\u1ebfn quang SICK W2&#8243; use_theme_fonts=&#8221;yes&#8221;][vc_column_text]C\u1ea3m bi\u1ebfn quang \u0111i\u1ec7n thu nh\u1ecf ch\u00ednh x\u00e1c \u0111\u1ec3 s\u1eed d\u1ee5ng trong kh\u00f4ng gian l\u1eafp \u0111\u1eb7t ch\u1eadt h\u1eb9p C\u1ea3m bi\u1ebfn quang \u0111i\u1ec7n thu nh\u1ecf thu\u1ed9c d\u00f2ng s\u1ea3n ph\u1ea9m W2 k\u1ebft h\u1ee3p kh\u1ea3 n\u0103ng ph\u00e1t hi\u1ec7n \u0111\u1ed1i t\u01b0\u1ee3ng ch\u00ednh x\u00e1c v\u1edbi \u0111\u1ed9 an to\u00e0n v\u1eadn\" \/>\n<meta property=\"og:url\" content=\"https:\/\/vuletech.com\/product\/cam-bien-quang-sick-w2\/\" \/>\n<meta property=\"og:site_name\" content=\"V\u0169 L\u00ea Tech\" \/>\n<meta property=\"article:modified_time\" content=\"2025-04-25T04:27:24+00:00\" \/>\n<meta property=\"og:image\" content=\"https:\/\/vuletech.com\/wp-content\/uploads\/2024\/04\/z5369083290677_0806812a9b5423ffc3fd853944dfb9be.jpg\" \/>\n\t<meta property=\"og:image:width\" content=\"1680\" \/>\n\t<meta property=\"og:image:height\" content=\"420\" \/>\n\t<meta property=\"og:image:type\" content=\"image\/jpeg\" \/>\n<meta name=\"twitter:card\" content=\"summary_large_image\" \/>\n<meta name=\"twitter:label1\" content=\"Est. reading time\" \/>\n\t<meta name=\"twitter:data1\" content=\"6 minutes\" \/>\n<script type=\"application\/ld+json\" class=\"yoast-schema-graph\">{\"@context\":\"https:\/\/schema.org\",\"@graph\":[{\"@type\":\"WebPage\",\"@id\":\"https:\/\/vuletech.com\/product\/cam-bien-quang-sick-w2\/\",\"url\":\"https:\/\/vuletech.com\/product\/cam-bien-quang-sick-w2\/\",\"name\":\"C\u1ea3m bi\u1ebfn quang SICK W2 - V\u0169 L\u00ea Tech\",\"isPartOf\":{\"@id\":\"https:\/\/vuletech.com\/#website\"},\"primaryImageOfPage\":{\"@id\":\"https:\/\/vuletech.com\/product\/cam-bien-quang-sick-w2\/#primaryimage\"},\"image\":{\"@id\":\"https:\/\/vuletech.com\/product\/cam-bien-quang-sick-w2\/#primaryimage\"},\"thumbnailUrl\":\"http:\/\/vuletech.com\/wp-content\/uploads\/2024\/04\/z5369083290677_0806812a9b5423ffc3fd853944dfb9be.jpg\",\"datePublished\":\"2025-04-25T04:27:20+00:00\",\"dateModified\":\"2025-04-25T04:27:24+00:00\",\"breadcrumb\":{\"@id\":\"https:\/\/vuletech.com\/product\/cam-bien-quang-sick-w2\/#breadcrumb\"},\"inLanguage\":\"en-US\",\"potentialAction\":[{\"@type\":\"ReadAction\",\"target\":[\"https:\/\/vuletech.com\/product\/cam-bien-quang-sick-w2\/\"]}]},{\"@type\":\"ImageObject\",\"inLanguage\":\"en-US\",\"@id\":\"https:\/\/vuletech.com\/product\/cam-bien-quang-sick-w2\/#primaryimage\",\"url\":\"http:\/\/vuletech.com\/wp-content\/uploads\/2024\/04\/z5369083290677_0806812a9b5423ffc3fd853944dfb9be.jpg\",\"contentUrl\":\"http:\/\/vuletech.com\/wp-content\/uploads\/2024\/04\/z5369083290677_0806812a9b5423ffc3fd853944dfb9be.jpg\",\"width\":1680,\"height\":420},{\"@type\":\"BreadcrumbList\",\"@id\":\"https:\/\/vuletech.com\/product\/cam-bien-quang-sick-w2\/#breadcrumb\",\"itemListElement\":[{\"@type\":\"ListItem\",\"position\":1,\"name\":\"Home\",\"item\":\"http:\/\/vuletech.com\/en\/\"},{\"@type\":\"ListItem\",\"position\":2,\"name\":\"Product\",\"item\":\"https:\/\/vuletech.com\/product\/\"},{\"@type\":\"ListItem\",\"position\":3,\"name\":\"C\u1ea3m bi\u1ebfn quang SICK W2\"}]},{\"@type\":\"WebSite\",\"@id\":\"https:\/\/vuletech.com\/#website\",\"url\":\"https:\/\/vuletech.com\/\",\"name\":\"V\u0169 L\u00ea Tech\",\"description\":\"Our Solution - Your Value\",\"potentialAction\":[{\"@type\":\"SearchAction\",\"target\":{\"@type\":\"EntryPoint\",\"urlTemplate\":\"https:\/\/vuletech.com\/?s={search_term_string}\"},\"query-input\":{\"@type\":\"PropertyValueSpecification\",\"valueRequired\":true,\"valueName\":\"search_term_string\"}}],\"inLanguage\":\"en-US\"}]}<\/script>\n<!-- \/ Yoast SEO plugin. -->","yoast_head_json":{"title":"C\u1ea3m bi\u1ebfn quang SICK W2 - V\u0169 L\u00ea Tech","robots":{"index":"index","follow":"follow","max-snippet":"max-snippet:-1","max-image-preview":"max-image-preview:large","max-video-preview":"max-video-preview:-1"},"canonical":"https:\/\/vuletech.com\/product\/cam-bien-quang-sick-w2\/","og_locale":"en_US","og_type":"article","og_title":"C\u1ea3m bi\u1ebfn quang SICK W2 - V\u0169 L\u00ea Tech","og_description":"[vc_row][vc_column width=&#8221;1\/2&#8243;][vc_single_image image=&#8221;7512&#8243; img_size=&#8221;full&#8221; alignment=&#8221;center&#8221;][\/vc_column][vc_column width=&#8221;1\/2&#8243;][vc_custom_heading text=&#8221;C\u1ea3m bi\u1ebfn quang SICK W2&#8243; use_theme_fonts=&#8221;yes&#8221;][vc_column_text]C\u1ea3m bi\u1ebfn quang \u0111i\u1ec7n thu nh\u1ecf ch\u00ednh x\u00e1c \u0111\u1ec3 s\u1eed d\u1ee5ng trong kh\u00f4ng gian l\u1eafp \u0111\u1eb7t ch\u1eadt h\u1eb9p C\u1ea3m bi\u1ebfn quang \u0111i\u1ec7n thu nh\u1ecf thu\u1ed9c d\u00f2ng s\u1ea3n ph\u1ea9m W2 k\u1ebft h\u1ee3p kh\u1ea3 n\u0103ng ph\u00e1t hi\u1ec7n \u0111\u1ed1i t\u01b0\u1ee3ng ch\u00ednh x\u00e1c v\u1edbi \u0111\u1ed9 an to\u00e0n v\u1eadn","og_url":"https:\/\/vuletech.com\/product\/cam-bien-quang-sick-w2\/","og_site_name":"V\u0169 L\u00ea Tech","article_modified_time":"2025-04-25T04:27:24+00:00","og_image":[{"width":1680,"height":420,"url":"https:\/\/vuletech.com\/wp-content\/uploads\/2024\/04\/z5369083290677_0806812a9b5423ffc3fd853944dfb9be.jpg","type":"image\/jpeg"}],"twitter_card":"summary_large_image","twitter_misc":{"Est. reading time":"6 minutes"},"schema":{"@context":"https:\/\/schema.org","@graph":[{"@type":"WebPage","@id":"https:\/\/vuletech.com\/product\/cam-bien-quang-sick-w2\/","url":"https:\/\/vuletech.com\/product\/cam-bien-quang-sick-w2\/","name":"C\u1ea3m bi\u1ebfn quang SICK W2 - V\u0169 L\u00ea Tech","isPartOf":{"@id":"https:\/\/vuletech.com\/#website"},"primaryImageOfPage":{"@id":"https:\/\/vuletech.com\/product\/cam-bien-quang-sick-w2\/#primaryimage"},"image":{"@id":"https:\/\/vuletech.com\/product\/cam-bien-quang-sick-w2\/#primaryimage"},"thumbnailUrl":"http:\/\/vuletech.com\/wp-content\/uploads\/2024\/04\/z5369083290677_0806812a9b5423ffc3fd853944dfb9be.jpg","datePublished":"2025-04-25T04:27:20+00:00","dateModified":"2025-04-25T04:27:24+00:00","breadcrumb":{"@id":"https:\/\/vuletech.com\/product\/cam-bien-quang-sick-w2\/#breadcrumb"},"inLanguage":"en-US","potentialAction":[{"@type":"ReadAction","target":["https:\/\/vuletech.com\/product\/cam-bien-quang-sick-w2\/"]}]},{"@type":"ImageObject","inLanguage":"en-US","@id":"https:\/\/vuletech.com\/product\/cam-bien-quang-sick-w2\/#primaryimage","url":"http:\/\/vuletech.com\/wp-content\/uploads\/2024\/04\/z5369083290677_0806812a9b5423ffc3fd853944dfb9be.jpg","contentUrl":"http:\/\/vuletech.com\/wp-content\/uploads\/2024\/04\/z5369083290677_0806812a9b5423ffc3fd853944dfb9be.jpg","width":1680,"height":420},{"@type":"BreadcrumbList","@id":"https:\/\/vuletech.com\/product\/cam-bien-quang-sick-w2\/#breadcrumb","itemListElement":[{"@type":"ListItem","position":1,"name":"Home","item":"http:\/\/vuletech.com\/en\/"},{"@type":"ListItem","position":2,"name":"Product","item":"https:\/\/vuletech.com\/product\/"},{"@type":"ListItem","position":3,"name":"C\u1ea3m bi\u1ebfn quang SICK W2"}]},{"@type":"WebSite","@id":"https:\/\/vuletech.com\/#website","url":"https:\/\/vuletech.com\/","name":"V\u0169 L\u00ea Tech","description":"Our Solution - Your Value","potentialAction":[{"@type":"SearchAction","target":{"@type":"EntryPoint","urlTemplate":"https:\/\/vuletech.com\/?s={search_term_string}"},"query-input":{"@type":"PropertyValueSpecification","valueRequired":true,"valueName":"search_term_string"}}],"inLanguage":"en-US"}]}},"_links":{"self":[{"href":"http:\/\/vuletech.com\/en\/wp-json\/wp\/v2\/product\/9174","targetHints":{"allow":["GET"]}}],"collection":[{"href":"http:\/\/vuletech.com\/en\/wp-json\/wp\/v2\/product"}],"about":[{"href":"http:\/\/vuletech.com\/en\/wp-json\/wp\/v2\/types\/product"}],"replies":[{"embeddable":true,"href":"http:\/\/vuletech.com\/en\/wp-json\/wp\/v2\/comments?post=9174"}],"wp:featuredmedia":[{"embeddable":true,"href":"http:\/\/vuletech.com\/en\/wp-json\/wp\/v2\/media\/7511"}],"wp:attachment":[{"href":"http:\/\/vuletech.com\/en\/wp-json\/wp\/v2\/media?parent=9174"}],"wp:term":[{"taxonomy":"product_brand","embeddable":true,"href":"http:\/\/vuletech.com\/en\/wp-json\/wp\/v2\/product_brand?post=9174"},{"taxonomy":"product_cat","embeddable":true,"href":"http:\/\/vuletech.com\/en\/wp-json\/wp\/v2\/product_cat?post=9174"},{"taxonomy":"product_tag","embeddable":true,"href":"http:\/\/vuletech.com\/en\/wp-json\/wp\/v2\/product_tag?post=9174"}],"curies":[{"name":"wp","href":"https:\/\/api.w.org\/{rel}","templated":true}]}}