{"id":4990,"date":"2022-06-22T10:28:18","date_gmt":"2022-06-22T03:28:18","guid":{"rendered":"https:\/\/vuletech.com\/?page_id=4990"},"modified":"2022-06-22T10:28:18","modified_gmt":"2022-06-22T03:28:18","slug":"industries","status":"publish","type":"page","link":"https:\/\/vuletech.com\/en\/industries\/","title":{"rendered":"Industries"},"content":{"rendered":"<div class=\"wpb-content-wrapper\"><p>[vc_row][vc_column]<div class=\"danhmuc-sanpham\">\n\t <div class=\"row\">\n    \t<div class=\"col-lg-3 col-md-4 col-sm-6 col-12\">\n\t<div class=\"category-item mb-4\">\n <div class=\"thumb\">\n\t <a href=\"https:\/\/vuletech.com\/en\/danh-muc-dich-vu\/food-drinks\/\">\n\t\t <img decoding=\"async\" src=\"https:\/\/vuletech.com\/wp-content\/uploads\/2020\/08\/Th\u1ef1c-ph\u1ea9m.png\" \/><\/a>\n\t\t<\/div>\n\t\t<h3 class=\"title text-primary\"><a href=\"https:\/\/vuletech.com\/en\/danh-muc-dich-vu\/food-drinks\/\">Food &amp; Drinks<\/a><\/h3>\n<\/div>\n<\/div>\n \t<div class=\"col-lg-3 col-md-4 col-sm-6 col-12\">\n\t<div class=\"category-item mb-4\">\n <div class=\"thumb\">\n\t <a href=\"https:\/\/vuletech.com\/en\/danh-muc-dich-vu\/electronic-device\/\">\n\t\t <img decoding=\"async\" src=\"https:\/\/vuletech.com\/wp-content\/uploads\/2020\/08\/Thi\u1ebft-b\u1ecb-\u0111i\u1ec7n-t\u1eed.png\" \/><\/a>\n\t\t<\/div>\n\t\t<h3 class=\"title text-primary\"><a href=\"https:\/\/vuletech.com\/en\/danh-muc-dich-vu\/electronic-device\/\">Electronic device<\/a><\/h3>\n<\/div>\n<\/div>\n \t<div class=\"col-lg-3 col-md-4 col-sm-6 col-12\">\n\t<div class=\"category-item mb-4\">\n <div class=\"thumb\">\n\t <a href=\"https:\/\/vuletech.com\/en\/danh-muc-dich-vu\/robotic-en\/\">\n\t\t <img decoding=\"async\" src=\"https:\/\/vuletech.com\/wp-content\/uploads\/2020\/08\/Robotic.png\" \/><\/a>\n\t\t<\/div>\n\t\t<h3 class=\"title text-primary\"><a href=\"https:\/\/vuletech.com\/en\/danh-muc-dich-vu\/robotic-en\/\">Robotic<\/a><\/h3>\n<\/div>\n<\/div>\n \t<div class=\"col-lg-3 col-md-4 col-sm-6 col-12\">\n\t<div class=\"category-item mb-4\">\n <div class=\"thumb\">\n\t <a href=\"https:\/\/vuletech.com\/en\/danh-muc-dich-vu\/automobile-industry\/\">\n\t\t <img decoding=\"async\" src=\"https:\/\/vuletech.com\/wp-content\/uploads\/2020\/08\/T\u1ef1-\u0111\u1ed9ng-h\u00f3a.png\" \/><\/a>\n\t\t<\/div>\n\t\t<h3 class=\"title text-primary\"><a href=\"https:\/\/vuletech.com\/en\/danh-muc-dich-vu\/automobile-industry\/\">Automobile Industry<\/a><\/h3>\n<\/div>\n<\/div>\n \t<div class=\"col-lg-3 col-md-4 col-sm-6 col-12\">\n\t<div class=\"category-item mb-4\">\n <div class=\"thumb\">\n\t <a href=\"https:\/\/vuletech.com\/en\/danh-muc-dich-vu\/logistic-en\/\">\n\t\t <img decoding=\"async\" src=\"https:\/\/vuletech.com\/wp-content\/uploads\/2021\/08\/Thiet-ke-khong-ten-3.png\" \/><\/a>\n\t\t<\/div>\n\t\t<h3 class=\"title text-primary\"><a href=\"https:\/\/vuletech.com\/en\/danh-muc-dich-vu\/logistic-en\/\">Logistic<\/a><\/h3>\n<\/div>\n<\/div>\n \t<div class=\"col-lg-3 col-md-4 col-sm-6 col-12\">\n\t<div class=\"category-item mb-4\">\n <div class=\"thumb\">\n\t <a href=\"https:\/\/vuletech.com\/en\/danh-muc-dich-vu\/metal-paper\/\">\n\t\t <img decoding=\"async\" src=\"https:\/\/vuletech.com\/wp-content\/uploads\/2020\/08\/Kim-lo\u1ea1i-Gi\u1ea5y.png\" \/><\/a>\n\t\t<\/div>\n\t\t<h3 class=\"title text-primary\"><a href=\"https:\/\/vuletech.com\/en\/danh-muc-dich-vu\/metal-paper\/\">Metal &amp; Paper<\/a><\/h3>\n<\/div>\n<\/div>\n \t<div class=\"col-lg-3 col-md-4 col-sm-6 col-12\">\n\t<div class=\"category-item mb-4\">\n <div class=\"thumb\">\n\t <a href=\"https:\/\/vuletech.com\/en\/danh-muc-dich-vu\/chemistry\/\">\n\t\t <img decoding=\"async\" src=\"https:\/\/vuletech.com\/wp-content\/uploads\/2020\/08\/H\u00f3a-ch\u1ea5t-Ch\u1ea5t-th\u1ea3i.png\" \/><\/a>\n\t\t<\/div>\n\t\t<h3 class=\"title text-primary\"><a href=\"https:\/\/vuletech.com\/en\/danh-muc-dich-vu\/chemistry\/\">Chemistry<\/a><\/h3>\n<\/div>\n<\/div>\n \t<div class=\"col-lg-3 col-md-4 col-sm-6 col-12\">\n\t<div class=\"category-item mb-4\">\n <div class=\"thumb\">\n\t <a href=\"https:\/\/vuletech.com\/en\/danh-muc-dich-vu\/consumer-goods\/\">\n\t\t <img decoding=\"async\" src=\"https:\/\/vuletech.com\/wp-content\/uploads\/2020\/08\/H\u00e0ng-ti\u00eau-d\u00f9ng.jpg\" \/><\/a>\n\t\t<\/div>\n\t\t<h3 class=\"title text-primary\"><a href=\"https:\/\/vuletech.com\/en\/danh-muc-dich-vu\/consumer-goods\/\">Consumer goods<\/a><\/h3>\n<\/div>\n<\/div>\n \t<div class=\"col-lg-3 col-md-4 col-sm-6 col-12\">\n\t<div class=\"category-item mb-4\">\n <div class=\"thumb\">\n\t <a href=\"https:\/\/vuletech.com\/en\/danh-muc-dich-vu\/oil-and-gas\/\">\n\t\t <img decoding=\"async\" src=\"https:\/\/vuletech.com\/wp-content\/uploads\/2020\/08\/D\u1ea7u-kh\u00ed.png\" \/><\/a>\n\t\t<\/div>\n\t\t<h3 class=\"title text-primary\"><a href=\"https:\/\/vuletech.com\/en\/danh-muc-dich-vu\/oil-and-gas\/\">Oil and Gas<\/a><\/h3>\n<\/div>\n<\/div>\n \t<div class=\"col-lg-3 col-md-4 col-sm-6 col-12\">\n\t<div class=\"category-item mb-4\">\n <div class=\"thumb\">\n\t <a href=\"https:\/\/vuletech.com\/en\/danh-muc-dich-vu\/medicine\/\">\n\t\t <img decoding=\"async\" src=\"https:\/\/vuletech.com\/wp-content\/uploads\/2020\/08\/D\u01b0\u1ee3c-ph\u1ea9m.png\" \/><\/a>\n\t\t<\/div>\n\t\t<h3 class=\"title text-primary\"><a href=\"https:\/\/vuletech.com\/en\/danh-muc-dich-vu\/medicine\/\">Medicine<\/a><\/h3>\n<\/div>\n<\/div>\n \t\t <\/div>\n    <\/div>\n[\/vc_column][\/vc_row]<\/p>\n<\/div>","protected":false},"excerpt":{"rendered":"<p>[vc_row][vc_column][\/vc_column][\/vc_row]<\/p>\n","protected":false},"author":1,"featured_media":0,"parent":0,"menu_order":0,"comment_status":"closed","ping_status":"closed","template":"page-templates\/fullwidthpage.php","meta":{"footnotes":""},"class_list":["post-4990","page","type-page","status-publish","hentry"],"acf":[],"yoast_head":"<!-- This site is optimized with the Yoast SEO plugin v25.1 - https:\/\/yoast.com\/wordpress\/plugins\/seo\/ -->\n<title>Industries - V\u0169 L\u00ea Tech<\/title>\n<meta name=\"robots\" content=\"index, follow, max-snippet:-1, max-image-preview:large, max-video-preview:-1\" \/>\n<link rel=\"canonical\" href=\"http:\/\/vuletech.com\/industries\/\" \/>\n<meta property=\"og:locale\" content=\"en_US\" \/>\n<meta property=\"og:type\" content=\"article\" \/>\n<meta property=\"og:title\" content=\"Industries - V\u0169 L\u00ea Tech\" \/>\n<meta property=\"og:description\" content=\"[vc_row][vc_column][\/vc_column][\/vc_row]\" \/>\n<meta property=\"og:url\" content=\"http:\/\/vuletech.com\/industries\/\" \/>\n<meta property=\"og:site_name\" content=\"V\u0169 L\u00ea Tech\" \/>\n<meta name=\"twitter:card\" content=\"summary_large_image\" \/>\n<script type=\"application\/ld+json\" class=\"yoast-schema-graph\">{\"@context\":\"https:\/\/schema.org\",\"@graph\":[{\"@type\":\"WebPage\",\"@id\":\"http:\/\/vuletech.com\/industries\/\",\"url\":\"http:\/\/vuletech.com\/industries\/\",\"name\":\"Industries - V\u0169 L\u00ea Tech\",\"isPartOf\":{\"@id\":\"http:\/\/vuletech.com\/#website\"},\"datePublished\":\"2022-06-22T03:28:18+00:00\",\"breadcrumb\":{\"@id\":\"http:\/\/vuletech.com\/industries\/#breadcrumb\"},\"inLanguage\":\"en-US\",\"potentialAction\":[{\"@type\":\"ReadAction\",\"target\":[\"http:\/\/vuletech.com\/industries\/\"]}]},{\"@type\":\"BreadcrumbList\",\"@id\":\"http:\/\/vuletech.com\/industries\/#breadcrumb\",\"itemListElement\":[{\"@type\":\"ListItem\",\"position\":1,\"name\":\"Home\",\"item\":\"https:\/\/vuletech.com\/en\/\"},{\"@type\":\"ListItem\",\"position\":2,\"name\":\"Industries\"}]},{\"@type\":\"WebSite\",\"@id\":\"http:\/\/vuletech.com\/#website\",\"url\":\"http:\/\/vuletech.com\/\",\"name\":\"V\u0169 L\u00ea Tech\",\"description\":\"Our Solution - Your Value\",\"potentialAction\":[{\"@type\":\"SearchAction\",\"target\":{\"@type\":\"EntryPoint\",\"urlTemplate\":\"http:\/\/vuletech.com\/?s={search_term_string}\"},\"query-input\":{\"@type\":\"PropertyValueSpecification\",\"valueRequired\":true,\"valueName\":\"search_term_string\"}}],\"inLanguage\":\"en-US\"}]}<\/script>\n<!-- \/ Yoast SEO plugin. -->","yoast_head_json":{"title":"Industries - V\u0169 L\u00ea Tech","robots":{"index":"index","follow":"follow","max-snippet":"max-snippet:-1","max-image-preview":"max-image-preview:large","max-video-preview":"max-video-preview:-1"},"canonical":"http:\/\/vuletech.com\/industries\/","og_locale":"en_US","og_type":"article","og_title":"Industries - V\u0169 L\u00ea Tech","og_description":"[vc_row][vc_column][\/vc_column][\/vc_row]","og_url":"http:\/\/vuletech.com\/industries\/","og_site_name":"V\u0169 L\u00ea Tech","twitter_card":"summary_large_image","schema":{"@context":"https:\/\/schema.org","@graph":[{"@type":"WebPage","@id":"http:\/\/vuletech.com\/industries\/","url":"http:\/\/vuletech.com\/industries\/","name":"Industries - V\u0169 L\u00ea Tech","isPartOf":{"@id":"http:\/\/vuletech.com\/#website"},"datePublished":"2022-06-22T03:28:18+00:00","breadcrumb":{"@id":"http:\/\/vuletech.com\/industries\/#breadcrumb"},"inLanguage":"en-US","potentialAction":[{"@type":"ReadAction","target":["http:\/\/vuletech.com\/industries\/"]}]},{"@type":"BreadcrumbList","@id":"http:\/\/vuletech.com\/industries\/#breadcrumb","itemListElement":[{"@type":"ListItem","position":1,"name":"Home","item":"https:\/\/vuletech.com\/en\/"},{"@type":"ListItem","position":2,"name":"Industries"}]},{"@type":"WebSite","@id":"http:\/\/vuletech.com\/#website","url":"http:\/\/vuletech.com\/","name":"V\u0169 L\u00ea Tech","description":"Our Solution - Your Value","potentialAction":[{"@type":"SearchAction","target":{"@type":"EntryPoint","urlTemplate":"http:\/\/vuletech.com\/?s={search_term_string}"},"query-input":{"@type":"PropertyValueSpecification","valueRequired":true,"valueName":"search_term_string"}}],"inLanguage":"en-US"}]}},"_links":{"self":[{"href":"https:\/\/vuletech.com\/en\/wp-json\/wp\/v2\/pages\/4990","targetHints":{"allow":["GET"]}}],"collection":[{"href":"https:\/\/vuletech.com\/en\/wp-json\/wp\/v2\/pages"}],"about":[{"href":"https:\/\/vuletech.com\/en\/wp-json\/wp\/v2\/types\/page"}],"author":[{"embeddable":true,"href":"https:\/\/vuletech.com\/en\/wp-json\/wp\/v2\/users\/1"}],"replies":[{"embeddable":true,"href":"https:\/\/vuletech.com\/en\/wp-json\/wp\/v2\/comments?post=4990"}],"version-history":[{"count":1,"href":"https:\/\/vuletech.com\/en\/wp-json\/wp\/v2\/pages\/4990\/revisions"}],"predecessor-version":[{"id":4991,"href":"https:\/\/vuletech.com\/en\/wp-json\/wp\/v2\/pages\/4990\/revisions\/4991"}],"wp:attachment":[{"href":"https:\/\/vuletech.com\/en\/wp-json\/wp\/v2\/media?parent=4990"}],"curies":[{"name":"wp","href":"https:\/\/api.w.org\/{rel}","templated":true}]}}