{"id":5004,"date":"2022-06-22T14:05:56","date_gmt":"2022-06-22T07:05:56","guid":{"rendered":"https:\/\/vuletech.com\/?page_id=5004"},"modified":"2022-06-22T14:05:56","modified_gmt":"2022-06-22T07:05:56","slug":"hanh-trinh","status":"publish","type":"page","link":"https:\/\/vuletech.com\/en\/introduce\/hanh-trinh\/","title":{"rendered":"H\u00e0nh tr\u00ecnh"},"content":{"rendered":"<div class=\"wpb-content-wrapper\"><p>[vc_row][vc_column][vc_custom_heading text=&#8221;VULETECH&#8217;S JOURNEY&#8221; use_theme_fonts=&#8221;yes&#8221;]<div class=\"wt-separator-outer \">\n                                    <div class=\"wt-separator style-square\">\n                                        <span class=\"separator-left bg-primary\"><\/span>\n                                        <span class=\"separator-right bg-primary\"><\/span>\n                                    <\/div>\n                                <\/div>\n[vc_single_image image=&#8221;4956&#8243; img_size=&#8221;full&#8221; alignment=&#8221;center&#8221;][\/vc_column][\/vc_row]<\/p>\n<\/div>","protected":false},"excerpt":{"rendered":"<p>[vc_row][vc_column][vc_custom_heading text=&#8221;VULETECH&#8217;S JOURNEY&#8221; use_theme_fonts=&#8221;yes&#8221;][vc_single_image image=&#8221;4956&#8243; img_size=&#8221;full&#8221; alignment=&#8221;center&#8221;][\/vc_column][\/vc_row]<\/p>\n","protected":false},"author":1,"featured_media":0,"parent":4985,"menu_order":0,"comment_status":"closed","ping_status":"closed","template":"page-templates\/fullwidthpage.php","meta":{"footnotes":""},"class_list":["post-5004","page","type-page","status-publish","hentry"],"acf":[],"yoast_head":"<!-- This site is optimized with the Yoast SEO plugin v25.1 - https:\/\/yoast.com\/wordpress\/plugins\/seo\/ -->\n<title>H\u00e0nh tr\u00ecnh - V\u0169 L\u00ea Tech<\/title>\n<meta name=\"robots\" content=\"index, follow, max-snippet:-1, max-image-preview:large, max-video-preview:-1\" \/>\n<link rel=\"canonical\" href=\"http:\/\/vuletech.com\/gioi-thieu\/hanh-trinh\/\" \/>\n<meta property=\"og:locale\" content=\"en_US\" \/>\n<meta property=\"og:type\" content=\"article\" \/>\n<meta property=\"og:title\" content=\"H\u00e0nh tr\u00ecnh - V\u0169 L\u00ea Tech\" \/>\n<meta property=\"og:description\" content=\"[vc_row][vc_column][vc_custom_heading text=&#8221;VULETECH&#8217;S JOURNEY&#8221; use_theme_fonts=&#8221;yes&#8221;][vc_single_image image=&#8221;4956&#8243; img_size=&#8221;full&#8221; alignment=&#8221;center&#8221;][\/vc_column][\/vc_row]\" \/>\n<meta property=\"og:url\" content=\"http:\/\/vuletech.com\/gioi-thieu\/hanh-trinh\/\" \/>\n<meta property=\"og:site_name\" content=\"V\u0169 L\u00ea Tech\" \/>\n<meta name=\"twitter:card\" content=\"summary_large_image\" \/>\n<script type=\"application\/ld+json\" class=\"yoast-schema-graph\">{\"@context\":\"https:\/\/schema.org\",\"@graph\":[{\"@type\":\"WebPage\",\"@id\":\"http:\/\/vuletech.com\/gioi-thieu\/hanh-trinh\/\",\"url\":\"http:\/\/vuletech.com\/gioi-thieu\/hanh-trinh\/\",\"name\":\"H\u00e0nh tr\u00ecnh - V\u0169 L\u00ea Tech\",\"isPartOf\":{\"@id\":\"http:\/\/vuletech.com\/#website\"},\"datePublished\":\"2022-06-22T07:05:56+00:00\",\"breadcrumb\":{\"@id\":\"http:\/\/vuletech.com\/gioi-thieu\/hanh-trinh\/#breadcrumb\"},\"inLanguage\":\"en-US\",\"potentialAction\":[{\"@type\":\"ReadAction\",\"target\":[\"http:\/\/vuletech.com\/gioi-thieu\/hanh-trinh\/\"]}]},{\"@type\":\"BreadcrumbList\",\"@id\":\"http:\/\/vuletech.com\/gioi-thieu\/hanh-trinh\/#breadcrumb\",\"itemListElement\":[{\"@type\":\"ListItem\",\"position\":1,\"name\":\"Home\",\"item\":\"http:\/\/vuletech.com\/en\/\"},{\"@type\":\"ListItem\",\"position\":2,\"name\":\"Introduce\",\"item\":\"https:\/\/vuletech.com\/gioi-thieu\/\"},{\"@type\":\"ListItem\",\"position\":3,\"name\":\"H\u00e0nh tr\u00ecnh\"}]},{\"@type\":\"WebSite\",\"@id\":\"http:\/\/vuletech.com\/#website\",\"url\":\"http:\/\/vuletech.com\/\",\"name\":\"V\u0169 L\u00ea Tech\",\"description\":\"Our Solution - Your Value\",\"potentialAction\":[{\"@type\":\"SearchAction\",\"target\":{\"@type\":\"EntryPoint\",\"urlTemplate\":\"http:\/\/vuletech.com\/?s={search_term_string}\"},\"query-input\":{\"@type\":\"PropertyValueSpecification\",\"valueRequired\":true,\"valueName\":\"search_term_string\"}}],\"inLanguage\":\"en-US\"}]}<\/script>\n<!-- \/ Yoast SEO plugin. -->","yoast_head_json":{"title":"H\u00e0nh tr\u00ecnh - V\u0169 L\u00ea Tech","robots":{"index":"index","follow":"follow","max-snippet":"max-snippet:-1","max-image-preview":"max-image-preview:large","max-video-preview":"max-video-preview:-1"},"canonical":"http:\/\/vuletech.com\/gioi-thieu\/hanh-trinh\/","og_locale":"en_US","og_type":"article","og_title":"H\u00e0nh tr\u00ecnh - V\u0169 L\u00ea Tech","og_description":"[vc_row][vc_column][vc_custom_heading text=&#8221;VULETECH&#8217;S JOURNEY&#8221; use_theme_fonts=&#8221;yes&#8221;][vc_single_image image=&#8221;4956&#8243; img_size=&#8221;full&#8221; alignment=&#8221;center&#8221;][\/vc_column][\/vc_row]","og_url":"http:\/\/vuletech.com\/gioi-thieu\/hanh-trinh\/","og_site_name":"V\u0169 L\u00ea Tech","twitter_card":"summary_large_image","schema":{"@context":"https:\/\/schema.org","@graph":[{"@type":"WebPage","@id":"http:\/\/vuletech.com\/gioi-thieu\/hanh-trinh\/","url":"http:\/\/vuletech.com\/gioi-thieu\/hanh-trinh\/","name":"H\u00e0nh tr\u00ecnh - V\u0169 L\u00ea Tech","isPartOf":{"@id":"http:\/\/vuletech.com\/#website"},"datePublished":"2022-06-22T07:05:56+00:00","breadcrumb":{"@id":"http:\/\/vuletech.com\/gioi-thieu\/hanh-trinh\/#breadcrumb"},"inLanguage":"en-US","potentialAction":[{"@type":"ReadAction","target":["http:\/\/vuletech.com\/gioi-thieu\/hanh-trinh\/"]}]},{"@type":"BreadcrumbList","@id":"http:\/\/vuletech.com\/gioi-thieu\/hanh-trinh\/#breadcrumb","itemListElement":[{"@type":"ListItem","position":1,"name":"Home","item":"http:\/\/vuletech.com\/en\/"},{"@type":"ListItem","position":2,"name":"Introduce","item":"https:\/\/vuletech.com\/gioi-thieu\/"},{"@type":"ListItem","position":3,"name":"H\u00e0nh tr\u00ecnh"}]},{"@type":"WebSite","@id":"http:\/\/vuletech.com\/#website","url":"http:\/\/vuletech.com\/","name":"V\u0169 L\u00ea Tech","description":"Our Solution - Your Value","potentialAction":[{"@type":"SearchAction","target":{"@type":"EntryPoint","urlTemplate":"http:\/\/vuletech.com\/?s={search_term_string}"},"query-input":{"@type":"PropertyValueSpecification","valueRequired":true,"valueName":"search_term_string"}}],"inLanguage":"en-US"}]}},"_links":{"self":[{"href":"https:\/\/vuletech.com\/en\/wp-json\/wp\/v2\/pages\/5004","targetHints":{"allow":["GET"]}}],"collection":[{"href":"https:\/\/vuletech.com\/en\/wp-json\/wp\/v2\/pages"}],"about":[{"href":"https:\/\/vuletech.com\/en\/wp-json\/wp\/v2\/types\/page"}],"author":[{"embeddable":true,"href":"https:\/\/vuletech.com\/en\/wp-json\/wp\/v2\/users\/1"}],"replies":[{"embeddable":true,"href":"https:\/\/vuletech.com\/en\/wp-json\/wp\/v2\/comments?post=5004"}],"version-history":[{"count":1,"href":"https:\/\/vuletech.com\/en\/wp-json\/wp\/v2\/pages\/5004\/revisions"}],"predecessor-version":[{"id":5005,"href":"https:\/\/vuletech.com\/en\/wp-json\/wp\/v2\/pages\/5004\/revisions\/5005"}],"up":[{"embeddable":true,"href":"https:\/\/vuletech.com\/en\/wp-json\/wp\/v2\/pages\/4985"}],"wp:attachment":[{"href":"https:\/\/vuletech.com\/en\/wp-json\/wp\/v2\/media?parent=5004"}],"curies":[{"name":"wp","href":"https:\/\/api.w.org\/{rel}","templated":true}]}}