{"id":10010,"date":"2025-08-29T15:17:19","date_gmt":"2025-08-29T08:17:19","guid":{"rendered":"https:\/\/vuletech.com\/product\/cs-dm-20v024-2\/"},"modified":"2025-08-29T15:17:20","modified_gmt":"2025-08-29T08:17:20","slug":"cs-dm-20v024-2","status":"publish","type":"product","link":"https:\/\/vuletech.com\/en\/product\/cs-dm-20v024-2\/","title":{"rendered":"CS DM-20V024"},"content":{"rendered":"<p>Input:<br \/>\n\u0110i\u1ec7n tr\u1edf tr\u00ean m\u1ed7i \u0111\u1ea7u v\u00e0o: \u2264 50 W.<br \/>\nD\u00f2ng \u0111i\u1ec7n tr\u00ean m\u1ed7i \u0111\u1ea7u v\u00e0o: 30 mA.<br \/>\nTh\u1eddi gian ph\u1ea3n h\u1ed3i: < 20 ms.\nOutput:\nD\u00f2ng t\u1ed1i \u0111a tr\u00ean m\u1ed7i ti\u1ebfp \u0111i\u1ec3m: 6 A.\nD\u00f2ng t\u1ed1i thi\u1ec3u: 10 mA.\n\u0110i\u1ec7n tr\u1edf tr\u00ean m\u1ed7i ti\u1ebfp \u0111i\u1ec3m: \u2264 100 mW.\n<\/p>\n","protected":false},"excerpt":{"rendered":"<p>M\u00f4-\u0111un an to\u00e0n gi\u00e1m s\u00e1t thi\u1ebft b\u1ecb \u0111i\u1ec1u khi\u1ec3n hai tay, m\u1ee5c IIIA theo ti\u00eau chu\u1ea9n ISO 13851.<br \/>\nM\u1ee9c an to\u00e0n: PL e, SIL 3.<br \/>\nOutput: 2 NO (safety).<br \/>\nInput: 2 k\u00eanh c\u00f3 th\u1ec3 k\u1ebft n\u1ed1i v\u1edbi ti\u1ebfp \u0111i\u1ec3m \u0111i\u1ec7n t\u1eed ho\u1eb7c \u0111i\u1ec1u khi\u1ec3n 2 tay.<br \/>\nC\u1ea5u h\u00ecnh kh\u1edfi \u0111\u1ed9ng: T\u1ef1 \u0111\u1ed9ng, Th\u1ee7 c\u00f4ng.<br \/>\nNgu\u1ed3n c\u1ea5p: 24 Vac\/dc.<br \/>\nKi\u1ec3u k\u1ebft n\u1ed1i: V\u00edt c\u1ed1 \u0111\u1ecbnh.<\/p>\n","protected":false},"featured_media":9946,"comment_status":"closed","ping_status":"closed","template":"","meta":[],"product_brand":[823],"product_cat":[825],"product_tag":[],"class_list":{"0":"post-10010","1":"product","2":"type-product","3":"status-publish","4":"has-post-thumbnail","6":"product_brand-pizzato","7":"product_cat-thiet-bi-dien-pizzato-elettrica","9":"first","10":"instock","11":"shipping-taxable","12":"product-type-simple"},"acf":[],"yoast_head":"<!-- This site is optimized with the Yoast SEO plugin v25.1 - https:\/\/yoast.com\/wordpress\/plugins\/seo\/ -->\n<title>CS DM-20V024 - V\u0169 L\u00ea Tech<\/title>\n<meta name=\"robots\" content=\"index, follow, max-snippet:-1, max-image-preview:large, max-video-preview:-1\" \/>\n<link rel=\"canonical\" href=\"http:\/\/vuletech.com\/product\/cs-dm-20v024-2\/\" \/>\n<meta property=\"og:locale\" content=\"en_US\" \/>\n<meta property=\"og:type\" content=\"article\" \/>\n<meta property=\"og:title\" content=\"CS DM-20V024 - V\u0169 L\u00ea Tech\" \/>\n<meta property=\"og:description\" content=\"M\u00f4-\u0111un an to\u00e0n gi\u00e1m s\u00e1t thi\u1ebft b\u1ecb \u0111i\u1ec1u khi\u1ec3n hai tay, m\u1ee5c IIIA theo ti\u00eau chu\u1ea9n ISO 13851. M\u1ee9c an to\u00e0n: PL e, SIL 3. Output: 2 NO (safety). Input: 2 k\u00eanh c\u00f3 th\u1ec3 k\u1ebft n\u1ed1i v\u1edbi ti\u1ebfp \u0111i\u1ec3m \u0111i\u1ec7n t\u1eed ho\u1eb7c \u0111i\u1ec1u khi\u1ec3n 2 tay. C\u1ea5u h\u00ecnh kh\u1edfi \u0111\u1ed9ng: T\u1ef1 \u0111\u1ed9ng, Th\u1ee7 c\u00f4ng. Ngu\u1ed3n c\u1ea5p: 24 Vac\/dc. Ki\u1ec3u k\u1ebft n\u1ed1i: V\u00edt c\u1ed1 \u0111\u1ecbnh.\" \/>\n<meta property=\"og:url\" content=\"http:\/\/vuletech.com\/product\/cs-dm-20v024-2\/\" \/>\n<meta property=\"og:site_name\" content=\"V\u0169 L\u00ea Tech\" \/>\n<meta property=\"article:modified_time\" content=\"2025-08-29T08:17:20+00:00\" \/>\n<meta property=\"og:image\" content=\"http:\/\/vuletech.com\/wp-content\/uploads\/2025\/08\/Picture1.jpg\" \/>\n\t<meta property=\"og:image:width\" content=\"226\" \/>\n\t<meta property=\"og:image:height\" content=\"201\" \/>\n\t<meta property=\"og:image:type\" content=\"image\/jpeg\" \/>\n<meta name=\"twitter:card\" content=\"summary_large_image\" \/>\n<script type=\"application\/ld+json\" class=\"yoast-schema-graph\">{\"@context\":\"https:\/\/schema.org\",\"@graph\":[{\"@type\":\"WebPage\",\"@id\":\"http:\/\/vuletech.com\/product\/cs-dm-20v024-2\/\",\"url\":\"http:\/\/vuletech.com\/product\/cs-dm-20v024-2\/\",\"name\":\"CS DM-20V024 - V\u0169 L\u00ea Tech\",\"isPartOf\":{\"@id\":\"http:\/\/vuletech.com\/#website\"},\"primaryImageOfPage\":{\"@id\":\"http:\/\/vuletech.com\/product\/cs-dm-20v024-2\/#primaryimage\"},\"image\":{\"@id\":\"http:\/\/vuletech.com\/product\/cs-dm-20v024-2\/#primaryimage\"},\"thumbnailUrl\":\"https:\/\/vuletech.com\/wp-content\/uploads\/2025\/08\/Picture1.jpg\",\"datePublished\":\"2025-08-29T08:17:19+00:00\",\"dateModified\":\"2025-08-29T08:17:20+00:00\",\"breadcrumb\":{\"@id\":\"http:\/\/vuletech.com\/product\/cs-dm-20v024-2\/#breadcrumb\"},\"inLanguage\":\"en-US\",\"potentialAction\":[{\"@type\":\"ReadAction\",\"target\":[\"http:\/\/vuletech.com\/product\/cs-dm-20v024-2\/\"]}]},{\"@type\":\"ImageObject\",\"inLanguage\":\"en-US\",\"@id\":\"http:\/\/vuletech.com\/product\/cs-dm-20v024-2\/#primaryimage\",\"url\":\"https:\/\/vuletech.com\/wp-content\/uploads\/2025\/08\/Picture1.jpg\",\"contentUrl\":\"https:\/\/vuletech.com\/wp-content\/uploads\/2025\/08\/Picture1.jpg\",\"width\":226,\"height\":201},{\"@type\":\"BreadcrumbList\",\"@id\":\"http:\/\/vuletech.com\/product\/cs-dm-20v024-2\/#breadcrumb\",\"itemListElement\":[{\"@type\":\"ListItem\",\"position\":1,\"name\":\"Home\",\"item\":\"http:\/\/vuletech.com\/en\/\"},{\"@type\":\"ListItem\",\"position\":2,\"name\":\"Product\",\"item\":\"https:\/\/vuletech.com\/product\/\"},{\"@type\":\"ListItem\",\"position\":3,\"name\":\"CS DM-20V024\"}]},{\"@type\":\"WebSite\",\"@id\":\"http:\/\/vuletech.com\/#website\",\"url\":\"http:\/\/vuletech.com\/\",\"name\":\"V\u0169 L\u00ea Tech\",\"description\":\"Our Solution - Your Value\",\"potentialAction\":[{\"@type\":\"SearchAction\",\"target\":{\"@type\":\"EntryPoint\",\"urlTemplate\":\"http:\/\/vuletech.com\/?s={search_term_string}\"},\"query-input\":{\"@type\":\"PropertyValueSpecification\",\"valueRequired\":true,\"valueName\":\"search_term_string\"}}],\"inLanguage\":\"en-US\"}]}<\/script>\n<!-- \/ Yoast SEO plugin. -->","yoast_head_json":{"title":"CS DM-20V024 - V\u0169 L\u00ea Tech","robots":{"index":"index","follow":"follow","max-snippet":"max-snippet:-1","max-image-preview":"max-image-preview:large","max-video-preview":"max-video-preview:-1"},"canonical":"http:\/\/vuletech.com\/product\/cs-dm-20v024-2\/","og_locale":"en_US","og_type":"article","og_title":"CS DM-20V024 - V\u0169 L\u00ea Tech","og_description":"M\u00f4-\u0111un an to\u00e0n gi\u00e1m s\u00e1t thi\u1ebft b\u1ecb \u0111i\u1ec1u khi\u1ec3n hai tay, m\u1ee5c IIIA theo ti\u00eau chu\u1ea9n ISO 13851. M\u1ee9c an to\u00e0n: PL e, SIL 3. Output: 2 NO (safety). Input: 2 k\u00eanh c\u00f3 th\u1ec3 k\u1ebft n\u1ed1i v\u1edbi ti\u1ebfp \u0111i\u1ec3m \u0111i\u1ec7n t\u1eed ho\u1eb7c \u0111i\u1ec1u khi\u1ec3n 2 tay. C\u1ea5u h\u00ecnh kh\u1edfi \u0111\u1ed9ng: T\u1ef1 \u0111\u1ed9ng, Th\u1ee7 c\u00f4ng. Ngu\u1ed3n c\u1ea5p: 24 Vac\/dc. Ki\u1ec3u k\u1ebft n\u1ed1i: V\u00edt c\u1ed1 \u0111\u1ecbnh.","og_url":"http:\/\/vuletech.com\/product\/cs-dm-20v024-2\/","og_site_name":"V\u0169 L\u00ea Tech","article_modified_time":"2025-08-29T08:17:20+00:00","og_image":[{"width":226,"height":201,"url":"http:\/\/vuletech.com\/wp-content\/uploads\/2025\/08\/Picture1.jpg","type":"image\/jpeg"}],"twitter_card":"summary_large_image","schema":{"@context":"https:\/\/schema.org","@graph":[{"@type":"WebPage","@id":"http:\/\/vuletech.com\/product\/cs-dm-20v024-2\/","url":"http:\/\/vuletech.com\/product\/cs-dm-20v024-2\/","name":"CS DM-20V024 - V\u0169 L\u00ea Tech","isPartOf":{"@id":"http:\/\/vuletech.com\/#website"},"primaryImageOfPage":{"@id":"http:\/\/vuletech.com\/product\/cs-dm-20v024-2\/#primaryimage"},"image":{"@id":"http:\/\/vuletech.com\/product\/cs-dm-20v024-2\/#primaryimage"},"thumbnailUrl":"https:\/\/vuletech.com\/wp-content\/uploads\/2025\/08\/Picture1.jpg","datePublished":"2025-08-29T08:17:19+00:00","dateModified":"2025-08-29T08:17:20+00:00","breadcrumb":{"@id":"http:\/\/vuletech.com\/product\/cs-dm-20v024-2\/#breadcrumb"},"inLanguage":"en-US","potentialAction":[{"@type":"ReadAction","target":["http:\/\/vuletech.com\/product\/cs-dm-20v024-2\/"]}]},{"@type":"ImageObject","inLanguage":"en-US","@id":"http:\/\/vuletech.com\/product\/cs-dm-20v024-2\/#primaryimage","url":"https:\/\/vuletech.com\/wp-content\/uploads\/2025\/08\/Picture1.jpg","contentUrl":"https:\/\/vuletech.com\/wp-content\/uploads\/2025\/08\/Picture1.jpg","width":226,"height":201},{"@type":"BreadcrumbList","@id":"http:\/\/vuletech.com\/product\/cs-dm-20v024-2\/#breadcrumb","itemListElement":[{"@type":"ListItem","position":1,"name":"Home","item":"http:\/\/vuletech.com\/en\/"},{"@type":"ListItem","position":2,"name":"Product","item":"https:\/\/vuletech.com\/product\/"},{"@type":"ListItem","position":3,"name":"CS DM-20V024"}]},{"@type":"WebSite","@id":"http:\/\/vuletech.com\/#website","url":"http:\/\/vuletech.com\/","name":"V\u0169 L\u00ea Tech","description":"Our Solution - Your Value","potentialAction":[{"@type":"SearchAction","target":{"@type":"EntryPoint","urlTemplate":"http:\/\/vuletech.com\/?s={search_term_string}"},"query-input":{"@type":"PropertyValueSpecification","valueRequired":true,"valueName":"search_term_string"}}],"inLanguage":"en-US"}]}},"_links":{"self":[{"href":"https:\/\/vuletech.com\/en\/wp-json\/wp\/v2\/product\/10010","targetHints":{"allow":["GET"]}}],"collection":[{"href":"https:\/\/vuletech.com\/en\/wp-json\/wp\/v2\/product"}],"about":[{"href":"https:\/\/vuletech.com\/en\/wp-json\/wp\/v2\/types\/product"}],"replies":[{"embeddable":true,"href":"https:\/\/vuletech.com\/en\/wp-json\/wp\/v2\/comments?post=10010"}],"wp:featuredmedia":[{"embeddable":true,"href":"https:\/\/vuletech.com\/en\/wp-json\/wp\/v2\/media\/9946"}],"wp:attachment":[{"href":"https:\/\/vuletech.com\/en\/wp-json\/wp\/v2\/media?parent=10010"}],"wp:term":[{"taxonomy":"product_brand","embeddable":true,"href":"https:\/\/vuletech.com\/en\/wp-json\/wp\/v2\/product_brand?post=10010"},{"taxonomy":"product_cat","embeddable":true,"href":"https:\/\/vuletech.com\/en\/wp-json\/wp\/v2\/product_cat?post=10010"},{"taxonomy":"product_tag","embeddable":true,"href":"https:\/\/vuletech.com\/en\/wp-json\/wp\/v2\/product_tag?post=10010"}],"curies":[{"name":"wp","href":"https:\/\/api.w.org\/{rel}","templated":true}]}}