{"id":28856,"date":"2025-09-04T15:07:22","date_gmt":"2025-09-04T08:07:22","guid":{"rendered":"https:\/\/vuletech.com\/product\/fs-3096e230-f2\/"},"modified":"2025-09-05T16:43:43","modified_gmt":"2025-09-05T09:43:43","slug":"fs-3096e230-f2","status":"publish","type":"product","link":"https:\/\/vuletech.com\/en\/product\/fs-3096e230-f2\/","title":{"rendered":"FS 3096E230-F2"},"content":{"rendered":"","protected":false},"excerpt":{"rendered":"<p>T\u00ean: C\u00f4ng t\u1eafc an to\u00e0n c\u00f3 kh\u00f3a li\u00ean \u0111\u1ed9ng solenoid<br \/>\nV\u1ecf: Nh\u1ef1a technopolymer<br \/>\nTi\u1ebfp \u0111i\u1ec3m: 1NC (Solenoid), 2NC (Actuator)<br \/>\nNguy\u00ean l\u00fd: Energised (Power to lock)<br \/>\nPower supply: 230 Vac\/dc<br \/>\nActuator: VF KEYF2<br \/>\nLo\u1ea1i k\u1ebft n\u1ed1i: PG 13.5<br \/>\nC\u1ea5p \u0111\u1ed9 b\u1ea3o v\u1ec7: IP67 theo EN 60529<\/p>\n","protected":false},"featured_media":33224,"comment_status":"closed","ping_status":"closed","template":"","meta":[],"product_brand":[823],"product_cat":[825],"product_tag":[],"class_list":{"0":"post-28856","1":"product","2":"type-product","3":"status-publish","4":"has-post-thumbnail","6":"product_brand-pizzato","7":"product_cat-thiet-bi-dien-pizzato-elettrica","9":"first","10":"instock","11":"shipping-taxable","12":"product-type-simple"},"acf":[],"yoast_head":"<!-- This site is optimized with the Yoast SEO plugin v25.1 - https:\/\/yoast.com\/wordpress\/plugins\/seo\/ -->\n<title>FS 3096E230-F2 - V\u0169 L\u00ea Tech<\/title>\n<meta name=\"robots\" content=\"index, follow, max-snippet:-1, max-image-preview:large, max-video-preview:-1\" \/>\n<link rel=\"canonical\" href=\"https:\/\/vuletech.com\/en\/product\/fs-3096e230-f2\/\" \/>\n<meta property=\"og:locale\" content=\"en_US\" \/>\n<meta property=\"og:type\" content=\"article\" \/>\n<meta property=\"og:title\" content=\"FS 3096E230-F2 - V\u0169 L\u00ea Tech\" \/>\n<meta property=\"og:description\" content=\"T\u00ean: C\u00f4ng t\u1eafc an to\u00e0n c\u00f3 kh\u00f3a li\u00ean \u0111\u1ed9ng solenoid V\u1ecf: Nh\u1ef1a technopolymer Ti\u1ebfp \u0111i\u1ec3m: 1NC (Solenoid), 2NC (Actuator) Nguy\u00ean l\u00fd: Energised (Power to lock) Power supply: 230 Vac\/dc Actuator: VF KEYF2 Lo\u1ea1i k\u1ebft n\u1ed1i: PG 13.5 C\u1ea5p \u0111\u1ed9 b\u1ea3o v\u1ec7: IP67 theo EN 60529\" \/>\n<meta property=\"og:url\" content=\"https:\/\/vuletech.com\/en\/product\/fs-3096e230-f2\/\" \/>\n<meta property=\"og:site_name\" content=\"V\u0169 L\u00ea Tech\" \/>\n<meta property=\"article:modified_time\" content=\"2025-09-05T09:43:43+00:00\" \/>\n<meta property=\"og:image\" content=\"https:\/\/vuletech.com\/wp-content\/uploads\/2025\/09\/FS_xx96Exxx-F2_1500.jpg\" \/>\n\t<meta property=\"og:image:width\" content=\"1500\" \/>\n\t<meta property=\"og:image:height\" content=\"1500\" \/>\n\t<meta property=\"og:image:type\" content=\"image\/jpeg\" \/>\n<meta name=\"twitter:card\" content=\"summary_large_image\" \/>\n<script type=\"application\/ld+json\" class=\"yoast-schema-graph\">{\"@context\":\"https:\/\/schema.org\",\"@graph\":[{\"@type\":\"WebPage\",\"@id\":\"https:\/\/vuletech.com\/en\/product\/fs-3096e230-f2\/\",\"url\":\"https:\/\/vuletech.com\/en\/product\/fs-3096e230-f2\/\",\"name\":\"FS 3096E230-F2 - V\u0169 L\u00ea Tech\",\"isPartOf\":{\"@id\":\"https:\/\/vuletech.com\/en\/#website\"},\"primaryImageOfPage\":{\"@id\":\"https:\/\/vuletech.com\/en\/product\/fs-3096e230-f2\/#primaryimage\"},\"image\":{\"@id\":\"https:\/\/vuletech.com\/en\/product\/fs-3096e230-f2\/#primaryimage\"},\"thumbnailUrl\":\"https:\/\/vuletech.com\/wp-content\/uploads\/2025\/09\/FS_xx96Exxx-F2_1500.jpg\",\"datePublished\":\"2025-09-04T08:07:22+00:00\",\"dateModified\":\"2025-09-05T09:43:43+00:00\",\"breadcrumb\":{\"@id\":\"https:\/\/vuletech.com\/en\/product\/fs-3096e230-f2\/#breadcrumb\"},\"inLanguage\":\"en-US\",\"potentialAction\":[{\"@type\":\"ReadAction\",\"target\":[\"https:\/\/vuletech.com\/en\/product\/fs-3096e230-f2\/\"]}]},{\"@type\":\"ImageObject\",\"inLanguage\":\"en-US\",\"@id\":\"https:\/\/vuletech.com\/en\/product\/fs-3096e230-f2\/#primaryimage\",\"url\":\"https:\/\/vuletech.com\/wp-content\/uploads\/2025\/09\/FS_xx96Exxx-F2_1500.jpg\",\"contentUrl\":\"https:\/\/vuletech.com\/wp-content\/uploads\/2025\/09\/FS_xx96Exxx-F2_1500.jpg\",\"width\":1500,\"height\":1500},{\"@type\":\"BreadcrumbList\",\"@id\":\"https:\/\/vuletech.com\/en\/product\/fs-3096e230-f2\/#breadcrumb\",\"itemListElement\":[{\"@type\":\"ListItem\",\"position\":1,\"name\":\"Home\",\"item\":\"https:\/\/vuletech.com\/en\/\"},{\"@type\":\"ListItem\",\"position\":2,\"name\":\"Product\",\"item\":\"https:\/\/vuletech.com\/product\/\"},{\"@type\":\"ListItem\",\"position\":3,\"name\":\"FS 3096E230-F2\"}]},{\"@type\":\"WebSite\",\"@id\":\"https:\/\/vuletech.com\/en\/#website\",\"url\":\"https:\/\/vuletech.com\/en\/\",\"name\":\"V\u0169 L\u00ea Tech\",\"description\":\"Our Solution - Your Value\",\"potentialAction\":[{\"@type\":\"SearchAction\",\"target\":{\"@type\":\"EntryPoint\",\"urlTemplate\":\"https:\/\/vuletech.com\/en\/?s={search_term_string}\"},\"query-input\":{\"@type\":\"PropertyValueSpecification\",\"valueRequired\":true,\"valueName\":\"search_term_string\"}}],\"inLanguage\":\"en-US\"}]}<\/script>\n<!-- \/ Yoast SEO plugin. -->","yoast_head_json":{"title":"FS 3096E230-F2 - V\u0169 L\u00ea Tech","robots":{"index":"index","follow":"follow","max-snippet":"max-snippet:-1","max-image-preview":"max-image-preview:large","max-video-preview":"max-video-preview:-1"},"canonical":"https:\/\/vuletech.com\/en\/product\/fs-3096e230-f2\/","og_locale":"en_US","og_type":"article","og_title":"FS 3096E230-F2 - V\u0169 L\u00ea Tech","og_description":"T\u00ean: C\u00f4ng t\u1eafc an to\u00e0n c\u00f3 kh\u00f3a li\u00ean \u0111\u1ed9ng solenoid V\u1ecf: Nh\u1ef1a technopolymer Ti\u1ebfp \u0111i\u1ec3m: 1NC (Solenoid), 2NC (Actuator) Nguy\u00ean l\u00fd: Energised (Power to lock) Power supply: 230 Vac\/dc Actuator: VF KEYF2 Lo\u1ea1i k\u1ebft n\u1ed1i: PG 13.5 C\u1ea5p \u0111\u1ed9 b\u1ea3o v\u1ec7: IP67 theo EN 60529","og_url":"https:\/\/vuletech.com\/en\/product\/fs-3096e230-f2\/","og_site_name":"V\u0169 L\u00ea Tech","article_modified_time":"2025-09-05T09:43:43+00:00","og_image":[{"width":1500,"height":1500,"url":"https:\/\/vuletech.com\/wp-content\/uploads\/2025\/09\/FS_xx96Exxx-F2_1500.jpg","type":"image\/jpeg"}],"twitter_card":"summary_large_image","schema":{"@context":"https:\/\/schema.org","@graph":[{"@type":"WebPage","@id":"https:\/\/vuletech.com\/en\/product\/fs-3096e230-f2\/","url":"https:\/\/vuletech.com\/en\/product\/fs-3096e230-f2\/","name":"FS 3096E230-F2 - V\u0169 L\u00ea Tech","isPartOf":{"@id":"https:\/\/vuletech.com\/en\/#website"},"primaryImageOfPage":{"@id":"https:\/\/vuletech.com\/en\/product\/fs-3096e230-f2\/#primaryimage"},"image":{"@id":"https:\/\/vuletech.com\/en\/product\/fs-3096e230-f2\/#primaryimage"},"thumbnailUrl":"https:\/\/vuletech.com\/wp-content\/uploads\/2025\/09\/FS_xx96Exxx-F2_1500.jpg","datePublished":"2025-09-04T08:07:22+00:00","dateModified":"2025-09-05T09:43:43+00:00","breadcrumb":{"@id":"https:\/\/vuletech.com\/en\/product\/fs-3096e230-f2\/#breadcrumb"},"inLanguage":"en-US","potentialAction":[{"@type":"ReadAction","target":["https:\/\/vuletech.com\/en\/product\/fs-3096e230-f2\/"]}]},{"@type":"ImageObject","inLanguage":"en-US","@id":"https:\/\/vuletech.com\/en\/product\/fs-3096e230-f2\/#primaryimage","url":"https:\/\/vuletech.com\/wp-content\/uploads\/2025\/09\/FS_xx96Exxx-F2_1500.jpg","contentUrl":"https:\/\/vuletech.com\/wp-content\/uploads\/2025\/09\/FS_xx96Exxx-F2_1500.jpg","width":1500,"height":1500},{"@type":"BreadcrumbList","@id":"https:\/\/vuletech.com\/en\/product\/fs-3096e230-f2\/#breadcrumb","itemListElement":[{"@type":"ListItem","position":1,"name":"Home","item":"https:\/\/vuletech.com\/en\/"},{"@type":"ListItem","position":2,"name":"Product","item":"https:\/\/vuletech.com\/product\/"},{"@type":"ListItem","position":3,"name":"FS 3096E230-F2"}]},{"@type":"WebSite","@id":"https:\/\/vuletech.com\/en\/#website","url":"https:\/\/vuletech.com\/en\/","name":"V\u0169 L\u00ea Tech","description":"Our Solution - Your Value","potentialAction":[{"@type":"SearchAction","target":{"@type":"EntryPoint","urlTemplate":"https:\/\/vuletech.com\/en\/?s={search_term_string}"},"query-input":{"@type":"PropertyValueSpecification","valueRequired":true,"valueName":"search_term_string"}}],"inLanguage":"en-US"}]}},"_links":{"self":[{"href":"https:\/\/vuletech.com\/en\/wp-json\/wp\/v2\/product\/28856","targetHints":{"allow":["GET"]}}],"collection":[{"href":"https:\/\/vuletech.com\/en\/wp-json\/wp\/v2\/product"}],"about":[{"href":"https:\/\/vuletech.com\/en\/wp-json\/wp\/v2\/types\/product"}],"replies":[{"embeddable":true,"href":"https:\/\/vuletech.com\/en\/wp-json\/wp\/v2\/comments?post=28856"}],"wp:featuredmedia":[{"embeddable":true,"href":"https:\/\/vuletech.com\/en\/wp-json\/wp\/v2\/media\/33224"}],"wp:attachment":[{"href":"https:\/\/vuletech.com\/en\/wp-json\/wp\/v2\/media?parent=28856"}],"wp:term":[{"taxonomy":"product_brand","embeddable":true,"href":"https:\/\/vuletech.com\/en\/wp-json\/wp\/v2\/product_brand?post=28856"},{"taxonomy":"product_cat","embeddable":true,"href":"https:\/\/vuletech.com\/en\/wp-json\/wp\/v2\/product_cat?post=28856"},{"taxonomy":"product_tag","embeddable":true,"href":"https:\/\/vuletech.com\/en\/wp-json\/wp\/v2\/product_tag?post=28856"}],"curies":[{"name":"wp","href":"https:\/\/api.w.org\/{rel}","templated":true}]}}