{"id":33095,"date":"2025-09-05T16:24:29","date_gmt":"2025-09-05T09:24:29","guid":{"rendered":"https:\/\/vuletech.com\/product\/hp-ab052c-10sn\/"},"modified":"2025-09-05T16:24:30","modified_gmt":"2025-09-05T09:24:30","slug":"hp-ab052c-10sn","status":"publish","type":"product","link":"https:\/\/vuletech.com\/en\/product\/hp-ab052c-10sn\/","title":{"rendered":"HP AB052C-10SN"},"content":{"rendered":"","protected":false},"excerpt":{"rendered":"<p>Thi\u1ebft b\u1ecb Pizzato<br \/>\nPizzato Elettrica l\u00e0 m\u1ed9t trong nh\u1eefng c\u00f4ng ty \u00dd \u0111\u1ea7u ti\u00ean ph\u00e1t tri\u1ec3n c\u00e1c m\u1eb7t h\u00e0ng chuy\u00ean d\u1ee5ng cho l\u0129nh v\u1ef1c c\u00f4ng t\u1eafc an to\u00e0n, t\u1ea1o ra v\u00e0 c\u1ea5p b\u1eb1ng s\u00e1ng ch\u1ebf cho h\u00e0ng ch\u1ee5c s\u1ea3n ph\u1ea9m s\u00e1ng t\u1ea1o, do \u0111\u00f3 tr\u1edf th\u00e0nh m\u1ed9t trong nh\u1eefng nh\u00e0 s\u1ea3n xu\u1ea5t thi\u1ebft b\u1ecb an to\u00e0n ch\u00ednh c\u1ee7a Ch\u00e2u \u00c2u.<\/p>\n<p>T\u1ea5t c\u1ea3 c\u00e1c s\u1ea3n ph\u1ea9m Pizzato Elettrica \u0111\u1ec1u \u0111\u01b0\u1ee3c thi\u1ebft k\u1ebf, ph\u00e1t tri\u1ec3n v\u00e0 th\u1eed nghi\u1ec7m ho\u00e0n to\u00e0n t\u1ea1i c\u00e1c nh\u00e0 m\u00e1y c\u1ee7a c\u00f4ng ty \u1edf Marostica, thu\u1ed9c t\u1ec9nh Vicenza \u1edf \u00dd. Do \u0111\u00f3, c\u00f4ng ty c\u00f3 th\u1ec3 lu\u00f4n \u0111\u00e1p \u1ee9ng c\u00e1c y\u00eau c\u1ea7u c\u1ee5 th\u1ec3 c\u1ee7a kh\u00e1ch h\u00e0ng b\u1eb1ng c\u00e1ch cung c\u1ea5p nhi\u1ec1u lo\u1ea1i s\u1ea3n ph\u1ea9m v\u00e0 gi\u1ea3i ph\u00e1p c\u00f4ng ngh\u1ec7 ti\u00ean ti\u1ebfn.<\/p>\n<p>T\u1ea1i Vi\u1ec7t Nam, VULETECH l\u00e0 c\u00f4ng ty ph\u00e2n ph\u1ed1i ch\u00ednh th\u1ee9c t\u1ea5t c\u1ea3 c\u00e1c s\u1ea3n ph\u1ea9m c\u1ee7a PIZZATO ELETTRICA. \u0110\u1ec3 \u0111\u01b0\u1ee3c t\u01b0 v\u1ea5n chi ti\u1ebft, qu\u00fd kh\u00e1ch g\u1ecdi ngay: (028) 3620 8179. <\/p>\n","protected":false},"featured_media":10015,"comment_status":"closed","ping_status":"closed","template":"","meta":[],"product_brand":[823],"product_cat":[825],"product_tag":[],"class_list":{"0":"post-33095","1":"product","2":"type-product","3":"status-publish","4":"has-post-thumbnail","6":"product_brand-pizzato","7":"product_cat-thiet-bi-dien-pizzato-elettrica","9":"first","10":"instock","11":"shipping-taxable","12":"product-type-simple"},"acf":[],"yoast_head":"<!-- This site is optimized with the Yoast SEO plugin v25.1 - https:\/\/yoast.com\/wordpress\/plugins\/seo\/ -->\n<title>HP AB052C-10SN - V\u0169 L\u00ea Tech<\/title>\n<meta name=\"robots\" content=\"index, follow, max-snippet:-1, max-image-preview:large, max-video-preview:-1\" \/>\n<link rel=\"canonical\" href=\"https:\/\/vuletech.com\/product\/hp-ab052c-10sn\/\" \/>\n<meta property=\"og:locale\" content=\"en_US\" \/>\n<meta property=\"og:type\" content=\"article\" \/>\n<meta property=\"og:title\" content=\"HP AB052C-10SN - V\u0169 L\u00ea Tech\" \/>\n<meta property=\"og:description\" content=\"Thi\u1ebft b\u1ecb Pizzato Pizzato Elettrica l\u00e0 m\u1ed9t trong nh\u1eefng c\u00f4ng ty \u00dd \u0111\u1ea7u ti\u00ean ph\u00e1t tri\u1ec3n c\u00e1c m\u1eb7t h\u00e0ng chuy\u00ean d\u1ee5ng cho l\u0129nh v\u1ef1c c\u00f4ng t\u1eafc an to\u00e0n, t\u1ea1o ra v\u00e0 c\u1ea5p b\u1eb1ng s\u00e1ng ch\u1ebf cho h\u00e0ng ch\u1ee5c s\u1ea3n ph\u1ea9m s\u00e1ng t\u1ea1o, do \u0111\u00f3 tr\u1edf th\u00e0nh m\u1ed9t trong nh\u1eefng nh\u00e0 s\u1ea3n xu\u1ea5t thi\u1ebft b\u1ecb an to\u00e0n ch\u00ednh c\u1ee7a Ch\u00e2u \u00c2u. T\u1ea5t c\u1ea3 c\u00e1c s\u1ea3n ph\u1ea9m Pizzato Elettrica \u0111\u1ec1u \u0111\u01b0\u1ee3c thi\u1ebft k\u1ebf, ph\u00e1t tri\u1ec3n v\u00e0 th\u1eed nghi\u1ec7m ho\u00e0n to\u00e0n t\u1ea1i c\u00e1c nh\u00e0 m\u00e1y c\u1ee7a c\u00f4ng ty \u1edf Marostica, thu\u1ed9c t\u1ec9nh Vicenza \u1edf \u00dd. Do \u0111\u00f3, c\u00f4ng ty c\u00f3 th\u1ec3 lu\u00f4n \u0111\u00e1p \u1ee9ng c\u00e1c y\u00eau c\u1ea7u c\u1ee5 th\u1ec3 c\u1ee7a kh\u00e1ch h\u00e0ng b\u1eb1ng c\u00e1ch cung c\u1ea5p nhi\u1ec1u lo\u1ea1i s\u1ea3n ph\u1ea9m v\u00e0 gi\u1ea3i ph\u00e1p c\u00f4ng ngh\u1ec7 ti\u00ean ti\u1ebfn. T\u1ea1i Vi\u1ec7t Nam, VULETECH l\u00e0 c\u00f4ng ty ph\u00e2n ph\u1ed1i ch\u00ednh th\u1ee9c t\u1ea5t c\u1ea3 c\u00e1c s\u1ea3n ph\u1ea9m c\u1ee7a PIZZATO ELETTRICA. \u0110\u1ec3 \u0111\u01b0\u1ee3c t\u01b0 v\u1ea5n chi ti\u1ebft, qu\u00fd kh\u00e1ch g\u1ecdi ngay: (028) 3620 8179.\" \/>\n<meta property=\"og:url\" content=\"https:\/\/vuletech.com\/product\/hp-ab052c-10sn\/\" \/>\n<meta property=\"og:site_name\" content=\"V\u0169 L\u00ea Tech\" \/>\n<meta property=\"article:modified_time\" content=\"2025-09-05T09:24:30+00:00\" \/>\n<meta property=\"og:image\" content=\"https:\/\/vuletech.com\/wp-content\/uploads\/2025\/08\/20250320142936_cope-sicurezza.jpg\" \/>\n\t<meta property=\"og:image:width\" content=\"360\" \/>\n\t<meta property=\"og:image:height\" content=\"360\" \/>\n\t<meta property=\"og:image:type\" content=\"image\/jpeg\" \/>\n<meta name=\"twitter:card\" content=\"summary_large_image\" \/>\n<script type=\"application\/ld+json\" class=\"yoast-schema-graph\">{\"@context\":\"https:\/\/schema.org\",\"@graph\":[{\"@type\":\"WebPage\",\"@id\":\"https:\/\/vuletech.com\/product\/hp-ab052c-10sn\/\",\"url\":\"https:\/\/vuletech.com\/product\/hp-ab052c-10sn\/\",\"name\":\"HP AB052C-10SN - V\u0169 L\u00ea Tech\",\"isPartOf\":{\"@id\":\"http:\/\/vuletech.com\/#website\"},\"primaryImageOfPage\":{\"@id\":\"https:\/\/vuletech.com\/product\/hp-ab052c-10sn\/#primaryimage\"},\"image\":{\"@id\":\"https:\/\/vuletech.com\/product\/hp-ab052c-10sn\/#primaryimage\"},\"thumbnailUrl\":\"https:\/\/vuletech.com\/wp-content\/uploads\/2025\/08\/20250320142936_cope-sicurezza.jpg\",\"datePublished\":\"2025-09-05T09:24:29+00:00\",\"dateModified\":\"2025-09-05T09:24:30+00:00\",\"breadcrumb\":{\"@id\":\"https:\/\/vuletech.com\/product\/hp-ab052c-10sn\/#breadcrumb\"},\"inLanguage\":\"en-US\",\"potentialAction\":[{\"@type\":\"ReadAction\",\"target\":[\"https:\/\/vuletech.com\/product\/hp-ab052c-10sn\/\"]}]},{\"@type\":\"ImageObject\",\"inLanguage\":\"en-US\",\"@id\":\"https:\/\/vuletech.com\/product\/hp-ab052c-10sn\/#primaryimage\",\"url\":\"https:\/\/vuletech.com\/wp-content\/uploads\/2025\/08\/20250320142936_cope-sicurezza.jpg\",\"contentUrl\":\"https:\/\/vuletech.com\/wp-content\/uploads\/2025\/08\/20250320142936_cope-sicurezza.jpg\",\"width\":360,\"height\":360},{\"@type\":\"BreadcrumbList\",\"@id\":\"https:\/\/vuletech.com\/product\/hp-ab052c-10sn\/#breadcrumb\",\"itemListElement\":[{\"@type\":\"ListItem\",\"position\":1,\"name\":\"Home\",\"item\":\"https:\/\/vuletech.com\/en\/\"},{\"@type\":\"ListItem\",\"position\":2,\"name\":\"Product\",\"item\":\"https:\/\/vuletech.com\/product\/\"},{\"@type\":\"ListItem\",\"position\":3,\"name\":\"HP AB052C-10SN\"}]},{\"@type\":\"WebSite\",\"@id\":\"http:\/\/vuletech.com\/#website\",\"url\":\"http:\/\/vuletech.com\/\",\"name\":\"V\u0169 L\u00ea Tech\",\"description\":\"Our Solution - Your Value\",\"potentialAction\":[{\"@type\":\"SearchAction\",\"target\":{\"@type\":\"EntryPoint\",\"urlTemplate\":\"http:\/\/vuletech.com\/?s={search_term_string}\"},\"query-input\":{\"@type\":\"PropertyValueSpecification\",\"valueRequired\":true,\"valueName\":\"search_term_string\"}}],\"inLanguage\":\"en-US\"}]}<\/script>\n<!-- \/ Yoast SEO plugin. -->","yoast_head_json":{"title":"HP AB052C-10SN - V\u0169 L\u00ea Tech","robots":{"index":"index","follow":"follow","max-snippet":"max-snippet:-1","max-image-preview":"max-image-preview:large","max-video-preview":"max-video-preview:-1"},"canonical":"https:\/\/vuletech.com\/product\/hp-ab052c-10sn\/","og_locale":"en_US","og_type":"article","og_title":"HP AB052C-10SN - V\u0169 L\u00ea Tech","og_description":"Thi\u1ebft b\u1ecb Pizzato Pizzato Elettrica l\u00e0 m\u1ed9t trong nh\u1eefng c\u00f4ng ty \u00dd \u0111\u1ea7u ti\u00ean ph\u00e1t tri\u1ec3n c\u00e1c m\u1eb7t h\u00e0ng chuy\u00ean d\u1ee5ng cho l\u0129nh v\u1ef1c c\u00f4ng t\u1eafc an to\u00e0n, t\u1ea1o ra v\u00e0 c\u1ea5p b\u1eb1ng s\u00e1ng ch\u1ebf cho h\u00e0ng ch\u1ee5c s\u1ea3n ph\u1ea9m s\u00e1ng t\u1ea1o, do \u0111\u00f3 tr\u1edf th\u00e0nh m\u1ed9t trong nh\u1eefng nh\u00e0 s\u1ea3n xu\u1ea5t thi\u1ebft b\u1ecb an to\u00e0n ch\u00ednh c\u1ee7a Ch\u00e2u \u00c2u. T\u1ea5t c\u1ea3 c\u00e1c s\u1ea3n ph\u1ea9m Pizzato Elettrica \u0111\u1ec1u \u0111\u01b0\u1ee3c thi\u1ebft k\u1ebf, ph\u00e1t tri\u1ec3n v\u00e0 th\u1eed nghi\u1ec7m ho\u00e0n to\u00e0n t\u1ea1i c\u00e1c nh\u00e0 m\u00e1y c\u1ee7a c\u00f4ng ty \u1edf Marostica, thu\u1ed9c t\u1ec9nh Vicenza \u1edf \u00dd. Do \u0111\u00f3, c\u00f4ng ty c\u00f3 th\u1ec3 lu\u00f4n \u0111\u00e1p \u1ee9ng c\u00e1c y\u00eau c\u1ea7u c\u1ee5 th\u1ec3 c\u1ee7a kh\u00e1ch h\u00e0ng b\u1eb1ng c\u00e1ch cung c\u1ea5p nhi\u1ec1u lo\u1ea1i s\u1ea3n ph\u1ea9m v\u00e0 gi\u1ea3i ph\u00e1p c\u00f4ng ngh\u1ec7 ti\u00ean ti\u1ebfn. T\u1ea1i Vi\u1ec7t Nam, VULETECH l\u00e0 c\u00f4ng ty ph\u00e2n ph\u1ed1i ch\u00ednh th\u1ee9c t\u1ea5t c\u1ea3 c\u00e1c s\u1ea3n ph\u1ea9m c\u1ee7a PIZZATO ELETTRICA. \u0110\u1ec3 \u0111\u01b0\u1ee3c t\u01b0 v\u1ea5n chi ti\u1ebft, qu\u00fd kh\u00e1ch g\u1ecdi ngay: (028) 3620 8179.","og_url":"https:\/\/vuletech.com\/product\/hp-ab052c-10sn\/","og_site_name":"V\u0169 L\u00ea Tech","article_modified_time":"2025-09-05T09:24:30+00:00","og_image":[{"width":360,"height":360,"url":"https:\/\/vuletech.com\/wp-content\/uploads\/2025\/08\/20250320142936_cope-sicurezza.jpg","type":"image\/jpeg"}],"twitter_card":"summary_large_image","schema":{"@context":"https:\/\/schema.org","@graph":[{"@type":"WebPage","@id":"https:\/\/vuletech.com\/product\/hp-ab052c-10sn\/","url":"https:\/\/vuletech.com\/product\/hp-ab052c-10sn\/","name":"HP AB052C-10SN - V\u0169 L\u00ea Tech","isPartOf":{"@id":"http:\/\/vuletech.com\/#website"},"primaryImageOfPage":{"@id":"https:\/\/vuletech.com\/product\/hp-ab052c-10sn\/#primaryimage"},"image":{"@id":"https:\/\/vuletech.com\/product\/hp-ab052c-10sn\/#primaryimage"},"thumbnailUrl":"https:\/\/vuletech.com\/wp-content\/uploads\/2025\/08\/20250320142936_cope-sicurezza.jpg","datePublished":"2025-09-05T09:24:29+00:00","dateModified":"2025-09-05T09:24:30+00:00","breadcrumb":{"@id":"https:\/\/vuletech.com\/product\/hp-ab052c-10sn\/#breadcrumb"},"inLanguage":"en-US","potentialAction":[{"@type":"ReadAction","target":["https:\/\/vuletech.com\/product\/hp-ab052c-10sn\/"]}]},{"@type":"ImageObject","inLanguage":"en-US","@id":"https:\/\/vuletech.com\/product\/hp-ab052c-10sn\/#primaryimage","url":"https:\/\/vuletech.com\/wp-content\/uploads\/2025\/08\/20250320142936_cope-sicurezza.jpg","contentUrl":"https:\/\/vuletech.com\/wp-content\/uploads\/2025\/08\/20250320142936_cope-sicurezza.jpg","width":360,"height":360},{"@type":"BreadcrumbList","@id":"https:\/\/vuletech.com\/product\/hp-ab052c-10sn\/#breadcrumb","itemListElement":[{"@type":"ListItem","position":1,"name":"Home","item":"https:\/\/vuletech.com\/en\/"},{"@type":"ListItem","position":2,"name":"Product","item":"https:\/\/vuletech.com\/product\/"},{"@type":"ListItem","position":3,"name":"HP AB052C-10SN"}]},{"@type":"WebSite","@id":"http:\/\/vuletech.com\/#website","url":"http:\/\/vuletech.com\/","name":"V\u0169 L\u00ea Tech","description":"Our Solution - Your Value","potentialAction":[{"@type":"SearchAction","target":{"@type":"EntryPoint","urlTemplate":"http:\/\/vuletech.com\/?s={search_term_string}"},"query-input":{"@type":"PropertyValueSpecification","valueRequired":true,"valueName":"search_term_string"}}],"inLanguage":"en-US"}]}},"_links":{"self":[{"href":"https:\/\/vuletech.com\/en\/wp-json\/wp\/v2\/product\/33095","targetHints":{"allow":["GET"]}}],"collection":[{"href":"https:\/\/vuletech.com\/en\/wp-json\/wp\/v2\/product"}],"about":[{"href":"https:\/\/vuletech.com\/en\/wp-json\/wp\/v2\/types\/product"}],"replies":[{"embeddable":true,"href":"https:\/\/vuletech.com\/en\/wp-json\/wp\/v2\/comments?post=33095"}],"wp:featuredmedia":[{"embeddable":true,"href":"https:\/\/vuletech.com\/en\/wp-json\/wp\/v2\/media\/10015"}],"wp:attachment":[{"href":"https:\/\/vuletech.com\/en\/wp-json\/wp\/v2\/media?parent=33095"}],"wp:term":[{"taxonomy":"product_brand","embeddable":true,"href":"https:\/\/vuletech.com\/en\/wp-json\/wp\/v2\/product_brand?post=33095"},{"taxonomy":"product_cat","embeddable":true,"href":"https:\/\/vuletech.com\/en\/wp-json\/wp\/v2\/product_cat?post=33095"},{"taxonomy":"product_tag","embeddable":true,"href":"https:\/\/vuletech.com\/en\/wp-json\/wp\/v2\/product_tag?post=33095"}],"curies":[{"name":"wp","href":"https:\/\/api.w.org\/{rel}","templated":true}]}}