{"id":87653,"date":"2026-04-23T16:03:52","date_gmt":"2026-04-23T09:03:52","guid":{"rendered":"https:\/\/vuletech.com\/?post_type=product&#038;p=87653"},"modified":"2026-04-23T16:05:21","modified_gmt":"2026-04-23T09:05:21","slug":"1069932","status":"publish","type":"product","link":"https:\/\/vuletech.com\/en\/product\/1069932\/","title":{"rendered":"1069932"},"content":{"rendered":"<p>V\u00f9ng l\u00e0m vi\u1ec7c<br \/>\n0.05&#8230;4m<\/p>\n<p>G\u00f3c qu\u00e9t chi\u1ec1u ngang<br \/>\nNgang 270\u00b0<\/p>\n<p>\u0110\u1ed9 ph\u00e2n gi\u1ea3i g\u00f3c qu\u00e9t chi\u1ec1u ngang<br \/>\n1\u00b0<\/p>\n<p>T\u1ea7n s\u1ed1 qu\u00e9t<br \/>\n15Hz<\/p>\n<p>Th\u1eddi gian ph\u1ea3n h\u1ed3i<br \/>\n67ms (1 scan), 134ms (Max-2 scan)<\/p>\n<p>\u0110i\u1ec7n \u00e1p ngu\u1ed3n c\u1ea5p<br \/>\n9&#8230;28VDC<\/p>\n<p>Lo\u1ea1i<br \/>\n2D<\/p>\n<p>Ngu\u1ed3n s\u00e1ng<br \/>\nH\u1ed3ng ngo\u1ea1i (850nm)<\/p>\n<p>L\u1edbp laser<br \/>\n1<\/p>\n<p>Ch\u1ecbu s\u00e1ng<br \/>\n80,000lx<\/p>\n<p>\u0110i\u1ec7n n\u0103ng ti\u00eau th\u1ee5<br \/>\n4W, 16W (v\u1edbi 4 \u0111\u1ea7u ra k\u1ef9 thu\u1eadt s\u1ed1 t\u1ea3i t\u1ed1i \u0111a)<\/p>\n<p>D\u00f2ng \u0111i\u1ec7n \u0111\u1ea7u ra<br \/>\n100mA (Max)<\/p>\n<p>C\u1ed5ng truy\u1ec1n th\u00f4ng<br \/>\nMicro USB<\/p>\n<p>Lo\u1ea1i \u0111\u1ea7u v\u00e0o<br \/>\n4<\/p>\n<p>Lo\u1ea1i \u0111\u1ea7u ra<br \/>\n3 x NPN<\/p>\n<p>Ph\u01b0\u01a1ng ph\u00e1p l\u1eafp \u0111\u1eb7t<br \/>\nD\u00e2y d\u1eabn c\u00f3 connector<\/p>\n<p>M\u00f4i tr\u01b0\u1eddng ho\u1ea1t \u0111\u1ed9ng<br \/>\nKh\u1ea3 n\u0103ng ch\u1ed1ng rung, Kh\u1ea3 n\u0103ng ch\u1ed1ng va \u0111\u1eadp, Trong nh\u00e0<\/p>\n<p>Ki\u1ec3u l\u1eafp \u0111\u1eb7t<br \/>\nL\u1eafp b\u1ec1 m\u1eb7t<\/p>\n<p>M\u00e0u v\u1ecf<br \/>\nLight blue (RAL 5012)<\/p>\n<p>Nhi\u1ec7t \u0111\u1ed9 m\u00f4i tr\u01b0\u1eddng<br \/>\n-10&#8230;50\u00b0C<\/p>\n<p>\u0110\u1ed9 \u1ea9m m\u00f4i tr\u01b0\u1eddng<br \/>\n80&#8230;90%<\/p>\n<p>\u0110\u1eb7c \u0111i\u1ec3m rieng<br \/>\n\u1ee8ng d\u1ee5ng t\u00edch h\u1ee3p: \u0110\u00e1nh gi\u00e1 th\u1ef1c \u0111\u1ecba,<br \/>\nS\u1ed1 l\u01b0\u1ee3ng tr\u01b0\u1eddng \u0111\u01b0\u1ee3c thi\u1ebft l\u1eadp: 16 b\u1ed9 ba tr\u01b0\u1eddng  [48 tr\u01b0\u1eddng, 1 b\u1ed9-3 tr\u01b0\u1eddng. C\u00f3 th\u1ec3 c\u00e0i \u0111\u1eb7t t\u1ea1i thi\u1ebft b\u1ecb.<\/p>\n<p>Kh\u1ed1i l\u01b0\u1ee3ng<br \/>\n150g (kh\u00f4ng bao g\u1ed3m c\u00e1p k\u1ebft n\u1ed1i)<\/p>\n<p>Chi\u1ec1u r\u1ed9ng t\u1ed5ng th\u1ec3<br \/>\n60mm<\/p>\n<p>Chi\u1ec1u cao t\u1ed5ng th\u1ec3<br \/>\n79mm<\/p>\n<p>Chi\u1ec1u d\u00e0i t\u1ed5ng th\u1ec3<br \/>\n60mm<\/p>\n<p>C\u1ea5p b\u1ea3o v\u1ec7<br \/>\nIP65<\/p>\n<p>Ti\u00eau chu\u1ea9n<br \/>\nEU, UK, ACMA, IEC<\/p>\n","protected":false},"excerpt":{"rendered":"<p>C\u1ea2M BI\u1ebeN LIDAR<\/p>\n<p>TiM<\/p>\n<p>C\u1ea3m bi\u1ebfn LiDAR 2D nh\u1ecf g\u1ecdn \u2013 ti\u1ebft ki\u1ec7m chi ph\u00ed v\u00e0 hi\u1ec7u su\u1ea5t cao<\/p>\n<p>C\u00e1c c\u1ea3m bi\u1ebfn LiDAR 2D TiM cung c\u1ea5p hi\u1ec7u su\u1ea5t cao cho vi\u1ec7c \u0111\u00e1nh gi\u00e1 hi\u1ec7n tr\u01b0\u1eddng v\u00e0 xu\u1ea5t d\u1eef li\u1ec7u \u0111o l\u01b0\u1eddng trong m\u1ed9t thi\u1ebft k\u1ebf nh\u1ecf g\u1ecdn. D\u00f9 l\u00e0 \u1ee9ng d\u1ee5ng di \u0111\u1ed9ng hay c\u1ed1 \u0111\u1ecbnh, t\u1ef1 \u0111\u1ed9ng h\u00f3a, gi\u00e1m s\u00e1t hay an to\u00e0n \u2013 v\u1edbi t\u1ea7m qu\u00e9t l\u00ean \u0111\u1ebfn 25 m v\u00e0 g\u00f3c l\u00e0m vi\u1ec7c l\u00ean \u0111\u1ebfn 270\u00b0, c\u00e1c c\u1ea3m bi\u1ebfn n\u00e0y c\u00f3 th\u1ec3 ph\u00e1t hi\u1ec7n m\u00f4i tr\u01b0\u1eddng xung quanh tr\u00ean di\u1ec7n r\u1ed9ng v\u00e0 v\u1edbi \u0111\u1ed9 ch\u00ednh x\u00e1c cao. C\u00e1c b\u1ec1 m\u1eb7t kh\u00e1c nhau v\u00e0 h\u1ec7 s\u1ed1 ph\u1ea3n x\u1ea1 kh\u00f4ng ph\u1ea3i l\u00e0 v\u1ea5n \u0111\u1ec1 \u0111\u1ed1i v\u1edbi ch\u00fang.<\/p>\n<p>Nh\u1edd c\u00f4ng ngh\u1ec7 \u0111a xung HDDM\/HDDM+ \u0111\u01b0\u1ee3c c\u1ea5p b\u1eb1ng s\u00e1ng ch\u1ebf, TiM c\u00f3 th\u1ec3 ph\u00e1t hi\u1ec7n to\u00e0n b\u1ed9 ph\u1ea1m vi qu\u00e9t m\u00e0 kh\u00f4ng b\u1ecb gi\u00e1n \u0111o\u1ea1n, \u0111\u1ea3m b\u1ea3o ch\u1ea5t l\u01b0\u1ee3ng \u0111o l\u01b0\u1eddng lu\u00f4n \u1ed5n \u0111\u1ecbnh \u1edf m\u1ee9c cao. V\u1edbi thi\u1ebft k\u1ebf b\u1ec1n b\u1ec9 v\u00e0 \u0111\u01b0\u1ee3c trang b\u1ecb c\u00e1c c\u00f4ng ngh\u1ec7 k\u1ebft n\u1ed1i ch\u1ea5t l\u01b0\u1ee3ng cao, ch\u00fang ph\u00f9 h\u1ee3p cho c\u00e1c \u1ee9ng d\u1ee5ng c\u00f4ng nghi\u1ec7p \u0111\u00f2i h\u1ecfi kh\u1eaft khe trong nhi\u1ec1u l\u0129nh v\u1ef1c kh\u00e1c nhau. Vi\u1ec7c l\u1eafp \u0111\u1eb7t v\u00e0 c\u00e0i \u0111\u1eb7t th\u00f4ng s\u1ed1 c\u0169ng r\u1ea5t d\u1ec5 d\u00e0ng.<\/p>\n","protected":false},"featured_media":87637,"comment_status":"closed","ping_status":"closed","template":"","meta":[],"product_brand":[828],"product_cat":[760],"product_tag":[],"class_list":{"0":"post-87653","1":"product","2":"type-product","3":"status-publish","4":"has-post-thumbnail","6":"product_brand-sick","7":"product_cat-san-pham-sick-viet-nam","9":"first","10":"instock","11":"shipping-taxable","12":"product-type-simple"},"acf":[],"yoast_head":"<!-- This site is optimized with the Yoast SEO plugin v25.1 - https:\/\/yoast.com\/wordpress\/plugins\/seo\/ -->\n<title>1069932 - V\u0169 L\u00ea Tech<\/title>\n<meta name=\"robots\" content=\"index, follow, max-snippet:-1, max-image-preview:large, max-video-preview:-1\" \/>\n<link rel=\"canonical\" href=\"https:\/\/vuletech.com\/en\/product\/1069932\/\" \/>\n<meta property=\"og:locale\" content=\"en_US\" \/>\n<meta property=\"og:type\" content=\"article\" \/>\n<meta property=\"og:title\" content=\"1069932 - V\u0169 L\u00ea Tech\" \/>\n<meta property=\"og:description\" content=\"C\u1ea2M BI\u1ebeN LIDAR TiM C\u1ea3m bi\u1ebfn LiDAR 2D nh\u1ecf g\u1ecdn \u2013 ti\u1ebft ki\u1ec7m chi ph\u00ed v\u00e0 hi\u1ec7u su\u1ea5t cao C\u00e1c c\u1ea3m bi\u1ebfn LiDAR 2D TiM cung c\u1ea5p hi\u1ec7u su\u1ea5t cao cho vi\u1ec7c \u0111\u00e1nh gi\u00e1 hi\u1ec7n tr\u01b0\u1eddng v\u00e0 xu\u1ea5t d\u1eef li\u1ec7u \u0111o l\u01b0\u1eddng trong m\u1ed9t thi\u1ebft k\u1ebf nh\u1ecf g\u1ecdn. D\u00f9 l\u00e0 \u1ee9ng d\u1ee5ng di \u0111\u1ed9ng hay c\u1ed1 \u0111\u1ecbnh, t\u1ef1 \u0111\u1ed9ng h\u00f3a, gi\u00e1m s\u00e1t hay an to\u00e0n \u2013 v\u1edbi t\u1ea7m qu\u00e9t l\u00ean \u0111\u1ebfn 25 m v\u00e0 g\u00f3c l\u00e0m vi\u1ec7c l\u00ean \u0111\u1ebfn 270\u00b0, c\u00e1c c\u1ea3m bi\u1ebfn n\u00e0y c\u00f3 th\u1ec3 ph\u00e1t hi\u1ec7n m\u00f4i tr\u01b0\u1eddng xung quanh tr\u00ean di\u1ec7n r\u1ed9ng v\u00e0 v\u1edbi \u0111\u1ed9 ch\u00ednh x\u00e1c cao. C\u00e1c b\u1ec1 m\u1eb7t kh\u00e1c nhau v\u00e0 h\u1ec7 s\u1ed1 ph\u1ea3n x\u1ea1 kh\u00f4ng ph\u1ea3i l\u00e0 v\u1ea5n \u0111\u1ec1 \u0111\u1ed1i v\u1edbi ch\u00fang. Nh\u1edd c\u00f4ng ngh\u1ec7 \u0111a xung HDDM\/HDDM+ \u0111\u01b0\u1ee3c c\u1ea5p b\u1eb1ng s\u00e1ng ch\u1ebf, TiM c\u00f3 th\u1ec3 ph\u00e1t hi\u1ec7n to\u00e0n b\u1ed9 ph\u1ea1m vi qu\u00e9t m\u00e0 kh\u00f4ng b\u1ecb gi\u00e1n \u0111o\u1ea1n, \u0111\u1ea3m b\u1ea3o ch\u1ea5t l\u01b0\u1ee3ng \u0111o l\u01b0\u1eddng lu\u00f4n \u1ed5n \u0111\u1ecbnh \u1edf m\u1ee9c cao. V\u1edbi thi\u1ebft k\u1ebf b\u1ec1n b\u1ec9 v\u00e0 \u0111\u01b0\u1ee3c trang b\u1ecb c\u00e1c c\u00f4ng ngh\u1ec7 k\u1ebft n\u1ed1i ch\u1ea5t l\u01b0\u1ee3ng cao, ch\u00fang ph\u00f9 h\u1ee3p cho c\u00e1c \u1ee9ng d\u1ee5ng c\u00f4ng nghi\u1ec7p \u0111\u00f2i h\u1ecfi kh\u1eaft khe trong nhi\u1ec1u l\u0129nh v\u1ef1c kh\u00e1c nhau. Vi\u1ec7c l\u1eafp \u0111\u1eb7t v\u00e0 c\u00e0i \u0111\u1eb7t th\u00f4ng s\u1ed1 c\u0169ng r\u1ea5t d\u1ec5 d\u00e0ng.\" \/>\n<meta property=\"og:url\" content=\"https:\/\/vuletech.com\/en\/product\/1069932\/\" \/>\n<meta property=\"og:site_name\" content=\"V\u0169 L\u00ea Tech\" \/>\n<meta property=\"article:modified_time\" content=\"2026-04-23T09:05:21+00:00\" \/>\n<meta property=\"og:image\" content=\"https:\/\/vuletech.com\/wp-content\/uploads\/2026\/04\/SICK-1.jpg\" \/>\n\t<meta property=\"og:image:width\" content=\"1020\" \/>\n\t<meta property=\"og:image:height\" content=\"1008\" \/>\n\t<meta property=\"og:image:type\" content=\"image\/jpeg\" \/>\n<meta name=\"twitter:card\" content=\"summary_large_image\" \/>\n<meta name=\"twitter:label1\" content=\"Est. reading time\" \/>\n\t<meta name=\"twitter:data1\" content=\"1 minute\" \/>\n<script type=\"application\/ld+json\" class=\"yoast-schema-graph\">{\"@context\":\"https:\/\/schema.org\",\"@graph\":[{\"@type\":\"WebPage\",\"@id\":\"https:\/\/vuletech.com\/en\/product\/1069932\/\",\"url\":\"https:\/\/vuletech.com\/en\/product\/1069932\/\",\"name\":\"1069932 - V\u0169 L\u00ea Tech\",\"isPartOf\":{\"@id\":\"https:\/\/vuletech.com\/en\/#website\"},\"primaryImageOfPage\":{\"@id\":\"https:\/\/vuletech.com\/en\/product\/1069932\/#primaryimage\"},\"image\":{\"@id\":\"https:\/\/vuletech.com\/en\/product\/1069932\/#primaryimage\"},\"thumbnailUrl\":\"https:\/\/vuletech.com\/wp-content\/uploads\/2026\/04\/SICK-1.jpg\",\"datePublished\":\"2026-04-23T09:03:52+00:00\",\"dateModified\":\"2026-04-23T09:05:21+00:00\",\"breadcrumb\":{\"@id\":\"https:\/\/vuletech.com\/en\/product\/1069932\/#breadcrumb\"},\"inLanguage\":\"en-US\",\"potentialAction\":[{\"@type\":\"ReadAction\",\"target\":[\"https:\/\/vuletech.com\/en\/product\/1069932\/\"]}]},{\"@type\":\"ImageObject\",\"inLanguage\":\"en-US\",\"@id\":\"https:\/\/vuletech.com\/en\/product\/1069932\/#primaryimage\",\"url\":\"https:\/\/vuletech.com\/wp-content\/uploads\/2026\/04\/SICK-1.jpg\",\"contentUrl\":\"https:\/\/vuletech.com\/wp-content\/uploads\/2026\/04\/SICK-1.jpg\",\"width\":1020,\"height\":1008},{\"@type\":\"BreadcrumbList\",\"@id\":\"https:\/\/vuletech.com\/en\/product\/1069932\/#breadcrumb\",\"itemListElement\":[{\"@type\":\"ListItem\",\"position\":1,\"name\":\"Home\",\"item\":\"https:\/\/vuletech.com\/en\/\"},{\"@type\":\"ListItem\",\"position\":2,\"name\":\"Product\",\"item\":\"https:\/\/vuletech.com\/product\/\"},{\"@type\":\"ListItem\",\"position\":3,\"name\":\"1069932\"}]},{\"@type\":\"WebSite\",\"@id\":\"https:\/\/vuletech.com\/en\/#website\",\"url\":\"https:\/\/vuletech.com\/en\/\",\"name\":\"V\u0169 L\u00ea Tech\",\"description\":\"Our Solution - Your Value\",\"potentialAction\":[{\"@type\":\"SearchAction\",\"target\":{\"@type\":\"EntryPoint\",\"urlTemplate\":\"https:\/\/vuletech.com\/en\/?s={search_term_string}\"},\"query-input\":{\"@type\":\"PropertyValueSpecification\",\"valueRequired\":true,\"valueName\":\"search_term_string\"}}],\"inLanguage\":\"en-US\"}]}<\/script>\n<!-- \/ Yoast SEO plugin. -->","yoast_head_json":{"title":"1069932 - V\u0169 L\u00ea Tech","robots":{"index":"index","follow":"follow","max-snippet":"max-snippet:-1","max-image-preview":"max-image-preview:large","max-video-preview":"max-video-preview:-1"},"canonical":"https:\/\/vuletech.com\/en\/product\/1069932\/","og_locale":"en_US","og_type":"article","og_title":"1069932 - V\u0169 L\u00ea Tech","og_description":"C\u1ea2M BI\u1ebeN LIDAR TiM C\u1ea3m bi\u1ebfn LiDAR 2D nh\u1ecf g\u1ecdn \u2013 ti\u1ebft ki\u1ec7m chi ph\u00ed v\u00e0 hi\u1ec7u su\u1ea5t cao C\u00e1c c\u1ea3m bi\u1ebfn LiDAR 2D TiM cung c\u1ea5p hi\u1ec7u su\u1ea5t cao cho vi\u1ec7c \u0111\u00e1nh gi\u00e1 hi\u1ec7n tr\u01b0\u1eddng v\u00e0 xu\u1ea5t d\u1eef li\u1ec7u \u0111o l\u01b0\u1eddng trong m\u1ed9t thi\u1ebft k\u1ebf nh\u1ecf g\u1ecdn. D\u00f9 l\u00e0 \u1ee9ng d\u1ee5ng di \u0111\u1ed9ng hay c\u1ed1 \u0111\u1ecbnh, t\u1ef1 \u0111\u1ed9ng h\u00f3a, gi\u00e1m s\u00e1t hay an to\u00e0n \u2013 v\u1edbi t\u1ea7m qu\u00e9t l\u00ean \u0111\u1ebfn 25 m v\u00e0 g\u00f3c l\u00e0m vi\u1ec7c l\u00ean \u0111\u1ebfn 270\u00b0, c\u00e1c c\u1ea3m bi\u1ebfn n\u00e0y c\u00f3 th\u1ec3 ph\u00e1t hi\u1ec7n m\u00f4i tr\u01b0\u1eddng xung quanh tr\u00ean di\u1ec7n r\u1ed9ng v\u00e0 v\u1edbi \u0111\u1ed9 ch\u00ednh x\u00e1c cao. C\u00e1c b\u1ec1 m\u1eb7t kh\u00e1c nhau v\u00e0 h\u1ec7 s\u1ed1 ph\u1ea3n x\u1ea1 kh\u00f4ng ph\u1ea3i l\u00e0 v\u1ea5n \u0111\u1ec1 \u0111\u1ed1i v\u1edbi ch\u00fang. Nh\u1edd c\u00f4ng ngh\u1ec7 \u0111a xung HDDM\/HDDM+ \u0111\u01b0\u1ee3c c\u1ea5p b\u1eb1ng s\u00e1ng ch\u1ebf, TiM c\u00f3 th\u1ec3 ph\u00e1t hi\u1ec7n to\u00e0n b\u1ed9 ph\u1ea1m vi qu\u00e9t m\u00e0 kh\u00f4ng b\u1ecb gi\u00e1n \u0111o\u1ea1n, \u0111\u1ea3m b\u1ea3o ch\u1ea5t l\u01b0\u1ee3ng \u0111o l\u01b0\u1eddng lu\u00f4n \u1ed5n \u0111\u1ecbnh \u1edf m\u1ee9c cao. V\u1edbi thi\u1ebft k\u1ebf b\u1ec1n b\u1ec9 v\u00e0 \u0111\u01b0\u1ee3c trang b\u1ecb c\u00e1c c\u00f4ng ngh\u1ec7 k\u1ebft n\u1ed1i ch\u1ea5t l\u01b0\u1ee3ng cao, ch\u00fang ph\u00f9 h\u1ee3p cho c\u00e1c \u1ee9ng d\u1ee5ng c\u00f4ng nghi\u1ec7p \u0111\u00f2i h\u1ecfi kh\u1eaft khe trong nhi\u1ec1u l\u0129nh v\u1ef1c kh\u00e1c nhau. Vi\u1ec7c l\u1eafp \u0111\u1eb7t v\u00e0 c\u00e0i \u0111\u1eb7t th\u00f4ng s\u1ed1 c\u0169ng r\u1ea5t d\u1ec5 d\u00e0ng.","og_url":"https:\/\/vuletech.com\/en\/product\/1069932\/","og_site_name":"V\u0169 L\u00ea Tech","article_modified_time":"2026-04-23T09:05:21+00:00","og_image":[{"width":1020,"height":1008,"url":"https:\/\/vuletech.com\/wp-content\/uploads\/2026\/04\/SICK-1.jpg","type":"image\/jpeg"}],"twitter_card":"summary_large_image","twitter_misc":{"Est. reading time":"1 minute"},"schema":{"@context":"https:\/\/schema.org","@graph":[{"@type":"WebPage","@id":"https:\/\/vuletech.com\/en\/product\/1069932\/","url":"https:\/\/vuletech.com\/en\/product\/1069932\/","name":"1069932 - V\u0169 L\u00ea Tech","isPartOf":{"@id":"https:\/\/vuletech.com\/en\/#website"},"primaryImageOfPage":{"@id":"https:\/\/vuletech.com\/en\/product\/1069932\/#primaryimage"},"image":{"@id":"https:\/\/vuletech.com\/en\/product\/1069932\/#primaryimage"},"thumbnailUrl":"https:\/\/vuletech.com\/wp-content\/uploads\/2026\/04\/SICK-1.jpg","datePublished":"2026-04-23T09:03:52+00:00","dateModified":"2026-04-23T09:05:21+00:00","breadcrumb":{"@id":"https:\/\/vuletech.com\/en\/product\/1069932\/#breadcrumb"},"inLanguage":"en-US","potentialAction":[{"@type":"ReadAction","target":["https:\/\/vuletech.com\/en\/product\/1069932\/"]}]},{"@type":"ImageObject","inLanguage":"en-US","@id":"https:\/\/vuletech.com\/en\/product\/1069932\/#primaryimage","url":"https:\/\/vuletech.com\/wp-content\/uploads\/2026\/04\/SICK-1.jpg","contentUrl":"https:\/\/vuletech.com\/wp-content\/uploads\/2026\/04\/SICK-1.jpg","width":1020,"height":1008},{"@type":"BreadcrumbList","@id":"https:\/\/vuletech.com\/en\/product\/1069932\/#breadcrumb","itemListElement":[{"@type":"ListItem","position":1,"name":"Home","item":"https:\/\/vuletech.com\/en\/"},{"@type":"ListItem","position":2,"name":"Product","item":"https:\/\/vuletech.com\/product\/"},{"@type":"ListItem","position":3,"name":"1069932"}]},{"@type":"WebSite","@id":"https:\/\/vuletech.com\/en\/#website","url":"https:\/\/vuletech.com\/en\/","name":"V\u0169 L\u00ea Tech","description":"Our Solution - Your Value","potentialAction":[{"@type":"SearchAction","target":{"@type":"EntryPoint","urlTemplate":"https:\/\/vuletech.com\/en\/?s={search_term_string}"},"query-input":{"@type":"PropertyValueSpecification","valueRequired":true,"valueName":"search_term_string"}}],"inLanguage":"en-US"}]}},"_links":{"self":[{"href":"https:\/\/vuletech.com\/en\/wp-json\/wp\/v2\/product\/87653","targetHints":{"allow":["GET"]}}],"collection":[{"href":"https:\/\/vuletech.com\/en\/wp-json\/wp\/v2\/product"}],"about":[{"href":"https:\/\/vuletech.com\/en\/wp-json\/wp\/v2\/types\/product"}],"replies":[{"embeddable":true,"href":"https:\/\/vuletech.com\/en\/wp-json\/wp\/v2\/comments?post=87653"}],"wp:featuredmedia":[{"embeddable":true,"href":"https:\/\/vuletech.com\/en\/wp-json\/wp\/v2\/media\/87637"}],"wp:attachment":[{"href":"https:\/\/vuletech.com\/en\/wp-json\/wp\/v2\/media?parent=87653"}],"wp:term":[{"taxonomy":"product_brand","embeddable":true,"href":"https:\/\/vuletech.com\/en\/wp-json\/wp\/v2\/product_brand?post=87653"},{"taxonomy":"product_cat","embeddable":true,"href":"https:\/\/vuletech.com\/en\/wp-json\/wp\/v2\/product_cat?post=87653"},{"taxonomy":"product_tag","embeddable":true,"href":"https:\/\/vuletech.com\/en\/wp-json\/wp\/v2\/product_tag?post=87653"}],"curies":[{"name":"wp","href":"https:\/\/api.w.org\/{rel}","templated":true}]}}