{"id":9041,"date":"2025-04-22T10:08:27","date_gmt":"2025-04-22T03:08:27","guid":{"rendered":"https:\/\/vuletech.com\/?post_type=product&#038;p=9041"},"modified":"2025-04-22T10:08:27","modified_gmt":"2025-04-22T03:08:27","slug":"iot-gateway-shiratech","status":"publish","type":"product","link":"https:\/\/vuletech.com\/en\/product\/iot-gateway-shiratech\/","title":{"rendered":"IoT Gateway Shiratech"},"content":{"rendered":"<p><strong>C\u00c1C \u1ee8NG D\u1ee4NG C\u1ee6A H\u1ed8P IoT:<\/strong><\/p>\n<ul>\n<li>\u0110\u1ed3 gia d\u1ee5ng gia \u0111\u00ecnh<\/li>\n<li>Gi\u00e1m s\u00e1t ch\u1ea5t l\u01b0\u1ee3ng kh\u00f4ng kh\u00ed<\/li>\n<li>\u1ee8ng d\u1ee5ng an to\u00e0n th\u00e0nh ph\u1ed1 \/ Th\u00e0nh ph\u1ed1 th\u00f4ng minh<\/li>\n<li>IOT solutions<\/li>\n<li>\u1ee8ng d\u1ee5ng c\u1ea3m bi\u1ebfn gi\u1ecdng n\u00f3i<\/li>\n<\/ul>\n<p><strong>C\u00c1C T\u00cdNH N\u0102NG CH\u00cdNH C\u1ee6A STM32MP157<\/strong><\/p>\n<p>C\u1ed0T L\u00d5I<\/p>\n<ul>\n<li>32-bit l\u00f5i k\u00e9p Arm\u00ae Cortex\u00ae-A7<br \/>\n\u2013 L\u00ean \u0111\u1ebfn 650 MHz (L\u00ean \u0111\u1ebfn 4158 CoreMark\u00ae)<br \/>\n\u2013 L1 32 Kbyte I \/ 32 Kbyte D cho m\u1ed7i l\u00f5i<br \/>\n\u2013 B\u1ed9 nh\u1edb \u0111\u1ec7m c\u1ea5p 2 th\u1ed1ng nh\u1ea5t 256 Kbyte<br \/>\n\u2013 Arm\u00ae NEON \u2122 v\u00e0 Arm \u00ae TrustZone\u00ae<\/li>\n<li>Arm\u00ae Cortex\u00ae-M4 32-bit v\u1edbi FPU \/ MPU<br \/>\n\u2013 L\u00ean \u0111\u1ebfn 200 MHz (L\u00ean \u0111\u1ebfn 673 CoreMark\u00ae)<\/li>\n<\/ul>\n<p><strong>B\u1ed8 NH\u1eda<\/strong><\/p>\n<ul>\n<li>B\u1ed9 nh\u1edb DDR b\u00ean ngo\u00e0i \u2013 DDR3 \u2013 64M X 32Bit (2G bit)<\/li>\n<li>708 Kbyte SRAM n\u1ed9i b\u1ed9: 256 KB AXI SYSRAM + 384 KB AHB SRAM + 64 KB AHB SRAM trong mi\u1ec1n d\u1ef1 ph\u00f2ng v\u00e0 4 KB SRAM trong mi\u1ec1n d\u1ef1 ph\u00f2ng<\/li>\n<li>NAND Flash \u2013 SLC NAND Flash song song 1.8V 8Gbit 1G x 8Bit 63-Pin VFBGA<\/li>\n<\/ul>\n<p><strong>\u0110\u1ed8 AN TO\u00c0N<\/strong><\/p>\n<ul>\n<li>Kh\u1edfi \u0111\u1ed9ng an to\u00e0n, IP TrustZone\u00ae, gi\u1ea3 m\u1ea1o ho\u1ea1t \u0111\u1ed9ng<\/li>\n<\/ul>\n<p><strong>C\u00c1C T\u00cdNH N\u0102NG CH\u00cdNH C\u1ee6A BG96<\/strong><\/p>\n<ul>\n<li>Quectel BG96 LTE CAT-M1 Modem<\/li>\n<li>T\u1ed1c \u0111\u1ed9 modem 300Kbps DL \/ 375Kbps UL<\/li>\n<li>T\u00edch h\u1ee3p GPS<\/li>\n<li>C\u1ea5p c\u00f4ng nghi\u1ec7p<\/li>\n<li>N\u0103ng l\u01b0\u1ee3ng th\u1ea5p<\/li>\n<li>T\u01b0\u01a1ng th\u00edch v\u1edbi c\u00e1c bo m\u1ea1ch 96Boards CE v\u00e0 EE<\/li>\n<li>I2C, UART, GPIO cho ho\u1ea1t \u0111\u1ed9ng c\u1ee7a modem<\/li>\n<\/ul>\n<p><strong>LBEE5KL1DX (M\u00f4-\u0111un WIFI \/ BT)<\/strong><\/p>\n<p>Nh\u1eefng \u0111\u1eb7c \u0111i\u1ec3m ch\u00ednh<\/p>\n<ul>\n<li>Giao di\u1ec7n SDIO (WLAN), UART (BT)<\/li>\n<li>IC \/ Firmware Cypress \/ CYW4343W<\/li>\n<li>\u0110\u1ed3ng h\u1ed3 tham chi\u1ebfu \u0110\u1ed3ng h\u1ed3 tham chi\u1ebfu \u0111\u01b0\u1ee3c nh\u00fang<\/li>\n<li>T\u1ea7n s\u1ed1 2.4GHz<\/li>\n<li>T\u1ea7n s\u1ed1 MHz (t\u1ed1i thi\u1ec3u) 2400<\/li>\n<li>T\u1ea7n s\u1ed1 MHz (t\u1ed1i \u0111a) 2483,5<\/li>\n<li>\u0110i\u1ec1u ch\u1ebf DSSS \/ CCK \/ OFDM<\/li>\n<li>C\u00f4ng su\u1ea5t truy\u1ec1n + 17dBm \/ 11Mbps<\/li>\n<li>T\u1ed1c \u0111\u1ed9 d\u1eef li\u1ec7u WLAN 11, 54, 65 Mb \/ gi\u00e2y<\/li>\n<li>T\u1ed1c \u0111\u1ed9 d\u1eef li\u1ec7u Bluetooth 3Mbps<\/li>\n<li>WLAN 802.11b \/ g \/ n<\/li>\n<li>Bluetooth v4.1 + EDR<\/li>\n<li>Ngu\u1ed3n c\u1ea5p Class 1 (t\u1ed1i \u0111a 10 dBm)<\/li>\n<li>C\u00f4ng ngh\u1ec7 Wi-Fi + Bluetooth 4.1 EDR<\/li>\n<li>Ch\u1ebf \u0111\u1ed9 k\u00e9p AP &amp; STA m\u1ea1ng<\/li>\n<li>Giao di\u1ec7n m\u00e1y ch\u1ee7 SDIO<\/li>\n<\/ul>\n<p><strong>K\u00cdCH TH\u01af\u1edaC<\/strong><\/p>\n<ul>\n<li>97mm x 97mm x14,5mm<\/li>\n<\/ul>\n<p><strong>H\u1ec6 \u0110I\u1ec0U H\u00c0NH<\/strong><\/p>\n<ul>\n<li>LINUX \u2013 Linaro Debian<\/li>\n<\/ul>\n","protected":false},"excerpt":{"rendered":"<div class=\"elementor-element elementor-element-b3fe51f elementor-widget elementor-widget-text-editor\" data-id=\"b3fe51f\" data-element_type=\"widget\" data-widget_type=\"text-editor.default\">\n<div class=\"elementor-widget-container\">\n<div class=\"elementor-text-editor elementor-clearfix\">\n<div class=\"elementor-element elementor-element-30bb6fe elementor-widget elementor-widget-text-editor\" data-id=\"30bb6fe\" data-element_type=\"text-editor.default\">\n<div class=\"elementor-widget-container\">\n<div class=\"elementor-text-editor elementor-clearfix\">\n<p><span class=\"\">C\u00f4ng ty Shiratech ra m\u1eaft \u201cIOT BOX\u201d v\u1edbi c<\/span><span class=\"\">\u1ed5ng IOT \u0111\u1ea7u ti\u00ean cho ph\u00e9p k\u1ebft n\u1ed1i tr\u1ef1c ti\u1ebfp c\u00e1c c\u1ea3m bi\u1ebfn v\u00e0 thi\u1ebft b\u1ecb c\u1ee7a b\u1ea1n v\u1edbi IOT Cloud.<\/span><\/p>\n<ul>\n<li>T\u00edch h\u1ee3p k\u1ebft n\u1ed1i LTE &amp; WIFI<\/li>\n<li>D\u1ef1a tr\u00ean STM32MP157 MPU<\/li>\n<li>H\u1ec7 \u0111i\u1ec1u h\u00e0nh \u2013 Linux (Linaro Debian)<\/li>\n<\/ul>\n<\/div>\n<\/div>\n<\/div>\n<\/div>\n<\/div>\n<\/div>\n<div class=\"elementor-element elementor-element-5df05ae elementor-widget elementor-widget-heading\" data-id=\"5df05ae\" data-element_type=\"widget\" data-widget_type=\"heading.default\">\n<div class=\"elementor-widget-container\">\n<h4 class=\"elementor-heading-title elementor-size-default\">C\u00e1c l\u1ee3i \u00edch ch\u00ednh<\/h4>\n<\/div>\n<\/div>\n<div class=\"elementor-element elementor-element-608082f elementor-widget elementor-widget-text-editor\" data-id=\"608082f\" data-element_type=\"widget\" data-widget_type=\"text-editor.default\">\n<div class=\"elementor-widget-container\">\n<div class=\"elementor-text-editor elementor-clearfix\">\n<ul>\n<li>CPU \u2013 STM32MP157 MPU<\/li>\n<li>LTE \u2013 Quectel BG96<\/li>\n<li>WIFI \/ BT \u2013 Murata LBEE5KL1DX RF TXRX MOD<\/li>\n<li>BLUETOOTH \/ WIFI<\/li>\n<li>C\u1ea3m bi\u1ebfn kh\u00ed \u2013 CCS811 \u2013 (B\u1eb1ng AMS) \u2013 C\u1ea3m bi\u1ebfn kh\u00ed k\u1ef9 thu\u1eadt s\u1ed1 c\u00f4ng su\u1ea5t c\u1ef1c th\u1ea5p \u0111\u1ec3 gi\u00e1m s\u00e1t ch\u1ea5t l\u01b0\u1ee3ng kh\u00f4ng kh\u00ed trong nh\u00e0<\/li>\n<li>2 X Micr\u00f4 IM69D130 (Infineon)<\/li>\n<li>K\u1ef9 thu\u1eadt s\u1ed1 hi\u1ec7u su\u1ea5t cao<\/li>\n<li>Micr\u00f4 XENSIVTM MEMS<\/li>\n<li>T\u00edch h\u1ee3p pin s\u1ea1c Li-Iion 1AH<\/li>\n<li>1 x giao di\u1ec7n USB OTG (\u0110\u1ec3 s\u1ea1c v\u00e0 giao ti\u1ebfp)<\/li>\n<li>2 X DI (OPTOISOLATOR 3.75KV)<\/li>\n<li>2 X DO (250VAC, 220VDC \u2013 T\u1ed1i \u0111a, 1A)<\/li>\n<li>2 X AI (4mA-20Ma)<\/li>\n<li>Giao di\u1ec7n c\u1ea3m bi\u1ebfn b\u00ean ngo\u00e0i<\/li>\n<li>1 X I2C<\/li>\n<li>1 X SPI (4 d\u00e2y)<\/li>\n<li>1 X UART<\/li>\n<li>Ph\u1ee5 ki\u1ec7n gi\u00e1 treo t\u01b0\u1eddng t\u00f9y ch\u1ecdn<\/li>\n<\/ul>\n<\/div>\n<\/div>\n<\/div>\n","protected":false},"featured_media":4058,"comment_status":"closed","ping_status":"closed","template":"","meta":[],"product_brand":[722],"product_cat":[721],"product_tag":[],"class_list":{"0":"post-9041","1":"product","2":"type-product","3":"status-publish","4":"has-post-thumbnail","6":"product_brand-shiratech","7":"product_cat-thiet-bi-iot","9":"first","10":"instock","11":"shipping-taxable","12":"purchasable","13":"product-type-simple"},"acf":[],"yoast_head":"<!-- This site is optimized with the Yoast SEO plugin v25.1 - https:\/\/yoast.com\/wordpress\/plugins\/seo\/ -->\n<title>IoT Gateway Shiratech - V\u0169 L\u00ea Tech<\/title>\n<meta name=\"robots\" content=\"index, follow, max-snippet:-1, max-image-preview:large, max-video-preview:-1\" \/>\n<link rel=\"canonical\" href=\"https:\/\/vuletech.com\/product\/iot-gateway-shiratech\/\" \/>\n<meta property=\"og:locale\" content=\"en_US\" \/>\n<meta property=\"og:type\" content=\"article\" \/>\n<meta property=\"og:title\" content=\"IoT Gateway Shiratech - V\u0169 L\u00ea Tech\" \/>\n<meta property=\"og:description\" content=\"C\u00f4ng ty Shiratech ra m\u1eaft \u201cIOT BOX\u201d v\u1edbi c\u1ed5ng IOT \u0111\u1ea7u ti\u00ean cho ph\u00e9p k\u1ebft n\u1ed1i tr\u1ef1c ti\u1ebfp c\u00e1c c\u1ea3m bi\u1ebfn v\u00e0 thi\u1ebft b\u1ecb c\u1ee7a b\u1ea1n v\u1edbi IOT Cloud.   T\u00edch h\u1ee3p k\u1ebft n\u1ed1i LTE &amp; WIFI  D\u1ef1a tr\u00ean STM32MP157 MPU  H\u1ec7 \u0111i\u1ec1u h\u00e0nh \u2013 Linux (Linaro Debian)          C\u00e1c l\u1ee3i \u00edch ch\u00ednh        CPU \u2013 STM32MP157 MPU  LTE \u2013 Quectel BG96  WIFI \/ BT \u2013 Murata LBEE5KL1DX RF TXRX MOD  BLUETOOTH \/ WIFI  C\u1ea3m bi\u1ebfn kh\u00ed \u2013 CCS811 \u2013 (B\u1eb1ng AMS) \u2013 C\u1ea3m bi\u1ebfn kh\u00ed k\u1ef9 thu\u1eadt s\u1ed1 c\u00f4ng su\u1ea5t c\u1ef1c th\u1ea5p \u0111\u1ec3 gi\u00e1m s\u00e1t ch\u1ea5t l\u01b0\u1ee3ng kh\u00f4ng kh\u00ed trong nh\u00e0  2 X Micr\u00f4 IM69D130 (Infineon)  K\u1ef9 thu\u1eadt s\u1ed1 hi\u1ec7u su\u1ea5t cao  Micr\u00f4 XENSIVTM MEMS  T\u00edch h\u1ee3p pin s\u1ea1c Li-Iion 1AH  1 x giao di\u1ec7n USB OTG (\u0110\u1ec3 s\u1ea1c v\u00e0 giao ti\u1ebfp)  2 X DI (OPTOISOLATOR 3.75KV)  2 X DO (250VAC, 220VDC \u2013 T\u1ed1i \u0111a, 1A)  2 X AI (4mA-20Ma)  Giao di\u1ec7n c\u1ea3m bi\u1ebfn b\u00ean ngo\u00e0i  1 X I2C  1 X SPI (4 d\u00e2y)  1 X UART  Ph\u1ee5 ki\u1ec7n gi\u00e1 treo t\u01b0\u1eddng t\u00f9y ch\u1ecdn\" \/>\n<meta property=\"og:url\" content=\"https:\/\/vuletech.com\/product\/iot-gateway-shiratech\/\" \/>\n<meta property=\"og:site_name\" content=\"V\u0169 L\u00ea Tech\" \/>\n<meta property=\"og:image\" content=\"https:\/\/vuletech.com\/wp-content\/uploads\/2021\/07\/IOT-BOX-CUBE.png\" \/>\n\t<meta property=\"og:image:width\" content=\"875\" \/>\n\t<meta property=\"og:image:height\" content=\"465\" \/>\n\t<meta property=\"og:image:type\" content=\"image\/png\" \/>\n<meta name=\"twitter:card\" content=\"summary_large_image\" \/>\n<meta name=\"twitter:label1\" content=\"Est. reading time\" \/>\n\t<meta name=\"twitter:data1\" content=\"3 minutes\" \/>\n<script type=\"application\/ld+json\" class=\"yoast-schema-graph\">{\"@context\":\"https:\/\/schema.org\",\"@graph\":[{\"@type\":\"WebPage\",\"@id\":\"https:\/\/vuletech.com\/product\/iot-gateway-shiratech\/\",\"url\":\"https:\/\/vuletech.com\/product\/iot-gateway-shiratech\/\",\"name\":\"IoT Gateway Shiratech - V\u0169 L\u00ea Tech\",\"isPartOf\":{\"@id\":\"http:\/\/vuletech.com\/#website\"},\"primaryImageOfPage\":{\"@id\":\"https:\/\/vuletech.com\/product\/iot-gateway-shiratech\/#primaryimage\"},\"image\":{\"@id\":\"https:\/\/vuletech.com\/product\/iot-gateway-shiratech\/#primaryimage\"},\"thumbnailUrl\":\"https:\/\/vuletech.com\/wp-content\/uploads\/2021\/07\/IOT-BOX-CUBE.png\",\"datePublished\":\"2025-04-22T03:08:27+00:00\",\"breadcrumb\":{\"@id\":\"https:\/\/vuletech.com\/product\/iot-gateway-shiratech\/#breadcrumb\"},\"inLanguage\":\"en-US\",\"potentialAction\":[{\"@type\":\"ReadAction\",\"target\":[\"https:\/\/vuletech.com\/product\/iot-gateway-shiratech\/\"]}]},{\"@type\":\"ImageObject\",\"inLanguage\":\"en-US\",\"@id\":\"https:\/\/vuletech.com\/product\/iot-gateway-shiratech\/#primaryimage\",\"url\":\"https:\/\/vuletech.com\/wp-content\/uploads\/2021\/07\/IOT-BOX-CUBE.png\",\"contentUrl\":\"https:\/\/vuletech.com\/wp-content\/uploads\/2021\/07\/IOT-BOX-CUBE.png\",\"width\":875,\"height\":465},{\"@type\":\"BreadcrumbList\",\"@id\":\"https:\/\/vuletech.com\/product\/iot-gateway-shiratech\/#breadcrumb\",\"itemListElement\":[{\"@type\":\"ListItem\",\"position\":1,\"name\":\"Home\",\"item\":\"https:\/\/vuletech.com\/en\/\"},{\"@type\":\"ListItem\",\"position\":2,\"name\":\"Product\",\"item\":\"https:\/\/vuletech.com\/product\/\"},{\"@type\":\"ListItem\",\"position\":3,\"name\":\"IoT Gateway Shiratech\"}]},{\"@type\":\"WebSite\",\"@id\":\"http:\/\/vuletech.com\/#website\",\"url\":\"http:\/\/vuletech.com\/\",\"name\":\"V\u0169 L\u00ea Tech\",\"description\":\"Our Solution - Your Value\",\"potentialAction\":[{\"@type\":\"SearchAction\",\"target\":{\"@type\":\"EntryPoint\",\"urlTemplate\":\"http:\/\/vuletech.com\/?s={search_term_string}\"},\"query-input\":{\"@type\":\"PropertyValueSpecification\",\"valueRequired\":true,\"valueName\":\"search_term_string\"}}],\"inLanguage\":\"en-US\"}]}<\/script>\n<!-- \/ Yoast SEO plugin. -->","yoast_head_json":{"title":"IoT Gateway Shiratech - V\u0169 L\u00ea Tech","robots":{"index":"index","follow":"follow","max-snippet":"max-snippet:-1","max-image-preview":"max-image-preview:large","max-video-preview":"max-video-preview:-1"},"canonical":"https:\/\/vuletech.com\/product\/iot-gateway-shiratech\/","og_locale":"en_US","og_type":"article","og_title":"IoT Gateway Shiratech - V\u0169 L\u00ea Tech","og_description":"C\u00f4ng ty Shiratech ra m\u1eaft \u201cIOT BOX\u201d v\u1edbi c\u1ed5ng IOT \u0111\u1ea7u ti\u00ean cho ph\u00e9p k\u1ebft n\u1ed1i tr\u1ef1c ti\u1ebfp c\u00e1c c\u1ea3m bi\u1ebfn v\u00e0 thi\u1ebft b\u1ecb c\u1ee7a b\u1ea1n v\u1edbi IOT Cloud.   T\u00edch h\u1ee3p k\u1ebft n\u1ed1i LTE &amp; WIFI  D\u1ef1a tr\u00ean STM32MP157 MPU  H\u1ec7 \u0111i\u1ec1u h\u00e0nh \u2013 Linux (Linaro Debian)          C\u00e1c l\u1ee3i \u00edch ch\u00ednh        CPU \u2013 STM32MP157 MPU  LTE \u2013 Quectel BG96  WIFI \/ BT \u2013 Murata LBEE5KL1DX RF TXRX MOD  BLUETOOTH \/ WIFI  C\u1ea3m bi\u1ebfn kh\u00ed \u2013 CCS811 \u2013 (B\u1eb1ng AMS) \u2013 C\u1ea3m bi\u1ebfn kh\u00ed k\u1ef9 thu\u1eadt s\u1ed1 c\u00f4ng su\u1ea5t c\u1ef1c th\u1ea5p \u0111\u1ec3 gi\u00e1m s\u00e1t ch\u1ea5t l\u01b0\u1ee3ng kh\u00f4ng kh\u00ed trong nh\u00e0  2 X Micr\u00f4 IM69D130 (Infineon)  K\u1ef9 thu\u1eadt s\u1ed1 hi\u1ec7u su\u1ea5t cao  Micr\u00f4 XENSIVTM MEMS  T\u00edch h\u1ee3p pin s\u1ea1c Li-Iion 1AH  1 x giao di\u1ec7n USB OTG (\u0110\u1ec3 s\u1ea1c v\u00e0 giao ti\u1ebfp)  2 X DI (OPTOISOLATOR 3.75KV)  2 X DO (250VAC, 220VDC \u2013 T\u1ed1i \u0111a, 1A)  2 X AI (4mA-20Ma)  Giao di\u1ec7n c\u1ea3m bi\u1ebfn b\u00ean ngo\u00e0i  1 X I2C  1 X SPI (4 d\u00e2y)  1 X UART  Ph\u1ee5 ki\u1ec7n gi\u00e1 treo t\u01b0\u1eddng t\u00f9y ch\u1ecdn","og_url":"https:\/\/vuletech.com\/product\/iot-gateway-shiratech\/","og_site_name":"V\u0169 L\u00ea Tech","og_image":[{"width":875,"height":465,"url":"https:\/\/vuletech.com\/wp-content\/uploads\/2021\/07\/IOT-BOX-CUBE.png","type":"image\/png"}],"twitter_card":"summary_large_image","twitter_misc":{"Est. reading time":"3 minutes"},"schema":{"@context":"https:\/\/schema.org","@graph":[{"@type":"WebPage","@id":"https:\/\/vuletech.com\/product\/iot-gateway-shiratech\/","url":"https:\/\/vuletech.com\/product\/iot-gateway-shiratech\/","name":"IoT Gateway Shiratech - V\u0169 L\u00ea Tech","isPartOf":{"@id":"http:\/\/vuletech.com\/#website"},"primaryImageOfPage":{"@id":"https:\/\/vuletech.com\/product\/iot-gateway-shiratech\/#primaryimage"},"image":{"@id":"https:\/\/vuletech.com\/product\/iot-gateway-shiratech\/#primaryimage"},"thumbnailUrl":"https:\/\/vuletech.com\/wp-content\/uploads\/2021\/07\/IOT-BOX-CUBE.png","datePublished":"2025-04-22T03:08:27+00:00","breadcrumb":{"@id":"https:\/\/vuletech.com\/product\/iot-gateway-shiratech\/#breadcrumb"},"inLanguage":"en-US","potentialAction":[{"@type":"ReadAction","target":["https:\/\/vuletech.com\/product\/iot-gateway-shiratech\/"]}]},{"@type":"ImageObject","inLanguage":"en-US","@id":"https:\/\/vuletech.com\/product\/iot-gateway-shiratech\/#primaryimage","url":"https:\/\/vuletech.com\/wp-content\/uploads\/2021\/07\/IOT-BOX-CUBE.png","contentUrl":"https:\/\/vuletech.com\/wp-content\/uploads\/2021\/07\/IOT-BOX-CUBE.png","width":875,"height":465},{"@type":"BreadcrumbList","@id":"https:\/\/vuletech.com\/product\/iot-gateway-shiratech\/#breadcrumb","itemListElement":[{"@type":"ListItem","position":1,"name":"Home","item":"https:\/\/vuletech.com\/en\/"},{"@type":"ListItem","position":2,"name":"Product","item":"https:\/\/vuletech.com\/product\/"},{"@type":"ListItem","position":3,"name":"IoT Gateway Shiratech"}]},{"@type":"WebSite","@id":"http:\/\/vuletech.com\/#website","url":"http:\/\/vuletech.com\/","name":"V\u0169 L\u00ea Tech","description":"Our Solution - Your Value","potentialAction":[{"@type":"SearchAction","target":{"@type":"EntryPoint","urlTemplate":"http:\/\/vuletech.com\/?s={search_term_string}"},"query-input":{"@type":"PropertyValueSpecification","valueRequired":true,"valueName":"search_term_string"}}],"inLanguage":"en-US"}]}},"_links":{"self":[{"href":"https:\/\/vuletech.com\/en\/wp-json\/wp\/v2\/product\/9041","targetHints":{"allow":["GET"]}}],"collection":[{"href":"https:\/\/vuletech.com\/en\/wp-json\/wp\/v2\/product"}],"about":[{"href":"https:\/\/vuletech.com\/en\/wp-json\/wp\/v2\/types\/product"}],"replies":[{"embeddable":true,"href":"https:\/\/vuletech.com\/en\/wp-json\/wp\/v2\/comments?post=9041"}],"wp:featuredmedia":[{"embeddable":true,"href":"https:\/\/vuletech.com\/en\/wp-json\/wp\/v2\/media\/4058"}],"wp:attachment":[{"href":"https:\/\/vuletech.com\/en\/wp-json\/wp\/v2\/media?parent=9041"}],"wp:term":[{"taxonomy":"product_brand","embeddable":true,"href":"https:\/\/vuletech.com\/en\/wp-json\/wp\/v2\/product_brand?post=9041"},{"taxonomy":"product_cat","embeddable":true,"href":"https:\/\/vuletech.com\/en\/wp-json\/wp\/v2\/product_cat?post=9041"},{"taxonomy":"product_tag","embeddable":true,"href":"https:\/\/vuletech.com\/en\/wp-json\/wp\/v2\/product_tag?post=9041"}],"curies":[{"name":"wp","href":"https:\/\/api.w.org\/{rel}","templated":true}]}}