{"id":9073,"date":"2025-04-25T09:59:46","date_gmt":"2025-04-25T02:59:46","guid":{"rendered":"https:\/\/vuletech.com\/?post_type=product&#038;p=9073"},"modified":"2025-04-25T09:59:46","modified_gmt":"2025-04-25T02:59:46","slug":"fc-351","status":"publish","type":"product","link":"https:\/\/vuletech.com\/en\/product\/fc-351\/","title":{"rendered":"FC 351"},"content":{"rendered":"<table style=\"height: 146px;\" width=\"654\">\n<tbody>\n<tr>\n<td width=\"69\">Th\u00f4ng s\u1ed1 k\u1ef9 thu\u1eadt<\/td>\n<td width=\"69\">\u0110\u1eb7t h\u00e0ng ngay<\/td>\n<td width=\"69\">T\u00ecnh tr\u1ea1ng<\/td>\n<\/tr>\n<tr>\n<td>\n<div class=\"ewa-rteLine\">\n<div class=\"ewa-rteLine\">\n<div class=\"ewa-rteLine\">\n<div class=\"ewa-rteLine\">\n<div class=\"ewa-rteLine\">\n<div class=\"ewa-rteLine\">\n<div class=\"ewa-rteLine\">\n<div class=\"ewa-rteLine\">\n<div class=\"ewa-rteLine\">\n<div class=\"ewa-rteLine\">\n<div class=\"ewa-rteLine\">\n<div class=\"ewa-rteLine\">\n<div class=\"ewa-rteLine\">\n<div class=\"ewa-rteLine\">\n<div class=\"ewa-rteLine\">\n<div class=\"ewa-rteLine\">\n<div class=\"ewa-rteLine\">\n<div class=\"ewa-rteLine\">\n<div class=\"ewa-rteLine\">\n<div class=\"ewa-rteLine\">\n<div class=\"ewa-rteLine\">\n<div class=\"ewa-rteLine\">\n<div class=\"ewa-rteLine\">\n<div class=\"ewa-rteLine\">\n<div class=\"ewa-rteLine\">\n<div class=\"ewa-rteLine\">\n<div class=\"ewa-rteLine\">\n<div class=\"ewa-rteLine\">\n<div class=\"ewa-rteLine\">\u2022 Ith: 10A.<\/div>\n<div class=\"ewa-rteLine\">\u2022 Ui: 500Vac-600Vdc.<\/div>\n<div class=\"ewa-rteLine\">\u2022 Uimp: 6kV.<\/div>\n<div class=\"ewa-rteLine\">\u2022 D\u00f2ng ng\u1eafn m\u1ea1ch: 1000A theo EN 60947-5-1.<\/div>\n<div class=\"ewa-rteLine\">\u2022 B\u1ea3o v\u1ec7 ch\u1ed1ng ng\u1eafn m\u1ea1ch: aM fuse 10A 500V.<\/div>\n<\/div>\n<\/div>\n<\/div>\n<\/div>\n<\/div>\n<\/div>\n<\/div>\n<\/div>\n<\/div>\n<\/div>\n<\/div>\n<\/div>\n<\/div>\n<\/div>\n<\/div>\n<\/div>\n<\/div>\n<\/div>\n<\/div>\n<\/div>\n<\/div>\n<\/div>\n<\/div>\n<\/div>\n<\/div>\n<\/div>\n<\/div>\n<\/div>\n<\/td>\n<td>(028) 3620 8179<\/td>\n<td><\/td>\n<\/tr>\n<\/tbody>\n<\/table>\n","protected":false},"excerpt":{"rendered":"<div class=\"ewa-rteLine\">C\u00f4ng t\u1eafc h\u00e0nh tr\u00ecnh c\u1ea7n g\u1ea1t con l\u0103n trung t\u00e2m<\/div>\n<div>\n<div class=\"ewa-rteLine\">\n<ul>\n<li class=\"ewa-rteLine\">V\u1ecf: Technopolymer, 1 c\u1ed5ng k\u1ebft n\u1ed1i PG 11.<\/li>\n<li class=\"ewa-rteLine\">B\u1ed9 truy\u1ec1n \u0111\u1ed9ng: C\u1ea7n g\u1ea1t ng\u1eafn con l\u0103n nh\u1ef1a trung t\u00e2m.<\/li>\n<li class=\"ewa-rteLine\">Kh\u1ed1i ti\u1ebfp \u0111i\u1ec3m: 1NO + 1NC, Snap.<\/li>\n<li class=\"ewa-rteLine\">B\u1ea3o v\u1ec7: IP 67 theo EN 60529.<\/li>\n<li class=\"ewa-rteLine\">Nhi\u1ec7t \u0111\u1ed9: -25<sup>o<\/sup>C \u2026 +80<sup>o<\/sup>C<\/li>\n<\/ul>\n<\/div>\n<\/div>\n","protected":false},"featured_media":8790,"comment_status":"closed","ping_status":"closed","template":"","meta":[],"product_brand":[],"product_cat":[729,725],"product_tag":[],"class_list":{"0":"post-9073","1":"product","2":"type-product","3":"status-publish","4":"has-post-thumbnail","6":"product_cat-fc-series","7":"product_cat-san-pham-pizzato-thong-dung","9":"first","10":"instock","11":"shipping-taxable","12":"product-type-simple"},"acf":[],"yoast_head":"<!-- This site is optimized with the Yoast SEO plugin v25.1 - https:\/\/yoast.com\/wordpress\/plugins\/seo\/ -->\n<title>FC 351 - V\u0169 L\u00ea Tech<\/title>\n<meta name=\"robots\" content=\"index, follow, max-snippet:-1, max-image-preview:large, max-video-preview:-1\" \/>\n<link rel=\"canonical\" href=\"https:\/\/vuletech.com\/product\/fc-351\/\" \/>\n<meta property=\"og:locale\" content=\"en_US\" \/>\n<meta property=\"og:type\" content=\"article\" \/>\n<meta property=\"og:title\" content=\"FC 351 - V\u0169 L\u00ea Tech\" \/>\n<meta property=\"og:description\" content=\"C\u00f4ng t\u1eafc h\u00e0nh tr\u00ecnh c\u1ea7n g\u1ea1t con l\u0103n trung t\u00e2m     V\u1ecf: Technopolymer, 1 c\u1ed5ng k\u1ebft n\u1ed1i PG 11.  B\u1ed9 truy\u1ec1n \u0111\u1ed9ng: C\u1ea7n g\u1ea1t ng\u1eafn con l\u0103n nh\u1ef1a trung t\u00e2m.  Kh\u1ed1i ti\u1ebfp \u0111i\u1ec3m: 1NO + 1NC, Snap.  B\u1ea3o v\u1ec7: IP 67 theo EN 60529.  Nhi\u1ec7t \u0111\u1ed9: -25oC \u2026 +80oC\" \/>\n<meta property=\"og:url\" content=\"https:\/\/vuletech.com\/product\/fc-351\/\" \/>\n<meta property=\"og:site_name\" content=\"V\u0169 L\u00ea Tech\" \/>\n<meta property=\"og:image\" content=\"https:\/\/vuletech.com\/wp-content\/uploads\/2025\/01\/FC_x51_500.jpg\" \/>\n\t<meta property=\"og:image:width\" content=\"500\" \/>\n\t<meta property=\"og:image:height\" content=\"500\" \/>\n\t<meta property=\"og:image:type\" content=\"image\/jpeg\" \/>\n<meta name=\"twitter:card\" content=\"summary_large_image\" \/>\n<meta name=\"twitter:label1\" content=\"Est. reading time\" \/>\n\t<meta name=\"twitter:data1\" content=\"1 minute\" \/>\n<script type=\"application\/ld+json\" class=\"yoast-schema-graph\">{\"@context\":\"https:\/\/schema.org\",\"@graph\":[{\"@type\":\"WebPage\",\"@id\":\"https:\/\/vuletech.com\/product\/fc-351\/\",\"url\":\"https:\/\/vuletech.com\/product\/fc-351\/\",\"name\":\"FC 351 - V\u0169 L\u00ea Tech\",\"isPartOf\":{\"@id\":\"http:\/\/vuletech.com\/#website\"},\"primaryImageOfPage\":{\"@id\":\"https:\/\/vuletech.com\/product\/fc-351\/#primaryimage\"},\"image\":{\"@id\":\"https:\/\/vuletech.com\/product\/fc-351\/#primaryimage\"},\"thumbnailUrl\":\"https:\/\/vuletech.com\/wp-content\/uploads\/2025\/01\/FC_x51_500.jpg\",\"datePublished\":\"2025-04-25T02:59:46+00:00\",\"breadcrumb\":{\"@id\":\"https:\/\/vuletech.com\/product\/fc-351\/#breadcrumb\"},\"inLanguage\":\"en-US\",\"potentialAction\":[{\"@type\":\"ReadAction\",\"target\":[\"https:\/\/vuletech.com\/product\/fc-351\/\"]}]},{\"@type\":\"ImageObject\",\"inLanguage\":\"en-US\",\"@id\":\"https:\/\/vuletech.com\/product\/fc-351\/#primaryimage\",\"url\":\"https:\/\/vuletech.com\/wp-content\/uploads\/2025\/01\/FC_x51_500.jpg\",\"contentUrl\":\"https:\/\/vuletech.com\/wp-content\/uploads\/2025\/01\/FC_x51_500.jpg\",\"width\":500,\"height\":500},{\"@type\":\"BreadcrumbList\",\"@id\":\"https:\/\/vuletech.com\/product\/fc-351\/#breadcrumb\",\"itemListElement\":[{\"@type\":\"ListItem\",\"position\":1,\"name\":\"Home\",\"item\":\"https:\/\/vuletech.com\/en\/\"},{\"@type\":\"ListItem\",\"position\":2,\"name\":\"Product\",\"item\":\"https:\/\/vuletech.com\/product\/\"},{\"@type\":\"ListItem\",\"position\":3,\"name\":\"FC 351\"}]},{\"@type\":\"WebSite\",\"@id\":\"http:\/\/vuletech.com\/#website\",\"url\":\"http:\/\/vuletech.com\/\",\"name\":\"V\u0169 L\u00ea Tech\",\"description\":\"Our Solution - Your Value\",\"potentialAction\":[{\"@type\":\"SearchAction\",\"target\":{\"@type\":\"EntryPoint\",\"urlTemplate\":\"http:\/\/vuletech.com\/?s={search_term_string}\"},\"query-input\":{\"@type\":\"PropertyValueSpecification\",\"valueRequired\":true,\"valueName\":\"search_term_string\"}}],\"inLanguage\":\"en-US\"}]}<\/script>\n<!-- \/ Yoast SEO plugin. -->","yoast_head_json":{"title":"FC 351 - V\u0169 L\u00ea Tech","robots":{"index":"index","follow":"follow","max-snippet":"max-snippet:-1","max-image-preview":"max-image-preview:large","max-video-preview":"max-video-preview:-1"},"canonical":"https:\/\/vuletech.com\/product\/fc-351\/","og_locale":"en_US","og_type":"article","og_title":"FC 351 - V\u0169 L\u00ea Tech","og_description":"C\u00f4ng t\u1eafc h\u00e0nh tr\u00ecnh c\u1ea7n g\u1ea1t con l\u0103n trung t\u00e2m     V\u1ecf: Technopolymer, 1 c\u1ed5ng k\u1ebft n\u1ed1i PG 11.  B\u1ed9 truy\u1ec1n \u0111\u1ed9ng: C\u1ea7n g\u1ea1t ng\u1eafn con l\u0103n nh\u1ef1a trung t\u00e2m.  Kh\u1ed1i ti\u1ebfp \u0111i\u1ec3m: 1NO + 1NC, Snap.  B\u1ea3o v\u1ec7: IP 67 theo EN 60529.  Nhi\u1ec7t \u0111\u1ed9: -25oC \u2026 +80oC","og_url":"https:\/\/vuletech.com\/product\/fc-351\/","og_site_name":"V\u0169 L\u00ea Tech","og_image":[{"width":500,"height":500,"url":"https:\/\/vuletech.com\/wp-content\/uploads\/2025\/01\/FC_x51_500.jpg","type":"image\/jpeg"}],"twitter_card":"summary_large_image","twitter_misc":{"Est. reading time":"1 minute"},"schema":{"@context":"https:\/\/schema.org","@graph":[{"@type":"WebPage","@id":"https:\/\/vuletech.com\/product\/fc-351\/","url":"https:\/\/vuletech.com\/product\/fc-351\/","name":"FC 351 - V\u0169 L\u00ea Tech","isPartOf":{"@id":"http:\/\/vuletech.com\/#website"},"primaryImageOfPage":{"@id":"https:\/\/vuletech.com\/product\/fc-351\/#primaryimage"},"image":{"@id":"https:\/\/vuletech.com\/product\/fc-351\/#primaryimage"},"thumbnailUrl":"https:\/\/vuletech.com\/wp-content\/uploads\/2025\/01\/FC_x51_500.jpg","datePublished":"2025-04-25T02:59:46+00:00","breadcrumb":{"@id":"https:\/\/vuletech.com\/product\/fc-351\/#breadcrumb"},"inLanguage":"en-US","potentialAction":[{"@type":"ReadAction","target":["https:\/\/vuletech.com\/product\/fc-351\/"]}]},{"@type":"ImageObject","inLanguage":"en-US","@id":"https:\/\/vuletech.com\/product\/fc-351\/#primaryimage","url":"https:\/\/vuletech.com\/wp-content\/uploads\/2025\/01\/FC_x51_500.jpg","contentUrl":"https:\/\/vuletech.com\/wp-content\/uploads\/2025\/01\/FC_x51_500.jpg","width":500,"height":500},{"@type":"BreadcrumbList","@id":"https:\/\/vuletech.com\/product\/fc-351\/#breadcrumb","itemListElement":[{"@type":"ListItem","position":1,"name":"Home","item":"https:\/\/vuletech.com\/en\/"},{"@type":"ListItem","position":2,"name":"Product","item":"https:\/\/vuletech.com\/product\/"},{"@type":"ListItem","position":3,"name":"FC 351"}]},{"@type":"WebSite","@id":"http:\/\/vuletech.com\/#website","url":"http:\/\/vuletech.com\/","name":"V\u0169 L\u00ea Tech","description":"Our Solution - Your Value","potentialAction":[{"@type":"SearchAction","target":{"@type":"EntryPoint","urlTemplate":"http:\/\/vuletech.com\/?s={search_term_string}"},"query-input":{"@type":"PropertyValueSpecification","valueRequired":true,"valueName":"search_term_string"}}],"inLanguage":"en-US"}]}},"_links":{"self":[{"href":"https:\/\/vuletech.com\/en\/wp-json\/wp\/v2\/product\/9073","targetHints":{"allow":["GET"]}}],"collection":[{"href":"https:\/\/vuletech.com\/en\/wp-json\/wp\/v2\/product"}],"about":[{"href":"https:\/\/vuletech.com\/en\/wp-json\/wp\/v2\/types\/product"}],"replies":[{"embeddable":true,"href":"https:\/\/vuletech.com\/en\/wp-json\/wp\/v2\/comments?post=9073"}],"wp:featuredmedia":[{"embeddable":true,"href":"https:\/\/vuletech.com\/en\/wp-json\/wp\/v2\/media\/8790"}],"wp:attachment":[{"href":"https:\/\/vuletech.com\/en\/wp-json\/wp\/v2\/media?parent=9073"}],"wp:term":[{"taxonomy":"product_brand","embeddable":true,"href":"https:\/\/vuletech.com\/en\/wp-json\/wp\/v2\/product_brand?post=9073"},{"taxonomy":"product_cat","embeddable":true,"href":"https:\/\/vuletech.com\/en\/wp-json\/wp\/v2\/product_cat?post=9073"},{"taxonomy":"product_tag","embeddable":true,"href":"https:\/\/vuletech.com\/en\/wp-json\/wp\/v2\/product_tag?post=9073"}],"curies":[{"name":"wp","href":"https:\/\/api.w.org\/{rel}","templated":true}]}}