{"id":9095,"date":"2025-04-25T11:01:34","date_gmt":"2025-04-25T04:01:34","guid":{"rendered":"https:\/\/vuletech.com\/product\/cobot-lbr-iiwa\/"},"modified":"2025-04-25T11:01:35","modified_gmt":"2025-04-25T04:01:35","slug":"cobot-lbr-iiwa","status":"publish","type":"product","link":"https:\/\/vuletech.com\/en\/product\/cobot-lbr-iiwa\/","title":{"rendered":"Cobot LBR iiwa"},"content":{"rendered":"<div class=\"wpb-content-wrapper\"><p>[vc_row][vc_column width=&#8221;1\/2&#8243;][vc_custom_heading text=&#8221;Cobot LBR iiwa&#8221; use_theme_fonts=&#8221;yes&#8221;]<div class=\"wt-separator-outer \">\n                                    <div class=\"wt-separator style-square\">\n                                        <span class=\"separator-left bg-primary\"><\/span>\n                                        <span class=\"separator-right bg-primary\"><\/span>\n                                    <\/div>\n                                <\/div>\n[vc_column_text]LBR iiwa l\u00e0 cobot \u0111\u01b0\u1ee3c s\u1ea3n xu\u1ea5t h\u00e0ng lo\u1ea1t \u0111\u1ea7u ti\u00ean tr\u00ean th\u1ebf gi\u1edbi. LBR l\u00e0 vi\u1ebft t\u1eaft c\u1ee7a \u201cLeichtbauroboter\u201d (ti\u1ebfng \u0110\u1ee9c c\u00f3 ngh\u0129a l\u00e0 robot nh\u1eb9), iiwa c\u00f3 ngh\u0129a l\u00e0 \u201ctr\u1ee3 l\u00fd c\u00f4ng vi\u1ec7c c\u00f4ng nghi\u1ec7p th\u00f4ng minh\u201d. Cobot\u00a0 LBR iiwa \u0111\u1eb7t n\u1ec1n t\u1ea3ng cho c\u00e1c quy tr\u00ecnh s\u1ea3n xu\u1ea5t s\u00e1ng t\u1ea1o v\u00e0 b\u1ec1n v\u1eefng. L\u1ea7n \u0111\u1ea7u ti\u00ean, con ng\u01b0\u1eddi v\u00e0 robot c\u00f3 th\u1ec3 l\u00e0m vi\u1ec7c c\u00f9ng nhau trong m\u1ed9t khu v\u1ef1c l\u00e0m vi\u1ec7c v\u1edbi s\u1ef1 ki\u1ec3m so\u00e1t ch\u1eb7t ch\u1ebd. S\u1eed d\u1ee5ng cobot LRB iiwa gi\u00fap doanh nghi\u1ec7p t\u0103ng n\u0103ng su\u1ea5t l\u00e0m vi\u1ec7c, nh\u1edd \u0111\u00f3 ti\u1ebft ki\u1ec7m chi ph\u00ed s\u1ea3n xu\u1ea5t. Cobot LBR iiwa hi\u1ec7n c\u00f3 hai phi\u00ean b\u1ea3n v\u1edbi t\u1ea3i tr\u1ecdng 7 v\u00e0 14 kg.[\/vc_column_text][\/vc_column][vc_column width=&#8221;1\/2&#8243;][vc_single_image image=&#8221;1213&#8243; img_size=&#8221;full&#8221; alignment=&#8221;center&#8221;][\/vc_column][\/vc_row][vc_row][vc_column][vc_custom_heading text=&#8221;\u01afu \u0111i\u1ec3m c\u1ee7a Cobot LBR iiwa:<br \/>\n&#8221; use_theme_fonts=&#8221;yes&#8221;]<div class=\"wt-separator-outer \">\n                                    <div class=\"wt-separator style-square\">\n                                        <span class=\"separator-left bg-primary\"><\/span>\n                                        <span class=\"separator-right bg-primary\"><\/span>\n                                    <\/div>\n                                <\/div>\n[\/vc_column][\/vc_row][vc_row][vc_column width=&#8221;1\/2&#8243;][vc_column_text]<strong>1. Ph\u1ea3n \u1ee9ng nhanh:<\/strong><\/p>\n<p>Nh\u1edd c\u00e1c c\u1ea3m bi\u1ebfn m\u00f4-men xo\u1eafn kh\u1edbp, LBR iiwa c\u00f3 th\u1ec3 ph\u00e1t hi\u1ec7n s\u1ef1 ti\u1ebfp x\u00fac ngay l\u1eadp t\u1ee9c nh\u1edd \u0111\u00f3 gi\u1ea3m m\u1ee9c l\u1ef1c v\u00e0 t\u1ed1c \u0111\u1ed9, tr\u00e1nh va ch\u1ea1m g\u00e2y nguy hi\u1ec3m cho con ng\u01b0\u1eddi.<\/p>\n<p><strong>2. C\u00f3 th\u1ec3 h\u1ecdc h\u1ecfi <\/strong><\/p>\n<p>Ng\u01b0\u1eddi d\u00f9ng c\u00f3 th\u1ec3 ch\u1ecdn t\u1eeb ba ch\u1ebf \u0111\u1ed9 ho\u1ea1t \u0111\u1ed9ng v\u00e0 l\u1eadp tr\u00ecnh LBR iiwa th\u00f4ng qua m\u00f4 ph\u1ecfng: ch\u1ec9 ra v\u1ecb tr\u00ed mong mu\u1ed1n v\u00e0 Cobot s\u1ebd ghi nh\u1edb t\u1ecda \u0111\u1ed9 c\u1ee7a \u0111i\u1ec3m ch\u1ec9 d\u1eabn. Ng\u01b0\u1eddi d\u00f9ng c\u00f3 th\u1ec3 \u0111i\u1ec1u khi\u1ec3n Cobot b\u1eb1ng c\u00e1c thao t\u00e1c \u0111\u01a1n gi\u1ea3n.[\/vc_column_text][\/vc_column][vc_column width=&#8221;1\/2&#8243;][vc_column_text]<strong>3. Nh\u1ea1y b\u00e9n<\/strong><\/p>\n<p>LBR iiwa \u0111\u01b0\u1ee3c k\u1ebft n\u1ed1i v\u1edbi \u0111i\u1ec1u khi\u1ec3n servo cho hi\u1ec7u su\u1ea5t cao. V\u00e0 c\u00f3 th\u1ec3 thi\u1ebft l\u1eadp v\u1ecb tr\u00ed l\u1eafp \u0111\u1eb7t ch\u00ednh x\u00e1c v\u00e0 l\u1eafp \u0111\u1eb7t c\u00e1c b\u1ed9 ph\u1eadn m\u1ed9t c\u00e1ch nhanh ch\u00f3ng.<\/p>\n<p><strong>4. \u0110\u1ed9c l\u1eadp<\/strong><\/p>\n<p>B\u1ed9 \u0111i\u1ec1u khi\u1ec3n c\u1ee7a LBR iiwa, KUKA Sunrise Cabinet, gi\u00fap vi\u1ec7c kh\u1edfi \u0111\u1ed9ng\u00a0 c\u1ef1c k\u00ec \u0111\u01a1n gi\u1ea3n v\u00e0 nhanh.[\/vc_column_text][\/vc_column][\/vc_row][vc_row][vc_column][vc_video link=&#8221;https:\/\/www.youtube.com\/watch?v=Dh36aVOIkJI&amp;feature=emb_title&#8221; el_width=&#8221;60&#8243; align=&#8221;center&#8221;][\/vc_column][\/vc_row][vc_row][vc_column][vc_custom_heading text=&#8221;T\u1ed5ng quan v\u1ec1 Cobot LBR iiwa&#8221; use_theme_fonts=&#8221;yes&#8221;]<div class=\"wt-separator-outer \">\n                                    <div class=\"wt-separator style-square\">\n                                        <span class=\"separator-left bg-primary\"><\/span>\n                                        <span class=\"separator-right bg-primary\"><\/span>\n                                    <\/div>\n                                <\/div>\n[\/vc_column][\/vc_row][vc_row][vc_column][vc_column_text]<\/p>\n<table width=\"462\">\n<tbody>\n<tr>\n<td width=\"172\"><\/td>\n<td width=\"93\">LBR iiwa 7 R800<\/td>\n<td width=\"90\">LBR iiwa 7 R800 CR<\/td>\n<td width=\"107\">LBR iiwa 14 R820<\/td>\n<\/tr>\n<tr>\n<td width=\"172\">T\u1ea3i tr\u1ecdng<\/td>\n<td width=\"93\">7\u00a0kg<\/td>\n<td width=\"90\">7\u00a0kg<\/td>\n<td width=\"107\">14\u00a0kg<\/td>\n<\/tr>\n<tr>\n<td width=\"172\">T\u1ea7m v\u1edbi t\u1ed1i \u0111a<\/td>\n<td width=\"93\">800\u00a0mm<\/td>\n<td width=\"90\">800\u00a0mm<\/td>\n<td width=\"107\">820\u00a0mm<\/td>\n<\/tr>\n<tr>\n<td width=\"172\">Lo\u1ea1i<\/td>\n<td width=\"93\">Ti\u00eau chu\u1ea9n<\/td>\n<td width=\"90\">Ti\u00eau chu\u1ea9n<\/td>\n<td width=\"107\">Ti\u00eau chu\u1ea9n<\/td>\n<\/tr>\n<tr>\n<td width=\"172\">Mo\u00f4i tr\u01b0\u1eddng<\/td>\n<td width=\"93\">Ti\u00eau chu\u1ea9n<\/td>\n<td width=\"90\">S\u1ea1ch<\/td>\n<td width=\"107\">Ti\u00eau chu\u1ea9n<\/td>\n<\/tr>\n<tr>\n<td rowspan=\"3\" width=\"172\">V\u1ecb tr\u00ed l\u1eafp \u0111\u1eb7t<\/td>\n<td width=\"93\">Tr\u1ea7n nh\u00e0<\/td>\n<td rowspan=\"3\" width=\"90\">S\u00e0n nh\u00e0<\/td>\n<td width=\"107\">Tr\u1ea7n nh\u00e0<\/td>\n<\/tr>\n<tr>\n<td width=\"93\">S\u00e0n nh\u00e0<\/td>\n<td width=\"107\">S\u00e0n nh\u00e0<\/td>\n<\/tr>\n<tr>\n<td width=\"93\">T\u01b0\u1eddng<\/td>\n<td width=\"107\">T\u01b0\u1eddng<\/td>\n<\/tr>\n<tr>\n<td width=\"172\">Ch\u1ec9 s\u1ed1 b\u1ea3o v\u1ec7 IP<\/td>\n<td width=\"93\">IP 54<\/td>\n<td width=\"90\">IP 54<\/td>\n<td width=\"107\">IP 54<\/td>\n<\/tr>\n<\/tbody>\n<\/table>\n<p>[\/vc_column_text][\/vc_column][\/vc_row][vc_row][vc_column][vc_tta_tabs][vc_tta_section title=&#8221;T\u00e0i li\u1ec7u&#8221; tab_id=&#8221;1600311459856-440670e6-591b&#8221;][vc_column_text]<\/p>\n<table width=\"183\">\n<tbody>\n<tr>\n<td width=\"93\">LBR iiwa<\/td>\n<td width=\"90\"><a href=\"http:\/\/vuletech.southteam.vn\/wp-content\/uploads\/2020\/09\/KUKA_LBR_iiwa_brochure_EN.pdf\">KUKA_LBR_iiwa_brochure_EN<\/a><\/td>\n<\/tr>\n<\/tbody>\n<\/table>\n<p>[\/vc_column_text][\/vc_tta_section][\/vc_tta_tabs][\/vc_column][\/vc_row]<\/p>\n<\/div>","protected":false},"excerpt":{"rendered":"<p>[vc_row][vc_column width=&#8221;1\/2&#8243;][vc_custom_heading text=&#8221;Cobot LBR iiwa&#8221; use_theme_fonts=&#8221;yes&#8221;][vc_column_text]LBR iiwa l\u00e0 cobot \u0111\u01b0\u1ee3c s\u1ea3n xu\u1ea5t h\u00e0ng lo\u1ea1t \u0111\u1ea7u ti\u00ean tr\u00ean th\u1ebf gi\u1edbi. LBR l\u00e0 vi\u1ebft t\u1eaft c\u1ee7a \u201cLeichtbauroboter\u201d (ti\u1ebfng \u0110\u1ee9c c\u00f3 ngh\u0129a l\u00e0 robot nh\u1eb9), iiwa c\u00f3 ngh\u0129a l\u00e0 \u201ctr\u1ee3 l\u00fd c\u00f4ng vi\u1ec7c c\u00f4ng nghi\u1ec7p th\u00f4ng minh\u201d. Cobot\u00a0 LBR iiwa \u0111\u1eb7t n\u1ec1n t\u1ea3ng cho c\u00e1c quy tr\u00ecnh s\u1ea3n<\/p>\n","protected":false},"featured_media":1213,"comment_status":"closed","ping_status":"open","template":"","meta":[],"product_brand":[],"product_cat":[720],"product_tag":[],"class_list":{"0":"post-9095","1":"product","2":"type-product","3":"status-publish","4":"has-post-thumbnail","6":"product_cat-uncategorized","8":"first","9":"instock","10":"product-type-simple"},"acf":[],"yoast_head":"<!-- This site is optimized with the Yoast SEO plugin v25.1 - https:\/\/yoast.com\/wordpress\/plugins\/seo\/ -->\n<title>Cobot LBR iiwa - V\u0169 L\u00ea Tech<\/title>\n<meta name=\"robots\" content=\"index, follow, max-snippet:-1, max-image-preview:large, max-video-preview:-1\" \/>\n<link rel=\"canonical\" href=\"http:\/\/vuletech.com\/product\/cobot-lbr-iiwa\/\" \/>\n<meta property=\"og:locale\" content=\"en_US\" \/>\n<meta property=\"og:type\" content=\"article\" \/>\n<meta property=\"og:title\" content=\"Cobot LBR iiwa - V\u0169 L\u00ea Tech\" \/>\n<meta property=\"og:description\" content=\"[vc_row][vc_column width=&#8221;1\/2&#8243;][vc_custom_heading text=&#8221;Cobot LBR iiwa&#8221; use_theme_fonts=&#8221;yes&#8221;][vc_column_text]LBR iiwa l\u00e0 cobot \u0111\u01b0\u1ee3c s\u1ea3n xu\u1ea5t h\u00e0ng lo\u1ea1t \u0111\u1ea7u ti\u00ean tr\u00ean th\u1ebf gi\u1edbi. LBR l\u00e0 vi\u1ebft t\u1eaft c\u1ee7a \u201cLeichtbauroboter\u201d (ti\u1ebfng \u0110\u1ee9c c\u00f3 ngh\u0129a l\u00e0 robot nh\u1eb9), iiwa c\u00f3 ngh\u0129a l\u00e0 \u201ctr\u1ee3 l\u00fd c\u00f4ng vi\u1ec7c c\u00f4ng nghi\u1ec7p th\u00f4ng minh\u201d. Cobot\u00a0 LBR iiwa \u0111\u1eb7t n\u1ec1n t\u1ea3ng cho c\u00e1c quy tr\u00ecnh s\u1ea3n\" \/>\n<meta property=\"og:url\" content=\"http:\/\/vuletech.com\/product\/cobot-lbr-iiwa\/\" \/>\n<meta property=\"og:site_name\" content=\"V\u0169 L\u00ea Tech\" \/>\n<meta property=\"article:modified_time\" content=\"2025-04-25T04:01:35+00:00\" \/>\n<meta property=\"og:image\" content=\"http:\/\/vuletech.com\/wp-content\/uploads\/2020\/09\/KUKA-Roboter-Produkte.jpg\" \/>\n\t<meta property=\"og:image:width\" content=\"767\" \/>\n\t<meta property=\"og:image:height\" content=\"431\" \/>\n\t<meta property=\"og:image:type\" content=\"image\/jpeg\" \/>\n<meta name=\"twitter:card\" content=\"summary_large_image\" \/>\n<meta name=\"twitter:label1\" content=\"Est. reading time\" \/>\n\t<meta name=\"twitter:data1\" content=\"3 minutes\" \/>\n<script type=\"application\/ld+json\" class=\"yoast-schema-graph\">{\"@context\":\"https:\/\/schema.org\",\"@graph\":[{\"@type\":\"WebPage\",\"@id\":\"http:\/\/vuletech.com\/product\/cobot-lbr-iiwa\/\",\"url\":\"http:\/\/vuletech.com\/product\/cobot-lbr-iiwa\/\",\"name\":\"Cobot LBR iiwa - V\u0169 L\u00ea Tech\",\"isPartOf\":{\"@id\":\"http:\/\/vuletech.com\/#website\"},\"primaryImageOfPage\":{\"@id\":\"http:\/\/vuletech.com\/product\/cobot-lbr-iiwa\/#primaryimage\"},\"image\":{\"@id\":\"http:\/\/vuletech.com\/product\/cobot-lbr-iiwa\/#primaryimage\"},\"thumbnailUrl\":\"https:\/\/vuletech.com\/wp-content\/uploads\/2020\/09\/KUKA-Roboter-Produkte.jpg\",\"datePublished\":\"2025-04-25T04:01:34+00:00\",\"dateModified\":\"2025-04-25T04:01:35+00:00\",\"breadcrumb\":{\"@id\":\"http:\/\/vuletech.com\/product\/cobot-lbr-iiwa\/#breadcrumb\"},\"inLanguage\":\"en-US\",\"potentialAction\":[{\"@type\":\"ReadAction\",\"target\":[\"http:\/\/vuletech.com\/product\/cobot-lbr-iiwa\/\"]}]},{\"@type\":\"ImageObject\",\"inLanguage\":\"en-US\",\"@id\":\"http:\/\/vuletech.com\/product\/cobot-lbr-iiwa\/#primaryimage\",\"url\":\"https:\/\/vuletech.com\/wp-content\/uploads\/2020\/09\/KUKA-Roboter-Produkte.jpg\",\"contentUrl\":\"https:\/\/vuletech.com\/wp-content\/uploads\/2020\/09\/KUKA-Roboter-Produkte.jpg\",\"width\":767,\"height\":431,\"caption\":\"Cobot LBR iiwa\"},{\"@type\":\"BreadcrumbList\",\"@id\":\"http:\/\/vuletech.com\/product\/cobot-lbr-iiwa\/#breadcrumb\",\"itemListElement\":[{\"@type\":\"ListItem\",\"position\":1,\"name\":\"Home\",\"item\":\"http:\/\/vuletech.com\/en\/\"},{\"@type\":\"ListItem\",\"position\":2,\"name\":\"Product\",\"item\":\"https:\/\/vuletech.com\/product\/\"},{\"@type\":\"ListItem\",\"position\":3,\"name\":\"Cobot LBR iiwa\"}]},{\"@type\":\"WebSite\",\"@id\":\"http:\/\/vuletech.com\/#website\",\"url\":\"http:\/\/vuletech.com\/\",\"name\":\"V\u0169 L\u00ea Tech\",\"description\":\"Our Solution - Your Value\",\"potentialAction\":[{\"@type\":\"SearchAction\",\"target\":{\"@type\":\"EntryPoint\",\"urlTemplate\":\"http:\/\/vuletech.com\/?s={search_term_string}\"},\"query-input\":{\"@type\":\"PropertyValueSpecification\",\"valueRequired\":true,\"valueName\":\"search_term_string\"}}],\"inLanguage\":\"en-US\"}]}<\/script>\n<!-- \/ Yoast SEO plugin. -->","yoast_head_json":{"title":"Cobot LBR iiwa - V\u0169 L\u00ea Tech","robots":{"index":"index","follow":"follow","max-snippet":"max-snippet:-1","max-image-preview":"max-image-preview:large","max-video-preview":"max-video-preview:-1"},"canonical":"http:\/\/vuletech.com\/product\/cobot-lbr-iiwa\/","og_locale":"en_US","og_type":"article","og_title":"Cobot LBR iiwa - V\u0169 L\u00ea Tech","og_description":"[vc_row][vc_column width=&#8221;1\/2&#8243;][vc_custom_heading text=&#8221;Cobot LBR iiwa&#8221; use_theme_fonts=&#8221;yes&#8221;][vc_column_text]LBR iiwa l\u00e0 cobot \u0111\u01b0\u1ee3c s\u1ea3n xu\u1ea5t h\u00e0ng lo\u1ea1t \u0111\u1ea7u ti\u00ean tr\u00ean th\u1ebf gi\u1edbi. LBR l\u00e0 vi\u1ebft t\u1eaft c\u1ee7a \u201cLeichtbauroboter\u201d (ti\u1ebfng \u0110\u1ee9c c\u00f3 ngh\u0129a l\u00e0 robot nh\u1eb9), iiwa c\u00f3 ngh\u0129a l\u00e0 \u201ctr\u1ee3 l\u00fd c\u00f4ng vi\u1ec7c c\u00f4ng nghi\u1ec7p th\u00f4ng minh\u201d. Cobot\u00a0 LBR iiwa \u0111\u1eb7t n\u1ec1n t\u1ea3ng cho c\u00e1c quy tr\u00ecnh s\u1ea3n","og_url":"http:\/\/vuletech.com\/product\/cobot-lbr-iiwa\/","og_site_name":"V\u0169 L\u00ea Tech","article_modified_time":"2025-04-25T04:01:35+00:00","og_image":[{"width":767,"height":431,"url":"http:\/\/vuletech.com\/wp-content\/uploads\/2020\/09\/KUKA-Roboter-Produkte.jpg","type":"image\/jpeg"}],"twitter_card":"summary_large_image","twitter_misc":{"Est. reading time":"3 minutes"},"schema":{"@context":"https:\/\/schema.org","@graph":[{"@type":"WebPage","@id":"http:\/\/vuletech.com\/product\/cobot-lbr-iiwa\/","url":"http:\/\/vuletech.com\/product\/cobot-lbr-iiwa\/","name":"Cobot LBR iiwa - V\u0169 L\u00ea Tech","isPartOf":{"@id":"http:\/\/vuletech.com\/#website"},"primaryImageOfPage":{"@id":"http:\/\/vuletech.com\/product\/cobot-lbr-iiwa\/#primaryimage"},"image":{"@id":"http:\/\/vuletech.com\/product\/cobot-lbr-iiwa\/#primaryimage"},"thumbnailUrl":"https:\/\/vuletech.com\/wp-content\/uploads\/2020\/09\/KUKA-Roboter-Produkte.jpg","datePublished":"2025-04-25T04:01:34+00:00","dateModified":"2025-04-25T04:01:35+00:00","breadcrumb":{"@id":"http:\/\/vuletech.com\/product\/cobot-lbr-iiwa\/#breadcrumb"},"inLanguage":"en-US","potentialAction":[{"@type":"ReadAction","target":["http:\/\/vuletech.com\/product\/cobot-lbr-iiwa\/"]}]},{"@type":"ImageObject","inLanguage":"en-US","@id":"http:\/\/vuletech.com\/product\/cobot-lbr-iiwa\/#primaryimage","url":"https:\/\/vuletech.com\/wp-content\/uploads\/2020\/09\/KUKA-Roboter-Produkte.jpg","contentUrl":"https:\/\/vuletech.com\/wp-content\/uploads\/2020\/09\/KUKA-Roboter-Produkte.jpg","width":767,"height":431,"caption":"Cobot LBR iiwa"},{"@type":"BreadcrumbList","@id":"http:\/\/vuletech.com\/product\/cobot-lbr-iiwa\/#breadcrumb","itemListElement":[{"@type":"ListItem","position":1,"name":"Home","item":"http:\/\/vuletech.com\/en\/"},{"@type":"ListItem","position":2,"name":"Product","item":"https:\/\/vuletech.com\/product\/"},{"@type":"ListItem","position":3,"name":"Cobot LBR iiwa"}]},{"@type":"WebSite","@id":"http:\/\/vuletech.com\/#website","url":"http:\/\/vuletech.com\/","name":"V\u0169 L\u00ea Tech","description":"Our Solution - Your Value","potentialAction":[{"@type":"SearchAction","target":{"@type":"EntryPoint","urlTemplate":"http:\/\/vuletech.com\/?s={search_term_string}"},"query-input":{"@type":"PropertyValueSpecification","valueRequired":true,"valueName":"search_term_string"}}],"inLanguage":"en-US"}]}},"_links":{"self":[{"href":"https:\/\/vuletech.com\/en\/wp-json\/wp\/v2\/product\/9095","targetHints":{"allow":["GET"]}}],"collection":[{"href":"https:\/\/vuletech.com\/en\/wp-json\/wp\/v2\/product"}],"about":[{"href":"https:\/\/vuletech.com\/en\/wp-json\/wp\/v2\/types\/product"}],"replies":[{"embeddable":true,"href":"https:\/\/vuletech.com\/en\/wp-json\/wp\/v2\/comments?post=9095"}],"wp:featuredmedia":[{"embeddable":true,"href":"https:\/\/vuletech.com\/en\/wp-json\/wp\/v2\/media\/1213"}],"wp:attachment":[{"href":"https:\/\/vuletech.com\/en\/wp-json\/wp\/v2\/media?parent=9095"}],"wp:term":[{"taxonomy":"product_brand","embeddable":true,"href":"https:\/\/vuletech.com\/en\/wp-json\/wp\/v2\/product_brand?post=9095"},{"taxonomy":"product_cat","embeddable":true,"href":"https:\/\/vuletech.com\/en\/wp-json\/wp\/v2\/product_cat?post=9095"},{"taxonomy":"product_tag","embeddable":true,"href":"https:\/\/vuletech.com\/en\/wp-json\/wp\/v2\/product_tag?post=9095"}],"curies":[{"name":"wp","href":"https:\/\/api.w.org\/{rel}","templated":true}]}}