{"id":9096,"date":"2025-04-25T11:01:34","date_gmt":"2025-04-25T04:01:34","guid":{"rendered":"https:\/\/vuletech.com\/product\/robot-6-truc-kr-agilus\/"},"modified":"2025-04-25T11:01:36","modified_gmt":"2025-04-25T04:01:36","slug":"robot-6-truc-kr-agilus","status":"publish","type":"product","link":"https:\/\/vuletech.com\/en\/product\/robot-6-truc-kr-agilus\/","title":{"rendered":"Robot 6 tr\u1ee5c KR Agilus"},"content":{"rendered":"<div class=\"wpb-content-wrapper\"><p>[vc_row][vc_column width=&#8221;1\/2&#8243;][vc_custom_heading text=&#8221;Robot 6 tr\u1ee5c KR Agilus&#8221; use_theme_fonts=&#8221;yes&#8221;]<div class=\"wt-separator-outer \">\n                                    <div class=\"wt-separator style-square\">\n                                        <span class=\"separator-left bg-primary\"><\/span>\n                                        <span class=\"separator-right bg-primary\"><\/span>\n                                    <\/div>\n                                <\/div>\n[vc_column_text]KR AGILUS l\u00e0 robot s\u00e1u tr\u1ee5c nh\u1ecf g\u1ecdn \u00a0v\u00e0 c\u00f3 t\u1ed1c \u0111\u1ed9 l\u00e0m vi\u1ec7c cao.<\/p>\n<p>Nh\u1edd thi\u1ebft k\u1ebf th\u00f4ng minh m\u00e0 Robot n\u00e0y c\u00f3 th\u1ec3 l\u1eafp \u0111\u1eb7t \u1edf nhi\u1ec1u v\u1ecb tr\u00ed kh\u00e1c nhau, k\u1ec3 c\u1ea3 kh\u00f4ng gian h\u1eb9p.<\/p>\n<p>Kh\u00f4ng nh\u1eefng th\u1ebf, KR Agilus \u0111\u01b0\u1ee3c ch\u1ebf t\u1ea1o v\u1edbi nhi\u1ec1u phi\u00ean b\u1ea3n kh\u00e1c nhau \u0111\u1ec3 l\u00e0m vi\u1ec7c trong ph\u00f2ng s\u1ea1ch,m\u00f4i tr\u01b0\u1eddng d\u1ec5 ch\u00e1y n\u1ed5, v\u1edbi thi\u1ebft k\u1ebf l\u00e0m vi\u1ec7c trong \u0111i\u1ec1u ki\u1ec7n y\u00eau c\u1ea7u v\u1ec7 sinh cao ho\u1eb7c ch\u1ed1ng th\u1ea5m n\u01b0\u1edbc.[\/vc_column_text][\/vc_column][vc_column width=&#8221;1\/2&#8243;][vc_video link=&#8221;https:\/\/www.youtube.com\/watch?v=bod5_R58V6A&amp;feature=emb_title&#8221;][\/vc_column][\/vc_row][vc_row][vc_column][vc_custom_heading text=&#8221;\u01afu \u0111i\u1ec3m c\u1ee7a Robot 6 tr\u1ee5c KR Agilus&#8221; use_theme_fonts=&#8221;yes&#8221;]<div class=\"wt-separator-outer \">\n                                    <div class=\"wt-separator style-square\">\n                                        <span class=\"separator-left bg-primary\"><\/span>\n                                        <span class=\"separator-right bg-primary\"><\/span>\n                                    <\/div>\n                                <\/div>\n[vc_row_inner][vc_column_inner width=&#8221;1\/2&#8243;][vc_column_text]<strong>1. Nhanh nh\u1eb9n trong m\u1ecdi m\u00f4i tr\u01b0\u1eddng<\/strong><\/p>\n<p>KR Agilus c\u00f3 th\u1ec3 l\u00e0m vi\u1ec7c trong nhi\u1ec1u\u00a0 m\u00f4i tr\u01b0\u1eddng kh\u00e1c nhau nh\u01b0 ph\u00f2ng s\u1ea1ch, nh\u1eefng n\u01a1i y\u00eau c\u1ea7u \u0111i\u1ec1u ki\u1ec7n c\u1ea7n v\u1ec7 sinh nh\u01b0 b\u1ec7nh vi\u1ec7n hay m\u00f4i tr\u01b0\u1eddng d\u1ec5 ch\u00e1y n\u1ed5 ho\u1eb7c c\u1ea7n ch\u1ed1ng th\u1ea5m n\u01b0\u1edbc.<\/p>\n<p><strong>2. \u0110\u1ed9 ch\u00ednh x\u00e1c c\u1ef1c cao b\u1ea5t k\u1ec3 th\u1eddi gian<\/strong><\/p>\n<p>Nh\u1edd thi\u1ebft k\u1ebf m\u1ea1nh m\u1ebd, KR AGILUS \u0111\u1ea1t \u0111\u01b0\u1ee3c \u0111\u1ed9 l\u1eb7p l\u1ea1i t\u1ed1i \u0111a v\u00e0 \u0111\u1ed9 ch\u00ednh x\u00e1c li\u00ean t\u1ee5c. V\u1edbi t\u1ed1c \u0111\u1ed9 cao, KG Agilus l\u00e0m gi\u1ea3m th\u1eddi gian c\u1ee7a 1 chu k\u1ef3 &#8211; v\u00e0 t\u0103ng ch\u1ea5t l\u01b0\u1ee3ng s\u1ea3n xu\u1ea5t cho doanh nghi\u1ec7p.[\/vc_column_text][\/vc_column_inner][vc_column_inner width=&#8221;1\/2&#8243;][vc_column_text]<strong>3. B\u1ec1n v\u0129nh vi\u1ec5n<\/strong><\/p>\n<p>Nh\u1edd kh\u1ea3 n\u0103ng b\u00f4i tr\u01a1n tr\u1ecdn \u0111\u1eddi, KR AGILUS kh\u00f4ng bao gi\u1edd c\u1ea7n thay d\u1ea7u nh\u1edbt trong c\u00e1c b\u1ed9 b\u00e1nh r\u0103ng ho\u1eb7c c\u1ea7n \u0111\u01b0\u1ee3c b\u1ea3o d\u01b0\u1ee1ng th\u01b0\u1eddng xuy\u00ean. Thi\u1ebft k\u1ebf c\u1ee7a KR Agilus cho ph\u00e9p n\u00f3 l\u00e0m vi\u1ec7c li\u00ean t\u1ee5c, \u0111\u1ea3m b\u1ea3o n\u0103ng su\u1ea5t cho doanh nghi\u1ec7p.<\/p>\n<p><strong>4. C\u1ef1c k\u1ef3 nh\u1ecf g\u1ecdn<\/strong><\/p>\n<p>KR Agilus \u0111\u01b0\u1ee3c thi\u1ebft k\u1ebf c\u1ef1c k\u00ec nh\u1ecf g\u1ecdn n\u00ean c\u00f3 th\u1ec3 g\u1eafn \u1edf b\u1ea5t k\u00ec v\u1ecb tr\u00ed n\u00e0o nh\u01b0 tr\u1ea7n nh\u00e0, tr\u00ean t\u01b0\u1eddng, tr\u00ean s\u00e0n.[\/vc_column_text][\/vc_column_inner][\/vc_row_inner][\/vc_column][\/vc_row][vc_row][vc_column][vc_custom_heading text=&#8221;C\u00e1c phi\u00ean b\u1ea3n kh\u00e1c nhau c\u1ee7a Robot KR Agilus&#8221; use_theme_fonts=&#8221;yes&#8221;][vc_row_inner][vc_column_inner width=&#8221;1\/2&#8243;][vc_column_text]<strong>KR AGILUS: Phi\u00ean b\u1ea3n <\/strong><strong>Hygienic Machine<\/strong><\/p>\n<p>Thi\u1ebft k\u1ebf v\u00e0 v\u1eadt li\u1ec7u c\u1ee7a Hygienic Machine n\u00e0y ho\u00e0n to\u00e0n \u0111\u1ea3m b\u1ea3o v\u1ec7 sinh. Th\u00edch h\u1ee3p \u0111\u1ec3 s\u1eed d\u1ee5ng trong c\u00e1c \u1ee9ng d\u1ee5ng li\u00ean quan \u0111\u1ebfn ti\u1ebfp x\u00fac tr\u1ef1c ti\u1ebfp v\u1edbi th\u1ef1c ph\u1ea9m v\u00e0 d\u01b0\u1ee3c ph\u1ea9m. V\u1edbi b\u1ec1 m\u1eb7t ch\u1ed1ng \u0103n m\u00f2n, ch\u1ea5t b\u00f4i tr\u01a1n t\u01b0\u01a1ng th\u00edch v\u1edbi th\u1ef1c ph\u1ea9m v\u00e0 c\u00e1c b\u1ed9 ph\u1eadn b\u1eb1ng th\u00e9p kh\u00f4ng g\u1ec9 \u0111\u01b0\u1ee3c \u0111\u1ea3m b\u1ea3o m\u1ee9c \u0111\u1ed9 v\u1ec7 sinh cao nh\u1ea5t. \u00a0Cho n\u00ean Hygienic Machine ph\u00f9 h\u1ee3p v\u1edbi c\u00e1c \u1ee9ng d\u1ee5ng y\u00eau c\u1ea7u m\u00f4i tr\u01b0\u1eddng v\u00f4 tr\u00f9ng.[\/vc_column_text][\/vc_column_inner][vc_column_inner width=&#8221;1\/2&#8243;][vc_single_image image=&#8221;1226&#8243; img_size=&#8221;full&#8221; alignment=&#8221;center&#8221;][\/vc_column_inner][\/vc_row_inner][vc_row_inner][vc_column_inner width=&#8221;1\/2&#8243;][vc_single_image image=&#8221;1227&#8243; img_size=&#8221;full&#8221; alignment=&#8221;center&#8221;][\/vc_column_inner][vc_column_inner width=&#8221;1\/2&#8243;][vc_column_text]<strong>KR AGILUS: Phi\u00ean b\u1ea3n Cleanroom <\/strong><\/p>\n<p>Nh\u1edd l\u1edbp s\u01a1n t\u0129nh \u0111i\u1ec7n \u0111\u1eb7c bi\u1ec7t n\u00ean Robot Cleanroom c\u00f3 b\u1ec1 m\u1eb7t c\u1ef1c k\u1ef3 nh\u1eb5n gi\u00fap Robot kh\u00f4ng t\u1ea1o ra b\u1ee5i. Do \u0111\u00f3, n\u00f3 ph\u00f9 h\u1ee3p v\u1edbi c\u00e1c ti\u00eau ch\u00ed ph\u00f2ng s\u1ea1ch nghi\u00eam ng\u1eb7t c\u1ee7a Vi\u1ec7n Fraunhofer v\u1edbi ti\u00eau chu\u1ea9n ISO2. KR AGILUS c\u00f3 s\u1eb5n v\u1edbi phi\u00ean b\u1ea3n Cleanroom cho \u0111\u1ed9 s\u1ea1ch kh\u00f4ng kh\u00ed c\u1ea5p 2.[\/vc_column_text][\/vc_column_inner][\/vc_row_inner][vc_row_inner][vc_column_inner width=&#8221;1\/2&#8243;][vc_column_text]<strong>KR AGILUS: Phi\u00ean b\u1ea3n ch\u1ed1ng th\u1ea5m n\u01b0\u1edbc<\/strong><\/p>\n<p>V\u1edbi phi\u00ean b\u1ea3n ch\u1ed1ng th\u1ea5m n\u01b0\u1edbc, KR AGILUS ch\u1ed1ng n\u01b0\u1edbc t\u1eeb m\u1ecdi ph\u00eda v\u00e0 \u0111\u1ea1t \u0111\u01b0\u1ee3c hi\u1ec7u su\u1ea5t t\u1ed1i \u0111a ngay c\u1ea3 trong tr\u01b0\u1eddng h\u1ee3p \u0111i\u1ec1u ki\u1ec7n s\u1ea3n xu\u1ea5t b\u00ean ngo\u00e0i kh\u1eafc nghi\u1ec7t. C\u00e1c l\u1edbp v\u1ecf b\u1eb1ng th\u00e9p kh\u00f4ng g\u1ec9 thay th\u1ebf c\u00e1c b\u1ed9 ph\u1eadn b\u1eb1ng nh\u1ef1a v\u00e0 c\u00e1c x\u1eed l\u00fd b\u1ec1 m\u1eb7t ch\u1ed1ng ch\u1ecbu. \u00a0Ch\u1ec9 s\u1ed1 b\u1ea3o v\u1ec7 c\u1ee7a Robot ch\u1ed1ng th\u00e2m n\u01b0\u1edbc l\u00e0 IP67.[\/vc_column_text][\/vc_column_inner][vc_column_inner width=&#8221;1\/2&#8243;][vc_single_image image=&#8221;1228&#8243; img_size=&#8221;full&#8221; alignment=&#8221;center&#8221;][\/vc_column_inner][\/vc_row_inner][vc_row_inner][vc_column_inner width=&#8221;1\/2&#8243;][vc_single_image image=&#8221;1229&#8243; img_size=&#8221;full&#8221; alignment=&#8221;center&#8221;][\/vc_column_inner][vc_column_inner width=&#8221;1\/2&#8243;][vc_column_text]<strong>KR AGILUS: Phi\u00ean b\u1ea3n ch\u1ed1ng ch\u00e1y n\u1ed5 (EX)<\/strong><\/p>\n<p>Nh\u00e0 s\u1ea3n xu\u1ea5t \u0111\u00e3 b\u1ed5 sung kh\u1ea3 n\u0103ng ch\u1ed1ng ch\u00e1y n\u1ed5 cho phi\u00ean b\u1ea3n ch\u1ed1ng th\u1ea5m n\u01b0\u1edbc. V\u1edbi thi\u1ebft k\u1ebf n\u00e0y, KR AGILUS c\u00f3 th\u1ec3 ho\u1ea1t \u0111\u1ed9ng v\u1edbi \u0111\u1ed9 ch\u00ednh x\u00e1c cao trong m\u00f4i tr\u01b0\u1eddng d\u1ec5 ch\u00e1y n\u1ed5 (v\u00f9ng 2).[\/vc_column_text][\/vc_column_inner][\/vc_row_inner][\/vc_column][\/vc_row][vc_row][vc_column][vc_custom_heading text=&#8221;T\u1ed5ng quan v\u1ec1 c\u00e1c phi\u00ean b\u1ea3n c\u1ee7a KR Agilus&#8221; use_theme_fonts=&#8221;yes&#8221;]<div class=\"wt-separator-outer \">\n                                    <div class=\"wt-separator style-square\">\n                                        <span class=\"separator-left bg-primary\"><\/span>\n                                        <span class=\"separator-right bg-primary\"><\/span>\n                                    <\/div>\n                                <\/div>\n[vc_column_text]<\/p>\n<table width=\"937\">\n<tbody>\n<tr>\n<td width=\"157\"><\/td>\n<td width=\"166\">KR 6 R700-2<\/td>\n<td width=\"149\">KR 6 R900-2<\/td>\n<td width=\"132\">KR 6 R700 CR<\/td>\n<td width=\"178\">KR 6 R700 HM-SC<\/td>\n<td width=\"155\">KR 6 R700 WP<\/td>\n<\/tr>\n<tr>\n<td width=\"157\">T\u1ea3i tr\u1ecdng<\/td>\n<td width=\"166\">6\u00a0kg<\/td>\n<td width=\"149\">6\u00a0kg<\/td>\n<td width=\"132\">6\u00a0kg<\/td>\n<td width=\"178\">6\u00a0kg<\/td>\n<td width=\"155\">6\u00a0kg<\/td>\n<\/tr>\n<tr>\n<td width=\"157\">T\u1ea7m v\u1edbi<\/td>\n<td width=\"166\">726\u00a0mm<\/td>\n<td width=\"149\">901\u00a0mm<\/td>\n<td width=\"132\">706,7\u00a0mm<\/td>\n<td width=\"178\">706,7\u00a0mm<\/td>\n<td width=\"155\">706,7\u00a0mm<\/td>\n<\/tr>\n<tr>\n<td width=\"157\">Lo\u1ea1i c\u1ea5u tr\u00fac<\/td>\n<td width=\"166\">Ti\u00eau chu\u1ea9n<\/td>\n<td width=\"149\">Ti\u00eau chu\u1ea9n<\/td>\n<td width=\"132\">Ti\u00eau chu\u1ea9n<\/td>\n<td width=\"178\">Ti\u00eau chu\u1ea9n<\/td>\n<td width=\"155\">Ti\u00eau chu\u1ea9n<\/td>\n<\/tr>\n<tr>\n<td rowspan=\"2\" width=\"157\">M\u00f4i tr\u01b0\u1eddng<\/td>\n<td rowspan=\"2\" width=\"166\">Ti\u00eau chu\u1ea9n<\/td>\n<td rowspan=\"2\" width=\"149\">Ti\u00eau chu\u1ea9n<\/td>\n<td rowspan=\"2\" width=\"132\">Ph\u00f2ng s\u1ea1ch<\/td>\n<td width=\"178\">M\u00e1y c\u00f3 \u0111i\u1ec1u ki\u1ec7n v\u1ec7 sinh<\/td>\n<td rowspan=\"2\" width=\"155\">Ch\u1ed1ng n\u01b0\u1edbc<\/td>\n<\/tr>\n<tr>\n<td width=\"178\">K\u1ebft n\u1ed1i \u0111\u1eb7c bi\u1ec7t<\/td>\n<\/tr>\n<tr>\n<td rowspan=\"4\" width=\"157\">V\u1ecb tr\u00ed l\u1eafp \u0111\u1eb7t<\/td>\n<td width=\"166\">G\u00f3c t\u01b0\u1eddng<\/td>\n<td width=\"149\">G\u00f3c t\u01b0\u1eddng<\/td>\n<td width=\"132\">G\u00f3c t\u01b0\u1eddng<\/td>\n<td width=\"178\">G\u00f3c t\u01b0\u1eddng<\/td>\n<td width=\"155\">G\u00f3c t\u01b0\u1eddng<\/td>\n<\/tr>\n<tr>\n<td width=\"166\">Tr\u1ea7n nh\u00e0<\/td>\n<td width=\"149\">Tr\u1ea7n nh\u00e0<\/td>\n<td width=\"132\">Tr\u1ea7n nh\u00e0<\/td>\n<td width=\"178\">Tr\u1ea7n nh\u00e0<\/td>\n<td width=\"155\">Tr\u1ea7n nh\u00e0<\/td>\n<\/tr>\n<tr>\n<td width=\"166\">S\u00e0n nh\u00e0<\/td>\n<td width=\"149\">S\u00e0n nh\u00e0<\/td>\n<td width=\"132\">S\u00e0n nh\u00e0<\/td>\n<td width=\"178\">S\u00e0n nh\u00e0<\/td>\n<td width=\"155\">S\u00e0n nh\u00e0<\/td>\n<\/tr>\n<tr>\n<td width=\"166\">T\u01b0\u1eddng<\/td>\n<td width=\"149\">T\u01b0\u1eddng<\/td>\n<td width=\"132\">T\u01b0\u1eddng<\/td>\n<td width=\"178\">T\u01b0\u1eddng<\/td>\n<td width=\"155\">T\u01b0\u1eddng<\/td>\n<\/tr>\n<tr>\n<td rowspan=\"2\" width=\"157\">Ch\u1ec9 s\u1ed1 b\u1ea3o v\u1ec7 IP<\/td>\n<td width=\"166\">IP 65<\/td>\n<td width=\"149\">IP 65<\/td>\n<td rowspan=\"2\" width=\"132\">IP 54<\/td>\n<td width=\"178\">IP 65<\/td>\n<td rowspan=\"2\" width=\"155\">IP 6<\/td>\n<\/tr>\n<tr>\n<td width=\"166\">IP 67<\/td>\n<td width=\"149\">IP 67<\/td>\n<td width=\"178\">IP 67<\/td>\n<\/tr>\n<\/tbody>\n<\/table>\n<p>[\/vc_column_text][\/vc_column][\/vc_row][vc_row][vc_column][vc_tta_tabs][vc_tta_section title=&#8221;T\u00e0i li\u1ec7u&#8221; tab_id=&#8221;1600330240349-0a6f6e88-4adf&#8221;][vc_column_text]<\/p>\n<table width=\"323\">\n<tbody>\n<tr>\n<td width=\"157\">KR Agilus<\/td>\n<td width=\"166\"><a href=\"http:\/\/vuletech.southteam.vn\/wp-content\/uploads\/2020\/09\/KUKA_PB_KLEINROBOTER_en.pdf\">KUKA_PB_KLEINROBOTER_en<\/a><\/td>\n<\/tr>\n<\/tbody>\n<\/table>\n<p>[\/vc_column_text][\/vc_tta_section][\/vc_tta_tabs][\/vc_column][\/vc_row]<\/p>\n<\/div>","protected":false},"excerpt":{"rendered":"<p>[vc_row][vc_column width=&#8221;1\/2&#8243;][vc_custom_heading text=&#8221;Robot 6 tr\u1ee5c KR Agilus&#8221; use_theme_fonts=&#8221;yes&#8221;][vc_column_text]KR AGILUS l\u00e0 robot s\u00e1u tr\u1ee5c nh\u1ecf g\u1ecdn \u00a0v\u00e0 c\u00f3 t\u1ed1c \u0111\u1ed9 l\u00e0m vi\u1ec7c cao. Nh\u1edd thi\u1ebft k\u1ebf th\u00f4ng minh m\u00e0 Robot n\u00e0y c\u00f3 th\u1ec3 l\u1eafp \u0111\u1eb7t \u1edf nhi\u1ec1u v\u1ecb tr\u00ed kh\u00e1c nhau, k\u1ec3 c\u1ea3 kh\u00f4ng gian h\u1eb9p. Kh\u00f4ng nh\u1eefng th\u1ebf, KR Agilus \u0111\u01b0\u1ee3c ch\u1ebf t\u1ea1o v\u1edbi nhi\u1ec1u<\/p>\n","protected":false},"featured_media":1229,"comment_status":"closed","ping_status":"open","template":"","meta":[],"product_brand":[],"product_cat":[720],"product_tag":[],"class_list":{"0":"post-9096","1":"product","2":"type-product","3":"status-publish","4":"has-post-thumbnail","6":"product_cat-uncategorized","8":"first","9":"instock","10":"product-type-simple"},"acf":[],"yoast_head":"<!-- This site is optimized with the Yoast SEO plugin v25.1 - https:\/\/yoast.com\/wordpress\/plugins\/seo\/ -->\n<title>Robot 6 tr\u1ee5c KR Agilus - V\u0169 L\u00ea Tech<\/title>\n<meta name=\"robots\" content=\"index, follow, max-snippet:-1, max-image-preview:large, max-video-preview:-1\" \/>\n<link rel=\"canonical\" href=\"https:\/\/vuletech.com\/product\/robot-6-truc-kr-agilus\/\" \/>\n<meta property=\"og:locale\" content=\"en_US\" \/>\n<meta property=\"og:type\" content=\"article\" \/>\n<meta property=\"og:title\" content=\"Robot 6 tr\u1ee5c KR Agilus - V\u0169 L\u00ea Tech\" \/>\n<meta property=\"og:description\" content=\"[vc_row][vc_column width=&#8221;1\/2&#8243;][vc_custom_heading text=&#8221;Robot 6 tr\u1ee5c KR Agilus&#8221; use_theme_fonts=&#8221;yes&#8221;][vc_column_text]KR AGILUS l\u00e0 robot s\u00e1u tr\u1ee5c nh\u1ecf g\u1ecdn \u00a0v\u00e0 c\u00f3 t\u1ed1c \u0111\u1ed9 l\u00e0m vi\u1ec7c cao. Nh\u1edd thi\u1ebft k\u1ebf th\u00f4ng minh m\u00e0 Robot n\u00e0y c\u00f3 th\u1ec3 l\u1eafp \u0111\u1eb7t \u1edf nhi\u1ec1u v\u1ecb tr\u00ed kh\u00e1c nhau, k\u1ec3 c\u1ea3 kh\u00f4ng gian h\u1eb9p. Kh\u00f4ng nh\u1eefng th\u1ebf, KR Agilus \u0111\u01b0\u1ee3c ch\u1ebf t\u1ea1o v\u1edbi nhi\u1ec1u\" \/>\n<meta property=\"og:url\" content=\"https:\/\/vuletech.com\/product\/robot-6-truc-kr-agilus\/\" \/>\n<meta property=\"og:site_name\" content=\"V\u0169 L\u00ea Tech\" \/>\n<meta property=\"article:modified_time\" content=\"2025-04-25T04:01:36+00:00\" \/>\n<meta property=\"og:image\" content=\"https:\/\/vuletech.com\/wp-content\/uploads\/2020\/09\/Chong-chay-no.jpg\" \/>\n\t<meta property=\"og:image:width\" content=\"767\" \/>\n\t<meta property=\"og:image:height\" content=\"431\" \/>\n\t<meta property=\"og:image:type\" content=\"image\/jpeg\" \/>\n<meta name=\"twitter:card\" content=\"summary_large_image\" \/>\n<meta name=\"twitter:label1\" content=\"Est. reading time\" \/>\n\t<meta name=\"twitter:data1\" content=\"7 minutes\" \/>\n<script type=\"application\/ld+json\" class=\"yoast-schema-graph\">{\"@context\":\"https:\/\/schema.org\",\"@graph\":[{\"@type\":\"WebPage\",\"@id\":\"https:\/\/vuletech.com\/product\/robot-6-truc-kr-agilus\/\",\"url\":\"https:\/\/vuletech.com\/product\/robot-6-truc-kr-agilus\/\",\"name\":\"Robot 6 tr\u1ee5c KR Agilus - V\u0169 L\u00ea Tech\",\"isPartOf\":{\"@id\":\"http:\/\/vuletech.com\/#website\"},\"primaryImageOfPage\":{\"@id\":\"https:\/\/vuletech.com\/product\/robot-6-truc-kr-agilus\/#primaryimage\"},\"image\":{\"@id\":\"https:\/\/vuletech.com\/product\/robot-6-truc-kr-agilus\/#primaryimage\"},\"thumbnailUrl\":\"https:\/\/vuletech.com\/wp-content\/uploads\/2020\/09\/Chong-chay-no.jpg\",\"datePublished\":\"2025-04-25T04:01:34+00:00\",\"dateModified\":\"2025-04-25T04:01:36+00:00\",\"breadcrumb\":{\"@id\":\"https:\/\/vuletech.com\/product\/robot-6-truc-kr-agilus\/#breadcrumb\"},\"inLanguage\":\"en-US\",\"potentialAction\":[{\"@type\":\"ReadAction\",\"target\":[\"https:\/\/vuletech.com\/product\/robot-6-truc-kr-agilus\/\"]}]},{\"@type\":\"ImageObject\",\"inLanguage\":\"en-US\",\"@id\":\"https:\/\/vuletech.com\/product\/robot-6-truc-kr-agilus\/#primaryimage\",\"url\":\"https:\/\/vuletech.com\/wp-content\/uploads\/2020\/09\/Chong-chay-no.jpg\",\"contentUrl\":\"https:\/\/vuletech.com\/wp-content\/uploads\/2020\/09\/Chong-chay-no.jpg\",\"width\":767,\"height\":431,\"caption\":\"Ch\u1ed1ng ch\u00e1y n\u1ed5\"},{\"@type\":\"BreadcrumbList\",\"@id\":\"https:\/\/vuletech.com\/product\/robot-6-truc-kr-agilus\/#breadcrumb\",\"itemListElement\":[{\"@type\":\"ListItem\",\"position\":1,\"name\":\"Home\",\"item\":\"http:\/\/vuletech.com\/en\/\"},{\"@type\":\"ListItem\",\"position\":2,\"name\":\"Product\",\"item\":\"https:\/\/vuletech.com\/product\/\"},{\"@type\":\"ListItem\",\"position\":3,\"name\":\"Robot 6 tr\u1ee5c KR Agilus\"}]},{\"@type\":\"WebSite\",\"@id\":\"http:\/\/vuletech.com\/#website\",\"url\":\"http:\/\/vuletech.com\/\",\"name\":\"V\u0169 L\u00ea Tech\",\"description\":\"Our Solution - Your Value\",\"potentialAction\":[{\"@type\":\"SearchAction\",\"target\":{\"@type\":\"EntryPoint\",\"urlTemplate\":\"http:\/\/vuletech.com\/?s={search_term_string}\"},\"query-input\":{\"@type\":\"PropertyValueSpecification\",\"valueRequired\":true,\"valueName\":\"search_term_string\"}}],\"inLanguage\":\"en-US\"}]}<\/script>\n<!-- \/ Yoast SEO plugin. -->","yoast_head_json":{"title":"Robot 6 tr\u1ee5c KR Agilus - V\u0169 L\u00ea Tech","robots":{"index":"index","follow":"follow","max-snippet":"max-snippet:-1","max-image-preview":"max-image-preview:large","max-video-preview":"max-video-preview:-1"},"canonical":"https:\/\/vuletech.com\/product\/robot-6-truc-kr-agilus\/","og_locale":"en_US","og_type":"article","og_title":"Robot 6 tr\u1ee5c KR Agilus - V\u0169 L\u00ea Tech","og_description":"[vc_row][vc_column width=&#8221;1\/2&#8243;][vc_custom_heading text=&#8221;Robot 6 tr\u1ee5c KR Agilus&#8221; use_theme_fonts=&#8221;yes&#8221;][vc_column_text]KR AGILUS l\u00e0 robot s\u00e1u tr\u1ee5c nh\u1ecf g\u1ecdn \u00a0v\u00e0 c\u00f3 t\u1ed1c \u0111\u1ed9 l\u00e0m vi\u1ec7c cao. Nh\u1edd thi\u1ebft k\u1ebf th\u00f4ng minh m\u00e0 Robot n\u00e0y c\u00f3 th\u1ec3 l\u1eafp \u0111\u1eb7t \u1edf nhi\u1ec1u v\u1ecb tr\u00ed kh\u00e1c nhau, k\u1ec3 c\u1ea3 kh\u00f4ng gian h\u1eb9p. Kh\u00f4ng nh\u1eefng th\u1ebf, KR Agilus \u0111\u01b0\u1ee3c ch\u1ebf t\u1ea1o v\u1edbi nhi\u1ec1u","og_url":"https:\/\/vuletech.com\/product\/robot-6-truc-kr-agilus\/","og_site_name":"V\u0169 L\u00ea Tech","article_modified_time":"2025-04-25T04:01:36+00:00","og_image":[{"width":767,"height":431,"url":"https:\/\/vuletech.com\/wp-content\/uploads\/2020\/09\/Chong-chay-no.jpg","type":"image\/jpeg"}],"twitter_card":"summary_large_image","twitter_misc":{"Est. reading time":"7 minutes"},"schema":{"@context":"https:\/\/schema.org","@graph":[{"@type":"WebPage","@id":"https:\/\/vuletech.com\/product\/robot-6-truc-kr-agilus\/","url":"https:\/\/vuletech.com\/product\/robot-6-truc-kr-agilus\/","name":"Robot 6 tr\u1ee5c KR Agilus - V\u0169 L\u00ea Tech","isPartOf":{"@id":"http:\/\/vuletech.com\/#website"},"primaryImageOfPage":{"@id":"https:\/\/vuletech.com\/product\/robot-6-truc-kr-agilus\/#primaryimage"},"image":{"@id":"https:\/\/vuletech.com\/product\/robot-6-truc-kr-agilus\/#primaryimage"},"thumbnailUrl":"https:\/\/vuletech.com\/wp-content\/uploads\/2020\/09\/Chong-chay-no.jpg","datePublished":"2025-04-25T04:01:34+00:00","dateModified":"2025-04-25T04:01:36+00:00","breadcrumb":{"@id":"https:\/\/vuletech.com\/product\/robot-6-truc-kr-agilus\/#breadcrumb"},"inLanguage":"en-US","potentialAction":[{"@type":"ReadAction","target":["https:\/\/vuletech.com\/product\/robot-6-truc-kr-agilus\/"]}]},{"@type":"ImageObject","inLanguage":"en-US","@id":"https:\/\/vuletech.com\/product\/robot-6-truc-kr-agilus\/#primaryimage","url":"https:\/\/vuletech.com\/wp-content\/uploads\/2020\/09\/Chong-chay-no.jpg","contentUrl":"https:\/\/vuletech.com\/wp-content\/uploads\/2020\/09\/Chong-chay-no.jpg","width":767,"height":431,"caption":"Ch\u1ed1ng ch\u00e1y n\u1ed5"},{"@type":"BreadcrumbList","@id":"https:\/\/vuletech.com\/product\/robot-6-truc-kr-agilus\/#breadcrumb","itemListElement":[{"@type":"ListItem","position":1,"name":"Home","item":"http:\/\/vuletech.com\/en\/"},{"@type":"ListItem","position":2,"name":"Product","item":"https:\/\/vuletech.com\/product\/"},{"@type":"ListItem","position":3,"name":"Robot 6 tr\u1ee5c KR Agilus"}]},{"@type":"WebSite","@id":"http:\/\/vuletech.com\/#website","url":"http:\/\/vuletech.com\/","name":"V\u0169 L\u00ea Tech","description":"Our Solution - Your Value","potentialAction":[{"@type":"SearchAction","target":{"@type":"EntryPoint","urlTemplate":"http:\/\/vuletech.com\/?s={search_term_string}"},"query-input":{"@type":"PropertyValueSpecification","valueRequired":true,"valueName":"search_term_string"}}],"inLanguage":"en-US"}]}},"_links":{"self":[{"href":"https:\/\/vuletech.com\/en\/wp-json\/wp\/v2\/product\/9096","targetHints":{"allow":["GET"]}}],"collection":[{"href":"https:\/\/vuletech.com\/en\/wp-json\/wp\/v2\/product"}],"about":[{"href":"https:\/\/vuletech.com\/en\/wp-json\/wp\/v2\/types\/product"}],"replies":[{"embeddable":true,"href":"https:\/\/vuletech.com\/en\/wp-json\/wp\/v2\/comments?post=9096"}],"wp:featuredmedia":[{"embeddable":true,"href":"https:\/\/vuletech.com\/en\/wp-json\/wp\/v2\/media\/1229"}],"wp:attachment":[{"href":"https:\/\/vuletech.com\/en\/wp-json\/wp\/v2\/media?parent=9096"}],"wp:term":[{"taxonomy":"product_brand","embeddable":true,"href":"https:\/\/vuletech.com\/en\/wp-json\/wp\/v2\/product_brand?post=9096"},{"taxonomy":"product_cat","embeddable":true,"href":"https:\/\/vuletech.com\/en\/wp-json\/wp\/v2\/product_cat?post=9096"},{"taxonomy":"product_tag","embeddable":true,"href":"https:\/\/vuletech.com\/en\/wp-json\/wp\/v2\/product_tag?post=9096"}],"curies":[{"name":"wp","href":"https:\/\/api.w.org\/{rel}","templated":true}]}}