{"id":9099,"date":"2025-04-25T11:01:34","date_gmt":"2025-04-25T04:01:34","guid":{"rendered":"https:\/\/vuletech.com\/product\/robot-kr-40-pa\/"},"modified":"2025-04-25T11:01:37","modified_gmt":"2025-04-25T04:01:37","slug":"robot-kr-40-pa","status":"publish","type":"product","link":"https:\/\/vuletech.com\/en\/product\/robot-kr-40-pa\/","title":{"rendered":"Robot KR 40 PA"},"content":{"rendered":"<div class=\"wpb-content-wrapper\"><p>[vc_row][vc_column][vc_custom_heading text=&#8221;KR 40 PA&#8221; use_theme_fonts=&#8221;yes&#8221;]<div class=\"wt-separator-outer \">\n                                    <div class=\"wt-separator style-square\">\n                                        <span class=\"separator-left bg-primary\"><\/span>\n                                        <span class=\"separator-right bg-primary\"><\/span>\n                                    <\/div>\n                                <\/div>\n[vc_row_inner][vc_column_inner width=&#8221;1\/2&#8243;][vc_column_text]KR 40 PA l\u00e0 robot x\u1ebfp pallet nh\u1ecf nh\u1ea5t v\u00e0 nh\u1eb9 nh\u1ea5t. KR40 PA \u0111\u01b0\u1ee3c thi\u1ebft k\u1ebf \u0111\u1eb7c bi\u1ec7t cho c\u00e1c c\u00f4ng vi\u1ec7c x\u1ebfp h\u00e0ng &#8211; l\u00fd t\u01b0\u1edfng \u0111\u1ec3 x\u1ebfp c\u00e1c pallet<\/p>\n<p>KR 40 PA s\u1eafp x\u1ebfp h\u00e0ng h\u00f3a v\u1edbi t\u1ed1c \u0111\u1ed9 v\u00e0 \u0111\u1ed9 ch\u00ednh x\u00e1c cao h\u01a1n so v\u1edbi c\u00e1c robot c\u00f4ng nghi\u1ec7p kh\u00e1c. N\u00f3 c\u00f3 th\u1ec3 x\u1ebfp h\u00e0ng h\u00f3a c\u00e1c s\u1ea3n ph\u1ea9m c\u00f3 tr\u1ecdng l\u01b0\u1ee3ng l\u00ean \u0111\u1ebfn 40 kg v\u00e0 \u0111\u1ea1t \u0111\u1ed9 cao x\u1ebfp ch\u1ed3ng l\u00ean \u0111\u1ebfn 1,8 m\u00e9t t\u1ea5t c\u1ea3 trong m\u1ed9t kh\u00f4ng gian nh\u1ecf[\/vc_column_text][\/vc_column_inner][vc_column_inner width=&#8221;1\/2&#8243;][vc_single_image image=&#8221;1253&#8243; img_size=&#8221;full&#8221; alignment=&#8221;center&#8221;][\/vc_column_inner][\/vc_row_inner][\/vc_column][\/vc_row][vc_row][vc_column][vc_custom_heading text=&#8221;\u01afu \u0111i\u1ec3m c\u1ee7a Robot KR 40 PA&#8221; use_theme_fonts=&#8221;yes&#8221;]<div class=\"wt-separator-outer \">\n                                    <div class=\"wt-separator style-square\">\n                                        <span class=\"separator-left bg-primary\"><\/span>\n                                        <span class=\"separator-right bg-primary\"><\/span>\n                                    <\/div>\n                                <\/div>\n[vc_row_inner][vc_column_inner width=&#8221;1\/2&#8243;][vc_column_text]<strong>1. Nhanh ch\u00f3ng v\u00e0 ch\u00ednh x\u00e1c<\/strong><\/p>\n<p>KR 40 PA \u0111\u00e3 \u0111\u01b0\u1ee3c thi\u1ebft k\u1ebf \u0111\u1eb7c bi\u1ec7t cho c\u00e1c c\u00f4ng vi\u1ec7c x\u1ebfp d\u1ee1 h\u00e0ng h\u00f3a. N\u00f3 c\u00f3 t\u1ed1c \u0111\u1ed9 l\u00e0m vi\u1ec7c l\u00ean \u0111\u1ebfn 56 chu k\u1ef3 m\u1ed7i ph\u00fat v\u00e0 \u0111\u1ea3m b\u1ea3o \u0111\u1ed9 ch\u00ednh x\u00e1c t\u1ed1i \u0111a.<\/p>\n<p><strong>2. Ti\u1ebft ki\u1ec7m kh\u00f4ng gian<\/strong><\/p>\n<p>KR 40 PA c\u00f3 khung ch\u00e2n \u0111\u1ebf h\u1eb9p v\u00e0 di\u1ec7n t\u00edch nh\u1ecf, gi\u00fap ti\u1ebft ki\u1ec7m kh\u00f4ng gian h\u01a1n nh\u1edd \u0111\u01b0\u1ee3c t\u00edch h\u1ee3p h\u1ec7 th\u1ed1ng cung c\u1ea5p n\u0103ng l\u01b0\u1ee3ng.[\/vc_column_text][\/vc_column_inner][vc_column_inner width=&#8221;1\/2&#8243;][vc_column_text]<strong>3. \u0110\u1ea1t hi\u1ec7u qu\u1ea3 cao<\/strong><\/p>\n<p>KR 40 PA c\u00f3 ph\u1ea1m vi v\u01b0\u01a1n v\u01b0\u1ee3t tr\u1ed9i l\u00ean \u0111\u1ebfn 2.091 mm. H\u1ec7 th\u1ed1ng \u0111\u1ed9ng h\u1ecdc b\u1ed1n tr\u1ee5c c\u1ee7a Robot cho ph\u00e9p c\u00e1c pallet \u0111\u01b0\u1ee3c x\u1ebfp ch\u1ed3ng l\u00ean nhau \u1edf \u0111\u1ed9 cao 1,8 m\u00e9t.<\/p>\n<p><strong>4. S\u1ea3n ph\u1ea9m d\u1eabn \u0111\u1ea7u<\/strong><\/p>\n<p>M\u1ecdi ph\u1ee5 t\u00f9ng c\u1ee7a KR 40 PA \u0111\u1ec1u d\u1ec5 b\u1ea3o d\u01b0\u1ee1ng v\u00e0 \u00edt hao m\u00f2n. Nh\u1edd v\u1eady, doanh nghi\u1ec7p c\u00f3 th\u1ec3 ti\u1ebft ki\u1ec7m t\u1ed1i \u0111a chi ph\u00ed b\u1ea3o tr\u00ec.[\/vc_column_text][\/vc_column_inner][\/vc_row_inner][\/vc_column][\/vc_row][vc_row][vc_column][vc_custom_heading text=&#8221;T\u1ed5ng quan v\u1ec1 KR 40 PA&#8221; use_theme_fonts=&#8221;yes&#8221;]<div class=\"wt-separator-outer \">\n                                    <div class=\"wt-separator style-square\">\n                                        <span class=\"separator-left bg-primary\"><\/span>\n                                        <span class=\"separator-right bg-primary\"><\/span>\n                                    <\/div>\n                                <\/div>\n[vc_column_text]<\/p>\n<table width=\"536\">\n<tbody>\n<tr>\n<td width=\"228\"><\/td>\n<td width=\"308\">KR 40 PA<\/td>\n<\/tr>\n<tr>\n<td width=\"228\">T\u1ea3i tr\u1ecdng<\/td>\n<td width=\"308\">40\u00a0kg<\/td>\n<\/tr>\n<tr>\n<td width=\"228\">T\u1ea7m v\u1edbi<\/td>\n<td width=\"308\">2091\u00a0mm<\/td>\n<\/tr>\n<tr>\n<td width=\"228\">Lo\u1ea1i c\u1ea5u tr\u00fac<\/td>\n<td width=\"308\">Palletizing Robots<\/td>\n<\/tr>\n<tr>\n<td width=\"228\">Mo\u00f4i tr\u01b0\u1eddng<\/td>\n<td width=\"308\">Ti\u00eau chu\u1ea9n<\/td>\n<\/tr>\n<tr>\n<td width=\"228\">V\u1ecb tr\u00ed l\u1eafp \u0111\u1eb7t<\/td>\n<td width=\"308\">S\u00e0n nh\u00e0<\/td>\n<\/tr>\n<tr>\n<td width=\"228\">Ch\u1ec9 s\u1ed1 b\u1ea3o v\u1ec7<\/td>\n<td width=\"308\">IP 65<\/td>\n<\/tr>\n<\/tbody>\n<\/table>\n<p>[\/vc_column_text][\/vc_column][\/vc_row]<\/p>\n<\/div>","protected":false},"excerpt":{"rendered":"<p>[vc_row][vc_column][vc_custom_heading text=&#8221;KR 40 PA&#8221; use_theme_fonts=&#8221;yes&#8221;][vc_row_inner][vc_column_inner width=&#8221;1\/2&#8243;][vc_column_text]KR 40 PA l\u00e0 robot x\u1ebfp pallet nh\u1ecf nh\u1ea5t v\u00e0 nh\u1eb9 nh\u1ea5t. KR40 PA \u0111\u01b0\u1ee3c thi\u1ebft k\u1ebf \u0111\u1eb7c bi\u1ec7t cho c\u00e1c c\u00f4ng vi\u1ec7c x\u1ebfp h\u00e0ng &#8211; l\u00fd t\u01b0\u1edfng \u0111\u1ec3 x\u1ebfp c\u00e1c pallet KR 40 PA s\u1eafp x\u1ebfp h\u00e0ng h\u00f3a v\u1edbi t\u1ed1c \u0111\u1ed9 v\u00e0 \u0111\u1ed9 ch\u00ednh x\u00e1c cao h\u01a1n so v\u1edbi<\/p>\n","protected":false},"featured_media":1253,"comment_status":"closed","ping_status":"open","template":"","meta":[],"product_brand":[],"product_cat":[732],"product_tag":[],"class_list":{"0":"post-9099","1":"product","2":"type-product","3":"status-publish","4":"has-post-thumbnail","6":"product_cat-roboticindustrial-robot","8":"first","9":"instock","10":"product-type-simple"},"acf":[],"yoast_head":"<!-- This site is optimized with the Yoast SEO plugin v25.1 - https:\/\/yoast.com\/wordpress\/plugins\/seo\/ -->\n<title>Robot KR 40 PA - V\u0169 L\u00ea Tech<\/title>\n<meta name=\"robots\" content=\"index, follow, max-snippet:-1, max-image-preview:large, max-video-preview:-1\" \/>\n<link rel=\"canonical\" href=\"http:\/\/vuletech.com\/product\/robot-kr-40-pa\/\" \/>\n<meta property=\"og:locale\" content=\"en_US\" \/>\n<meta property=\"og:type\" content=\"article\" \/>\n<meta property=\"og:title\" content=\"Robot KR 40 PA - V\u0169 L\u00ea Tech\" \/>\n<meta property=\"og:description\" content=\"[vc_row][vc_column][vc_custom_heading text=&#8221;KR 40 PA&#8221; use_theme_fonts=&#8221;yes&#8221;][vc_row_inner][vc_column_inner width=&#8221;1\/2&#8243;][vc_column_text]KR 40 PA l\u00e0 robot x\u1ebfp pallet nh\u1ecf nh\u1ea5t v\u00e0 nh\u1eb9 nh\u1ea5t. KR40 PA \u0111\u01b0\u1ee3c thi\u1ebft k\u1ebf \u0111\u1eb7c bi\u1ec7t cho c\u00e1c c\u00f4ng vi\u1ec7c x\u1ebfp h\u00e0ng &#8211; l\u00fd t\u01b0\u1edfng \u0111\u1ec3 x\u1ebfp c\u00e1c pallet KR 40 PA s\u1eafp x\u1ebfp h\u00e0ng h\u00f3a v\u1edbi t\u1ed1c \u0111\u1ed9 v\u00e0 \u0111\u1ed9 ch\u00ednh x\u00e1c cao h\u01a1n so v\u1edbi\" \/>\n<meta property=\"og:url\" content=\"http:\/\/vuletech.com\/product\/robot-kr-40-pa\/\" \/>\n<meta property=\"og:site_name\" content=\"V\u0169 L\u00ea Tech\" \/>\n<meta property=\"article:modified_time\" content=\"2025-04-25T04:01:37+00:00\" \/>\n<meta property=\"og:image\" content=\"http:\/\/vuletech.com\/wp-content\/uploads\/2020\/09\/KR-40-PA_Header.jpg\" \/>\n\t<meta property=\"og:image:width\" content=\"1400\" \/>\n\t<meta property=\"og:image:height\" content=\"788\" \/>\n\t<meta property=\"og:image:type\" content=\"image\/jpeg\" \/>\n<meta name=\"twitter:card\" content=\"summary_large_image\" \/>\n<meta name=\"twitter:label1\" content=\"Est. reading time\" \/>\n\t<meta name=\"twitter:data1\" content=\"3 minutes\" \/>\n<script type=\"application\/ld+json\" class=\"yoast-schema-graph\">{\"@context\":\"https:\/\/schema.org\",\"@graph\":[{\"@type\":\"WebPage\",\"@id\":\"http:\/\/vuletech.com\/product\/robot-kr-40-pa\/\",\"url\":\"http:\/\/vuletech.com\/product\/robot-kr-40-pa\/\",\"name\":\"Robot KR 40 PA - V\u0169 L\u00ea Tech\",\"isPartOf\":{\"@id\":\"https:\/\/vuletech.com\/#website\"},\"primaryImageOfPage\":{\"@id\":\"http:\/\/vuletech.com\/product\/robot-kr-40-pa\/#primaryimage\"},\"image\":{\"@id\":\"http:\/\/vuletech.com\/product\/robot-kr-40-pa\/#primaryimage\"},\"thumbnailUrl\":\"https:\/\/vuletech.com\/wp-content\/uploads\/2020\/09\/KR-40-PA_Header.jpg\",\"datePublished\":\"2025-04-25T04:01:34+00:00\",\"dateModified\":\"2025-04-25T04:01:37+00:00\",\"breadcrumb\":{\"@id\":\"http:\/\/vuletech.com\/product\/robot-kr-40-pa\/#breadcrumb\"},\"inLanguage\":\"en-US\",\"potentialAction\":[{\"@type\":\"ReadAction\",\"target\":[\"http:\/\/vuletech.com\/product\/robot-kr-40-pa\/\"]}]},{\"@type\":\"ImageObject\",\"inLanguage\":\"en-US\",\"@id\":\"http:\/\/vuletech.com\/product\/robot-kr-40-pa\/#primaryimage\",\"url\":\"https:\/\/vuletech.com\/wp-content\/uploads\/2020\/09\/KR-40-PA_Header.jpg\",\"contentUrl\":\"https:\/\/vuletech.com\/wp-content\/uploads\/2020\/09\/KR-40-PA_Header.jpg\",\"width\":1400,\"height\":788,\"caption\":\"KR 40 PA\"},{\"@type\":\"BreadcrumbList\",\"@id\":\"http:\/\/vuletech.com\/product\/robot-kr-40-pa\/#breadcrumb\",\"itemListElement\":[{\"@type\":\"ListItem\",\"position\":1,\"name\":\"Home\",\"item\":\"http:\/\/vuletech.com\/en\/\"},{\"@type\":\"ListItem\",\"position\":2,\"name\":\"Product\",\"item\":\"https:\/\/vuletech.com\/product\/\"},{\"@type\":\"ListItem\",\"position\":3,\"name\":\"Robot KR 40 PA\"}]},{\"@type\":\"WebSite\",\"@id\":\"https:\/\/vuletech.com\/#website\",\"url\":\"https:\/\/vuletech.com\/\",\"name\":\"V\u0169 L\u00ea Tech\",\"description\":\"Our Solution - Your Value\",\"potentialAction\":[{\"@type\":\"SearchAction\",\"target\":{\"@type\":\"EntryPoint\",\"urlTemplate\":\"https:\/\/vuletech.com\/?s={search_term_string}\"},\"query-input\":{\"@type\":\"PropertyValueSpecification\",\"valueRequired\":true,\"valueName\":\"search_term_string\"}}],\"inLanguage\":\"en-US\"}]}<\/script>\n<!-- \/ Yoast SEO plugin. -->","yoast_head_json":{"title":"Robot KR 40 PA - V\u0169 L\u00ea Tech","robots":{"index":"index","follow":"follow","max-snippet":"max-snippet:-1","max-image-preview":"max-image-preview:large","max-video-preview":"max-video-preview:-1"},"canonical":"http:\/\/vuletech.com\/product\/robot-kr-40-pa\/","og_locale":"en_US","og_type":"article","og_title":"Robot KR 40 PA - V\u0169 L\u00ea Tech","og_description":"[vc_row][vc_column][vc_custom_heading text=&#8221;KR 40 PA&#8221; use_theme_fonts=&#8221;yes&#8221;][vc_row_inner][vc_column_inner width=&#8221;1\/2&#8243;][vc_column_text]KR 40 PA l\u00e0 robot x\u1ebfp pallet nh\u1ecf nh\u1ea5t v\u00e0 nh\u1eb9 nh\u1ea5t. KR40 PA \u0111\u01b0\u1ee3c thi\u1ebft k\u1ebf \u0111\u1eb7c bi\u1ec7t cho c\u00e1c c\u00f4ng vi\u1ec7c x\u1ebfp h\u00e0ng &#8211; l\u00fd t\u01b0\u1edfng \u0111\u1ec3 x\u1ebfp c\u00e1c pallet KR 40 PA s\u1eafp x\u1ebfp h\u00e0ng h\u00f3a v\u1edbi t\u1ed1c \u0111\u1ed9 v\u00e0 \u0111\u1ed9 ch\u00ednh x\u00e1c cao h\u01a1n so v\u1edbi","og_url":"http:\/\/vuletech.com\/product\/robot-kr-40-pa\/","og_site_name":"V\u0169 L\u00ea Tech","article_modified_time":"2025-04-25T04:01:37+00:00","og_image":[{"width":1400,"height":788,"url":"http:\/\/vuletech.com\/wp-content\/uploads\/2020\/09\/KR-40-PA_Header.jpg","type":"image\/jpeg"}],"twitter_card":"summary_large_image","twitter_misc":{"Est. reading time":"3 minutes"},"schema":{"@context":"https:\/\/schema.org","@graph":[{"@type":"WebPage","@id":"http:\/\/vuletech.com\/product\/robot-kr-40-pa\/","url":"http:\/\/vuletech.com\/product\/robot-kr-40-pa\/","name":"Robot KR 40 PA - V\u0169 L\u00ea Tech","isPartOf":{"@id":"https:\/\/vuletech.com\/#website"},"primaryImageOfPage":{"@id":"http:\/\/vuletech.com\/product\/robot-kr-40-pa\/#primaryimage"},"image":{"@id":"http:\/\/vuletech.com\/product\/robot-kr-40-pa\/#primaryimage"},"thumbnailUrl":"https:\/\/vuletech.com\/wp-content\/uploads\/2020\/09\/KR-40-PA_Header.jpg","datePublished":"2025-04-25T04:01:34+00:00","dateModified":"2025-04-25T04:01:37+00:00","breadcrumb":{"@id":"http:\/\/vuletech.com\/product\/robot-kr-40-pa\/#breadcrumb"},"inLanguage":"en-US","potentialAction":[{"@type":"ReadAction","target":["http:\/\/vuletech.com\/product\/robot-kr-40-pa\/"]}]},{"@type":"ImageObject","inLanguage":"en-US","@id":"http:\/\/vuletech.com\/product\/robot-kr-40-pa\/#primaryimage","url":"https:\/\/vuletech.com\/wp-content\/uploads\/2020\/09\/KR-40-PA_Header.jpg","contentUrl":"https:\/\/vuletech.com\/wp-content\/uploads\/2020\/09\/KR-40-PA_Header.jpg","width":1400,"height":788,"caption":"KR 40 PA"},{"@type":"BreadcrumbList","@id":"http:\/\/vuletech.com\/product\/robot-kr-40-pa\/#breadcrumb","itemListElement":[{"@type":"ListItem","position":1,"name":"Home","item":"http:\/\/vuletech.com\/en\/"},{"@type":"ListItem","position":2,"name":"Product","item":"https:\/\/vuletech.com\/product\/"},{"@type":"ListItem","position":3,"name":"Robot KR 40 PA"}]},{"@type":"WebSite","@id":"https:\/\/vuletech.com\/#website","url":"https:\/\/vuletech.com\/","name":"V\u0169 L\u00ea Tech","description":"Our Solution - Your Value","potentialAction":[{"@type":"SearchAction","target":{"@type":"EntryPoint","urlTemplate":"https:\/\/vuletech.com\/?s={search_term_string}"},"query-input":{"@type":"PropertyValueSpecification","valueRequired":true,"valueName":"search_term_string"}}],"inLanguage":"en-US"}]}},"_links":{"self":[{"href":"https:\/\/vuletech.com\/en\/wp-json\/wp\/v2\/product\/9099","targetHints":{"allow":["GET"]}}],"collection":[{"href":"https:\/\/vuletech.com\/en\/wp-json\/wp\/v2\/product"}],"about":[{"href":"https:\/\/vuletech.com\/en\/wp-json\/wp\/v2\/types\/product"}],"replies":[{"embeddable":true,"href":"https:\/\/vuletech.com\/en\/wp-json\/wp\/v2\/comments?post=9099"}],"wp:featuredmedia":[{"embeddable":true,"href":"https:\/\/vuletech.com\/en\/wp-json\/wp\/v2\/media\/1253"}],"wp:attachment":[{"href":"https:\/\/vuletech.com\/en\/wp-json\/wp\/v2\/media?parent=9099"}],"wp:term":[{"taxonomy":"product_brand","embeddable":true,"href":"https:\/\/vuletech.com\/en\/wp-json\/wp\/v2\/product_brand?post=9099"},{"taxonomy":"product_cat","embeddable":true,"href":"https:\/\/vuletech.com\/en\/wp-json\/wp\/v2\/product_cat?post=9099"},{"taxonomy":"product_tag","embeddable":true,"href":"https:\/\/vuletech.com\/en\/wp-json\/wp\/v2\/product_tag?post=9099"}],"curies":[{"name":"wp","href":"https:\/\/api.w.org\/{rel}","templated":true}]}}