{"id":9103,"date":"2025-04-25T11:01:34","date_gmt":"2025-04-25T04:01:34","guid":{"rendered":"https:\/\/vuletech.com\/product\/agv\/"},"modified":"2025-04-25T11:01:38","modified_gmt":"2025-04-25T04:01:38","slug":"agv","status":"publish","type":"product","link":"https:\/\/vuletech.com\/en\/product\/agv\/","title":{"rendered":"AGV"},"content":{"rendered":"<div class=\"wpb-content-wrapper\"><p>[vc_row][vc_column][vc_custom_heading text=&#8221;H\u1ec7 th\u1ed1ng t\u00edch h\u1ee3p th\u00f4ng minh c\u00e1c ph\u01b0\u01a1ng ti\u1ec7n d\u1eabn \u0111\u01b0\u1eddng t\u1ef1 \u0111\u1ed9ng (AGV)&#8221; use_theme_fonts=&#8221;yes&#8221;]<div class=\"wt-separator-outer \">\n                                    <div class=\"wt-separator style-square\">\n                                        <span class=\"separator-left bg-primary\"><\/span>\n                                        <span class=\"separator-right bg-primary\"><\/span>\n                                    <\/div>\n                                <\/div>\n[vc_column_text]\u0110\u1ea9y nhanh qu\u00e1 tr\u00ecnh s\u1ea3n xu\u1ea5t \u0111\u1ed3ng th\u1eddi s\u1ea3n xu\u1ea5t linh ho\u1ea1t v\u00e0 theo nhu c\u1ea7u v\u1edbi c\u00e1c gi\u1ea3i ph\u00e1p t\u00edch h\u1ee3p th\u00f4ng minh d\u00e0nh cho c\u00e1c ph\u01b0\u01a1ng ti\u1ec7n \u0111\u01b0\u1ee3c d\u1eabn \u0111\u01b0\u1eddng t\u1ef1 \u0111\u1ed9ng.[\/vc_column_text][vc_single_image image=&#8221;4043&#8243; img_size=&#8221;full&#8221; alignment=&#8221;center&#8221;][\/vc_column][\/vc_row][vc_row][vc_column][vc_custom_heading text=&#8221;\u0110\u01b0\u1ee3c n\u1ed1i m\u1ea1ng th\u00f4ng minh: h\u1ec7 th\u1ed1ng xe d\u1eabn \u0111\u01b0\u1eddng t\u1ef1 \u0111\u1ed9ng&#8221; use_theme_fonts=&#8221;yes&#8221;]<div class=\"wt-separator-outer \">\n                                    <div class=\"wt-separator style-square\">\n                                        <span class=\"separator-left bg-primary\"><\/span>\n                                        <span class=\"separator-right bg-primary\"><\/span>\n                                    <\/div>\n                                <\/div>\n[vc_column_text]Th\u1eddi c\u1ee7a c\u00e1c c\u01a1 s\u1edf s\u1ea3n xu\u1ea5t t\u0129nh \u0111\u00e3 qua l\u00e2u. C\u00e1c nh\u00e0 m\u00e1y s\u1ea3n xu\u1ea5t hi\u1ec7u qu\u1ea3 v\u00e0 b\u1ec1n v\u1eefng d\u1ef1a v\u00e0o c\u00e1c \u0111\u01a1n v\u1ecb di \u0111\u1ed9ng, \u0111\u01b0\u1ee3c n\u1ed1i m\u1ea1ng th\u00f4ng minh (AGV), ho\u1ea1t \u0111\u1ed9ng c\u00f9ng nhau m\u1ed9t c\u00e1ch \u0111\u1ed3ng b\u1ed9 v\u00e0 \u0111\u1ea1t \u0111\u01b0\u1ee3c m\u1ee5c ti\u00eau m\u1ed9t c\u00e1ch t\u1ef1 ch\u1ee7. V\u00ec m\u1ee5c \u0111\u00edch n\u00e0y, Kuka cung c\u1ea5p KUKA AIVI, h\u1ec7 th\u1ed1ng \u0111i\u1ec1u khi\u1ec3n d\u1ef1a tr\u00ean AI gi\u00fap k\u1ebft n\u1ed1i m\u1ea1ng s\u1ea3n xu\u1ea5t m\u1ed9t c\u00e1ch th\u00f4ng minh v\u00e0 cho ph\u00e9p linh ho\u1ea1t v\u00e0 s\u1ea3n xu\u1ea5t v\u1edbi n\u0103ng su\u1ea5t t\u1ed1i \u0111a.[\/vc_column_text][vc_video link=&#8221;https:\/\/youtu.be\/EBMoucY5kU8&#8243; el_width=&#8221;80&#8243;][\/vc_column][\/vc_row][vc_row][vc_column][vc_column_text]<strong>Ho\u00e0n to\u00e0n t\u1ef1 \u0111\u1ed9ng, linh ho\u1ea1t v\u00e0 c\u00f3 th\u1ec3 m\u1edf r\u1ed9ng<\/strong><\/p>\n<p>S\u1ef1 \u0111a d\u1ea1ng kh\u00e1c nhau v\u00e0 k\u00edch th\u01b0\u1edbc dao \u0111\u1ed9ng \u0111\u00f2i h\u1ecfi c\u00e1c c\u01a1 s\u1edf s\u1ea3n xu\u1ea5t \u0111a n\u0103ng. C\u00e1c gi\u1ea3i ph\u00e1p t\u00edch h\u1ee3p th\u00f4ng minh cho c\u00e1c h\u1ec7 th\u1ed1ng xe \u0111\u01b0\u1ee3c d\u1eabn \u0111\u01b0\u1eddng t\u1ef1 \u0111\u1ed9ng cho ph\u00e9p s\u1ea3n xu\u1ea5t t\u1ef1 \u0111\u1ed9ng v\u00e0 linh ho\u1ea1t c\u00f3 th\u1ec3 \u0111\u01b0\u1ee3c m\u1edf r\u1ed9ng \u0111\u1ec3 \u0111\u00e1p \u1ee9ng nhu c\u1ea7u. T\u00f9y thu\u1ed9c v\u00e0o y\u00eau c\u1ea7u s\u1ea3n xu\u1ea5t, Kuka cung c\u1ea5p h\u1ec7 th\u1ed1ng s\u1ea3n xu\u1ea5t v\u00e0 n\u1ed9i b\u1ed9 ho\u00e0n to\u00e0n t\u1ef1 \u0111\u1ed9ng ho\u1eb7c m\u1ed9t ph\u1ea7n.<br \/>\n<strong>T\u00edch h\u1ee3p h\u1ec7 th\u1ed1ng: m\u1ecdi th\u1ee9 t\u1eeb m\u1ed9t ngu\u1ed3n duy nh\u1ea5t<\/strong><br \/>\nV\u1edbi danh m\u1ee5c d\u1ecbch v\u1ee5 to\u00e0n di\u1ec7n, Kuka t\u00edch h\u1ee3p h\u1ec7 th\u1ed1ng s\u1ea3n xu\u1ea5t s\u00e1ng t\u1ea1o: t\u1eeb t\u01b0 v\u1ea5n, thi\u1ebft k\u1ebf v\u00e0 x\u00e2y d\u1ef1ng nh\u00e0 m\u00e1y, h\u1ec7 th\u1ed1ng \u0111i\u1ec1u khi\u1ec3n th\u00f4ng minh KUKA AIVI \u0111\u01b0\u1ee3c l\u1eadp tr\u00ecnh \u0111\u1ec3 ph\u00f9 h\u1ee3p v\u1edbi \u1ee9ng d\u1ee5ng, qu\u1ea3n l\u00fd d\u1ef1 \u00e1n, t\u00edch h\u1ee3p bao g\u1ed3m ph\u00e2n t\u00edch r\u1ee7i ro v\u00e0 t\u00e0i li\u1ec7u CE c\u0169ng nh\u01b0 v\u1eadn h\u00e0nh \u0111\u1ebfn d\u1ecbch v\u1ee5 sau b\u00e1n h\u00e0ng.[\/vc_column_text][vc_video link=&#8221;https:\/\/youtu.be\/Fhcdvhdumw8&#8243; el_width=&#8221;80&#8243;][\/vc_column][\/vc_row]<\/p>\n<\/div>","protected":false},"excerpt":{"rendered":"<p>[vc_row][vc_column][vc_custom_heading text=&#8221;H\u1ec7 th\u1ed1ng t\u00edch h\u1ee3p th\u00f4ng minh c\u00e1c ph\u01b0\u01a1ng ti\u1ec7n d\u1eabn \u0111\u01b0\u1eddng t\u1ef1 \u0111\u1ed9ng (AGV)&#8221; use_theme_fonts=&#8221;yes&#8221;][vc_column_text]\u0110\u1ea9y nhanh qu\u00e1 tr\u00ecnh s\u1ea3n xu\u1ea5t \u0111\u1ed3ng th\u1eddi s\u1ea3n xu\u1ea5t linh ho\u1ea1t v\u00e0 theo nhu c\u1ea7u v\u1edbi c\u00e1c gi\u1ea3i ph\u00e1p t\u00edch h\u1ee3p th\u00f4ng minh d\u00e0nh cho c\u00e1c ph\u01b0\u01a1ng ti\u1ec7n \u0111\u01b0\u1ee3c d\u1eabn \u0111\u01b0\u1eddng t\u1ef1 \u0111\u1ed9ng.[\/vc_column_text][vc_single_image image=&#8221;4043&#8243; img_size=&#8221;full&#8221; alignment=&#8221;center&#8221;][\/vc_column][\/vc_row][vc_row][vc_column][vc_custom_heading text=&#8221;\u0110\u01b0\u1ee3c n\u1ed1i m\u1ea1ng<\/p>\n","protected":false},"featured_media":4044,"comment_status":"closed","ping_status":"open","template":"","meta":[],"product_brand":[],"product_cat":[732],"product_tag":[],"class_list":{"0":"post-9103","1":"product","2":"type-product","3":"status-publish","4":"has-post-thumbnail","6":"product_cat-roboticindustrial-robot","8":"first","9":"instock","10":"product-type-simple"},"acf":[],"yoast_head":"<!-- This site is optimized with the Yoast SEO plugin v25.1 - https:\/\/yoast.com\/wordpress\/plugins\/seo\/ -->\n<title>AGV - V\u0169 L\u00ea Tech<\/title>\n<meta name=\"robots\" content=\"index, follow, max-snippet:-1, max-image-preview:large, max-video-preview:-1\" \/>\n<link rel=\"canonical\" href=\"https:\/\/vuletech.com\/en\/product\/agv\/\" \/>\n<meta property=\"og:locale\" content=\"en_US\" \/>\n<meta property=\"og:type\" content=\"article\" \/>\n<meta property=\"og:title\" content=\"AGV - V\u0169 L\u00ea Tech\" \/>\n<meta property=\"og:description\" content=\"[vc_row][vc_column][vc_custom_heading text=&#8221;H\u1ec7 th\u1ed1ng t\u00edch h\u1ee3p th\u00f4ng minh c\u00e1c ph\u01b0\u01a1ng ti\u1ec7n d\u1eabn \u0111\u01b0\u1eddng t\u1ef1 \u0111\u1ed9ng (AGV)&#8221; use_theme_fonts=&#8221;yes&#8221;][vc_column_text]\u0110\u1ea9y nhanh qu\u00e1 tr\u00ecnh s\u1ea3n xu\u1ea5t \u0111\u1ed3ng th\u1eddi s\u1ea3n xu\u1ea5t linh ho\u1ea1t v\u00e0 theo nhu c\u1ea7u v\u1edbi c\u00e1c gi\u1ea3i ph\u00e1p t\u00edch h\u1ee3p th\u00f4ng minh d\u00e0nh cho c\u00e1c ph\u01b0\u01a1ng ti\u1ec7n \u0111\u01b0\u1ee3c d\u1eabn \u0111\u01b0\u1eddng t\u1ef1 \u0111\u1ed9ng.[\/vc_column_text][vc_single_image image=&#8221;4043&#8243; img_size=&#8221;full&#8221; alignment=&#8221;center&#8221;][\/vc_column][\/vc_row][vc_row][vc_column][vc_custom_heading text=&#8221;\u0110\u01b0\u1ee3c n\u1ed1i m\u1ea1ng\" \/>\n<meta property=\"og:url\" content=\"https:\/\/vuletech.com\/en\/product\/agv\/\" \/>\n<meta property=\"og:site_name\" content=\"V\u0169 L\u00ea Tech\" \/>\n<meta property=\"article:modified_time\" content=\"2025-04-25T04:01:38+00:00\" \/>\n<meta property=\"og:image\" content=\"https:\/\/vuletech.com\/wp-content\/uploads\/2021\/07\/KMP-1500-mobile-Plattform.jpg\" \/>\n\t<meta property=\"og:image:width\" content=\"767\" \/>\n\t<meta property=\"og:image:height\" content=\"431\" \/>\n\t<meta property=\"og:image:type\" content=\"image\/jpeg\" \/>\n<meta name=\"twitter:card\" content=\"summary_large_image\" \/>\n<meta name=\"twitter:label1\" content=\"Est. reading time\" \/>\n\t<meta name=\"twitter:data1\" content=\"3 minutes\" \/>\n<script type=\"application\/ld+json\" class=\"yoast-schema-graph\">{\"@context\":\"https:\/\/schema.org\",\"@graph\":[{\"@type\":\"WebPage\",\"@id\":\"https:\/\/vuletech.com\/en\/product\/agv\/\",\"url\":\"https:\/\/vuletech.com\/en\/product\/agv\/\",\"name\":\"AGV - V\u0169 L\u00ea Tech\",\"isPartOf\":{\"@id\":\"https:\/\/vuletech.com\/#website\"},\"primaryImageOfPage\":{\"@id\":\"https:\/\/vuletech.com\/en\/product\/agv\/#primaryimage\"},\"image\":{\"@id\":\"https:\/\/vuletech.com\/en\/product\/agv\/#primaryimage\"},\"thumbnailUrl\":\"https:\/\/vuletech.com\/wp-content\/uploads\/2021\/07\/KMP-1500-mobile-Plattform.jpg\",\"datePublished\":\"2025-04-25T04:01:34+00:00\",\"dateModified\":\"2025-04-25T04:01:38+00:00\",\"breadcrumb\":{\"@id\":\"https:\/\/vuletech.com\/en\/product\/agv\/#breadcrumb\"},\"inLanguage\":\"en-US\",\"potentialAction\":[{\"@type\":\"ReadAction\",\"target\":[\"https:\/\/vuletech.com\/en\/product\/agv\/\"]}]},{\"@type\":\"ImageObject\",\"inLanguage\":\"en-US\",\"@id\":\"https:\/\/vuletech.com\/en\/product\/agv\/#primaryimage\",\"url\":\"https:\/\/vuletech.com\/wp-content\/uploads\/2021\/07\/KMP-1500-mobile-Plattform.jpg\",\"contentUrl\":\"https:\/\/vuletech.com\/wp-content\/uploads\/2021\/07\/KMP-1500-mobile-Plattform.jpg\",\"width\":767,\"height\":431},{\"@type\":\"BreadcrumbList\",\"@id\":\"https:\/\/vuletech.com\/en\/product\/agv\/#breadcrumb\",\"itemListElement\":[{\"@type\":\"ListItem\",\"position\":1,\"name\":\"Home\",\"item\":\"http:\/\/vuletech.com\/en\/\"},{\"@type\":\"ListItem\",\"position\":2,\"name\":\"Product\",\"item\":\"https:\/\/vuletech.com\/product\/\"},{\"@type\":\"ListItem\",\"position\":3,\"name\":\"AGV\"}]},{\"@type\":\"WebSite\",\"@id\":\"https:\/\/vuletech.com\/#website\",\"url\":\"https:\/\/vuletech.com\/\",\"name\":\"V\u0169 L\u00ea Tech\",\"description\":\"Our Solution - Your Value\",\"potentialAction\":[{\"@type\":\"SearchAction\",\"target\":{\"@type\":\"EntryPoint\",\"urlTemplate\":\"https:\/\/vuletech.com\/?s={search_term_string}\"},\"query-input\":{\"@type\":\"PropertyValueSpecification\",\"valueRequired\":true,\"valueName\":\"search_term_string\"}}],\"inLanguage\":\"en-US\"}]}<\/script>\n<!-- \/ Yoast SEO plugin. -->","yoast_head_json":{"title":"AGV - V\u0169 L\u00ea Tech","robots":{"index":"index","follow":"follow","max-snippet":"max-snippet:-1","max-image-preview":"max-image-preview:large","max-video-preview":"max-video-preview:-1"},"canonical":"https:\/\/vuletech.com\/en\/product\/agv\/","og_locale":"en_US","og_type":"article","og_title":"AGV - V\u0169 L\u00ea Tech","og_description":"[vc_row][vc_column][vc_custom_heading text=&#8221;H\u1ec7 th\u1ed1ng t\u00edch h\u1ee3p th\u00f4ng minh c\u00e1c ph\u01b0\u01a1ng ti\u1ec7n d\u1eabn \u0111\u01b0\u1eddng t\u1ef1 \u0111\u1ed9ng (AGV)&#8221; use_theme_fonts=&#8221;yes&#8221;][vc_column_text]\u0110\u1ea9y nhanh qu\u00e1 tr\u00ecnh s\u1ea3n xu\u1ea5t \u0111\u1ed3ng th\u1eddi s\u1ea3n xu\u1ea5t linh ho\u1ea1t v\u00e0 theo nhu c\u1ea7u v\u1edbi c\u00e1c gi\u1ea3i ph\u00e1p t\u00edch h\u1ee3p th\u00f4ng minh d\u00e0nh cho c\u00e1c ph\u01b0\u01a1ng ti\u1ec7n \u0111\u01b0\u1ee3c d\u1eabn \u0111\u01b0\u1eddng t\u1ef1 \u0111\u1ed9ng.[\/vc_column_text][vc_single_image image=&#8221;4043&#8243; img_size=&#8221;full&#8221; alignment=&#8221;center&#8221;][\/vc_column][\/vc_row][vc_row][vc_column][vc_custom_heading text=&#8221;\u0110\u01b0\u1ee3c n\u1ed1i m\u1ea1ng","og_url":"https:\/\/vuletech.com\/en\/product\/agv\/","og_site_name":"V\u0169 L\u00ea Tech","article_modified_time":"2025-04-25T04:01:38+00:00","og_image":[{"width":767,"height":431,"url":"https:\/\/vuletech.com\/wp-content\/uploads\/2021\/07\/KMP-1500-mobile-Plattform.jpg","type":"image\/jpeg"}],"twitter_card":"summary_large_image","twitter_misc":{"Est. reading time":"3 minutes"},"schema":{"@context":"https:\/\/schema.org","@graph":[{"@type":"WebPage","@id":"https:\/\/vuletech.com\/en\/product\/agv\/","url":"https:\/\/vuletech.com\/en\/product\/agv\/","name":"AGV - V\u0169 L\u00ea Tech","isPartOf":{"@id":"https:\/\/vuletech.com\/#website"},"primaryImageOfPage":{"@id":"https:\/\/vuletech.com\/en\/product\/agv\/#primaryimage"},"image":{"@id":"https:\/\/vuletech.com\/en\/product\/agv\/#primaryimage"},"thumbnailUrl":"https:\/\/vuletech.com\/wp-content\/uploads\/2021\/07\/KMP-1500-mobile-Plattform.jpg","datePublished":"2025-04-25T04:01:34+00:00","dateModified":"2025-04-25T04:01:38+00:00","breadcrumb":{"@id":"https:\/\/vuletech.com\/en\/product\/agv\/#breadcrumb"},"inLanguage":"en-US","potentialAction":[{"@type":"ReadAction","target":["https:\/\/vuletech.com\/en\/product\/agv\/"]}]},{"@type":"ImageObject","inLanguage":"en-US","@id":"https:\/\/vuletech.com\/en\/product\/agv\/#primaryimage","url":"https:\/\/vuletech.com\/wp-content\/uploads\/2021\/07\/KMP-1500-mobile-Plattform.jpg","contentUrl":"https:\/\/vuletech.com\/wp-content\/uploads\/2021\/07\/KMP-1500-mobile-Plattform.jpg","width":767,"height":431},{"@type":"BreadcrumbList","@id":"https:\/\/vuletech.com\/en\/product\/agv\/#breadcrumb","itemListElement":[{"@type":"ListItem","position":1,"name":"Home","item":"http:\/\/vuletech.com\/en\/"},{"@type":"ListItem","position":2,"name":"Product","item":"https:\/\/vuletech.com\/product\/"},{"@type":"ListItem","position":3,"name":"AGV"}]},{"@type":"WebSite","@id":"https:\/\/vuletech.com\/#website","url":"https:\/\/vuletech.com\/","name":"V\u0169 L\u00ea Tech","description":"Our Solution - Your Value","potentialAction":[{"@type":"SearchAction","target":{"@type":"EntryPoint","urlTemplate":"https:\/\/vuletech.com\/?s={search_term_string}"},"query-input":{"@type":"PropertyValueSpecification","valueRequired":true,"valueName":"search_term_string"}}],"inLanguage":"en-US"}]}},"_links":{"self":[{"href":"https:\/\/vuletech.com\/en\/wp-json\/wp\/v2\/product\/9103","targetHints":{"allow":["GET"]}}],"collection":[{"href":"https:\/\/vuletech.com\/en\/wp-json\/wp\/v2\/product"}],"about":[{"href":"https:\/\/vuletech.com\/en\/wp-json\/wp\/v2\/types\/product"}],"replies":[{"embeddable":true,"href":"https:\/\/vuletech.com\/en\/wp-json\/wp\/v2\/comments?post=9103"}],"wp:featuredmedia":[{"embeddable":true,"href":"https:\/\/vuletech.com\/en\/wp-json\/wp\/v2\/media\/4044"}],"wp:attachment":[{"href":"https:\/\/vuletech.com\/en\/wp-json\/wp\/v2\/media?parent=9103"}],"wp:term":[{"taxonomy":"product_brand","embeddable":true,"href":"https:\/\/vuletech.com\/en\/wp-json\/wp\/v2\/product_brand?post=9103"},{"taxonomy":"product_cat","embeddable":true,"href":"https:\/\/vuletech.com\/en\/wp-json\/wp\/v2\/product_cat?post=9103"},{"taxonomy":"product_tag","embeddable":true,"href":"https:\/\/vuletech.com\/en\/wp-json\/wp\/v2\/product_tag?post=9103"}],"curies":[{"name":"wp","href":"https:\/\/api.w.org\/{rel}","templated":true}]}}