{"id":9175,"date":"2025-04-25T11:35:47","date_gmt":"2025-04-25T04:35:47","guid":{"rendered":"https:\/\/vuletech.com\/product\/cam-bien-soi-quang-sick-ll3-tb01\/"},"modified":"2025-04-25T11:35:47","modified_gmt":"2025-04-25T04:35:47","slug":"cam-bien-soi-quang-sick-ll3-tb01","status":"publish","type":"product","link":"https:\/\/vuletech.com\/en\/product\/cam-bien-soi-quang-sick-ll3-tb01\/","title":{"rendered":"C\u1ea3m bi\u1ebfn s\u1ee3i quang SICK LL3-TB01"},"content":{"rendered":"<div class=\"wpb-content-wrapper\"><p>[vc_row][vc_column width=&#8221;1\/2&#8243;][vc_single_image image=&#8221;8121&#8243; img_size=&#8221;full&#8221; alignment=&#8221;center&#8221;][\/vc_column][vc_column width=&#8221;1\/2&#8243;][vc_custom_heading text=&#8221;C\u1ea3m bi\u1ebfn s\u1ee3i quang SICK LL3-TB01&#8243; use_theme_fonts=&#8221;yes&#8221;][vc_column_text]C\u1ea3m bi\u1ebfn LL3-TB01 c\u1ee7a SICK l\u00e0 m\u1ed9t lo\u1ea1i c\u1ea3m bi\u1ebfn s\u1ee3i quang ti\u00ean ti\u1ebfn, \u0111\u01b0\u1ee3c thi\u1ebft k\u1ebf \u0111\u1ec3 cung c\u1ea5p \u0111\u1ed9 ch\u00ednh x\u00e1c cao trong vi\u1ec7c ph\u00e1t hi\u1ec7n v\u00e0 \u0111o l\u01b0\u1eddng. V\u1edbi c\u1ea5u tr\u00fac nh\u1ecf g\u1ecdn v\u00e0 kh\u1ea3 n\u0103ng ho\u1ea1t \u0111\u1ed9ng \u1ed5n \u0111\u1ecbnh trong m\u00f4i tr\u01b0\u1eddng kh\u1eafc nghi\u1ec7t, LL3-TB01 l\u00e0 l\u1ef1a ch\u1ecdn l\u00fd t\u01b0\u1edfng cho nhi\u1ec1u \u1ee9ng d\u1ee5ng c\u00f4ng nghi\u1ec7p.[\/vc_column_text][\/vc_column][\/vc_row][vc_row][vc_column][vc_custom_heading text=&#8221;Th\u00f4ng s\u1ed1 k\u1ef9 thu\u1eadt thi\u1ebft b\u1ecb c\u1ea3m bi\u1ebfn s\u1ee3i quang SICK LL3-TB01&#8243; use_theme_fonts=&#8221;yes&#8221;][vc_column_text]Lo\u1ea1i thi\u1ebft b\u1ecb: C\u1ea3m bi\u1ebfn s\u1ee3i quang<br \/>\nNguy\u00ean l\u00fd ho\u1ea1t \u0111\u1ed9ng: H\u1ec7 th\u1ed1ng thu ph\u00e1t ri\u00eang<br \/>\nChi\u1ec1u d\u00e0i s\u1ee3i quang: 2,000 mm<br \/>\nCh\u1ea5t li\u1ec7u s\u1ee3i quang: Polymethylmethacrylat (PMMA)<br \/>\nCh\u1ea5t li\u1ec7u v\u1ecf b\u1ecdc: Polyethylen (PE)<br \/>\nCh\u1ea5t li\u1ec7u \u0111\u1ea7u s\u1ee3i quang: Th\u00e9p kh\u00f4ng g\u1ec9<br \/>\n\u0110\u01b0\u1eddng k\u00ednh ngo\u00e0i c\u1ee7a c\u00e1p s\u1ee3i quang: 2.2 mm<br \/>\n\u0110\u01b0\u1eddng k\u00ednh ren (v\u1ecf): M4<br \/>\nThi\u1ebft k\u1ebf \u0111\u1ea7u s\u1ee3i quang: \u1ed0ng ren<br \/>\nNhi\u1ec7t \u0111\u1ed9 ho\u1ea1t \u0111\u1ed9ng: \u201340 \u00b0C \u0111\u1ebfn +70 \u00b0C<br \/>\nPh\u1ea1m vi c\u1ea3m bi\u1ebfn: (chi ti\u1ebft \u1edf datasheet)<br \/>\nV\u1edbi WLL80: 605mm &#8230; 3000mm.<br \/>\nV\u1edbi WLL180T: 300mm &#8230; 4000mm.<br \/>\nV\u1edbi GLL170: 830mm.<br \/>\nV\u1edbi GLL170T: 770mm ho\u1eb7c 1220mm.[\/vc_column_text][vc_custom_heading text=&#8221;Quy tr\u00ecnh mua h\u00e0ng&#8221; use_theme_fonts=&#8221;yes&#8221;][vc_single_image image=&#8221;8169&#8243; img_size=&#8221;full&#8221; alignment=&#8221;center&#8221;][vc_custom_heading text=&#8221;VULETECH l\u00e0 \u0110\u1ed1i t\u00e1c T\u00edch h\u1ee3p H\u1ec7 th\u1ed1ng c\u1ee7a Sick Vi\u1ec7t Nam&#8221; use_theme_fonts=&#8221;yes&#8221;][vc_column_text]<img loading=\"lazy\" decoding=\"async\" class=\"alignnone size-full wp-image-7986\" src=\"https:\/\/vuletech.com\/wp-content\/uploads\/2024\/08\/banner-web-sick.png\" sizes=\"auto, (max-width: 1600px) 100vw, 1600px\" srcset=\"https:\/\/vuletech.com\/wp-content\/uploads\/2024\/08\/banner-web-sick.png 1600w, https:\/\/vuletech.com\/wp-content\/uploads\/2024\/08\/banner-web-sick-300x113.png 300w, https:\/\/vuletech.com\/wp-content\/uploads\/2024\/08\/banner-web-sick-1024x384.png 1024w, https:\/\/vuletech.com\/wp-content\/uploads\/2024\/08\/banner-web-sick-768x288.png 768w, https:\/\/vuletech.com\/wp-content\/uploads\/2024\/08\/banner-web-sick-1536x576.png 1536w\" alt=\"\" width=\"1600\" height=\"600\" \/><\/p>\n<p>VULETECH \u0111\u00e3 ch\u00ednh th\u1ee9c tr\u1edf th\u00e0nh \u0110\u1ed1i t\u00e1c T\u00edch h\u1ee3p H\u1ec7 th\u1ed1ng c\u1ee7a SICK Vi\u1ec7t Nam LLC. V\u1edbi vai tr\u00f2 m\u1edbi n\u00e0y, VULETECH s\u1ebd ch\u1ecbu tr\u00e1ch nhi\u1ec7m cung c\u1ea5p c\u00e1c s\u1ea3n ph\u1ea9m d\u1ecbch v\u1ee5 v\u00e0 gi\u1ea3i ph\u00e1p ti\u00ean ti\u1ebfn trong c\u00e1c l\u0129nh v\u1ef1c sau:<br class=\"html-br\" \/><br class=\"html-br\" \/><span class=\"html-span xexx8yu x4uap5 x18d9i69 xkhd6sd x1hl2dhg x16tdsg8 x1vvkbs x3nfvp2 x1j61x8r x1fcty0u xdj266r xat24cr xgzva0m xhhsvwb xxymvpz xlup9mm x1kky2od\"><img loading=\"lazy\" decoding=\"async\" class=\"xz74otr\" src=\"https:\/\/static.xx.fbcdn.net\/images\/emoji.php\/v9\/t3a\/1\/16\/26d1.png\" alt=\"\u26d1\" width=\"16\" height=\"16\" \/><\/span>An to\u00e0n m\u00e1y m\u00f3c: Cung c\u1ea5p c\u00e1c gi\u1ea3i ph\u00e1p \u0111\u1ea3m b\u1ea3o an to\u00e0n cho h\u1ec7 th\u1ed1ng m\u00e1y m\u00f3c, gi\u00fap gi\u1ea3m thi\u1ec3u r\u1ee7i ro v\u00e0 b\u1ea3o v\u1ec7 ng\u01b0\u1eddi lao \u0111\u1ed9ng.<br class=\"html-br\" \/><br class=\"html-br\" \/><span class=\"html-span xexx8yu x4uap5 x18d9i69 xkhd6sd x1hl2dhg x16tdsg8 x1vvkbs x3nfvp2 x1j61x8r x1fcty0u xdj266r xat24cr xgzva0m xhhsvwb xxymvpz xlup9mm x1kky2od\"><img loading=\"lazy\" decoding=\"async\" class=\"xz74otr\" src=\"https:\/\/static.xx.fbcdn.net\/images\/emoji.php\/v9\/tf2\/1\/16\/1f441_200d_1f5e8.png\" alt=\"?\u200d?\" width=\"16\" height=\"16\" \/><\/span>Th\u1ecb gi\u00e1c m\u00e1y: Tri\u1ec3n khai c\u00e1c c\u00f4ng ngh\u1ec7 th\u1ecb gi\u00e1c m\u00e1y hi\u1ec7n \u0111\u1ea1i, gi\u00fap c\u1ea3i thi\u1ec7n qu\u00e1 tr\u00ecnh ki\u1ec3m tra v\u00e0 gi\u00e1m s\u00e1t ch\u1ea5t l\u01b0\u1ee3ng s\u1ea3n ph\u1ea9m.<br class=\"html-br\" \/><br class=\"html-br\" \/><span class=\"html-span xexx8yu x4uap5 x18d9i69 xkhd6sd x1hl2dhg x16tdsg8 x1vvkbs x3nfvp2 x1j61x8r x1fcty0u xdj266r xat24cr xgzva0m xhhsvwb xxymvpz xlup9mm x1kky2od\"><img loading=\"lazy\" decoding=\"async\" class=\"xz74otr\" src=\"https:\/\/static.xx.fbcdn.net\/images\/emoji.php\/v9\/t36\/1\/16\/1f916.png\" alt=\"?\" width=\"16\" height=\"16\" \/><\/span>Chuy\u1ec3n \u0111\u1ed5i s\u1ed1: H\u1ed7 tr\u1ee3 doanh nghi\u1ec7p trong vi\u1ec7c \u00e1p d\u1ee5ng c\u00e1c gi\u1ea3i ph\u00e1p chuy\u1ec3n \u0111\u1ed5i s\u1ed1, n\u00e2ng cao hi\u1ec7u su\u1ea5t v\u00e0 hi\u1ec7u qu\u1ea3 ho\u1ea1t \u0111\u1ed9ng.<br class=\"html-br\" \/>Ch\u00fang t\u00f4i tin r\u1eb1ng s\u1ef1 h\u1ee3p t\u00e1c n\u00e0y s\u1ebd mang l\u1ea1i nhi\u1ec1u l\u1ee3i \u00edch to l\u1edbn cho c\u1ea3 hai b\u00ean v\u00e0 g\u00f3p ph\u1ea7n th\u00fac \u0111\u1ea9y s\u1ef1 ph\u00e1t tri\u1ec3n c\u1ee7a ng\u00e0nh c\u00f4ng nghi\u1ec7p t\u1ea1i Vi\u1ec7t Nam.<br class=\"html-br\" \/><br class=\"html-br\" \/>Ch\u00e2n th\u00e0nh c\u1ea3m \u01a1n s\u1ef1 \u1ee7ng h\u1ed9 v\u00e0 h\u1ee3p t\u00e1c c\u1ee7a qu\u00fd kh\u00e1ch h\u00e0ng v\u00e0 \u0111\u1ed1i t\u00e1c trong su\u1ed1t th\u1eddi gian qua. Ch\u00fang t\u00f4i cam k\u1ebft s\u1ebd ti\u1ebfp t\u1ee5c mang \u0111\u1ebfn nh\u1eefng gi\u1ea3i ph\u00e1p ch\u1ea5t l\u01b0\u1ee3ng cao v\u00e0 d\u1ecbch v\u1ee5 t\u1ed1t nh\u1ea5t \u0111\u1ec3 \u0111\u00e1p \u1ee9ng nhu c\u1ea7u c\u1ee7a qu\u00fd v\u1ecb.<\/p>\n<p><span class=\"html-span xexx8yu x4uap5 x18d9i69 xkhd6sd x1hl2dhg x16tdsg8 x1vvkbs x3nfvp2 x1j61x8r x1fcty0u xdj266r xat24cr xgzva0m xhhsvwb xxymvpz xlup9mm x1kky2od\"><img loading=\"lazy\" decoding=\"async\" class=\"xz74otr\" src=\"https:\/\/static.xx.fbcdn.net\/images\/emoji.php\/v9\/tad\/1\/16\/1f511.png\" alt=\"?\" width=\"16\" height=\"16\" \/><\/span>Lu\u00f4n s\u1eb5n s\u00e0ng t\u01b0 v\u1ea5n k\u1ef9 thu\u1eadt v\u00e0 l\u1eafp \u0111\u1eb7t<br class=\"html-br\" \/><span class=\"html-span xexx8yu x4uap5 x18d9i69 xkhd6sd x1hl2dhg x16tdsg8 x1vvkbs x3nfvp2 x1j61x8r x1fcty0u xdj266r xat24cr xgzva0m xhhsvwb xxymvpz xlup9mm x1kky2od\"><img loading=\"lazy\" decoding=\"async\" class=\"xz74otr\" src=\"https:\/\/static.xx.fbcdn.net\/images\/emoji.php\/v9\/tad\/1\/16\/1f511.png\" alt=\"?\" width=\"16\" height=\"16\" \/><\/span>H\u1ed7 tr\u1ee3 thay th\u1ebf m\u00e3 s\u1ea3n ph\u1ea9m t\u1eeb c\u00e1c h\u00e3ng kh\u00e1c<br class=\"html-br\" \/><span class=\"html-span xexx8yu x4uap5 x18d9i69 xkhd6sd x1hl2dhg x16tdsg8 x1vvkbs x3nfvp2 x1j61x8r x1fcty0u xdj266r xat24cr xgzva0m xhhsvwb xxymvpz xlup9mm x1kky2od\"><img loading=\"lazy\" decoding=\"async\" class=\"xz74otr\" src=\"https:\/\/static.xx.fbcdn.net\/images\/emoji.php\/v9\/tad\/1\/16\/1f511.png\" alt=\"?\" width=\"16\" height=\"16\" \/><\/span>H\u00e0ng lu\u00f4n c\u00f3 s\u1eb5n \u0111\u00e1p \u1ee9ng nhu c\u1ea7u c\u1ee7a kh\u00e1ch h\u00e0ng<br class=\"html-br\" \/><span class=\"html-span xexx8yu x4uap5 x18d9i69 xkhd6sd x1hl2dhg x16tdsg8 x1vvkbs x3nfvp2 x1j61x8r x1fcty0u xdj266r xat24cr xgzva0m xhhsvwb xxymvpz xlup9mm x1kky2od\"><img loading=\"lazy\" decoding=\"async\" class=\"xz74otr\" src=\"https:\/\/static.xx.fbcdn.net\/images\/emoji.php\/v9\/tad\/1\/16\/1f511.png\" alt=\"?\" width=\"16\" height=\"16\" \/><\/span>T\u01b0 v\u1ea5n t\u00edch h\u1ee3p d\u1ef1 \u00e1n hi\u1ec7u qu\u1ea3 nh\u1ea5t d\u00e0nh cho kh\u00e1ch h\u00e0ng v\u00e0 \u0111\u1ed1i t\u00e1c<\/p>\n<p><span class=\"x3nfvp2 x1j61x8r x1fcty0u xdj266r xhhsvwb xat24cr xgzva0m xxymvpz xlup9mm x1kky2od\"><img loading=\"lazy\" decoding=\"async\" class=\"xz74otr\" src=\"https:\/\/static.xx.fbcdn.net\/images\/emoji.php\/v9\/ta9\/1.5\/16\/260e.png\" alt=\"\u260e\" width=\"16\" height=\"16\" \/><\/span>\u00a0G\u1eccI NGAY (???) ???? ???? \u0110\u1ec2 \u0110\u01af\u1ee2C T\u01af V\u1ea4N, B\u00c1O GI\u00c1 CHI TI\u1ebeT!<\/p>\n<div dir=\"auto\">\u0110\u1ecba ch\u1ec9: 27 Xu\u00e2n Qu\u1ef3nh, KDC Gia H\u00f2a, P. Ph\u01b0\u1edbc Long B, Tp. Th\u1ee7 \u0110\u1ee9c, Tp.HCM<\/div>\n<div dir=\"auto\">Hotline: (028) 3620 8179 \/ 3620 8176 \/ 3620 8177Fax: (028) 3620 8178<\/div>\n<div dir=\"auto\">Email: info@vuletech.com<\/div>\n<p>[\/vc_column_text]\n<div class=\"wpcf7 no-js\" id=\"wpcf7-f6140-o1\" lang=\"vi\" dir=\"ltr\" data-wpcf7-id=\"6140\">\n<div class=\"screen-reader-response\"><p role=\"status\" aria-live=\"polite\" aria-atomic=\"true\"><\/p> <ul><\/ul><\/div>\n<form action=\"\/en\/wp-json\/wp\/v2\/product\/9175#wpcf7-f6140-o1\" method=\"post\" class=\"wpcf7-form init\" aria-label=\"Form li\u00ean h\u1ec7\" novalidate=\"novalidate\" data-status=\"init\">\n<div style=\"display: none;\">\n<input type=\"hidden\" name=\"_wpcf7\" value=\"6140\" \/>\n<input type=\"hidden\" name=\"_wpcf7_version\" value=\"6.0.6\" \/>\n<input type=\"hidden\" name=\"_wpcf7_locale\" value=\"vi\" \/>\n<input type=\"hidden\" name=\"_wpcf7_unit_tag\" value=\"wpcf7-f6140-o1\" \/>\n<input type=\"hidden\" name=\"_wpcf7_container_post\" value=\"0\" \/>\n<input type=\"hidden\" name=\"_wpcf7_posted_data_hash\" value=\"\" \/>\n<\/div>\n<div class=\"row\">\n\t<div class=\"col-md-6\">\n\t\t<p><span class=\"wpcf7-form-control-wrap\" data-name=\"your-name\"><input size=\"40\" maxlength=\"400\" class=\"wpcf7-form-control wpcf7-text wpcf7-validates-as-required rounded-0 mb-3 p-2\" aria-required=\"true\" aria-invalid=\"false\" placeholder=\"Your name\" value=\"\" type=\"text\" name=\"your-name\" \/><\/span>\n\t\t<\/p>\n\t<\/div>\n\t<div class=\"col-md-6\">\n\t\t<p><span class=\"wpcf7-form-control-wrap\" data-name=\"your-email\"><input size=\"40\" maxlength=\"400\" class=\"wpcf7-form-control wpcf7-email wpcf7-validates-as-required wpcf7-text wpcf7-validates-as-email rounded-0 mb-3 p-2\" aria-required=\"true\" aria-invalid=\"false\" placeholder=\"Email\" value=\"\" type=\"email\" name=\"your-email\" \/><\/span>\n\t\t<\/p>\n\t<\/div>\n\t<div class=\"col-md-6\">\n\t\t<p><span class=\"wpcf7-form-control-wrap\" data-name=\"tel-822\"><input size=\"40\" maxlength=\"400\" class=\"wpcf7-form-control wpcf7-tel wpcf7-text wpcf7-validates-as-tel rounded-0 mb-3 p-2\" aria-invalid=\"false\" placeholder=\"Your phone\" value=\"\" type=\"tel\" name=\"tel-822\" \/><\/span>\n\t\t<\/p>\n\t<\/div>\n\t<div class=\"col-md-6\">\n\t\t<p><span class=\"wpcf7-form-control-wrap\" data-name=\"your-subject\"><input size=\"40\" maxlength=\"400\" class=\"wpcf7-form-control wpcf7-text rounded-0 mb-3 p-2\" aria-invalid=\"false\" placeholder=\"Subject\" value=\"\" type=\"text\" name=\"your-subject\" \/><\/span>\n\t\t<\/p>\n\t<\/div>\n\t<div class=\"col-12\">\n\t\t<p><span class=\"wpcf7-form-control-wrap\" data-name=\"your-message\"><textarea cols=\"10\" rows=\"4\" maxlength=\"2000\" class=\"wpcf7-form-control wpcf7-textarea rounded-0 mb-3 p-2\" aria-invalid=\"false\" placeholder=\"Message\" name=\"your-message\"><\/textarea><\/span>\n\t\t<\/p>\n\t<\/div>\n\t<div class=\"col-lg-4\">\n\t\t<p><input class=\"wpcf7-form-control wpcf7-submit has-spinner btn btn-gradient btn-block rounded-0\" type=\"submit\" value=\"Submit\" \/>\n\t\t<\/p>\n\t<\/div>\n<\/div><div class=\"wpcf7-response-output\" aria-hidden=\"true\"><\/div>\n<\/form>\n<\/div>\n[\/vc_column][\/vc_row]<\/p>\n<\/div>","protected":false},"excerpt":{"rendered":"<p>[vc_row][vc_column width=&#8221;1\/2&#8243;][vc_single_image image=&#8221;8121&#8243; img_size=&#8221;full&#8221; alignment=&#8221;center&#8221;][\/vc_column][vc_column width=&#8221;1\/2&#8243;][vc_custom_heading text=&#8221;C\u1ea3m bi\u1ebfn s\u1ee3i quang SICK LL3-TB01&#8243; use_theme_fonts=&#8221;yes&#8221;][vc_column_text]C\u1ea3m bi\u1ebfn LL3-TB01 c\u1ee7a SICK l\u00e0 m\u1ed9t lo\u1ea1i c\u1ea3m bi\u1ebfn s\u1ee3i quang ti\u00ean ti\u1ebfn, \u0111\u01b0\u1ee3c thi\u1ebft k\u1ebf \u0111\u1ec3 cung c\u1ea5p \u0111\u1ed9 ch\u00ednh x\u00e1c cao trong vi\u1ec7c ph\u00e1t hi\u1ec7n v\u00e0 \u0111o l\u01b0\u1eddng. V\u1edbi c\u1ea5u tr\u00fac nh\u1ecf g\u1ecdn v\u00e0 kh\u1ea3 n\u0103ng ho\u1ea1t \u0111\u1ed9ng \u1ed5n \u0111\u1ecbnh<\/p>\n","protected":false},"featured_media":8121,"comment_status":"closed","ping_status":"open","template":"","meta":[],"product_brand":[],"product_cat":[737],"product_tag":[],"class_list":{"0":"post-9175","1":"product","2":"type-product","3":"status-publish","4":"has-post-thumbnail","6":"product_cat-san-pham-sick-viet-namsan-pham-thong-dung-sick","8":"first","9":"instock","10":"product-type-simple"},"acf":[],"yoast_head":"<!-- This site is optimized with the Yoast SEO plugin v25.1 - https:\/\/yoast.com\/wordpress\/plugins\/seo\/ -->\n<title>C\u1ea3m bi\u1ebfn s\u1ee3i quang SICK LL3-TB01 - V\u0169 L\u00ea Tech<\/title>\n<meta name=\"robots\" content=\"index, follow, max-snippet:-1, max-image-preview:large, max-video-preview:-1\" \/>\n<link rel=\"canonical\" href=\"https:\/\/vuletech.com\/product\/cam-bien-soi-quang-sick-ll3-tb01\/\" \/>\n<meta property=\"og:locale\" content=\"en_US\" \/>\n<meta property=\"og:type\" content=\"article\" \/>\n<meta property=\"og:title\" content=\"C\u1ea3m bi\u1ebfn s\u1ee3i quang SICK LL3-TB01 - V\u0169 L\u00ea Tech\" \/>\n<meta property=\"og:description\" content=\"[vc_row][vc_column width=&#8221;1\/2&#8243;][vc_single_image image=&#8221;8121&#8243; img_size=&#8221;full&#8221; alignment=&#8221;center&#8221;][\/vc_column][vc_column width=&#8221;1\/2&#8243;][vc_custom_heading text=&#8221;C\u1ea3m bi\u1ebfn s\u1ee3i quang SICK LL3-TB01&#8243; use_theme_fonts=&#8221;yes&#8221;][vc_column_text]C\u1ea3m bi\u1ebfn LL3-TB01 c\u1ee7a SICK l\u00e0 m\u1ed9t lo\u1ea1i c\u1ea3m bi\u1ebfn s\u1ee3i quang ti\u00ean ti\u1ebfn, \u0111\u01b0\u1ee3c thi\u1ebft k\u1ebf \u0111\u1ec3 cung c\u1ea5p \u0111\u1ed9 ch\u00ednh x\u00e1c cao trong vi\u1ec7c ph\u00e1t hi\u1ec7n v\u00e0 \u0111o l\u01b0\u1eddng. V\u1edbi c\u1ea5u tr\u00fac nh\u1ecf g\u1ecdn v\u00e0 kh\u1ea3 n\u0103ng ho\u1ea1t \u0111\u1ed9ng \u1ed5n \u0111\u1ecbnh\" \/>\n<meta property=\"og:url\" content=\"https:\/\/vuletech.com\/product\/cam-bien-soi-quang-sick-ll3-tb01\/\" \/>\n<meta property=\"og:site_name\" content=\"V\u0169 L\u00ea Tech\" \/>\n<meta property=\"og:image\" content=\"https:\/\/vuletech.com\/wp-content\/uploads\/2024\/08\/hinh-viet-web-2-1.png\" \/>\n\t<meta property=\"og:image:width\" content=\"1400\" \/>\n\t<meta property=\"og:image:height\" content=\"950\" \/>\n\t<meta property=\"og:image:type\" content=\"image\/png\" \/>\n<meta name=\"twitter:card\" content=\"summary_large_image\" \/>\n<meta name=\"twitter:label1\" content=\"Est. reading time\" \/>\n\t<meta name=\"twitter:data1\" content=\"4 minutes\" \/>\n<script type=\"application\/ld+json\" class=\"yoast-schema-graph\">{\"@context\":\"https:\/\/schema.org\",\"@graph\":[{\"@type\":\"WebPage\",\"@id\":\"https:\/\/vuletech.com\/product\/cam-bien-soi-quang-sick-ll3-tb01\/\",\"url\":\"https:\/\/vuletech.com\/product\/cam-bien-soi-quang-sick-ll3-tb01\/\",\"name\":\"C\u1ea3m bi\u1ebfn s\u1ee3i quang SICK LL3-TB01 - V\u0169 L\u00ea Tech\",\"isPartOf\":{\"@id\":\"https:\/\/vuletech.com\/#website\"},\"primaryImageOfPage\":{\"@id\":\"https:\/\/vuletech.com\/product\/cam-bien-soi-quang-sick-ll3-tb01\/#primaryimage\"},\"image\":{\"@id\":\"https:\/\/vuletech.com\/product\/cam-bien-soi-quang-sick-ll3-tb01\/#primaryimage\"},\"thumbnailUrl\":\"https:\/\/vuletech.com\/wp-content\/uploads\/2024\/08\/hinh-viet-web-2-1.png\",\"datePublished\":\"2025-04-25T04:35:47+00:00\",\"breadcrumb\":{\"@id\":\"https:\/\/vuletech.com\/product\/cam-bien-soi-quang-sick-ll3-tb01\/#breadcrumb\"},\"inLanguage\":\"en-US\",\"potentialAction\":[{\"@type\":\"ReadAction\",\"target\":[\"https:\/\/vuletech.com\/product\/cam-bien-soi-quang-sick-ll3-tb01\/\"]}]},{\"@type\":\"ImageObject\",\"inLanguage\":\"en-US\",\"@id\":\"https:\/\/vuletech.com\/product\/cam-bien-soi-quang-sick-ll3-tb01\/#primaryimage\",\"url\":\"https:\/\/vuletech.com\/wp-content\/uploads\/2024\/08\/hinh-viet-web-2-1.png\",\"contentUrl\":\"https:\/\/vuletech.com\/wp-content\/uploads\/2024\/08\/hinh-viet-web-2-1.png\",\"width\":1400,\"height\":950,\"caption\":\"C\u1ea3m bi\u1ebfn s\u1ee3i quang LL3-TB01 SICK VI\u1ec6T NAM\"},{\"@type\":\"BreadcrumbList\",\"@id\":\"https:\/\/vuletech.com\/product\/cam-bien-soi-quang-sick-ll3-tb01\/#breadcrumb\",\"itemListElement\":[{\"@type\":\"ListItem\",\"position\":1,\"name\":\"Home\",\"item\":\"https:\/\/vuletech.com\/en\/\"},{\"@type\":\"ListItem\",\"position\":2,\"name\":\"Product\",\"item\":\"https:\/\/vuletech.com\/product\/\"},{\"@type\":\"ListItem\",\"position\":3,\"name\":\"C\u1ea3m bi\u1ebfn s\u1ee3i quang SICK LL3-TB01\"}]},{\"@type\":\"WebSite\",\"@id\":\"https:\/\/vuletech.com\/#website\",\"url\":\"https:\/\/vuletech.com\/\",\"name\":\"V\u0169 L\u00ea Tech\",\"description\":\"Our Solution - Your Value\",\"potentialAction\":[{\"@type\":\"SearchAction\",\"target\":{\"@type\":\"EntryPoint\",\"urlTemplate\":\"https:\/\/vuletech.com\/?s={search_term_string}\"},\"query-input\":{\"@type\":\"PropertyValueSpecification\",\"valueRequired\":true,\"valueName\":\"search_term_string\"}}],\"inLanguage\":\"en-US\"}]}<\/script>\n<!-- \/ Yoast SEO plugin. -->","yoast_head_json":{"title":"C\u1ea3m bi\u1ebfn s\u1ee3i quang SICK LL3-TB01 - V\u0169 L\u00ea Tech","robots":{"index":"index","follow":"follow","max-snippet":"max-snippet:-1","max-image-preview":"max-image-preview:large","max-video-preview":"max-video-preview:-1"},"canonical":"https:\/\/vuletech.com\/product\/cam-bien-soi-quang-sick-ll3-tb01\/","og_locale":"en_US","og_type":"article","og_title":"C\u1ea3m bi\u1ebfn s\u1ee3i quang SICK LL3-TB01 - V\u0169 L\u00ea Tech","og_description":"[vc_row][vc_column width=&#8221;1\/2&#8243;][vc_single_image image=&#8221;8121&#8243; img_size=&#8221;full&#8221; alignment=&#8221;center&#8221;][\/vc_column][vc_column width=&#8221;1\/2&#8243;][vc_custom_heading text=&#8221;C\u1ea3m bi\u1ebfn s\u1ee3i quang SICK LL3-TB01&#8243; use_theme_fonts=&#8221;yes&#8221;][vc_column_text]C\u1ea3m bi\u1ebfn LL3-TB01 c\u1ee7a SICK l\u00e0 m\u1ed9t lo\u1ea1i c\u1ea3m bi\u1ebfn s\u1ee3i quang ti\u00ean ti\u1ebfn, \u0111\u01b0\u1ee3c thi\u1ebft k\u1ebf \u0111\u1ec3 cung c\u1ea5p \u0111\u1ed9 ch\u00ednh x\u00e1c cao trong vi\u1ec7c ph\u00e1t hi\u1ec7n v\u00e0 \u0111o l\u01b0\u1eddng. V\u1edbi c\u1ea5u tr\u00fac nh\u1ecf g\u1ecdn v\u00e0 kh\u1ea3 n\u0103ng ho\u1ea1t \u0111\u1ed9ng \u1ed5n \u0111\u1ecbnh","og_url":"https:\/\/vuletech.com\/product\/cam-bien-soi-quang-sick-ll3-tb01\/","og_site_name":"V\u0169 L\u00ea Tech","og_image":[{"width":1400,"height":950,"url":"https:\/\/vuletech.com\/wp-content\/uploads\/2024\/08\/hinh-viet-web-2-1.png","type":"image\/png"}],"twitter_card":"summary_large_image","twitter_misc":{"Est. reading time":"4 minutes"},"schema":{"@context":"https:\/\/schema.org","@graph":[{"@type":"WebPage","@id":"https:\/\/vuletech.com\/product\/cam-bien-soi-quang-sick-ll3-tb01\/","url":"https:\/\/vuletech.com\/product\/cam-bien-soi-quang-sick-ll3-tb01\/","name":"C\u1ea3m bi\u1ebfn s\u1ee3i quang SICK LL3-TB01 - V\u0169 L\u00ea Tech","isPartOf":{"@id":"https:\/\/vuletech.com\/#website"},"primaryImageOfPage":{"@id":"https:\/\/vuletech.com\/product\/cam-bien-soi-quang-sick-ll3-tb01\/#primaryimage"},"image":{"@id":"https:\/\/vuletech.com\/product\/cam-bien-soi-quang-sick-ll3-tb01\/#primaryimage"},"thumbnailUrl":"https:\/\/vuletech.com\/wp-content\/uploads\/2024\/08\/hinh-viet-web-2-1.png","datePublished":"2025-04-25T04:35:47+00:00","breadcrumb":{"@id":"https:\/\/vuletech.com\/product\/cam-bien-soi-quang-sick-ll3-tb01\/#breadcrumb"},"inLanguage":"en-US","potentialAction":[{"@type":"ReadAction","target":["https:\/\/vuletech.com\/product\/cam-bien-soi-quang-sick-ll3-tb01\/"]}]},{"@type":"ImageObject","inLanguage":"en-US","@id":"https:\/\/vuletech.com\/product\/cam-bien-soi-quang-sick-ll3-tb01\/#primaryimage","url":"https:\/\/vuletech.com\/wp-content\/uploads\/2024\/08\/hinh-viet-web-2-1.png","contentUrl":"https:\/\/vuletech.com\/wp-content\/uploads\/2024\/08\/hinh-viet-web-2-1.png","width":1400,"height":950,"caption":"C\u1ea3m bi\u1ebfn s\u1ee3i quang LL3-TB01 SICK VI\u1ec6T NAM"},{"@type":"BreadcrumbList","@id":"https:\/\/vuletech.com\/product\/cam-bien-soi-quang-sick-ll3-tb01\/#breadcrumb","itemListElement":[{"@type":"ListItem","position":1,"name":"Home","item":"https:\/\/vuletech.com\/en\/"},{"@type":"ListItem","position":2,"name":"Product","item":"https:\/\/vuletech.com\/product\/"},{"@type":"ListItem","position":3,"name":"C\u1ea3m bi\u1ebfn s\u1ee3i quang SICK LL3-TB01"}]},{"@type":"WebSite","@id":"https:\/\/vuletech.com\/#website","url":"https:\/\/vuletech.com\/","name":"V\u0169 L\u00ea Tech","description":"Our Solution - Your Value","potentialAction":[{"@type":"SearchAction","target":{"@type":"EntryPoint","urlTemplate":"https:\/\/vuletech.com\/?s={search_term_string}"},"query-input":{"@type":"PropertyValueSpecification","valueRequired":true,"valueName":"search_term_string"}}],"inLanguage":"en-US"}]}},"_links":{"self":[{"href":"https:\/\/vuletech.com\/en\/wp-json\/wp\/v2\/product\/9175","targetHints":{"allow":["GET"]}}],"collection":[{"href":"https:\/\/vuletech.com\/en\/wp-json\/wp\/v2\/product"}],"about":[{"href":"https:\/\/vuletech.com\/en\/wp-json\/wp\/v2\/types\/product"}],"replies":[{"embeddable":true,"href":"https:\/\/vuletech.com\/en\/wp-json\/wp\/v2\/comments?post=9175"}],"wp:featuredmedia":[{"embeddable":true,"href":"https:\/\/vuletech.com\/en\/wp-json\/wp\/v2\/media\/8121"}],"wp:attachment":[{"href":"https:\/\/vuletech.com\/en\/wp-json\/wp\/v2\/media?parent=9175"}],"wp:term":[{"taxonomy":"product_brand","embeddable":true,"href":"https:\/\/vuletech.com\/en\/wp-json\/wp\/v2\/product_brand?post=9175"},{"taxonomy":"product_cat","embeddable":true,"href":"https:\/\/vuletech.com\/en\/wp-json\/wp\/v2\/product_cat?post=9175"},{"taxonomy":"product_tag","embeddable":true,"href":"https:\/\/vuletech.com\/en\/wp-json\/wp\/v2\/product_tag?post=9175"}],"curies":[{"name":"wp","href":"https:\/\/api.w.org\/{rel}","templated":true}]}}