{"id":9275,"date":"2025-04-25T11:55:11","date_gmt":"2025-04-25T04:55:11","guid":{"rendered":"https:\/\/vuletech.com\/product\/fd-576-m2-ex8\/"},"modified":"2025-04-25T11:55:14","modified_gmt":"2025-04-25T04:55:14","slug":"fd-576-m2-ex8","status":"publish","type":"product","link":"https:\/\/vuletech.com\/en\/product\/fd-576-m2-ex8\/","title":{"rendered":"FD 576-M2-EX8"},"content":{"rendered":"<div class=\"wpb-content-wrapper\"><p>[vc_row][vc_column width=&#8221;1\/2&#8243;][vc_single_image image=&#8221;1447&#8243; img_size=&#8221;full&#8221; alignment=&#8221;center&#8221;][\/vc_column][vc_column width=&#8221;1\/2&#8243;][vc_custom_heading text=&#8221;FD 576-M2-EX8&#8243; use_theme_fonts=&#8221;yes&#8221;][vc_column_text]<strong>C\u00f4ng t\u1eafc v\u1ecb tr\u00ed cho truy\u1ec1n \u0111\u1ed9ng d\u00e2y ATEX cat. 2D<\/strong><\/p>\n<p><strong>T\u00ednh n\u0103ng chung<\/strong><\/p>\n<p>Ch\u1ec9 s\u1ed1 b\u1ea3o v\u1ec7 IP: IP66 theo ti\u00eau chu\u1ea9n EN 60529.<\/p>\n<p>V\u1ecf: V\u1ecf metan, m\u1ed9t \u1ed1ng d\u1eabn \u0111i\u1ec7n M20.<\/p>\n<p>Kh\u1ed1i ti\u1ebfp \u0111i\u1ec3m: 1NO+1NC h\u00e0nh \u0111\u1ed9ng nhanh<\/p>\n<p>\u0110\u1ea7u: V\u1edbi truy\u1ec1n \u0111\u1ed9ng d\u00e2y<\/p>\n<p>Ghi ch\u00fa:\u00a0 Actuator 76 trong tr\u1ea1ng th\u00e1i ngh\u1ec9 gi\u1eef k\u00edch ho\u1ea1t cho kh\u1ed1i ti\u1ebfp \u0111i\u1ec3m. Do \u0111\u00f3, t\u1ea5t c\u1ea3 ti\u1ebfp \u0111i\u1ec3m NO v\u00e0 NC \u0111\u1ea3o ng\u01b0\u1ee3c v\u1ecb tr\u00ed \u1edf tr\u1ea1ng th\u00e1i ngh\u1ec9.<\/p>\n<p>\u0110i\u1ec3m ch\u1ea5t l\u01b0\u1ee3ng:<\/p>\n<p>II 2D Ex tb IIIC T80\u00b0C Db[\/vc_column_text][\/vc_column][\/vc_row][vc_row][vc_column][vc_tta_tabs][vc_tta_section title=&#8221;T\u00e0i li\u1ec7u&#8221; tab_id=&#8221;1601433581404-63220397-4c1e&#8221;][vc_column_text]<\/p>\n<table width=\"387\">\n<tbody>\n<tr>\n<td width=\"119\">Type<\/td>\n<td width=\"268\">File<\/td>\n<\/tr>\n<tr>\n<td width=\"119\">General Catalog<\/td>\n<td width=\"268\"><a href=\"http:\/\/vuletech.southteam.vn\/wp-content\/uploads\/2020\/09\/ZE_GCP03A18-ENG_157-184.pdf\">ZE_GCP03A18-ENG_157-184<\/a><\/td>\n<\/tr>\n<\/tbody>\n<\/table>\n<p>[\/vc_column_text][\/vc_tta_section][vc_tta_section title=&#8221;Ch\u1ee9ng nh\u1eadn ch\u1ea5t l\u01b0\u1ee3ng&#8221; tab_id=&#8221;1601433581425-e970bf95-7acc&#8221;][vc_column_text]<\/p>\n<table width=\"387\">\n<tbody>\n<tr>\n<td width=\"119\"><img loading=\"lazy\" decoding=\"async\" class=\"alignnone size-full wp-image-1339\" src=\"http:\/\/vuletech.southteam.vn\/wp-content\/uploads\/2020\/09\/EX.png\" alt=\"Atex\" width=\"43\" height=\"37\" \/><\/td>\n<td width=\"268\"><a href=\"http:\/\/vuletech.southteam.vn\/wp-content\/uploads\/2020\/09\/cert_EX_exam_bvs_05_atex_e107_te.pdf\">cert_EX_exam_bvs_05_atex_e107_te<\/a><\/td>\n<\/tr>\n<tr>\n<td><img loading=\"lazy\" decoding=\"async\" class=\"alignnone size-full wp-image-1340\" src=\"http:\/\/vuletech.southteam.vn\/wp-content\/uploads\/2020\/09\/EAC.png\" alt=\"EAC\" width=\"43\" height=\"36\" \/><\/td>\n<td><a href=\"http:\/\/vuletech.southteam.vn\/wp-content\/uploads\/2020\/09\/cert_EAC_B.00035_2019_ru-1.pdf\">cert_EAC_B.00035_2019_ru<\/a><\/td>\n<\/tr>\n<tr>\n<td><img loading=\"lazy\" decoding=\"async\" class=\"alignnone size-large wp-image-1341\" src=\"http:\/\/vuletech.southteam.vn\/wp-content\/uploads\/2020\/09\/CE-1.png\" alt=\"\" width=\"43\" height=\"30\" \/><\/td>\n<td><a href=\"http:\/\/vuletech.southteam.vn\/wp-content\/uploads\/2020\/09\/cert_CE_ZE_PCE11-EU.pdf\">cert_CE_ZE_PCE11-EU<\/a><\/td>\n<\/tr>\n<tr>\n<td><img loading=\"lazy\" decoding=\"async\" class=\"alignnone size-large wp-image-1342\" src=\"http:\/\/vuletech.southteam.vn\/wp-content\/uploads\/2020\/09\/UL.png\" alt=\"\" width=\"70\" height=\"43\" \/><\/td>\n<td><a href=\"http:\/\/vuletech.southteam.vn\/wp-content\/uploads\/2020\/09\/cert_UL_NKCR_E131787_us_ca-1.pdf\">cert_UL_NKCR_E131787_us_ca<\/a><\/td>\n<\/tr>\n<\/tbody>\n<\/table>\n<p>[\/vc_column_text][\/vc_tta_section][\/vc_tta_tabs][\/vc_column][\/vc_row]<\/p>\n<\/div>","protected":false},"excerpt":{"rendered":"<p>[vc_row][vc_column width=&#8221;1\/2&#8243;][vc_single_image image=&#8221;1447&#8243; img_size=&#8221;full&#8221; alignment=&#8221;center&#8221;][\/vc_column][vc_column width=&#8221;1\/2&#8243;][vc_custom_heading text=&#8221;FD 576-M2-EX8&#8243; use_theme_fonts=&#8221;yes&#8221;][vc_column_text]C\u00f4ng t\u1eafc v\u1ecb tr\u00ed cho truy\u1ec1n \u0111\u1ed9ng d\u00e2y ATEX cat. 2D T\u00ednh n\u0103ng chung Ch\u1ec9 s\u1ed1 b\u1ea3o v\u1ec7 IP: IP66 theo ti\u00eau chu\u1ea9n EN 60529. V\u1ecf: V\u1ecf metan, m\u1ed9t \u1ed1ng d\u1eabn \u0111i\u1ec7n M20. Kh\u1ed1i ti\u1ebfp \u0111i\u1ec3m: 1NO+1NC h\u00e0nh \u0111\u1ed9ng nhanh \u0110\u1ea7u: V\u1edbi truy\u1ec1n \u0111\u1ed9ng d\u00e2y Ghi ch\u00fa:\u00a0<\/p>\n","protected":false},"featured_media":1447,"comment_status":"closed","ping_status":"open","template":"","meta":[],"product_brand":[],"product_cat":[739],"product_tag":[],"class_list":{"0":"post-9275","1":"product","2":"type-product","3":"status-publish","4":"has-post-thumbnail","6":"product_cat-thiet-bi-dienpizzato-elettricacong-tac-vi-tricong-tac-cho-ung-dung-dac-bietfd-ex8-atex","8":"first","9":"instock","10":"product-type-simple"},"acf":[],"yoast_head":"<!-- This site is optimized with the Yoast SEO plugin v25.1 - https:\/\/yoast.com\/wordpress\/plugins\/seo\/ -->\n<title>FD 576-M2-EX8 - V\u0169 L\u00ea Tech<\/title>\n<meta name=\"robots\" content=\"index, follow, max-snippet:-1, max-image-preview:large, max-video-preview:-1\" \/>\n<link rel=\"canonical\" href=\"http:\/\/vuletech.com\/product\/fd-576-m2-ex8\/\" \/>\n<meta property=\"og:locale\" content=\"en_US\" \/>\n<meta property=\"og:type\" content=\"article\" \/>\n<meta property=\"og:title\" content=\"FD 576-M2-EX8 - V\u0169 L\u00ea Tech\" \/>\n<meta property=\"og:description\" content=\"[vc_row][vc_column width=&#8221;1\/2&#8243;][vc_single_image image=&#8221;1447&#8243; img_size=&#8221;full&#8221; alignment=&#8221;center&#8221;][\/vc_column][vc_column width=&#8221;1\/2&#8243;][vc_custom_heading text=&#8221;FD 576-M2-EX8&#8243; use_theme_fonts=&#8221;yes&#8221;][vc_column_text]C\u00f4ng t\u1eafc v\u1ecb tr\u00ed cho truy\u1ec1n \u0111\u1ed9ng d\u00e2y ATEX cat. 2D T\u00ednh n\u0103ng chung Ch\u1ec9 s\u1ed1 b\u1ea3o v\u1ec7 IP: IP66 theo ti\u00eau chu\u1ea9n EN 60529. V\u1ecf: V\u1ecf metan, m\u1ed9t \u1ed1ng d\u1eabn \u0111i\u1ec7n M20. Kh\u1ed1i ti\u1ebfp \u0111i\u1ec3m: 1NO+1NC h\u00e0nh \u0111\u1ed9ng nhanh \u0110\u1ea7u: V\u1edbi truy\u1ec1n \u0111\u1ed9ng d\u00e2y Ghi ch\u00fa:\u00a0\" \/>\n<meta property=\"og:url\" content=\"http:\/\/vuletech.com\/product\/fd-576-m2-ex8\/\" \/>\n<meta property=\"og:site_name\" content=\"V\u0169 L\u00ea Tech\" \/>\n<meta property=\"article:modified_time\" content=\"2025-04-25T04:55:14+00:00\" \/>\n<meta property=\"og:image\" content=\"http:\/\/vuletech.com\/wp-content\/uploads\/2020\/09\/FD-576-M2-EX8.jpg\" \/>\n\t<meta property=\"og:image:width\" content=\"360\" \/>\n\t<meta property=\"og:image:height\" content=\"360\" \/>\n\t<meta property=\"og:image:type\" content=\"image\/jpeg\" \/>\n<meta name=\"twitter:card\" content=\"summary_large_image\" \/>\n<meta name=\"twitter:label1\" content=\"Est. reading time\" \/>\n\t<meta name=\"twitter:data1\" content=\"1 minute\" \/>\n<script type=\"application\/ld+json\" class=\"yoast-schema-graph\">{\"@context\":\"https:\/\/schema.org\",\"@graph\":[{\"@type\":\"WebPage\",\"@id\":\"http:\/\/vuletech.com\/product\/fd-576-m2-ex8\/\",\"url\":\"http:\/\/vuletech.com\/product\/fd-576-m2-ex8\/\",\"name\":\"FD 576-M2-EX8 - V\u0169 L\u00ea Tech\",\"isPartOf\":{\"@id\":\"https:\/\/vuletech.com\/en\/#website\"},\"primaryImageOfPage\":{\"@id\":\"http:\/\/vuletech.com\/product\/fd-576-m2-ex8\/#primaryimage\"},\"image\":{\"@id\":\"http:\/\/vuletech.com\/product\/fd-576-m2-ex8\/#primaryimage\"},\"thumbnailUrl\":\"https:\/\/vuletech.com\/wp-content\/uploads\/2020\/09\/FD-576-M2-EX8.jpg\",\"datePublished\":\"2025-04-25T04:55:11+00:00\",\"dateModified\":\"2025-04-25T04:55:14+00:00\",\"breadcrumb\":{\"@id\":\"http:\/\/vuletech.com\/product\/fd-576-m2-ex8\/#breadcrumb\"},\"inLanguage\":\"en-US\",\"potentialAction\":[{\"@type\":\"ReadAction\",\"target\":[\"http:\/\/vuletech.com\/product\/fd-576-m2-ex8\/\"]}]},{\"@type\":\"ImageObject\",\"inLanguage\":\"en-US\",\"@id\":\"http:\/\/vuletech.com\/product\/fd-576-m2-ex8\/#primaryimage\",\"url\":\"https:\/\/vuletech.com\/wp-content\/uploads\/2020\/09\/FD-576-M2-EX8.jpg\",\"contentUrl\":\"https:\/\/vuletech.com\/wp-content\/uploads\/2020\/09\/FD-576-M2-EX8.jpg\",\"width\":360,\"height\":360,\"caption\":\"FD 576-M2-EX8\"},{\"@type\":\"BreadcrumbList\",\"@id\":\"http:\/\/vuletech.com\/product\/fd-576-m2-ex8\/#breadcrumb\",\"itemListElement\":[{\"@type\":\"ListItem\",\"position\":1,\"name\":\"Home\",\"item\":\"https:\/\/vuletech.com\/en\/\"},{\"@type\":\"ListItem\",\"position\":2,\"name\":\"Product\",\"item\":\"http:\/\/vuletech.com\/product\/\"},{\"@type\":\"ListItem\",\"position\":3,\"name\":\"FD 576-M2-EX8\"}]},{\"@type\":\"WebSite\",\"@id\":\"https:\/\/vuletech.com\/en\/#website\",\"url\":\"https:\/\/vuletech.com\/en\/\",\"name\":\"V\u0169 L\u00ea Tech\",\"description\":\"Our Solution - Your Value\",\"potentialAction\":[{\"@type\":\"SearchAction\",\"target\":{\"@type\":\"EntryPoint\",\"urlTemplate\":\"https:\/\/vuletech.com\/en\/?s={search_term_string}\"},\"query-input\":{\"@type\":\"PropertyValueSpecification\",\"valueRequired\":true,\"valueName\":\"search_term_string\"}}],\"inLanguage\":\"en-US\"}]}<\/script>\n<!-- \/ Yoast SEO plugin. -->","yoast_head_json":{"title":"FD 576-M2-EX8 - V\u0169 L\u00ea Tech","robots":{"index":"index","follow":"follow","max-snippet":"max-snippet:-1","max-image-preview":"max-image-preview:large","max-video-preview":"max-video-preview:-1"},"canonical":"http:\/\/vuletech.com\/product\/fd-576-m2-ex8\/","og_locale":"en_US","og_type":"article","og_title":"FD 576-M2-EX8 - V\u0169 L\u00ea Tech","og_description":"[vc_row][vc_column width=&#8221;1\/2&#8243;][vc_single_image image=&#8221;1447&#8243; img_size=&#8221;full&#8221; alignment=&#8221;center&#8221;][\/vc_column][vc_column width=&#8221;1\/2&#8243;][vc_custom_heading text=&#8221;FD 576-M2-EX8&#8243; use_theme_fonts=&#8221;yes&#8221;][vc_column_text]C\u00f4ng t\u1eafc v\u1ecb tr\u00ed cho truy\u1ec1n \u0111\u1ed9ng d\u00e2y ATEX cat. 2D T\u00ednh n\u0103ng chung Ch\u1ec9 s\u1ed1 b\u1ea3o v\u1ec7 IP: IP66 theo ti\u00eau chu\u1ea9n EN 60529. V\u1ecf: V\u1ecf metan, m\u1ed9t \u1ed1ng d\u1eabn \u0111i\u1ec7n M20. Kh\u1ed1i ti\u1ebfp \u0111i\u1ec3m: 1NO+1NC h\u00e0nh \u0111\u1ed9ng nhanh \u0110\u1ea7u: V\u1edbi truy\u1ec1n \u0111\u1ed9ng d\u00e2y Ghi ch\u00fa:\u00a0","og_url":"http:\/\/vuletech.com\/product\/fd-576-m2-ex8\/","og_site_name":"V\u0169 L\u00ea Tech","article_modified_time":"2025-04-25T04:55:14+00:00","og_image":[{"width":360,"height":360,"url":"http:\/\/vuletech.com\/wp-content\/uploads\/2020\/09\/FD-576-M2-EX8.jpg","type":"image\/jpeg"}],"twitter_card":"summary_large_image","twitter_misc":{"Est. reading time":"1 minute"},"schema":{"@context":"https:\/\/schema.org","@graph":[{"@type":"WebPage","@id":"http:\/\/vuletech.com\/product\/fd-576-m2-ex8\/","url":"http:\/\/vuletech.com\/product\/fd-576-m2-ex8\/","name":"FD 576-M2-EX8 - V\u0169 L\u00ea Tech","isPartOf":{"@id":"https:\/\/vuletech.com\/en\/#website"},"primaryImageOfPage":{"@id":"http:\/\/vuletech.com\/product\/fd-576-m2-ex8\/#primaryimage"},"image":{"@id":"http:\/\/vuletech.com\/product\/fd-576-m2-ex8\/#primaryimage"},"thumbnailUrl":"https:\/\/vuletech.com\/wp-content\/uploads\/2020\/09\/FD-576-M2-EX8.jpg","datePublished":"2025-04-25T04:55:11+00:00","dateModified":"2025-04-25T04:55:14+00:00","breadcrumb":{"@id":"http:\/\/vuletech.com\/product\/fd-576-m2-ex8\/#breadcrumb"},"inLanguage":"en-US","potentialAction":[{"@type":"ReadAction","target":["http:\/\/vuletech.com\/product\/fd-576-m2-ex8\/"]}]},{"@type":"ImageObject","inLanguage":"en-US","@id":"http:\/\/vuletech.com\/product\/fd-576-m2-ex8\/#primaryimage","url":"https:\/\/vuletech.com\/wp-content\/uploads\/2020\/09\/FD-576-M2-EX8.jpg","contentUrl":"https:\/\/vuletech.com\/wp-content\/uploads\/2020\/09\/FD-576-M2-EX8.jpg","width":360,"height":360,"caption":"FD 576-M2-EX8"},{"@type":"BreadcrumbList","@id":"http:\/\/vuletech.com\/product\/fd-576-m2-ex8\/#breadcrumb","itemListElement":[{"@type":"ListItem","position":1,"name":"Home","item":"https:\/\/vuletech.com\/en\/"},{"@type":"ListItem","position":2,"name":"Product","item":"http:\/\/vuletech.com\/product\/"},{"@type":"ListItem","position":3,"name":"FD 576-M2-EX8"}]},{"@type":"WebSite","@id":"https:\/\/vuletech.com\/en\/#website","url":"https:\/\/vuletech.com\/en\/","name":"V\u0169 L\u00ea Tech","description":"Our Solution - Your Value","potentialAction":[{"@type":"SearchAction","target":{"@type":"EntryPoint","urlTemplate":"https:\/\/vuletech.com\/en\/?s={search_term_string}"},"query-input":{"@type":"PropertyValueSpecification","valueRequired":true,"valueName":"search_term_string"}}],"inLanguage":"en-US"}]}},"_links":{"self":[{"href":"https:\/\/vuletech.com\/en\/wp-json\/wp\/v2\/product\/9275","targetHints":{"allow":["GET"]}}],"collection":[{"href":"https:\/\/vuletech.com\/en\/wp-json\/wp\/v2\/product"}],"about":[{"href":"https:\/\/vuletech.com\/en\/wp-json\/wp\/v2\/types\/product"}],"replies":[{"embeddable":true,"href":"https:\/\/vuletech.com\/en\/wp-json\/wp\/v2\/comments?post=9275"}],"wp:featuredmedia":[{"embeddable":true,"href":"https:\/\/vuletech.com\/en\/wp-json\/wp\/v2\/media\/1447"}],"wp:attachment":[{"href":"https:\/\/vuletech.com\/en\/wp-json\/wp\/v2\/media?parent=9275"}],"wp:term":[{"taxonomy":"product_brand","embeddable":true,"href":"https:\/\/vuletech.com\/en\/wp-json\/wp\/v2\/product_brand?post=9275"},{"taxonomy":"product_cat","embeddable":true,"href":"https:\/\/vuletech.com\/en\/wp-json\/wp\/v2\/product_cat?post=9275"},{"taxonomy":"product_tag","embeddable":true,"href":"https:\/\/vuletech.com\/en\/wp-json\/wp\/v2\/product_tag?post=9275"}],"curies":[{"name":"wp","href":"https:\/\/api.w.org\/{rel}","templated":true}]}}