{"id":9320,"date":"2025-04-25T12:09:24","date_gmt":"2025-04-25T05:09:24","guid":{"rendered":"https:\/\/vuletech.com\/product\/fx-515-xm2\/"},"modified":"2025-04-25T12:09:26","modified_gmt":"2025-04-25T05:09:26","slug":"fx-515-xm2","status":"publish","type":"product","link":"https:\/\/vuletech.com\/en\/product\/fx-515-xm2\/","title":{"rendered":"FX 515-XM2"},"content":{"rendered":"<div class=\"wpb-content-wrapper\"><p>[vc_row][vc_column width=&#8221;1\/2&#8243;][vc_single_image image=&#8221;1659&#8243; img_size=&#8221;full&#8221; alignment=&#8221;center&#8221;][\/vc_column][vc_column width=&#8221;1\/2&#8243;][vc_custom_heading text=&#8221;FX 515-XM2&#8243; use_theme_fonts=&#8221;yes&#8221;][vc_column_text]<strong>C\u00f4ng t\u1eafc v\u1ecb tr\u00ed v\u1edbi con l\u0103n piston<\/strong><\/p>\n<p><strong>T\u00ednh n\u0103ng chung<\/strong><\/p>\n<p>V\u1ecf: V\u1ecf polyme, hai c\u1ed5ng d\u1eabn \u0111i\u1ec7n M20x1,5 v\u00e0 b\u1ed9 ph\u1eadn ngo\u00e0i b\u1eb1ng th\u00e9p kh\u00f4ng r\u1ec9 (FX s\u00ea-ri)<\/p>\n<p>Kh\u1ed1i ti\u1ebfp \u0111i\u1ec3m: \u00a01NO+1NC h\u00e0nh \u0111\u1ed9ng nhanh(B5)<\/p>\n<p>\u0110\u1ea7u: V\u1edbi con l\u0103n piston v\u1edbi b\u1ed9 ph\u1eadn ngo\u00e0i b\u1eb1ng th\u00e9p kh\u00f4ng r\u1ec9.<\/p>\n<p>Ch\u1ec9 s\u1ed1 b\u1ea3o v\u1ec7 IP: IP67 theo ti\u00eau chu\u1ea9n EN 60529<\/p>\n<p>Ho\u1ea1t \u0111\u1ed9ng m\u1edf: C\u00f3[\/vc_column_text][\/vc_column][\/vc_row][vc_row][vc_column][vc_tta_tabs][vc_tta_section title=&#8221;T\u00e0i li\u1ec7u&#8221; tab_id=&#8221;1601970419843-dec4a987-8b10&#8243;][vc_column_text]<\/p>\n<table width=\"387\">\n<tbody>\n<tr>\n<td width=\"119\">Type<\/td>\n<td width=\"268\">File<\/td>\n<\/tr>\n<tr>\n<td width=\"119\">General Catalog<\/td>\n<td width=\"268\"><a href=\"https:\/\/vuletech.com\/wp-content\/uploads\/2020\/10\/ZE_GCP03A18-ENG_201-206.pdf\">ZE_GCP03A18-ENG_201-206<\/a><\/td>\n<\/tr>\n<\/tbody>\n<\/table>\n<p>[\/vc_column_text][\/vc_tta_section][vc_tta_section title=&#8221;Ch\u1ee9ng nh\u1eadn ch\u1ea5t l\u01b0\u1ee3ng&#8221; tab_id=&#8221;1601970419865-ad0c12c3-f71b&#8221;][vc_column_text]<\/p>\n<table width=\"736\">\n<tbody>\n<tr>\n<td width=\"162\"><img loading=\"lazy\" decoding=\"async\" class=\"alignnone size-full wp-image-920\" src=\"http:\/\/vuletech.southteam.vn\/wp-content\/uploads\/2020\/09\/cccweb.png\" alt=\"\" width=\"44\" height=\"34\" \/><img loading=\"lazy\" decoding=\"async\" class=\"alignnone wp-image-1305\" src=\"https:\/\/vuletech.com\/wp-content\/uploads\/2020\/09\/3253354_7.jpg\" alt=\"\" width=\"59\" height=\"40\" srcset=\"https:\/\/vuletech.com\/wp-content\/uploads\/2020\/09\/3253354_7.jpg 329w, https:\/\/vuletech.com\/wp-content\/uploads\/2020\/09\/3253354_7-300x205.jpg 300w\" sizes=\"auto, (max-width: 59px) 100vw, 59px\" \/><\/td>\n<td width=\"574\"><a href=\"http:\/\/vuletech.southteam.vn\/wp-content\/uploads\/2020\/09\/cert_ccc_2007010305230000.pdf\">cert_ccc_2007010305230000<\/a><\/td>\n<\/tr>\n<tr>\n<td><img loading=\"lazy\" decoding=\"async\" class=\"alignnone size-full wp-image-924\" src=\"http:\/\/vuletech.southteam.vn\/wp-content\/uploads\/2020\/09\/ULweb.png\" alt=\"\" width=\"70\" height=\"43\" \/><img loading=\"lazy\" decoding=\"async\" class=\"alignnone size-full wp-image-1342\" src=\"https:\/\/vuletech.com\/wp-content\/uploads\/2020\/09\/UL.png\" alt=\"\" width=\"70\" height=\"43\" \/><\/td>\n<td><a href=\"http:\/\/vuletech.southteam.vn\/wp-content\/uploads\/2020\/09\/cert_UL_NKCR_E131787_us_ca.pdf\">cert_UL_NKCR_E131787_us_ca<\/a><\/td>\n<\/tr>\n<tr>\n<td><img loading=\"lazy\" decoding=\"async\" class=\"alignnone size-full wp-image-921\" src=\"http:\/\/vuletech.southteam.vn\/wp-content\/uploads\/2020\/09\/CE-1web.png\" alt=\"\" width=\"43\" height=\"30\" \/><img loading=\"lazy\" decoding=\"async\" class=\"alignnone size-full wp-image-1341\" src=\"https:\/\/vuletech.com\/wp-content\/uploads\/2020\/09\/CE-1.png\" alt=\"\" width=\"43\" height=\"30\" \/><\/td>\n<td><a href=\"http:\/\/vuletech.southteam.vn\/wp-content\/uploads\/2020\/09\/cert_CE_ZE_PCE04-EU.pdf\">cert_CE_ZE_PCE04-EU<\/a><\/td>\n<\/tr>\n<tr>\n<td><img loading=\"lazy\" decoding=\"async\" class=\"alignnone size-full wp-image-922\" src=\"http:\/\/vuletech.southteam.vn\/wp-content\/uploads\/2020\/09\/EACweb.png\" alt=\"\" width=\"43\" height=\"36\" \/><img loading=\"lazy\" decoding=\"async\" class=\"alignnone wp-image-1340\" src=\"https:\/\/vuletech.com\/wp-content\/uploads\/2020\/09\/EAC.png\" alt=\"EAC\" width=\"50\" height=\"42\" \/><\/td>\n<td><a href=\"http:\/\/vuletech.southteam.vn\/wp-content\/uploads\/2020\/09\/cert_EAC_B.00035_2019_ru.pdf\">cert_EAC_B.00035_2019_ru<\/a><\/td>\n<\/tr>\n<tr>\n<td><img loading=\"lazy\" decoding=\"async\" class=\"alignnone size-full wp-image-923\" src=\"http:\/\/vuletech.southteam.vn\/wp-content\/uploads\/2020\/09\/IMQweb.png\" alt=\"\" width=\"43\" height=\"43\" \/><img loading=\"lazy\" decoding=\"async\" class=\"alignnone wp-image-1303\" src=\"https:\/\/vuletech.com\/wp-content\/uploads\/2020\/09\/unnamed-1.jpg\" alt=\"\" width=\"76\" height=\"42\" srcset=\"https:\/\/vuletech.com\/wp-content\/uploads\/2020\/09\/unnamed-1.jpg 512w, https:\/\/vuletech.com\/wp-content\/uploads\/2020\/09\/unnamed-1-300x166.jpg 300w\" sizes=\"auto, (max-width: 76px) 100vw, 76px\" \/><\/td>\n<td><a href=\"http:\/\/vuletech.southteam.vn\/wp-content\/uploads\/2020\/09\/cert_IMQ_eg605_ie.pdf\">cert_IMQ_eg605_ie<\/a><\/td>\n<\/tr>\n<\/tbody>\n<\/table>\n<p>[\/vc_column_text][\/vc_tta_section][\/vc_tta_tabs][\/vc_column][\/vc_row]<\/p>\n<\/div>","protected":false},"excerpt":{"rendered":"<p>[vc_row][vc_column width=&#8221;1\/2&#8243;][vc_single_image image=&#8221;1659&#8243; img_size=&#8221;full&#8221; alignment=&#8221;center&#8221;][\/vc_column][vc_column width=&#8221;1\/2&#8243;][vc_custom_heading text=&#8221;FX 515-XM2&#8243; use_theme_fonts=&#8221;yes&#8221;][vc_column_text]C\u00f4ng t\u1eafc v\u1ecb tr\u00ed v\u1edbi con l\u0103n piston T\u00ednh n\u0103ng chung V\u1ecf: V\u1ecf polyme, hai c\u1ed5ng d\u1eabn \u0111i\u1ec7n M20x1,5 v\u00e0 b\u1ed9 ph\u1eadn ngo\u00e0i b\u1eb1ng th\u00e9p kh\u00f4ng r\u1ec9 (FX s\u00ea-ri) Kh\u1ed1i ti\u1ebfp \u0111i\u1ec3m: \u00a01NO+1NC h\u00e0nh \u0111\u1ed9ng nhanh(B5) \u0110\u1ea7u: V\u1edbi con l\u0103n piston v\u1edbi b\u1ed9 ph\u1eadn ngo\u00e0i b\u1eb1ng th\u00e9p<\/p>\n","protected":false},"featured_media":1659,"comment_status":"closed","ping_status":"open","template":"","meta":[],"product_brand":[],"product_cat":[742],"product_tag":[],"class_list":{"0":"post-9320","1":"product","2":"type-product","3":"status-publish","4":"has-post-thumbnail","6":"product_cat-thiet-bi-dienpizzato-elettricacong-tac-vi-tricong-tac-cho-ung-dung-dac-bietseries-fx-bo-phan-ben-ngoai-bang-thep-khong-ri","8":"first","9":"instock","10":"product-type-simple"},"acf":[],"yoast_head":"<!-- This site is optimized with the Yoast SEO plugin v25.1 - https:\/\/yoast.com\/wordpress\/plugins\/seo\/ -->\n<title>FX 515-XM2 - V\u0169 L\u00ea Tech<\/title>\n<meta name=\"robots\" content=\"index, follow, max-snippet:-1, max-image-preview:large, max-video-preview:-1\" \/>\n<link rel=\"canonical\" href=\"https:\/\/vuletech.com\/en\/product\/fx-515-xm2\/\" \/>\n<meta property=\"og:locale\" content=\"en_US\" \/>\n<meta property=\"og:type\" content=\"article\" \/>\n<meta property=\"og:title\" content=\"FX 515-XM2 - V\u0169 L\u00ea Tech\" \/>\n<meta property=\"og:description\" content=\"[vc_row][vc_column width=&#8221;1\/2&#8243;][vc_single_image image=&#8221;1659&#8243; img_size=&#8221;full&#8221; alignment=&#8221;center&#8221;][\/vc_column][vc_column width=&#8221;1\/2&#8243;][vc_custom_heading text=&#8221;FX 515-XM2&#8243; use_theme_fonts=&#8221;yes&#8221;][vc_column_text]C\u00f4ng t\u1eafc v\u1ecb tr\u00ed v\u1edbi con l\u0103n piston T\u00ednh n\u0103ng chung V\u1ecf: V\u1ecf polyme, hai c\u1ed5ng d\u1eabn \u0111i\u1ec7n M20x1,5 v\u00e0 b\u1ed9 ph\u1eadn ngo\u00e0i b\u1eb1ng th\u00e9p kh\u00f4ng r\u1ec9 (FX s\u00ea-ri) Kh\u1ed1i ti\u1ebfp \u0111i\u1ec3m: \u00a01NO+1NC h\u00e0nh \u0111\u1ed9ng nhanh(B5) \u0110\u1ea7u: V\u1edbi con l\u0103n piston v\u1edbi b\u1ed9 ph\u1eadn ngo\u00e0i b\u1eb1ng th\u00e9p\" \/>\n<meta property=\"og:url\" content=\"https:\/\/vuletech.com\/en\/product\/fx-515-xm2\/\" \/>\n<meta property=\"og:site_name\" content=\"V\u0169 L\u00ea Tech\" \/>\n<meta property=\"article:modified_time\" content=\"2025-04-25T05:09:26+00:00\" \/>\n<meta property=\"og:image\" content=\"https:\/\/vuletech.com\/wp-content\/uploads\/2020\/10\/FX-515-XM2.jpg\" \/>\n\t<meta property=\"og:image:width\" content=\"360\" \/>\n\t<meta property=\"og:image:height\" content=\"360\" \/>\n\t<meta property=\"og:image:type\" content=\"image\/jpeg\" \/>\n<meta name=\"twitter:card\" content=\"summary_large_image\" \/>\n<meta name=\"twitter:label1\" content=\"Est. reading time\" \/>\n\t<meta name=\"twitter:data1\" content=\"1 minute\" \/>\n<script type=\"application\/ld+json\" class=\"yoast-schema-graph\">{\"@context\":\"https:\/\/schema.org\",\"@graph\":[{\"@type\":\"WebPage\",\"@id\":\"https:\/\/vuletech.com\/en\/product\/fx-515-xm2\/\",\"url\":\"https:\/\/vuletech.com\/en\/product\/fx-515-xm2\/\",\"name\":\"FX 515-XM2 - V\u0169 L\u00ea Tech\",\"isPartOf\":{\"@id\":\"https:\/\/vuletech.com\/en\/#website\"},\"primaryImageOfPage\":{\"@id\":\"https:\/\/vuletech.com\/en\/product\/fx-515-xm2\/#primaryimage\"},\"image\":{\"@id\":\"https:\/\/vuletech.com\/en\/product\/fx-515-xm2\/#primaryimage\"},\"thumbnailUrl\":\"https:\/\/vuletech.com\/wp-content\/uploads\/2020\/10\/FX-515-XM2.jpg\",\"datePublished\":\"2025-04-25T05:09:24+00:00\",\"dateModified\":\"2025-04-25T05:09:26+00:00\",\"breadcrumb\":{\"@id\":\"https:\/\/vuletech.com\/en\/product\/fx-515-xm2\/#breadcrumb\"},\"inLanguage\":\"en-US\",\"potentialAction\":[{\"@type\":\"ReadAction\",\"target\":[\"https:\/\/vuletech.com\/en\/product\/fx-515-xm2\/\"]}]},{\"@type\":\"ImageObject\",\"inLanguage\":\"en-US\",\"@id\":\"https:\/\/vuletech.com\/en\/product\/fx-515-xm2\/#primaryimage\",\"url\":\"https:\/\/vuletech.com\/wp-content\/uploads\/2020\/10\/FX-515-XM2.jpg\",\"contentUrl\":\"https:\/\/vuletech.com\/wp-content\/uploads\/2020\/10\/FX-515-XM2.jpg\",\"width\":360,\"height\":360},{\"@type\":\"BreadcrumbList\",\"@id\":\"https:\/\/vuletech.com\/en\/product\/fx-515-xm2\/#breadcrumb\",\"itemListElement\":[{\"@type\":\"ListItem\",\"position\":1,\"name\":\"Home\",\"item\":\"https:\/\/vuletech.com\/en\/\"},{\"@type\":\"ListItem\",\"position\":2,\"name\":\"Product\",\"item\":\"http:\/\/vuletech.com\/product\/\"},{\"@type\":\"ListItem\",\"position\":3,\"name\":\"FX 515-XM2\"}]},{\"@type\":\"WebSite\",\"@id\":\"https:\/\/vuletech.com\/en\/#website\",\"url\":\"https:\/\/vuletech.com\/en\/\",\"name\":\"V\u0169 L\u00ea Tech\",\"description\":\"Our Solution - Your Value\",\"potentialAction\":[{\"@type\":\"SearchAction\",\"target\":{\"@type\":\"EntryPoint\",\"urlTemplate\":\"https:\/\/vuletech.com\/en\/?s={search_term_string}\"},\"query-input\":{\"@type\":\"PropertyValueSpecification\",\"valueRequired\":true,\"valueName\":\"search_term_string\"}}],\"inLanguage\":\"en-US\"}]}<\/script>\n<!-- \/ Yoast SEO plugin. -->","yoast_head_json":{"title":"FX 515-XM2 - V\u0169 L\u00ea Tech","robots":{"index":"index","follow":"follow","max-snippet":"max-snippet:-1","max-image-preview":"max-image-preview:large","max-video-preview":"max-video-preview:-1"},"canonical":"https:\/\/vuletech.com\/en\/product\/fx-515-xm2\/","og_locale":"en_US","og_type":"article","og_title":"FX 515-XM2 - V\u0169 L\u00ea Tech","og_description":"[vc_row][vc_column width=&#8221;1\/2&#8243;][vc_single_image image=&#8221;1659&#8243; img_size=&#8221;full&#8221; alignment=&#8221;center&#8221;][\/vc_column][vc_column width=&#8221;1\/2&#8243;][vc_custom_heading text=&#8221;FX 515-XM2&#8243; use_theme_fonts=&#8221;yes&#8221;][vc_column_text]C\u00f4ng t\u1eafc v\u1ecb tr\u00ed v\u1edbi con l\u0103n piston T\u00ednh n\u0103ng chung V\u1ecf: V\u1ecf polyme, hai c\u1ed5ng d\u1eabn \u0111i\u1ec7n M20x1,5 v\u00e0 b\u1ed9 ph\u1eadn ngo\u00e0i b\u1eb1ng th\u00e9p kh\u00f4ng r\u1ec9 (FX s\u00ea-ri) Kh\u1ed1i ti\u1ebfp \u0111i\u1ec3m: \u00a01NO+1NC h\u00e0nh \u0111\u1ed9ng nhanh(B5) \u0110\u1ea7u: V\u1edbi con l\u0103n piston v\u1edbi b\u1ed9 ph\u1eadn ngo\u00e0i b\u1eb1ng th\u00e9p","og_url":"https:\/\/vuletech.com\/en\/product\/fx-515-xm2\/","og_site_name":"V\u0169 L\u00ea Tech","article_modified_time":"2025-04-25T05:09:26+00:00","og_image":[{"width":360,"height":360,"url":"https:\/\/vuletech.com\/wp-content\/uploads\/2020\/10\/FX-515-XM2.jpg","type":"image\/jpeg"}],"twitter_card":"summary_large_image","twitter_misc":{"Est. reading time":"1 minute"},"schema":{"@context":"https:\/\/schema.org","@graph":[{"@type":"WebPage","@id":"https:\/\/vuletech.com\/en\/product\/fx-515-xm2\/","url":"https:\/\/vuletech.com\/en\/product\/fx-515-xm2\/","name":"FX 515-XM2 - V\u0169 L\u00ea Tech","isPartOf":{"@id":"https:\/\/vuletech.com\/en\/#website"},"primaryImageOfPage":{"@id":"https:\/\/vuletech.com\/en\/product\/fx-515-xm2\/#primaryimage"},"image":{"@id":"https:\/\/vuletech.com\/en\/product\/fx-515-xm2\/#primaryimage"},"thumbnailUrl":"https:\/\/vuletech.com\/wp-content\/uploads\/2020\/10\/FX-515-XM2.jpg","datePublished":"2025-04-25T05:09:24+00:00","dateModified":"2025-04-25T05:09:26+00:00","breadcrumb":{"@id":"https:\/\/vuletech.com\/en\/product\/fx-515-xm2\/#breadcrumb"},"inLanguage":"en-US","potentialAction":[{"@type":"ReadAction","target":["https:\/\/vuletech.com\/en\/product\/fx-515-xm2\/"]}]},{"@type":"ImageObject","inLanguage":"en-US","@id":"https:\/\/vuletech.com\/en\/product\/fx-515-xm2\/#primaryimage","url":"https:\/\/vuletech.com\/wp-content\/uploads\/2020\/10\/FX-515-XM2.jpg","contentUrl":"https:\/\/vuletech.com\/wp-content\/uploads\/2020\/10\/FX-515-XM2.jpg","width":360,"height":360},{"@type":"BreadcrumbList","@id":"https:\/\/vuletech.com\/en\/product\/fx-515-xm2\/#breadcrumb","itemListElement":[{"@type":"ListItem","position":1,"name":"Home","item":"https:\/\/vuletech.com\/en\/"},{"@type":"ListItem","position":2,"name":"Product","item":"http:\/\/vuletech.com\/product\/"},{"@type":"ListItem","position":3,"name":"FX 515-XM2"}]},{"@type":"WebSite","@id":"https:\/\/vuletech.com\/en\/#website","url":"https:\/\/vuletech.com\/en\/","name":"V\u0169 L\u00ea Tech","description":"Our Solution - Your Value","potentialAction":[{"@type":"SearchAction","target":{"@type":"EntryPoint","urlTemplate":"https:\/\/vuletech.com\/en\/?s={search_term_string}"},"query-input":{"@type":"PropertyValueSpecification","valueRequired":true,"valueName":"search_term_string"}}],"inLanguage":"en-US"}]}},"_links":{"self":[{"href":"https:\/\/vuletech.com\/en\/wp-json\/wp\/v2\/product\/9320","targetHints":{"allow":["GET"]}}],"collection":[{"href":"https:\/\/vuletech.com\/en\/wp-json\/wp\/v2\/product"}],"about":[{"href":"https:\/\/vuletech.com\/en\/wp-json\/wp\/v2\/types\/product"}],"replies":[{"embeddable":true,"href":"https:\/\/vuletech.com\/en\/wp-json\/wp\/v2\/comments?post=9320"}],"wp:featuredmedia":[{"embeddable":true,"href":"https:\/\/vuletech.com\/en\/wp-json\/wp\/v2\/media\/1659"}],"wp:attachment":[{"href":"https:\/\/vuletech.com\/en\/wp-json\/wp\/v2\/media?parent=9320"}],"wp:term":[{"taxonomy":"product_brand","embeddable":true,"href":"https:\/\/vuletech.com\/en\/wp-json\/wp\/v2\/product_brand?post=9320"},{"taxonomy":"product_cat","embeddable":true,"href":"https:\/\/vuletech.com\/en\/wp-json\/wp\/v2\/product_cat?post=9320"},{"taxonomy":"product_tag","embeddable":true,"href":"https:\/\/vuletech.com\/en\/wp-json\/wp\/v2\/product_tag?post=9320"}],"curies":[{"name":"wp","href":"https:\/\/api.w.org\/{rel}","templated":true}]}}