{"id":9347,"date":"2025-05-07T09:37:12","date_gmt":"2025-05-07T02:37:12","guid":{"rendered":"https:\/\/vuletech.com\/product\/mk-v11d12-t7\/"},"modified":"2025-05-07T09:37:14","modified_gmt":"2025-05-07T02:37:14","slug":"mk-v11d12-t7","status":"publish","type":"product","link":"https:\/\/vuletech.com\/en\/product\/mk-v11d12-t7\/","title":{"rendered":"MK V11D12-T7"},"content":{"rendered":"<div class=\"wpb-content-wrapper\"><p>[vc_row][vc_column width=&#8221;1\/2&#8243;][vc_single_image image=&#8221;1597&#8243; img_size=&#8221;full&#8221; alignment=&#8221;center&#8221;][\/vc_column][vc_column width=&#8221;1\/2&#8243;][vc_custom_heading text=&#8221;MK V11D12-T7&#8243; use_theme_fonts=&#8221;yes&#8221;][vc_column_text]<strong>C\u00f4ng t\u1eafc \u0111i\u1ec7n micro v\u1edbi piston k\u00edn<\/strong><\/p>\n<p><strong>C\u00e1c t\u00ednh n\u0103ng chung<\/strong><\/p>\n<p>Nhi\u1ec7t \u0111\u1ed9 m\u00f4i tr\u01b0\u1eddng:<\/p>\n<p>T\u1eeb -25 \u00b0 C \u0111\u1ebfn + 120 \u00b0 C<\/p>\n<p>V\u1ecf: V\u1ecf polyme<\/p>\n<p>Ki\u1ec3u thi\u1ebft b\u1ecb \u0111\u1ea7u cu\u1ed1i:<\/p>\n<p>\u1ed1c v\u00edt c\u00f3 t\u1ea5m t\u1ef1 n\u00e2ng<\/p>\n<p>Kh\u1ed1i ti\u1ebfp \u0111i\u1ec3m: 1NO + 1NC chuy\u1ec3n \u0111\u1ed5i<\/p>\n<p>Ch\u1ec9 s\u1ed1 b\u1ea3o v\u1ec7 t\u1ed1i \u0111a:<\/p>\n<p>IP00 kh\u00f4ng c\u00f3 v\u1ecf \u0111\u1ea7u cu\u1ed1i<\/p>\n<p>IP20 v\u1edbi v\u1ecf \u0111\u1ea7u cu\u1ed1i VF C01, VF C03<\/p>\n<p>IP40 v\u1edbi v\u1ecf \u0111\u1ea7u cu\u1ed1i VF MKC \u2022 1 \u2022, VF C02<\/p>\n<p>Ki\u1ec3u d\u1eabn \u0111\u1ed9ng: H\u00e0nh \u0111\u1ed9ng tr\u1ef1c ti\u1ebfp<\/p>\n<p>Actuator: V\u1edbi piston k\u00edn<\/p>\n<p>Ho\u1ea1t \u0111\u1ed9ng m\u1edf:\u00a0 C\u00f3[\/vc_column_text][\/vc_column][\/vc_row][vc_row][vc_column][vc_tta_tabs][vc_tta_section title=&#8221;T\u00e0i li\u1ec7u&#8221; tab_id=&#8221;1601950370302-8c1205d1-1807&#8243;][vc_column_text]<\/p>\n<table width=\"387\">\n<tbody>\n<tr>\n<td width=\"119\">Type<\/td>\n<td width=\"268\">File<\/td>\n<\/tr>\n<tr>\n<td width=\"119\">General Catalog<\/td>\n<td width=\"268\"><a href=\"https:\/\/vuletech.com\/wp-content\/uploads\/2020\/10\/ZE_GCP03A18-ENG_187-190.pdf\">ZE_GCP03A18-ENG_187-190<\/a><\/td>\n<\/tr>\n<\/tbody>\n<\/table>\n<p>[\/vc_column_text][\/vc_tta_section][vc_tta_section title=&#8221;Ch\u1ee9ng nh\u1eadn ch\u1ea5t l\u01b0\u1ee3ng&#8221; tab_id=&#8221;1601950370328-fd689703-67fa&#8221;][vc_column_text]<\/p>\n<table width=\"387\">\n<tbody>\n<tr>\n<td width=\"119\"><img loading=\"lazy\" decoding=\"async\" class=\"alignnone size-full wp-image-1340\" src=\"https:\/\/vuletech.com\/wp-content\/uploads\/2020\/09\/EAC.png\" alt=\"EAC\" width=\"43\" height=\"36\" \/><\/td>\n<td width=\"268\"><a href=\"https:\/\/vuletech.com\/wp-content\/uploads\/2020\/09\/cert_EAC_B.00035_2019_ru-1.pdf\">cert_EAC_B.00035_2019_ru<\/a><\/td>\n<\/tr>\n<tr>\n<td><img loading=\"lazy\" decoding=\"async\" class=\"alignnone size-full wp-image-1341\" src=\"https:\/\/vuletech.com\/wp-content\/uploads\/2020\/09\/CE-1.png\" alt=\"\" width=\"43\" height=\"30\" \/><\/td>\n<td><a href=\"https:\/\/vuletech.com\/wp-content\/uploads\/2020\/09\/cert_CE_ZE_PCE11-EU.pdf\">cert_CE_ZE_PCE11-EU<\/a><\/td>\n<\/tr>\n<tr>\n<td><img loading=\"lazy\" decoding=\"async\" class=\"alignnone size-full wp-image-1302\" src=\"https:\/\/vuletech.com\/wp-content\/uploads\/2020\/09\/IMQweb-1.png\" alt=\"\" width=\"43\" height=\"43\" \/><\/td>\n<td><a href=\"https:\/\/vuletech.com\/wp-content\/uploads\/2020\/10\/cert_IMQ_CA02.05772_ie.pdf\">cert_IMQ_CA02.05772_ie<\/a><\/td>\n<\/tr>\n<\/tbody>\n<\/table>\n<p>[\/vc_column_text][\/vc_tta_section][\/vc_tta_tabs][\/vc_column][\/vc_row]<\/p>\n<\/div>","protected":false},"excerpt":{"rendered":"<p>[vc_row][vc_column width=&#8221;1\/2&#8243;][vc_single_image image=&#8221;1597&#8243; img_size=&#8221;full&#8221; alignment=&#8221;center&#8221;][\/vc_column][vc_column width=&#8221;1\/2&#8243;][vc_custom_heading text=&#8221;MK V11D12-T7&#8243; use_theme_fonts=&#8221;yes&#8221;][vc_column_text]C\u00f4ng t\u1eafc \u0111i\u1ec7n micro v\u1edbi piston k\u00edn C\u00e1c t\u00ednh n\u0103ng chung Nhi\u1ec7t \u0111\u1ed9 m\u00f4i tr\u01b0\u1eddng: T\u1eeb -25 \u00b0 C \u0111\u1ebfn + 120 \u00b0 C V\u1ecf: V\u1ecf polyme Ki\u1ec3u thi\u1ebft b\u1ecb \u0111\u1ea7u cu\u1ed1i: \u1ed1c v\u00edt c\u00f3 t\u1ea5m t\u1ef1 n\u00e2ng Kh\u1ed1i ti\u1ebfp \u0111i\u1ec3m: 1NO + 1NC chuy\u1ec3n \u0111\u1ed5i Ch\u1ec9<\/p>\n","protected":false},"featured_media":1597,"comment_status":"closed","ping_status":"open","template":"","meta":[],"product_brand":[],"product_cat":[744],"product_tag":[],"class_list":{"0":"post-9347","1":"product","2":"type-product","3":"status-publish","4":"has-post-thumbnail","6":"product_cat-thiet-bi-dienpizzato-elettricacong-tac-vi-tricong-tac-cho-ung-dung-dac-bietseries-mk-nhiet-do-cao","8":"first","9":"instock","10":"product-type-simple"},"acf":[],"yoast_head":"<!-- This site is optimized with the Yoast SEO plugin v25.1 - https:\/\/yoast.com\/wordpress\/plugins\/seo\/ -->\n<title>MK V11D12-T7 - V\u0169 L\u00ea Tech<\/title>\n<meta name=\"robots\" content=\"index, follow, max-snippet:-1, max-image-preview:large, max-video-preview:-1\" \/>\n<link rel=\"canonical\" href=\"https:\/\/vuletech.com\/en\/product\/mk-v11d12-t7\/\" \/>\n<meta property=\"og:locale\" content=\"en_US\" \/>\n<meta property=\"og:type\" content=\"article\" \/>\n<meta property=\"og:title\" content=\"MK V11D12-T7 - V\u0169 L\u00ea Tech\" \/>\n<meta property=\"og:description\" content=\"[vc_row][vc_column width=&#8221;1\/2&#8243;][vc_single_image image=&#8221;1597&#8243; img_size=&#8221;full&#8221; alignment=&#8221;center&#8221;][\/vc_column][vc_column width=&#8221;1\/2&#8243;][vc_custom_heading text=&#8221;MK V11D12-T7&#8243; use_theme_fonts=&#8221;yes&#8221;][vc_column_text]C\u00f4ng t\u1eafc \u0111i\u1ec7n micro v\u1edbi piston k\u00edn C\u00e1c t\u00ednh n\u0103ng chung Nhi\u1ec7t \u0111\u1ed9 m\u00f4i tr\u01b0\u1eddng: T\u1eeb -25 \u00b0 C \u0111\u1ebfn + 120 \u00b0 C V\u1ecf: V\u1ecf polyme Ki\u1ec3u thi\u1ebft b\u1ecb \u0111\u1ea7u cu\u1ed1i: \u1ed1c v\u00edt c\u00f3 t\u1ea5m t\u1ef1 n\u00e2ng Kh\u1ed1i ti\u1ebfp \u0111i\u1ec3m: 1NO + 1NC chuy\u1ec3n \u0111\u1ed5i Ch\u1ec9\" \/>\n<meta property=\"og:url\" content=\"https:\/\/vuletech.com\/en\/product\/mk-v11d12-t7\/\" \/>\n<meta property=\"og:site_name\" content=\"V\u0169 L\u00ea Tech\" \/>\n<meta property=\"article:modified_time\" content=\"2025-05-07T02:37:14+00:00\" \/>\n<meta property=\"og:image\" content=\"https:\/\/vuletech.com\/wp-content\/uploads\/2020\/10\/MK-V11D12-T7.jpg\" \/>\n\t<meta property=\"og:image:width\" content=\"360\" \/>\n\t<meta property=\"og:image:height\" content=\"360\" \/>\n\t<meta property=\"og:image:type\" content=\"image\/jpeg\" \/>\n<meta name=\"twitter:card\" content=\"summary_large_image\" \/>\n<meta name=\"twitter:label1\" content=\"Est. reading time\" \/>\n\t<meta name=\"twitter:data1\" content=\"1 minute\" \/>\n<script type=\"application\/ld+json\" class=\"yoast-schema-graph\">{\"@context\":\"https:\/\/schema.org\",\"@graph\":[{\"@type\":\"WebPage\",\"@id\":\"https:\/\/vuletech.com\/en\/product\/mk-v11d12-t7\/\",\"url\":\"https:\/\/vuletech.com\/en\/product\/mk-v11d12-t7\/\",\"name\":\"MK V11D12-T7 - V\u0169 L\u00ea Tech\",\"isPartOf\":{\"@id\":\"https:\/\/vuletech.com\/en\/#website\"},\"primaryImageOfPage\":{\"@id\":\"https:\/\/vuletech.com\/en\/product\/mk-v11d12-t7\/#primaryimage\"},\"image\":{\"@id\":\"https:\/\/vuletech.com\/en\/product\/mk-v11d12-t7\/#primaryimage\"},\"thumbnailUrl\":\"https:\/\/vuletech.com\/wp-content\/uploads\/2020\/10\/MK-V11D12-T7.jpg\",\"datePublished\":\"2025-05-07T02:37:12+00:00\",\"dateModified\":\"2025-05-07T02:37:14+00:00\",\"breadcrumb\":{\"@id\":\"https:\/\/vuletech.com\/en\/product\/mk-v11d12-t7\/#breadcrumb\"},\"inLanguage\":\"en-US\",\"potentialAction\":[{\"@type\":\"ReadAction\",\"target\":[\"https:\/\/vuletech.com\/en\/product\/mk-v11d12-t7\/\"]}]},{\"@type\":\"ImageObject\",\"inLanguage\":\"en-US\",\"@id\":\"https:\/\/vuletech.com\/en\/product\/mk-v11d12-t7\/#primaryimage\",\"url\":\"https:\/\/vuletech.com\/wp-content\/uploads\/2020\/10\/MK-V11D12-T7.jpg\",\"contentUrl\":\"https:\/\/vuletech.com\/wp-content\/uploads\/2020\/10\/MK-V11D12-T7.jpg\",\"width\":360,\"height\":360,\"caption\":\"MK V11D12-T7\"},{\"@type\":\"BreadcrumbList\",\"@id\":\"https:\/\/vuletech.com\/en\/product\/mk-v11d12-t7\/#breadcrumb\",\"itemListElement\":[{\"@type\":\"ListItem\",\"position\":1,\"name\":\"Home\",\"item\":\"https:\/\/vuletech.com\/en\/\"},{\"@type\":\"ListItem\",\"position\":2,\"name\":\"Product\",\"item\":\"http:\/\/vuletech.com\/product\/\"},{\"@type\":\"ListItem\",\"position\":3,\"name\":\"MK V11D12-T7\"}]},{\"@type\":\"WebSite\",\"@id\":\"https:\/\/vuletech.com\/en\/#website\",\"url\":\"https:\/\/vuletech.com\/en\/\",\"name\":\"V\u0169 L\u00ea Tech\",\"description\":\"Our Solution - Your Value\",\"potentialAction\":[{\"@type\":\"SearchAction\",\"target\":{\"@type\":\"EntryPoint\",\"urlTemplate\":\"https:\/\/vuletech.com\/en\/?s={search_term_string}\"},\"query-input\":{\"@type\":\"PropertyValueSpecification\",\"valueRequired\":true,\"valueName\":\"search_term_string\"}}],\"inLanguage\":\"en-US\"}]}<\/script>\n<!-- \/ Yoast SEO plugin. -->","yoast_head_json":{"title":"MK V11D12-T7 - V\u0169 L\u00ea Tech","robots":{"index":"index","follow":"follow","max-snippet":"max-snippet:-1","max-image-preview":"max-image-preview:large","max-video-preview":"max-video-preview:-1"},"canonical":"https:\/\/vuletech.com\/en\/product\/mk-v11d12-t7\/","og_locale":"en_US","og_type":"article","og_title":"MK V11D12-T7 - V\u0169 L\u00ea Tech","og_description":"[vc_row][vc_column width=&#8221;1\/2&#8243;][vc_single_image image=&#8221;1597&#8243; img_size=&#8221;full&#8221; alignment=&#8221;center&#8221;][\/vc_column][vc_column width=&#8221;1\/2&#8243;][vc_custom_heading text=&#8221;MK V11D12-T7&#8243; use_theme_fonts=&#8221;yes&#8221;][vc_column_text]C\u00f4ng t\u1eafc \u0111i\u1ec7n micro v\u1edbi piston k\u00edn C\u00e1c t\u00ednh n\u0103ng chung Nhi\u1ec7t \u0111\u1ed9 m\u00f4i tr\u01b0\u1eddng: T\u1eeb -25 \u00b0 C \u0111\u1ebfn + 120 \u00b0 C V\u1ecf: V\u1ecf polyme Ki\u1ec3u thi\u1ebft b\u1ecb \u0111\u1ea7u cu\u1ed1i: \u1ed1c v\u00edt c\u00f3 t\u1ea5m t\u1ef1 n\u00e2ng Kh\u1ed1i ti\u1ebfp \u0111i\u1ec3m: 1NO + 1NC chuy\u1ec3n \u0111\u1ed5i Ch\u1ec9","og_url":"https:\/\/vuletech.com\/en\/product\/mk-v11d12-t7\/","og_site_name":"V\u0169 L\u00ea Tech","article_modified_time":"2025-05-07T02:37:14+00:00","og_image":[{"width":360,"height":360,"url":"https:\/\/vuletech.com\/wp-content\/uploads\/2020\/10\/MK-V11D12-T7.jpg","type":"image\/jpeg"}],"twitter_card":"summary_large_image","twitter_misc":{"Est. reading time":"1 minute"},"schema":{"@context":"https:\/\/schema.org","@graph":[{"@type":"WebPage","@id":"https:\/\/vuletech.com\/en\/product\/mk-v11d12-t7\/","url":"https:\/\/vuletech.com\/en\/product\/mk-v11d12-t7\/","name":"MK V11D12-T7 - V\u0169 L\u00ea Tech","isPartOf":{"@id":"https:\/\/vuletech.com\/en\/#website"},"primaryImageOfPage":{"@id":"https:\/\/vuletech.com\/en\/product\/mk-v11d12-t7\/#primaryimage"},"image":{"@id":"https:\/\/vuletech.com\/en\/product\/mk-v11d12-t7\/#primaryimage"},"thumbnailUrl":"https:\/\/vuletech.com\/wp-content\/uploads\/2020\/10\/MK-V11D12-T7.jpg","datePublished":"2025-05-07T02:37:12+00:00","dateModified":"2025-05-07T02:37:14+00:00","breadcrumb":{"@id":"https:\/\/vuletech.com\/en\/product\/mk-v11d12-t7\/#breadcrumb"},"inLanguage":"en-US","potentialAction":[{"@type":"ReadAction","target":["https:\/\/vuletech.com\/en\/product\/mk-v11d12-t7\/"]}]},{"@type":"ImageObject","inLanguage":"en-US","@id":"https:\/\/vuletech.com\/en\/product\/mk-v11d12-t7\/#primaryimage","url":"https:\/\/vuletech.com\/wp-content\/uploads\/2020\/10\/MK-V11D12-T7.jpg","contentUrl":"https:\/\/vuletech.com\/wp-content\/uploads\/2020\/10\/MK-V11D12-T7.jpg","width":360,"height":360,"caption":"MK V11D12-T7"},{"@type":"BreadcrumbList","@id":"https:\/\/vuletech.com\/en\/product\/mk-v11d12-t7\/#breadcrumb","itemListElement":[{"@type":"ListItem","position":1,"name":"Home","item":"https:\/\/vuletech.com\/en\/"},{"@type":"ListItem","position":2,"name":"Product","item":"http:\/\/vuletech.com\/product\/"},{"@type":"ListItem","position":3,"name":"MK V11D12-T7"}]},{"@type":"WebSite","@id":"https:\/\/vuletech.com\/en\/#website","url":"https:\/\/vuletech.com\/en\/","name":"V\u0169 L\u00ea Tech","description":"Our Solution - Your Value","potentialAction":[{"@type":"SearchAction","target":{"@type":"EntryPoint","urlTemplate":"https:\/\/vuletech.com\/en\/?s={search_term_string}"},"query-input":{"@type":"PropertyValueSpecification","valueRequired":true,"valueName":"search_term_string"}}],"inLanguage":"en-US"}]}},"_links":{"self":[{"href":"https:\/\/vuletech.com\/en\/wp-json\/wp\/v2\/product\/9347","targetHints":{"allow":["GET"]}}],"collection":[{"href":"https:\/\/vuletech.com\/en\/wp-json\/wp\/v2\/product"}],"about":[{"href":"https:\/\/vuletech.com\/en\/wp-json\/wp\/v2\/types\/product"}],"replies":[{"embeddable":true,"href":"https:\/\/vuletech.com\/en\/wp-json\/wp\/v2\/comments?post=9347"}],"wp:featuredmedia":[{"embeddable":true,"href":"https:\/\/vuletech.com\/en\/wp-json\/wp\/v2\/media\/1597"}],"wp:attachment":[{"href":"https:\/\/vuletech.com\/en\/wp-json\/wp\/v2\/media?parent=9347"}],"wp:term":[{"taxonomy":"product_brand","embeddable":true,"href":"https:\/\/vuletech.com\/en\/wp-json\/wp\/v2\/product_brand?post=9347"},{"taxonomy":"product_cat","embeddable":true,"href":"https:\/\/vuletech.com\/en\/wp-json\/wp\/v2\/product_cat?post=9347"},{"taxonomy":"product_tag","embeddable":true,"href":"https:\/\/vuletech.com\/en\/wp-json\/wp\/v2\/product_tag?post=9347"}],"curies":[{"name":"wp","href":"https:\/\/api.w.org\/{rel}","templated":true}]}}