{"id":9354,"date":"2025-05-07T09:40:39","date_gmt":"2025-05-07T02:40:39","guid":{"rendered":"https:\/\/vuletech.com\/product\/cong-tac-hanh-trinh-module-pizzato-fa-4115-5dn\/"},"modified":"2025-05-07T09:40:40","modified_gmt":"2025-05-07T02:40:40","slug":"cong-tac-hanh-trinh-module-pizzato-fa-4115-5dn","status":"publish","type":"product","link":"https:\/\/vuletech.com\/en\/product\/cong-tac-hanh-trinh-module-pizzato-fa-4115-5dn\/","title":{"rendered":"C\u00f4ng t\u1eafc h\u00e0nh tr\u00ecnh module Pizzato FA 4115-5DN"},"content":{"rendered":"<div class=\"wpb-content-wrapper\"><p>[vc_row][vc_column width=&#8221;1\/2&#8243;][vc_single_image image=&#8221;6892&#8243; img_size=&#8221;full&#8221; alignment=&#8221;center&#8221;][\/vc_column][vc_column width=&#8221;1\/2&#8243;][vc_custom_heading text=&#8221;FA 4115-5DN&#8221; use_theme_fonts=&#8221;yes&#8221;][vc_column_text]<\/p>\n<h3>C\u00f4ng t\u1eafc h\u00e0nh tr\u00ecnh d\u1ea1ng module v\u1edbi con l\u0103n pittong <span id=\"ctl00_CPH_Content_lblCodRevElem\">FA 4115-5DN<\/span><\/h3>\n<p><strong>T\u00ednh n\u0103ng chung<\/strong><\/p>\n<div dir=\"auto\">V\u1ecf: V\u1ecf kim lo\u1ea1i, \u0111i\u1ec3m c\u1ed1 \u0111\u1ecbnh 20 mm, IP67<br \/>\nKh\u1ed1i ti\u1ebfp \u0111i\u1ec7m:\u00a0 1NO+1NC<br \/>\n\u0110\u1ea7u: V\u1edbi p\u00edt t\u00f4ng con l\u0103n<br \/>\nPizzato \u0111\u00e3 c\u1eadp nh\u1eadp t\u1eeb \u1ee9ng d\u1ee5ng m\u00e3 c\u0169 \u0111\u1ec3 ph\u00e1t tri\u1ec3n ra m\u00e3 m\u1edbi \u0111\u1ec3 ph\u00f9 h\u1ee3p v\u1edbi xu h\u01b0\u1edbng t\u1ef1 \u0111\u00f4ng h\u00f3a hi\u1ec7n nay: <a href=\"https:\/\/vuletech.com\/san-pham\/cong-tac-hanh-trinh-module-pizzato-na-b110bb-dn5\/\">NA B110BB-DN5<\/a><\/div>\n<p>[\/vc_column_text][\/vc_column][\/vc_row][vc_row][vc_column][vc_tta_tabs][vc_tta_section title=&#8221;T\u00e0i li\u1ec7u&#8221; tab_id=&#8221;1601286509720-4457335d-2b64&#8243;][vc_column_text]<\/p>\n<table style=\"height: 143px;\" width=\"389\">\n<tbody>\n<tr>\n<td width=\"69\">Type<\/td>\n<td width=\"69\">File<\/td>\n<\/tr>\n<tr>\n<td>Datasheet<\/td>\n<td><a href=\"https:\/\/vuletech.com\/wp-content\/uploads\/2023\/12\/ZE_GCP05A22-ENG_113-124.pdf\">ZE_GCP05A22-ENG_113-124<\/a><\/td>\n<\/tr>\n<tr>\n<td>2D<\/td>\n<td><a href=\"https:\/\/vuletech.com\/wp-content\/uploads\/2023\/12\/ZF_DXF_NA_xxx0BB-DNx_A09.zip\">ZF_DXF_NA_xxx0BB-DNx_A09<\/a><\/td>\n<\/tr>\n<tr>\n<td>3D<\/td>\n<td><\/td>\n<\/tr>\n<\/tbody>\n<\/table>\n<p>[\/vc_column_text][\/vc_tta_section][\/vc_tta_tabs][\/vc_column][\/vc_row][vc_row][vc_column][\/vc_column][\/vc_row]<\/p>\n<\/div>","protected":false},"excerpt":{"rendered":"<p>[vc_row][vc_column width=&#8221;1\/2&#8243;][vc_single_image image=&#8221;6892&#8243; img_size=&#8221;full&#8221; alignment=&#8221;center&#8221;][\/vc_column][vc_column width=&#8221;1\/2&#8243;][vc_custom_heading text=&#8221;FA 4115-5DN&#8221; use_theme_fonts=&#8221;yes&#8221;][vc_column_text] C\u00f4ng t\u1eafc h\u00e0nh tr\u00ecnh d\u1ea1ng module v\u1edbi con l\u0103n pittong FA 4115-5DN T\u00ednh n\u0103ng chung V\u1ecf: V\u1ecf kim lo\u1ea1i, \u0111i\u1ec3m c\u1ed1 \u0111\u1ecbnh 20 mm, IP67 Kh\u1ed1i ti\u1ebfp \u0111i\u1ec7m:\u00a0 1NO+1NC \u0110\u1ea7u: V\u1edbi p\u00edt t\u00f4ng con l\u0103n Pizzato \u0111\u00e3 c\u1eadp nh\u1eadp t\u1eeb \u1ee9ng d\u1ee5ng m\u00e3 c\u0169 \u0111\u1ec3 ph\u00e1t<\/p>\n","protected":false},"featured_media":6892,"comment_status":"closed","ping_status":"open","template":"","meta":[],"product_brand":[],"product_cat":[745],"product_tag":[],"class_list":{"0":"post-9354","1":"product","2":"type-product","3":"status-publish","4":"has-post-thumbnail","6":"product_cat-thiet-bi-dienpizzato-elettricacong-tac-vi-tricong-tac-hanh-trinh-dang-modulecong-tac-hanh-trinh-module-pizzato-series-na","8":"first","9":"instock","10":"product-type-simple"},"acf":[],"yoast_head":"<!-- This site is optimized with the Yoast SEO plugin v25.1 - https:\/\/yoast.com\/wordpress\/plugins\/seo\/ -->\n<title>C\u00f4ng t\u1eafc h\u00e0nh tr\u00ecnh module Pizzato FA 4115-5DN - V\u0169 L\u00ea Tech<\/title>\n<meta name=\"robots\" content=\"index, follow, max-snippet:-1, max-image-preview:large, max-video-preview:-1\" \/>\n<link rel=\"canonical\" href=\"https:\/\/vuletech.com\/en\/product\/cong-tac-hanh-trinh-module-pizzato-fa-4115-5dn\/\" \/>\n<meta property=\"og:locale\" content=\"en_US\" \/>\n<meta property=\"og:type\" content=\"article\" \/>\n<meta property=\"og:title\" content=\"C\u00f4ng t\u1eafc h\u00e0nh tr\u00ecnh module Pizzato FA 4115-5DN - V\u0169 L\u00ea Tech\" \/>\n<meta property=\"og:description\" content=\"[vc_row][vc_column width=&#8221;1\/2&#8243;][vc_single_image image=&#8221;6892&#8243; img_size=&#8221;full&#8221; alignment=&#8221;center&#8221;][\/vc_column][vc_column width=&#8221;1\/2&#8243;][vc_custom_heading text=&#8221;FA 4115-5DN&#8221; use_theme_fonts=&#8221;yes&#8221;][vc_column_text] C\u00f4ng t\u1eafc h\u00e0nh tr\u00ecnh d\u1ea1ng module v\u1edbi con l\u0103n pittong FA 4115-5DN T\u00ednh n\u0103ng chung V\u1ecf: V\u1ecf kim lo\u1ea1i, \u0111i\u1ec3m c\u1ed1 \u0111\u1ecbnh 20 mm, IP67 Kh\u1ed1i ti\u1ebfp \u0111i\u1ec7m:\u00a0 1NO+1NC \u0110\u1ea7u: V\u1edbi p\u00edt t\u00f4ng con l\u0103n Pizzato \u0111\u00e3 c\u1eadp nh\u1eadp t\u1eeb \u1ee9ng d\u1ee5ng m\u00e3 c\u0169 \u0111\u1ec3 ph\u00e1t\" \/>\n<meta property=\"og:url\" content=\"https:\/\/vuletech.com\/en\/product\/cong-tac-hanh-trinh-module-pizzato-fa-4115-5dn\/\" \/>\n<meta property=\"og:site_name\" content=\"V\u0169 L\u00ea Tech\" \/>\n<meta property=\"article:modified_time\" content=\"2025-05-07T02:40:40+00:00\" \/>\n<meta property=\"og:image\" content=\"https:\/\/vuletech.com\/wp-content\/uploads\/2023\/12\/z4976524488596_81e5abc85b3abf692a7435ab113134b8.jpg\" \/>\n\t<meta property=\"og:image:width\" content=\"936\" \/>\n\t<meta property=\"og:image:height\" content=\"1488\" \/>\n\t<meta property=\"og:image:type\" content=\"image\/jpeg\" \/>\n<meta name=\"twitter:card\" content=\"summary_large_image\" \/>\n<meta name=\"twitter:label1\" content=\"Est. reading time\" \/>\n\t<meta name=\"twitter:data1\" content=\"1 minute\" \/>\n<script type=\"application\/ld+json\" class=\"yoast-schema-graph\">{\"@context\":\"https:\/\/schema.org\",\"@graph\":[{\"@type\":\"WebPage\",\"@id\":\"https:\/\/vuletech.com\/en\/product\/cong-tac-hanh-trinh-module-pizzato-fa-4115-5dn\/\",\"url\":\"https:\/\/vuletech.com\/en\/product\/cong-tac-hanh-trinh-module-pizzato-fa-4115-5dn\/\",\"name\":\"C\u00f4ng t\u1eafc h\u00e0nh tr\u00ecnh module Pizzato FA 4115-5DN - V\u0169 L\u00ea Tech\",\"isPartOf\":{\"@id\":\"https:\/\/vuletech.com\/en\/#website\"},\"primaryImageOfPage\":{\"@id\":\"https:\/\/vuletech.com\/en\/product\/cong-tac-hanh-trinh-module-pizzato-fa-4115-5dn\/#primaryimage\"},\"image\":{\"@id\":\"https:\/\/vuletech.com\/en\/product\/cong-tac-hanh-trinh-module-pizzato-fa-4115-5dn\/#primaryimage\"},\"thumbnailUrl\":\"https:\/\/vuletech.com\/wp-content\/uploads\/2023\/12\/z4976524488596_81e5abc85b3abf692a7435ab113134b8.jpg\",\"datePublished\":\"2025-05-07T02:40:39+00:00\",\"dateModified\":\"2025-05-07T02:40:40+00:00\",\"breadcrumb\":{\"@id\":\"https:\/\/vuletech.com\/en\/product\/cong-tac-hanh-trinh-module-pizzato-fa-4115-5dn\/#breadcrumb\"},\"inLanguage\":\"en-US\",\"potentialAction\":[{\"@type\":\"ReadAction\",\"target\":[\"https:\/\/vuletech.com\/en\/product\/cong-tac-hanh-trinh-module-pizzato-fa-4115-5dn\/\"]}]},{\"@type\":\"ImageObject\",\"inLanguage\":\"en-US\",\"@id\":\"https:\/\/vuletech.com\/en\/product\/cong-tac-hanh-trinh-module-pizzato-fa-4115-5dn\/#primaryimage\",\"url\":\"https:\/\/vuletech.com\/wp-content\/uploads\/2023\/12\/z4976524488596_81e5abc85b3abf692a7435ab113134b8.jpg\",\"contentUrl\":\"https:\/\/vuletech.com\/wp-content\/uploads\/2023\/12\/z4976524488596_81e5abc85b3abf692a7435ab113134b8.jpg\",\"width\":936,\"height\":1488},{\"@type\":\"BreadcrumbList\",\"@id\":\"https:\/\/vuletech.com\/en\/product\/cong-tac-hanh-trinh-module-pizzato-fa-4115-5dn\/#breadcrumb\",\"itemListElement\":[{\"@type\":\"ListItem\",\"position\":1,\"name\":\"Home\",\"item\":\"https:\/\/vuletech.com\/en\/\"},{\"@type\":\"ListItem\",\"position\":2,\"name\":\"Product\",\"item\":\"http:\/\/vuletech.com\/product\/\"},{\"@type\":\"ListItem\",\"position\":3,\"name\":\"C\u00f4ng t\u1eafc h\u00e0nh tr\u00ecnh module Pizzato FA 4115-5DN\"}]},{\"@type\":\"WebSite\",\"@id\":\"https:\/\/vuletech.com\/en\/#website\",\"url\":\"https:\/\/vuletech.com\/en\/\",\"name\":\"V\u0169 L\u00ea Tech\",\"description\":\"Our Solution - Your Value\",\"potentialAction\":[{\"@type\":\"SearchAction\",\"target\":{\"@type\":\"EntryPoint\",\"urlTemplate\":\"https:\/\/vuletech.com\/en\/?s={search_term_string}\"},\"query-input\":{\"@type\":\"PropertyValueSpecification\",\"valueRequired\":true,\"valueName\":\"search_term_string\"}}],\"inLanguage\":\"en-US\"}]}<\/script>\n<!-- \/ Yoast SEO plugin. -->","yoast_head_json":{"title":"C\u00f4ng t\u1eafc h\u00e0nh tr\u00ecnh module Pizzato FA 4115-5DN - V\u0169 L\u00ea Tech","robots":{"index":"index","follow":"follow","max-snippet":"max-snippet:-1","max-image-preview":"max-image-preview:large","max-video-preview":"max-video-preview:-1"},"canonical":"https:\/\/vuletech.com\/en\/product\/cong-tac-hanh-trinh-module-pizzato-fa-4115-5dn\/","og_locale":"en_US","og_type":"article","og_title":"C\u00f4ng t\u1eafc h\u00e0nh tr\u00ecnh module Pizzato FA 4115-5DN - V\u0169 L\u00ea Tech","og_description":"[vc_row][vc_column width=&#8221;1\/2&#8243;][vc_single_image image=&#8221;6892&#8243; img_size=&#8221;full&#8221; alignment=&#8221;center&#8221;][\/vc_column][vc_column width=&#8221;1\/2&#8243;][vc_custom_heading text=&#8221;FA 4115-5DN&#8221; use_theme_fonts=&#8221;yes&#8221;][vc_column_text] C\u00f4ng t\u1eafc h\u00e0nh tr\u00ecnh d\u1ea1ng module v\u1edbi con l\u0103n pittong FA 4115-5DN T\u00ednh n\u0103ng chung V\u1ecf: V\u1ecf kim lo\u1ea1i, \u0111i\u1ec3m c\u1ed1 \u0111\u1ecbnh 20 mm, IP67 Kh\u1ed1i ti\u1ebfp \u0111i\u1ec7m:\u00a0 1NO+1NC \u0110\u1ea7u: V\u1edbi p\u00edt t\u00f4ng con l\u0103n Pizzato \u0111\u00e3 c\u1eadp nh\u1eadp t\u1eeb \u1ee9ng d\u1ee5ng m\u00e3 c\u0169 \u0111\u1ec3 ph\u00e1t","og_url":"https:\/\/vuletech.com\/en\/product\/cong-tac-hanh-trinh-module-pizzato-fa-4115-5dn\/","og_site_name":"V\u0169 L\u00ea Tech","article_modified_time":"2025-05-07T02:40:40+00:00","og_image":[{"width":936,"height":1488,"url":"https:\/\/vuletech.com\/wp-content\/uploads\/2023\/12\/z4976524488596_81e5abc85b3abf692a7435ab113134b8.jpg","type":"image\/jpeg"}],"twitter_card":"summary_large_image","twitter_misc":{"Est. reading time":"1 minute"},"schema":{"@context":"https:\/\/schema.org","@graph":[{"@type":"WebPage","@id":"https:\/\/vuletech.com\/en\/product\/cong-tac-hanh-trinh-module-pizzato-fa-4115-5dn\/","url":"https:\/\/vuletech.com\/en\/product\/cong-tac-hanh-trinh-module-pizzato-fa-4115-5dn\/","name":"C\u00f4ng t\u1eafc h\u00e0nh tr\u00ecnh module Pizzato FA 4115-5DN - V\u0169 L\u00ea Tech","isPartOf":{"@id":"https:\/\/vuletech.com\/en\/#website"},"primaryImageOfPage":{"@id":"https:\/\/vuletech.com\/en\/product\/cong-tac-hanh-trinh-module-pizzato-fa-4115-5dn\/#primaryimage"},"image":{"@id":"https:\/\/vuletech.com\/en\/product\/cong-tac-hanh-trinh-module-pizzato-fa-4115-5dn\/#primaryimage"},"thumbnailUrl":"https:\/\/vuletech.com\/wp-content\/uploads\/2023\/12\/z4976524488596_81e5abc85b3abf692a7435ab113134b8.jpg","datePublished":"2025-05-07T02:40:39+00:00","dateModified":"2025-05-07T02:40:40+00:00","breadcrumb":{"@id":"https:\/\/vuletech.com\/en\/product\/cong-tac-hanh-trinh-module-pizzato-fa-4115-5dn\/#breadcrumb"},"inLanguage":"en-US","potentialAction":[{"@type":"ReadAction","target":["https:\/\/vuletech.com\/en\/product\/cong-tac-hanh-trinh-module-pizzato-fa-4115-5dn\/"]}]},{"@type":"ImageObject","inLanguage":"en-US","@id":"https:\/\/vuletech.com\/en\/product\/cong-tac-hanh-trinh-module-pizzato-fa-4115-5dn\/#primaryimage","url":"https:\/\/vuletech.com\/wp-content\/uploads\/2023\/12\/z4976524488596_81e5abc85b3abf692a7435ab113134b8.jpg","contentUrl":"https:\/\/vuletech.com\/wp-content\/uploads\/2023\/12\/z4976524488596_81e5abc85b3abf692a7435ab113134b8.jpg","width":936,"height":1488},{"@type":"BreadcrumbList","@id":"https:\/\/vuletech.com\/en\/product\/cong-tac-hanh-trinh-module-pizzato-fa-4115-5dn\/#breadcrumb","itemListElement":[{"@type":"ListItem","position":1,"name":"Home","item":"https:\/\/vuletech.com\/en\/"},{"@type":"ListItem","position":2,"name":"Product","item":"http:\/\/vuletech.com\/product\/"},{"@type":"ListItem","position":3,"name":"C\u00f4ng t\u1eafc h\u00e0nh tr\u00ecnh module Pizzato FA 4115-5DN"}]},{"@type":"WebSite","@id":"https:\/\/vuletech.com\/en\/#website","url":"https:\/\/vuletech.com\/en\/","name":"V\u0169 L\u00ea Tech","description":"Our Solution - Your Value","potentialAction":[{"@type":"SearchAction","target":{"@type":"EntryPoint","urlTemplate":"https:\/\/vuletech.com\/en\/?s={search_term_string}"},"query-input":{"@type":"PropertyValueSpecification","valueRequired":true,"valueName":"search_term_string"}}],"inLanguage":"en-US"}]}},"_links":{"self":[{"href":"https:\/\/vuletech.com\/en\/wp-json\/wp\/v2\/product\/9354","targetHints":{"allow":["GET"]}}],"collection":[{"href":"https:\/\/vuletech.com\/en\/wp-json\/wp\/v2\/product"}],"about":[{"href":"https:\/\/vuletech.com\/en\/wp-json\/wp\/v2\/types\/product"}],"replies":[{"embeddable":true,"href":"https:\/\/vuletech.com\/en\/wp-json\/wp\/v2\/comments?post=9354"}],"wp:featuredmedia":[{"embeddable":true,"href":"https:\/\/vuletech.com\/en\/wp-json\/wp\/v2\/media\/6892"}],"wp:attachment":[{"href":"https:\/\/vuletech.com\/en\/wp-json\/wp\/v2\/media?parent=9354"}],"wp:term":[{"taxonomy":"product_brand","embeddable":true,"href":"https:\/\/vuletech.com\/en\/wp-json\/wp\/v2\/product_brand?post=9354"},{"taxonomy":"product_cat","embeddable":true,"href":"https:\/\/vuletech.com\/en\/wp-json\/wp\/v2\/product_cat?post=9354"},{"taxonomy":"product_tag","embeddable":true,"href":"https:\/\/vuletech.com\/en\/wp-json\/wp\/v2\/product_tag?post=9354"}],"curies":[{"name":"wp","href":"https:\/\/api.w.org\/{rel}","templated":true}]}}