{"id":9362,"date":"2025-05-07T09:43:15","date_gmt":"2025-05-07T02:43:15","guid":{"rendered":"https:\/\/vuletech.com\/product\/cong-tac-hanh-trinh-mini-mk-v12d10\/"},"modified":"2025-05-07T09:43:17","modified_gmt":"2025-05-07T02:43:17","slug":"cong-tac-hanh-trinh-mini-mk-v12d10","status":"publish","type":"product","link":"https:\/\/vuletech.com\/en\/product\/cong-tac-hanh-trinh-mini-mk-v12d10\/","title":{"rendered":"C\u00f4ng t\u1eafc h\u00e0nh tr\u00ecnh mini MK V12D10"},"content":{"rendered":"<div class=\"wpb-content-wrapper\"><p>[vc_row][vc_column width=&#8221;1\/2&#8243;][vc_single_image image=&#8221;6413&#8243; img_size=&#8221;full&#8221; alignment=&#8221;center&#8221;][\/vc_column][vc_column width=&#8221;1\/2&#8243;][vc_custom_heading text=&#8221;MK V12D10&#8243; use_theme_fonts=&#8221;yes&#8221;]<div class=\"wt-separator-outer \">\n                                    <div class=\"wt-separator style-square\">\n                                        <span class=\"separator-left bg-primary\"><\/span>\n                                        <span class=\"separator-right bg-primary\"><\/span>\n                                    <\/div>\n                                <\/div>\n[vc_column_text]<\/p>\n<h2>C\u00f4ng t\u1eafc h\u00e0nh tr\u00ecnh lo\u1ea1i nh\u1ecf v\u1edbi p\u00edt t\u00f4ng ren<\/h2>\n<p><strong>T\u00ednh n\u0103ng chung<\/strong><\/p>\n<ul>\n<li>V\u1ecf: Nh\u1ef1a, gia c\u1ed1 s\u1ee3i th\u1ee7y tinh, t\u1ef1 d\u1eadp l\u1eeda, ch\u1ed1ng s\u1ed1c.<\/li>\n<li>\u0110\u1ea7u truy\u1ec1n \u0111\u1ed9ng: P\u00edt t\u00f4ng ren M12x1 (threaded plunger).<\/li>\n<li>Ti\u00eau chu\u1ea9n: IP00 theo EN 60529 (k\u1ebft h\u1ee3p v\u1edbi b\u1ed9 ph\u1eadn b\u1ea3o v\u1ec7 \u0111\u1ea7u cu\u1ed1i c\u00f3 th\u1ec3 l\u00ean \u0111\u1ebfn IP65).<\/li>\n<li>Kh\u1ed1i ti\u1ebfp \u0111i\u1ec3m: 1NC+1NO (ti\u1ebfp \u0111i\u1ec3m \u0111\u00f4i), t\u00e1c \u0111\u1ed9ng nhanh.<\/li>\n<li>\u0110\u1ea7u \u0111\u1ea5u d\u00e2y: V\u00edt v\u1edbi t\u1ea5m t\u1ef1 n\u00e2ng.<\/li>\n<li>Nhi\u1ec7t \u0111\u1ed9 l\u00e0m vi\u1ec7c: -250C\u2026+800C.<\/li>\n<li>T\u1ea7n s\u1ed1 ho\u1ea1t \u0111\u1ed9ng cao nh\u1ea5t: 3600 chu k\u1ef3\/1h.<\/li>\n<li>\u0110\u1ed9 b\u1ec1n c\u01a1 h\u1ecdc: 10 tri\u1ec7u l\u1ea7n \u0111\u00f3ng m\u1edf.<\/li>\n<li>Ch\u1ec9 s\u1ed1 an to\u00e0n B10D: 20 tri\u1ec7u cho ti\u1ebfp \u0111i\u1ec3m NC.<\/li>\n<li>Ti\u1ebfp \u0111i\u1ec3m NC c\u00f3 \u0111\u1ed9 m\u1edf d\u01b0\u01a1ng, ph\u00f9 h\u1ee3p v\u1edbi c\u00e1c \u1ee9ng d\u1ee5ng an to\u00e0n.<\/li>\n<\/ul>\n<p>[\/vc_column_text][\/vc_column][\/vc_row][vc_row][vc_column][vc_tta_tabs][vc_tta_section title=&#8221;T\u00e0i li\u1ec7u&#8221; tab_id=&#8221;1624348809989-fe366497-653a&#8221;][vc_column_text]<\/p>\n<table style=\"border-collapse: collapse; width: 356px; height: 67px;\" border=\"0\" width=\"144\" cellspacing=\"0\" cellpadding=\"0\">\n<tbody>\n<tr style=\"height: 14.25pt;\">\n<td style=\"height: 14.25pt; width: 54pt;\" width=\"72\" height=\"19\">Type<\/td>\n<td style=\"width: 54pt;\" width=\"72\">File<\/td>\n<\/tr>\n<tr style=\"height: 14.25pt;\">\n<td style=\"height: 14.25pt;\" height=\"19\">Lift General Catalog<\/td>\n<td><a href=\"https:\/\/vuletech.com\/wp-content\/uploads\/2023\/07\/ZE_GCL03A22-ENG_63-70.pdf\">ZE_GCL03A22-ENG_63-70<\/a><\/td>\n<\/tr>\n<tr style=\"height: 14.25pt;\">\n<td style=\"height: 14.25pt;\" height=\"19\">General Catalog<\/td>\n<td><a href=\"https:\/\/vuletech.com\/wp-content\/uploads\/2023\/07\/ZE_GCP04A20-ENG_139-150.pdf\">ZE_GCP04A20-ENG_139-150<\/a><\/td>\n<\/tr>\n<\/tbody>\n<\/table>\n<p>[\/vc_column_text][\/vc_tta_section][vc_tta_section title=&#8221;Ch\u1ee9ng nh\u1eadn ch\u1ea5t l\u01b0\u1ee3ng&#8221; tab_id=&#8221;1624348809998-3c562afa-f759&#8243;][vc_column_text]<\/p>\n<table width=\"736\">\n<tbody>\n<tr>\n<td width=\"162\"><img loading=\"lazy\" decoding=\"async\" class=\"alignnone wp-image-920 size-full\" src=\"http:\/\/vuletech.com\/wp-content\/uploads\/2020\/09\/cccweb.png\" alt=\"\" width=\"44\" height=\"34\" \/><\/td>\n<td width=\"574\"><a href=\"http:\/\/vuletech.southteam.vn\/wp-content\/uploads\/2020\/09\/cert_ccc_2007010305230000.pdf\">cert_ccc_2007010305230000<\/a><\/td>\n<\/tr>\n<tr>\n<td><img loading=\"lazy\" decoding=\"async\" class=\"alignnone wp-image-924 size-full\" src=\"http:\/\/vuletech.com\/wp-content\/uploads\/2020\/09\/ULweb.png\" alt=\"\" width=\"70\" height=\"43\" \/><\/td>\n<td><a href=\"http:\/\/vuletech.southteam.vn\/wp-content\/uploads\/2020\/09\/cert_UL_NKCR_E131787_us_ca.pdf\">cert_UL_NKCR_E131787_us_ca<\/a><\/td>\n<\/tr>\n<tr>\n<td><img loading=\"lazy\" decoding=\"async\" class=\"alignnone wp-image-921 size-full\" src=\"http:\/\/vuletech.com\/wp-content\/uploads\/2020\/09\/CE-1web.png\" alt=\"\" width=\"43\" height=\"30\" \/><\/td>\n<td><a href=\"http:\/\/vuletech.southteam.vn\/wp-content\/uploads\/2020\/09\/cert_CE_ZE_PCE04-EU.pdf\">cert_CE_ZE_PCE04-EU<\/a><\/td>\n<\/tr>\n<tr>\n<td><img loading=\"lazy\" decoding=\"async\" class=\"alignnone wp-image-922 size-full\" src=\"http:\/\/vuletech.com\/wp-content\/uploads\/2020\/09\/EACweb.png\" alt=\"\" width=\"43\" height=\"36\" \/><\/td>\n<td><a href=\"http:\/\/vuletech.southteam.vn\/wp-content\/uploads\/2020\/09\/cert_EAC_B.00035_2019_ru.pdf\">cert_EAC_B.00035_2019_ru<\/a><\/td>\n<\/tr>\n<tr>\n<td><img loading=\"lazy\" decoding=\"async\" class=\"alignnone wp-image-923 size-full\" src=\"http:\/\/vuletech.com\/wp-content\/uploads\/2020\/09\/IMQweb.png\" alt=\"\" width=\"43\" height=\"43\" \/><\/td>\n<td><a href=\"http:\/\/vuletech.southteam.vn\/wp-content\/uploads\/2020\/09\/cert_IMQ_eg605_ie.pdf\">cert_IMQ_eg605_ie<\/a><\/td>\n<\/tr>\n<\/tbody>\n<\/table>\n<p>[\/vc_column_text][\/vc_tta_section][\/vc_tta_tabs][\/vc_column][\/vc_row]<\/p>\n<\/div>","protected":false},"excerpt":{"rendered":"<p>[vc_row][vc_column width=&#8221;1\/2&#8243;][vc_single_image image=&#8221;6413&#8243; img_size=&#8221;full&#8221; alignment=&#8221;center&#8221;][\/vc_column][vc_column width=&#8221;1\/2&#8243;][vc_custom_heading text=&#8221;MK V12D10&#8243; use_theme_fonts=&#8221;yes&#8221;][vc_column_text] C\u00f4ng t\u1eafc h\u00e0nh tr\u00ecnh lo\u1ea1i nh\u1ecf v\u1edbi p\u00edt t\u00f4ng ren T\u00ednh n\u0103ng chung V\u1ecf: Nh\u1ef1a, gia c\u1ed1 s\u1ee3i th\u1ee7y tinh, t\u1ef1 d\u1eadp l\u1eeda, ch\u1ed1ng s\u1ed1c. \u0110\u1ea7u truy\u1ec1n \u0111\u1ed9ng: P\u00edt t\u00f4ng ren M12x1 (threaded plunger). Ti\u00eau chu\u1ea9n: IP00 theo EN 60529 (k\u1ebft h\u1ee3p v\u1edbi b\u1ed9 ph\u1eadn b\u1ea3o<\/p>\n","protected":false},"featured_media":6413,"comment_status":"closed","ping_status":"open","template":"","meta":[],"product_brand":[],"product_cat":[720],"product_tag":[],"class_list":{"0":"post-9362","1":"product","2":"type-product","3":"status-publish","4":"has-post-thumbnail","6":"product_cat-uncategorized","8":"first","9":"instock","10":"product-type-simple"},"acf":[],"yoast_head":"<!-- This site is optimized with the Yoast SEO plugin v25.1 - https:\/\/yoast.com\/wordpress\/plugins\/seo\/ -->\n<title>C\u00f4ng t\u1eafc h\u00e0nh tr\u00ecnh mini MK V12D10 - V\u0169 L\u00ea Tech<\/title>\n<meta name=\"robots\" content=\"index, follow, max-snippet:-1, max-image-preview:large, max-video-preview:-1\" \/>\n<link rel=\"canonical\" href=\"http:\/\/vuletech.com\/product\/cong-tac-hanh-trinh-mini-mk-v12d10\/\" \/>\n<meta property=\"og:locale\" content=\"en_US\" \/>\n<meta property=\"og:type\" content=\"article\" \/>\n<meta property=\"og:title\" content=\"C\u00f4ng t\u1eafc h\u00e0nh tr\u00ecnh mini MK V12D10 - V\u0169 L\u00ea Tech\" \/>\n<meta property=\"og:description\" content=\"[vc_row][vc_column width=&#8221;1\/2&#8243;][vc_single_image image=&#8221;6413&#8243; img_size=&#8221;full&#8221; alignment=&#8221;center&#8221;][\/vc_column][vc_column width=&#8221;1\/2&#8243;][vc_custom_heading text=&#8221;MK V12D10&#8243; use_theme_fonts=&#8221;yes&#8221;][vc_column_text] C\u00f4ng t\u1eafc h\u00e0nh tr\u00ecnh lo\u1ea1i nh\u1ecf v\u1edbi p\u00edt t\u00f4ng ren T\u00ednh n\u0103ng chung V\u1ecf: Nh\u1ef1a, gia c\u1ed1 s\u1ee3i th\u1ee7y tinh, t\u1ef1 d\u1eadp l\u1eeda, ch\u1ed1ng s\u1ed1c. \u0110\u1ea7u truy\u1ec1n \u0111\u1ed9ng: P\u00edt t\u00f4ng ren M12x1 (threaded plunger). Ti\u00eau chu\u1ea9n: IP00 theo EN 60529 (k\u1ebft h\u1ee3p v\u1edbi b\u1ed9 ph\u1eadn b\u1ea3o\" \/>\n<meta property=\"og:url\" content=\"http:\/\/vuletech.com\/product\/cong-tac-hanh-trinh-mini-mk-v12d10\/\" \/>\n<meta property=\"og:site_name\" content=\"V\u0169 L\u00ea Tech\" \/>\n<meta property=\"article:modified_time\" content=\"2025-05-07T02:43:17+00:00\" \/>\n<meta property=\"og:image\" content=\"http:\/\/vuletech.com\/wp-content\/uploads\/2023\/07\/MK-V12D10.jpg\" \/>\n\t<meta property=\"og:image:width\" content=\"360\" \/>\n\t<meta property=\"og:image:height\" content=\"360\" \/>\n\t<meta property=\"og:image:type\" content=\"image\/jpeg\" \/>\n<meta name=\"twitter:card\" content=\"summary_large_image\" \/>\n<meta name=\"twitter:label1\" content=\"Est. reading time\" \/>\n\t<meta name=\"twitter:data1\" content=\"2 minutes\" \/>\n<script type=\"application\/ld+json\" class=\"yoast-schema-graph\">{\"@context\":\"https:\/\/schema.org\",\"@graph\":[{\"@type\":\"WebPage\",\"@id\":\"http:\/\/vuletech.com\/product\/cong-tac-hanh-trinh-mini-mk-v12d10\/\",\"url\":\"http:\/\/vuletech.com\/product\/cong-tac-hanh-trinh-mini-mk-v12d10\/\",\"name\":\"C\u00f4ng t\u1eafc h\u00e0nh tr\u00ecnh mini MK V12D10 - V\u0169 L\u00ea Tech\",\"isPartOf\":{\"@id\":\"http:\/\/vuletech.com\/#website\"},\"primaryImageOfPage\":{\"@id\":\"http:\/\/vuletech.com\/product\/cong-tac-hanh-trinh-mini-mk-v12d10\/#primaryimage\"},\"image\":{\"@id\":\"http:\/\/vuletech.com\/product\/cong-tac-hanh-trinh-mini-mk-v12d10\/#primaryimage\"},\"thumbnailUrl\":\"https:\/\/vuletech.com\/wp-content\/uploads\/2023\/07\/MK-V12D10.jpg\",\"datePublished\":\"2025-05-07T02:43:15+00:00\",\"dateModified\":\"2025-05-07T02:43:17+00:00\",\"breadcrumb\":{\"@id\":\"http:\/\/vuletech.com\/product\/cong-tac-hanh-trinh-mini-mk-v12d10\/#breadcrumb\"},\"inLanguage\":\"en-US\",\"potentialAction\":[{\"@type\":\"ReadAction\",\"target\":[\"http:\/\/vuletech.com\/product\/cong-tac-hanh-trinh-mini-mk-v12d10\/\"]}]},{\"@type\":\"ImageObject\",\"inLanguage\":\"en-US\",\"@id\":\"http:\/\/vuletech.com\/product\/cong-tac-hanh-trinh-mini-mk-v12d10\/#primaryimage\",\"url\":\"https:\/\/vuletech.com\/wp-content\/uploads\/2023\/07\/MK-V12D10.jpg\",\"contentUrl\":\"https:\/\/vuletech.com\/wp-content\/uploads\/2023\/07\/MK-V12D10.jpg\",\"width\":360,\"height\":360,\"caption\":\"C\u00f4ng t\u1eafc h\u00e0nh tr\u00ecnh mini MK V12D10\"},{\"@type\":\"BreadcrumbList\",\"@id\":\"http:\/\/vuletech.com\/product\/cong-tac-hanh-trinh-mini-mk-v12d10\/#breadcrumb\",\"itemListElement\":[{\"@type\":\"ListItem\",\"position\":1,\"name\":\"Home\",\"item\":\"http:\/\/vuletech.com\/en\/\"},{\"@type\":\"ListItem\",\"position\":2,\"name\":\"Product\",\"item\":\"https:\/\/vuletech.com\/product\/\"},{\"@type\":\"ListItem\",\"position\":3,\"name\":\"C\u00f4ng t\u1eafc h\u00e0nh tr\u00ecnh mini MK V12D10\"}]},{\"@type\":\"WebSite\",\"@id\":\"http:\/\/vuletech.com\/#website\",\"url\":\"http:\/\/vuletech.com\/\",\"name\":\"V\u0169 L\u00ea Tech\",\"description\":\"Our Solution - Your Value\",\"potentialAction\":[{\"@type\":\"SearchAction\",\"target\":{\"@type\":\"EntryPoint\",\"urlTemplate\":\"http:\/\/vuletech.com\/?s={search_term_string}\"},\"query-input\":{\"@type\":\"PropertyValueSpecification\",\"valueRequired\":true,\"valueName\":\"search_term_string\"}}],\"inLanguage\":\"en-US\"}]}<\/script>\n<!-- \/ Yoast SEO plugin. -->","yoast_head_json":{"title":"C\u00f4ng t\u1eafc h\u00e0nh tr\u00ecnh mini MK V12D10 - V\u0169 L\u00ea Tech","robots":{"index":"index","follow":"follow","max-snippet":"max-snippet:-1","max-image-preview":"max-image-preview:large","max-video-preview":"max-video-preview:-1"},"canonical":"http:\/\/vuletech.com\/product\/cong-tac-hanh-trinh-mini-mk-v12d10\/","og_locale":"en_US","og_type":"article","og_title":"C\u00f4ng t\u1eafc h\u00e0nh tr\u00ecnh mini MK V12D10 - V\u0169 L\u00ea Tech","og_description":"[vc_row][vc_column width=&#8221;1\/2&#8243;][vc_single_image image=&#8221;6413&#8243; img_size=&#8221;full&#8221; alignment=&#8221;center&#8221;][\/vc_column][vc_column width=&#8221;1\/2&#8243;][vc_custom_heading text=&#8221;MK V12D10&#8243; use_theme_fonts=&#8221;yes&#8221;][vc_column_text] C\u00f4ng t\u1eafc h\u00e0nh tr\u00ecnh lo\u1ea1i nh\u1ecf v\u1edbi p\u00edt t\u00f4ng ren T\u00ednh n\u0103ng chung V\u1ecf: Nh\u1ef1a, gia c\u1ed1 s\u1ee3i th\u1ee7y tinh, t\u1ef1 d\u1eadp l\u1eeda, ch\u1ed1ng s\u1ed1c. \u0110\u1ea7u truy\u1ec1n \u0111\u1ed9ng: P\u00edt t\u00f4ng ren M12x1 (threaded plunger). Ti\u00eau chu\u1ea9n: IP00 theo EN 60529 (k\u1ebft h\u1ee3p v\u1edbi b\u1ed9 ph\u1eadn b\u1ea3o","og_url":"http:\/\/vuletech.com\/product\/cong-tac-hanh-trinh-mini-mk-v12d10\/","og_site_name":"V\u0169 L\u00ea Tech","article_modified_time":"2025-05-07T02:43:17+00:00","og_image":[{"width":360,"height":360,"url":"http:\/\/vuletech.com\/wp-content\/uploads\/2023\/07\/MK-V12D10.jpg","type":"image\/jpeg"}],"twitter_card":"summary_large_image","twitter_misc":{"Est. reading time":"2 minutes"},"schema":{"@context":"https:\/\/schema.org","@graph":[{"@type":"WebPage","@id":"http:\/\/vuletech.com\/product\/cong-tac-hanh-trinh-mini-mk-v12d10\/","url":"http:\/\/vuletech.com\/product\/cong-tac-hanh-trinh-mini-mk-v12d10\/","name":"C\u00f4ng t\u1eafc h\u00e0nh tr\u00ecnh mini MK V12D10 - V\u0169 L\u00ea Tech","isPartOf":{"@id":"http:\/\/vuletech.com\/#website"},"primaryImageOfPage":{"@id":"http:\/\/vuletech.com\/product\/cong-tac-hanh-trinh-mini-mk-v12d10\/#primaryimage"},"image":{"@id":"http:\/\/vuletech.com\/product\/cong-tac-hanh-trinh-mini-mk-v12d10\/#primaryimage"},"thumbnailUrl":"https:\/\/vuletech.com\/wp-content\/uploads\/2023\/07\/MK-V12D10.jpg","datePublished":"2025-05-07T02:43:15+00:00","dateModified":"2025-05-07T02:43:17+00:00","breadcrumb":{"@id":"http:\/\/vuletech.com\/product\/cong-tac-hanh-trinh-mini-mk-v12d10\/#breadcrumb"},"inLanguage":"en-US","potentialAction":[{"@type":"ReadAction","target":["http:\/\/vuletech.com\/product\/cong-tac-hanh-trinh-mini-mk-v12d10\/"]}]},{"@type":"ImageObject","inLanguage":"en-US","@id":"http:\/\/vuletech.com\/product\/cong-tac-hanh-trinh-mini-mk-v12d10\/#primaryimage","url":"https:\/\/vuletech.com\/wp-content\/uploads\/2023\/07\/MK-V12D10.jpg","contentUrl":"https:\/\/vuletech.com\/wp-content\/uploads\/2023\/07\/MK-V12D10.jpg","width":360,"height":360,"caption":"C\u00f4ng t\u1eafc h\u00e0nh tr\u00ecnh mini MK V12D10"},{"@type":"BreadcrumbList","@id":"http:\/\/vuletech.com\/product\/cong-tac-hanh-trinh-mini-mk-v12d10\/#breadcrumb","itemListElement":[{"@type":"ListItem","position":1,"name":"Home","item":"http:\/\/vuletech.com\/en\/"},{"@type":"ListItem","position":2,"name":"Product","item":"https:\/\/vuletech.com\/product\/"},{"@type":"ListItem","position":3,"name":"C\u00f4ng t\u1eafc h\u00e0nh tr\u00ecnh mini MK V12D10"}]},{"@type":"WebSite","@id":"http:\/\/vuletech.com\/#website","url":"http:\/\/vuletech.com\/","name":"V\u0169 L\u00ea Tech","description":"Our Solution - Your Value","potentialAction":[{"@type":"SearchAction","target":{"@type":"EntryPoint","urlTemplate":"http:\/\/vuletech.com\/?s={search_term_string}"},"query-input":{"@type":"PropertyValueSpecification","valueRequired":true,"valueName":"search_term_string"}}],"inLanguage":"en-US"}]}},"_links":{"self":[{"href":"https:\/\/vuletech.com\/en\/wp-json\/wp\/v2\/product\/9362","targetHints":{"allow":["GET"]}}],"collection":[{"href":"https:\/\/vuletech.com\/en\/wp-json\/wp\/v2\/product"}],"about":[{"href":"https:\/\/vuletech.com\/en\/wp-json\/wp\/v2\/types\/product"}],"replies":[{"embeddable":true,"href":"https:\/\/vuletech.com\/en\/wp-json\/wp\/v2\/comments?post=9362"}],"wp:featuredmedia":[{"embeddable":true,"href":"https:\/\/vuletech.com\/en\/wp-json\/wp\/v2\/media\/6413"}],"wp:attachment":[{"href":"https:\/\/vuletech.com\/en\/wp-json\/wp\/v2\/media?parent=9362"}],"wp:term":[{"taxonomy":"product_brand","embeddable":true,"href":"https:\/\/vuletech.com\/en\/wp-json\/wp\/v2\/product_brand?post=9362"},{"taxonomy":"product_cat","embeddable":true,"href":"https:\/\/vuletech.com\/en\/wp-json\/wp\/v2\/product_cat?post=9362"},{"taxonomy":"product_tag","embeddable":true,"href":"https:\/\/vuletech.com\/en\/wp-json\/wp\/v2\/product_tag?post=9362"}],"curies":[{"name":"wp","href":"https:\/\/api.w.org\/{rel}","templated":true}]}}