{"id":9366,"date":"2025-05-07T09:43:15","date_gmt":"2025-05-07T02:43:15","guid":{"rendered":"https:\/\/vuletech.com\/product\/vo-cong-tac-hanh-trinh-mini-vf-mkcv22\/"},"modified":"2025-05-07T09:43:19","modified_gmt":"2025-05-07T02:43:19","slug":"vo-cong-tac-hanh-trinh-mini-vf-mkcv22","status":"publish","type":"product","link":"https:\/\/vuletech.com\/en\/product\/vo-cong-tac-hanh-trinh-mini-vf-mkcv22\/","title":{"rendered":"V\u1ecf c\u00f4ng t\u1eafc h\u00e0nh tr\u00ecnh mini VF MKCV22"},"content":{"rendered":"<div class=\"wpb-content-wrapper\"><p>[vc_row][vc_column width=&#8221;1\/2&#8243;][vc_single_image image=&#8221;6421&#8243; img_size=&#8221;full&#8221; alignment=&#8221;center&#8221;][\/vc_column][vc_column width=&#8221;1\/2&#8243;][vc_custom_heading text=&#8221;VF MKCV22&#8243; use_theme_fonts=&#8221;yes&#8221;]<div class=\"wt-separator-outer \">\n                                    <div class=\"wt-separator style-square\">\n                                        <span class=\"separator-left bg-primary\"><\/span>\n                                        <span class=\"separator-right bg-primary\"><\/span>\n                                    <\/div>\n                                <\/div>\n[vc_column_text]<\/p>\n<h2>B\u1ed9 ph\u1eadn b\u1ea3o v\u1ec1 \u0111\u1ea7u cu\u1ed1i \u0111\u1ea5u \u0111\u00e2y<\/h2>\n<p><strong>T\u00ednh n\u0103ng chung<\/strong><\/p>\n<ul>\n<li>V\u1ecf b\u1ea3o v\u1ec7 \u0111\u1ea7u cu\u1ed1i cho \u0111\u1ea7u d\u00e2y bu\u1ed9c th\u1eb3ng \u0111\u1ee9ng c\u00f3 \u0111\u1ec7m c\u00e1p gi\u1ea3m c\u0103ng v\u00e0 gi\u00e1 \u0111\u1ee1 g\u1eafn v\u00e0o.<\/li>\n<li>V\u1ecf b\u1ea3o v\u1ec7 c\u00f3 mi\u1ebfng \u0111\u1ec7m d\u00e0nh cho c\u00e1p \u0111a c\u1ef1c D4\u20267,5mm.<\/li>\n<li>Khi k\u1ebft h\u1ee3p v\u1edbi ctht MK th\u00ec n\u00e2ng ch\u1ec9 s\u1ed1 b\u1ea3o v\u1ec7 c\u1ee7a v\u1ecf l\u00ean \u0111\u1ebfn IP 67 theo EN 60529.<\/li>\n<li>Ch\u1ec9 k\u1ebft h\u1ee3p v\u1edbi c\u00f4ng t\u1eafc MK V*2**<\/li>\n<\/ul>\n<p>[\/vc_column_text][\/vc_column][\/vc_row][vc_row][vc_column][vc_tta_tabs][vc_tta_section title=&#8221;T\u00e0i li\u1ec7u&#8221; tab_id=&#8221;1624348809989-fe366497-653a&#8221;][vc_column_text]<\/p>\n<table style=\"border-collapse: collapse; width: 356px; height: 67px;\" border=\"0\" width=\"144\" cellspacing=\"0\" cellpadding=\"0\">\n<tbody>\n<tr style=\"height: 14.25pt;\">\n<td style=\"height: 14.25pt; width: 54pt;\" width=\"72\" height=\"19\">Type<\/td>\n<td style=\"width: 54pt;\" width=\"72\">File<\/td>\n<\/tr>\n<tr style=\"height: 14.25pt;\">\n<td style=\"height: 14.25pt;\" height=\"19\">Lift General Catalog<\/td>\n<td><a href=\"https:\/\/vuletech.com\/wp-content\/uploads\/2023\/07\/ZE_GCL03A22-ENG_63-70.pdf\">ZE_GCL03A22-ENG_63-70<\/a><\/td>\n<\/tr>\n<tr style=\"height: 14.25pt;\">\n<td style=\"height: 14.25pt;\" height=\"19\">General Catalog<\/td>\n<td><a href=\"https:\/\/vuletech.com\/wp-content\/uploads\/2023\/07\/ZE_GCP04A20-ENG_139-150.pdf\">ZE_GCP04A20-ENG_139-150<\/a><\/td>\n<\/tr>\n<\/tbody>\n<\/table>\n<p>[\/vc_column_text][\/vc_tta_section][vc_tta_section title=&#8221;Ch\u1ee9ng nh\u1eadn ch\u1ea5t l\u01b0\u1ee3ng&#8221; tab_id=&#8221;1624348809998-3c562afa-f759&#8243;][vc_column_text]<\/p>\n<table width=\"736\">\n<tbody>\n<tr>\n<td width=\"162\"><img loading=\"lazy\" decoding=\"async\" class=\"alignnone wp-image-920 size-full\" src=\"http:\/\/vuletech.com\/wp-content\/uploads\/2020\/09\/cccweb.png\" alt=\"\" width=\"44\" height=\"34\" \/><\/td>\n<td width=\"574\"><a href=\"http:\/\/vuletech.southteam.vn\/wp-content\/uploads\/2020\/09\/cert_ccc_2007010305230000.pdf\">cert_ccc_2007010305230000<\/a><\/td>\n<\/tr>\n<tr>\n<td><img loading=\"lazy\" decoding=\"async\" class=\"alignnone wp-image-924 size-full\" src=\"http:\/\/vuletech.com\/wp-content\/uploads\/2020\/09\/ULweb.png\" alt=\"\" width=\"70\" height=\"43\" \/><\/td>\n<td><a href=\"http:\/\/vuletech.southteam.vn\/wp-content\/uploads\/2020\/09\/cert_UL_NKCR_E131787_us_ca.pdf\">cert_UL_NKCR_E131787_us_ca<\/a><\/td>\n<\/tr>\n<tr>\n<td><img loading=\"lazy\" decoding=\"async\" class=\"alignnone wp-image-921 size-full\" src=\"http:\/\/vuletech.com\/wp-content\/uploads\/2020\/09\/CE-1web.png\" alt=\"\" width=\"43\" height=\"30\" \/><\/td>\n<td><a href=\"http:\/\/vuletech.southteam.vn\/wp-content\/uploads\/2020\/09\/cert_CE_ZE_PCE04-EU.pdf\">cert_CE_ZE_PCE04-EU<\/a><\/td>\n<\/tr>\n<tr>\n<td><img loading=\"lazy\" decoding=\"async\" class=\"alignnone wp-image-922 size-full\" src=\"http:\/\/vuletech.com\/wp-content\/uploads\/2020\/09\/EACweb.png\" alt=\"\" width=\"43\" height=\"36\" \/><\/td>\n<td><a href=\"http:\/\/vuletech.southteam.vn\/wp-content\/uploads\/2020\/09\/cert_EAC_B.00035_2019_ru.pdf\">cert_EAC_B.00035_2019_ru<\/a><\/td>\n<\/tr>\n<tr>\n<td><img loading=\"lazy\" decoding=\"async\" class=\"alignnone wp-image-923 size-full\" src=\"http:\/\/vuletech.com\/wp-content\/uploads\/2020\/09\/IMQweb.png\" alt=\"\" width=\"43\" height=\"43\" \/><\/td>\n<td><a href=\"http:\/\/vuletech.southteam.vn\/wp-content\/uploads\/2020\/09\/cert_IMQ_eg605_ie.pdf\">cert_IMQ_eg605_ie<\/a><\/td>\n<\/tr>\n<\/tbody>\n<\/table>\n<p>[\/vc_column_text][\/vc_tta_section][\/vc_tta_tabs][\/vc_column][\/vc_row]<\/p>\n<\/div>","protected":false},"excerpt":{"rendered":"<p>[vc_row][vc_column width=&#8221;1\/2&#8243;][vc_single_image image=&#8221;6421&#8243; img_size=&#8221;full&#8221; alignment=&#8221;center&#8221;][\/vc_column][vc_column width=&#8221;1\/2&#8243;][vc_custom_heading text=&#8221;VF MKCV22&#8243; use_theme_fonts=&#8221;yes&#8221;][vc_column_text] B\u1ed9 ph\u1eadn b\u1ea3o v\u1ec1 \u0111\u1ea7u cu\u1ed1i \u0111\u1ea5u \u0111\u00e2y T\u00ednh n\u0103ng chung V\u1ecf b\u1ea3o v\u1ec7 \u0111\u1ea7u cu\u1ed1i cho \u0111\u1ea7u d\u00e2y bu\u1ed9c th\u1eb3ng \u0111\u1ee9ng c\u00f3 \u0111\u1ec7m c\u00e1p gi\u1ea3m c\u0103ng v\u00e0 gi\u00e1 \u0111\u1ee1 g\u1eafn v\u00e0o. V\u1ecf b\u1ea3o v\u1ec7 c\u00f3 mi\u1ebfng \u0111\u1ec7m d\u00e0nh cho c\u00e1p \u0111a c\u1ef1c D4\u20267,5mm. Khi k\u1ebft<\/p>\n","protected":false},"featured_media":6421,"comment_status":"closed","ping_status":"open","template":"","meta":[],"product_brand":[],"product_cat":[720],"product_tag":[],"class_list":{"0":"post-9366","1":"product","2":"type-product","3":"status-publish","4":"has-post-thumbnail","6":"product_cat-uncategorized","8":"first","9":"instock","10":"product-type-simple"},"acf":[],"yoast_head":"<!-- This site is optimized with the Yoast SEO plugin v25.1 - https:\/\/yoast.com\/wordpress\/plugins\/seo\/ -->\n<title>V\u1ecf c\u00f4ng t\u1eafc h\u00e0nh tr\u00ecnh mini VF MKCV22 - V\u0169 L\u00ea Tech<\/title>\n<meta name=\"robots\" content=\"index, follow, max-snippet:-1, max-image-preview:large, max-video-preview:-1\" \/>\n<link rel=\"canonical\" href=\"https:\/\/vuletech.com\/en\/product\/vo-cong-tac-hanh-trinh-mini-vf-mkcv22\/\" \/>\n<meta property=\"og:locale\" content=\"en_US\" \/>\n<meta property=\"og:type\" content=\"article\" \/>\n<meta property=\"og:title\" content=\"V\u1ecf c\u00f4ng t\u1eafc h\u00e0nh tr\u00ecnh mini VF MKCV22 - V\u0169 L\u00ea Tech\" \/>\n<meta property=\"og:description\" content=\"[vc_row][vc_column width=&#8221;1\/2&#8243;][vc_single_image image=&#8221;6421&#8243; img_size=&#8221;full&#8221; alignment=&#8221;center&#8221;][\/vc_column][vc_column width=&#8221;1\/2&#8243;][vc_custom_heading text=&#8221;VF MKCV22&#8243; use_theme_fonts=&#8221;yes&#8221;][vc_column_text] B\u1ed9 ph\u1eadn b\u1ea3o v\u1ec1 \u0111\u1ea7u cu\u1ed1i \u0111\u1ea5u \u0111\u00e2y T\u00ednh n\u0103ng chung V\u1ecf b\u1ea3o v\u1ec7 \u0111\u1ea7u cu\u1ed1i cho \u0111\u1ea7u d\u00e2y bu\u1ed9c th\u1eb3ng \u0111\u1ee9ng c\u00f3 \u0111\u1ec7m c\u00e1p gi\u1ea3m c\u0103ng v\u00e0 gi\u00e1 \u0111\u1ee1 g\u1eafn v\u00e0o. V\u1ecf b\u1ea3o v\u1ec7 c\u00f3 mi\u1ebfng \u0111\u1ec7m d\u00e0nh cho c\u00e1p \u0111a c\u1ef1c D4\u20267,5mm. Khi k\u1ebft\" \/>\n<meta property=\"og:url\" content=\"https:\/\/vuletech.com\/en\/product\/vo-cong-tac-hanh-trinh-mini-vf-mkcv22\/\" \/>\n<meta property=\"og:site_name\" content=\"V\u0169 L\u00ea Tech\" \/>\n<meta property=\"article:modified_time\" content=\"2025-05-07T02:43:19+00:00\" \/>\n<meta property=\"og:image\" content=\"https:\/\/vuletech.com\/wp-content\/uploads\/2023\/07\/VF-MKCV22.jpg\" \/>\n\t<meta property=\"og:image:width\" content=\"360\" \/>\n\t<meta property=\"og:image:height\" content=\"360\" \/>\n\t<meta property=\"og:image:type\" content=\"image\/jpeg\" \/>\n<meta name=\"twitter:card\" content=\"summary_large_image\" \/>\n<meta name=\"twitter:label1\" content=\"Est. reading time\" \/>\n\t<meta name=\"twitter:data1\" content=\"1 minute\" \/>\n<script type=\"application\/ld+json\" class=\"yoast-schema-graph\">{\"@context\":\"https:\/\/schema.org\",\"@graph\":[{\"@type\":\"WebPage\",\"@id\":\"https:\/\/vuletech.com\/en\/product\/vo-cong-tac-hanh-trinh-mini-vf-mkcv22\/\",\"url\":\"https:\/\/vuletech.com\/en\/product\/vo-cong-tac-hanh-trinh-mini-vf-mkcv22\/\",\"name\":\"V\u1ecf c\u00f4ng t\u1eafc h\u00e0nh tr\u00ecnh mini VF MKCV22 - V\u0169 L\u00ea Tech\",\"isPartOf\":{\"@id\":\"http:\/\/vuletech.com\/#website\"},\"primaryImageOfPage\":{\"@id\":\"https:\/\/vuletech.com\/en\/product\/vo-cong-tac-hanh-trinh-mini-vf-mkcv22\/#primaryimage\"},\"image\":{\"@id\":\"https:\/\/vuletech.com\/en\/product\/vo-cong-tac-hanh-trinh-mini-vf-mkcv22\/#primaryimage\"},\"thumbnailUrl\":\"https:\/\/vuletech.com\/wp-content\/uploads\/2023\/07\/VF-MKCV22.jpg\",\"datePublished\":\"2025-05-07T02:43:15+00:00\",\"dateModified\":\"2025-05-07T02:43:19+00:00\",\"breadcrumb\":{\"@id\":\"https:\/\/vuletech.com\/en\/product\/vo-cong-tac-hanh-trinh-mini-vf-mkcv22\/#breadcrumb\"},\"inLanguage\":\"en-US\",\"potentialAction\":[{\"@type\":\"ReadAction\",\"target\":[\"https:\/\/vuletech.com\/en\/product\/vo-cong-tac-hanh-trinh-mini-vf-mkcv22\/\"]}]},{\"@type\":\"ImageObject\",\"inLanguage\":\"en-US\",\"@id\":\"https:\/\/vuletech.com\/en\/product\/vo-cong-tac-hanh-trinh-mini-vf-mkcv22\/#primaryimage\",\"url\":\"https:\/\/vuletech.com\/wp-content\/uploads\/2023\/07\/VF-MKCV22.jpg\",\"contentUrl\":\"https:\/\/vuletech.com\/wp-content\/uploads\/2023\/07\/VF-MKCV22.jpg\",\"width\":360,\"height\":360,\"caption\":\"V\u1ecf c\u00f4ng t\u1eafc h\u00e0nh tr\u00ecnh mini VF MKCV22\"},{\"@type\":\"BreadcrumbList\",\"@id\":\"https:\/\/vuletech.com\/en\/product\/vo-cong-tac-hanh-trinh-mini-vf-mkcv22\/#breadcrumb\",\"itemListElement\":[{\"@type\":\"ListItem\",\"position\":1,\"name\":\"Home\",\"item\":\"http:\/\/vuletech.com\/en\/\"},{\"@type\":\"ListItem\",\"position\":2,\"name\":\"Product\",\"item\":\"https:\/\/vuletech.com\/product\/\"},{\"@type\":\"ListItem\",\"position\":3,\"name\":\"V\u1ecf c\u00f4ng t\u1eafc h\u00e0nh tr\u00ecnh mini VF MKCV22\"}]},{\"@type\":\"WebSite\",\"@id\":\"http:\/\/vuletech.com\/#website\",\"url\":\"http:\/\/vuletech.com\/\",\"name\":\"V\u0169 L\u00ea Tech\",\"description\":\"Our Solution - Your Value\",\"potentialAction\":[{\"@type\":\"SearchAction\",\"target\":{\"@type\":\"EntryPoint\",\"urlTemplate\":\"http:\/\/vuletech.com\/?s={search_term_string}\"},\"query-input\":{\"@type\":\"PropertyValueSpecification\",\"valueRequired\":true,\"valueName\":\"search_term_string\"}}],\"inLanguage\":\"en-US\"}]}<\/script>\n<!-- \/ Yoast SEO plugin. -->","yoast_head_json":{"title":"V\u1ecf c\u00f4ng t\u1eafc h\u00e0nh tr\u00ecnh mini VF MKCV22 - V\u0169 L\u00ea Tech","robots":{"index":"index","follow":"follow","max-snippet":"max-snippet:-1","max-image-preview":"max-image-preview:large","max-video-preview":"max-video-preview:-1"},"canonical":"https:\/\/vuletech.com\/en\/product\/vo-cong-tac-hanh-trinh-mini-vf-mkcv22\/","og_locale":"en_US","og_type":"article","og_title":"V\u1ecf c\u00f4ng t\u1eafc h\u00e0nh tr\u00ecnh mini VF MKCV22 - V\u0169 L\u00ea Tech","og_description":"[vc_row][vc_column width=&#8221;1\/2&#8243;][vc_single_image image=&#8221;6421&#8243; img_size=&#8221;full&#8221; alignment=&#8221;center&#8221;][\/vc_column][vc_column width=&#8221;1\/2&#8243;][vc_custom_heading text=&#8221;VF MKCV22&#8243; use_theme_fonts=&#8221;yes&#8221;][vc_column_text] B\u1ed9 ph\u1eadn b\u1ea3o v\u1ec1 \u0111\u1ea7u cu\u1ed1i \u0111\u1ea5u \u0111\u00e2y T\u00ednh n\u0103ng chung V\u1ecf b\u1ea3o v\u1ec7 \u0111\u1ea7u cu\u1ed1i cho \u0111\u1ea7u d\u00e2y bu\u1ed9c th\u1eb3ng \u0111\u1ee9ng c\u00f3 \u0111\u1ec7m c\u00e1p gi\u1ea3m c\u0103ng v\u00e0 gi\u00e1 \u0111\u1ee1 g\u1eafn v\u00e0o. V\u1ecf b\u1ea3o v\u1ec7 c\u00f3 mi\u1ebfng \u0111\u1ec7m d\u00e0nh cho c\u00e1p \u0111a c\u1ef1c D4\u20267,5mm. Khi k\u1ebft","og_url":"https:\/\/vuletech.com\/en\/product\/vo-cong-tac-hanh-trinh-mini-vf-mkcv22\/","og_site_name":"V\u0169 L\u00ea Tech","article_modified_time":"2025-05-07T02:43:19+00:00","og_image":[{"width":360,"height":360,"url":"https:\/\/vuletech.com\/wp-content\/uploads\/2023\/07\/VF-MKCV22.jpg","type":"image\/jpeg"}],"twitter_card":"summary_large_image","twitter_misc":{"Est. reading time":"1 minute"},"schema":{"@context":"https:\/\/schema.org","@graph":[{"@type":"WebPage","@id":"https:\/\/vuletech.com\/en\/product\/vo-cong-tac-hanh-trinh-mini-vf-mkcv22\/","url":"https:\/\/vuletech.com\/en\/product\/vo-cong-tac-hanh-trinh-mini-vf-mkcv22\/","name":"V\u1ecf c\u00f4ng t\u1eafc h\u00e0nh tr\u00ecnh mini VF MKCV22 - V\u0169 L\u00ea Tech","isPartOf":{"@id":"http:\/\/vuletech.com\/#website"},"primaryImageOfPage":{"@id":"https:\/\/vuletech.com\/en\/product\/vo-cong-tac-hanh-trinh-mini-vf-mkcv22\/#primaryimage"},"image":{"@id":"https:\/\/vuletech.com\/en\/product\/vo-cong-tac-hanh-trinh-mini-vf-mkcv22\/#primaryimage"},"thumbnailUrl":"https:\/\/vuletech.com\/wp-content\/uploads\/2023\/07\/VF-MKCV22.jpg","datePublished":"2025-05-07T02:43:15+00:00","dateModified":"2025-05-07T02:43:19+00:00","breadcrumb":{"@id":"https:\/\/vuletech.com\/en\/product\/vo-cong-tac-hanh-trinh-mini-vf-mkcv22\/#breadcrumb"},"inLanguage":"en-US","potentialAction":[{"@type":"ReadAction","target":["https:\/\/vuletech.com\/en\/product\/vo-cong-tac-hanh-trinh-mini-vf-mkcv22\/"]}]},{"@type":"ImageObject","inLanguage":"en-US","@id":"https:\/\/vuletech.com\/en\/product\/vo-cong-tac-hanh-trinh-mini-vf-mkcv22\/#primaryimage","url":"https:\/\/vuletech.com\/wp-content\/uploads\/2023\/07\/VF-MKCV22.jpg","contentUrl":"https:\/\/vuletech.com\/wp-content\/uploads\/2023\/07\/VF-MKCV22.jpg","width":360,"height":360,"caption":"V\u1ecf c\u00f4ng t\u1eafc h\u00e0nh tr\u00ecnh mini VF MKCV22"},{"@type":"BreadcrumbList","@id":"https:\/\/vuletech.com\/en\/product\/vo-cong-tac-hanh-trinh-mini-vf-mkcv22\/#breadcrumb","itemListElement":[{"@type":"ListItem","position":1,"name":"Home","item":"http:\/\/vuletech.com\/en\/"},{"@type":"ListItem","position":2,"name":"Product","item":"https:\/\/vuletech.com\/product\/"},{"@type":"ListItem","position":3,"name":"V\u1ecf c\u00f4ng t\u1eafc h\u00e0nh tr\u00ecnh mini VF MKCV22"}]},{"@type":"WebSite","@id":"http:\/\/vuletech.com\/#website","url":"http:\/\/vuletech.com\/","name":"V\u0169 L\u00ea Tech","description":"Our Solution - Your Value","potentialAction":[{"@type":"SearchAction","target":{"@type":"EntryPoint","urlTemplate":"http:\/\/vuletech.com\/?s={search_term_string}"},"query-input":{"@type":"PropertyValueSpecification","valueRequired":true,"valueName":"search_term_string"}}],"inLanguage":"en-US"}]}},"_links":{"self":[{"href":"https:\/\/vuletech.com\/en\/wp-json\/wp\/v2\/product\/9366","targetHints":{"allow":["GET"]}}],"collection":[{"href":"https:\/\/vuletech.com\/en\/wp-json\/wp\/v2\/product"}],"about":[{"href":"https:\/\/vuletech.com\/en\/wp-json\/wp\/v2\/types\/product"}],"replies":[{"embeddable":true,"href":"https:\/\/vuletech.com\/en\/wp-json\/wp\/v2\/comments?post=9366"}],"wp:featuredmedia":[{"embeddable":true,"href":"https:\/\/vuletech.com\/en\/wp-json\/wp\/v2\/media\/6421"}],"wp:attachment":[{"href":"https:\/\/vuletech.com\/en\/wp-json\/wp\/v2\/media?parent=9366"}],"wp:term":[{"taxonomy":"product_brand","embeddable":true,"href":"https:\/\/vuletech.com\/en\/wp-json\/wp\/v2\/product_brand?post=9366"},{"taxonomy":"product_cat","embeddable":true,"href":"https:\/\/vuletech.com\/en\/wp-json\/wp\/v2\/product_cat?post=9366"},{"taxonomy":"product_tag","embeddable":true,"href":"https:\/\/vuletech.com\/en\/wp-json\/wp\/v2\/product_tag?post=9366"}],"curies":[{"name":"wp","href":"https:\/\/api.w.org\/{rel}","templated":true}]}}