{"id":9471,"date":"2025-05-07T10:05:44","date_gmt":"2025-05-07T03:05:44","guid":{"rendered":"https:\/\/vuletech.com\/product\/ng-2d5d411a-f31-3\/"},"modified":"2025-05-07T10:05:50","modified_gmt":"2025-05-07T03:05:50","slug":"ng-2d5d411a-f31-3","status":"publish","type":"product","link":"https:\/\/vuletech.com\/en\/product\/ng-2d5d411a-f31-3\/","title":{"rendered":"NG 2D5D411A-F31"},"content":{"rendered":"<div class=\"wpb-content-wrapper\"><p>[vc_row][vc_column width=&#8221;1\/2&#8243;][vc_single_image image=&#8221;8444&#8243; img_size=&#8221;full&#8221; alignment=&#8221;center&#8221;][\/vc_column][vc_column width=&#8221;1\/2&#8243;][vc_custom_heading text=&#8221;NG 2D5D411A-F31&#8243; use_theme_fonts=&#8221;yes&#8221;][vc_column_text]<\/p>\n<div class=\"ewa-rteLine\">\n<div class=\"ewa-rteLine\">\n<div class=\"ewa-rteLine\">\n<div class=\"ewa-rteLine\">\n<div class=\"ewa-rteLine\">\n<div class=\"ewa-rteLine\">\n<div class=\"ewa-rteLine\">\n<div class=\"ewa-rteLine\">C\u00f4ng t\u1eafc an to\u00e0n c\u1eeda c\u00f3 kh\u00f3a RFID<\/div>\n<div class=\"ewa-rteLine\">V\u1ecf: Kim lo\u1ea1i, \u0111\u1ea7u k\u1ebft n\u1ed1i M12x1.5.<\/div>\n<p>B\u1ed9 truy\u1ec1n \u0111\u1ed9ng: VN NG-F31, m\u00e3 h\u00f3a cao.<\/p>\n<div class=\"ewa-rteLine\"><strong>Nguy\u00ean l\u00fd ho\u1ea1t \u0111\u1ed9ng:<\/strong><\/div>\n<div class=\"ewa-rteLine\">De-energized (nh\u1ea3 b\u1ed9 truy\u1ec1n \u0111\u1ed9ng khi c\u1ea5p \u0111i\u1ec7n).<\/div>\n<div class=\"ewa-rteLine\">Ch\u1ebf \u0111\u1ed9 k\u00edch ho\u1ea1t 1: \u0110\u1ea7u ra an to\u00e0n ho\u1ea1t \u0111\u1ed9ng khi b\u1ed9 truy\u1ec1n \u0111\u1ed9ng \u0111\u01b0\u1ee3c l\u1eafp v\u00e0 kh\u00f3a.<\/div>\n<div class=\"ewa-rteLine\"><strong>\u0110\u1ea7u v\u00e0o:<\/strong><\/div>\n<div class=\"ewa-rteLine\">2 \u0111\u1ea7u v\u00e0o an to\u00e0n IS1-IS2.<\/div>\n<div class=\"ewa-rteLine\">2 \u0111\u1ea7u v\u00e0o k\u00edch ho\u1ea1t solenoid IE1-IE2.<\/div>\n<div class=\"ewa-rteLine\">1 \u0111\u1ea7u v\u00e0o l\u1eadp tr\u00ecnh\/\u0111\u1eb7t l\u1ea1i \u0111\u1ea7u truy\u1ec1n \u0111\u1ed9ng I3.<\/div>\n<div class=\"ewa-rteLine\"><strong>\u0110\u1ea7u ra:<\/strong><\/div>\n<div class=\"ewa-rteLine\">2 \u0111\u1ea7u ra an to\u00e0n OS1-OS2.<\/div>\n<div class=\"ewa-rteLine\">1 \u0111\u1ea7u ra t\u00edn hi\u1ec7u O3: b\u1ed9 truy\u1ec1n \u0111\u1ed9ng \u0111\u01b0\u1ee3c ch\u00e8n.<\/div>\n<div class=\"ewa-rteLine\">1 \u0111\u1ea7u ra t\u00edn hi\u1ec7u O4: b\u1ed9 truy\u1ec1n \u0111\u1ed9ng \u0111\u01b0\u1ee3c kh\u00f3a.<\/div>\n<div class=\"ewa-rteLine\"><strong>C\u01a1 c\u1ea5u ph\u1ee5:<\/strong><\/div>\n<div class=\"ewa-rteLine\">Ch\u00eca kh\u00f3a nh\u1ea3 ph\u1ee5: ph\u00eda tr\u01b0\u1edbc.<\/div>\n<div class=\"ewa-rteLine\">B\u1ea3o v\u1ec7: IP 67 theo EN 60529, IP69K theo ISO 20653.<\/div>\n<div class=\"ewa-rteLine\">Nhi\u1ec7t \u0111\u1ed9: -20<sup>o<\/sup>C \u2026 +50<sup>o<\/sup>C.<\/div>\n<\/div>\n<\/div>\n<\/div>\n<\/div>\n<\/div>\n<\/div>\n<\/div>\n<p>[\/vc_column_text][\/vc_column][\/vc_row][vc_row][vc_column][vc_tta_tabs][vc_tta_section title=&#8221;Th\u00f4ng s\u1ed1 k\u1ef9 thu\u1eadt&#8221; tab_id=&#8221;1698055620011-215380e2-42d6&#8243;][vc_column_text]<\/p>\n<table style=\"height: 146px;\" width=\"654\">\n<tbody>\n<tr>\n<td width=\"69\">Th\u00f4ng s\u1ed1 k\u1ef9 thu\u1eadt<\/td>\n<td width=\"69\">\u0110\u1eb7t h\u00e0ng ngay<\/td>\n<td width=\"69\">T\u00ecnh tr\u1ea1ng<\/td>\n<\/tr>\n<tr>\n<td>\n<div class=\"ewa-rteLine\">\n<div class=\"ewa-rteLine\">\n<div class=\"ewa-rteLine\">\n<div class=\"ewa-rteLine\">\n<div class=\"ewa-rteLine\">\n<div class=\"ewa-rteLine\">\n<div class=\"ewa-rteLine\">\n<div class=\"ewa-rteLine\">\n<div class=\"ewa-rteLine\">\n<div class=\"ewa-rteLine\">\n<div class=\"ewa-rteLine\">\n<div class=\"ewa-rteLine\">\n<div class=\"ewa-rteLine\">\n<div class=\"ewa-rteLine\">\n<div class=\"ewa-rteLine\">\n<div class=\"ewa-rteLine\">\n<div class=\"ewa-rteLine\">\n<div class=\"ewa-rteLine\">\n<div class=\"ewa-rteLine\">\n<div class=\"ewa-rteLine\">\n<div class=\"ewa-rteLine\">\n<div class=\"ewa-rteLine\">\n<div class=\"ewa-rteLine\">\n<div class=\"ewa-rteLine\">\n<div class=\"ewa-rteLine\">\n<div class=\"ewa-rteLine\">\n<div class=\"ewa-rteLine\">\n<div class=\"ewa-rteLine\">\n<div class=\"ewa-rteLine\">\n<div class=\"ewa-rteLine\">\n<div class=\"ewa-rteLine\">\n<div class=\"ewa-rteLine\">\n<div class=\"ewa-rteLine\">\n<div class=\"ewa-rteLine\">\n<div class=\"ewa-rteLine\">\n<div class=\"ewa-rteLine\">\n<div class=\"ewa-rteLine\">\n<div class=\"ewa-rteLine\">\n<div class=\"ewa-rteLine\">\n<div class=\"ewa-rteLine\"><strong>Ngu\u1ed3n c\u1ea5p:<\/strong><\/div>\n<div class=\"ewa-rteLine\">\u00c1p \u0111\u1ecbnh m\u1ee9c Ue: 24 Vdc.<\/div>\n<div class=\"ewa-rteLine\">D\u00f2ng ho\u1ea1t \u0111\u1ed9ng t\u1ea1i Ue: Min. 40 mA; Max. 0.4 A khi k\u00edch ho\u1ea1t solenoid; 1.2 A khi k\u00edch ho\u1ea1t solenoid v\u00e0 t\u1ea5t c\u1ea3 c\u00e1c \u0111\u1ea7u ra \u1edf m\u1ee9c cao.<\/div>\n<div class=\"ewa-rteLine\"><strong>Input: (IS1-IS2, I3, IE1-IE2)<\/strong><\/div>\n<div class=\"ewa-rteLine\">\u00c1p \u0111\u1ecbnh m\u1ee9c: 24 Vdc.<\/div>\n<div class=\"ewa-rteLine\">D\u00f2ng ti\u00eau th\u1ee5 \u0111\u1ecbnh m\u1ee9c: 5 mA.<\/div>\n<div class=\"ewa-rteLine\"><strong>Output: (OS1-OS2)<\/strong><\/div>\n<div class=\"ewa-rteLine\">\u00c1p \u0111\u1ecbnh m\u1ee9c: 24 Vdc.<\/div>\n<div class=\"ewa-rteLine\">D\u00f2ng t\u1ed1i \u0111a tr\u00ean m\u1ed7i ng\u00f5 ra: 0.25 A.<\/div>\n<div class=\"ewa-rteLine\">D\u00f2ng t\u1ed1i thi\u1ec3u tr\u00ean m\u1ed7i ng\u00f5 ra: 0.5 mA.<\/div>\n<div class=\"ewa-rteLine\">Ki\u1ec3u ng\u00f5 ra: PNP lo\u1ea1i OSSD.<\/div>\n<div class=\"ewa-rteLine\"><strong>Output: (O3, O4)<\/strong><\/div>\n<div class=\"ewa-rteLine\">\u00c1p \u0111\u1ecbnh m\u1ee9c: 24 Vdc.<\/div>\n<div class=\"ewa-rteLine\">D\u00f2ng t\u1ed1i \u0111a tr\u00ean m\u1ed7i ng\u00f5 ra: 0.1 A.<\/div>\n<div class=\"ewa-rteLine\">Ki\u1ec3u ng\u00f5 ra: PNP.<\/div>\n<\/div>\n<\/div>\n<\/div>\n<\/div>\n<\/div>\n<\/div>\n<\/div>\n<\/div>\n<\/div>\n<\/div>\n<\/div>\n<\/div>\n<\/div>\n<\/div>\n<\/div>\n<\/div>\n<\/div>\n<\/div>\n<\/div>\n<\/div>\n<\/div>\n<\/div>\n<\/div>\n<\/div>\n<\/div>\n<\/div>\n<\/div>\n<\/div>\n<\/div>\n<\/div>\n<\/div>\n<\/div>\n<\/div>\n<\/div>\n<\/div>\n<\/div>\n<\/div>\n<\/div>\n<\/div>\n<\/td>\n<td>(028) 3620 8179<\/td>\n<td><\/td>\n<\/tr>\n<\/tbody>\n<\/table>\n<p>[\/vc_column_text][\/vc_tta_section][vc_tta_section title=&#8221;T\u00e0i li\u1ec7u&#8221; tab_id=&#8221;1601286509720-4457335d-2b64&#8243;][vc_column_text]<a href=\"https:\/\/365vuletech-my.sharepoint.com\/:b:\/g\/personal\/vanbi_vuletech_com\/EfojbDdWX0BMhFSVqoTgGqkBsuadibeJLqZGuO1omKkc-w?e=EEQT4z\">DATASHEET<\/a>[\/vc_column_text][\/vc_tta_section][\/vc_tta_tabs][\/vc_column][\/vc_row][vc_row][vc_column][vc_custom_heading text=&#8221;Quy tr\u00ecnh VULETECH x\u1eed l\u00fd \u0111\u01a1n h\u00e0ng&#8221; use_theme_fonts=&#8221;yes&#8221;][\/vc_column][\/vc_row][vc_row][vc_column][vc_single_image image=&#8221;8169&#8243; img_size=&#8221;full&#8221; alignment=&#8221;center&#8221;][\/vc_column][\/vc_row][vc_row][vc_column][vc_custom_heading text=&#8221;THINK SAFETY, THINK VULETECH&#8221; use_theme_fonts=&#8221;yes&#8221;][\/vc_column][\/vc_row][vc_row][vc_column][vc_single_image image=&#8221;7787&#8243; img_size=&#8221;full&#8221; alignment=&#8221;center&#8221;][vc_column_text]<span class=\"html-span xexx8yu x4uap5 x18d9i69 xkhd6sd x1hl2dhg x16tdsg8 x1vvkbs x3nfvp2 x1j61x8r x1fcty0u xdj266r xat24cr xgzva0m xhhsvwb xxymvpz xlup9mm x1kky2od\"><img loading=\"lazy\" decoding=\"async\" class=\"xz74otr\" src=\"https:\/\/static.xx.fbcdn.net\/images\/emoji.php\/v9\/t22\/1\/16\/260e.png\" alt=\"\u260e\" width=\"16\" height=\"16\" \/><\/span> G\u1eccI NGAY (???) ???? ???? \u0110\u1ec2 \u0110\u1eb6T H\u00c0NG!<\/p>\n<div dir=\"auto\">T\u1ea1i Vi\u1ec7t Nam, Qu\u00fd kh\u00e1ch c\u00f3 th\u1ec3 t\u00ecm mua s\u1ea3n ph\u1ea9m t\u1ea1i c\u00f4ng ty TNHH C\u00f4ng Ngh\u1ec7 V\u0169 L\u00ea \u2013 c\u00f4ng ty ph\u00e2n ph\u1ed1i ch\u00ednh th\u1ee9c t\u1ea5t c\u1ea3 c\u00e1c s\u1ea3n ph\u1ea9m c\u1ee7a ??????? ????????? t\u1ea1i Vi\u1ec7t Nam.<\/div>\n<div dir=\"auto\">C\u00e1c s\u1ea3n ph\u1ea9m c\u1ee7a ??????? ????????? v\u1edbi ch\u1ea5t l\u01b0\u1ee3ng v\u01b0\u1ee3t tr\u1ed9i nh\u01b0ng gi\u00e1 ph\u1ea3i ch\u0103ng, c\u00f3 \u0111\u1ea7y \u0111\u1ee7 c\u00e1c ti\u00eau chu\u1ea9n ch\u00e2u \u00c2u v\u1edbi \u0111\u1ed9 b\u1ec1n c\u1ef1c k\u00ec cao.<\/div>\n<p>\u0110\u1ecba ch\u1ec9: 27 Xu\u00e2n Qu\u1ef3nh, KDC Gia H\u00f2a, P. Ph\u01b0\u1edbc Long B, Tp. Th\u1ee7 \u0110\u1ee9c, Tp.HCM<br class=\"html-br\" \/>Hotline: (028) 3620 8179 \/ 3620 8176 \/ 3620 8177Fax: (028) 3620 8178<br class=\"html-br\" \/>Mail: info@vuletech.com[\/vc_column_text]\n<div class=\"wpcf7 no-js\" id=\"wpcf7-f6140-o1\" lang=\"vi\" dir=\"ltr\" data-wpcf7-id=\"6140\">\n<div class=\"screen-reader-response\"><p role=\"status\" aria-live=\"polite\" aria-atomic=\"true\"><\/p> <ul><\/ul><\/div>\n<form action=\"\/en\/wp-json\/wp\/v2\/product\/9471#wpcf7-f6140-o1\" method=\"post\" class=\"wpcf7-form init\" aria-label=\"Form li\u00ean h\u1ec7\" novalidate=\"novalidate\" data-status=\"init\">\n<div style=\"display: none;\">\n<input type=\"hidden\" name=\"_wpcf7\" value=\"6140\" \/>\n<input type=\"hidden\" name=\"_wpcf7_version\" value=\"6.0.6\" \/>\n<input type=\"hidden\" name=\"_wpcf7_locale\" value=\"vi\" \/>\n<input type=\"hidden\" name=\"_wpcf7_unit_tag\" value=\"wpcf7-f6140-o1\" \/>\n<input type=\"hidden\" name=\"_wpcf7_container_post\" value=\"0\" \/>\n<input type=\"hidden\" name=\"_wpcf7_posted_data_hash\" value=\"\" \/>\n<\/div>\n<div class=\"row\">\n\t<div class=\"col-md-6\">\n\t\t<p><span class=\"wpcf7-form-control-wrap\" data-name=\"your-name\"><input size=\"40\" maxlength=\"400\" class=\"wpcf7-form-control wpcf7-text wpcf7-validates-as-required rounded-0 mb-3 p-2\" aria-required=\"true\" aria-invalid=\"false\" placeholder=\"Your name\" value=\"\" type=\"text\" name=\"your-name\" \/><\/span>\n\t\t<\/p>\n\t<\/div>\n\t<div class=\"col-md-6\">\n\t\t<p><span class=\"wpcf7-form-control-wrap\" data-name=\"your-email\"><input size=\"40\" maxlength=\"400\" class=\"wpcf7-form-control wpcf7-email wpcf7-validates-as-required wpcf7-text wpcf7-validates-as-email rounded-0 mb-3 p-2\" aria-required=\"true\" aria-invalid=\"false\" placeholder=\"Email\" value=\"\" type=\"email\" name=\"your-email\" \/><\/span>\n\t\t<\/p>\n\t<\/div>\n\t<div class=\"col-md-6\">\n\t\t<p><span class=\"wpcf7-form-control-wrap\" data-name=\"tel-822\"><input size=\"40\" maxlength=\"400\" class=\"wpcf7-form-control wpcf7-tel wpcf7-text wpcf7-validates-as-tel rounded-0 mb-3 p-2\" aria-invalid=\"false\" placeholder=\"Your phone\" value=\"\" type=\"tel\" name=\"tel-822\" \/><\/span>\n\t\t<\/p>\n\t<\/div>\n\t<div class=\"col-md-6\">\n\t\t<p><span class=\"wpcf7-form-control-wrap\" data-name=\"your-subject\"><input size=\"40\" maxlength=\"400\" class=\"wpcf7-form-control wpcf7-text rounded-0 mb-3 p-2\" aria-invalid=\"false\" placeholder=\"Subject\" value=\"\" type=\"text\" name=\"your-subject\" \/><\/span>\n\t\t<\/p>\n\t<\/div>\n\t<div class=\"col-12\">\n\t\t<p><span class=\"wpcf7-form-control-wrap\" data-name=\"your-message\"><textarea cols=\"10\" rows=\"4\" maxlength=\"2000\" class=\"wpcf7-form-control wpcf7-textarea rounded-0 mb-3 p-2\" aria-invalid=\"false\" placeholder=\"Message\" name=\"your-message\"><\/textarea><\/span>\n\t\t<\/p>\n\t<\/div>\n\t<div class=\"col-lg-4\">\n\t\t<p><input class=\"wpcf7-form-control wpcf7-submit has-spinner btn btn-gradient btn-block rounded-0\" type=\"submit\" value=\"Submit\" \/>\n\t\t<\/p>\n\t<\/div>\n<\/div><div class=\"wpcf7-response-output\" aria-hidden=\"true\"><\/div>\n<\/form>\n<\/div>\n[\/vc_column][\/vc_row]<\/p>\n<\/div>","protected":false},"excerpt":{"rendered":"<p>[vc_row][vc_column width=&#8221;1\/2&#8243;][vc_single_image image=&#8221;8444&#8243; img_size=&#8221;full&#8221; alignment=&#8221;center&#8221;][\/vc_column][vc_column width=&#8221;1\/2&#8243;][vc_custom_heading text=&#8221;NG 2D5D411A-F31&#8243; use_theme_fonts=&#8221;yes&#8221;][vc_column_text] C\u00f4ng t\u1eafc an to\u00e0n c\u1eeda c\u00f3 kh\u00f3a RFID V\u1ecf: Kim lo\u1ea1i, \u0111\u1ea7u k\u1ebft n\u1ed1i M12x1.5. B\u1ed9 truy\u1ec1n \u0111\u1ed9ng: VN NG-F31, m\u00e3 h\u00f3a cao. Nguy\u00ean l\u00fd ho\u1ea1t \u0111\u1ed9ng: De-energized (nh\u1ea3 b\u1ed9 truy\u1ec1n \u0111\u1ed9ng khi c\u1ea5p \u0111i\u1ec7n). Ch\u1ebf \u0111\u1ed9 k\u00edch ho\u1ea1t 1: \u0110\u1ea7u ra an to\u00e0n ho\u1ea1t \u0111\u1ed9ng<\/p>\n","protected":false},"featured_media":8444,"comment_status":"closed","ping_status":"open","template":"","meta":[],"product_brand":[],"product_cat":[749],"product_tag":[],"class_list":{"0":"post-9471","1":"product","2":"type-product","3":"status-publish","4":"has-post-thumbnail","6":"product_cat-thiet-bi-dienpizzato-elettricasan-pham-pizzato-thong-dung","8":"first","9":"instock","10":"product-type-simple"},"acf":[],"yoast_head":"<!-- This site is optimized with the Yoast SEO plugin v25.1 - https:\/\/yoast.com\/wordpress\/plugins\/seo\/ -->\n<title>NG 2D5D411A-F31 - V\u0169 L\u00ea Tech<\/title>\n<meta name=\"robots\" content=\"index, follow, max-snippet:-1, max-image-preview:large, max-video-preview:-1\" \/>\n<link rel=\"canonical\" href=\"https:\/\/vuletech.com\/en\/product\/ng-2d5d411a-f31-3\/\" \/>\n<meta property=\"og:locale\" content=\"en_US\" \/>\n<meta property=\"og:type\" content=\"article\" \/>\n<meta property=\"og:title\" content=\"NG 2D5D411A-F31 - V\u0169 L\u00ea Tech\" \/>\n<meta property=\"og:description\" content=\"[vc_row][vc_column width=&#8221;1\/2&#8243;][vc_single_image image=&#8221;8444&#8243; img_size=&#8221;full&#8221; alignment=&#8221;center&#8221;][\/vc_column][vc_column width=&#8221;1\/2&#8243;][vc_custom_heading text=&#8221;NG 2D5D411A-F31&#8243; use_theme_fonts=&#8221;yes&#8221;][vc_column_text] C\u00f4ng t\u1eafc an to\u00e0n c\u1eeda c\u00f3 kh\u00f3a RFID V\u1ecf: Kim lo\u1ea1i, \u0111\u1ea7u k\u1ebft n\u1ed1i M12x1.5. B\u1ed9 truy\u1ec1n \u0111\u1ed9ng: VN NG-F31, m\u00e3 h\u00f3a cao. Nguy\u00ean l\u00fd ho\u1ea1t \u0111\u1ed9ng: De-energized (nh\u1ea3 b\u1ed9 truy\u1ec1n \u0111\u1ed9ng khi c\u1ea5p \u0111i\u1ec7n). Ch\u1ebf \u0111\u1ed9 k\u00edch ho\u1ea1t 1: \u0110\u1ea7u ra an to\u00e0n ho\u1ea1t \u0111\u1ed9ng\" \/>\n<meta property=\"og:url\" content=\"https:\/\/vuletech.com\/en\/product\/ng-2d5d411a-f31-3\/\" \/>\n<meta property=\"og:site_name\" content=\"V\u0169 L\u00ea Tech\" \/>\n<meta property=\"article:modified_time\" content=\"2025-05-07T03:05:50+00:00\" \/>\n<meta property=\"og:image\" content=\"https:\/\/vuletech.com\/wp-content\/uploads\/2024\/11\/NG_xD5Dxx1A-F3x_500.jpg\" \/>\n\t<meta property=\"og:image:width\" content=\"500\" \/>\n\t<meta property=\"og:image:height\" content=\"500\" \/>\n\t<meta property=\"og:image:type\" content=\"image\/jpeg\" \/>\n<meta name=\"twitter:card\" content=\"summary_large_image\" \/>\n<meta name=\"twitter:label1\" content=\"Est. reading time\" \/>\n\t<meta name=\"twitter:data1\" content=\"3 minutes\" \/>\n<script type=\"application\/ld+json\" class=\"yoast-schema-graph\">{\"@context\":\"https:\/\/schema.org\",\"@graph\":[{\"@type\":\"WebPage\",\"@id\":\"https:\/\/vuletech.com\/en\/product\/ng-2d5d411a-f31-3\/\",\"url\":\"https:\/\/vuletech.com\/en\/product\/ng-2d5d411a-f31-3\/\",\"name\":\"NG 2D5D411A-F31 - V\u0169 L\u00ea Tech\",\"isPartOf\":{\"@id\":\"https:\/\/vuletech.com\/en\/#website\"},\"primaryImageOfPage\":{\"@id\":\"https:\/\/vuletech.com\/en\/product\/ng-2d5d411a-f31-3\/#primaryimage\"},\"image\":{\"@id\":\"https:\/\/vuletech.com\/en\/product\/ng-2d5d411a-f31-3\/#primaryimage\"},\"thumbnailUrl\":\"https:\/\/vuletech.com\/wp-content\/uploads\/2024\/11\/NG_xD5Dxx1A-F3x_500.jpg\",\"datePublished\":\"2025-05-07T03:05:44+00:00\",\"dateModified\":\"2025-05-07T03:05:50+00:00\",\"breadcrumb\":{\"@id\":\"https:\/\/vuletech.com\/en\/product\/ng-2d5d411a-f31-3\/#breadcrumb\"},\"inLanguage\":\"en-US\",\"potentialAction\":[{\"@type\":\"ReadAction\",\"target\":[\"https:\/\/vuletech.com\/en\/product\/ng-2d5d411a-f31-3\/\"]}]},{\"@type\":\"ImageObject\",\"inLanguage\":\"en-US\",\"@id\":\"https:\/\/vuletech.com\/en\/product\/ng-2d5d411a-f31-3\/#primaryimage\",\"url\":\"https:\/\/vuletech.com\/wp-content\/uploads\/2024\/11\/NG_xD5Dxx1A-F3x_500.jpg\",\"contentUrl\":\"https:\/\/vuletech.com\/wp-content\/uploads\/2024\/11\/NG_xD5Dxx1A-F3x_500.jpg\",\"width\":500,\"height\":500},{\"@type\":\"BreadcrumbList\",\"@id\":\"https:\/\/vuletech.com\/en\/product\/ng-2d5d411a-f31-3\/#breadcrumb\",\"itemListElement\":[{\"@type\":\"ListItem\",\"position\":1,\"name\":\"Home\",\"item\":\"https:\/\/vuletech.com\/en\/\"},{\"@type\":\"ListItem\",\"position\":2,\"name\":\"Product\",\"item\":\"http:\/\/vuletech.com\/product\/\"},{\"@type\":\"ListItem\",\"position\":3,\"name\":\"NG 2D5D411A-F31\"}]},{\"@type\":\"WebSite\",\"@id\":\"https:\/\/vuletech.com\/en\/#website\",\"url\":\"https:\/\/vuletech.com\/en\/\",\"name\":\"V\u0169 L\u00ea Tech\",\"description\":\"Our Solution - Your Value\",\"potentialAction\":[{\"@type\":\"SearchAction\",\"target\":{\"@type\":\"EntryPoint\",\"urlTemplate\":\"https:\/\/vuletech.com\/en\/?s={search_term_string}\"},\"query-input\":{\"@type\":\"PropertyValueSpecification\",\"valueRequired\":true,\"valueName\":\"search_term_string\"}}],\"inLanguage\":\"en-US\"}]}<\/script>\n<!-- \/ Yoast SEO plugin. -->","yoast_head_json":{"title":"NG 2D5D411A-F31 - V\u0169 L\u00ea Tech","robots":{"index":"index","follow":"follow","max-snippet":"max-snippet:-1","max-image-preview":"max-image-preview:large","max-video-preview":"max-video-preview:-1"},"canonical":"https:\/\/vuletech.com\/en\/product\/ng-2d5d411a-f31-3\/","og_locale":"en_US","og_type":"article","og_title":"NG 2D5D411A-F31 - V\u0169 L\u00ea Tech","og_description":"[vc_row][vc_column width=&#8221;1\/2&#8243;][vc_single_image image=&#8221;8444&#8243; img_size=&#8221;full&#8221; alignment=&#8221;center&#8221;][\/vc_column][vc_column width=&#8221;1\/2&#8243;][vc_custom_heading text=&#8221;NG 2D5D411A-F31&#8243; use_theme_fonts=&#8221;yes&#8221;][vc_column_text] C\u00f4ng t\u1eafc an to\u00e0n c\u1eeda c\u00f3 kh\u00f3a RFID V\u1ecf: Kim lo\u1ea1i, \u0111\u1ea7u k\u1ebft n\u1ed1i M12x1.5. B\u1ed9 truy\u1ec1n \u0111\u1ed9ng: VN NG-F31, m\u00e3 h\u00f3a cao. Nguy\u00ean l\u00fd ho\u1ea1t \u0111\u1ed9ng: De-energized (nh\u1ea3 b\u1ed9 truy\u1ec1n \u0111\u1ed9ng khi c\u1ea5p \u0111i\u1ec7n). Ch\u1ebf \u0111\u1ed9 k\u00edch ho\u1ea1t 1: \u0110\u1ea7u ra an to\u00e0n ho\u1ea1t \u0111\u1ed9ng","og_url":"https:\/\/vuletech.com\/en\/product\/ng-2d5d411a-f31-3\/","og_site_name":"V\u0169 L\u00ea Tech","article_modified_time":"2025-05-07T03:05:50+00:00","og_image":[{"width":500,"height":500,"url":"https:\/\/vuletech.com\/wp-content\/uploads\/2024\/11\/NG_xD5Dxx1A-F3x_500.jpg","type":"image\/jpeg"}],"twitter_card":"summary_large_image","twitter_misc":{"Est. reading time":"3 minutes"},"schema":{"@context":"https:\/\/schema.org","@graph":[{"@type":"WebPage","@id":"https:\/\/vuletech.com\/en\/product\/ng-2d5d411a-f31-3\/","url":"https:\/\/vuletech.com\/en\/product\/ng-2d5d411a-f31-3\/","name":"NG 2D5D411A-F31 - V\u0169 L\u00ea Tech","isPartOf":{"@id":"https:\/\/vuletech.com\/en\/#website"},"primaryImageOfPage":{"@id":"https:\/\/vuletech.com\/en\/product\/ng-2d5d411a-f31-3\/#primaryimage"},"image":{"@id":"https:\/\/vuletech.com\/en\/product\/ng-2d5d411a-f31-3\/#primaryimage"},"thumbnailUrl":"https:\/\/vuletech.com\/wp-content\/uploads\/2024\/11\/NG_xD5Dxx1A-F3x_500.jpg","datePublished":"2025-05-07T03:05:44+00:00","dateModified":"2025-05-07T03:05:50+00:00","breadcrumb":{"@id":"https:\/\/vuletech.com\/en\/product\/ng-2d5d411a-f31-3\/#breadcrumb"},"inLanguage":"en-US","potentialAction":[{"@type":"ReadAction","target":["https:\/\/vuletech.com\/en\/product\/ng-2d5d411a-f31-3\/"]}]},{"@type":"ImageObject","inLanguage":"en-US","@id":"https:\/\/vuletech.com\/en\/product\/ng-2d5d411a-f31-3\/#primaryimage","url":"https:\/\/vuletech.com\/wp-content\/uploads\/2024\/11\/NG_xD5Dxx1A-F3x_500.jpg","contentUrl":"https:\/\/vuletech.com\/wp-content\/uploads\/2024\/11\/NG_xD5Dxx1A-F3x_500.jpg","width":500,"height":500},{"@type":"BreadcrumbList","@id":"https:\/\/vuletech.com\/en\/product\/ng-2d5d411a-f31-3\/#breadcrumb","itemListElement":[{"@type":"ListItem","position":1,"name":"Home","item":"https:\/\/vuletech.com\/en\/"},{"@type":"ListItem","position":2,"name":"Product","item":"http:\/\/vuletech.com\/product\/"},{"@type":"ListItem","position":3,"name":"NG 2D5D411A-F31"}]},{"@type":"WebSite","@id":"https:\/\/vuletech.com\/en\/#website","url":"https:\/\/vuletech.com\/en\/","name":"V\u0169 L\u00ea Tech","description":"Our Solution - Your Value","potentialAction":[{"@type":"SearchAction","target":{"@type":"EntryPoint","urlTemplate":"https:\/\/vuletech.com\/en\/?s={search_term_string}"},"query-input":{"@type":"PropertyValueSpecification","valueRequired":true,"valueName":"search_term_string"}}],"inLanguage":"en-US"}]}},"_links":{"self":[{"href":"https:\/\/vuletech.com\/en\/wp-json\/wp\/v2\/product\/9471","targetHints":{"allow":["GET"]}}],"collection":[{"href":"https:\/\/vuletech.com\/en\/wp-json\/wp\/v2\/product"}],"about":[{"href":"https:\/\/vuletech.com\/en\/wp-json\/wp\/v2\/types\/product"}],"replies":[{"embeddable":true,"href":"https:\/\/vuletech.com\/en\/wp-json\/wp\/v2\/comments?post=9471"}],"wp:featuredmedia":[{"embeddable":true,"href":"https:\/\/vuletech.com\/en\/wp-json\/wp\/v2\/media\/8444"}],"wp:attachment":[{"href":"https:\/\/vuletech.com\/en\/wp-json\/wp\/v2\/media?parent=9471"}],"wp:term":[{"taxonomy":"product_brand","embeddable":true,"href":"https:\/\/vuletech.com\/en\/wp-json\/wp\/v2\/product_brand?post=9471"},{"taxonomy":"product_cat","embeddable":true,"href":"https:\/\/vuletech.com\/en\/wp-json\/wp\/v2\/product_cat?post=9471"},{"taxonomy":"product_tag","embeddable":true,"href":"https:\/\/vuletech.com\/en\/wp-json\/wp\/v2\/product_tag?post=9471"}],"curies":[{"name":"wp","href":"https:\/\/api.w.org\/{rel}","templated":true}]}}