{"id":9542,"date":"2025-05-07T10:06:19","date_gmt":"2025-05-07T03:06:19","guid":{"rendered":"https:\/\/vuletech.com\/product\/fs-1896d024-f-2\/"},"modified":"2025-05-07T10:06:22","modified_gmt":"2025-05-07T03:06:22","slug":"fs-1896d024-f-2","status":"publish","type":"product","link":"https:\/\/vuletech.com\/en\/product\/fs-1896d024-f-2\/","title":{"rendered":"FS 1896D024-F"},"content":{"rendered":"<div class=\"wpb-content-wrapper\"><p>[vc_row][vc_column width=&#8221;1\/2&#8243;][vc_single_image image=&#8221;8848&#8243; img_size=&#8221;full&#8221; alignment=&#8221;center&#8221;][\/vc_column][vc_column width=&#8221;1\/2&#8243;][vc_custom_heading text=&#8221;FS 1896D024-F&#8221; use_theme_fonts=&#8221;yes&#8221;][vc_column_text]<\/p>\n<div class=\"ewa-rteLine\">\n<div class=\"ewa-rteLine\">\n<div class=\"ewa-rteLine\">C\u00f4ng t\u1eafc c\u1eeda an to\u00e0n c\u00f3 kh\u00f3a li\u00ean \u0111\u1ed9ng solenoid<\/div>\n<ul>\n<li class=\"ewa-rteLine\">V\u1ecf: Technopolymer, 3 c\u1ed5ng k\u1ebft n\u1ed1i PG 13.5.<\/li>\n<li class=\"ewa-rteLine\">Key: VF KEYF<\/li>\n<li class=\"ewa-rteLine\">Kh\u1ed1i ti\u1ebfp \u0111i\u1ec3m: 1NO + 1NC solenoid.<\/li>\n<li class=\"ewa-rteLine\">Nguy\u00ean l\u00fd: De-energized (C\u1ea5p \u0111i\u1ec7n m\u1edf kho\u00e1).<\/li>\n<li class=\"ewa-rteLine\">Ngu\u1ed3n c\u1ea5p: 24 Vac\/dc<\/li>\n<li class=\"ewa-rteLine\">C\u00f3 c\u01a1 c\u1ea5u m\u1edf ph\u1ee5.<\/li>\n<li class=\"ewa-rteLine\">B\u1ea3o v\u1ec7: IP 67 theo EN 60529.<\/li>\n<li class=\"ewa-rteLine\">Nhi\u1ec7t \u0111\u1ed9: -25<sup>o<\/sup>C \u2026 +60<sup>o<\/sup>C.<\/li>\n<\/ul>\n<\/div>\n<\/div>\n<p>[\/vc_column_text][\/vc_column][\/vc_row][vc_row][vc_column][vc_tta_tabs][vc_tta_section title=&#8221;Th\u00f4ng s\u1ed1 k\u1ef9 thu\u1eadt&#8221; tab_id=&#8221;1698055620011-215380e2-42d6&#8243;][vc_column_text]<\/p>\n<table style=\"height: 146px;\" width=\"654\">\n<tbody>\n<tr>\n<td width=\"69\">Th\u00f4ng s\u1ed1 k\u1ef9 thu\u1eadt<\/td>\n<td width=\"69\">\u0110\u1eb7t h\u00e0ng ngay<\/td>\n<td width=\"69\">T\u00ecnh tr\u1ea1ng<\/td>\n<\/tr>\n<tr>\n<td>\n<div class=\"ewa-rteLine\">\n<div class=\"ewa-rteLine\">\n<div class=\"ewa-rteLine\">\n<div class=\"ewa-rteLine\">\n<div class=\"ewa-rteLine\">\n<div class=\"ewa-rteLine\">\n<div class=\"ewa-rteLine\">\n<div class=\"ewa-rteLine\">\n<div class=\"ewa-rteLine\">\n<div class=\"ewa-rteLine\">\n<div class=\"ewa-rteLine\">\n<div class=\"ewa-rteLine\">\n<div class=\"ewa-rteLine\">\u2022 Ith: 10A.<\/div>\n<div class=\"ewa-rteLine\">\u2022 Ui: 500Vac-600Vdc.<\/div>\n<div class=\"ewa-rteLine\">\u2022 Uimp: 6kV.<\/div>\n<div class=\"ewa-rteLine\">\u2022 D\u00f2ng ng\u1eafn m\u1ea1ch: 1000A theo EN 60947-5-1.<\/div>\n<div class=\"ewa-rteLine\">\u2022 B\u1ea3o v\u1ec7 ch\u1ed1ng ng\u1eafn m\u1ea1ch: aM fuse 10A 500V.<\/div>\n<\/div>\n<\/div>\n<\/div>\n<\/div>\n<\/div>\n<\/div>\n<\/div>\n<\/div>\n<\/div>\n<\/div>\n<\/div>\n<\/div>\n<\/td>\n<td>(028) 3620 8179<\/td>\n<td><\/td>\n<\/tr>\n<\/tbody>\n<\/table>\n<p>[\/vc_column_text][\/vc_tta_section][vc_tta_section title=&#8221;T\u00e0i li\u1ec7u&#8221; tab_id=&#8221;1601286509720-4457335d-2b64&#8243;][vc_column_text]<a href=\"https:\/\/365vuletech-my.sharepoint.com\/:b:\/g\/personal\/vanbi_vuletech_com\/EQlIwk9tFBZIkmkDhGwKioAB31g-k45abNrGwE1OwdphXQ?e=mzsFnj\">Datasheet<\/a>[\/vc_column_text][\/vc_tta_section][\/vc_tta_tabs][\/vc_column][\/vc_row]<\/p>\n<\/div>","protected":false},"excerpt":{"rendered":"<p>[vc_row][vc_column width=&#8221;1\/2&#8243;][vc_single_image image=&#8221;8848&#8243; img_size=&#8221;full&#8221; alignment=&#8221;center&#8221;][\/vc_column][vc_column width=&#8221;1\/2&#8243;][vc_custom_heading text=&#8221;FS 1896D024-F&#8221; use_theme_fonts=&#8221;yes&#8221;][vc_column_text] C\u00f4ng t\u1eafc c\u1eeda an to\u00e0n c\u00f3 kh\u00f3a li\u00ean \u0111\u1ed9ng solenoid V\u1ecf: Technopolymer, 3 c\u1ed5ng k\u1ebft n\u1ed1i PG 13.5. Key: VF KEYF Kh\u1ed1i ti\u1ebfp \u0111i\u1ec3m: 1NO + 1NC solenoid. Nguy\u00ean l\u00fd: De-energized (C\u1ea5p \u0111i\u1ec7n m\u1edf kho\u00e1). Ngu\u1ed3n c\u1ea5p: 24 Vac\/dc C\u00f3 c\u01a1 c\u1ea5u m\u1edf ph\u1ee5. B\u1ea3o v\u1ec7:<\/p>\n","protected":false},"featured_media":8848,"comment_status":"closed","ping_status":"open","template":"","meta":[],"product_brand":[],"product_cat":[750],"product_tag":[],"class_list":{"0":"post-9542","1":"product","2":"type-product","3":"status-publish","4":"has-post-thumbnail","6":"product_cat-thiet-bi-dienpizzato-elettricasan-pham-pizzato-thong-dungthiet-bi-dienpizzato-elettricathiet-bi-an-toancong-tac-an-toan-voi-bo-truyen-dong-rieng-biet-co-khoaseries-fs","8":"first","9":"instock","10":"product-type-simple"},"acf":[],"yoast_head":"<!-- This site is optimized with the Yoast SEO plugin v25.1 - https:\/\/yoast.com\/wordpress\/plugins\/seo\/ -->\n<title>FS 1896D024-F - V\u0169 L\u00ea Tech<\/title>\n<meta name=\"robots\" content=\"index, follow, max-snippet:-1, max-image-preview:large, max-video-preview:-1\" \/>\n<link rel=\"canonical\" href=\"https:\/\/vuletech.com\/en\/product\/fs-1896d024-f-2\/\" \/>\n<meta property=\"og:locale\" content=\"en_US\" \/>\n<meta property=\"og:type\" content=\"article\" \/>\n<meta property=\"og:title\" content=\"FS 1896D024-F - V\u0169 L\u00ea Tech\" \/>\n<meta property=\"og:description\" content=\"[vc_row][vc_column width=&#8221;1\/2&#8243;][vc_single_image image=&#8221;8848&#8243; img_size=&#8221;full&#8221; alignment=&#8221;center&#8221;][\/vc_column][vc_column width=&#8221;1\/2&#8243;][vc_custom_heading text=&#8221;FS 1896D024-F&#8221; use_theme_fonts=&#8221;yes&#8221;][vc_column_text] C\u00f4ng t\u1eafc c\u1eeda an to\u00e0n c\u00f3 kh\u00f3a li\u00ean \u0111\u1ed9ng solenoid V\u1ecf: Technopolymer, 3 c\u1ed5ng k\u1ebft n\u1ed1i PG 13.5. Key: VF KEYF Kh\u1ed1i ti\u1ebfp \u0111i\u1ec3m: 1NO + 1NC solenoid. Nguy\u00ean l\u00fd: De-energized (C\u1ea5p \u0111i\u1ec7n m\u1edf kho\u00e1). Ngu\u1ed3n c\u1ea5p: 24 Vac\/dc C\u00f3 c\u01a1 c\u1ea5u m\u1edf ph\u1ee5. B\u1ea3o v\u1ec7:\" \/>\n<meta property=\"og:url\" content=\"https:\/\/vuletech.com\/en\/product\/fs-1896d024-f-2\/\" \/>\n<meta property=\"og:site_name\" content=\"V\u0169 L\u00ea Tech\" \/>\n<meta property=\"article:modified_time\" content=\"2025-05-07T03:06:22+00:00\" \/>\n<meta property=\"og:image\" content=\"https:\/\/vuletech.com\/wp-content\/uploads\/2025\/02\/FS_xx96Dxxx-F_500.jpg\" \/>\n\t<meta property=\"og:image:width\" content=\"500\" \/>\n\t<meta property=\"og:image:height\" content=\"500\" \/>\n\t<meta property=\"og:image:type\" content=\"image\/jpeg\" \/>\n<meta name=\"twitter:card\" content=\"summary_large_image\" \/>\n<meta name=\"twitter:label1\" content=\"Est. reading time\" \/>\n\t<meta name=\"twitter:data1\" content=\"1 minute\" \/>\n<script type=\"application\/ld+json\" class=\"yoast-schema-graph\">{\"@context\":\"https:\/\/schema.org\",\"@graph\":[{\"@type\":\"WebPage\",\"@id\":\"https:\/\/vuletech.com\/en\/product\/fs-1896d024-f-2\/\",\"url\":\"https:\/\/vuletech.com\/en\/product\/fs-1896d024-f-2\/\",\"name\":\"FS 1896D024-F - V\u0169 L\u00ea Tech\",\"isPartOf\":{\"@id\":\"https:\/\/vuletech.com\/en\/#website\"},\"primaryImageOfPage\":{\"@id\":\"https:\/\/vuletech.com\/en\/product\/fs-1896d024-f-2\/#primaryimage\"},\"image\":{\"@id\":\"https:\/\/vuletech.com\/en\/product\/fs-1896d024-f-2\/#primaryimage\"},\"thumbnailUrl\":\"https:\/\/vuletech.com\/wp-content\/uploads\/2025\/02\/FS_xx96Dxxx-F_500.jpg\",\"datePublished\":\"2025-05-07T03:06:19+00:00\",\"dateModified\":\"2025-05-07T03:06:22+00:00\",\"breadcrumb\":{\"@id\":\"https:\/\/vuletech.com\/en\/product\/fs-1896d024-f-2\/#breadcrumb\"},\"inLanguage\":\"en-US\",\"potentialAction\":[{\"@type\":\"ReadAction\",\"target\":[\"https:\/\/vuletech.com\/en\/product\/fs-1896d024-f-2\/\"]}]},{\"@type\":\"ImageObject\",\"inLanguage\":\"en-US\",\"@id\":\"https:\/\/vuletech.com\/en\/product\/fs-1896d024-f-2\/#primaryimage\",\"url\":\"https:\/\/vuletech.com\/wp-content\/uploads\/2025\/02\/FS_xx96Dxxx-F_500.jpg\",\"contentUrl\":\"https:\/\/vuletech.com\/wp-content\/uploads\/2025\/02\/FS_xx96Dxxx-F_500.jpg\",\"width\":500,\"height\":500},{\"@type\":\"BreadcrumbList\",\"@id\":\"https:\/\/vuletech.com\/en\/product\/fs-1896d024-f-2\/#breadcrumb\",\"itemListElement\":[{\"@type\":\"ListItem\",\"position\":1,\"name\":\"Home\",\"item\":\"https:\/\/vuletech.com\/en\/\"},{\"@type\":\"ListItem\",\"position\":2,\"name\":\"Product\",\"item\":\"http:\/\/vuletech.com\/product\/\"},{\"@type\":\"ListItem\",\"position\":3,\"name\":\"FS 1896D024-F\"}]},{\"@type\":\"WebSite\",\"@id\":\"https:\/\/vuletech.com\/en\/#website\",\"url\":\"https:\/\/vuletech.com\/en\/\",\"name\":\"V\u0169 L\u00ea Tech\",\"description\":\"Our Solution - Your Value\",\"potentialAction\":[{\"@type\":\"SearchAction\",\"target\":{\"@type\":\"EntryPoint\",\"urlTemplate\":\"https:\/\/vuletech.com\/en\/?s={search_term_string}\"},\"query-input\":{\"@type\":\"PropertyValueSpecification\",\"valueRequired\":true,\"valueName\":\"search_term_string\"}}],\"inLanguage\":\"en-US\"}]}<\/script>\n<!-- \/ Yoast SEO plugin. -->","yoast_head_json":{"title":"FS 1896D024-F - V\u0169 L\u00ea Tech","robots":{"index":"index","follow":"follow","max-snippet":"max-snippet:-1","max-image-preview":"max-image-preview:large","max-video-preview":"max-video-preview:-1"},"canonical":"https:\/\/vuletech.com\/en\/product\/fs-1896d024-f-2\/","og_locale":"en_US","og_type":"article","og_title":"FS 1896D024-F - V\u0169 L\u00ea Tech","og_description":"[vc_row][vc_column width=&#8221;1\/2&#8243;][vc_single_image image=&#8221;8848&#8243; img_size=&#8221;full&#8221; alignment=&#8221;center&#8221;][\/vc_column][vc_column width=&#8221;1\/2&#8243;][vc_custom_heading text=&#8221;FS 1896D024-F&#8221; use_theme_fonts=&#8221;yes&#8221;][vc_column_text] C\u00f4ng t\u1eafc c\u1eeda an to\u00e0n c\u00f3 kh\u00f3a li\u00ean \u0111\u1ed9ng solenoid V\u1ecf: Technopolymer, 3 c\u1ed5ng k\u1ebft n\u1ed1i PG 13.5. Key: VF KEYF Kh\u1ed1i ti\u1ebfp \u0111i\u1ec3m: 1NO + 1NC solenoid. Nguy\u00ean l\u00fd: De-energized (C\u1ea5p \u0111i\u1ec7n m\u1edf kho\u00e1). Ngu\u1ed3n c\u1ea5p: 24 Vac\/dc C\u00f3 c\u01a1 c\u1ea5u m\u1edf ph\u1ee5. B\u1ea3o v\u1ec7:","og_url":"https:\/\/vuletech.com\/en\/product\/fs-1896d024-f-2\/","og_site_name":"V\u0169 L\u00ea Tech","article_modified_time":"2025-05-07T03:06:22+00:00","og_image":[{"width":500,"height":500,"url":"https:\/\/vuletech.com\/wp-content\/uploads\/2025\/02\/FS_xx96Dxxx-F_500.jpg","type":"image\/jpeg"}],"twitter_card":"summary_large_image","twitter_misc":{"Est. reading time":"1 minute"},"schema":{"@context":"https:\/\/schema.org","@graph":[{"@type":"WebPage","@id":"https:\/\/vuletech.com\/en\/product\/fs-1896d024-f-2\/","url":"https:\/\/vuletech.com\/en\/product\/fs-1896d024-f-2\/","name":"FS 1896D024-F - V\u0169 L\u00ea Tech","isPartOf":{"@id":"https:\/\/vuletech.com\/en\/#website"},"primaryImageOfPage":{"@id":"https:\/\/vuletech.com\/en\/product\/fs-1896d024-f-2\/#primaryimage"},"image":{"@id":"https:\/\/vuletech.com\/en\/product\/fs-1896d024-f-2\/#primaryimage"},"thumbnailUrl":"https:\/\/vuletech.com\/wp-content\/uploads\/2025\/02\/FS_xx96Dxxx-F_500.jpg","datePublished":"2025-05-07T03:06:19+00:00","dateModified":"2025-05-07T03:06:22+00:00","breadcrumb":{"@id":"https:\/\/vuletech.com\/en\/product\/fs-1896d024-f-2\/#breadcrumb"},"inLanguage":"en-US","potentialAction":[{"@type":"ReadAction","target":["https:\/\/vuletech.com\/en\/product\/fs-1896d024-f-2\/"]}]},{"@type":"ImageObject","inLanguage":"en-US","@id":"https:\/\/vuletech.com\/en\/product\/fs-1896d024-f-2\/#primaryimage","url":"https:\/\/vuletech.com\/wp-content\/uploads\/2025\/02\/FS_xx96Dxxx-F_500.jpg","contentUrl":"https:\/\/vuletech.com\/wp-content\/uploads\/2025\/02\/FS_xx96Dxxx-F_500.jpg","width":500,"height":500},{"@type":"BreadcrumbList","@id":"https:\/\/vuletech.com\/en\/product\/fs-1896d024-f-2\/#breadcrumb","itemListElement":[{"@type":"ListItem","position":1,"name":"Home","item":"https:\/\/vuletech.com\/en\/"},{"@type":"ListItem","position":2,"name":"Product","item":"http:\/\/vuletech.com\/product\/"},{"@type":"ListItem","position":3,"name":"FS 1896D024-F"}]},{"@type":"WebSite","@id":"https:\/\/vuletech.com\/en\/#website","url":"https:\/\/vuletech.com\/en\/","name":"V\u0169 L\u00ea Tech","description":"Our Solution - Your Value","potentialAction":[{"@type":"SearchAction","target":{"@type":"EntryPoint","urlTemplate":"https:\/\/vuletech.com\/en\/?s={search_term_string}"},"query-input":{"@type":"PropertyValueSpecification","valueRequired":true,"valueName":"search_term_string"}}],"inLanguage":"en-US"}]}},"_links":{"self":[{"href":"https:\/\/vuletech.com\/en\/wp-json\/wp\/v2\/product\/9542","targetHints":{"allow":["GET"]}}],"collection":[{"href":"https:\/\/vuletech.com\/en\/wp-json\/wp\/v2\/product"}],"about":[{"href":"https:\/\/vuletech.com\/en\/wp-json\/wp\/v2\/types\/product"}],"replies":[{"embeddable":true,"href":"https:\/\/vuletech.com\/en\/wp-json\/wp\/v2\/comments?post=9542"}],"wp:featuredmedia":[{"embeddable":true,"href":"https:\/\/vuletech.com\/en\/wp-json\/wp\/v2\/media\/8848"}],"wp:attachment":[{"href":"https:\/\/vuletech.com\/en\/wp-json\/wp\/v2\/media?parent=9542"}],"wp:term":[{"taxonomy":"product_brand","embeddable":true,"href":"https:\/\/vuletech.com\/en\/wp-json\/wp\/v2\/product_brand?post=9542"},{"taxonomy":"product_cat","embeddable":true,"href":"https:\/\/vuletech.com\/en\/wp-json\/wp\/v2\/product_cat?post=9542"},{"taxonomy":"product_tag","embeddable":true,"href":"https:\/\/vuletech.com\/en\/wp-json\/wp\/v2\/product_tag?post=9542"}],"curies":[{"name":"wp","href":"https:\/\/api.w.org\/{rel}","templated":true}]}}