{"id":9563,"date":"2025-05-07T10:11:03","date_gmt":"2025-05-07T03:11:03","guid":{"rendered":"https:\/\/vuletech.com\/product\/sr-al41an2\/"},"modified":"2025-05-07T10:11:10","modified_gmt":"2025-05-07T03:11:10","slug":"sr-al41an2","status":"publish","type":"product","link":"https:\/\/vuletech.com\/en\/product\/sr-al41an2\/","title":{"rendered":"SR AL41AN2"},"content":{"rendered":"<div class=\"wpb-content-wrapper\"><p>[vc_row][vc_column width=&#8221;1\/2&#8243;][vc_single_image image=&#8221;3363&#8243; img_size=&#8221;full&#8221; alignment=&#8221;center&#8221;][\/vc_column][vc_column width=&#8221;1\/2&#8243;][vc_custom_heading text=&#8221;SR AL41AN2&#8243; use_theme_fonts=&#8221;yes&#8221;][vc_column_text]<\/p>\n<h2>C\u1ea3m bi\u1ebfn t\u1eeb \u0111\u01b0\u1ee3c m\u00e3 h\u00f3a<\/h2>\n<p><strong>C\u00e1c t\u00ednh n\u0103ng chung<\/strong><\/p>\n<p>V\u1ecf: V\u1ecf polyme, k\u1ebft n\u1ed1i b\u00ean tr\u00e1i<\/p>\n<p>Kh\u1ed1i ti\u1ebfp \u0111i\u1ec3m: 2NC + 1NO (c\u1eeda \u0111\u00f3ng)<\/p>\n<p>Lo\u1ea1i c\u00e1p ho\u1eb7c \u0111\u1ea7u n\u1ed1i: C\u00e1p PVC, 6&#215;0.25mm\u00b2<\/p>\n<p>B\u1ed9 truy\u1ec1n \u0111\u1ed9ng: Kh\u00f4ng c\u00f3[\/vc_column_text][\/vc_column][\/vc_row][vc_row][vc_column][vc_tta_tabs][vc_tta_section title=&#8221;T\u00e0i li\u1ec7u&#8221; tab_id=&#8221;1610081052269-e0dd9551-428d&#8221;][vc_column_text]<\/p>\n<table width=\"417\">\n<tbody>\n<tr>\n<td width=\"152\">Type<\/td>\n<td width=\"265\">File<\/td>\n<\/tr>\n<tr>\n<td width=\"152\">General Catalog<\/td>\n<td width=\"265\"><a href=\"https:\/\/vuletech.com\/wp-content\/uploads\/2021\/01\/ZE_GCS03A18-ENG_33-38.pdf\">ZE_GCS03A18-ENG_33-38<\/a><\/td>\n<\/tr>\n<tr>\n<td>Operating instructions<\/td>\n<td><a href=\"https:\/\/vuletech.com\/wp-content\/uploads\/2021\/01\/ZE_FOG50-EU.pdf\">ZE_FOG50-EU<\/a><\/td>\n<\/tr>\n<\/tbody>\n<\/table>\n<p>[\/vc_column_text][\/vc_tta_section][vc_tta_section title=&#8221;Ch\u1ee9ng nh\u1eadn ch\u1ea5t l\u01b0\u1ee3ng&#8221; tab_id=&#8221;1610081052297-7cd6e4b8-a77c&#8221;][vc_column_text]<\/p>\n<table width=\"417\">\n<tbody>\n<tr>\n<td width=\"152\"><img loading=\"lazy\" decoding=\"async\" class=\"alignnone size-full wp-image-1342\" src=\"https:\/\/vuletech.com\/wp-content\/uploads\/2020\/09\/UL.png\" alt=\"\" width=\"70\" height=\"43\" \/><\/td>\n<td width=\"265\"><a href=\"https:\/\/vuletech.com\/wp-content\/uploads\/2020\/09\/cert_UL_NKCR_E131787_us_ca-1.pdf\">cert_UL_NKCR_E131787_us_ca<\/a><\/td>\n<\/tr>\n<tr>\n<td><img loading=\"lazy\" decoding=\"async\" class=\"alignnone size-full wp-image-1340\" src=\"https:\/\/vuletech.com\/wp-content\/uploads\/2020\/09\/EAC.png\" alt=\"EAC\" width=\"43\" height=\"36\" \/><\/td>\n<td><a href=\"https:\/\/vuletech.com\/wp-content\/uploads\/2020\/09\/cert_EAC_B.00035_2019_ru.pdf\">cert_EAC_B.00035_2019_ru<\/a><\/td>\n<\/tr>\n<tr>\n<td><img loading=\"lazy\" decoding=\"async\" class=\"alignnone size-full wp-image-1341\" src=\"https:\/\/vuletech.com\/wp-content\/uploads\/2020\/09\/CE-1.png\" alt=\"\" width=\"43\" height=\"30\" \/><\/td>\n<td><a href=\"https:\/\/vuletech.com\/wp-content\/uploads\/2020\/09\/cert_CE_ZE_PCE04-EU.pdf\">cert_CE_ZE_PCE04-EU<\/a><\/td>\n<\/tr>\n<tr>\n<td width=\"152\"><img loading=\"lazy\" decoding=\"async\" class=\"alignnone wp-image-1306\" src=\"https:\/\/vuletech.com\/wp-content\/uploads\/2020\/09\/ECOCARE-TuV-suD.jpg\" alt=\"\" width=\"53\" height=\"46\" \/><\/td>\n<td width=\"265\"><a href=\"https:\/\/vuletech.com\/wp-content\/uploads\/2021\/01\/cert_tuev_Z10150875157008_eng.pdf\">cert_tuev_Z10150875157008_eng<\/a><\/td>\n<\/tr>\n<\/tbody>\n<\/table>\n<p>[\/vc_column_text][\/vc_tta_section][\/vc_tta_tabs][\/vc_column][\/vc_row]<\/p>\n<\/div>","protected":false},"excerpt":{"rendered":"<p>[vc_row][vc_column width=&#8221;1\/2&#8243;][vc_single_image image=&#8221;3363&#8243; img_size=&#8221;full&#8221; alignment=&#8221;center&#8221;][\/vc_column][vc_column width=&#8221;1\/2&#8243;][vc_custom_heading text=&#8221;SR AL41AN2&#8243; use_theme_fonts=&#8221;yes&#8221;][vc_column_text] C\u1ea3m bi\u1ebfn t\u1eeb \u0111\u01b0\u1ee3c m\u00e3 h\u00f3a C\u00e1c t\u00ednh n\u0103ng chung V\u1ecf: V\u1ecf polyme, k\u1ebft n\u1ed1i b\u00ean tr\u00e1i Kh\u1ed1i ti\u1ebfp \u0111i\u1ec3m: 2NC + 1NO (c\u1eeda \u0111\u00f3ng) Lo\u1ea1i c\u00e1p ho\u1eb7c \u0111\u1ea7u n\u1ed1i: C\u00e1p PVC, 6&#215;0.25mm\u00b2 B\u1ed9 truy\u1ec1n \u0111\u1ed9ng: Kh\u00f4ng c\u00f3[\/vc_column_text][\/vc_column][\/vc_row][vc_row][vc_column][vc_tta_tabs][vc_tta_section title=&#8221;T\u00e0i li\u1ec7u&#8221; tab_id=&#8221;1610081052269-e0dd9551-428d&#8221;][vc_column_text] Type File General Catalog ZE_GCS03A18-ENG_33-38<\/p>\n","protected":false},"featured_media":3363,"comment_status":"closed","ping_status":"open","template":"","meta":[],"product_brand":[],"product_cat":[754],"product_tag":[],"class_list":{"0":"post-9563","1":"product","2":"type-product","3":"status-publish","4":"has-post-thumbnail","6":"product_cat-thiet-bi-dienpizzato-elettricathiet-bi-an-toancong-tac-an-toan-cam-bien-tu-tinhse-ri-sr-a","8":"first","9":"instock","10":"product-type-simple"},"acf":[],"yoast_head":"<!-- This site is optimized with the Yoast SEO plugin v25.1 - https:\/\/yoast.com\/wordpress\/plugins\/seo\/ -->\n<title>SR AL41AN2 - V\u0169 L\u00ea Tech<\/title>\n<meta name=\"robots\" content=\"index, follow, max-snippet:-1, max-image-preview:large, max-video-preview:-1\" \/>\n<link rel=\"canonical\" href=\"http:\/\/vuletech.com\/en\/product\/sr-al41an2\/\" \/>\n<meta property=\"og:locale\" content=\"en_US\" \/>\n<meta property=\"og:type\" content=\"article\" \/>\n<meta property=\"og:title\" content=\"SR AL41AN2 - V\u0169 L\u00ea Tech\" \/>\n<meta property=\"og:description\" content=\"[vc_row][vc_column width=&#8221;1\/2&#8243;][vc_single_image image=&#8221;3363&#8243; img_size=&#8221;full&#8221; alignment=&#8221;center&#8221;][\/vc_column][vc_column width=&#8221;1\/2&#8243;][vc_custom_heading text=&#8221;SR AL41AN2&#8243; use_theme_fonts=&#8221;yes&#8221;][vc_column_text] C\u1ea3m bi\u1ebfn t\u1eeb \u0111\u01b0\u1ee3c m\u00e3 h\u00f3a C\u00e1c t\u00ednh n\u0103ng chung V\u1ecf: V\u1ecf polyme, k\u1ebft n\u1ed1i b\u00ean tr\u00e1i Kh\u1ed1i ti\u1ebfp \u0111i\u1ec3m: 2NC + 1NO (c\u1eeda \u0111\u00f3ng) Lo\u1ea1i c\u00e1p ho\u1eb7c \u0111\u1ea7u n\u1ed1i: C\u00e1p PVC, 6&#215;0.25mm\u00b2 B\u1ed9 truy\u1ec1n \u0111\u1ed9ng: Kh\u00f4ng c\u00f3[\/vc_column_text][\/vc_column][\/vc_row][vc_row][vc_column][vc_tta_tabs][vc_tta_section title=&#8221;T\u00e0i li\u1ec7u&#8221; tab_id=&#8221;1610081052269-e0dd9551-428d&#8221;][vc_column_text] Type File General Catalog ZE_GCS03A18-ENG_33-38\" \/>\n<meta property=\"og:url\" content=\"http:\/\/vuletech.com\/en\/product\/sr-al41an2\/\" \/>\n<meta property=\"og:site_name\" content=\"V\u0169 L\u00ea Tech\" \/>\n<meta property=\"article:modified_time\" content=\"2025-05-07T03:11:10+00:00\" \/>\n<meta property=\"og:image\" content=\"http:\/\/vuletech.com\/wp-content\/uploads\/2021\/01\/SR_AL41AN2.jpg\" \/>\n\t<meta property=\"og:image:width\" content=\"360\" \/>\n\t<meta property=\"og:image:height\" content=\"360\" \/>\n\t<meta property=\"og:image:type\" content=\"image\/jpeg\" \/>\n<meta name=\"twitter:card\" content=\"summary_large_image\" \/>\n<meta name=\"twitter:label1\" content=\"Est. reading time\" \/>\n\t<meta name=\"twitter:data1\" content=\"1 minute\" \/>\n<script type=\"application\/ld+json\" class=\"yoast-schema-graph\">{\"@context\":\"https:\/\/schema.org\",\"@graph\":[{\"@type\":\"WebPage\",\"@id\":\"http:\/\/vuletech.com\/en\/product\/sr-al41an2\/\",\"url\":\"http:\/\/vuletech.com\/en\/product\/sr-al41an2\/\",\"name\":\"SR AL41AN2 - V\u0169 L\u00ea Tech\",\"isPartOf\":{\"@id\":\"http:\/\/vuletech.com\/#website\"},\"primaryImageOfPage\":{\"@id\":\"http:\/\/vuletech.com\/en\/product\/sr-al41an2\/#primaryimage\"},\"image\":{\"@id\":\"http:\/\/vuletech.com\/en\/product\/sr-al41an2\/#primaryimage\"},\"thumbnailUrl\":\"https:\/\/vuletech.com\/wp-content\/uploads\/2021\/01\/SR_AL41AN2.jpg\",\"datePublished\":\"2025-05-07T03:11:03+00:00\",\"dateModified\":\"2025-05-07T03:11:10+00:00\",\"breadcrumb\":{\"@id\":\"http:\/\/vuletech.com\/en\/product\/sr-al41an2\/#breadcrumb\"},\"inLanguage\":\"en-US\",\"potentialAction\":[{\"@type\":\"ReadAction\",\"target\":[\"http:\/\/vuletech.com\/en\/product\/sr-al41an2\/\"]}]},{\"@type\":\"ImageObject\",\"inLanguage\":\"en-US\",\"@id\":\"http:\/\/vuletech.com\/en\/product\/sr-al41an2\/#primaryimage\",\"url\":\"https:\/\/vuletech.com\/wp-content\/uploads\/2021\/01\/SR_AL41AN2.jpg\",\"contentUrl\":\"https:\/\/vuletech.com\/wp-content\/uploads\/2021\/01\/SR_AL41AN2.jpg\",\"width\":360,\"height\":360,\"caption\":\"SR AL41AN2\"},{\"@type\":\"BreadcrumbList\",\"@id\":\"http:\/\/vuletech.com\/en\/product\/sr-al41an2\/#breadcrumb\",\"itemListElement\":[{\"@type\":\"ListItem\",\"position\":1,\"name\":\"Home\",\"item\":\"http:\/\/vuletech.com\/en\/\"},{\"@type\":\"ListItem\",\"position\":2,\"name\":\"Product\",\"item\":\"https:\/\/vuletech.com\/product\/\"},{\"@type\":\"ListItem\",\"position\":3,\"name\":\"SR AL41AN2\"}]},{\"@type\":\"WebSite\",\"@id\":\"http:\/\/vuletech.com\/#website\",\"url\":\"http:\/\/vuletech.com\/\",\"name\":\"V\u0169 L\u00ea Tech\",\"description\":\"Our Solution - Your Value\",\"potentialAction\":[{\"@type\":\"SearchAction\",\"target\":{\"@type\":\"EntryPoint\",\"urlTemplate\":\"http:\/\/vuletech.com\/?s={search_term_string}\"},\"query-input\":{\"@type\":\"PropertyValueSpecification\",\"valueRequired\":true,\"valueName\":\"search_term_string\"}}],\"inLanguage\":\"en-US\"}]}<\/script>\n<!-- \/ Yoast SEO plugin. -->","yoast_head_json":{"title":"SR AL41AN2 - V\u0169 L\u00ea Tech","robots":{"index":"index","follow":"follow","max-snippet":"max-snippet:-1","max-image-preview":"max-image-preview:large","max-video-preview":"max-video-preview:-1"},"canonical":"http:\/\/vuletech.com\/en\/product\/sr-al41an2\/","og_locale":"en_US","og_type":"article","og_title":"SR AL41AN2 - V\u0169 L\u00ea Tech","og_description":"[vc_row][vc_column width=&#8221;1\/2&#8243;][vc_single_image image=&#8221;3363&#8243; img_size=&#8221;full&#8221; alignment=&#8221;center&#8221;][\/vc_column][vc_column width=&#8221;1\/2&#8243;][vc_custom_heading text=&#8221;SR AL41AN2&#8243; use_theme_fonts=&#8221;yes&#8221;][vc_column_text] C\u1ea3m bi\u1ebfn t\u1eeb \u0111\u01b0\u1ee3c m\u00e3 h\u00f3a C\u00e1c t\u00ednh n\u0103ng chung V\u1ecf: V\u1ecf polyme, k\u1ebft n\u1ed1i b\u00ean tr\u00e1i Kh\u1ed1i ti\u1ebfp \u0111i\u1ec3m: 2NC + 1NO (c\u1eeda \u0111\u00f3ng) Lo\u1ea1i c\u00e1p ho\u1eb7c \u0111\u1ea7u n\u1ed1i: C\u00e1p PVC, 6&#215;0.25mm\u00b2 B\u1ed9 truy\u1ec1n \u0111\u1ed9ng: Kh\u00f4ng c\u00f3[\/vc_column_text][\/vc_column][\/vc_row][vc_row][vc_column][vc_tta_tabs][vc_tta_section title=&#8221;T\u00e0i li\u1ec7u&#8221; tab_id=&#8221;1610081052269-e0dd9551-428d&#8221;][vc_column_text] Type File General Catalog ZE_GCS03A18-ENG_33-38","og_url":"http:\/\/vuletech.com\/en\/product\/sr-al41an2\/","og_site_name":"V\u0169 L\u00ea Tech","article_modified_time":"2025-05-07T03:11:10+00:00","og_image":[{"width":360,"height":360,"url":"http:\/\/vuletech.com\/wp-content\/uploads\/2021\/01\/SR_AL41AN2.jpg","type":"image\/jpeg"}],"twitter_card":"summary_large_image","twitter_misc":{"Est. reading time":"1 minute"},"schema":{"@context":"https:\/\/schema.org","@graph":[{"@type":"WebPage","@id":"http:\/\/vuletech.com\/en\/product\/sr-al41an2\/","url":"http:\/\/vuletech.com\/en\/product\/sr-al41an2\/","name":"SR AL41AN2 - V\u0169 L\u00ea Tech","isPartOf":{"@id":"http:\/\/vuletech.com\/#website"},"primaryImageOfPage":{"@id":"http:\/\/vuletech.com\/en\/product\/sr-al41an2\/#primaryimage"},"image":{"@id":"http:\/\/vuletech.com\/en\/product\/sr-al41an2\/#primaryimage"},"thumbnailUrl":"https:\/\/vuletech.com\/wp-content\/uploads\/2021\/01\/SR_AL41AN2.jpg","datePublished":"2025-05-07T03:11:03+00:00","dateModified":"2025-05-07T03:11:10+00:00","breadcrumb":{"@id":"http:\/\/vuletech.com\/en\/product\/sr-al41an2\/#breadcrumb"},"inLanguage":"en-US","potentialAction":[{"@type":"ReadAction","target":["http:\/\/vuletech.com\/en\/product\/sr-al41an2\/"]}]},{"@type":"ImageObject","inLanguage":"en-US","@id":"http:\/\/vuletech.com\/en\/product\/sr-al41an2\/#primaryimage","url":"https:\/\/vuletech.com\/wp-content\/uploads\/2021\/01\/SR_AL41AN2.jpg","contentUrl":"https:\/\/vuletech.com\/wp-content\/uploads\/2021\/01\/SR_AL41AN2.jpg","width":360,"height":360,"caption":"SR AL41AN2"},{"@type":"BreadcrumbList","@id":"http:\/\/vuletech.com\/en\/product\/sr-al41an2\/#breadcrumb","itemListElement":[{"@type":"ListItem","position":1,"name":"Home","item":"http:\/\/vuletech.com\/en\/"},{"@type":"ListItem","position":2,"name":"Product","item":"https:\/\/vuletech.com\/product\/"},{"@type":"ListItem","position":3,"name":"SR AL41AN2"}]},{"@type":"WebSite","@id":"http:\/\/vuletech.com\/#website","url":"http:\/\/vuletech.com\/","name":"V\u0169 L\u00ea Tech","description":"Our Solution - Your Value","potentialAction":[{"@type":"SearchAction","target":{"@type":"EntryPoint","urlTemplate":"http:\/\/vuletech.com\/?s={search_term_string}"},"query-input":{"@type":"PropertyValueSpecification","valueRequired":true,"valueName":"search_term_string"}}],"inLanguage":"en-US"}]}},"_links":{"self":[{"href":"https:\/\/vuletech.com\/en\/wp-json\/wp\/v2\/product\/9563","targetHints":{"allow":["GET"]}}],"collection":[{"href":"https:\/\/vuletech.com\/en\/wp-json\/wp\/v2\/product"}],"about":[{"href":"https:\/\/vuletech.com\/en\/wp-json\/wp\/v2\/types\/product"}],"replies":[{"embeddable":true,"href":"https:\/\/vuletech.com\/en\/wp-json\/wp\/v2\/comments?post=9563"}],"wp:featuredmedia":[{"embeddable":true,"href":"https:\/\/vuletech.com\/en\/wp-json\/wp\/v2\/media\/3363"}],"wp:attachment":[{"href":"https:\/\/vuletech.com\/en\/wp-json\/wp\/v2\/media?parent=9563"}],"wp:term":[{"taxonomy":"product_brand","embeddable":true,"href":"https:\/\/vuletech.com\/en\/wp-json\/wp\/v2\/product_brand?post=9563"},{"taxonomy":"product_cat","embeddable":true,"href":"https:\/\/vuletech.com\/en\/wp-json\/wp\/v2\/product_cat?post=9563"},{"taxonomy":"product_tag","embeddable":true,"href":"https:\/\/vuletech.com\/en\/wp-json\/wp\/v2\/product_tag?post=9563"}],"curies":[{"name":"wp","href":"https:\/\/api.w.org\/{rel}","templated":true}]}}