{"id":9625,"date":"2025-05-13T14:19:15","date_gmt":"2025-05-13T07:19:15","guid":{"rendered":"https:\/\/vuletech.com\/product\/thiet-bi-khi-nen-protec-ph06-l2\/"},"modified":"2025-05-13T14:20:47","modified_gmt":"2025-05-13T07:20:47","slug":"thiet-bi-khi-nen-protec-ph06-l2","status":"publish","type":"product","link":"https:\/\/vuletech.com\/en\/product\/thiet-bi-khi-nen-protec-ph06-l2\/","title":{"rendered":"Thi\u1ebft b\u1ecb kh\u00ed n\u00e9n Protec PH06-L2"},"content":{"rendered":"<div class=\"wpb-content-wrapper\"><p>[vc_row][vc_column width=&#8221;1\/2&#8243;][vc_single_image image=&#8221;4648&#8243; img_size=&#8221;full&#8221; alignment=&#8221;center&#8221;][\/vc_column][vc_column width=&#8221;1\/2&#8243;][vc_custom_heading text=&#8221;Thi\u1ebft b\u1ecb kh\u00ed n\u00e9n Protec d\u00f2ng PH06-L2&#8243; use_theme_fonts=&#8221;yes&#8221;]<div class=\"wt-separator-outer \">\n                                    <div class=\"wt-separator style-square\">\n                                        <span class=\"separator-left bg-primary\"><\/span>\n                                        <span class=\"separator-right bg-primary\"><\/span>\n                                    <\/div>\n                                <\/div>\n[vc_column_text]<strong>T\u00ednh n\u0103ng<\/strong><\/p>\n<ul>\n<li>Ki\u1ec3u \u0111\u00f3ng m\u1edf song song b\u1eb1ng Rack &amp; Pinion<\/li>\n<li>L\u1ef1c k\u1eb9p \u1ed5n \u0111\u1ecbnh b\u1eb1ng lo\u1ea1i xi lanh \u0111\u00f4i<\/li>\n<li>Ho\u1ea1t \u0111\u1ed9ng song song ph\u00f9 h\u1ee3p v\u1edbi nhi\u1ec1u quy tr\u00ecnh x\u1eed l\u00fd v\u1eadt li\u1ec7u c\u00f3 k\u00edch th\u01b0\u1edbc kh\u00e1c nhau<\/li>\n<li>C\u00f4ng t\u1eafc t\u1ef1 \u0111\u1ed9ng<\/li>\n<\/ul>\n<p>[\/vc_column_text][\/vc_column][\/vc_row][vc_row][vc_column][vc_tta_tabs][vc_tta_section title=&#8221;T\u00e0i li\u1ec7u&#8221; tab_id=&#8221;1638415177312-a424099f-3ddf&#8221;][vc_column_text]<\/p>\n<table width=\"477\">\n<tbody>\n<tr>\n<td width=\"190\">Catalog<\/td>\n<td width=\"287\"><a href=\"https:\/\/vuletech.com\/wp-content\/uploads\/2021\/12\/PH06-L2.pdf\">PH06-L2<\/a><\/td>\n<\/tr>\n<\/tbody>\n<\/table>\n<p>[\/vc_column_text][\/vc_tta_section][\/vc_tta_tabs][\/vc_column][\/vc_row]<\/p>\n<\/div>","protected":false},"excerpt":{"rendered":"<p>[vc_row][vc_column width=&#8221;1\/2&#8243;][vc_single_image image=&#8221;4648&#8243; img_size=&#8221;full&#8221; alignment=&#8221;center&#8221;][\/vc_column][vc_column width=&#8221;1\/2&#8243;][vc_custom_heading text=&#8221;Thi\u1ebft b\u1ecb kh\u00ed n\u00e9n Protec d\u00f2ng PH06-L2&#8243; use_theme_fonts=&#8221;yes&#8221;][vc_column_text]T\u00ednh n\u0103ng Ki\u1ec3u \u0111\u00f3ng m\u1edf song song b\u1eb1ng Rack &amp; Pinion L\u1ef1c k\u1eb9p \u1ed5n \u0111\u1ecbnh b\u1eb1ng lo\u1ea1i xi lanh \u0111\u00f4i Ho\u1ea1t \u0111\u1ed9ng song song ph\u00f9 h\u1ee3p v\u1edbi nhi\u1ec1u quy tr\u00ecnh x\u1eed l\u00fd v\u1eadt li\u1ec7u c\u00f3 k\u00edch th\u01b0\u1edbc kh\u00e1c nhau C\u00f4ng t\u1eafc t\u1ef1<\/p>\n","protected":false},"featured_media":4648,"comment_status":"closed","ping_status":"closed","template":"","meta":[],"product_brand":[],"product_cat":[773,774],"product_tag":[],"class_list":{"0":"post-9625","1":"product","2":"type-product","3":"status-publish","4":"has-post-thumbnail","6":"product_cat-thiet-bi-khi-nen","7":"product_cat-thiet-bi-khi-nen-protec","9":"first","10":"instock","11":"product-type-simple"},"acf":[],"yoast_head":"<!-- This site is optimized with the Yoast SEO plugin v25.1 - https:\/\/yoast.com\/wordpress\/plugins\/seo\/ -->\n<title>Thi\u1ebft b\u1ecb kh\u00ed n\u00e9n Protec PH06-L2 - V\u0169 L\u00ea Tech<\/title>\n<meta name=\"robots\" content=\"index, follow, max-snippet:-1, max-image-preview:large, max-video-preview:-1\" \/>\n<link rel=\"canonical\" href=\"https:\/\/vuletech.com\/product\/thiet-bi-khi-nen-protec-ph06-l2\/\" \/>\n<meta property=\"og:locale\" content=\"en_US\" \/>\n<meta property=\"og:type\" content=\"article\" \/>\n<meta property=\"og:title\" content=\"Thi\u1ebft b\u1ecb kh\u00ed n\u00e9n Protec PH06-L2 - V\u0169 L\u00ea Tech\" \/>\n<meta property=\"og:description\" content=\"[vc_row][vc_column width=&#8221;1\/2&#8243;][vc_single_image image=&#8221;4648&#8243; img_size=&#8221;full&#8221; alignment=&#8221;center&#8221;][\/vc_column][vc_column width=&#8221;1\/2&#8243;][vc_custom_heading text=&#8221;Thi\u1ebft b\u1ecb kh\u00ed n\u00e9n Protec d\u00f2ng PH06-L2&#8243; use_theme_fonts=&#8221;yes&#8221;][vc_column_text]T\u00ednh n\u0103ng Ki\u1ec3u \u0111\u00f3ng m\u1edf song song b\u1eb1ng Rack &amp; Pinion L\u1ef1c k\u1eb9p \u1ed5n \u0111\u1ecbnh b\u1eb1ng lo\u1ea1i xi lanh \u0111\u00f4i Ho\u1ea1t \u0111\u1ed9ng song song ph\u00f9 h\u1ee3p v\u1edbi nhi\u1ec1u quy tr\u00ecnh x\u1eed l\u00fd v\u1eadt li\u1ec7u c\u00f3 k\u00edch th\u01b0\u1edbc kh\u00e1c nhau C\u00f4ng t\u1eafc t\u1ef1\" \/>\n<meta property=\"og:url\" content=\"https:\/\/vuletech.com\/product\/thiet-bi-khi-nen-protec-ph06-l2\/\" \/>\n<meta property=\"og:site_name\" content=\"V\u0169 L\u00ea Tech\" \/>\n<meta property=\"article:modified_time\" content=\"2025-05-13T07:20:47+00:00\" \/>\n<meta property=\"og:image\" content=\"https:\/\/vuletech.com\/wp-content\/uploads\/2021\/12\/PH06-L2.gif\" \/>\n\t<meta property=\"og:image:width\" content=\"249\" \/>\n\t<meta property=\"og:image:height\" content=\"166\" \/>\n\t<meta property=\"og:image:type\" content=\"image\/gif\" \/>\n<meta name=\"twitter:card\" content=\"summary_large_image\" \/>\n<meta name=\"twitter:label1\" content=\"Est. reading time\" \/>\n\t<meta name=\"twitter:data1\" content=\"1 minute\" \/>\n<script type=\"application\/ld+json\" class=\"yoast-schema-graph\">{\"@context\":\"https:\/\/schema.org\",\"@graph\":[{\"@type\":\"WebPage\",\"@id\":\"https:\/\/vuletech.com\/product\/thiet-bi-khi-nen-protec-ph06-l2\/\",\"url\":\"https:\/\/vuletech.com\/product\/thiet-bi-khi-nen-protec-ph06-l2\/\",\"name\":\"Thi\u1ebft b\u1ecb kh\u00ed n\u00e9n Protec PH06-L2 - V\u0169 L\u00ea Tech\",\"isPartOf\":{\"@id\":\"http:\/\/vuletech.com\/#website\"},\"primaryImageOfPage\":{\"@id\":\"https:\/\/vuletech.com\/product\/thiet-bi-khi-nen-protec-ph06-l2\/#primaryimage\"},\"image\":{\"@id\":\"https:\/\/vuletech.com\/product\/thiet-bi-khi-nen-protec-ph06-l2\/#primaryimage\"},\"thumbnailUrl\":\"https:\/\/vuletech.com\/wp-content\/uploads\/2021\/12\/PH06-L2.gif\",\"datePublished\":\"2025-05-13T07:19:15+00:00\",\"dateModified\":\"2025-05-13T07:20:47+00:00\",\"breadcrumb\":{\"@id\":\"https:\/\/vuletech.com\/product\/thiet-bi-khi-nen-protec-ph06-l2\/#breadcrumb\"},\"inLanguage\":\"en-US\",\"potentialAction\":[{\"@type\":\"ReadAction\",\"target\":[\"https:\/\/vuletech.com\/product\/thiet-bi-khi-nen-protec-ph06-l2\/\"]}]},{\"@type\":\"ImageObject\",\"inLanguage\":\"en-US\",\"@id\":\"https:\/\/vuletech.com\/product\/thiet-bi-khi-nen-protec-ph06-l2\/#primaryimage\",\"url\":\"https:\/\/vuletech.com\/wp-content\/uploads\/2021\/12\/PH06-L2.gif\",\"contentUrl\":\"https:\/\/vuletech.com\/wp-content\/uploads\/2021\/12\/PH06-L2.gif\",\"width\":249,\"height\":166,\"caption\":\"thi\u1ebft b\u1ecb kh\u00ed n\u00e9n protec d\u00f2ng PH\"},{\"@type\":\"BreadcrumbList\",\"@id\":\"https:\/\/vuletech.com\/product\/thiet-bi-khi-nen-protec-ph06-l2\/#breadcrumb\",\"itemListElement\":[{\"@type\":\"ListItem\",\"position\":1,\"name\":\"Home\",\"item\":\"http:\/\/vuletech.com\/en\/\"},{\"@type\":\"ListItem\",\"position\":2,\"name\":\"Product\",\"item\":\"https:\/\/vuletech.com\/product\/\"},{\"@type\":\"ListItem\",\"position\":3,\"name\":\"Thi\u1ebft b\u1ecb kh\u00ed n\u00e9n Protec PH06-L2\"}]},{\"@type\":\"WebSite\",\"@id\":\"http:\/\/vuletech.com\/#website\",\"url\":\"http:\/\/vuletech.com\/\",\"name\":\"V\u0169 L\u00ea Tech\",\"description\":\"Our Solution - Your Value\",\"potentialAction\":[{\"@type\":\"SearchAction\",\"target\":{\"@type\":\"EntryPoint\",\"urlTemplate\":\"http:\/\/vuletech.com\/?s={search_term_string}\"},\"query-input\":{\"@type\":\"PropertyValueSpecification\",\"valueRequired\":true,\"valueName\":\"search_term_string\"}}],\"inLanguage\":\"en-US\"}]}<\/script>\n<!-- \/ Yoast SEO plugin. -->","yoast_head_json":{"title":"Thi\u1ebft b\u1ecb kh\u00ed n\u00e9n Protec PH06-L2 - V\u0169 L\u00ea Tech","robots":{"index":"index","follow":"follow","max-snippet":"max-snippet:-1","max-image-preview":"max-image-preview:large","max-video-preview":"max-video-preview:-1"},"canonical":"https:\/\/vuletech.com\/product\/thiet-bi-khi-nen-protec-ph06-l2\/","og_locale":"en_US","og_type":"article","og_title":"Thi\u1ebft b\u1ecb kh\u00ed n\u00e9n Protec PH06-L2 - V\u0169 L\u00ea Tech","og_description":"[vc_row][vc_column width=&#8221;1\/2&#8243;][vc_single_image image=&#8221;4648&#8243; img_size=&#8221;full&#8221; alignment=&#8221;center&#8221;][\/vc_column][vc_column width=&#8221;1\/2&#8243;][vc_custom_heading text=&#8221;Thi\u1ebft b\u1ecb kh\u00ed n\u00e9n Protec d\u00f2ng PH06-L2&#8243; use_theme_fonts=&#8221;yes&#8221;][vc_column_text]T\u00ednh n\u0103ng Ki\u1ec3u \u0111\u00f3ng m\u1edf song song b\u1eb1ng Rack &amp; Pinion L\u1ef1c k\u1eb9p \u1ed5n \u0111\u1ecbnh b\u1eb1ng lo\u1ea1i xi lanh \u0111\u00f4i Ho\u1ea1t \u0111\u1ed9ng song song ph\u00f9 h\u1ee3p v\u1edbi nhi\u1ec1u quy tr\u00ecnh x\u1eed l\u00fd v\u1eadt li\u1ec7u c\u00f3 k\u00edch th\u01b0\u1edbc kh\u00e1c nhau C\u00f4ng t\u1eafc t\u1ef1","og_url":"https:\/\/vuletech.com\/product\/thiet-bi-khi-nen-protec-ph06-l2\/","og_site_name":"V\u0169 L\u00ea Tech","article_modified_time":"2025-05-13T07:20:47+00:00","og_image":[{"width":249,"height":166,"url":"https:\/\/vuletech.com\/wp-content\/uploads\/2021\/12\/PH06-L2.gif","type":"image\/gif"}],"twitter_card":"summary_large_image","twitter_misc":{"Est. reading time":"1 minute"},"schema":{"@context":"https:\/\/schema.org","@graph":[{"@type":"WebPage","@id":"https:\/\/vuletech.com\/product\/thiet-bi-khi-nen-protec-ph06-l2\/","url":"https:\/\/vuletech.com\/product\/thiet-bi-khi-nen-protec-ph06-l2\/","name":"Thi\u1ebft b\u1ecb kh\u00ed n\u00e9n Protec PH06-L2 - V\u0169 L\u00ea Tech","isPartOf":{"@id":"http:\/\/vuletech.com\/#website"},"primaryImageOfPage":{"@id":"https:\/\/vuletech.com\/product\/thiet-bi-khi-nen-protec-ph06-l2\/#primaryimage"},"image":{"@id":"https:\/\/vuletech.com\/product\/thiet-bi-khi-nen-protec-ph06-l2\/#primaryimage"},"thumbnailUrl":"https:\/\/vuletech.com\/wp-content\/uploads\/2021\/12\/PH06-L2.gif","datePublished":"2025-05-13T07:19:15+00:00","dateModified":"2025-05-13T07:20:47+00:00","breadcrumb":{"@id":"https:\/\/vuletech.com\/product\/thiet-bi-khi-nen-protec-ph06-l2\/#breadcrumb"},"inLanguage":"en-US","potentialAction":[{"@type":"ReadAction","target":["https:\/\/vuletech.com\/product\/thiet-bi-khi-nen-protec-ph06-l2\/"]}]},{"@type":"ImageObject","inLanguage":"en-US","@id":"https:\/\/vuletech.com\/product\/thiet-bi-khi-nen-protec-ph06-l2\/#primaryimage","url":"https:\/\/vuletech.com\/wp-content\/uploads\/2021\/12\/PH06-L2.gif","contentUrl":"https:\/\/vuletech.com\/wp-content\/uploads\/2021\/12\/PH06-L2.gif","width":249,"height":166,"caption":"thi\u1ebft b\u1ecb kh\u00ed n\u00e9n protec d\u00f2ng PH"},{"@type":"BreadcrumbList","@id":"https:\/\/vuletech.com\/product\/thiet-bi-khi-nen-protec-ph06-l2\/#breadcrumb","itemListElement":[{"@type":"ListItem","position":1,"name":"Home","item":"http:\/\/vuletech.com\/en\/"},{"@type":"ListItem","position":2,"name":"Product","item":"https:\/\/vuletech.com\/product\/"},{"@type":"ListItem","position":3,"name":"Thi\u1ebft b\u1ecb kh\u00ed n\u00e9n Protec PH06-L2"}]},{"@type":"WebSite","@id":"http:\/\/vuletech.com\/#website","url":"http:\/\/vuletech.com\/","name":"V\u0169 L\u00ea Tech","description":"Our Solution - Your Value","potentialAction":[{"@type":"SearchAction","target":{"@type":"EntryPoint","urlTemplate":"http:\/\/vuletech.com\/?s={search_term_string}"},"query-input":{"@type":"PropertyValueSpecification","valueRequired":true,"valueName":"search_term_string"}}],"inLanguage":"en-US"}]}},"_links":{"self":[{"href":"https:\/\/vuletech.com\/en\/wp-json\/wp\/v2\/product\/9625","targetHints":{"allow":["GET"]}}],"collection":[{"href":"https:\/\/vuletech.com\/en\/wp-json\/wp\/v2\/product"}],"about":[{"href":"https:\/\/vuletech.com\/en\/wp-json\/wp\/v2\/types\/product"}],"replies":[{"embeddable":true,"href":"https:\/\/vuletech.com\/en\/wp-json\/wp\/v2\/comments?post=9625"}],"wp:featuredmedia":[{"embeddable":true,"href":"https:\/\/vuletech.com\/en\/wp-json\/wp\/v2\/media\/4648"}],"wp:attachment":[{"href":"https:\/\/vuletech.com\/en\/wp-json\/wp\/v2\/media?parent=9625"}],"wp:term":[{"taxonomy":"product_brand","embeddable":true,"href":"https:\/\/vuletech.com\/en\/wp-json\/wp\/v2\/product_brand?post=9625"},{"taxonomy":"product_cat","embeddable":true,"href":"https:\/\/vuletech.com\/en\/wp-json\/wp\/v2\/product_cat?post=9625"},{"taxonomy":"product_tag","embeddable":true,"href":"https:\/\/vuletech.com\/en\/wp-json\/wp\/v2\/product_tag?post=9625"}],"curies":[{"name":"wp","href":"https:\/\/api.w.org\/{rel}","templated":true}]}}