{"id":9628,"date":"2025-05-13T14:19:15","date_gmt":"2025-05-13T07:19:15","guid":{"rendered":"https:\/\/vuletech.com\/product\/thiet-bi-khi-nen-protec-ppu\/"},"modified":"2025-05-13T14:20:58","modified_gmt":"2025-05-13T07:20:58","slug":"thiet-bi-khi-nen-protec-ppu","status":"publish","type":"product","link":"https:\/\/vuletech.com\/en\/product\/thiet-bi-khi-nen-protec-ppu\/","title":{"rendered":"Thi\u1ebft b\u1ecb kh\u00ed n\u00e9n Protec PPU"},"content":{"rendered":"<div class=\"wpb-content-wrapper\"><p>[vc_row][vc_column width=&#8221;1\/2&#8243;][vc_single_image image=&#8221;4660&#8243; img_size=&#8221;full&#8221; alignment=&#8221;center&#8221;][\/vc_column][vc_column width=&#8221;1\/2&#8243;][vc_custom_heading text=&#8221;Thi\u1ebft b\u1ecb kh\u00ed n\u00e9n Protec d\u00f2ng PPU&#8221; use_theme_fonts=&#8221;yes&#8221;]<div class=\"wt-separator-outer \">\n                                    <div class=\"wt-separator style-square\">\n                                        <span class=\"separator-left bg-primary\"><\/span>\n                                        <span class=\"separator-right bg-primary\"><\/span>\n                                    <\/div>\n                                <\/div>\n[vc_column_text]<strong>T\u00ednh n\u0103ng<\/strong><\/p>\n<ul>\n<li>H\u00ecnh tr\u1ee5 m\u1ecfng thu nh\u1ecf, \u0111\u01b0\u1ee3c k\u1ebft h\u1ee3p v\u1edbi 1 xi lanh v\u00e0 thanh d\u1eabn h\u01b0\u1edbng ng\u0103n quay v\u00e0 \u1ed1ng ch\u00e2n kh\u00f4ng<\/li>\n<li>\u0110\u1ed9 ch\u00ednh x\u00e1c cao v\u00e0 hi\u1ec7u su\u1ea5t cao b\u1eb1ng c\u00e1ch s\u1eed d\u1ee5ng \u1ed5 bi cho chuy\u1ec3n \u0111\u1ed9ng l\u00ean v\u00e0 xu\u1ed1ng<\/li>\n<li>\u0110a d\u1ea1ng c\u00e0i \u0111\u1eb7t (3 h\u01b0\u1edbng)<\/li>\n<li>Ch\u1ee9c n\u0103ng \u0111\u1ecbnh v\u1ecb v\u00e0 ch\u1ed1ng va \u0111\u1eadp cho ph\u00f4i v\u1edbi \u0111\u1ec7m ch\u1ed1ng s\u1ed1c \u1edf cu\u1ed1i \u0111\u1ea7u n\u1ed1i<\/li>\n<li>C\u00f3 th\u1ec3 g\u1eafn C\u00f4ng t\u1eafc T\u1ef1 \u0111\u1ed9ng \u0111\u1ec3 ph\u00e1t hi\u1ec7n v\u1ecb tr\u00ed<\/li>\n<li>\u00c1p d\u1ee5ng cho c\u00e1c c\u00f4ng vi\u1ec7c x\u1eed l\u00fd k\u00edch th\u01b0\u1edbc nh\u1ecf nh\u01b0 v\u1eadt li\u1ec7u \u0111i\u1ec7n v\u00e0 chip b\u00e1n d\u1eabn<\/li>\n<\/ul>\n<p>[\/vc_column_text][\/vc_column][\/vc_row][vc_row][vc_column][vc_tta_tabs][vc_tta_section title=&#8221;T\u00e0i li\u1ec7u&#8221; tab_id=&#8221;1638415177312-a424099f-3ddf&#8221;][vc_column_text]<\/p>\n<table width=\"477\">\n<tbody>\n<tr>\n<td width=\"190\">Catalog<\/td>\n<td width=\"287\"><a href=\"https:\/\/vuletech.com\/wp-content\/uploads\/2021\/12\/PPU.pdf\">PPU<\/a><\/td>\n<\/tr>\n<\/tbody>\n<\/table>\n<p>[\/vc_column_text][\/vc_tta_section][\/vc_tta_tabs][\/vc_column][\/vc_row]<\/p>\n<\/div>","protected":false},"excerpt":{"rendered":"<p>[vc_row][vc_column width=&#8221;1\/2&#8243;][vc_single_image image=&#8221;4660&#8243; img_size=&#8221;full&#8221; alignment=&#8221;center&#8221;][\/vc_column][vc_column width=&#8221;1\/2&#8243;][vc_custom_heading text=&#8221;Thi\u1ebft b\u1ecb kh\u00ed n\u00e9n Protec d\u00f2ng PPU&#8221; use_theme_fonts=&#8221;yes&#8221;][vc_column_text]T\u00ednh n\u0103ng H\u00ecnh tr\u1ee5 m\u1ecfng thu nh\u1ecf, \u0111\u01b0\u1ee3c k\u1ebft h\u1ee3p v\u1edbi 1 xi lanh v\u00e0 thanh d\u1eabn h\u01b0\u1edbng ng\u0103n quay v\u00e0 \u1ed1ng ch\u00e2n kh\u00f4ng \u0110\u1ed9 ch\u00ednh x\u00e1c cao v\u00e0 hi\u1ec7u su\u1ea5t cao b\u1eb1ng c\u00e1ch s\u1eed d\u1ee5ng \u1ed5 bi cho chuy\u1ec3n \u0111\u1ed9ng l\u00ean<\/p>\n","protected":false},"featured_media":4660,"comment_status":"closed","ping_status":"closed","template":"","meta":[],"product_brand":[],"product_cat":[773,774],"product_tag":[],"class_list":{"0":"post-9628","1":"product","2":"type-product","3":"status-publish","4":"has-post-thumbnail","6":"product_cat-thiet-bi-khi-nen","7":"product_cat-thiet-bi-khi-nen-protec","9":"first","10":"instock","11":"product-type-simple"},"acf":[],"yoast_head":"<!-- This site is optimized with the Yoast SEO plugin v25.1 - https:\/\/yoast.com\/wordpress\/plugins\/seo\/ -->\n<title>Thi\u1ebft b\u1ecb kh\u00ed n\u00e9n Protec PPU - V\u0169 L\u00ea Tech<\/title>\n<meta name=\"robots\" content=\"index, follow, max-snippet:-1, max-image-preview:large, max-video-preview:-1\" \/>\n<link rel=\"canonical\" href=\"http:\/\/vuletech.com\/product\/thiet-bi-khi-nen-protec-ppu\/\" \/>\n<meta property=\"og:locale\" content=\"en_US\" \/>\n<meta property=\"og:type\" content=\"article\" \/>\n<meta property=\"og:title\" content=\"Thi\u1ebft b\u1ecb kh\u00ed n\u00e9n Protec PPU - V\u0169 L\u00ea Tech\" \/>\n<meta property=\"og:description\" content=\"[vc_row][vc_column width=&#8221;1\/2&#8243;][vc_single_image image=&#8221;4660&#8243; img_size=&#8221;full&#8221; alignment=&#8221;center&#8221;][\/vc_column][vc_column width=&#8221;1\/2&#8243;][vc_custom_heading text=&#8221;Thi\u1ebft b\u1ecb kh\u00ed n\u00e9n Protec d\u00f2ng PPU&#8221; use_theme_fonts=&#8221;yes&#8221;][vc_column_text]T\u00ednh n\u0103ng H\u00ecnh tr\u1ee5 m\u1ecfng thu nh\u1ecf, \u0111\u01b0\u1ee3c k\u1ebft h\u1ee3p v\u1edbi 1 xi lanh v\u00e0 thanh d\u1eabn h\u01b0\u1edbng ng\u0103n quay v\u00e0 \u1ed1ng ch\u00e2n kh\u00f4ng \u0110\u1ed9 ch\u00ednh x\u00e1c cao v\u00e0 hi\u1ec7u su\u1ea5t cao b\u1eb1ng c\u00e1ch s\u1eed d\u1ee5ng \u1ed5 bi cho chuy\u1ec3n \u0111\u1ed9ng l\u00ean\" \/>\n<meta property=\"og:url\" content=\"http:\/\/vuletech.com\/product\/thiet-bi-khi-nen-protec-ppu\/\" \/>\n<meta property=\"og:site_name\" content=\"V\u0169 L\u00ea Tech\" \/>\n<meta property=\"article:modified_time\" content=\"2025-05-13T07:20:58+00:00\" \/>\n<meta property=\"og:image\" content=\"http:\/\/vuletech.com\/wp-content\/uploads\/2021\/12\/PPUhinh.gif\" \/>\n\t<meta property=\"og:image:width\" content=\"270\" \/>\n\t<meta property=\"og:image:height\" content=\"166\" \/>\n\t<meta property=\"og:image:type\" content=\"image\/gif\" \/>\n<meta name=\"twitter:card\" content=\"summary_large_image\" \/>\n<meta name=\"twitter:label1\" content=\"Est. reading time\" \/>\n\t<meta name=\"twitter:data1\" content=\"1 minute\" \/>\n<script type=\"application\/ld+json\" class=\"yoast-schema-graph\">{\"@context\":\"https:\/\/schema.org\",\"@graph\":[{\"@type\":\"WebPage\",\"@id\":\"http:\/\/vuletech.com\/product\/thiet-bi-khi-nen-protec-ppu\/\",\"url\":\"http:\/\/vuletech.com\/product\/thiet-bi-khi-nen-protec-ppu\/\",\"name\":\"Thi\u1ebft b\u1ecb kh\u00ed n\u00e9n Protec PPU - V\u0169 L\u00ea Tech\",\"isPartOf\":{\"@id\":\"http:\/\/vuletech.com\/#website\"},\"primaryImageOfPage\":{\"@id\":\"http:\/\/vuletech.com\/product\/thiet-bi-khi-nen-protec-ppu\/#primaryimage\"},\"image\":{\"@id\":\"http:\/\/vuletech.com\/product\/thiet-bi-khi-nen-protec-ppu\/#primaryimage\"},\"thumbnailUrl\":\"https:\/\/vuletech.com\/wp-content\/uploads\/2021\/12\/PPUhinh.gif\",\"datePublished\":\"2025-05-13T07:19:15+00:00\",\"dateModified\":\"2025-05-13T07:20:58+00:00\",\"breadcrumb\":{\"@id\":\"http:\/\/vuletech.com\/product\/thiet-bi-khi-nen-protec-ppu\/#breadcrumb\"},\"inLanguage\":\"en-US\",\"potentialAction\":[{\"@type\":\"ReadAction\",\"target\":[\"http:\/\/vuletech.com\/product\/thiet-bi-khi-nen-protec-ppu\/\"]}]},{\"@type\":\"ImageObject\",\"inLanguage\":\"en-US\",\"@id\":\"http:\/\/vuletech.com\/product\/thiet-bi-khi-nen-protec-ppu\/#primaryimage\",\"url\":\"https:\/\/vuletech.com\/wp-content\/uploads\/2021\/12\/PPUhinh.gif\",\"contentUrl\":\"https:\/\/vuletech.com\/wp-content\/uploads\/2021\/12\/PPUhinh.gif\",\"width\":270,\"height\":166},{\"@type\":\"BreadcrumbList\",\"@id\":\"http:\/\/vuletech.com\/product\/thiet-bi-khi-nen-protec-ppu\/#breadcrumb\",\"itemListElement\":[{\"@type\":\"ListItem\",\"position\":1,\"name\":\"Home\",\"item\":\"http:\/\/vuletech.com\/en\/\"},{\"@type\":\"ListItem\",\"position\":2,\"name\":\"Product\",\"item\":\"https:\/\/vuletech.com\/product\/\"},{\"@type\":\"ListItem\",\"position\":3,\"name\":\"Thi\u1ebft b\u1ecb kh\u00ed n\u00e9n Protec PPU\"}]},{\"@type\":\"WebSite\",\"@id\":\"http:\/\/vuletech.com\/#website\",\"url\":\"http:\/\/vuletech.com\/\",\"name\":\"V\u0169 L\u00ea Tech\",\"description\":\"Our Solution - Your Value\",\"potentialAction\":[{\"@type\":\"SearchAction\",\"target\":{\"@type\":\"EntryPoint\",\"urlTemplate\":\"http:\/\/vuletech.com\/?s={search_term_string}\"},\"query-input\":{\"@type\":\"PropertyValueSpecification\",\"valueRequired\":true,\"valueName\":\"search_term_string\"}}],\"inLanguage\":\"en-US\"}]}<\/script>\n<!-- \/ Yoast SEO plugin. -->","yoast_head_json":{"title":"Thi\u1ebft b\u1ecb kh\u00ed n\u00e9n Protec PPU - V\u0169 L\u00ea Tech","robots":{"index":"index","follow":"follow","max-snippet":"max-snippet:-1","max-image-preview":"max-image-preview:large","max-video-preview":"max-video-preview:-1"},"canonical":"http:\/\/vuletech.com\/product\/thiet-bi-khi-nen-protec-ppu\/","og_locale":"en_US","og_type":"article","og_title":"Thi\u1ebft b\u1ecb kh\u00ed n\u00e9n Protec PPU - V\u0169 L\u00ea Tech","og_description":"[vc_row][vc_column width=&#8221;1\/2&#8243;][vc_single_image image=&#8221;4660&#8243; img_size=&#8221;full&#8221; alignment=&#8221;center&#8221;][\/vc_column][vc_column width=&#8221;1\/2&#8243;][vc_custom_heading text=&#8221;Thi\u1ebft b\u1ecb kh\u00ed n\u00e9n Protec d\u00f2ng PPU&#8221; use_theme_fonts=&#8221;yes&#8221;][vc_column_text]T\u00ednh n\u0103ng H\u00ecnh tr\u1ee5 m\u1ecfng thu nh\u1ecf, \u0111\u01b0\u1ee3c k\u1ebft h\u1ee3p v\u1edbi 1 xi lanh v\u00e0 thanh d\u1eabn h\u01b0\u1edbng ng\u0103n quay v\u00e0 \u1ed1ng ch\u00e2n kh\u00f4ng \u0110\u1ed9 ch\u00ednh x\u00e1c cao v\u00e0 hi\u1ec7u su\u1ea5t cao b\u1eb1ng c\u00e1ch s\u1eed d\u1ee5ng \u1ed5 bi cho chuy\u1ec3n \u0111\u1ed9ng l\u00ean","og_url":"http:\/\/vuletech.com\/product\/thiet-bi-khi-nen-protec-ppu\/","og_site_name":"V\u0169 L\u00ea Tech","article_modified_time":"2025-05-13T07:20:58+00:00","og_image":[{"width":270,"height":166,"url":"http:\/\/vuletech.com\/wp-content\/uploads\/2021\/12\/PPUhinh.gif","type":"image\/gif"}],"twitter_card":"summary_large_image","twitter_misc":{"Est. reading time":"1 minute"},"schema":{"@context":"https:\/\/schema.org","@graph":[{"@type":"WebPage","@id":"http:\/\/vuletech.com\/product\/thiet-bi-khi-nen-protec-ppu\/","url":"http:\/\/vuletech.com\/product\/thiet-bi-khi-nen-protec-ppu\/","name":"Thi\u1ebft b\u1ecb kh\u00ed n\u00e9n Protec PPU - V\u0169 L\u00ea Tech","isPartOf":{"@id":"http:\/\/vuletech.com\/#website"},"primaryImageOfPage":{"@id":"http:\/\/vuletech.com\/product\/thiet-bi-khi-nen-protec-ppu\/#primaryimage"},"image":{"@id":"http:\/\/vuletech.com\/product\/thiet-bi-khi-nen-protec-ppu\/#primaryimage"},"thumbnailUrl":"https:\/\/vuletech.com\/wp-content\/uploads\/2021\/12\/PPUhinh.gif","datePublished":"2025-05-13T07:19:15+00:00","dateModified":"2025-05-13T07:20:58+00:00","breadcrumb":{"@id":"http:\/\/vuletech.com\/product\/thiet-bi-khi-nen-protec-ppu\/#breadcrumb"},"inLanguage":"en-US","potentialAction":[{"@type":"ReadAction","target":["http:\/\/vuletech.com\/product\/thiet-bi-khi-nen-protec-ppu\/"]}]},{"@type":"ImageObject","inLanguage":"en-US","@id":"http:\/\/vuletech.com\/product\/thiet-bi-khi-nen-protec-ppu\/#primaryimage","url":"https:\/\/vuletech.com\/wp-content\/uploads\/2021\/12\/PPUhinh.gif","contentUrl":"https:\/\/vuletech.com\/wp-content\/uploads\/2021\/12\/PPUhinh.gif","width":270,"height":166},{"@type":"BreadcrumbList","@id":"http:\/\/vuletech.com\/product\/thiet-bi-khi-nen-protec-ppu\/#breadcrumb","itemListElement":[{"@type":"ListItem","position":1,"name":"Home","item":"http:\/\/vuletech.com\/en\/"},{"@type":"ListItem","position":2,"name":"Product","item":"https:\/\/vuletech.com\/product\/"},{"@type":"ListItem","position":3,"name":"Thi\u1ebft b\u1ecb kh\u00ed n\u00e9n Protec PPU"}]},{"@type":"WebSite","@id":"http:\/\/vuletech.com\/#website","url":"http:\/\/vuletech.com\/","name":"V\u0169 L\u00ea Tech","description":"Our Solution - Your Value","potentialAction":[{"@type":"SearchAction","target":{"@type":"EntryPoint","urlTemplate":"http:\/\/vuletech.com\/?s={search_term_string}"},"query-input":{"@type":"PropertyValueSpecification","valueRequired":true,"valueName":"search_term_string"}}],"inLanguage":"en-US"}]}},"_links":{"self":[{"href":"https:\/\/vuletech.com\/en\/wp-json\/wp\/v2\/product\/9628","targetHints":{"allow":["GET"]}}],"collection":[{"href":"https:\/\/vuletech.com\/en\/wp-json\/wp\/v2\/product"}],"about":[{"href":"https:\/\/vuletech.com\/en\/wp-json\/wp\/v2\/types\/product"}],"replies":[{"embeddable":true,"href":"https:\/\/vuletech.com\/en\/wp-json\/wp\/v2\/comments?post=9628"}],"wp:featuredmedia":[{"embeddable":true,"href":"https:\/\/vuletech.com\/en\/wp-json\/wp\/v2\/media\/4660"}],"wp:attachment":[{"href":"https:\/\/vuletech.com\/en\/wp-json\/wp\/v2\/media?parent=9628"}],"wp:term":[{"taxonomy":"product_brand","embeddable":true,"href":"https:\/\/vuletech.com\/en\/wp-json\/wp\/v2\/product_brand?post=9628"},{"taxonomy":"product_cat","embeddable":true,"href":"https:\/\/vuletech.com\/en\/wp-json\/wp\/v2\/product_cat?post=9628"},{"taxonomy":"product_tag","embeddable":true,"href":"https:\/\/vuletech.com\/en\/wp-json\/wp\/v2\/product_tag?post=9628"}],"curies":[{"name":"wp","href":"https:\/\/api.w.org\/{rel}","templated":true}]}}