{"id":9629,"date":"2025-05-13T14:24:27","date_gmt":"2025-05-13T07:24:27","guid":{"rendered":"https:\/\/vuletech.com\/product\/ph01-a-series-xi-lanh-kep-thong-dung-protec\/"},"modified":"2025-05-13T14:25:29","modified_gmt":"2025-05-13T07:25:29","slug":"ph01-a-series-xi-lanh-kep-thong-dung-protec","status":"publish","type":"product","link":"https:\/\/vuletech.com\/en\/product\/ph01-a-series-xi-lanh-kep-thong-dung-protec\/","title":{"rendered":"PH01-A Series &#8211; Xi lanh k\u1eb9p th\u00f4ng d\u1ee5ng Protec"},"content":{"rendered":"<div class=\"wpb-content-wrapper\"><p>[vc_row][vc_column][vc_single_image image=&#8221;7115&#8243; img_size=&#8221;full&#8221; alignment=&#8221;center&#8221;][vc_custom_heading text=&#8221;T\u00ednh n\u0103ng&#8221; use_theme_fonts=&#8221;yes&#8221;][vc_single_image image=&#8221;7113&#8243; img_size=&#8221;full&#8221; alignment=&#8221;center&#8221;][vc_custom_heading text=&#8221;Th\u00f4ng s\u1ed1 k\u1ef9 thu\u1eadt&#8221; use_theme_fonts=&#8221;yes&#8221;][\/vc_column][\/vc_row][vc_row][vc_column][vc_column_text]<\/p>\n<table style=\"height: 786px;\" width=\"951\">\n<tbody>\n<tr>\n<td style=\"text-align: center;\" colspan=\"8\" width=\"796\"><strong>PH01-A Series &#8211; Xi lanh k\u1eb9p th\u00f4ng d\u1ee5ng Protec<\/strong><\/td>\n<\/tr>\n<tr>\n<td colspan=\"2\"><strong>\u0110\u1eb7c \u0111i\u1ec3m<\/strong><\/td>\n<td><strong>PH01-06A<\/strong><\/td>\n<td><strong>PH01-10A<\/strong><\/td>\n<td><strong>PH01-16A<\/strong><\/td>\n<td><strong>PH01-20A<\/strong><\/td>\n<td><strong>PH01-25A<\/strong><\/td>\n<td><strong>PH01-30A<\/strong><\/td>\n<\/tr>\n<tr>\n<td colspan=\"2\">\u0110\u01b0\u1eddng k\u00ednh xi-lanh (mm)<\/td>\n<td>6<\/td>\n<td>12<\/td>\n<td>16<\/td>\n<td>20<\/td>\n<td>25<\/td>\n<td>30<\/td>\n<\/tr>\n<tr>\n<td colspan=\"2\">H\u00e0nh tr\u00ecnh \u0111\u00f3ng m\u1edf (mm)<\/td>\n<td>4<\/td>\n<td>6<\/td>\n<td>8<\/td>\n<td>12<\/td>\n<td>16<\/td>\n<td>24<\/td>\n<\/tr>\n<tr>\n<td rowspan=\"2\" width=\"237\">L\u1ef1c k\u1eb9p hi\u1ec7u qu\u1ea3 (kgf) <sup>(3)<\/sup><br \/>\n\u00c1p su\u1ea5t kh\u00f4ng kh\u00ed 5 kgf\/cm<sup>2<\/sup><\/td>\n<td>\u0110\u00f3ng<\/td>\n<td>0.84<\/td>\n<td>3.42<\/td>\n<td>8.16<\/td>\n<td>12<\/td>\n<td>20.1<\/td>\n<td>30.5<\/td>\n<\/tr>\n<tr>\n<td>M\u1edf<\/td>\n<td>1.12<\/td>\n<td>4.57<\/td>\n<td>9.49<\/td>\n<td>14<\/td>\n<td>24<\/td>\n<td>36.3<\/td>\n<\/tr>\n<tr>\n<td colspan=\"2\">\u0110\u1ea7u k\u1ebft n\u1ed1i<\/td>\n<td colspan=\"2\">M3<\/td>\n<td colspan=\"4\">M5<\/td>\n<\/tr>\n<tr>\n<td colspan=\"2\" width=\"298\">Kh\u1ed1i l\u01b0\u1ee3ng tay g\u1eafp (kgf)<\/td>\n<td width=\"83\">0.027<\/td>\n<td width=\"83\">0.059<\/td>\n<td width=\"83\">0.14<\/td>\n<td width=\"83\">0.27<\/td>\n<td width=\"83\">0.5<\/td>\n<td width=\"83\">0.7<\/td>\n<\/tr>\n<tr>\n<td colspan=\"2\" width=\"298\">Chi\u1ec1u d\u00e0i cho ph\u00e9p c\u1ee7a ph\u00f4i L(mm)<\/td>\n<td width=\"83\">20<\/td>\n<td width=\"83\">30<\/td>\n<td width=\"83\">40<\/td>\n<td width=\"83\">50<\/td>\n<td width=\"83\">60<\/td>\n<td width=\"83\">80<\/td>\n<\/tr>\n<tr>\n<td colspan=\"2\" width=\"298\">\u0110\u1ed9 d\u1ecbch chuy\u1ec3n c\u1ee7a ph\u00f4i H (mm) <sup>(4)<\/sup><\/td>\n<td width=\"83\">10<\/td>\n<td width=\"83\">12<\/td>\n<td width=\"83\">15<\/td>\n<td width=\"83\">25<\/td>\n<td width=\"83\">35<\/td>\n<td width=\"83\">40<\/td>\n<\/tr>\n<tr>\n<td colspan=\"2\">Ch\u1ea5t l\u1ecfng (Fluid)<\/td>\n<td colspan=\"6\">Kh\u00f4ng c\u00f3 kh\u00ed (clean air)<sup>(1)<\/sup><\/td>\n<\/tr>\n<tr>\n<td colspan=\"2\">\u00c1p su\u1ea5t v\u1eadn h\u00e0nh (kgf\/cm<sup>2<\/sup>)<\/td>\n<td colspan=\"6\">1.5 \u2026 7 (\u00c1p su\u1ea5t \u0111\u1ea3m b\u1ea3o 10.5) <sup>(2)<\/sup><\/td>\n<\/tr>\n<tr>\n<td colspan=\"2\">Ch\u1ea5t b\u00f4i tr\u01a1n<\/td>\n<td colspan=\"6\">Kh\u00f4ng b\u1eaft bu\u1ed9c (d\u1ea7u tuabin lo\u1ea1i 1 ISOVG 32)<\/td>\n<\/tr>\n<tr>\n<td colspan=\"2\">Nhi\u1ec7t \u0111\u1ed9 ho\u1ea1t \u0111\u1ed9ng (<sup>o<\/sup>C)<\/td>\n<td colspan=\"6\">5 \u2026 60<\/td>\n<\/tr>\n<tr>\n<td colspan=\"2\">\u0110\u1ed9 ch\u00ednh x\u00e1c khi l\u1eb7p l\u1ea1i \u0111\u00f3ng\/m\u1edf (mm)<\/td>\n<td colspan=\"6\">\u00b10.01<\/td>\n<\/tr>\n<tr>\n<td colspan=\"2\">M\u1ee9c \u0111\u1ed9 s\u1eed d\u1ee5ng cao nh\u1ea5t (C.M.P &#8211; l\u1ea7n\/ph\u00fat)<\/td>\n<td colspan=\"6\">140<\/td>\n<\/tr>\n<tr>\n<td colspan=\"2\">Ph\u01b0\u01a1ng th\u1ee9c v\u1eadn h\u00e0nh<\/td>\n<td colspan=\"6\" width=\"498\">T\u00e1c \u0111\u1ed9ng k\u00e9p (C\u01a1 ch\u1ebf: \u0111\u00f3ng m\u1edf song song crank lever)<br \/>\n(V\u1eadn chuy\u1ec3n: cross roller bearing guide)<\/td>\n<\/tr>\n<tr>\n<td colspan=\"2\">Dung sai h\u00e0nh tr\u00ecnh \u0111\u00f3ng\/m\u1edf (mm)<\/td>\n<td colspan=\"6\">0 \u2026 +1<\/td>\n<\/tr>\n<tr>\n<td colspan=\"8\" width=\"796\"><sup>(1)<\/sup> Clean air:\u00a0 Kh\u00f4ng c\u00f3 kh\u00ed, ch\u1ee9a 99,9% d\u1ea7u l\u1ecfng v\u00e0 0,3% n\u01b0\u1edbc si\u00eau b\u00e3o h\u00f2a \u0111i qua t\u1ec9 l\u1ec7 l\u1ecdc t\u1eeb 3 \u0111\u1ebfn 10 \u00b5m.<br \/>\n<sup>(2)<\/sup> \u00c1p su\u1ea5t th\u1eed: \u00c1p su\u1ea5t m\u00e0 t\u1ea1i \u0111\u00f3 c\u00e1c b\u1ed9 ph\u1eadn kh\u00f4ng ho\u1ea1t \u0111\u1ed9ng sai trong m\u1ed9t ph\u00fat kh\u00f4ng c\u00f3 t\u1ea3i.<br \/>\n<sup>(3)<\/sup> L\u1ef1c k\u1eb9p hi\u1ec7u qu\u1ea3 c\u00f3 \u0111i\u1ec3m k\u1eb9p l\u00e0 \u0111i\u1ec3m cu\u1ed1i c\u1ee7a h\u00e0m ch\u00ednh.<br \/>\n<sup>(4)<\/sup> Tham kh\u1ea3o &lt;GENERAL HAND product selecion guide&gt;\u00a0 \u0111\u1ec3 bi\u1ebft ti\u00eau chu\u1ea9n v\u1ec1 d\u1ed9 d\u00e0i cho ph\u00e9p v\u00e0 \u0111\u1ed9 d\u1ecbch chuy\u1ec3n c\u1ee7a ph\u00f4i. (Gi\u00e1 tr\u1ecb \u1edf tr\u00ean l\u00e0 gi\u00e1 tr\u1ecb cho ph\u00e9p c\u1ee7a ph\u00f4i khi v\u1eadn h\u00e0nh \u1edf m\u1ee9c \u00e1p su\u1ea5t kh\u00f4ng kh\u00ed l\u00e0 5kgf\/cm<sup>2<\/sup>)<\/td>\n<\/tr>\n<\/tbody>\n<\/table>\n<p>[\/vc_column_text][vc_custom_heading text=&#8221;\u1ee8ng d\u1ee5ng&#8221; use_theme_fonts=&#8221;yes&#8221;][vc_single_image image=&#8221;7114&#8243; img_size=&#8221;full&#8221; alignment=&#8221;center&#8221;][vc_custom_heading text=&#8221;Mua thi\u1ebft b\u1ecb kh\u00ed n\u00e9n PROTEC \u1edf \u0111\u00e2u?&#8221; use_theme_fonts=&#8221;yes&#8221;][vc_column_text]<\/p>\n<div dir=\"auto\">???????? l\u00e0 c\u00f4ng ty ph\u00e2n ph\u1ed1i ch\u00ednh th\u1ee9c t\u1ea5t c\u1ea3 c\u00e1c thi\u1ebft b\u1ecb kh\u00ed n\u00e9n c\u1ee7a ?????? t\u1ea1i Vi\u1ec7t Nam t\u1eeb n\u0103m 2017.<\/div>\n<div dir=\"auto\">Ch\u00fang t\u00f4i cung c\u1ea5p s\u1ea3n ph\u1ea9m ch\u00ednh h\u00e3ng v\u1edbi ch\u1ea5t l\u01b0\u1ee3ng cao \u0111i k\u00e8m v\u1edbi d\u1ecbch v\u1ee5 b\u1ea3o h\u00e0nh mang \u0111\u1ebfn nhi\u1ec1u l\u1ee3i \u00edch nh\u1ea5t cho kh\u00e1ch h\u00e0ng.<\/div>\n<div dir=\"auto\">\u0110\u1ecba ch\u1ec9: 27 Xu\u00e2n Qu\u1ef3nh, KDC Gia H\u00f2a, P. Ph\u01b0\u1edbc Long B, Tp. Th\u1ee7 \u0110\u1ee9c, Tp.HCM<\/div>\n<div dir=\"auto\">Hotline: (028) 3620 8179 \/ 3620 8176 \/ 3620 8177Fax: (028) 3620 8178<\/div>\n<div dir=\"auto\">Email: info@vuletech.com<\/div>\n<p>[\/vc_column_text][\/vc_column][\/vc_row]<\/p>\n<\/div>","protected":false},"excerpt":{"rendered":"<p>[vc_row][vc_column][vc_single_image image=&#8221;7115&#8243; img_size=&#8221;full&#8221; alignment=&#8221;center&#8221;][vc_custom_heading text=&#8221;T\u00ednh n\u0103ng&#8221; use_theme_fonts=&#8221;yes&#8221;][vc_single_image image=&#8221;7113&#8243; img_size=&#8221;full&#8221; alignment=&#8221;center&#8221;][vc_custom_heading text=&#8221;Th\u00f4ng s\u1ed1 k\u1ef9 thu\u1eadt&#8221; use_theme_fonts=&#8221;yes&#8221;][\/vc_column][\/vc_row][vc_row][vc_column][vc_column_text] PH01-A Series &#8211; Xi lanh k\u1eb9p th\u00f4ng d\u1ee5ng Protec \u0110\u1eb7c \u0111i\u1ec3m PH01-06A PH01-10A PH01-16A PH01-20A PH01-25A PH01-30A \u0110\u01b0\u1eddng k\u00ednh xi-lanh (mm) 6 12 16 20 25 30 H\u00e0nh tr\u00ecnh \u0111\u00f3ng m\u1edf (mm) 4 6 8 12 16 24 L\u1ef1c k\u1eb9p<\/p>\n","protected":false},"featured_media":7114,"comment_status":"closed","ping_status":"closed","template":"","meta":[],"product_brand":[],"product_cat":[776,773,774,775],"product_tag":[],"class_list":{"0":"post-9629","1":"product","2":"type-product","3":"status-publish","4":"has-post-thumbnail","6":"product_cat-ph01-a-series","7":"product_cat-thiet-bi-khi-nen","8":"product_cat-thiet-bi-khi-nen-protec","9":"product_cat-xi-lanh-kep","11":"first","12":"instock","13":"product-type-simple"},"acf":[],"yoast_head":"<!-- This site is optimized with the Yoast SEO plugin v25.1 - https:\/\/yoast.com\/wordpress\/plugins\/seo\/ -->\n<title>PH01-A Series - Xi lanh k\u1eb9p th\u00f4ng d\u1ee5ng Protec - V\u0169 L\u00ea Tech<\/title>\n<meta name=\"robots\" content=\"index, follow, max-snippet:-1, max-image-preview:large, max-video-preview:-1\" \/>\n<link rel=\"canonical\" href=\"https:\/\/vuletech.com\/product\/ph01-a-series-xi-lanh-kep-thong-dung-protec\/\" \/>\n<meta property=\"og:locale\" content=\"en_US\" \/>\n<meta property=\"og:type\" content=\"article\" \/>\n<meta property=\"og:title\" content=\"PH01-A Series - Xi lanh k\u1eb9p th\u00f4ng d\u1ee5ng Protec - V\u0169 L\u00ea Tech\" \/>\n<meta property=\"og:description\" content=\"[vc_row][vc_column][vc_single_image image=&#8221;7115&#8243; img_size=&#8221;full&#8221; alignment=&#8221;center&#8221;][vc_custom_heading text=&#8221;T\u00ednh n\u0103ng&#8221; use_theme_fonts=&#8221;yes&#8221;][vc_single_image image=&#8221;7113&#8243; img_size=&#8221;full&#8221; alignment=&#8221;center&#8221;][vc_custom_heading text=&#8221;Th\u00f4ng s\u1ed1 k\u1ef9 thu\u1eadt&#8221; use_theme_fonts=&#8221;yes&#8221;][\/vc_column][\/vc_row][vc_row][vc_column][vc_column_text] PH01-A Series &#8211; Xi lanh k\u1eb9p th\u00f4ng d\u1ee5ng Protec \u0110\u1eb7c \u0111i\u1ec3m PH01-06A PH01-10A PH01-16A PH01-20A PH01-25A PH01-30A \u0110\u01b0\u1eddng k\u00ednh xi-lanh (mm) 6 12 16 20 25 30 H\u00e0nh tr\u00ecnh \u0111\u00f3ng m\u1edf (mm) 4 6 8 12 16 24 L\u1ef1c k\u1eb9p\" \/>\n<meta property=\"og:url\" content=\"https:\/\/vuletech.com\/product\/ph01-a-series-xi-lanh-kep-thong-dung-protec\/\" \/>\n<meta property=\"og:site_name\" content=\"V\u0169 L\u00ea Tech\" \/>\n<meta property=\"article:modified_time\" content=\"2025-05-13T07:25:29+00:00\" \/>\n<meta property=\"og:image\" content=\"https:\/\/vuletech.com\/wp-content\/uploads\/2024\/01\/ung-sdung-2.png\" \/>\n\t<meta property=\"og:image:width\" content=\"1473\" \/>\n\t<meta property=\"og:image:height\" content=\"670\" \/>\n\t<meta property=\"og:image:type\" content=\"image\/png\" \/>\n<meta name=\"twitter:card\" content=\"summary_large_image\" \/>\n<meta name=\"twitter:label1\" content=\"Est. reading time\" \/>\n\t<meta name=\"twitter:data1\" content=\"3 minutes\" \/>\n<script type=\"application\/ld+json\" class=\"yoast-schema-graph\">{\"@context\":\"https:\/\/schema.org\",\"@graph\":[{\"@type\":\"WebPage\",\"@id\":\"https:\/\/vuletech.com\/product\/ph01-a-series-xi-lanh-kep-thong-dung-protec\/\",\"url\":\"https:\/\/vuletech.com\/product\/ph01-a-series-xi-lanh-kep-thong-dung-protec\/\",\"name\":\"PH01-A Series - Xi lanh k\u1eb9p th\u00f4ng d\u1ee5ng Protec - V\u0169 L\u00ea Tech\",\"isPartOf\":{\"@id\":\"http:\/\/vuletech.com\/#website\"},\"primaryImageOfPage\":{\"@id\":\"https:\/\/vuletech.com\/product\/ph01-a-series-xi-lanh-kep-thong-dung-protec\/#primaryimage\"},\"image\":{\"@id\":\"https:\/\/vuletech.com\/product\/ph01-a-series-xi-lanh-kep-thong-dung-protec\/#primaryimage\"},\"thumbnailUrl\":\"https:\/\/vuletech.com\/wp-content\/uploads\/2024\/01\/ung-sdung-2.png\",\"datePublished\":\"2025-05-13T07:24:27+00:00\",\"dateModified\":\"2025-05-13T07:25:29+00:00\",\"breadcrumb\":{\"@id\":\"https:\/\/vuletech.com\/product\/ph01-a-series-xi-lanh-kep-thong-dung-protec\/#breadcrumb\"},\"inLanguage\":\"en-US\",\"potentialAction\":[{\"@type\":\"ReadAction\",\"target\":[\"https:\/\/vuletech.com\/product\/ph01-a-series-xi-lanh-kep-thong-dung-protec\/\"]}]},{\"@type\":\"ImageObject\",\"inLanguage\":\"en-US\",\"@id\":\"https:\/\/vuletech.com\/product\/ph01-a-series-xi-lanh-kep-thong-dung-protec\/#primaryimage\",\"url\":\"https:\/\/vuletech.com\/wp-content\/uploads\/2024\/01\/ung-sdung-2.png\",\"contentUrl\":\"https:\/\/vuletech.com\/wp-content\/uploads\/2024\/01\/ung-sdung-2.png\",\"width\":1473,\"height\":670},{\"@type\":\"BreadcrumbList\",\"@id\":\"https:\/\/vuletech.com\/product\/ph01-a-series-xi-lanh-kep-thong-dung-protec\/#breadcrumb\",\"itemListElement\":[{\"@type\":\"ListItem\",\"position\":1,\"name\":\"Home\",\"item\":\"http:\/\/vuletech.com\/en\/\"},{\"@type\":\"ListItem\",\"position\":2,\"name\":\"Product\",\"item\":\"https:\/\/vuletech.com\/product\/\"},{\"@type\":\"ListItem\",\"position\":3,\"name\":\"PH01-A Series &#8211; Xi lanh k\u1eb9p th\u00f4ng d\u1ee5ng Protec\"}]},{\"@type\":\"WebSite\",\"@id\":\"http:\/\/vuletech.com\/#website\",\"url\":\"http:\/\/vuletech.com\/\",\"name\":\"V\u0169 L\u00ea Tech\",\"description\":\"Our Solution - Your Value\",\"potentialAction\":[{\"@type\":\"SearchAction\",\"target\":{\"@type\":\"EntryPoint\",\"urlTemplate\":\"http:\/\/vuletech.com\/?s={search_term_string}\"},\"query-input\":{\"@type\":\"PropertyValueSpecification\",\"valueRequired\":true,\"valueName\":\"search_term_string\"}}],\"inLanguage\":\"en-US\"}]}<\/script>\n<!-- \/ Yoast SEO plugin. -->","yoast_head_json":{"title":"PH01-A Series - Xi lanh k\u1eb9p th\u00f4ng d\u1ee5ng Protec - V\u0169 L\u00ea Tech","robots":{"index":"index","follow":"follow","max-snippet":"max-snippet:-1","max-image-preview":"max-image-preview:large","max-video-preview":"max-video-preview:-1"},"canonical":"https:\/\/vuletech.com\/product\/ph01-a-series-xi-lanh-kep-thong-dung-protec\/","og_locale":"en_US","og_type":"article","og_title":"PH01-A Series - Xi lanh k\u1eb9p th\u00f4ng d\u1ee5ng Protec - V\u0169 L\u00ea Tech","og_description":"[vc_row][vc_column][vc_single_image image=&#8221;7115&#8243; img_size=&#8221;full&#8221; alignment=&#8221;center&#8221;][vc_custom_heading text=&#8221;T\u00ednh n\u0103ng&#8221; use_theme_fonts=&#8221;yes&#8221;][vc_single_image image=&#8221;7113&#8243; img_size=&#8221;full&#8221; alignment=&#8221;center&#8221;][vc_custom_heading text=&#8221;Th\u00f4ng s\u1ed1 k\u1ef9 thu\u1eadt&#8221; use_theme_fonts=&#8221;yes&#8221;][\/vc_column][\/vc_row][vc_row][vc_column][vc_column_text] PH01-A Series &#8211; Xi lanh k\u1eb9p th\u00f4ng d\u1ee5ng Protec \u0110\u1eb7c \u0111i\u1ec3m PH01-06A PH01-10A PH01-16A PH01-20A PH01-25A PH01-30A \u0110\u01b0\u1eddng k\u00ednh xi-lanh (mm) 6 12 16 20 25 30 H\u00e0nh tr\u00ecnh \u0111\u00f3ng m\u1edf (mm) 4 6 8 12 16 24 L\u1ef1c k\u1eb9p","og_url":"https:\/\/vuletech.com\/product\/ph01-a-series-xi-lanh-kep-thong-dung-protec\/","og_site_name":"V\u0169 L\u00ea Tech","article_modified_time":"2025-05-13T07:25:29+00:00","og_image":[{"width":1473,"height":670,"url":"https:\/\/vuletech.com\/wp-content\/uploads\/2024\/01\/ung-sdung-2.png","type":"image\/png"}],"twitter_card":"summary_large_image","twitter_misc":{"Est. reading time":"3 minutes"},"schema":{"@context":"https:\/\/schema.org","@graph":[{"@type":"WebPage","@id":"https:\/\/vuletech.com\/product\/ph01-a-series-xi-lanh-kep-thong-dung-protec\/","url":"https:\/\/vuletech.com\/product\/ph01-a-series-xi-lanh-kep-thong-dung-protec\/","name":"PH01-A Series - Xi lanh k\u1eb9p th\u00f4ng d\u1ee5ng Protec - V\u0169 L\u00ea Tech","isPartOf":{"@id":"http:\/\/vuletech.com\/#website"},"primaryImageOfPage":{"@id":"https:\/\/vuletech.com\/product\/ph01-a-series-xi-lanh-kep-thong-dung-protec\/#primaryimage"},"image":{"@id":"https:\/\/vuletech.com\/product\/ph01-a-series-xi-lanh-kep-thong-dung-protec\/#primaryimage"},"thumbnailUrl":"https:\/\/vuletech.com\/wp-content\/uploads\/2024\/01\/ung-sdung-2.png","datePublished":"2025-05-13T07:24:27+00:00","dateModified":"2025-05-13T07:25:29+00:00","breadcrumb":{"@id":"https:\/\/vuletech.com\/product\/ph01-a-series-xi-lanh-kep-thong-dung-protec\/#breadcrumb"},"inLanguage":"en-US","potentialAction":[{"@type":"ReadAction","target":["https:\/\/vuletech.com\/product\/ph01-a-series-xi-lanh-kep-thong-dung-protec\/"]}]},{"@type":"ImageObject","inLanguage":"en-US","@id":"https:\/\/vuletech.com\/product\/ph01-a-series-xi-lanh-kep-thong-dung-protec\/#primaryimage","url":"https:\/\/vuletech.com\/wp-content\/uploads\/2024\/01\/ung-sdung-2.png","contentUrl":"https:\/\/vuletech.com\/wp-content\/uploads\/2024\/01\/ung-sdung-2.png","width":1473,"height":670},{"@type":"BreadcrumbList","@id":"https:\/\/vuletech.com\/product\/ph01-a-series-xi-lanh-kep-thong-dung-protec\/#breadcrumb","itemListElement":[{"@type":"ListItem","position":1,"name":"Home","item":"http:\/\/vuletech.com\/en\/"},{"@type":"ListItem","position":2,"name":"Product","item":"https:\/\/vuletech.com\/product\/"},{"@type":"ListItem","position":3,"name":"PH01-A Series &#8211; Xi lanh k\u1eb9p th\u00f4ng d\u1ee5ng Protec"}]},{"@type":"WebSite","@id":"http:\/\/vuletech.com\/#website","url":"http:\/\/vuletech.com\/","name":"V\u0169 L\u00ea Tech","description":"Our Solution - Your Value","potentialAction":[{"@type":"SearchAction","target":{"@type":"EntryPoint","urlTemplate":"http:\/\/vuletech.com\/?s={search_term_string}"},"query-input":{"@type":"PropertyValueSpecification","valueRequired":true,"valueName":"search_term_string"}}],"inLanguage":"en-US"}]}},"_links":{"self":[{"href":"https:\/\/vuletech.com\/en\/wp-json\/wp\/v2\/product\/9629","targetHints":{"allow":["GET"]}}],"collection":[{"href":"https:\/\/vuletech.com\/en\/wp-json\/wp\/v2\/product"}],"about":[{"href":"https:\/\/vuletech.com\/en\/wp-json\/wp\/v2\/types\/product"}],"replies":[{"embeddable":true,"href":"https:\/\/vuletech.com\/en\/wp-json\/wp\/v2\/comments?post=9629"}],"wp:featuredmedia":[{"embeddable":true,"href":"https:\/\/vuletech.com\/en\/wp-json\/wp\/v2\/media\/7114"}],"wp:attachment":[{"href":"https:\/\/vuletech.com\/en\/wp-json\/wp\/v2\/media?parent=9629"}],"wp:term":[{"taxonomy":"product_brand","embeddable":true,"href":"https:\/\/vuletech.com\/en\/wp-json\/wp\/v2\/product_brand?post=9629"},{"taxonomy":"product_cat","embeddable":true,"href":"https:\/\/vuletech.com\/en\/wp-json\/wp\/v2\/product_cat?post=9629"},{"taxonomy":"product_tag","embeddable":true,"href":"https:\/\/vuletech.com\/en\/wp-json\/wp\/v2\/product_tag?post=9629"}],"curies":[{"name":"wp","href":"https:\/\/api.w.org\/{rel}","templated":true}]}}