{"id":9646,"date":"2025-05-13T14:43:37","date_gmt":"2025-05-13T07:43:37","guid":{"rendered":"https:\/\/vuletech.com\/product\/xy-lanh-sc-06-05-protec-4\/"},"modified":"2025-05-13T14:46:03","modified_gmt":"2025-05-13T07:46:03","slug":"xy-lanh-sc-06-05-protec-4","status":"publish","type":"product","link":"https:\/\/vuletech.com\/en\/product\/xy-lanh-sc-06-05-protec-4\/","title":{"rendered":"Xy lanh SC 06-05 PROTEC"},"content":{"rendered":"<div class=\"wpb-content-wrapper\"><p>[vc_row][vc_column width=&#8221;1\/2&#8243;][vc_single_image image=&#8221;7651&#8243; img_size=&#8221;full&#8221; alignment=&#8221;center&#8221;][\/vc_column][vc_column width=&#8221;1\/2&#8243;][vc_column_text]<strong>Th\u00f4ng tin chung<\/strong><\/p>\n<ul>\n<li>Xi lanh v\u00e0 d\u1eabn h\u01b0\u1edbng \u0111\u01b0\u1ee3c th\u1ed1ng nh\u1ea5t n\u1eafm trong m\u1ed9t th\u00e2n xi lanh nh\u1ecf g\u1ecdn.<\/li>\n<li>D\u1eabn h\u01b0\u1edbng cross roller hi\u1ec7u su\u1ea5t ch\u00ednh x\u00e1c cao \u0111\u01b0\u1ee3c t\u00edch h\u1ee3p v\u00e0o t\u1ea5m chuy\u1ec3n \u0111\u1ed9ng.<\/li>\n<li>\u0110\u00e1p \u1ee9ng t\u1ed1c \u0111\u1ed9 cao c\u00f9ng v\u1edbi \u0111\u1ed9 b\u1ec1n cao c\u1ee7a thi\u1ebft b\u1ecb.<\/li>\n<li>Th\u00edch h\u1ee3p s\u1eed d\u1ee5ng l\u00ean xu\u1ed1ng, k\u1eb9p, ch\u1eb7n v\u00e0 c\u1ea5p li\u1ec7u, m\u00e1y \u0111\u1ea9y trong l\u0129nh v\u1ef1c t\u1ef1 \u0111\u1ed9ng h\u00f3a v\u00e0 s\u1ea3n xu\u1ea5t ch\u1ea5t b\u00e1n d\u1eabn.<\/li>\n<li>L\u1eafp \u0111\u1eb7t v\u00e0 \u1ee9ng d\u1ee5ng kh\u00e1c nhau.<\/li>\n<li>T\u00f9y ch\u1ecdn l\u1eafp \u0111\u1eb7t Auto switch. (Kh\u00f4ng b\u1eaft bu\u1ed9c)<\/li>\n<\/ul>\n<p>[\/vc_column_text][\/vc_column][\/vc_row][vc_row][vc_column][vc_column_text]<strong>Th\u00f4ng s\u1ed1 k\u1ef9 thu\u1eadt<\/strong><\/p>\n<table width=\"1230\">\n<tbody>\n<tr>\n<td width=\"193\">Th\u00f4ng tin k\u1ef9 thu\u1eadt<\/td>\n<td width=\"135\">\u0110\u01b0\u1eddng k\u00ednh Xi-lanh (mm)<\/td>\n<td width=\"130\">H\u00e0nh tr\u00ecnh Xi-lanh (mm)<\/td>\n<td width=\"131\">Auto switch<\/td>\n<td width=\"149\">\u00c1p su\u1ea5t v\u1eadn h\u00e0nh (kgf\/cm<sup>2<\/sup>)<\/td>\n<td width=\"74\">Nhi\u1ec7t \u0111\u1ed9 (<sup>o<\/sup>C)<\/td>\n<td width=\"96\">Ki\u1ec3u d\u1eabn h\u01b0\u1edbng<\/td>\n<td width=\"85\">Lo\u1ea1i v\u1eadn h\u00e0nh<\/td>\n<td width=\"237\">L\u1ef1c \u0111\u1ea9y l\u00fd thuy\u1ebft t\u1ea1i \u00e1p su\u1ea5t P kgf\/cm<sup>2<\/sup> (kgf)<\/td>\n<\/tr>\n<tr>\n<td width=\"193\">Xy lanh SC 06-05<\/td>\n<td>6<\/td>\n<td>5<\/td>\n<td>none<\/td>\n<td>1.5 \u2026 7<\/td>\n<td>5 \u2026 60<\/td>\n<td>Cross roller<\/td>\n<td><\/td>\n<td>Forward: 0.28P, Backward: 0.21P<\/td>\n<\/tr>\n<\/tbody>\n<\/table>\n<p>[\/vc_column_text][vc_column_text]<strong>Mua xi lanh SC 06-05 PROTEC \u1edf \u0111\u00e2u?\u00a0<\/strong><\/p>\n<div dir=\"auto\">???????? l\u00e0 c\u00f4ng ty ph\u00e2n ph\u1ed1i ch\u00ednh th\u1ee9c t\u1ea5t c\u1ea3 c\u00e1c thi\u1ebft b\u1ecb kh\u00ed n\u00e9n c\u1ee7a ?????? t\u1ea1i Vi\u1ec7t Nam t\u1eeb n\u0103m 2017.<\/div>\n<div dir=\"auto\">Ch\u00fang t\u00f4i cung c\u1ea5p s\u1ea3n ph\u1ea9m ch\u00ednh h\u00e3ng v\u1edbi ch\u1ea5t l\u01b0\u1ee3ng cao \u0111i k\u00e8m v\u1edbi d\u1ecbch v\u1ee5 b\u1ea3o h\u00e0nh mang \u0111\u1ebfn nhi\u1ec1u l\u1ee3i \u00edch nh\u1ea5t cho kh\u00e1ch h\u00e0ng.<\/div>\n<div dir=\"auto\">\u0110\u1ecba ch\u1ec9: 27 Xu\u00e2n Qu\u1ef3nh, KDC Gia H\u00f2a, P. Ph\u01b0\u1edbc Long B, Tp. Th\u1ee7 \u0110\u1ee9c, Tp.HCM<\/div>\n<div dir=\"auto\">Hotline: (028) 3620 8179 \/ 3620 8176 \/ 3620 8177Fax: (028) 3620 8178<\/div>\n<div dir=\"auto\">Email: info@vuletech.com<\/div>\n<p>[\/vc_column_text][\/vc_column][\/vc_row]<\/p>\n<\/div>","protected":false},"excerpt":{"rendered":"<p>[vc_row][vc_column width=&#8221;1\/2&#8243;][vc_single_image image=&#8221;7651&#8243; img_size=&#8221;full&#8221; alignment=&#8221;center&#8221;][\/vc_column][vc_column width=&#8221;1\/2&#8243;][vc_column_text]Th\u00f4ng tin chung Xi lanh v\u00e0 d\u1eabn h\u01b0\u1edbng \u0111\u01b0\u1ee3c th\u1ed1ng nh\u1ea5t n\u1eafm trong m\u1ed9t th\u00e2n xi lanh nh\u1ecf g\u1ecdn. D\u1eabn h\u01b0\u1edbng cross roller hi\u1ec7u su\u1ea5t ch\u00ednh x\u00e1c cao \u0111\u01b0\u1ee3c t\u00edch h\u1ee3p v\u00e0o t\u1ea5m chuy\u1ec3n \u0111\u1ed9ng. \u0110\u00e1p \u1ee9ng t\u1ed1c \u0111\u1ed9 cao c\u00f9ng v\u1edbi \u0111\u1ed9 b\u1ec1n cao c\u1ee7a thi\u1ebft b\u1ecb. Th\u00edch h\u1ee3p<\/p>\n","protected":false},"featured_media":7651,"comment_status":"closed","ping_status":"closed","template":"","meta":[],"product_brand":[],"product_cat":[782,773,774,775],"product_tag":[],"class_list":{"0":"post-9646","1":"product","2":"type-product","3":"status-publish","4":"has-post-thumbnail","6":"product_cat-sc-series","7":"product_cat-thiet-bi-khi-nen","8":"product_cat-thiet-bi-khi-nen-protec","9":"product_cat-xi-lanh-kep","11":"first","12":"instock","13":"product-type-simple"},"acf":[],"yoast_head":"<!-- This site is optimized with the Yoast SEO plugin v25.1 - https:\/\/yoast.com\/wordpress\/plugins\/seo\/ -->\n<title>Xy lanh SC 06-05 PROTEC - V\u0169 L\u00ea Tech<\/title>\n<meta name=\"robots\" content=\"index, follow, max-snippet:-1, max-image-preview:large, max-video-preview:-1\" \/>\n<link rel=\"canonical\" href=\"https:\/\/vuletech.com\/en\/product\/xy-lanh-sc-06-05-protec-4\/\" \/>\n<meta property=\"og:locale\" content=\"en_US\" \/>\n<meta property=\"og:type\" content=\"article\" \/>\n<meta property=\"og:title\" content=\"Xy lanh SC 06-05 PROTEC - V\u0169 L\u00ea Tech\" \/>\n<meta property=\"og:description\" content=\"[vc_row][vc_column width=&#8221;1\/2&#8243;][vc_single_image image=&#8221;7651&#8243; img_size=&#8221;full&#8221; alignment=&#8221;center&#8221;][\/vc_column][vc_column width=&#8221;1\/2&#8243;][vc_column_text]Th\u00f4ng tin chung Xi lanh v\u00e0 d\u1eabn h\u01b0\u1edbng \u0111\u01b0\u1ee3c th\u1ed1ng nh\u1ea5t n\u1eafm trong m\u1ed9t th\u00e2n xi lanh nh\u1ecf g\u1ecdn. D\u1eabn h\u01b0\u1edbng cross roller hi\u1ec7u su\u1ea5t ch\u00ednh x\u00e1c cao \u0111\u01b0\u1ee3c t\u00edch h\u1ee3p v\u00e0o t\u1ea5m chuy\u1ec3n \u0111\u1ed9ng. \u0110\u00e1p \u1ee9ng t\u1ed1c \u0111\u1ed9 cao c\u00f9ng v\u1edbi \u0111\u1ed9 b\u1ec1n cao c\u1ee7a thi\u1ebft b\u1ecb. Th\u00edch h\u1ee3p\" \/>\n<meta property=\"og:url\" content=\"https:\/\/vuletech.com\/en\/product\/xy-lanh-sc-06-05-protec-4\/\" \/>\n<meta property=\"og:site_name\" content=\"V\u0169 L\u00ea Tech\" \/>\n<meta property=\"article:modified_time\" content=\"2025-05-13T07:46:03+00:00\" \/>\n<meta property=\"og:image\" content=\"https:\/\/vuletech.com\/wp-content\/uploads\/2024\/05\/Xy-lanh-SC-06-05.png\" \/>\n\t<meta property=\"og:image:width\" content=\"1654\" \/>\n\t<meta property=\"og:image:height\" content=\"1223\" \/>\n\t<meta property=\"og:image:type\" content=\"image\/png\" \/>\n<meta name=\"twitter:card\" content=\"summary_large_image\" \/>\n<meta name=\"twitter:label1\" content=\"Est. reading time\" \/>\n\t<meta name=\"twitter:data1\" content=\"2 minutes\" \/>\n<script type=\"application\/ld+json\" class=\"yoast-schema-graph\">{\"@context\":\"https:\/\/schema.org\",\"@graph\":[{\"@type\":\"WebPage\",\"@id\":\"https:\/\/vuletech.com\/en\/product\/xy-lanh-sc-06-05-protec-4\/\",\"url\":\"https:\/\/vuletech.com\/en\/product\/xy-lanh-sc-06-05-protec-4\/\",\"name\":\"Xy lanh SC 06-05 PROTEC - V\u0169 L\u00ea Tech\",\"isPartOf\":{\"@id\":\"http:\/\/vuletech.com\/#website\"},\"primaryImageOfPage\":{\"@id\":\"https:\/\/vuletech.com\/en\/product\/xy-lanh-sc-06-05-protec-4\/#primaryimage\"},\"image\":{\"@id\":\"https:\/\/vuletech.com\/en\/product\/xy-lanh-sc-06-05-protec-4\/#primaryimage\"},\"thumbnailUrl\":\"https:\/\/vuletech.com\/wp-content\/uploads\/2024\/05\/Xy-lanh-SC-06-05.png\",\"datePublished\":\"2025-05-13T07:43:37+00:00\",\"dateModified\":\"2025-05-13T07:46:03+00:00\",\"breadcrumb\":{\"@id\":\"https:\/\/vuletech.com\/en\/product\/xy-lanh-sc-06-05-protec-4\/#breadcrumb\"},\"inLanguage\":\"en-US\",\"potentialAction\":[{\"@type\":\"ReadAction\",\"target\":[\"https:\/\/vuletech.com\/en\/product\/xy-lanh-sc-06-05-protec-4\/\"]}]},{\"@type\":\"ImageObject\",\"inLanguage\":\"en-US\",\"@id\":\"https:\/\/vuletech.com\/en\/product\/xy-lanh-sc-06-05-protec-4\/#primaryimage\",\"url\":\"https:\/\/vuletech.com\/wp-content\/uploads\/2024\/05\/Xy-lanh-SC-06-05.png\",\"contentUrl\":\"https:\/\/vuletech.com\/wp-content\/uploads\/2024\/05\/Xy-lanh-SC-06-05.png\",\"width\":1654,\"height\":1223,\"caption\":\"Xy lanh SC 06-05\"},{\"@type\":\"BreadcrumbList\",\"@id\":\"https:\/\/vuletech.com\/en\/product\/xy-lanh-sc-06-05-protec-4\/#breadcrumb\",\"itemListElement\":[{\"@type\":\"ListItem\",\"position\":1,\"name\":\"Home\",\"item\":\"http:\/\/vuletech.com\/en\/\"},{\"@type\":\"ListItem\",\"position\":2,\"name\":\"Product\",\"item\":\"https:\/\/vuletech.com\/product\/\"},{\"@type\":\"ListItem\",\"position\":3,\"name\":\"Xy lanh SC 06-05 PROTEC\"}]},{\"@type\":\"WebSite\",\"@id\":\"http:\/\/vuletech.com\/#website\",\"url\":\"http:\/\/vuletech.com\/\",\"name\":\"V\u0169 L\u00ea Tech\",\"description\":\"Our Solution - Your Value\",\"potentialAction\":[{\"@type\":\"SearchAction\",\"target\":{\"@type\":\"EntryPoint\",\"urlTemplate\":\"http:\/\/vuletech.com\/?s={search_term_string}\"},\"query-input\":{\"@type\":\"PropertyValueSpecification\",\"valueRequired\":true,\"valueName\":\"search_term_string\"}}],\"inLanguage\":\"en-US\"}]}<\/script>\n<!-- \/ Yoast SEO plugin. -->","yoast_head_json":{"title":"Xy lanh SC 06-05 PROTEC - V\u0169 L\u00ea Tech","robots":{"index":"index","follow":"follow","max-snippet":"max-snippet:-1","max-image-preview":"max-image-preview:large","max-video-preview":"max-video-preview:-1"},"canonical":"https:\/\/vuletech.com\/en\/product\/xy-lanh-sc-06-05-protec-4\/","og_locale":"en_US","og_type":"article","og_title":"Xy lanh SC 06-05 PROTEC - V\u0169 L\u00ea Tech","og_description":"[vc_row][vc_column width=&#8221;1\/2&#8243;][vc_single_image image=&#8221;7651&#8243; img_size=&#8221;full&#8221; alignment=&#8221;center&#8221;][\/vc_column][vc_column width=&#8221;1\/2&#8243;][vc_column_text]Th\u00f4ng tin chung Xi lanh v\u00e0 d\u1eabn h\u01b0\u1edbng \u0111\u01b0\u1ee3c th\u1ed1ng nh\u1ea5t n\u1eafm trong m\u1ed9t th\u00e2n xi lanh nh\u1ecf g\u1ecdn. D\u1eabn h\u01b0\u1edbng cross roller hi\u1ec7u su\u1ea5t ch\u00ednh x\u00e1c cao \u0111\u01b0\u1ee3c t\u00edch h\u1ee3p v\u00e0o t\u1ea5m chuy\u1ec3n \u0111\u1ed9ng. \u0110\u00e1p \u1ee9ng t\u1ed1c \u0111\u1ed9 cao c\u00f9ng v\u1edbi \u0111\u1ed9 b\u1ec1n cao c\u1ee7a thi\u1ebft b\u1ecb. Th\u00edch h\u1ee3p","og_url":"https:\/\/vuletech.com\/en\/product\/xy-lanh-sc-06-05-protec-4\/","og_site_name":"V\u0169 L\u00ea Tech","article_modified_time":"2025-05-13T07:46:03+00:00","og_image":[{"width":1654,"height":1223,"url":"https:\/\/vuletech.com\/wp-content\/uploads\/2024\/05\/Xy-lanh-SC-06-05.png","type":"image\/png"}],"twitter_card":"summary_large_image","twitter_misc":{"Est. reading time":"2 minutes"},"schema":{"@context":"https:\/\/schema.org","@graph":[{"@type":"WebPage","@id":"https:\/\/vuletech.com\/en\/product\/xy-lanh-sc-06-05-protec-4\/","url":"https:\/\/vuletech.com\/en\/product\/xy-lanh-sc-06-05-protec-4\/","name":"Xy lanh SC 06-05 PROTEC - V\u0169 L\u00ea Tech","isPartOf":{"@id":"http:\/\/vuletech.com\/#website"},"primaryImageOfPage":{"@id":"https:\/\/vuletech.com\/en\/product\/xy-lanh-sc-06-05-protec-4\/#primaryimage"},"image":{"@id":"https:\/\/vuletech.com\/en\/product\/xy-lanh-sc-06-05-protec-4\/#primaryimage"},"thumbnailUrl":"https:\/\/vuletech.com\/wp-content\/uploads\/2024\/05\/Xy-lanh-SC-06-05.png","datePublished":"2025-05-13T07:43:37+00:00","dateModified":"2025-05-13T07:46:03+00:00","breadcrumb":{"@id":"https:\/\/vuletech.com\/en\/product\/xy-lanh-sc-06-05-protec-4\/#breadcrumb"},"inLanguage":"en-US","potentialAction":[{"@type":"ReadAction","target":["https:\/\/vuletech.com\/en\/product\/xy-lanh-sc-06-05-protec-4\/"]}]},{"@type":"ImageObject","inLanguage":"en-US","@id":"https:\/\/vuletech.com\/en\/product\/xy-lanh-sc-06-05-protec-4\/#primaryimage","url":"https:\/\/vuletech.com\/wp-content\/uploads\/2024\/05\/Xy-lanh-SC-06-05.png","contentUrl":"https:\/\/vuletech.com\/wp-content\/uploads\/2024\/05\/Xy-lanh-SC-06-05.png","width":1654,"height":1223,"caption":"Xy lanh SC 06-05"},{"@type":"BreadcrumbList","@id":"https:\/\/vuletech.com\/en\/product\/xy-lanh-sc-06-05-protec-4\/#breadcrumb","itemListElement":[{"@type":"ListItem","position":1,"name":"Home","item":"http:\/\/vuletech.com\/en\/"},{"@type":"ListItem","position":2,"name":"Product","item":"https:\/\/vuletech.com\/product\/"},{"@type":"ListItem","position":3,"name":"Xy lanh SC 06-05 PROTEC"}]},{"@type":"WebSite","@id":"http:\/\/vuletech.com\/#website","url":"http:\/\/vuletech.com\/","name":"V\u0169 L\u00ea Tech","description":"Our Solution - Your Value","potentialAction":[{"@type":"SearchAction","target":{"@type":"EntryPoint","urlTemplate":"http:\/\/vuletech.com\/?s={search_term_string}"},"query-input":{"@type":"PropertyValueSpecification","valueRequired":true,"valueName":"search_term_string"}}],"inLanguage":"en-US"}]}},"_links":{"self":[{"href":"https:\/\/vuletech.com\/en\/wp-json\/wp\/v2\/product\/9646","targetHints":{"allow":["GET"]}}],"collection":[{"href":"https:\/\/vuletech.com\/en\/wp-json\/wp\/v2\/product"}],"about":[{"href":"https:\/\/vuletech.com\/en\/wp-json\/wp\/v2\/types\/product"}],"replies":[{"embeddable":true,"href":"https:\/\/vuletech.com\/en\/wp-json\/wp\/v2\/comments?post=9646"}],"wp:featuredmedia":[{"embeddable":true,"href":"https:\/\/vuletech.com\/en\/wp-json\/wp\/v2\/media\/7651"}],"wp:attachment":[{"href":"https:\/\/vuletech.com\/en\/wp-json\/wp\/v2\/media?parent=9646"}],"wp:term":[{"taxonomy":"product_brand","embeddable":true,"href":"https:\/\/vuletech.com\/en\/wp-json\/wp\/v2\/product_brand?post=9646"},{"taxonomy":"product_cat","embeddable":true,"href":"https:\/\/vuletech.com\/en\/wp-json\/wp\/v2\/product_cat?post=9646"},{"taxonomy":"product_tag","embeddable":true,"href":"https:\/\/vuletech.com\/en\/wp-json\/wp\/v2\/product_tag?post=9646"}],"curies":[{"name":"wp","href":"https:\/\/api.w.org\/{rel}","templated":true}]}}