{"id":9647,"date":"2025-05-13T14:51:06","date_gmt":"2025-05-13T07:51:06","guid":{"rendered":"https:\/\/vuletech.com\/product\/standard-air-cylinders-round-type\/"},"modified":"2025-05-13T14:51:51","modified_gmt":"2025-05-13T07:51:51","slug":"standard-air-cylinders-round-type","status":"publish","type":"product","link":"https:\/\/vuletech.com\/en\/product\/standard-air-cylinders-round-type\/","title":{"rendered":"Standard Air Cylinders (Round Type)"},"content":{"rendered":"<div class=\"wpb-content-wrapper\"><p>[vc_row css=&#8221;.vc_custom_1597397094065{padding-top: 50px !important;}&#8221;][vc_column][vc_custom_heading text=&#8221;Xi lanh kh\u00ed CJ1&#8243; use_theme_fonts=&#8221;yes&#8221;][\/vc_column][\/vc_row][vc_row full_width=&#8221;stretch_row&#8221; css=&#8221;.vc_custom_1597397164376{padding-bottom: 50px !important;}&#8221;][vc_column width=&#8221;1\/4&#8243;][vc_single_image image=&#8221;734&#8243; img_size=&#8221;full&#8221; alignment=&#8221;center&#8221;][\/vc_column][vc_column width=&#8221;3\/4&#8243;][vc_column_text]<\/p>\n<ul>\n<li>\u0110\u1ed1i v\u1edbi ki\u1ec3u t\u00e1c \u0111\u1ed9ng k\u00e9p, h\u01b0\u1edbng \u0111\u01b0\u1eddng \u1ed1ng c\u1ee7a kh\u1edbp n\u1ed1i tr\u00ean m\u1eb7t<br \/>\nn\u1eafp\u00a0thanh\u00a0thay \u0111\u1ed5i trong ph\u1ea1m vi 90 \u00b0.<\/li>\n<\/ul>\n<p>[\/vc_column_text][\/vc_column][\/vc_row][vc_row full_width=&#8221;stretch_row&#8221; css=&#8221;.vc_custom_1597398057324{padding-top: 50px !important;background-color: #f7f7f7 !important;}&#8221;][vc_column][vc_custom_heading text=&#8221;Xi lanh pin CJP2 \/ CDJP2 \/ CJP&#8221; use_theme_fonts=&#8221;yes&#8221;][\/vc_column][\/vc_row][vc_row full_width=&#8221;stretch_row&#8221; css=&#8221;.vc_custom_1597397185153{padding-bottom: 50px !important;background-color: #f7f7f7 !important;}&#8221;][vc_column width=&#8221;1\/4&#8243;][vc_single_image image=&#8221;735&#8243; img_size=&#8221;full&#8221; alignment=&#8221;center&#8221;][\/vc_column][vc_column width=&#8221;3\/4&#8243;][vc_column_text]<\/p>\n<ul>\n<li>C\u00f3 th\u1ec3 l\u1eafp hai c\u00f4ng t\u1eafc t\u1ef1 \u0111\u1ed9ng ngay c\u1ea3 tr\u00ean \u0111\u01b0\u1eddng \u00f84, 5<\/li>\n<li>C\u00f3 th\u1ec3 k\u1ebft n\u1ed1i m\u1ed9t \u00f82 M\u1ed9t ch\u1ea1m v\u00e0 b\u1ed9 \u0111i\u1ec1u khi\u1ec3n t\u1ed1c \u0111\u1ed9<\/li>\n<li>V\u1edbi c\u00f4ng t\u1eafc t\u1ef1 \u0111\u1ed9ng (D\u00f2ng CDJP2: CDJP2)<\/li>\n<\/ul>\n<p>[\/vc_column_text][\/vc_column][\/vc_row][vc_row css=&#8221;.vc_custom_1597397869028{padding-top: 50px !important;}&#8221;][vc_column][vc_custom_heading text=&#8221;Xi lanh kh\u00ed CJ2 \/ CDJ2&#8243; use_theme_fonts=&#8221;yes&#8221;][\/vc_column][\/vc_row][vc_row css=&#8221;.vc_custom_1597397873587{padding-bottom: 50px !important;}&#8221;][vc_column width=&#8221;1\/4&#8243;][vc_single_image image=&#8221;736&#8243; img_size=&#8221;full&#8221; alignment=&#8221;center&#8221;][\/vc_column][vc_column width=&#8221;3\/4&#8243;][vc_column_text]<\/p>\n<ul>\n<li>M\u1eb7t b\u00edch \u0111\u1ea7u v\u00e0 ch\u00e2n k\u00e9p \u0111\u00e3 \u0111\u01b0\u1ee3c th\u00eam v\u00e0o c\u00e1c ki\u1ec3u l\u1eafp c\u00f3 s\u1eb5n.<\/li>\n<li>D\u1ec5 d\u00e0ng \u0111i\u1ec1u ch\u1ec9nh v\u1ecb tr\u00ed c\u00f4ng t\u1eafc t\u1ef1 \u0111\u1ed9ng m\u1ed9t c\u00e1ch tinh vi<br \/>\nC\u00f3 th\u1ec3 ch\u1ecdn ki\u1ec3u l\u1eafp, d\u1ea3i ho\u1eb7c thanh ray cho c\u00f4ng t\u1eafc t\u1ef1 \u0111\u1ed9ng v\u1edbi s\u1ed1 ki\u1ec3u m\u00e1y.<\/li>\n<li>S\u1ed1 b\u1ed9 ph\u1eadn c\u00f3 gi\u00e1 \u0111\u1ee1 \u0111\u1ea7u thanh v\u00e0 \/ ho\u1eb7c d\u1ea5u ngo\u1eb7c nh\u1ecdn c\u00f3 s\u1eb5n.<br \/>\n(Kh\u00f4ng c\u1ea7n \u0111\u1eb7t h\u00e0ng ri\u00eang m\u1ed9t gi\u00e1 \u0111\u1ee1 cho \u1ed1ng tr\u1ee5 \u00e1p d\u1ee5ng.)<\/li>\n<li>V\u1edbi c\u00f4ng t\u1eafc t\u1ef1 \u0111\u1ed9ng (d\u00f2ng CDJ2: CDJ2, CDJ2W, CDJ2K, CDJ2Z, CDJ2ZW, CDJ2RA, CDJ2RK)<\/li>\n<\/ul>\n<p>[\/vc_column_text][\/vc_column][\/vc_row][vc_row full_width=&#8221;stretch_row&#8221; css=&#8221;.vc_custom_1597397885289{padding-top: 50px !important;background-color: #f7f7f7 !important;}&#8221;][vc_column][vc_custom_heading text=&#8221;Xi lanh kh\u00ed CJ2 Lo\u1ea1i nh\u1ecf g\u1ecdn CJ2-X3175&#8243; use_theme_fonts=&#8221;yes&#8221;][\/vc_column][\/vc_row][vc_row full_width=&#8221;stretch_row&#8221; css=&#8221;.vc_custom_1597397896259{padding-bottom: 50px !important;background-color: #f7f7f7 !important;}&#8221;][vc_column width=&#8221;1\/4&#8243;][vc_single_image image=&#8221;737&#8243; img_size=&#8221;full&#8221; alignment=&#8221;center&#8221;][\/vc_column][vc_column width=&#8221;3\/4&#8243;][vc_column_text]<\/p>\n<ul>\n<li>Nh\u1ecf g\u1ecdn, nh\u1eb9<br \/>\nChi\u1ec1u d\u00e0i t\u1ed5ng th\u1ec3 t\u1ed1i \u0111a.\u00a0Gi\u1ea3m 25%<br \/>\nTr\u1ecdng l\u01b0\u1ee3ng T\u1ed1i \u0111a. Gi\u1ea3m 27%<\/li>\n<li>Gi\u00e1 \u0111\u1ee1 c\u00f4ng t\u1eafc t\u1ef1 \u0111\u1ed9ng ki\u1ec3u ray m\u1edbi<br \/>\n\u00c1p d\u1ee5ng cho D-M9 (C\u00f3 th\u1ec3 l\u1eafp tr\u1ef1c ti\u1ebfp)<\/li>\n<li>C\u00e1c th\u00f4ng s\u1ed1 k\u1ef9 thu\u1eadt gi\u1ed1ng v\u1edbi c\u00e1c th\u00f4ng s\u1ed1 k\u1ef9 thu\u1eadt c\u1ee7a d\u00f2ng CJ2 hi\u1ec7n c\u00f3.<\/li>\n<\/ul>\n<p>[\/vc_column_text][\/vc_column][\/vc_row][vc_row css=&#8221;.vc_custom_1597397912931{padding-top: 50px !important;}&#8221;][vc_column][vc_custom_heading text=&#8221;Xi lanh kh\u00ed JCM \/ JCDM&#8221; use_theme_fonts=&#8221;yes&#8221;][\/vc_column][\/vc_row][vc_row css=&#8221;.vc_custom_1597397920547{padding-bottom: 50px !important;}&#8221;][vc_column width=&#8221;1\/4&#8243;][vc_single_image image=&#8221;738&#8243; img_size=&#8221;full&#8221; alignment=&#8221;center&#8221;][\/vc_column][vc_column width=&#8221;3\/4&#8243;][vc_column_text]<\/p>\n<ul>\n<li>Chi\u1ec1u d\u00e0i t\u1ed5ng th\u1ec3 r\u00fat ng\u1eafn t\u1edbi 97 mm<\/li>\n<li>Tr\u1ecdng l\u01b0\u1ee3ng gi\u1ea3m t\u1edbi 54% (0,69 kg \u2192 0,32 kg)<\/li>\n<li>C\u00f3 nhi\u1ec1u lo\u1ea1i n\u1eafp kh\u00e1c nhau.<\/li>\n<li>K\u00edch th\u01b0\u1edbc c\u1ed5ng: M5 v\u00e0 Rc1 \/ 8<\/li>\n<li>C\u00f3 s\u1eb5n c\u00e1c \u0111\u1ea7u thanh \u0111\u1ef1c v\u00e0 c\u00e1i.<\/li>\n<li>V\u1edbi c\u00f4ng t\u1eafc t\u1ef1 \u0111\u1ed9ng (d\u00f2ng JCDM: JCDM)<\/li>\n<\/ul>\n<p>[\/vc_column_text][\/vc_column][\/vc_row][vc_row full_width=&#8221;stretch_row&#8221; css=&#8221;.vc_custom_1597397944579{padding-top: 50px !important;background-color: #f7f7f7 !important;}&#8221;][vc_column][vc_custom_heading text=&#8221;Xi lanh kh\u00ed CM2 \/ CDM2&#8243; use_theme_fonts=&#8221;yes&#8221;][\/vc_column][\/vc_row][vc_row full_width=&#8221;stretch_row&#8221; css=&#8221;.vc_custom_1597398097385{padding-bottom: 50px !important;background-color: #f7f7f7 !important;}&#8221;][vc_column width=&#8221;1\/4&#8243;][vc_single_image image=&#8221;739&#8243; img_size=&#8221;full&#8221; alignment=&#8221;center&#8221;][\/vc_column][vc_column width=&#8221;3\/4&#8243;][vc_column_text]<\/p>\n<ul>\n<li>\u0110\u1ea7u thanh c\u00e1i c\u00f3 s\u1eb5n theo ti\u00eau chu\u1ea9n.<\/li>\n<li>D\u1ec5 d\u00e0ng \u0111i\u1ec1u ch\u1ec9nh v\u1ecb tr\u00ed c\u00f4ng t\u1eafc t\u1ef1 \u0111\u1ed9ng d\u1ec5 d\u00e0ng \u30fb<br \/>\nC\u00f3 s\u1eb5n c\u00e1c gi\u00e1 \u0111\u1ee1 tr\u1ee5c thanh v\u00e0 tr\u1ee5 \u0111\u01a1n.<\/li>\n<li>C\u00f3 s\u1eb5n s\u1ed1 b\u1ed9 ph\u1eadn v\u1edbi gi\u00e1 \u0111\u1ee1 \u0111\u1ea7u thanh v\u00e0 \/ ho\u1eb7c gi\u00e1 \u0111\u1ee1 tr\u1ee5c.<br \/>\n(Kh\u00f4ng c\u1ea7n thi\u1ebft ph\u1ea3i \u0111\u1eb7t h\u00e0ng gi\u00e1 \u0111\u1ee1 ri\u00eang cho \u1ed1ng tr\u1ee5 \u00e1p d\u1ee5ng.)<\/li>\n<li>V\u1edbi c\u00f4ng t\u1eafc t\u1ef1 \u0111\u1ed9ng (d\u00f2ng CDM2-Z: CDM2, CDM2W, CDM2K, CDM2KW,<br \/>\nCDM2R, CDM2RK, CDM2 \u25a1 P, CDBM2)<\/li>\n<\/ul>\n<p>[\/vc_column_text][\/vc_column][\/vc_row][vc_row css=&#8221;.vc_custom_1597397978323{padding-top: 50px !important;}&#8221;][vc_column][vc_custom_heading text=&#8221;Xi lanh kh\u00ed \/ Lo\u1ea1i ng\u1eafn CM3 \/ CDM3&#8243; use_theme_fonts=&#8221;yes&#8221;][\/vc_column][\/vc_row][vc_row css=&#8221;.vc_custom_1597397984624{padding-bottom: 50px !important;}&#8221;][vc_column width=&#8221;1\/4&#8243;][vc_single_image image=&#8221;740&#8243; img_size=&#8221;full&#8221; alignment=&#8221;center&#8221;][\/vc_column][vc_column width=&#8221;3\/4&#8243;][vc_column_text]<\/p>\n<ul>\n<li>Ng\u1eafn h\u01a1n \u0111\u1ebfn 66 mm, nh\u1eb9 h\u01a1n \u0111\u1ebfn 21%<br \/>\n(So \u200b\u200bv\u1edbi d\u00f2ng CM2)<\/li>\n<li>\u0110\u1ea7u que c\u00e1i c\u00f3 s\u1eb5n theo ti\u00eau chu\u1ea9n.<\/li>\n<li>V\u1edbi c\u00f4ng t\u1eafc t\u1ef1 \u0111\u1ed9ng (D\u00f2ng CDM3: CDM3)<\/li>\n<\/ul>\n<p>[\/vc_column_text][\/vc_column][\/vc_row][vc_row full_width=&#8221;stretch_row&#8221; css=&#8221;.vc_custom_1597397998515{padding-top: 50px !important;background-color: #f7f7f7 !important;}&#8221;][vc_column][vc_custom_heading text=&#8221;Xi lanh kh\u00ed CG1 \/ CDG1&#8243; use_theme_fonts=&#8221;yes&#8221;][\/vc_column][\/vc_row][vc_row full_width=&#8221;stretch_row&#8221; css=&#8221;.vc_custom_1597398027530{padding-bottom: 50px !important;background-color: #f7f7f7 !important;}&#8221;][vc_column width=&#8221;1\/4&#8243;][vc_single_image image=&#8221;741&#8243; img_size=&#8221;full&#8221; alignment=&#8221;center&#8221;][\/vc_column][vc_column width=&#8221;3\/4&#8243;][vc_column_text]<\/p>\n<ul>\n<li>\u0110\u1ea7u thanh c\u00e1i c\u00f3 s\u1eb5n theo ti\u00eau chu\u1ea9n.<\/li>\n<li>D\u1ec5 d\u00e0ng \u0111i\u1ec1u ch\u1ec9nh v\u1ecb tr\u00ed c\u00f4ng t\u1eafc t\u1ef1 \u0111\u1ed9ng m\u1ed9t c\u00e1ch tinh vi<\/li>\n<li>Kh\u00f4ng c\u00f3 s\u1ee3i ch\u1ec9 n\u1eef g\u1eafn tr\u1ee5c n\u00e0o \u0111\u01b0\u1ee3c th\u00eam v\u00e0o lo\u1ea1i c\u01a1 b\u1ea3n.<\/li>\n<li>C\u00f3 s\u1eb5n s\u1ed1 b\u1ed9 ph\u1eadn v\u1edbi gi\u00e1 \u0111\u1ee1 \u0111\u1ea7u thanh v\u00e0 \/ ho\u1eb7c gi\u00e1 \u0111\u1ee1 tr\u1ee5c.<br \/>\n(Kh\u00f4ng c\u1ea7n thi\u1ebft ph\u1ea3i \u0111\u1eb7t h\u00e0ng gi\u00e1 \u0111\u1ee1 ri\u00eang cho \u1ed1ng tr\u1ee5 \u00e1p d\u1ee5ng.<\/li>\n<li>V\u1edbi c\u00f4ng t\u1eafc t\u1ef1 \u0111\u1ed9ng (D\u00f2ng CDG1-Z: CDG1, CDG1W, CDG1K, CDG1KW, CDG1R, CDG1KR, CDBG1)<\/li>\n<\/ul>\n<p>[\/vc_column_text][\/vc_column][\/vc_row][vc_row css=&#8221;.vc_custom_1597398037683{padding-top: 50px !important;}&#8221;][vc_column][vc_custom_heading text=&#8221;Xi lanh kh\u00ed \/ Lo\u1ea1i ng\u1eafn CG3 \/ CDG3&#8243; use_theme_fonts=&#8221;yes&#8221;][\/vc_column][\/vc_row][vc_row css=&#8221;.vc_custom_1597398044276{padding-bottom: 50px !important;}&#8221;][vc_column width=&#8221;1\/4&#8243;][vc_single_image image=&#8221;742&#8243; img_size=&#8221;full&#8221; alignment=&#8221;center&#8221;][\/vc_column][vc_column width=&#8221;3\/4&#8243;][vc_column_text]<\/p>\n<ul>\n<li>Ng\u1eafn h\u01a1n t\u1edbi 51 mm, nh\u1eb9 h\u01a1n t\u1edbi 24% (So v\u1edbi d\u00f2ng CG1)<\/li>\n<li>\u0110\u1ea7u que c\u00e1i c\u00f3 s\u1eb5n theo ti\u00eau chu\u1ea9n.<\/li>\n<li>V\u1edbi c\u00f4ng t\u1eafc t\u1ef1 \u0111\u1ed9ng (D\u00f2ng CDG3: CDG3)<\/li>\n<\/ul>\n<p>[\/vc_column_text][\/vc_column][\/vc_row]<\/p>\n<\/div>","protected":false},"excerpt":{"rendered":"<p>[vc_row css=&#8221;.vc_custom_1597397094065{padding-top: 50px !important;}&#8221;][vc_column][vc_custom_heading text=&#8221;Xi lanh kh\u00ed CJ1&#8243; use_theme_fonts=&#8221;yes&#8221;][\/vc_column][\/vc_row][vc_row full_width=&#8221;stretch_row&#8221; css=&#8221;.vc_custom_1597397164376{padding-bottom: 50px !important;}&#8221;][vc_column width=&#8221;1\/4&#8243;][vc_single_image image=&#8221;734&#8243; img_size=&#8221;full&#8221; alignment=&#8221;center&#8221;][\/vc_column][vc_column width=&#8221;3\/4&#8243;][vc_column_text] \u0110\u1ed1i v\u1edbi ki\u1ec3u t\u00e1c \u0111\u1ed9ng k\u00e9p, h\u01b0\u1edbng \u0111\u01b0\u1eddng \u1ed1ng c\u1ee7a kh\u1edbp n\u1ed1i tr\u00ean m\u1eb7t n\u1eafp\u00a0thanh\u00a0thay \u0111\u1ed5i trong ph\u1ea1m vi 90 \u00b0. [\/vc_column_text][\/vc_column][\/vc_row][vc_row full_width=&#8221;stretch_row&#8221; css=&#8221;.vc_custom_1597398057324{padding-top: 50px !important;background-color: #f7f7f7 !important;}&#8221;][vc_column][vc_custom_heading text=&#8221;Xi lanh pin CJP2 \/ CDJP2 \/ CJP&#8221; use_theme_fonts=&#8221;yes&#8221;][\/vc_column][\/vc_row][vc_row<\/p>\n","protected":false},"featured_media":742,"comment_status":"closed","ping_status":"closed","template":"","meta":[],"product_brand":[],"product_cat":[786,773,785],"product_tag":[],"class_list":{"0":"post-9647","1":"product","2":"type-product","3":"status-publish","4":"has-post-thumbnail","6":"product_cat-air-cylinder","7":"product_cat-thiet-bi-khi-nen","8":"product_cat-thiet-bi-khi-nen-smc","10":"first","11":"instock","12":"product-type-simple"},"acf":[],"yoast_head":"<!-- This site is optimized with the Yoast SEO plugin v25.1 - https:\/\/yoast.com\/wordpress\/plugins\/seo\/ -->\n<title>Standard Air Cylinders (Round Type) - V\u0169 L\u00ea Tech<\/title>\n<meta name=\"robots\" content=\"index, follow, max-snippet:-1, max-image-preview:large, max-video-preview:-1\" \/>\n<link rel=\"canonical\" href=\"https:\/\/vuletech.com\/product\/standard-air-cylinders-round-type\/\" \/>\n<meta property=\"og:locale\" content=\"en_US\" \/>\n<meta property=\"og:type\" content=\"article\" \/>\n<meta property=\"og:title\" content=\"Standard Air Cylinders (Round Type) - V\u0169 L\u00ea Tech\" \/>\n<meta property=\"og:description\" content=\"[vc_row css=&#8221;.vc_custom_1597397094065{padding-top: 50px !important;}&#8221;][vc_column][vc_custom_heading text=&#8221;Xi lanh kh\u00ed CJ1&#8243; use_theme_fonts=&#8221;yes&#8221;][\/vc_column][\/vc_row][vc_row full_width=&#8221;stretch_row&#8221; css=&#8221;.vc_custom_1597397164376{padding-bottom: 50px !important;}&#8221;][vc_column width=&#8221;1\/4&#8243;][vc_single_image image=&#8221;734&#8243; img_size=&#8221;full&#8221; alignment=&#8221;center&#8221;][\/vc_column][vc_column width=&#8221;3\/4&#8243;][vc_column_text] \u0110\u1ed1i v\u1edbi ki\u1ec3u t\u00e1c \u0111\u1ed9ng k\u00e9p, h\u01b0\u1edbng \u0111\u01b0\u1eddng \u1ed1ng c\u1ee7a kh\u1edbp n\u1ed1i tr\u00ean m\u1eb7t n\u1eafp\u00a0thanh\u00a0thay \u0111\u1ed5i trong ph\u1ea1m vi 90 \u00b0. [\/vc_column_text][\/vc_column][\/vc_row][vc_row full_width=&#8221;stretch_row&#8221; css=&#8221;.vc_custom_1597398057324{padding-top: 50px !important;background-color: #f7f7f7 !important;}&#8221;][vc_column][vc_custom_heading text=&#8221;Xi lanh pin CJP2 \/ CDJP2 \/ CJP&#8221; use_theme_fonts=&#8221;yes&#8221;][\/vc_column][\/vc_row][vc_row\" \/>\n<meta property=\"og:url\" content=\"https:\/\/vuletech.com\/product\/standard-air-cylinders-round-type\/\" \/>\n<meta property=\"og:site_name\" content=\"V\u0169 L\u00ea Tech\" \/>\n<meta property=\"article:modified_time\" content=\"2025-05-13T07:51:51+00:00\" \/>\n<meta property=\"og:image\" content=\"https:\/\/vuletech.com\/wp-content\/uploads\/2020\/08\/bdgf.jpg\" \/>\n\t<meta property=\"og:image:width\" content=\"180\" \/>\n\t<meta property=\"og:image:height\" content=\"134\" \/>\n\t<meta property=\"og:image:type\" content=\"image\/jpeg\" \/>\n<meta name=\"twitter:card\" content=\"summary_large_image\" \/>\n<meta name=\"twitter:label1\" content=\"Est. reading time\" \/>\n\t<meta name=\"twitter:data1\" content=\"7 minutes\" \/>\n<script type=\"application\/ld+json\" class=\"yoast-schema-graph\">{\"@context\":\"https:\/\/schema.org\",\"@graph\":[{\"@type\":\"WebPage\",\"@id\":\"https:\/\/vuletech.com\/product\/standard-air-cylinders-round-type\/\",\"url\":\"https:\/\/vuletech.com\/product\/standard-air-cylinders-round-type\/\",\"name\":\"Standard Air Cylinders (Round Type) - V\u0169 L\u00ea Tech\",\"isPartOf\":{\"@id\":\"http:\/\/vuletech.com\/#website\"},\"primaryImageOfPage\":{\"@id\":\"https:\/\/vuletech.com\/product\/standard-air-cylinders-round-type\/#primaryimage\"},\"image\":{\"@id\":\"https:\/\/vuletech.com\/product\/standard-air-cylinders-round-type\/#primaryimage\"},\"thumbnailUrl\":\"https:\/\/vuletech.com\/wp-content\/uploads\/2020\/08\/bdgf.jpg\",\"datePublished\":\"2025-05-13T07:51:06+00:00\",\"dateModified\":\"2025-05-13T07:51:51+00:00\",\"breadcrumb\":{\"@id\":\"https:\/\/vuletech.com\/product\/standard-air-cylinders-round-type\/#breadcrumb\"},\"inLanguage\":\"en-US\",\"potentialAction\":[{\"@type\":\"ReadAction\",\"target\":[\"https:\/\/vuletech.com\/product\/standard-air-cylinders-round-type\/\"]}]},{\"@type\":\"ImageObject\",\"inLanguage\":\"en-US\",\"@id\":\"https:\/\/vuletech.com\/product\/standard-air-cylinders-round-type\/#primaryimage\",\"url\":\"https:\/\/vuletech.com\/wp-content\/uploads\/2020\/08\/bdgf.jpg\",\"contentUrl\":\"https:\/\/vuletech.com\/wp-content\/uploads\/2020\/08\/bdgf.jpg\",\"width\":180,\"height\":134},{\"@type\":\"BreadcrumbList\",\"@id\":\"https:\/\/vuletech.com\/product\/standard-air-cylinders-round-type\/#breadcrumb\",\"itemListElement\":[{\"@type\":\"ListItem\",\"position\":1,\"name\":\"Home\",\"item\":\"http:\/\/vuletech.com\/en\/\"},{\"@type\":\"ListItem\",\"position\":2,\"name\":\"Product\",\"item\":\"https:\/\/vuletech.com\/product\/\"},{\"@type\":\"ListItem\",\"position\":3,\"name\":\"Standard Air Cylinders (Round Type)\"}]},{\"@type\":\"WebSite\",\"@id\":\"http:\/\/vuletech.com\/#website\",\"url\":\"http:\/\/vuletech.com\/\",\"name\":\"V\u0169 L\u00ea Tech\",\"description\":\"Our Solution - Your Value\",\"potentialAction\":[{\"@type\":\"SearchAction\",\"target\":{\"@type\":\"EntryPoint\",\"urlTemplate\":\"http:\/\/vuletech.com\/?s={search_term_string}\"},\"query-input\":{\"@type\":\"PropertyValueSpecification\",\"valueRequired\":true,\"valueName\":\"search_term_string\"}}],\"inLanguage\":\"en-US\"}]}<\/script>\n<!-- \/ Yoast SEO plugin. -->","yoast_head_json":{"title":"Standard Air Cylinders (Round Type) - V\u0169 L\u00ea Tech","robots":{"index":"index","follow":"follow","max-snippet":"max-snippet:-1","max-image-preview":"max-image-preview:large","max-video-preview":"max-video-preview:-1"},"canonical":"https:\/\/vuletech.com\/product\/standard-air-cylinders-round-type\/","og_locale":"en_US","og_type":"article","og_title":"Standard Air Cylinders (Round Type) - V\u0169 L\u00ea Tech","og_description":"[vc_row css=&#8221;.vc_custom_1597397094065{padding-top: 50px !important;}&#8221;][vc_column][vc_custom_heading text=&#8221;Xi lanh kh\u00ed CJ1&#8243; use_theme_fonts=&#8221;yes&#8221;][\/vc_column][\/vc_row][vc_row full_width=&#8221;stretch_row&#8221; css=&#8221;.vc_custom_1597397164376{padding-bottom: 50px !important;}&#8221;][vc_column width=&#8221;1\/4&#8243;][vc_single_image image=&#8221;734&#8243; img_size=&#8221;full&#8221; alignment=&#8221;center&#8221;][\/vc_column][vc_column width=&#8221;3\/4&#8243;][vc_column_text] \u0110\u1ed1i v\u1edbi ki\u1ec3u t\u00e1c \u0111\u1ed9ng k\u00e9p, h\u01b0\u1edbng \u0111\u01b0\u1eddng \u1ed1ng c\u1ee7a kh\u1edbp n\u1ed1i tr\u00ean m\u1eb7t n\u1eafp\u00a0thanh\u00a0thay \u0111\u1ed5i trong ph\u1ea1m vi 90 \u00b0. [\/vc_column_text][\/vc_column][\/vc_row][vc_row full_width=&#8221;stretch_row&#8221; css=&#8221;.vc_custom_1597398057324{padding-top: 50px !important;background-color: #f7f7f7 !important;}&#8221;][vc_column][vc_custom_heading text=&#8221;Xi lanh pin CJP2 \/ CDJP2 \/ CJP&#8221; use_theme_fonts=&#8221;yes&#8221;][\/vc_column][\/vc_row][vc_row","og_url":"https:\/\/vuletech.com\/product\/standard-air-cylinders-round-type\/","og_site_name":"V\u0169 L\u00ea Tech","article_modified_time":"2025-05-13T07:51:51+00:00","og_image":[{"width":180,"height":134,"url":"https:\/\/vuletech.com\/wp-content\/uploads\/2020\/08\/bdgf.jpg","type":"image\/jpeg"}],"twitter_card":"summary_large_image","twitter_misc":{"Est. reading time":"7 minutes"},"schema":{"@context":"https:\/\/schema.org","@graph":[{"@type":"WebPage","@id":"https:\/\/vuletech.com\/product\/standard-air-cylinders-round-type\/","url":"https:\/\/vuletech.com\/product\/standard-air-cylinders-round-type\/","name":"Standard Air Cylinders (Round Type) - V\u0169 L\u00ea Tech","isPartOf":{"@id":"http:\/\/vuletech.com\/#website"},"primaryImageOfPage":{"@id":"https:\/\/vuletech.com\/product\/standard-air-cylinders-round-type\/#primaryimage"},"image":{"@id":"https:\/\/vuletech.com\/product\/standard-air-cylinders-round-type\/#primaryimage"},"thumbnailUrl":"https:\/\/vuletech.com\/wp-content\/uploads\/2020\/08\/bdgf.jpg","datePublished":"2025-05-13T07:51:06+00:00","dateModified":"2025-05-13T07:51:51+00:00","breadcrumb":{"@id":"https:\/\/vuletech.com\/product\/standard-air-cylinders-round-type\/#breadcrumb"},"inLanguage":"en-US","potentialAction":[{"@type":"ReadAction","target":["https:\/\/vuletech.com\/product\/standard-air-cylinders-round-type\/"]}]},{"@type":"ImageObject","inLanguage":"en-US","@id":"https:\/\/vuletech.com\/product\/standard-air-cylinders-round-type\/#primaryimage","url":"https:\/\/vuletech.com\/wp-content\/uploads\/2020\/08\/bdgf.jpg","contentUrl":"https:\/\/vuletech.com\/wp-content\/uploads\/2020\/08\/bdgf.jpg","width":180,"height":134},{"@type":"BreadcrumbList","@id":"https:\/\/vuletech.com\/product\/standard-air-cylinders-round-type\/#breadcrumb","itemListElement":[{"@type":"ListItem","position":1,"name":"Home","item":"http:\/\/vuletech.com\/en\/"},{"@type":"ListItem","position":2,"name":"Product","item":"https:\/\/vuletech.com\/product\/"},{"@type":"ListItem","position":3,"name":"Standard Air Cylinders (Round Type)"}]},{"@type":"WebSite","@id":"http:\/\/vuletech.com\/#website","url":"http:\/\/vuletech.com\/","name":"V\u0169 L\u00ea Tech","description":"Our Solution - Your Value","potentialAction":[{"@type":"SearchAction","target":{"@type":"EntryPoint","urlTemplate":"http:\/\/vuletech.com\/?s={search_term_string}"},"query-input":{"@type":"PropertyValueSpecification","valueRequired":true,"valueName":"search_term_string"}}],"inLanguage":"en-US"}]}},"_links":{"self":[{"href":"https:\/\/vuletech.com\/en\/wp-json\/wp\/v2\/product\/9647","targetHints":{"allow":["GET"]}}],"collection":[{"href":"https:\/\/vuletech.com\/en\/wp-json\/wp\/v2\/product"}],"about":[{"href":"https:\/\/vuletech.com\/en\/wp-json\/wp\/v2\/types\/product"}],"replies":[{"embeddable":true,"href":"https:\/\/vuletech.com\/en\/wp-json\/wp\/v2\/comments?post=9647"}],"wp:featuredmedia":[{"embeddable":true,"href":"https:\/\/vuletech.com\/en\/wp-json\/wp\/v2\/media\/742"}],"wp:attachment":[{"href":"https:\/\/vuletech.com\/en\/wp-json\/wp\/v2\/media?parent=9647"}],"wp:term":[{"taxonomy":"product_brand","embeddable":true,"href":"https:\/\/vuletech.com\/en\/wp-json\/wp\/v2\/product_brand?post=9647"},{"taxonomy":"product_cat","embeddable":true,"href":"https:\/\/vuletech.com\/en\/wp-json\/wp\/v2\/product_cat?post=9647"},{"taxonomy":"product_tag","embeddable":true,"href":"https:\/\/vuletech.com\/en\/wp-json\/wp\/v2\/product_tag?post=9647"}],"curies":[{"name":"wp","href":"https:\/\/api.w.org\/{rel}","templated":true}]}}