{"id":9649,"date":"2025-05-13T14:57:51","date_gmt":"2025-05-13T07:57:51","guid":{"rendered":"https:\/\/vuletech.com\/product\/icomox-smartmesh-ip\/"},"modified":"2025-05-13T14:58:17","modified_gmt":"2025-05-13T07:58:17","slug":"icomox-smartmesh-ip","status":"publish","type":"product","link":"https:\/\/vuletech.com\/en\/product\/icomox-smartmesh-ip\/","title":{"rendered":"ICOMOX\u2122 SMARTMESH IP"},"content":{"rendered":"<div class=\"wpb-content-wrapper\"><p>[vc_row][vc_column width=&#8221;1\/2&#8243;][vc_custom_heading text=&#8221;T\u1ed5ng qu\u00e1t v\u1ec1 ICOMOX \u2122 SMARTMESH IP&#8221; use_theme_fonts=&#8221;yes&#8221;]<div class=\"wt-separator-outer \">\n                                    <div class=\"wt-separator style-square\">\n                                        <span class=\"separator-left bg-primary\"><\/span>\n                                        <span class=\"separator-right bg-primary\"><\/span>\n                                    <\/div>\n                                <\/div>\n[vc_column_text]<\/p>\n<div class=\"elementor-element elementor-element-b3fe51f elementor-widget elementor-widget-text-editor\" data-id=\"b3fe51f\" data-element_type=\"widget\" data-widget_type=\"text-editor.default\">\n<div class=\"elementor-widget-container\">\n<div class=\"elementor-text-editor elementor-clearfix\">\n<div class=\"elementor-element elementor-element-30bb6fe elementor-widget elementor-widget-text-editor\" data-id=\"30bb6fe\" data-element_type=\"text-editor.default\">\n<div class=\"elementor-widget-container\">\n<div class=\"elementor-text-editor elementor-clearfix\">\n<p><span class=\"\">H\u1ed9p Gi\u00e1m s\u00e1t \u0110i\u1ec1u ki\u1ec7n Th\u00f4ng minh l\u00e0 m\u1ed9t n\u1ec1n t\u1ea3ng ph\u00e1t tri\u1ec3n m\u1edf cho Gi\u00e1m s\u00e1t D\u1ef1a tr\u00ean \u0110i\u1ec1u ki\u1ec7n (CBM) c\u1ee7a thi\u1ebft b\u1ecb, t\u00e0i s\u1ea3n v\u00e0 c\u1ea5u tr\u00fac c\u00f4ng nghi\u1ec7p.<\/span><br \/>\niCOMOX \u2122 gi\u00e1m s\u00e1t c\u00e1c \u0111i\u1ec1u ki\u1ec7n ho\u1ea1t \u0111\u1ed9ng t\u1eeb b\u1ec1 m\u1eb7t c\u1ee7a thi\u1ebft b\u1ecb \u0111\u1ec3 x\u00e1c \u0111\u1ecbnh c\u00e1c l\u1ed7i ti\u1ec1m \u1ea9n v\u00e0 gi\u1ea3m r\u1ee7i ro li\u00ean quan \u0111\u1ebfn v\u1eadn h\u00e0nh v\u00e0 b\u1ea3o tr\u00ec thi\u1ebft b\u1ecb.\u00a0\u0110i\u1ec1u n\u00e0y k\u00e9o d\u00e0i tu\u1ed5i th\u1ecd c\u1ee7a thi\u1ebft b\u1ecb, gi\u1ea3m th\u1eddi gian ng\u1eebng ho\u1ea1t \u0111\u1ed9ng ngo\u00e0i k\u1ebf ho\u1ea1ch, c\u1eaft gi\u1ea3m chi ph\u00ed b\u1ea3o tr\u00ec v\u00e0 m\u1edf ra ti\u1ec1m n\u0103ng ti\u1ebft ki\u1ec7m n\u0103ng l\u01b0\u1ee3ng.<\/p>\n<\/div>\n<\/div>\n<\/div>\n<\/div>\n<\/div>\n<\/div>\n<div class=\"elementor-element elementor-element-5df05ae elementor-widget elementor-widget-heading\" data-id=\"5df05ae\" data-element_type=\"widget\" data-widget_type=\"heading.default\">\n<div class=\"elementor-widget-container\">\n<h4 class=\"elementor-heading-title elementor-size-default\">C\u00e1c l\u1ee3i \u00edch ch\u00ednh<\/h4>\n<\/div>\n<\/div>\n<div class=\"elementor-element elementor-element-608082f elementor-widget elementor-widget-text-editor\" data-id=\"608082f\" data-element_type=\"widget\" data-widget_type=\"text-editor.default\">\n<div class=\"elementor-widget-container\">\n<div class=\"elementor-text-editor elementor-clearfix\">\n<ul>\n<li>M\u1edf n\u1ec1n t\u1ea3ng c\u1ea3m bi\u1ebfn v\u1edbi \u0111\u00e1m m\u00e2y \u0111\u01b0\u1ee3c nh\u00fang<\/li>\n<li>\u0110a c\u1ea3m bi\u1ebfn: c\u1ea3m bi\u1ebfn rung, t\u1eeb tr\u01b0\u1eddng, nhi\u1ec7t \u0111\u1ed9 v\u00e0 \u00e2m thanh<\/li>\n<li>D\u1ea3i \u0111\u1ed9ng cao v\u00e0 SNR \u0111\u1eb7c bi\u1ec7t \u0111\u1ec3 ph\u00e2n t\u00edch rung \u0111\u1ed9ng<\/li>\n<li>Ph\u00e1t hi\u1ec7n ph\u00e1t x\u1ea1 \u00e2m hi\u1ec7u su\u1ea5t cao<\/li>\n<li>C\u1ea3m bi\u1ebfn d\u00f2ng \u0111i\u1ec7n kh\u00f4ng x\u00e2m l\u1ea5n \u0111\u1ec3 ph\u00e2n t\u00edch d\u1ea5u hi\u1ec7u d\u00f2ng \u0111i\u1ec7n c\u1ee7a \u0111\u1ed9ng c\u01a1<\/li>\n<li>Ti\u00eau th\u1ee5 \u0111i\u1ec7n n\u0103ng c\u1ef1c th\u1ea5p v\u1edbi c\u00f4ng ngh\u1ec7 SensorStrobe \u2122<\/li>\n<li>Giao ti\u1ebfp SmartMesh \u2122 IP 2.4GHz 802.15.4e kh\u00f4ng d\u00e2y c\u00f3 \u0111\u1ed9 tin c\u1eady cao cho c\u00e1c m\u00f4i tr\u01b0\u1eddng c\u00f4ng nghi\u1ec7p kh\u1eafc nghi\u1ec7t<br \/>\nSW \u0111\u01b0\u1ee3c nh\u00fang v\u00e0 ph\u00e2n t\u00edch \u0111\u1ec3 ph\u00e1t hi\u1ec7n s\u1edbm c\u00e1c l\u1ed7i m\u00e1y trong c\u00e1c \u1ee9ng d\u1ee5ng CBM<\/li>\n<li>Kh\u1ea3 n\u0103ng \u0111\u1ecbnh c\u1ea5u h\u00ecnh m\u1ee9c c\u1ea3nh b\u00e1o v\u00e0 c\u1ea3nh b\u00e1o v\u00e0 c\u00e1c s\u1ef1 ki\u1ec7n d\u1ea5u th\u1eddi gian cho m\u1ed7i c\u1ea3m bi\u1ebfn<\/li>\n<li>\u0110\u01b0\u1ee3c ch\u1ee9ng nh\u1eadn CE v\u00e0 FCC v\u1edbi v\u1ecf b\u1ecdc IP66<\/li>\n<li>H\u1ec7 s\u1ed1 h\u00ecnh th\u1ee9c r\u1ea5t nh\u1ecf g\u1ecdn \u0111\u1ec3 g\u1eafn b\u00ean ngo\u00e0i v\u00e0 d\u01b0\u1edbi mui xe<\/li>\n<li>Nhi\u1ec1u b\u1ed9 \u0111i\u1ec1u h\u1ee3p l\u1eafp \u0111\u1eb7t kh\u00e1c nhau \u0111\u1ec3 ch\u1ee9a nhi\u1ec1u lo\u1ea1i<br \/>\nthi\u1ebft b\u1ecb \u0111\u01b0\u1ee3c gi\u00e1m s\u00e1t<\/li>\n<li>D\u1ec5 d\u00e0ng c\u00e0i \u0111\u1eb7t, s\u1eed d\u1ee5ng v\u00e0 duy tr\u00ec kh\u00e1i ni\u1ec7m n\u1ec1n t\u1ea3ng<\/li>\n<\/ul>\n<\/div>\n<\/div>\n<\/div>\n<p>[\/vc_column_text][\/vc_column][vc_column width=&#8221;1\/2&#8243;][vc_video link=&#8221;https:\/\/youtu.be\/R_3FY_myok8&#8243; align=&#8221;center&#8221;][\/vc_column][\/vc_row][vc_row][vc_column width=&#8221;1\/2&#8243;][vc_single_image image=&#8221;4063&#8243; img_size=&#8221;full&#8221; alignment=&#8221;center&#8221;][\/vc_column][vc_column width=&#8221;1\/2&#8243;][vc_custom_heading text=&#8221;Th\u00f4ng s\u1ed1 k\u0129 thu\u1eadt c\u1ee7a ICOMOX \u2122 SMARTMESH IP&#8221; use_theme_fonts=&#8221;yes&#8221;]<div class=\"wt-separator-outer \">\n                                    <div class=\"wt-separator style-square\">\n                                        <span class=\"separator-left bg-primary\"><\/span>\n                                        <span class=\"separator-right bg-primary\"><\/span>\n                                    <\/div>\n                                <\/div>\n[vc_column_text]<strong>B\u1ed8 X\u1eec L\u00dd \u1ee8NG D\u1ee4NG<\/strong><\/p>\n<ul>\n<li>ADuCM4050 t\u1eeb Thi\u1ebft b\u1ecb Analog<\/li>\n<li>MCU ARM\u00ae Cortex\u00ae-M4F c\u00f4ng su\u1ea5t c\u1ef1c th\u1ea5p v\u1edbi qu\u1ea3n l\u00fd n\u0103ng l\u01b0\u1ee3ng t\u00edch h\u1ee3p<\/li>\n<li>C\u00f4ng ngh\u1ec7 SensorStrobe \u2122 ti\u1ebft ki\u1ec7m \u0111i\u1ec7n n\u0103ng c\u1ea5p h\u1ec7 th\u1ed1ng g\u1ea5p 10 l\u1ea7n<\/li>\n<li>B\u1ed9 nh\u1edb &#8211; 512 kB b\u1ed9 nh\u1edb flash nh\u00fang v\u1edbi ECC v\u00e0 128 kB SRAM h\u1ec7 th\u1ed1ng c\u00f3 th\u1ec3 \u0111\u1ecbnh c\u1ea5u h\u00ecnh v\u1edbi t\u00ednh n\u0103ng ch\u1eb5n l\u1ebb<\/li>\n<li>Thi\u1ebft b\u1ecb ngo\u1ea1i vi t\u01b0\u01a1ng t\u1ef1 &#8211; SAR ADC 12 bit, 1.8 MSPS, 8 k\u00eanh<\/li>\n<li>B\u1ea3o m\u1eadt &#8211; b\u1ed9 t\u0103ng t\u1ed1c m\u1eadt m\u00e3 ph\u1ea7n c\u1ee9ng h\u1ed7 tr\u1ee3 AES-128, AES-256 v\u00e0 SHA-256<\/li>\n<\/ul>\n<p><strong>C\u1ea2M BI\u1ebeN RUNG<\/strong><\/p>\n<ul>\n<li>ADXL356 t\u1eeb Thi\u1ebft b\u1ecb Analog<\/li>\n<li>Ti\u1ebfng \u1ed3n th\u1ea5p, \u0111\u1ed9 tr\u00f4i th\u1ea5p, c\u00f4ng su\u1ea5t th\u1ea5p, gia t\u1ed1c k\u1ebf MEMS 3 tr\u1ee5c<\/li>\n<li>Ph\u1ea1m vi \u00b1 10g, \u00b1 20g v\u00e0 \u00b1 40g<\/li>\n<li>T\u1ea7n s\u1ed1 c\u1ed9ng h\u01b0\u1edfng 5,5kHz v\u1edbi b\u0103ng th\u00f4ng \u0111\u1ea7u ra t\u01b0\u01a1ng t\u1ef1 c\u00f3 th\u1ec3 \u0111i\u1ec1u ch\u1ec9nh<\/li>\n<li>\u0110\u1ed9 \u1ed5n \u0111\u1ecbnh l\u00e2u d\u00e0i tuy\u1ec7t v\u1eddi t\u1eeb \u221240 \u00b0 C \u0111\u1ebfn + 125 \u00b0 C<\/li>\n<li>C\u1ea3m bi\u1ebfn nhi\u1ec7t \u0111\u1ed9 t\u00edch h\u1ee3p<\/li>\n<\/ul>\n<p><strong>C\u1ea2M BI\u1ebeN T\u1eea TR\u01af\u1edcNG<\/strong><\/p>\n<ul>\n<li>BMM150 c\u1ee7a Bosch<\/li>\n<li>C\u1ea3m bi\u1ebfn t\u1eeb tr\u01b0\u1eddng 3 tr\u1ee5c c\u00f4ng su\u1ea5t th\u1ea5p v\u00e0 ti\u1ebfng \u1ed3n th\u1ea5p<\/li>\n<li>Ph\u1ea1m vi \u0111o m\u1edf r\u1ed9ng \u00b1 1300 \u00b5t (tr\u1ee5c x-, y-) v\u00e0 \u00b1 2500\u00b5T (tr\u1ee5c z) v\u1edbi \u0111\u1ed9 ph\u00e2n gi\u1ea3i 0,3\u00b5T<\/li>\n<li>B\u0103ng th\u00f4ng \u0111\u1ea7u ra c\u00f3 th\u1ec3 \u0111i\u1ec1u ch\u1ec9nh&gt; 300Hz<\/li>\n<\/ul>\n<p><strong>C\u1ea2M BI\u1ebeN \u00c2M THANH<\/strong><\/p>\n<ul>\n<li>IM69D130 t\u1eeb Infineon<\/li>\n<li>Micr\u00f4 hi\u1ec7u su\u1ea5t cao v\u1edbi c\u00f4ng ngh\u1ec7 MEMS b\u1ea3ng n\u1ed1i k\u00e9p<\/li>\n<li>D\u1ea3i \u0111\u1ed9ng 105dB v\u00e0 69 dB (A) SNR<\/li>\n<li>D\u01b0\u1edbi 1% THD \u1edf 128 dBSPL<\/li>\n<li>\u0110\u00e1p \u1ee9ng t\u1ea7n s\u1ed1 ph\u1eb3ng v\u1edbi t\u1ea7n s\u1ed1 th\u1ea5p t\u1eaft \u1edf 28Hz<\/li>\n<\/ul>\n<p><strong>C\u1ea2M BI\u1ebeN NHI\u1ec6T \u0110\u1ed8<\/strong><\/p>\n<ul>\n<li>ADT7410 t\u1eeb Thi\u1ebft b\u1ecb Analog<\/li>\n<li>\u00b1 0,5 \u00b0 C ch\u00ednh x\u00e1c v\u1edbi \u0111\u1ed9 ph\u00e2n gi\u1ea3i 16-bit<\/li>\n<li>D\u1ea3i nhi\u1ec7t \u0111\u1ed9 \u221255 \u00b0 C \u0111\u1ebfn + 150 \u00b0 C<\/li>\n<li>Ng\u1eaft c\u00f3 th\u1ec3 l\u1eadp tr\u00ecnh<\/li>\n<\/ul>\n<p><strong>GIAO TI\u1ebeP<\/strong><\/p>\n<ul>\n<li>LTC5800-IPM t\u1eeb Thi\u1ebft b\u1ecb T\u01b0\u01a1ng t\u1ef1<\/li>\n<li>SmartMesh IP 2,4 GHz, 802.15.4e SoC nh\u01b0 m\u1ed9t vi m\u1ea1ch kh\u00f4ng d\u00e2y, tr\u00ecnh qu\u1ea3n l\u00fd \u0111i\u1ec7n t\u1eed ho\u1eb7c vi \u0111i\u1ec3m truy c\u1eadp trong m\u1ea1ng SmartMesh IP<\/li>\n<li>Ho\u00e0n ch\u1ec9nh b\u1ed9 thu ph\u00e1t v\u00f4 tuy\u1ebfn, b\u1ed9 x\u1eed l\u00fd nh\u00fang v\u00e0 ph\u1ea7n m\u1ec1m m\u1ea1ng \u0111\u1ec3 t\u1ea1o th\u00e0nh m\u1ea1ng l\u01b0\u1edbi t\u1ef1 ph\u1ee5c h\u1ed3i<\/li>\n<li>SDK tr\u00ean chip th\u1eddi gian th\u1ef1c c\u1ee7a Micrium \u03bcCOS-II<\/li>\n<li>&gt; 99,999% \u0111\u1ed9 tin c\u1eady c\u1ee7a m\u1ea1ng \u0111\u1ea1t \u0111\u01b0\u1ee3c trong c\u00e1c m\u00f4i tr\u01b0\u1eddng RF th\u00e1ch th\u1ee9c nh\u1ea5t<\/li>\n<\/ul>\n<p><strong>C\u00c1C T\u00cdNH N\u0102NG KH\u00c1C<\/strong><\/p>\n<ul>\n<li>C\u00f4ng su\u1ea5t c\u1ef1c th\u1ea5p, ADXL362 th\u1ea5p t\u1eeb Thi\u1ebft b\u1ecb Analog \u0111\u1ec3 m\u1edf kh\u00f3a kh\u1ea3 n\u0103ng ti\u1ebft ki\u1ec7m \u0111i\u1ec7n c\u1ea5p h\u1ec7 th\u1ed1ng b\u1ed5 sung<\/li>\n<li>Th\u1ebb micro-SD t\u00f9y ch\u1ecdn \u0111\u1ec3 ghi d\u1eef li\u1ec7u<\/li>\n<li>Giao di\u1ec7n USB to serial UART, t\u01b0\u01a1ng th\u00edch t\u1ed1c \u0111\u1ed9 \u0111\u1ea7y \u0111\u1ee7 USB 2.0<\/li>\n<li>Hai \u0111\u00e8n b\u00e1o tr\u1ea1ng th\u00e1i LED<\/li>\n<li>Pin l\u00ean t\u1edbi 2x \u0111\u1ed3ng xu CR2477 cho tu\u1ed5i th\u1ecd pin k\u00e9o d\u00e0i<\/li>\n<li>Nhi\u1ec7t \u0111\u1ed9 ho\u1ea1t \u0111\u1ed9ng t\u1eeb -40 \u00b0 C \u0111\u1ebfn 85 \u00b0 C<\/li>\n<li>Ph\u00e2n t\u00edch mi\u1ec1n th\u1eddi gian v\u00e0 FFT c\u01a1 b\u1ea3n trong MCU theo m\u1eb7c \u0111\u1ecbnh<\/li>\n<li>Ph\u00e2n t\u00edch v\u00e0 SW n\u00e2ng cao \u0111\u1ec3 ph\u00e1t hi\u1ec7n l\u1ed7i s\u1edbm theo y\u00eau c\u1ea7u<\/li>\n<li>C\u1ea3m bi\u1ebfn do ng\u01b0\u1eddi d\u00f9ng l\u1eadp tr\u00ecnh ng\u1eaft \u0111\u1ec3 k\u00edch ho\u1ea1t c\u00e1c s\u1ef1 ki\u1ec7n<\/li>\n<li>K\u1ebft n\u1ed1i \u0111\u00e1m m\u00e2y th\u00f4ng qua c\u1ed5ng IP SmartMesh \u2122 t\u00f9y ch\u1ecdn ho\u1eb7c tr\u00ecnh qu\u1ea3n l\u00fd m\u1ea1ng USB<\/li>\n<li>C\u00e1c \u1ee9ng d\u1ee5ng \u0111\u00e1m m\u00e2y t\u00f9y ch\u1ecdn v\u00e0 ph\u00e2n t\u00edch n\u00e2ng cao<\/li>\n<li>Giao di\u1ec7n d\u1ec5 s\u1eed d\u1ee5ng<\/li>\n<\/ul>\n<p>[\/vc_column_text][\/vc_column][\/vc_row]<\/p>\n<\/div>","protected":false},"excerpt":{"rendered":"<p>[vc_row][vc_column width=&#8221;1\/2&#8243;][vc_custom_heading text=&#8221;T\u1ed5ng qu\u00e1t v\u1ec1 ICOMOX \u2122 SMARTMESH IP&#8221; use_theme_fonts=&#8221;yes&#8221;][vc_column_text] H\u1ed9p Gi\u00e1m s\u00e1t \u0110i\u1ec1u ki\u1ec7n Th\u00f4ng minh l\u00e0 m\u1ed9t n\u1ec1n t\u1ea3ng ph\u00e1t tri\u1ec3n m\u1edf cho Gi\u00e1m s\u00e1t D\u1ef1a tr\u00ean \u0110i\u1ec1u ki\u1ec7n (CBM) c\u1ee7a thi\u1ebft b\u1ecb, t\u00e0i s\u1ea3n v\u00e0 c\u1ea5u tr\u00fac c\u00f4ng nghi\u1ec7p. iCOMOX \u2122 gi\u00e1m s\u00e1t c\u00e1c \u0111i\u1ec1u ki\u1ec7n ho\u1ea1t \u0111\u1ed9ng t\u1eeb b\u1ec1 m\u1eb7t c\u1ee7a<\/p>\n","protected":false},"featured_media":4063,"comment_status":"closed","ping_status":"closed","template":"","meta":[],"product_brand":[],"product_cat":[788,721],"product_tag":[],"class_list":{"0":"post-9649","1":"product","2":"type-product","3":"status-publish","4":"has-post-thumbnail","6":"product_cat-shiratech","7":"product_cat-thiet-bi-iot","9":"first","10":"instock","11":"product-type-simple"},"acf":[],"yoast_head":"<!-- This site is optimized with the Yoast SEO plugin v25.1 - https:\/\/yoast.com\/wordpress\/plugins\/seo\/ -->\n<title>ICOMOX\u2122 SMARTMESH IP - V\u0169 L\u00ea Tech<\/title>\n<meta name=\"robots\" content=\"index, follow, max-snippet:-1, max-image-preview:large, max-video-preview:-1\" \/>\n<link rel=\"canonical\" href=\"http:\/\/vuletech.com\/product\/icomox-smartmesh-ip\/\" \/>\n<meta property=\"og:locale\" content=\"en_US\" \/>\n<meta property=\"og:type\" content=\"article\" \/>\n<meta property=\"og:title\" content=\"ICOMOX\u2122 SMARTMESH IP - V\u0169 L\u00ea Tech\" \/>\n<meta property=\"og:description\" content=\"[vc_row][vc_column width=&#8221;1\/2&#8243;][vc_custom_heading text=&#8221;T\u1ed5ng qu\u00e1t v\u1ec1 ICOMOX \u2122 SMARTMESH IP&#8221; use_theme_fonts=&#8221;yes&#8221;][vc_column_text] H\u1ed9p Gi\u00e1m s\u00e1t \u0110i\u1ec1u ki\u1ec7n Th\u00f4ng minh l\u00e0 m\u1ed9t n\u1ec1n t\u1ea3ng ph\u00e1t tri\u1ec3n m\u1edf cho Gi\u00e1m s\u00e1t D\u1ef1a tr\u00ean \u0110i\u1ec1u ki\u1ec7n (CBM) c\u1ee7a thi\u1ebft b\u1ecb, t\u00e0i s\u1ea3n v\u00e0 c\u1ea5u tr\u00fac c\u00f4ng nghi\u1ec7p. iCOMOX \u2122 gi\u00e1m s\u00e1t c\u00e1c \u0111i\u1ec1u ki\u1ec7n ho\u1ea1t \u0111\u1ed9ng t\u1eeb b\u1ec1 m\u1eb7t c\u1ee7a\" \/>\n<meta property=\"og:url\" content=\"http:\/\/vuletech.com\/product\/icomox-smartmesh-ip\/\" \/>\n<meta property=\"og:site_name\" content=\"V\u0169 L\u00ea Tech\" \/>\n<meta property=\"article:modified_time\" content=\"2025-05-13T07:58:17+00:00\" \/>\n<meta property=\"og:image\" content=\"http:\/\/vuletech.com\/wp-content\/uploads\/2021\/07\/aaaaaa.png\" \/>\n\t<meta property=\"og:image:width\" content=\"846\" \/>\n\t<meta property=\"og:image:height\" content=\"458\" \/>\n\t<meta property=\"og:image:type\" content=\"image\/png\" \/>\n<meta name=\"twitter:card\" content=\"summary_large_image\" \/>\n<meta name=\"twitter:label1\" content=\"Est. reading time\" \/>\n\t<meta name=\"twitter:data1\" content=\"6 minutes\" \/>\n<script type=\"application\/ld+json\" class=\"yoast-schema-graph\">{\"@context\":\"https:\/\/schema.org\",\"@graph\":[{\"@type\":\"WebPage\",\"@id\":\"http:\/\/vuletech.com\/product\/icomox-smartmesh-ip\/\",\"url\":\"http:\/\/vuletech.com\/product\/icomox-smartmesh-ip\/\",\"name\":\"ICOMOX\u2122 SMARTMESH IP - V\u0169 L\u00ea Tech\",\"isPartOf\":{\"@id\":\"http:\/\/vuletech.com\/#website\"},\"primaryImageOfPage\":{\"@id\":\"http:\/\/vuletech.com\/product\/icomox-smartmesh-ip\/#primaryimage\"},\"image\":{\"@id\":\"http:\/\/vuletech.com\/product\/icomox-smartmesh-ip\/#primaryimage\"},\"thumbnailUrl\":\"https:\/\/vuletech.com\/wp-content\/uploads\/2021\/07\/aaaaaa.png\",\"datePublished\":\"2025-05-13T07:57:51+00:00\",\"dateModified\":\"2025-05-13T07:58:17+00:00\",\"breadcrumb\":{\"@id\":\"http:\/\/vuletech.com\/product\/icomox-smartmesh-ip\/#breadcrumb\"},\"inLanguage\":\"en-US\",\"potentialAction\":[{\"@type\":\"ReadAction\",\"target\":[\"http:\/\/vuletech.com\/product\/icomox-smartmesh-ip\/\"]}]},{\"@type\":\"ImageObject\",\"inLanguage\":\"en-US\",\"@id\":\"http:\/\/vuletech.com\/product\/icomox-smartmesh-ip\/#primaryimage\",\"url\":\"https:\/\/vuletech.com\/wp-content\/uploads\/2021\/07\/aaaaaa.png\",\"contentUrl\":\"https:\/\/vuletech.com\/wp-content\/uploads\/2021\/07\/aaaaaa.png\",\"width\":846,\"height\":458,\"caption\":\"icomox shiratech\"},{\"@type\":\"BreadcrumbList\",\"@id\":\"http:\/\/vuletech.com\/product\/icomox-smartmesh-ip\/#breadcrumb\",\"itemListElement\":[{\"@type\":\"ListItem\",\"position\":1,\"name\":\"Home\",\"item\":\"https:\/\/vuletech.com\/en\/\"},{\"@type\":\"ListItem\",\"position\":2,\"name\":\"Product\",\"item\":\"https:\/\/vuletech.com\/product\/\"},{\"@type\":\"ListItem\",\"position\":3,\"name\":\"ICOMOX\u2122 SMARTMESH IP\"}]},{\"@type\":\"WebSite\",\"@id\":\"http:\/\/vuletech.com\/#website\",\"url\":\"http:\/\/vuletech.com\/\",\"name\":\"V\u0169 L\u00ea Tech\",\"description\":\"Our Solution - Your Value\",\"potentialAction\":[{\"@type\":\"SearchAction\",\"target\":{\"@type\":\"EntryPoint\",\"urlTemplate\":\"http:\/\/vuletech.com\/?s={search_term_string}\"},\"query-input\":{\"@type\":\"PropertyValueSpecification\",\"valueRequired\":true,\"valueName\":\"search_term_string\"}}],\"inLanguage\":\"en-US\"}]}<\/script>\n<!-- \/ Yoast SEO plugin. -->","yoast_head_json":{"title":"ICOMOX\u2122 SMARTMESH IP - V\u0169 L\u00ea Tech","robots":{"index":"index","follow":"follow","max-snippet":"max-snippet:-1","max-image-preview":"max-image-preview:large","max-video-preview":"max-video-preview:-1"},"canonical":"http:\/\/vuletech.com\/product\/icomox-smartmesh-ip\/","og_locale":"en_US","og_type":"article","og_title":"ICOMOX\u2122 SMARTMESH IP - V\u0169 L\u00ea Tech","og_description":"[vc_row][vc_column width=&#8221;1\/2&#8243;][vc_custom_heading text=&#8221;T\u1ed5ng qu\u00e1t v\u1ec1 ICOMOX \u2122 SMARTMESH IP&#8221; use_theme_fonts=&#8221;yes&#8221;][vc_column_text] H\u1ed9p Gi\u00e1m s\u00e1t \u0110i\u1ec1u ki\u1ec7n Th\u00f4ng minh l\u00e0 m\u1ed9t n\u1ec1n t\u1ea3ng ph\u00e1t tri\u1ec3n m\u1edf cho Gi\u00e1m s\u00e1t D\u1ef1a tr\u00ean \u0110i\u1ec1u ki\u1ec7n (CBM) c\u1ee7a thi\u1ebft b\u1ecb, t\u00e0i s\u1ea3n v\u00e0 c\u1ea5u tr\u00fac c\u00f4ng nghi\u1ec7p. iCOMOX \u2122 gi\u00e1m s\u00e1t c\u00e1c \u0111i\u1ec1u ki\u1ec7n ho\u1ea1t \u0111\u1ed9ng t\u1eeb b\u1ec1 m\u1eb7t c\u1ee7a","og_url":"http:\/\/vuletech.com\/product\/icomox-smartmesh-ip\/","og_site_name":"V\u0169 L\u00ea Tech","article_modified_time":"2025-05-13T07:58:17+00:00","og_image":[{"width":846,"height":458,"url":"http:\/\/vuletech.com\/wp-content\/uploads\/2021\/07\/aaaaaa.png","type":"image\/png"}],"twitter_card":"summary_large_image","twitter_misc":{"Est. reading time":"6 minutes"},"schema":{"@context":"https:\/\/schema.org","@graph":[{"@type":"WebPage","@id":"http:\/\/vuletech.com\/product\/icomox-smartmesh-ip\/","url":"http:\/\/vuletech.com\/product\/icomox-smartmesh-ip\/","name":"ICOMOX\u2122 SMARTMESH IP - V\u0169 L\u00ea Tech","isPartOf":{"@id":"http:\/\/vuletech.com\/#website"},"primaryImageOfPage":{"@id":"http:\/\/vuletech.com\/product\/icomox-smartmesh-ip\/#primaryimage"},"image":{"@id":"http:\/\/vuletech.com\/product\/icomox-smartmesh-ip\/#primaryimage"},"thumbnailUrl":"https:\/\/vuletech.com\/wp-content\/uploads\/2021\/07\/aaaaaa.png","datePublished":"2025-05-13T07:57:51+00:00","dateModified":"2025-05-13T07:58:17+00:00","breadcrumb":{"@id":"http:\/\/vuletech.com\/product\/icomox-smartmesh-ip\/#breadcrumb"},"inLanguage":"en-US","potentialAction":[{"@type":"ReadAction","target":["http:\/\/vuletech.com\/product\/icomox-smartmesh-ip\/"]}]},{"@type":"ImageObject","inLanguage":"en-US","@id":"http:\/\/vuletech.com\/product\/icomox-smartmesh-ip\/#primaryimage","url":"https:\/\/vuletech.com\/wp-content\/uploads\/2021\/07\/aaaaaa.png","contentUrl":"https:\/\/vuletech.com\/wp-content\/uploads\/2021\/07\/aaaaaa.png","width":846,"height":458,"caption":"icomox shiratech"},{"@type":"BreadcrumbList","@id":"http:\/\/vuletech.com\/product\/icomox-smartmesh-ip\/#breadcrumb","itemListElement":[{"@type":"ListItem","position":1,"name":"Home","item":"https:\/\/vuletech.com\/en\/"},{"@type":"ListItem","position":2,"name":"Product","item":"https:\/\/vuletech.com\/product\/"},{"@type":"ListItem","position":3,"name":"ICOMOX\u2122 SMARTMESH IP"}]},{"@type":"WebSite","@id":"http:\/\/vuletech.com\/#website","url":"http:\/\/vuletech.com\/","name":"V\u0169 L\u00ea Tech","description":"Our Solution - Your Value","potentialAction":[{"@type":"SearchAction","target":{"@type":"EntryPoint","urlTemplate":"http:\/\/vuletech.com\/?s={search_term_string}"},"query-input":{"@type":"PropertyValueSpecification","valueRequired":true,"valueName":"search_term_string"}}],"inLanguage":"en-US"}]}},"_links":{"self":[{"href":"https:\/\/vuletech.com\/en\/wp-json\/wp\/v2\/product\/9649","targetHints":{"allow":["GET"]}}],"collection":[{"href":"https:\/\/vuletech.com\/en\/wp-json\/wp\/v2\/product"}],"about":[{"href":"https:\/\/vuletech.com\/en\/wp-json\/wp\/v2\/types\/product"}],"replies":[{"embeddable":true,"href":"https:\/\/vuletech.com\/en\/wp-json\/wp\/v2\/comments?post=9649"}],"wp:featuredmedia":[{"embeddable":true,"href":"https:\/\/vuletech.com\/en\/wp-json\/wp\/v2\/media\/4063"}],"wp:attachment":[{"href":"https:\/\/vuletech.com\/en\/wp-json\/wp\/v2\/media?parent=9649"}],"wp:term":[{"taxonomy":"product_brand","embeddable":true,"href":"https:\/\/vuletech.com\/en\/wp-json\/wp\/v2\/product_brand?post=9649"},{"taxonomy":"product_cat","embeddable":true,"href":"https:\/\/vuletech.com\/en\/wp-json\/wp\/v2\/product_cat?post=9649"},{"taxonomy":"product_tag","embeddable":true,"href":"https:\/\/vuletech.com\/en\/wp-json\/wp\/v2\/product_tag?post=9649"}],"curies":[{"name":"wp","href":"https:\/\/api.w.org\/{rel}","templated":true}]}}