{"id":9650,"date":"2025-05-13T15:13:09","date_gmt":"2025-05-13T08:13:09","guid":{"rendered":"https:\/\/vuletech.com\/product\/mobile-barcode-sdk\/"},"modified":"2025-05-13T15:14:01","modified_gmt":"2025-05-13T08:14:01","slug":"mobile-barcode-sdk","status":"publish","type":"product","link":"https:\/\/vuletech.com\/en\/product\/mobile-barcode-sdk\/","title":{"rendered":"Mobile Barcode SDK"},"content":{"rendered":"<div class=\"wpb-content-wrapper\"><p>[vc_row css=&#8221;.vc_custom_1596784114672{padding-top: 50px !important;padding-bottom: 50px !important;}&#8221;][vc_column width=&#8221;1\/2&#8243;][vc_custom_heading text=&#8221;T\u00ednh n\u0103ng SDK m\u00e3 v\u1ea1ch di \u0111\u1ed9ng Cognex&#8221; use_theme_fonts=&#8221;yes&#8221;][vc_column_text]<\/p>\n<p style=\"background: white;\"><span style=\"color: black;\">Cho d\u00f9 ph\u00e1t tri\u1ec3n \u1ee9ng d\u1ee5ng \u0111\u1ecdc m\u00e3 v\u1ea1ch \u0111\u1ec3 ki\u1ec3m k\u00ea, ph\u00e2n ph\u1ed1i g\u00f3i, qu\u00e9t ID b\u1ec7nh nh\u00e2n, ki\u1ec3m tra xe ho\u1eb7c m\u00f4i tr\u01b0\u1eddng nh\u00e0 kho v\u00e0 s\u00e0n nh\u00e0 m\u00e1y, B\u1ed9 c\u00f4ng c\u1ee5 ph\u00e1t tri\u1ec3n ph\u1ea7n m\u1ec1m m\u00e3 v\u1ea1ch Mobile cung c\u1ea5p ch\u1ee9c n\u0103ng qu\u00e9t m\u00e3 v\u1ea1ch c\u1ea5p doanh nghi\u1ec7p trong m\u1ed9t gi\u1ea3i ph\u00e1p h\u1ee3p nh\u1ea5t. S\u1ea3n ph\u1ea9m c\u00f3 th\u1ec3 \u0111\u01b0\u1ee3c s\u1eed d\u1ee5ng v\u1edbi b\u1ea5t k\u1ef3 \u0111\u1ea7u \u0111\u1ecdc \u0111\u01b0\u1ee3c h\u1ed7 tr\u1ee3 n\u00e0o: m\u00e1y \u1ea3nh t\u00edch h\u1ee3p tr\u00ean \u0111i\u1ec7n tho\u1ea1i th\u00f4ng minh ho\u1eb7c m\u00e1y t\u00ednh b\u1ea3ng, \u0111\u1ea7u \u0111\u1ecdc m\u00e3 v\u1ea1ch di \u0111\u1ed9ng MX Series, thi\u1ebft b\u1ecb \u0111\u1ea7u cu\u1ed1i di \u0111\u1ed9ng MX Series v\u00e0 th\u1eadm ch\u00ed c\u1ea3 c\u00e1c h\u1ec7 th\u1ed1ng nh\u00fang. SDK l\u00e0 m\u00e3 v\u1ea1ch di \u0111\u1ed9ng k\u1ebft h\u1ee3p c\u00f4ng ngh\u1ec7 DataMan SDK\u00a0 v\u1edbi SDK m\u00e3 v\u1ea1ch di \u0111\u1ed9ng Manatee Works h\u00e0ng \u0111\u1ea7u trong ng\u00e0nh, t\u1ea1o ra m\u1ed9t c\u00f4ng c\u1ee5 ph\u1ea7n m\u1ec1m t\u1ed1t nh\u1ea5t cho t\u1ea5t c\u1ea3 c\u00e1c kh\u00eda c\u1ea1nh c\u1ee7a qu\u00e9t m\u00e3 v\u1ea1ch di \u0111\u1ed9ng.<\/span><\/p>\n<p style=\"background: white;\"><span style=\"color: black;\">SDK m\u00e3 v\u1ea1ch di \u0111\u1ed9ng Cognex l\u00e0 c\u00f4ng ngh\u1ec7 \u0111\u1ecdc m\u00e3 v\u1ea1ch \u0111\u00e1ng tin c\u1eady nh\u1ea5t c\u00f3 s\u1eb5n cho c\u00e1c \u1ee9ng d\u1ee5ng di \u0111\u1ed9ng v\u00e0 t\u00edch h\u1ee3p \u0111i\u1ec7n tho\u1ea1i th\u00f4ng minh, b\u1ea5t k\u1ec3 n\u1ec1n t\u1ea3ng, khung ph\u00e1t tri\u1ec3n ho\u1eb7c k\u00fd hi\u1ec7u m\u00e3 v\u1ea1ch.\u00a0L\u00e0 m\u1ed9t c\u00f4ng c\u1ee5 \u0111\u01b0\u1ee3c ph\u00e1t tri\u1ec3n v\u1edbi c\u00e1c ng\u00e0nh c\u00f4ng nghi\u1ec7p h\u1eadu c\u1ea7n, s\u1ea3n xu\u1ea5t, ch\u0103m s\u00f3c s\u1ee9c kh\u1ecfe, b\u00e1n l\u1ebb v\u00e0 d\u1ecbch v\u1ee5 th\u01b0\u01a1ng m\u1ea1i, n\u00f3 \u0111\u01b0\u1ee3c x\u00e2y d\u1ef1ng v\u1edbi hi\u1ec7u qu\u1ea3 cho ng\u01b0\u1eddi d\u00f9ng cu\u1ed1i, c\u0169ng nh\u01b0 \u0111\u01a1n gi\u1ea3n cho nh\u00e0 ph\u00e1t tri\u1ec3n \u1ee9ng d\u1ee5ng<\/span><\/p>\n<p>[\/vc_column_text][\/vc_column][vc_column width=&#8221;1\/2&#8243;][vc_single_image image=&#8221;496&#8243; img_size=&#8221;full&#8221; alignment=&#8221;center&#8221;][\/vc_column][\/vc_row][vc_row full_width=&#8221;stretch_row&#8221; css=&#8221;.vc_custom_1596784182292{padding-top: 50px !important;padding-bottom: 50px !important;background-color: #f9f9f9 !important;}&#8221;][vc_column width=&#8221;1\/2&#8243;][vc_single_image image=&#8221;495&#8243; img_size=&#8221;full&#8221; alignment=&#8221;center&#8221;][\/vc_column][vc_column width=&#8221;1\/2&#8243;][vc_custom_heading text=&#8221;H\u1ed7 tr\u1ee3 m\u1ed9t lo\u1ea1t c\u00e1c k\u00fd hi\u1ec7u v\u00e0 n\u1ec1n t\u1ea3ng&#8221; use_theme_fonts=&#8221;yes&#8221;][vc_column_text]<\/p>\n<p style=\"background: white;\"><span style=\"color: black;\">SDK l\u00e0 m\u00e3 v\u1ea1ch di \u0111\u1ed9ng c\u00f3 s\u1eb5n cho iOS, Android, Windows, Mac OS X v\u00e0 Linux, v\u1edbi s\u1ef1 h\u1ed7 tr\u1ee3 cho c\u00e1c m\u00f4i tr\u01b0\u1eddng nh\u01b0 Swift v\u00e0 Ionic c\u0169ng nh\u01b0 c\u00e1c c\u00f4ng c\u1ee5 \u0111a n\u1ec1n t\u1ea3ng bao g\u1ed3m Cordova, Xamarin, React Native v\u00e0 NativeScript. SDK c\u00f3 th\u1ec3 \u0111\u1ecdc h\u01a1n 20 k\u00fd hi\u1ec7u m\u00e3 v\u1ea1ch 1D v\u00e0 2D kh\u00e1c nhau \u0111\u01b0\u1ee3c s\u1eed d\u1ee5ng trong nhi\u1ec1u ng\u00e0nh c\u00f4ng nghi\u1ec7p, bao g\u1ed3m UPC \/ EAN, Codabar, Interleaved 2 of 5, M\u00e3 11, M\u00e3 25, M\u00e3 39, M\u00e3 93, M\u00e3 128, POSTNET, PLANET , IMb, Royal Mail Code, GS1 DataBar, MSI Plessey, Telepen, Data Matrix, QR, Micro QR, PDF417, MicroPDF417, MaxiCode, Aztec v\u00e0 DotCode.<\/span><\/p>\n<p>[\/vc_column_text][\/vc_column][\/vc_row][vc_row css=&#8221;.vc_custom_1596784114672{padding-top: 50px !important;padding-bottom: 50px !important;}&#8221;][vc_column width=&#8221;1\/2&#8243;][vc_custom_heading text=&#8221;D\u1ec5 s\u1eed d\u1ee5ng&#8221; use_theme_fonts=&#8221;yes&#8221;][vc_column_text]<\/p>\n<p style=\"background: white;\"><span style=\"color: black;\">V\u1edbi m\u00e3 v\u1ea1ch di \u0111\u1ed9ng SDK, doanh nghi\u1ec7p kh\u00f4ng c\u00f2n c\u1ea7n thi\u1ebft ph\u1ea3i ph\u00e1t tri\u1ec3n c\u00e1c \u1ee9ng d\u1ee5ng ri\u00eang bi\u1ec7t v\u00e0 qu\u1ea3n l\u00fd nhi\u1ec1u gi\u1ea3i ph\u00e1p ph\u1ea7n m\u1ec1m v\u00e0 ph\u1ea7n c\u1ee9ng \u0111\u1ec3 \u0111\u1ecdc m\u00e3 v\u1ea1ch thi\u1ebft b\u1ecb di \u0111\u1ed9ng. SDK cung c\u1ea5p cho c\u00e1c doanh nghi\u1ec7p m\u1ed9t b\u1ed9 c\u00f4ng c\u1ee5 ti\u1ec7n \u00edch cho ph\u00e9p ki\u1ec3m so\u00e1t t\u1ed1i \u0111a tr\u1ea3i nghi\u1ec7m ng\u01b0\u1eddi d\u00f9ng. N\u00f3 cung c\u1ea5p m\u1ed9t giao di\u1ec7n cao c\u1ea5p, \u0111\u01a1n gi\u1ea3n \u0111\u1ec3 s\u1eed d\u1ee5ng cho t\u1ea5t c\u1ea3 qu\u1ea3n l\u00fd thi\u1ebft b\u1ecb, cho d\u00f9 s\u1eed d\u1ee5ng \u0111i\u1ec7n tho\u1ea1i th\u00f4ng minh ho\u1eb7c m\u00e1y t\u00ednh b\u1ea3ng ho\u1eb7c thi\u1ebft b\u1ecb \u0111\u1ea7u cu\u1ed1i di \u0111\u1ed9ng ch\u1eafc ch\u1eafn.<\/span><\/p>\n<p>[\/vc_column_text][\/vc_column][vc_column width=&#8221;1\/2&#8243;][vc_single_image image=&#8221;497&#8243; img_size=&#8221;full&#8221; alignment=&#8221;center&#8221;][\/vc_column][\/vc_row][vc_row full_width=&#8221;stretch_row&#8221; css=&#8221;.vc_custom_1596784182292{padding-top: 50px !important;padding-bottom: 50px !important;background-color: #f9f9f9 !important;}&#8221;][vc_column width=&#8221;1\/2&#8243;][vc_single_image image=&#8221;494&#8243; img_size=&#8221;full&#8221; alignment=&#8221;center&#8221;][\/vc_column][vc_column width=&#8221;1\/2&#8243;][vc_custom_heading text=&#8221;Hi\u1ec7u su\u1ea5t \u0111\u1ecdc m\u00e3 v\u1ea1ch di \u0111\u1ed9ng \u0111\u00e1ng tin c\u1eady&#8221; use_theme_fonts=&#8221;yes&#8221;][vc_column_text]<\/p>\n<p style=\"margin-right: 11.7pt; background: white;\">M\u00e3 v\u1ea1ch di \u0111\u1ed9ng SKD \u0111\u01b0\u1ee3c \u0111i\u1ec1u ch\u1ec9nh \u0111\u1ec3 cung c\u1ea5p kh\u1ea3 n\u0103ng \u0111\u1ecdc m\u00e3 v\u1ea1ch nhanh v\u00e0 \u0111\u00e1ng tin c\u1eady cho \u0111i\u1ec7n tho\u1ea1i th\u00f4ng minh v\u00e0 m\u00e1y t\u00ednh b\u1ea3ng c\u0169ng nh\u01b0 \u0111\u1ea7u \u0111\u1ecdc m\u00e3 v\u1ea1ch MX-100 cho ng\u00e0nh c\u00f4ng nghi\u1ec7p nh\u1eb9. \u0110\u1ed1i v\u1edbi c\u00e1c m\u00e3 b\u1ecb h\u1ecfng, \u0111i\u1ec1u ki\u1ec7n \u00e1nh s\u00e1ng kh\u00f3 kh\u0103n ho\u1eb7c m\u00f4i tr\u01b0\u1eddng kh\u1eafc nghi\u1ec7t, SDK Cognex c\u00f3 th\u1ec3 t\u1eadn d\u1ee5ng s\u1ee9c m\u1ea1nh c\u1ee7a c\u00e1c thi\u1ebft b\u1ecb \u0111\u1ea7u cu\u1ed1i di \u0111\u1ed9ng MX Series hi\u1ec7u su\u1ea5t cao, b\u1ec1n ch\u1eafc .<\/p>\n<p>[\/vc_column_text][\/vc_column][\/vc_row]<\/p>\n<\/div>","protected":false},"excerpt":{"rendered":"<p>[vc_row css=&#8221;.vc_custom_1596784114672{padding-top: 50px !important;padding-bottom: 50px !important;}&#8221;][vc_column width=&#8221;1\/2&#8243;][vc_custom_heading text=&#8221;T\u00ednh n\u0103ng SDK m\u00e3 v\u1ea1ch di \u0111\u1ed9ng Cognex&#8221; use_theme_fonts=&#8221;yes&#8221;][vc_column_text] Cho d\u00f9 ph\u00e1t tri\u1ec3n \u1ee9ng d\u1ee5ng \u0111\u1ecdc m\u00e3 v\u1ea1ch \u0111\u1ec3 ki\u1ec3m k\u00ea, ph\u00e2n ph\u1ed1i g\u00f3i, qu\u00e9t ID b\u1ec7nh nh\u00e2n, ki\u1ec3m tra xe ho\u1eb7c m\u00f4i tr\u01b0\u1eddng nh\u00e0 kho v\u00e0 s\u00e0n nh\u00e0 m\u00e1y, B\u1ed9 c\u00f4ng c\u1ee5 ph\u00e1t tri\u1ec3n ph\u1ea7n m\u1ec1m m\u00e3<\/p>\n","protected":false},"featured_media":497,"comment_status":"closed","ping_status":"closed","template":"","meta":[],"product_brand":[],"product_cat":[791,723],"product_tag":[],"class_list":{"0":"post-9650","1":"product","2":"type-product","3":"status-publish","4":"has-post-thumbnail","6":"product_cat-giai-phap-doc-ma-vach-di-dong","7":"product_cat-vision-sensor","9":"first","10":"instock","11":"product-type-simple"},"acf":[],"yoast_head":"<!-- This site is optimized with the Yoast SEO plugin v25.1 - https:\/\/yoast.com\/wordpress\/plugins\/seo\/ -->\n<title>Mobile Barcode SDK - V\u0169 L\u00ea Tech<\/title>\n<meta name=\"robots\" content=\"index, follow, max-snippet:-1, max-image-preview:large, max-video-preview:-1\" \/>\n<link rel=\"canonical\" href=\"https:\/\/vuletech.com\/product\/mobile-barcode-sdk\/\" \/>\n<meta property=\"og:locale\" content=\"en_US\" \/>\n<meta property=\"og:type\" content=\"article\" \/>\n<meta property=\"og:title\" content=\"Mobile Barcode SDK - V\u0169 L\u00ea Tech\" \/>\n<meta property=\"og:description\" content=\"[vc_row css=&#8221;.vc_custom_1596784114672{padding-top: 50px !important;padding-bottom: 50px !important;}&#8221;][vc_column width=&#8221;1\/2&#8243;][vc_custom_heading text=&#8221;T\u00ednh n\u0103ng SDK m\u00e3 v\u1ea1ch di \u0111\u1ed9ng Cognex&#8221; use_theme_fonts=&#8221;yes&#8221;][vc_column_text] Cho d\u00f9 ph\u00e1t tri\u1ec3n \u1ee9ng d\u1ee5ng \u0111\u1ecdc m\u00e3 v\u1ea1ch \u0111\u1ec3 ki\u1ec3m k\u00ea, ph\u00e2n ph\u1ed1i g\u00f3i, qu\u00e9t ID b\u1ec7nh nh\u00e2n, ki\u1ec3m tra xe ho\u1eb7c m\u00f4i tr\u01b0\u1eddng nh\u00e0 kho v\u00e0 s\u00e0n nh\u00e0 m\u00e1y, B\u1ed9 c\u00f4ng c\u1ee5 ph\u00e1t tri\u1ec3n ph\u1ea7n m\u1ec1m m\u00e3\" \/>\n<meta property=\"og:url\" content=\"https:\/\/vuletech.com\/product\/mobile-barcode-sdk\/\" \/>\n<meta property=\"og:site_name\" content=\"V\u0169 L\u00ea Tech\" \/>\n<meta property=\"article:modified_time\" content=\"2025-05-13T08:14:01+00:00\" \/>\n<meta property=\"og:image\" content=\"https:\/\/vuletech.com\/wp-content\/uploads\/2020\/08\/d\u1ec5-s\u1eed-d\u1ee5ng.jpg\" \/>\n\t<meta property=\"og:image:width\" content=\"365\" \/>\n\t<meta property=\"og:image:height\" content=\"200\" \/>\n\t<meta property=\"og:image:type\" content=\"image\/jpeg\" \/>\n<meta name=\"twitter:card\" content=\"summary_large_image\" \/>\n<meta name=\"twitter:label1\" content=\"Est. reading time\" \/>\n\t<meta name=\"twitter:data1\" content=\"5 minutes\" \/>\n<script type=\"application\/ld+json\" class=\"yoast-schema-graph\">{\"@context\":\"https:\/\/schema.org\",\"@graph\":[{\"@type\":\"WebPage\",\"@id\":\"https:\/\/vuletech.com\/product\/mobile-barcode-sdk\/\",\"url\":\"https:\/\/vuletech.com\/product\/mobile-barcode-sdk\/\",\"name\":\"Mobile Barcode SDK - V\u0169 L\u00ea Tech\",\"isPartOf\":{\"@id\":\"http:\/\/vuletech.com\/#website\"},\"primaryImageOfPage\":{\"@id\":\"https:\/\/vuletech.com\/product\/mobile-barcode-sdk\/#primaryimage\"},\"image\":{\"@id\":\"https:\/\/vuletech.com\/product\/mobile-barcode-sdk\/#primaryimage\"},\"thumbnailUrl\":\"https:\/\/vuletech.com\/wp-content\/uploads\/2020\/08\/d\u1ec5-s\u1eed-d\u1ee5ng.jpg\",\"datePublished\":\"2025-05-13T08:13:09+00:00\",\"dateModified\":\"2025-05-13T08:14:01+00:00\",\"breadcrumb\":{\"@id\":\"https:\/\/vuletech.com\/product\/mobile-barcode-sdk\/#breadcrumb\"},\"inLanguage\":\"en-US\",\"potentialAction\":[{\"@type\":\"ReadAction\",\"target\":[\"https:\/\/vuletech.com\/product\/mobile-barcode-sdk\/\"]}]},{\"@type\":\"ImageObject\",\"inLanguage\":\"en-US\",\"@id\":\"https:\/\/vuletech.com\/product\/mobile-barcode-sdk\/#primaryimage\",\"url\":\"https:\/\/vuletech.com\/wp-content\/uploads\/2020\/08\/d\u1ec5-s\u1eed-d\u1ee5ng.jpg\",\"contentUrl\":\"https:\/\/vuletech.com\/wp-content\/uploads\/2020\/08\/d\u1ec5-s\u1eed-d\u1ee5ng.jpg\",\"width\":365,\"height\":200},{\"@type\":\"BreadcrumbList\",\"@id\":\"https:\/\/vuletech.com\/product\/mobile-barcode-sdk\/#breadcrumb\",\"itemListElement\":[{\"@type\":\"ListItem\",\"position\":1,\"name\":\"Home\",\"item\":\"http:\/\/vuletech.com\/en\/\"},{\"@type\":\"ListItem\",\"position\":2,\"name\":\"Product\",\"item\":\"http:\/\/vuletech.com\/product\/\"},{\"@type\":\"ListItem\",\"position\":3,\"name\":\"Mobile Barcode SDK\"}]},{\"@type\":\"WebSite\",\"@id\":\"http:\/\/vuletech.com\/#website\",\"url\":\"http:\/\/vuletech.com\/\",\"name\":\"V\u0169 L\u00ea Tech\",\"description\":\"Our Solution - Your Value\",\"potentialAction\":[{\"@type\":\"SearchAction\",\"target\":{\"@type\":\"EntryPoint\",\"urlTemplate\":\"http:\/\/vuletech.com\/?s={search_term_string}\"},\"query-input\":{\"@type\":\"PropertyValueSpecification\",\"valueRequired\":true,\"valueName\":\"search_term_string\"}}],\"inLanguage\":\"en-US\"}]}<\/script>\n<!-- \/ Yoast SEO plugin. -->","yoast_head_json":{"title":"Mobile Barcode SDK - V\u0169 L\u00ea Tech","robots":{"index":"index","follow":"follow","max-snippet":"max-snippet:-1","max-image-preview":"max-image-preview:large","max-video-preview":"max-video-preview:-1"},"canonical":"https:\/\/vuletech.com\/product\/mobile-barcode-sdk\/","og_locale":"en_US","og_type":"article","og_title":"Mobile Barcode SDK - V\u0169 L\u00ea Tech","og_description":"[vc_row css=&#8221;.vc_custom_1596784114672{padding-top: 50px !important;padding-bottom: 50px !important;}&#8221;][vc_column width=&#8221;1\/2&#8243;][vc_custom_heading text=&#8221;T\u00ednh n\u0103ng SDK m\u00e3 v\u1ea1ch di \u0111\u1ed9ng Cognex&#8221; use_theme_fonts=&#8221;yes&#8221;][vc_column_text] Cho d\u00f9 ph\u00e1t tri\u1ec3n \u1ee9ng d\u1ee5ng \u0111\u1ecdc m\u00e3 v\u1ea1ch \u0111\u1ec3 ki\u1ec3m k\u00ea, ph\u00e2n ph\u1ed1i g\u00f3i, qu\u00e9t ID b\u1ec7nh nh\u00e2n, ki\u1ec3m tra xe ho\u1eb7c m\u00f4i tr\u01b0\u1eddng nh\u00e0 kho v\u00e0 s\u00e0n nh\u00e0 m\u00e1y, B\u1ed9 c\u00f4ng c\u1ee5 ph\u00e1t tri\u1ec3n ph\u1ea7n m\u1ec1m m\u00e3","og_url":"https:\/\/vuletech.com\/product\/mobile-barcode-sdk\/","og_site_name":"V\u0169 L\u00ea Tech","article_modified_time":"2025-05-13T08:14:01+00:00","og_image":[{"width":365,"height":200,"url":"https:\/\/vuletech.com\/wp-content\/uploads\/2020\/08\/d\u1ec5-s\u1eed-d\u1ee5ng.jpg","type":"image\/jpeg"}],"twitter_card":"summary_large_image","twitter_misc":{"Est. reading time":"5 minutes"},"schema":{"@context":"https:\/\/schema.org","@graph":[{"@type":"WebPage","@id":"https:\/\/vuletech.com\/product\/mobile-barcode-sdk\/","url":"https:\/\/vuletech.com\/product\/mobile-barcode-sdk\/","name":"Mobile Barcode SDK - V\u0169 L\u00ea Tech","isPartOf":{"@id":"http:\/\/vuletech.com\/#website"},"primaryImageOfPage":{"@id":"https:\/\/vuletech.com\/product\/mobile-barcode-sdk\/#primaryimage"},"image":{"@id":"https:\/\/vuletech.com\/product\/mobile-barcode-sdk\/#primaryimage"},"thumbnailUrl":"https:\/\/vuletech.com\/wp-content\/uploads\/2020\/08\/d\u1ec5-s\u1eed-d\u1ee5ng.jpg","datePublished":"2025-05-13T08:13:09+00:00","dateModified":"2025-05-13T08:14:01+00:00","breadcrumb":{"@id":"https:\/\/vuletech.com\/product\/mobile-barcode-sdk\/#breadcrumb"},"inLanguage":"en-US","potentialAction":[{"@type":"ReadAction","target":["https:\/\/vuletech.com\/product\/mobile-barcode-sdk\/"]}]},{"@type":"ImageObject","inLanguage":"en-US","@id":"https:\/\/vuletech.com\/product\/mobile-barcode-sdk\/#primaryimage","url":"https:\/\/vuletech.com\/wp-content\/uploads\/2020\/08\/d\u1ec5-s\u1eed-d\u1ee5ng.jpg","contentUrl":"https:\/\/vuletech.com\/wp-content\/uploads\/2020\/08\/d\u1ec5-s\u1eed-d\u1ee5ng.jpg","width":365,"height":200},{"@type":"BreadcrumbList","@id":"https:\/\/vuletech.com\/product\/mobile-barcode-sdk\/#breadcrumb","itemListElement":[{"@type":"ListItem","position":1,"name":"Home","item":"http:\/\/vuletech.com\/en\/"},{"@type":"ListItem","position":2,"name":"Product","item":"http:\/\/vuletech.com\/product\/"},{"@type":"ListItem","position":3,"name":"Mobile Barcode SDK"}]},{"@type":"WebSite","@id":"http:\/\/vuletech.com\/#website","url":"http:\/\/vuletech.com\/","name":"V\u0169 L\u00ea Tech","description":"Our Solution - Your Value","potentialAction":[{"@type":"SearchAction","target":{"@type":"EntryPoint","urlTemplate":"http:\/\/vuletech.com\/?s={search_term_string}"},"query-input":{"@type":"PropertyValueSpecification","valueRequired":true,"valueName":"search_term_string"}}],"inLanguage":"en-US"}]}},"_links":{"self":[{"href":"https:\/\/vuletech.com\/en\/wp-json\/wp\/v2\/product\/9650","targetHints":{"allow":["GET"]}}],"collection":[{"href":"https:\/\/vuletech.com\/en\/wp-json\/wp\/v2\/product"}],"about":[{"href":"https:\/\/vuletech.com\/en\/wp-json\/wp\/v2\/types\/product"}],"replies":[{"embeddable":true,"href":"https:\/\/vuletech.com\/en\/wp-json\/wp\/v2\/comments?post=9650"}],"wp:featuredmedia":[{"embeddable":true,"href":"https:\/\/vuletech.com\/en\/wp-json\/wp\/v2\/media\/497"}],"wp:attachment":[{"href":"https:\/\/vuletech.com\/en\/wp-json\/wp\/v2\/media?parent=9650"}],"wp:term":[{"taxonomy":"product_brand","embeddable":true,"href":"https:\/\/vuletech.com\/en\/wp-json\/wp\/v2\/product_brand?post=9650"},{"taxonomy":"product_cat","embeddable":true,"href":"https:\/\/vuletech.com\/en\/wp-json\/wp\/v2\/product_cat?post=9650"},{"taxonomy":"product_tag","embeddable":true,"href":"https:\/\/vuletech.com\/en\/wp-json\/wp\/v2\/product_tag?post=9650"}],"curies":[{"name":"wp","href":"https:\/\/api.w.org\/{rel}","templated":true}]}}